{"id":4602,"date":"2024-12-05T12:23:28","date_gmt":"2024-12-05T12:23:28","guid":{"rendered":"https:\/\/dosingpump.shop\/product\/doseerpomp-voor-butylacetaat\/"},"modified":"2026-02-27T14:49:38","modified_gmt":"2026-02-27T12:49:38","slug":"bomba-doseadora-para-acetato-de-butilo","status":"publish","type":"product","link":"https:\/\/dosingpump.shop\/pt\/product\/doseerpomp-voor-butylacetaat\/","title":{"rendered":"Bomba doseadora para acetato de butilo"},"content":{"rendered":"<h2>Bomba doseadora para acetato de butilo<\/h2>\n<p>Esta bomba doseadora Emec de alta qualidade \u00e9 adequada para a dosagem de acetato de butilo. Selecion\u00e1mos esta bomba devido \u00e0 boa resist\u00eancia dos materiais utilizados para este produto. Isto garante uma <b>longa dura\u00e7\u00e3o<\/b> e um ambiente de trabalho seguro.<\/p>\n<p>A bomba doseadora KCL plus 08-08 tem uma <b>volume de curso ajust\u00e1vel e frequ\u00eancia de curso ajust\u00e1vel<\/b>. Esta bomba qu\u00edmica \u00e9 assim <b>regula\u00e7\u00e3o muito precisa<\/b>.<\/p>\n<p>A bomba \u00e9 fornecida muito completa. Assim, est\u00e3o inclu\u00eddos um filtro de aspira\u00e7\u00e3o e uma v\u00e1lvula de inje\u00e7\u00e3o.<\/p>\n<p>A KCL plus 08-08 pode dosear at\u00e9 8 litros por hora a uma press\u00e3o de 8 bar. A bomba \u00e9 ajust\u00e1vel manualmente e pode ser opcionalmente controlada atrav\u00e9s da tens\u00e3o de alimenta\u00e7\u00e3o de 230V. Naturalmente, est\u00e3o tamb\u00e9m dispon\u00edveis outros modelos de bombas doseadoras.<\/p>\n<h3>Outros modelos Bomba doseadora para acetato de butilo<\/h3>\n<p>Esta bomba doseadora est\u00e1 dispon\u00edvel em v\u00e1rias vers\u00f5es. Por exemplo, \u00e9 poss\u00edvel fornecer uma vers\u00e3o MF que pode ser controlada atrav\u00e9s de 4-20 mA, impulsos ou 0-10V. Um caudal superior tamb\u00e9m n\u00e3o \u00e9 problema. \u00c9 poss\u00edvel fornecer uma bomba que pode controlar at\u00e9 <b>1.000 litros por hora<\/b> pode dosear. Em termos de press\u00e3o ou tens\u00e3o de alimenta\u00e7\u00e3o, existem tamb\u00e9m mais op\u00e7\u00f5es, como \u00e9 \u00f3bvio.<\/p>\n<h3>Que materiais recomendamos para a dosagem do acetato de butilo?<\/h3>\n<p>Na Dosing Pump Shop dispomos de uma vasta gama de pe\u00e7as para bombas doseadoras em diversos materiais, pelo que podemos personalizar qualquer bomba doseadora com a resist\u00eancia adequada. Para a dosagem de Aceetalde\u00eddo, recomendamos as seguintes pe\u00e7as e materiais:<\/p>\n<p><b>Cabe\u00e7a da bomba<\/b><\/p>\n<ul>\n<li>PVDF<\/li>\n<li>A\u00e7o inoxid\u00e1vel (SS 316)<\/li>\n<\/ul>\n<p><b>Anel de veda\u00e7\u00e3o<\/b><\/p>\n<ul>\n<li>EPDM, resist\u00eancia limitada<\/li>\n<\/ul>\n<p><b>Membrana<\/b><\/p>\n<ul>\n<li>PFTE (Teflon)<\/li>\n<\/ul>\n<p><b>Mangueira de dosagem<\/b><\/p>\n<ul>\n<li>PVDF<\/li>\n<\/ul>\n<p><em>As pe\u00e7as com resist\u00eancia limitada ao Aceetalde\u00eddo s\u00e3o resistentes, mas n\u00e3o se esque\u00e7a de que ter\u00e1 de substituir esta pe\u00e7a mais regularmente.<\/em><\/p>\n<h3>Curioso sobre as possibilidades?<\/h3>\n<p>A forma mais conveniente \u00e9 entrar em contacto connosco. Podemos ent\u00e3o traduzir os seus requisitos para chegar \u00e0 bomba doseadora certa para o acetato de butilo!<\/p>","protected":false},"excerpt":{"rendered":"<p>Para um doseamento seguro e preciso do acetato de butilo (CH3COOC4H9). Desde aplica\u00e7\u00f5es de doseamento preciso (10 ml\/hora) a grandes aplica\u00e7\u00f5es at\u00e9 1.000 litros por hora (dependendo da vers\u00e3o).<\/p>\n<p>Vers\u00e3o: K CL PLUS 08-08 ou similar.<br \/>Precisa de outra vers\u00e3o? Solicite um or\u00e7amento!<\/p>","protected":false},"featured_media":4072,"template":"","meta":[],"product_brand":[],"product_cat":[94],"product_tag":[],"class_list":{"0":"post-4602","1":"product","2":"type-product","3":"status-publish","4":"has-post-thumbnail","6":"product_cat-chemical-compatibility","8":"first","9":"instock","10":"taxable","11":"shipping-taxable","12":"purchasable","13":"product-type-simple"},"yoast_head":"<!-- This site is optimized with the Yoast SEO plugin v27.2 - https:\/\/yoast.com\/product\/yoast-seo-wordpress\/ -->\n<title>Doseerpomp voor Butylacetaat | Dosing Pump Shop B.V.<\/title>\n<meta name=\"description\" content=\"Nauwkeurige en betrouwbare Doseerpomp voor Butylacetaat voor diverse industri\u00eble toepassingen. Eenvoudige installatie en onderhoud.\" \/>\n<meta name=\"robots\" content=\"index, follow, max-snippet:-1, max-image-preview:large, max-video-preview:-1\" \/>\n<link rel=\"canonical\" href=\"https:\/\/dosingpump.shop\/pt\/produto\/bomba-doseadora-para-acetato-de-butilo\/\" \/>\n<meta property=\"og:locale\" content=\"pt_PT\" \/>\n<meta property=\"og:type\" content=\"article\" \/>\n<meta property=\"og:title\" content=\"Doseerpomp voor Butylacetaat | Dosing Pump Shop B.V.\" \/>\n<meta property=\"og:description\" content=\"Nauwkeurige en betrouwbare Doseerpomp voor Butylacetaat voor diverse industri\u00eble toepassingen. Eenvoudige installatie en onderhoud.\" \/>\n<meta property=\"og:url\" content=\"https:\/\/dosingpump.shop\/pt\/produto\/bomba-doseadora-para-acetato-de-butilo\/\" \/>\n<meta property=\"og:site_name\" content=\"Dosing Pump Shop B.V.\" \/>\n<meta property=\"article:modified_time\" content=\"2026-02-27T12:49:38+00:00\" \/>\n<meta property=\"og:image\" content=\"https:\/\/dosingpump.shop\/wp-content\/uploads\/2024\/12\/EMEC-K-SERIE-ANALOG-dosing-pump.webp\" \/>\n\t<meta property=\"og:image:width\" content=\"498\" \/>\n\t<meta property=\"og:image:height\" content=\"501\" \/>\n\t<meta property=\"og:image:type\" content=\"image\/webp\" \/>\n<meta name=\"twitter:card\" content=\"summary_large_image\" \/>\n<meta name=\"twitter:label1\" content=\"pre\u00e7o\" \/>\n\t<meta name=\"twitter:data1\" content=\"&euro;459,00\" \/>\n\t<meta name=\"twitter:label2\" content=\"Disponibilidade\" \/>\n\t<meta name=\"twitter:data2\" content=\"Em stock\" \/>\n<script type=\"application\/ld+json\" class=\"yoast-schema-graph\">{\"@context\":\"https:\/\/schema.org\",\"@graph\":[{\"@type\":\"WebPage\",\"@id\":\"https:\/\/dosingpump.shop\/pl\/produkt-2\/pompa-dozujaca-do-octanu-butylu\/\",\"url\":\"https:\/\/dosingpump.shop\/pl\/produkt-2\/pompa-dozujaca-do-octanu-butylu\/\",\"name\":\"Doseerpomp voor Butylacetaat | Dosing Pump Shop B.V.\",\"isPartOf\":{\"@id\":\"https:\/\/dosingpump.shop\/de\/#website\"},\"primaryImageOfPage\":{\"@id\":\"https:\/\/dosingpump.shop\/pl\/produkt-2\/pompa-dozujaca-do-octanu-butylu\/#primaryimage\"},\"image\":{\"@id\":\"https:\/\/dosingpump.shop\/pl\/produkt-2\/pompa-dozujaca-do-octanu-butylu\/#primaryimage\"},\"thumbnailUrl\":\"https:\/\/dosingpump.shop\/wp-content\/uploads\/2024\/12\/EMEC-K-SERIE-ANALOG-dosing-pump.webp\",\"datePublished\":\"2024-12-05T12:23:28+00:00\",\"dateModified\":\"2026-02-27T12:49:38+00:00\",\"description\":\"Nauwkeurige en betrouwbare Doseerpomp voor Butylacetaat voor diverse industri\u00eble toepassingen. Eenvoudige installatie en onderhoud.\",\"breadcrumb\":{\"@id\":\"https:\/\/dosingpump.shop\/pl\/produkt-2\/pompa-dozujaca-do-octanu-butylu\/#breadcrumb\"},\"inLanguage\":\"pt-PT\",\"potentialAction\":[{\"@type\":\"ReadAction\",\"target\":[\"https:\/\/dosingpump.shop\/pl\/produkt-2\/pompa-dozujaca-do-octanu-butylu\/\"]}]},{\"@type\":\"ImageObject\",\"inLanguage\":\"pt-PT\",\"@id\":\"https:\/\/dosingpump.shop\/pl\/produkt-2\/pompa-dozujaca-do-octanu-butylu\/#primaryimage\",\"url\":\"https:\/\/dosingpump.shop\/wp-content\/uploads\/2024\/12\/EMEC-K-SERIE-ANALOG-dosing-pump.webp\",\"contentUrl\":\"https:\/\/dosingpump.shop\/wp-content\/uploads\/2024\/12\/EMEC-K-SERIE-ANALOG-dosing-pump.webp\",\"width\":498,\"height\":501},{\"@type\":\"BreadcrumbList\",\"@id\":\"https:\/\/dosingpump.shop\/pl\/produkt-2\/pompa-dozujaca-do-octanu-butylu\/#breadcrumb\",\"itemListElement\":[{\"@type\":\"ListItem\",\"position\":1,\"name\":\"Home\",\"item\":\"https:\/\/dosingpump.shop\/\"},{\"@type\":\"ListItem\",\"position\":2,\"name\":\"Shop\",\"item\":\"https:\/\/dosingpump.shop\/de\/shop\/\"},{\"@type\":\"ListItem\",\"position\":3,\"name\":\"Doseerpomp voor Butylacetaat\"}]},{\"@type\":\"WebSite\",\"@id\":\"https:\/\/dosingpump.shop\/de\/#website\",\"url\":\"https:\/\/dosingpump.shop\/de\/\",\"name\":\"Dosing Pump Shop B.V.\",\"description\":\"\",\"publisher\":{\"@id\":\"https:\/\/dosingpump.shop\/de\/#organization\"},\"potentialAction\":[{\"@type\":\"SearchAction\",\"target\":{\"@type\":\"EntryPoint\",\"urlTemplate\":\"https:\/\/dosingpump.shop\/de\/?s={search_term_string}\"},\"query-input\":{\"@type\":\"PropertyValueSpecification\",\"valueRequired\":true,\"valueName\":\"search_term_string\"}}],\"inLanguage\":\"pt-PT\"},{\"@type\":\"Organization\",\"@id\":\"https:\/\/dosingpump.shop\/de\/#organization\",\"name\":\"Dosing Pump Shop B.V.\",\"url\":\"https:\/\/dosingpump.shop\/de\/\",\"logo\":{\"@type\":\"ImageObject\",\"inLanguage\":\"pt-PT\",\"@id\":\"https:\/\/dosingpump.shop\/de\/#\/schema\/logo\/image\/\",\"url\":\"https:\/\/dosingpump.shop\/wp-content\/uploads\/2024\/10\/Dosing-Pump-Shop-logo.png\",\"contentUrl\":\"https:\/\/dosingpump.shop\/wp-content\/uploads\/2024\/10\/Dosing-Pump-Shop-logo.png\",\"width\":350,\"height\":45,\"caption\":\"Dosing Pump Shop B.V.\"},\"image\":{\"@id\":\"https:\/\/dosingpump.shop\/de\/#\/schema\/logo\/image\/\"},\"sameAs\":[\"https:\/\/linkedin.com\/company\/dosing-pump-shop\"]}]}<\/script>\n<meta property=\"product:price:amount\" content=\"459.00\" \/>\n<meta property=\"product:price:currency\" content=\"EUR\" \/>\n<meta property=\"og:availability\" content=\"instock\" \/>\n<meta property=\"product:availability\" content=\"instock\" \/>\n<meta property=\"product:retailer_item_id\" content=\"Butylacetaat\" \/>\n<meta property=\"product:condition\" content=\"new\" \/>\n<!-- \/ Yoast SEO plugin. -->","yoast_head_json":{"title":"Bomba doseadora para acetato de butilo | Dosing Pump Shop B.V.","description":"Bomba doseadora de acetato de butilo precisa e fi\u00e1vel para v\u00e1rias aplica\u00e7\u00f5es industriais. F\u00e1cil instala\u00e7\u00e3o e manuten\u00e7\u00e3o.","robots":{"index":"index","follow":"follow","max-snippet":"max-snippet:-1","max-image-preview":"max-image-preview:large","max-video-preview":"max-video-preview:-1"},"canonical":"https:\/\/dosingpump.shop\/pt\/produto\/bomba-doseadora-para-acetato-de-butilo\/","og_locale":"pt_PT","og_type":"article","og_title":"Doseerpomp voor Butylacetaat | Dosing Pump Shop B.V.","og_description":"Nauwkeurige en betrouwbare Doseerpomp voor Butylacetaat voor diverse industri\u00eble toepassingen. Eenvoudige installatie en onderhoud.","og_url":"https:\/\/dosingpump.shop\/pt\/produto\/bomba-doseadora-para-acetato-de-butilo\/","og_site_name":"Dosing Pump Shop B.V.","article_modified_time":"2026-02-27T12:49:38+00:00","og_image":[{"width":498,"height":501,"url":"https:\/\/dosingpump.shop\/wp-content\/uploads\/2024\/12\/EMEC-K-SERIE-ANALOG-dosing-pump.webp","type":"image\/webp"}],"twitter_card":"summary_large_image","twitter_misc":{"pre\u00e7o":"&euro;459,00","Disponibilidade":"Em stock"},"schema":{"@context":"https:\/\/schema.org","@graph":[{"@type":"WebPage","@id":"https:\/\/dosingpump.shop\/pl\/produkt-2\/pompa-dozujaca-do-octanu-butylu\/","url":"https:\/\/dosingpump.shop\/pl\/produkt-2\/pompa-dozujaca-do-octanu-butylu\/","name":"Bomba doseadora para acetato de butilo | Dosing Pump Shop B.V.","isPartOf":{"@id":"https:\/\/dosingpump.shop\/de\/#website"},"primaryImageOfPage":{"@id":"https:\/\/dosingpump.shop\/pl\/produkt-2\/pompa-dozujaca-do-octanu-butylu\/#primaryimage"},"image":{"@id":"https:\/\/dosingpump.shop\/pl\/produkt-2\/pompa-dozujaca-do-octanu-butylu\/#primaryimage"},"thumbnailUrl":"https:\/\/dosingpump.shop\/wp-content\/uploads\/2024\/12\/EMEC-K-SERIE-ANALOG-dosing-pump.webp","datePublished":"2024-12-05T12:23:28+00:00","dateModified":"2026-02-27T12:49:38+00:00","description":"Bomba doseadora de acetato de butilo precisa e fi\u00e1vel para v\u00e1rias aplica\u00e7\u00f5es industriais. F\u00e1cil instala\u00e7\u00e3o e manuten\u00e7\u00e3o.","breadcrumb":{"@id":"https:\/\/dosingpump.shop\/pl\/produkt-2\/pompa-dozujaca-do-octanu-butylu\/#breadcrumb"},"inLanguage":"pt-PT","potentialAction":[{"@type":"ReadAction","target":["https:\/\/dosingpump.shop\/pl\/produkt-2\/pompa-dozujaca-do-octanu-butylu\/"]}]},{"@type":"ImageObject","inLanguage":"pt-PT","@id":"https:\/\/dosingpump.shop\/pl\/produkt-2\/pompa-dozujaca-do-octanu-butylu\/#primaryimage","url":"https:\/\/dosingpump.shop\/wp-content\/uploads\/2024\/12\/EMEC-K-SERIE-ANALOG-dosing-pump.webp","contentUrl":"https:\/\/dosingpump.shop\/wp-content\/uploads\/2024\/12\/EMEC-K-SERIE-ANALOG-dosing-pump.webp","width":498,"height":501},{"@type":"BreadcrumbList","@id":"https:\/\/dosingpump.shop\/pl\/produkt-2\/pompa-dozujaca-do-octanu-butylu\/#breadcrumb","itemListElement":[{"@type":"ListItem","position":1,"name":"Home","item":"https:\/\/dosingpump.shop\/"},{"@type":"ListItem","position":2,"name":"Shop","item":"https:\/\/dosingpump.shop\/de\/shop\/"},{"@type":"ListItem","position":3,"name":"Doseerpomp voor Butylacetaat"}]},{"@type":"WebSite","@id":"https:\/\/dosingpump.shop\/de\/#website","url":"https:\/\/dosingpump.shop\/de\/","name":"Dosing Pump Shop B.V.","description":"","publisher":{"@id":"https:\/\/dosingpump.shop\/de\/#organization"},"potentialAction":[{"@type":"SearchAction","target":{"@type":"EntryPoint","urlTemplate":"https:\/\/dosingpump.shop\/de\/?s={search_term_string}"},"query-input":{"@type":"PropertyValueSpecification","valueRequired":true,"valueName":"search_term_string"}}],"inLanguage":"pt-PT"},{"@type":"Organization","@id":"https:\/\/dosingpump.shop\/de\/#organization","name":"Dosing Pump Shop B.V.","url":"https:\/\/dosingpump.shop\/de\/","logo":{"@type":"ImageObject","inLanguage":"pt-PT","@id":"https:\/\/dosingpump.shop\/de\/#\/schema\/logo\/image\/","url":"https:\/\/dosingpump.shop\/wp-content\/uploads\/2024\/10\/Dosing-Pump-Shop-logo.png","contentUrl":"https:\/\/dosingpump.shop\/wp-content\/uploads\/2024\/10\/Dosing-Pump-Shop-logo.png","width":350,"height":45,"caption":"Dosing Pump Shop B.V."},"image":{"@id":"https:\/\/dosingpump.shop\/de\/#\/schema\/logo\/image\/"},"sameAs":["https:\/\/linkedin.com\/company\/dosing-pump-shop"]}]},"product_price_amount":"459.00","product_price_currency":"EUR","og_availability":"instock","product_availability":"instock","product_retailer_item_id":"Butylacetaat","product_condition":"new"},"_links":{"self":[{"href":"https:\/\/dosingpump.shop\/pt\/wp-json\/wp\/v2\/product\/4602","targetHints":{"allow":["GET"]}}],"collection":[{"href":"https:\/\/dosingpump.shop\/pt\/wp-json\/wp\/v2\/product"}],"about":[{"href":"https:\/\/dosingpump.shop\/pt\/wp-json\/wp\/v2\/types\/product"}],"wp:featuredmedia":[{"embeddable":true,"href":"https:\/\/dosingpump.shop\/pt\/wp-json\/wp\/v2\/media\/4072"}],"wp:attachment":[{"href":"https:\/\/dosingpump.shop\/pt\/wp-json\/wp\/v2\/media?parent=4602"}],"wp:term":[{"taxonomy":"product_brand","embeddable":true,"href":"https:\/\/dosingpump.shop\/pt\/wp-json\/wp\/v2\/product_brand?post=4602"},{"taxonomy":"product_cat","embeddable":true,"href":"https:\/\/dosingpump.shop\/pt\/wp-json\/wp\/v2\/product_cat?post=4602"},{"taxonomy":"product_tag","embeddable":true,"href":"https:\/\/dosingpump.shop\/pt\/wp-json\/wp\/v2\/product_tag?post=4602"}],"curies":[{"name":"wp","href":"https:\/\/api.w.org\/{rel}","templated":true}]}}