{"id":4996,"date":"2024-12-05T12:24:22","date_gmt":"2024-12-05T12:24:22","guid":{"rendered":"https:\/\/dosingpump.shop\/product\/fluimac-helios-as-15-vx-slangenpomp\/"},"modified":"2026-02-27T14:49:55","modified_gmt":"2026-02-27T12:49:55","slug":"bomba-peristaltica-fluimac-helios-as-15-vx","status":"publish","type":"product","link":"https:\/\/dosingpump.shop\/pt\/product\/fluimac-helios-as-15-vx-slangenpomp\/","title":{"rendered":"Bomba perist\u00e1ltica Fluimac Helios AS-15-VX"},"content":{"rendered":"<p>A Helios AS 15 VX \u00e9 uma bomba perist\u00e1ltica perist\u00e1ltica industrial com velocidade ajust\u00e1vel manualmente, permitindo um ajuste preciso do caudal dentro de r\u00e1cios predefinidos. Concebida para aplica\u00e7\u00f5es vers\u00e1teis, esta bomba robusta \u00e9 particularmente adequada para bombear uma variedade de produtos qu\u00edmicos, tamb\u00e9m gra\u00e7as \u00e0 possibilidade de escolher entre uma variedade de materiais de mangueira. Est\u00e1 tamb\u00e9m dispon\u00edvel uma mangueira aprovada pela FDA para aplica\u00e7\u00f5es na ind\u00fastria alimentar. A bomba \u00e9 auto-ferrante at\u00e9 uma altura de seis metros, pode funcionar a seco sem danos e n\u00e3o necessita de um banho de \u00f3leo gra\u00e7as ao sistema de mangueira seca. Gra\u00e7as \u00e0 sua constru\u00e7\u00e3o dur\u00e1vel em liga de alum\u00ednio e \u00e0s liga\u00e7\u00f5es de mangueira em a\u00e7o inoxid\u00e1vel, esta bomba \u00e9 altamente resistente \u00e0s condi\u00e7\u00f5es industriais. Com v\u00e1rias defini\u00e7\u00f5es de r\u00e1cio, a AS 15 VX oferece flexibilidade na gama de caudais, facilitando a adapta\u00e7\u00e3o \u00e0 aplica\u00e7\u00e3o pretendida. A bomba est\u00e1 dispon\u00edvel com motores monof\u00e1sicos e trif\u00e1sicos e, opcionalmente, numa vers\u00e3o ATEX para utiliza\u00e7\u00e3o em \u00e1reas perigosas.<\/p>","protected":false},"excerpt":{"rendered":"<ul>\n<li>Caudal m\u00e1ximo: 221 l\/h<\/li>\n<li>Press\u00e3o m\u00e1xima: 1,5 bar<\/li>\n<li>Caudal regul\u00e1vel manualmente<\/li>\n<\/ul>\n<p>Pre\u00e7o baseado no Helios AS 10 VX com mangueira perist\u00e1ltica EPDM e acess\u00f3rios para mangueira em PVC.<\/p>","protected":false},"featured_media":7054,"template":"","meta":[],"product_brand":[],"product_cat":[266,26],"product_tag":[],"class_list":{"0":"post-4996","1":"product","2":"type-product","3":"status-publish","4":"has-post-thumbnail","6":"product_cat-fluimac-slangenpompen","7":"product_cat-slangenpompen","9":"first","10":"instock","11":"taxable","12":"shipping-taxable","13":"purchasable","14":"product-type-simple"},"yoast_head":"<!-- This site is optimized with the Yoast SEO plugin v27.2 - https:\/\/yoast.com\/product\/yoast-seo-wordpress\/ -->\n<title>Fluimac Helios AS-15-VX slangenpomp | Dosing Pump Shop B.V.<\/title>\n<meta name=\"robots\" content=\"index, follow, max-snippet:-1, max-image-preview:large, max-video-preview:-1\" \/>\n<link rel=\"canonical\" href=\"https:\/\/dosingpump.shop\/pt\/produto\/bomba-peristaltica-fluimac-helios-as-15-vx\/\" \/>\n<meta property=\"og:locale\" content=\"pt_PT\" \/>\n<meta property=\"og:type\" content=\"article\" \/>\n<meta property=\"og:title\" content=\"Fluimac Helios AS-15-VX slangenpomp | Dosing Pump Shop B.V.\" \/>\n<meta property=\"og:description\" content=\"Maximale flow: 221 l\/h  Maximale druk: 1,5 bar  Handmatig instelbare flow  Prijs op basis van Helios AS 10 VX met EPDM peristaltische slang en PVC slangkoppelingen.\" \/>\n<meta property=\"og:url\" content=\"https:\/\/dosingpump.shop\/pt\/produto\/bomba-peristaltica-fluimac-helios-as-15-vx\/\" \/>\n<meta property=\"og:site_name\" content=\"Dosing Pump Shop B.V.\" \/>\n<meta property=\"article:modified_time\" content=\"2026-02-27T12:49:55+00:00\" \/>\n<meta property=\"og:image\" content=\"https:\/\/dosingpump.shop\/wp-content\/uploads\/2024\/12\/Fluimac-Helios-AS-10-VX-slangenpomp.png\" \/>\n\t<meta property=\"og:image:width\" content=\"500\" \/>\n\t<meta property=\"og:image:height\" content=\"500\" \/>\n\t<meta property=\"og:image:type\" content=\"image\/png\" \/>\n<meta name=\"twitter:card\" content=\"summary_large_image\" \/>\n<meta name=\"twitter:label1\" content=\"pre\u00e7o\" \/>\n\t<meta name=\"twitter:data1\" content=\"&euro;3.233,00\" \/>\n\t<meta name=\"twitter:label2\" content=\"Disponibilidade\" \/>\n\t<meta name=\"twitter:data2\" content=\"Em stock\" \/>\n<script type=\"application\/ld+json\" class=\"yoast-schema-graph\">{\"@context\":\"https:\/\/schema.org\",\"@graph\":[{\"@type\":\"WebPage\",\"@id\":\"https:\/\/dosingpump.shop\/nl\/product\/fluimac-helios-as-15-vx-slangenpomp\/\",\"url\":\"https:\/\/dosingpump.shop\/nl\/product\/fluimac-helios-as-15-vx-slangenpomp\/\",\"name\":\"Fluimac Helios AS-15-VX slangenpomp | Dosing Pump Shop B.V.\",\"isPartOf\":{\"@id\":\"https:\/\/dosingpump.shop\/de\/#website\"},\"primaryImageOfPage\":{\"@id\":\"https:\/\/dosingpump.shop\/nl\/product\/fluimac-helios-as-15-vx-slangenpomp\/#primaryimage\"},\"image\":{\"@id\":\"https:\/\/dosingpump.shop\/nl\/product\/fluimac-helios-as-15-vx-slangenpomp\/#primaryimage\"},\"thumbnailUrl\":\"https:\/\/dosingpump.shop\/wp-content\/uploads\/2024\/12\/Fluimac-Helios-AS-10-VX-slangenpomp.png\",\"datePublished\":\"2024-12-05T12:24:22+00:00\",\"dateModified\":\"2026-02-27T12:49:55+00:00\",\"breadcrumb\":{\"@id\":\"https:\/\/dosingpump.shop\/nl\/product\/fluimac-helios-as-15-vx-slangenpomp\/#breadcrumb\"},\"inLanguage\":\"pt-PT\",\"potentialAction\":[{\"@type\":\"ReadAction\",\"target\":[\"https:\/\/dosingpump.shop\/nl\/product\/fluimac-helios-as-15-vx-slangenpomp\/\"]}]},{\"@type\":\"ImageObject\",\"inLanguage\":\"pt-PT\",\"@id\":\"https:\/\/dosingpump.shop\/nl\/product\/fluimac-helios-as-15-vx-slangenpomp\/#primaryimage\",\"url\":\"https:\/\/dosingpump.shop\/wp-content\/uploads\/2024\/12\/Fluimac-Helios-AS-10-VX-slangenpomp.png\",\"contentUrl\":\"https:\/\/dosingpump.shop\/wp-content\/uploads\/2024\/12\/Fluimac-Helios-AS-10-VX-slangenpomp.png\",\"width\":500,\"height\":500},{\"@type\":\"BreadcrumbList\",\"@id\":\"https:\/\/dosingpump.shop\/nl\/product\/fluimac-helios-as-15-vx-slangenpomp\/#breadcrumb\",\"itemListElement\":[{\"@type\":\"ListItem\",\"position\":1,\"name\":\"Home\",\"item\":\"https:\/\/dosingpump.shop\/\"},{\"@type\":\"ListItem\",\"position\":2,\"name\":\"Shop\",\"item\":\"https:\/\/dosingpump.shop\/de\/shop\/\"},{\"@type\":\"ListItem\",\"position\":3,\"name\":\"Fluimac Helios AS-15-VX slangenpomp\"}]},{\"@type\":\"WebSite\",\"@id\":\"https:\/\/dosingpump.shop\/de\/#website\",\"url\":\"https:\/\/dosingpump.shop\/de\/\",\"name\":\"Dosing Pump Shop B.V.\",\"description\":\"\",\"publisher\":{\"@id\":\"https:\/\/dosingpump.shop\/de\/#organization\"},\"potentialAction\":[{\"@type\":\"SearchAction\",\"target\":{\"@type\":\"EntryPoint\",\"urlTemplate\":\"https:\/\/dosingpump.shop\/de\/?s={search_term_string}\"},\"query-input\":{\"@type\":\"PropertyValueSpecification\",\"valueRequired\":true,\"valueName\":\"search_term_string\"}}],\"inLanguage\":\"pt-PT\"},{\"@type\":\"Organization\",\"@id\":\"https:\/\/dosingpump.shop\/de\/#organization\",\"name\":\"Dosing Pump Shop B.V.\",\"url\":\"https:\/\/dosingpump.shop\/de\/\",\"logo\":{\"@type\":\"ImageObject\",\"inLanguage\":\"pt-PT\",\"@id\":\"https:\/\/dosingpump.shop\/de\/#\/schema\/logo\/image\/\",\"url\":\"https:\/\/dosingpump.shop\/wp-content\/uploads\/2024\/10\/Dosing-Pump-Shop-logo.png\",\"contentUrl\":\"https:\/\/dosingpump.shop\/wp-content\/uploads\/2024\/10\/Dosing-Pump-Shop-logo.png\",\"width\":350,\"height\":45,\"caption\":\"Dosing Pump Shop B.V.\"},\"image\":{\"@id\":\"https:\/\/dosingpump.shop\/de\/#\/schema\/logo\/image\/\"},\"sameAs\":[\"https:\/\/linkedin.com\/company\/dosing-pump-shop\"]}]}<\/script>\n<meta property=\"product:price:amount\" content=\"3233.00\" \/>\n<meta property=\"product:price:currency\" content=\"EUR\" \/>\n<meta property=\"og:availability\" content=\"instock\" \/>\n<meta property=\"product:availability\" content=\"instock\" \/>\n<meta property=\"product:retailer_item_id\" content=\"AS-15-VX\" \/>\n<meta property=\"product:condition\" content=\"new\" \/>\n<!-- \/ Yoast SEO plugin. -->","yoast_head_json":{"title":"Bomba perist\u00e1ltica Fluimac Helios AS-15-VX | Dosing Pump Shop B.V.","robots":{"index":"index","follow":"follow","max-snippet":"max-snippet:-1","max-image-preview":"max-image-preview:large","max-video-preview":"max-video-preview:-1"},"canonical":"https:\/\/dosingpump.shop\/pt\/produto\/bomba-peristaltica-fluimac-helios-as-15-vx\/","og_locale":"pt_PT","og_type":"article","og_title":"Fluimac Helios AS-15-VX slangenpomp | Dosing Pump Shop B.V.","og_description":"Maximale flow: 221 l\/h  Maximale druk: 1,5 bar  Handmatig instelbare flow  Prijs op basis van Helios AS 10 VX met EPDM peristaltische slang en PVC slangkoppelingen.","og_url":"https:\/\/dosingpump.shop\/pt\/produto\/bomba-peristaltica-fluimac-helios-as-15-vx\/","og_site_name":"Dosing Pump Shop B.V.","article_modified_time":"2026-02-27T12:49:55+00:00","og_image":[{"width":500,"height":500,"url":"https:\/\/dosingpump.shop\/wp-content\/uploads\/2024\/12\/Fluimac-Helios-AS-10-VX-slangenpomp.png","type":"image\/png"}],"twitter_card":"summary_large_image","twitter_misc":{"pre\u00e7o":"&euro;3.233,00","Disponibilidade":"Em stock"},"schema":{"@context":"https:\/\/schema.org","@graph":[{"@type":"WebPage","@id":"https:\/\/dosingpump.shop\/nl\/product\/fluimac-helios-as-15-vx-slangenpomp\/","url":"https:\/\/dosingpump.shop\/nl\/product\/fluimac-helios-as-15-vx-slangenpomp\/","name":"Bomba perist\u00e1ltica Fluimac Helios AS-15-VX | Dosing Pump Shop B.V.","isPartOf":{"@id":"https:\/\/dosingpump.shop\/de\/#website"},"primaryImageOfPage":{"@id":"https:\/\/dosingpump.shop\/nl\/product\/fluimac-helios-as-15-vx-slangenpomp\/#primaryimage"},"image":{"@id":"https:\/\/dosingpump.shop\/nl\/product\/fluimac-helios-as-15-vx-slangenpomp\/#primaryimage"},"thumbnailUrl":"https:\/\/dosingpump.shop\/wp-content\/uploads\/2024\/12\/Fluimac-Helios-AS-10-VX-slangenpomp.png","datePublished":"2024-12-05T12:24:22+00:00","dateModified":"2026-02-27T12:49:55+00:00","breadcrumb":{"@id":"https:\/\/dosingpump.shop\/nl\/product\/fluimac-helios-as-15-vx-slangenpomp\/#breadcrumb"},"inLanguage":"pt-PT","potentialAction":[{"@type":"ReadAction","target":["https:\/\/dosingpump.shop\/nl\/product\/fluimac-helios-as-15-vx-slangenpomp\/"]}]},{"@type":"ImageObject","inLanguage":"pt-PT","@id":"https:\/\/dosingpump.shop\/nl\/product\/fluimac-helios-as-15-vx-slangenpomp\/#primaryimage","url":"https:\/\/dosingpump.shop\/wp-content\/uploads\/2024\/12\/Fluimac-Helios-AS-10-VX-slangenpomp.png","contentUrl":"https:\/\/dosingpump.shop\/wp-content\/uploads\/2024\/12\/Fluimac-Helios-AS-10-VX-slangenpomp.png","width":500,"height":500},{"@type":"BreadcrumbList","@id":"https:\/\/dosingpump.shop\/nl\/product\/fluimac-helios-as-15-vx-slangenpomp\/#breadcrumb","itemListElement":[{"@type":"ListItem","position":1,"name":"Home","item":"https:\/\/dosingpump.shop\/"},{"@type":"ListItem","position":2,"name":"Shop","item":"https:\/\/dosingpump.shop\/de\/shop\/"},{"@type":"ListItem","position":3,"name":"Fluimac Helios AS-15-VX slangenpomp"}]},{"@type":"WebSite","@id":"https:\/\/dosingpump.shop\/de\/#website","url":"https:\/\/dosingpump.shop\/de\/","name":"Dosing Pump Shop B.V.","description":"","publisher":{"@id":"https:\/\/dosingpump.shop\/de\/#organization"},"potentialAction":[{"@type":"SearchAction","target":{"@type":"EntryPoint","urlTemplate":"https:\/\/dosingpump.shop\/de\/?s={search_term_string}"},"query-input":{"@type":"PropertyValueSpecification","valueRequired":true,"valueName":"search_term_string"}}],"inLanguage":"pt-PT"},{"@type":"Organization","@id":"https:\/\/dosingpump.shop\/de\/#organization","name":"Dosing Pump Shop B.V.","url":"https:\/\/dosingpump.shop\/de\/","logo":{"@type":"ImageObject","inLanguage":"pt-PT","@id":"https:\/\/dosingpump.shop\/de\/#\/schema\/logo\/image\/","url":"https:\/\/dosingpump.shop\/wp-content\/uploads\/2024\/10\/Dosing-Pump-Shop-logo.png","contentUrl":"https:\/\/dosingpump.shop\/wp-content\/uploads\/2024\/10\/Dosing-Pump-Shop-logo.png","width":350,"height":45,"caption":"Dosing Pump Shop B.V."},"image":{"@id":"https:\/\/dosingpump.shop\/de\/#\/schema\/logo\/image\/"},"sameAs":["https:\/\/linkedin.com\/company\/dosing-pump-shop"]}]},"product_price_amount":"3233.00","product_price_currency":"EUR","og_availability":"instock","product_availability":"instock","product_retailer_item_id":"AS-15-VX","product_condition":"new"},"_links":{"self":[{"href":"https:\/\/dosingpump.shop\/pt\/wp-json\/wp\/v2\/product\/4996","targetHints":{"allow":["GET"]}}],"collection":[{"href":"https:\/\/dosingpump.shop\/pt\/wp-json\/wp\/v2\/product"}],"about":[{"href":"https:\/\/dosingpump.shop\/pt\/wp-json\/wp\/v2\/types\/product"}],"wp:featuredmedia":[{"embeddable":true,"href":"https:\/\/dosingpump.shop\/pt\/wp-json\/wp\/v2\/media\/7054"}],"wp:attachment":[{"href":"https:\/\/dosingpump.shop\/pt\/wp-json\/wp\/v2\/media?parent=4996"}],"wp:term":[{"taxonomy":"product_brand","embeddable":true,"href":"https:\/\/dosingpump.shop\/pt\/wp-json\/wp\/v2\/product_brand?post=4996"},{"taxonomy":"product_cat","embeddable":true,"href":"https:\/\/dosingpump.shop\/pt\/wp-json\/wp\/v2\/product_cat?post=4996"},{"taxonomy":"product_tag","embeddable":true,"href":"https:\/\/dosingpump.shop\/pt\/wp-json\/wp\/v2\/product_tag?post=4996"}],"curies":[{"name":"wp","href":"https:\/\/api.w.org\/{rel}","templated":true}]}}