{"id":6149,"date":"2025-01-22T10:36:12","date_gmt":"2025-01-22T10:36:12","guid":{"rendered":"https:\/\/dosingpump.shop\/product\/doseerinstallatie-voor-isobutylalcohol-isobutanol\/"},"modified":"2026-02-27T14:50:06","modified_gmt":"2026-02-27T12:50:06","slug":"doseador-de-alcool-isobutilico-isobutanol","status":"publish","type":"product","link":"https:\/\/dosingpump.shop\/pt\/product\/doseerinstallatie-voor-isobutylalcohol-isobutanol\/","title":{"rendered":"Instala\u00e7\u00e3o de dosagem de \u00e1lcool isobut\u00edlico (isobutanol)"},"content":{"rendered":"<h3>Instala\u00e7\u00e3o de dosagem de \u00e1lcool isobut\u00edlico (isobutanol) - 50 litros<\/h3>\n<p>Com este sistema de dosagem para \u00e1lcool isobut\u00edlico (C2H5CH(OH)CH3), tem tudo o que precisa para uma dosagem segura e eficiente de \u00e1lcool isobut\u00edlico (isobutanol). Naturalmente, pens\u00e1mos na resist\u00eancia qu\u00edmica para que os v\u00e1rios componentes durem muito tempo.<\/p>\n<p>A capacidade do reservat\u00f3rio \u00e9 de 50 litros de s\u00e9rie. O reservat\u00f3rio est\u00e1 equipado com uma lan\u00e7a de aspira\u00e7\u00e3o, que est\u00e1 ligada \u00e0 bomba doseadora. A lan\u00e7a de suc\u00e7\u00e3o tem um contacto de n\u00edvel que desliga a bomba quando o dep\u00f3sito est\u00e1 vazio. Isto \u00e9 conveniente porque evita a entrada de ar nas tubagens. A bomba doseadora pode ser montada no dep\u00f3sito. Os componentes para este sistema s\u00e3o fornecidos separadamente. A montagem \u00e9 f\u00e1cil e n\u00f3s podemos, naturalmente, ajud\u00e1-lo nesta tarefa.<\/p>\n<h3>Conte\u00fado Dispensador de \u00e1lcool isobut\u00edlico (isobutanol)<\/h3>\n<ul>\n<li>Dep\u00f3sito de 50 litros adequado para \u00e1lcool isobut\u00edlico (isobutanol).<\/li>\n<li>Bomba doseadora Emec K CL PLUS 08-08 (8 L\/hora - 8 Bar) com curso e frequ\u00eancia regul\u00e1veis.<\/li>\n<li>lan\u00e7a de aspira\u00e7\u00e3o com controlo de n\u00edvel<\/li>\n<li>V\u00e1lvula de inje\u00e7\u00e3o e mangueira de dosagem<\/li>\n<\/ul>\n<p>Para este sistema de dosagem de cloro <b>facultativo<\/b> dispon\u00edvel:<\/p>\n<ul>\n<li>Dep\u00f3sito maior dispon\u00edvel a partir de: 100, 200, 500 ou 1.000 litros<\/li>\n<li>Capacidade at\u00e9 80 litros por hora, para bombas colocadas diretamente no dep\u00f3sito<\/li>\n<li>Capacidade at\u00e9 1.000 litros por hora, para bombas colocadas contra uma parede por cima do dep\u00f3sito<\/li>\n<li>Controlo 4-20 mA<\/li>\n<li>Bomba de enchimento do dep\u00f3sito<\/li>\n<li>Agitador (manual ou autom\u00e1tico)<\/li>\n<li>Tabuleiro de recolha de \u00e1gua adequado<\/li>\n<li>Entrega completamente montada<\/li>\n<\/ul>","protected":false},"excerpt":{"rendered":"<p>Sistema de dosagem completo para \u00e1lcool isobut\u00edlico (isobutanol), incluindo dep\u00f3sito, lan\u00e7a de aspira\u00e7\u00e3o e bomba doseadora. Capacidade de 50 litros.<\/p>","protected":false},"featured_media":4432,"template":"","meta":[],"product_brand":[],"product_cat":[123],"product_tag":[],"class_list":{"0":"post-6149","1":"product","2":"type-product","3":"status-publish","4":"has-post-thumbnail","6":"product_cat-doseerinstallaties-voor-chemicalien","8":"first","9":"instock","10":"taxable","11":"shipping-taxable","12":"purchasable","13":"product-type-simple"},"yoast_head":"<!-- This site is optimized with the Yoast SEO plugin v27.2 - https:\/\/yoast.com\/product\/yoast-seo-wordpress\/ -->\n<title>Doseerinstallatie voor Isobutylalcohol (isobutanol) | Dosing Pump Shop B.V.<\/title>\n<meta name=\"description\" content=\"Complete Doseerinstallatie voor Isobutylalcohol (isobutanol) incl. tank, aanzuiglans en doseerpomp. Inhoud: 50 liter.\" \/>\n<meta name=\"robots\" content=\"index, follow, max-snippet:-1, max-image-preview:large, max-video-preview:-1\" \/>\n<link rel=\"canonical\" href=\"https:\/\/dosingpump.shop\/pt\/produto\/doseador-de-alcool-isobutilico-isobutanol\/\" \/>\n<meta property=\"og:locale\" content=\"pt_PT\" \/>\n<meta property=\"og:type\" content=\"article\" \/>\n<meta property=\"og:title\" content=\"Doseerinstallatie voor Isobutylalcohol (isobutanol) | Dosing Pump Shop B.V.\" \/>\n<meta property=\"og:description\" content=\"Complete Doseerinstallatie voor Isobutylalcohol (isobutanol) incl. tank, aanzuiglans en doseerpomp. Inhoud: 50 liter.\" \/>\n<meta property=\"og:url\" content=\"https:\/\/dosingpump.shop\/pt\/produto\/doseador-de-alcool-isobutilico-isobutanol\/\" \/>\n<meta property=\"og:site_name\" content=\"Dosing Pump Shop B.V.\" \/>\n<meta property=\"article:modified_time\" content=\"2026-02-27T12:50:06+00:00\" \/>\n<meta property=\"og:image\" content=\"https:\/\/dosingpump.shop\/wp-content\/uploads\/2024\/12\/waterstofperoxide-doseerinstallatie.webp\" \/>\n\t<meta property=\"og:image:width\" content=\"500\" \/>\n\t<meta property=\"og:image:height\" content=\"500\" \/>\n\t<meta property=\"og:image:type\" content=\"image\/webp\" \/>\n<meta name=\"twitter:card\" content=\"summary_large_image\" \/>\n<meta name=\"twitter:label1\" content=\"pre\u00e7o\" \/>\n\t<meta name=\"twitter:data1\" content=\"&euro;757,00\" \/>\n\t<meta name=\"twitter:label2\" content=\"Disponibilidade\" \/>\n\t<meta name=\"twitter:data2\" content=\"Em stock\" \/>\n<script type=\"application\/ld+json\" class=\"yoast-schema-graph\">{\"@context\":\"https:\/\/schema.org\",\"@graph\":[{\"@type\":\"WebPage\",\"@id\":\"https:\/\/dosingpump.shop\/se\/produkt\/doseringsenhet-for-isobutylalkohol-isobutanol\/\",\"url\":\"https:\/\/dosingpump.shop\/se\/produkt\/doseringsenhet-for-isobutylalkohol-isobutanol\/\",\"name\":\"Doseerinstallatie voor Isobutylalcohol (isobutanol) | Dosing Pump Shop B.V.\",\"isPartOf\":{\"@id\":\"https:\/\/dosingpump.shop\/de\/#website\"},\"primaryImageOfPage\":{\"@id\":\"https:\/\/dosingpump.shop\/se\/produkt\/doseringsenhet-for-isobutylalkohol-isobutanol\/#primaryimage\"},\"image\":{\"@id\":\"https:\/\/dosingpump.shop\/se\/produkt\/doseringsenhet-for-isobutylalkohol-isobutanol\/#primaryimage\"},\"thumbnailUrl\":\"https:\/\/dosingpump.shop\/wp-content\/uploads\/2024\/12\/waterstofperoxide-doseerinstallatie.webp\",\"datePublished\":\"2025-01-22T10:36:12+00:00\",\"dateModified\":\"2026-02-27T12:50:06+00:00\",\"description\":\"Complete Doseerinstallatie voor Isobutylalcohol (isobutanol) incl. tank, aanzuiglans en doseerpomp. Inhoud: 50 liter.\",\"breadcrumb\":{\"@id\":\"https:\/\/dosingpump.shop\/se\/produkt\/doseringsenhet-for-isobutylalkohol-isobutanol\/#breadcrumb\"},\"inLanguage\":\"pt-PT\",\"potentialAction\":[{\"@type\":\"ReadAction\",\"target\":[\"https:\/\/dosingpump.shop\/se\/produkt\/doseringsenhet-for-isobutylalkohol-isobutanol\/\"]}]},{\"@type\":\"ImageObject\",\"inLanguage\":\"pt-PT\",\"@id\":\"https:\/\/dosingpump.shop\/se\/produkt\/doseringsenhet-for-isobutylalkohol-isobutanol\/#primaryimage\",\"url\":\"https:\/\/dosingpump.shop\/wp-content\/uploads\/2024\/12\/waterstofperoxide-doseerinstallatie.webp\",\"contentUrl\":\"https:\/\/dosingpump.shop\/wp-content\/uploads\/2024\/12\/waterstofperoxide-doseerinstallatie.webp\",\"width\":500,\"height\":500},{\"@type\":\"BreadcrumbList\",\"@id\":\"https:\/\/dosingpump.shop\/se\/produkt\/doseringsenhet-for-isobutylalkohol-isobutanol\/#breadcrumb\",\"itemListElement\":[{\"@type\":\"ListItem\",\"position\":1,\"name\":\"Home\",\"item\":\"https:\/\/dosingpump.shop\/\"},{\"@type\":\"ListItem\",\"position\":2,\"name\":\"Shop\",\"item\":\"https:\/\/dosingpump.shop\/de\/shop\/\"},{\"@type\":\"ListItem\",\"position\":3,\"name\":\"Doseerinstallatie voor Isobutylalcohol (isobutanol)\"}]},{\"@type\":\"WebSite\",\"@id\":\"https:\/\/dosingpump.shop\/de\/#website\",\"url\":\"https:\/\/dosingpump.shop\/de\/\",\"name\":\"Dosing Pump Shop B.V.\",\"description\":\"\",\"publisher\":{\"@id\":\"https:\/\/dosingpump.shop\/de\/#organization\"},\"potentialAction\":[{\"@type\":\"SearchAction\",\"target\":{\"@type\":\"EntryPoint\",\"urlTemplate\":\"https:\/\/dosingpump.shop\/de\/?s={search_term_string}\"},\"query-input\":{\"@type\":\"PropertyValueSpecification\",\"valueRequired\":true,\"valueName\":\"search_term_string\"}}],\"inLanguage\":\"pt-PT\"},{\"@type\":\"Organization\",\"@id\":\"https:\/\/dosingpump.shop\/de\/#organization\",\"name\":\"Dosing Pump Shop B.V.\",\"url\":\"https:\/\/dosingpump.shop\/de\/\",\"logo\":{\"@type\":\"ImageObject\",\"inLanguage\":\"pt-PT\",\"@id\":\"https:\/\/dosingpump.shop\/de\/#\/schema\/logo\/image\/\",\"url\":\"https:\/\/dosingpump.shop\/wp-content\/uploads\/2024\/10\/Dosing-Pump-Shop-logo.png\",\"contentUrl\":\"https:\/\/dosingpump.shop\/wp-content\/uploads\/2024\/10\/Dosing-Pump-Shop-logo.png\",\"width\":350,\"height\":45,\"caption\":\"Dosing Pump Shop B.V.\"},\"image\":{\"@id\":\"https:\/\/dosingpump.shop\/de\/#\/schema\/logo\/image\/\"},\"sameAs\":[\"https:\/\/linkedin.com\/company\/dosing-pump-shop\"]}]}<\/script>\n<meta property=\"product:price:amount\" content=\"757.00\" \/>\n<meta property=\"product:price:currency\" content=\"EUR\" \/>\n<meta property=\"og:availability\" content=\"instock\" \/>\n<meta property=\"product:availability\" content=\"instock\" \/>\n<meta property=\"product:retailer_item_id\" content=\"doseerinstalatie-Isobutylalcohol (isobutanol)\" \/>\n<meta property=\"product:condition\" content=\"new\" \/>\n<!-- \/ Yoast SEO plugin. -->","yoast_head_json":{"title":"Instala\u00e7\u00e3o de dosagem de \u00e1lcool isobut\u00edlico (isobutanol) | Dosing Pump Shop B.V.","description":"Instala\u00e7\u00e3o de dosagem completa para \u00e1lcool isobut\u00edlico (isobutanol), incluindo tanque, lan\u00e7a de suc\u00e7\u00e3o e bomba de dosagem. Capacidade: 50 litros.","robots":{"index":"index","follow":"follow","max-snippet":"max-snippet:-1","max-image-preview":"max-image-preview:large","max-video-preview":"max-video-preview:-1"},"canonical":"https:\/\/dosingpump.shop\/pt\/produto\/doseador-de-alcool-isobutilico-isobutanol\/","og_locale":"pt_PT","og_type":"article","og_title":"Doseerinstallatie voor Isobutylalcohol (isobutanol) | Dosing Pump Shop B.V.","og_description":"Complete Doseerinstallatie voor Isobutylalcohol (isobutanol) incl. tank, aanzuiglans en doseerpomp. Inhoud: 50 liter.","og_url":"https:\/\/dosingpump.shop\/pt\/produto\/doseador-de-alcool-isobutilico-isobutanol\/","og_site_name":"Dosing Pump Shop B.V.","article_modified_time":"2026-02-27T12:50:06+00:00","og_image":[{"width":500,"height":500,"url":"https:\/\/dosingpump.shop\/wp-content\/uploads\/2024\/12\/waterstofperoxide-doseerinstallatie.webp","type":"image\/webp"}],"twitter_card":"summary_large_image","twitter_misc":{"pre\u00e7o":"&euro;757,00","Disponibilidade":"Em stock"},"schema":{"@context":"https:\/\/schema.org","@graph":[{"@type":"WebPage","@id":"https:\/\/dosingpump.shop\/se\/produkt\/doseringsenhet-for-isobutylalkohol-isobutanol\/","url":"https:\/\/dosingpump.shop\/se\/produkt\/doseringsenhet-for-isobutylalkohol-isobutanol\/","name":"Instala\u00e7\u00e3o de dosagem de \u00e1lcool isobut\u00edlico (isobutanol) | Dosing Pump Shop B.V.","isPartOf":{"@id":"https:\/\/dosingpump.shop\/de\/#website"},"primaryImageOfPage":{"@id":"https:\/\/dosingpump.shop\/se\/produkt\/doseringsenhet-for-isobutylalkohol-isobutanol\/#primaryimage"},"image":{"@id":"https:\/\/dosingpump.shop\/se\/produkt\/doseringsenhet-for-isobutylalkohol-isobutanol\/#primaryimage"},"thumbnailUrl":"https:\/\/dosingpump.shop\/wp-content\/uploads\/2024\/12\/waterstofperoxide-doseerinstallatie.webp","datePublished":"2025-01-22T10:36:12+00:00","dateModified":"2026-02-27T12:50:06+00:00","description":"Instala\u00e7\u00e3o de dosagem completa para \u00e1lcool isobut\u00edlico (isobutanol), incluindo tanque, lan\u00e7a de suc\u00e7\u00e3o e bomba de dosagem. Capacidade: 50 litros.","breadcrumb":{"@id":"https:\/\/dosingpump.shop\/se\/produkt\/doseringsenhet-for-isobutylalkohol-isobutanol\/#breadcrumb"},"inLanguage":"pt-PT","potentialAction":[{"@type":"ReadAction","target":["https:\/\/dosingpump.shop\/se\/produkt\/doseringsenhet-for-isobutylalkohol-isobutanol\/"]}]},{"@type":"ImageObject","inLanguage":"pt-PT","@id":"https:\/\/dosingpump.shop\/se\/produkt\/doseringsenhet-for-isobutylalkohol-isobutanol\/#primaryimage","url":"https:\/\/dosingpump.shop\/wp-content\/uploads\/2024\/12\/waterstofperoxide-doseerinstallatie.webp","contentUrl":"https:\/\/dosingpump.shop\/wp-content\/uploads\/2024\/12\/waterstofperoxide-doseerinstallatie.webp","width":500,"height":500},{"@type":"BreadcrumbList","@id":"https:\/\/dosingpump.shop\/se\/produkt\/doseringsenhet-for-isobutylalkohol-isobutanol\/#breadcrumb","itemListElement":[{"@type":"ListItem","position":1,"name":"Home","item":"https:\/\/dosingpump.shop\/"},{"@type":"ListItem","position":2,"name":"Shop","item":"https:\/\/dosingpump.shop\/de\/shop\/"},{"@type":"ListItem","position":3,"name":"Doseerinstallatie voor Isobutylalcohol (isobutanol)"}]},{"@type":"WebSite","@id":"https:\/\/dosingpump.shop\/de\/#website","url":"https:\/\/dosingpump.shop\/de\/","name":"Dosing Pump Shop B.V.","description":"","publisher":{"@id":"https:\/\/dosingpump.shop\/de\/#organization"},"potentialAction":[{"@type":"SearchAction","target":{"@type":"EntryPoint","urlTemplate":"https:\/\/dosingpump.shop\/de\/?s={search_term_string}"},"query-input":{"@type":"PropertyValueSpecification","valueRequired":true,"valueName":"search_term_string"}}],"inLanguage":"pt-PT"},{"@type":"Organization","@id":"https:\/\/dosingpump.shop\/de\/#organization","name":"Dosing Pump Shop B.V.","url":"https:\/\/dosingpump.shop\/de\/","logo":{"@type":"ImageObject","inLanguage":"pt-PT","@id":"https:\/\/dosingpump.shop\/de\/#\/schema\/logo\/image\/","url":"https:\/\/dosingpump.shop\/wp-content\/uploads\/2024\/10\/Dosing-Pump-Shop-logo.png","contentUrl":"https:\/\/dosingpump.shop\/wp-content\/uploads\/2024\/10\/Dosing-Pump-Shop-logo.png","width":350,"height":45,"caption":"Dosing Pump Shop B.V."},"image":{"@id":"https:\/\/dosingpump.shop\/de\/#\/schema\/logo\/image\/"},"sameAs":["https:\/\/linkedin.com\/company\/dosing-pump-shop"]}]},"product_price_amount":"757.00","product_price_currency":"EUR","og_availability":"instock","product_availability":"instock","product_retailer_item_id":"doseerinstalatie-Isobutylalcohol (isobutanol)","product_condition":"new"},"_links":{"self":[{"href":"https:\/\/dosingpump.shop\/pt\/wp-json\/wp\/v2\/product\/6149","targetHints":{"allow":["GET"]}}],"collection":[{"href":"https:\/\/dosingpump.shop\/pt\/wp-json\/wp\/v2\/product"}],"about":[{"href":"https:\/\/dosingpump.shop\/pt\/wp-json\/wp\/v2\/types\/product"}],"wp:featuredmedia":[{"embeddable":true,"href":"https:\/\/dosingpump.shop\/pt\/wp-json\/wp\/v2\/media\/4432"}],"wp:attachment":[{"href":"https:\/\/dosingpump.shop\/pt\/wp-json\/wp\/v2\/media?parent=6149"}],"wp:term":[{"taxonomy":"product_brand","embeddable":true,"href":"https:\/\/dosingpump.shop\/pt\/wp-json\/wp\/v2\/product_brand?post=6149"},{"taxonomy":"product_cat","embeddable":true,"href":"https:\/\/dosingpump.shop\/pt\/wp-json\/wp\/v2\/product_cat?post=6149"},{"taxonomy":"product_tag","embeddable":true,"href":"https:\/\/dosingpump.shop\/pt\/wp-json\/wp\/v2\/product_tag?post=6149"}],"curies":[{"name":"wp","href":"https:\/\/api.w.org\/{rel}","templated":true}]}}