{"id":7316,"date":"2025-06-12T11:19:00","date_gmt":"2025-06-12T09:19:00","guid":{"rendered":"https:\/\/dosingpump.shop\/product\/slang-4x6-pvc-10-meter\/"},"modified":"2026-02-27T14:50:31","modified_gmt":"2026-02-27T12:50:31","slug":"mangueira-4x6-pvc-10-metros","status":"publish","type":"product","link":"https:\/\/dosingpump.shop\/pt\/product\/slang-4x6-pvc-10-meter\/","title":{"rendered":"Mangueira - 4\u00d76 - PVC - 10 metros"},"content":{"rendered":"<p>A mangueira de dosagem Emec de 4\u00d76 mm, feita de PVC de alta qualidade, \u00e9 um componente essencial para v\u00e1rias aplica\u00e7\u00f5es de dosagem. Esta mangueira tem 10 metros de comprimento e oferece uma solu\u00e7\u00e3o fi\u00e1vel e duradoura para o transporte de produtos qu\u00edmicos no seu sistema de dosagem. Gra\u00e7as \u00e0 utiliza\u00e7\u00e3o de PVC, a mangueira tem uma boa resist\u00eancia qu\u00edmica a uma vasta gama de l\u00edquidos. Com um di\u00e2metro interno de 4 mm e um di\u00e2metro externo de 6 mm, esta mangueira \u00e9 adequada para sistemas que requerem estas dimens\u00f5es espec\u00edficas. O comprimento de 10 metros oferece uma flexibilidade \u00f3ptima na instala\u00e7\u00e3o e pode ser facilmente cortado \u00e0 medida, se necess\u00e1rio. \u00c9 ideal para utiliza\u00e7\u00e3o com bombas doseadoras Emec e outros sistemas de dosagem em que seja necess\u00e1ria uma mangueira fi\u00e1vel e resistente a qu\u00edmicos. O PVC \u00e9 conhecido pela sua ampla compatibilidade qu\u00edmica; para produtos qu\u00edmicos espec\u00edficos, \u00e9 melhor consultar a lista de compatibilidade qu\u00edmica para garantir a adequa\u00e7\u00e3o do PVC \u00e0 sua aplica\u00e7\u00e3o. Esta mangueira \u00e9 uma escolha econ\u00f3mica e fi\u00e1vel para as suas necessidades de dosagem, com a qualidade que pode esperar da Emec.<\/p>","protected":false},"excerpt":{"rendered":"<ul>\n<li>Mangueira de PVC de alta qualidade Emec<\/li>\n<li>Uma taxa de transfer\u00eancia de 4\u00d76<\/li>\n<li>Comprimento de 10 metros<\/li>\n<\/ul>\n<p><em><strong>Dispon\u00edvel em v\u00e1rias vers\u00f5es<\/strong><\/em><\/p>","protected":false},"featured_media":7252,"template":"","meta":[],"product_brand":[],"product_cat":[34,280],"product_tag":[],"class_list":{"0":"post-7316","1":"product","2":"type-product","3":"status-publish","4":"has-post-thumbnail","6":"product_cat-accessoires","7":"product_cat-slangen","9":"first","10":"instock","11":"taxable","12":"shipping-taxable","13":"purchasable","14":"product-type-simple"},"yoast_head":"<!-- This site is optimized with the Yoast SEO plugin v27.2 - https:\/\/yoast.com\/product\/yoast-seo-wordpress\/ -->\n<title>Slang - 4x6 - PVC - 10 Meter - Dosing Pump Shop B.V.<\/title>\n<meta name=\"robots\" content=\"index, follow, max-snippet:-1, max-image-preview:large, max-video-preview:-1\" \/>\n<link rel=\"canonical\" href=\"https:\/\/dosingpump.shop\/pt\/produto\/mangueira-4x6-pvc-10-metros\/\" \/>\n<meta property=\"og:locale\" content=\"pt_PT\" \/>\n<meta property=\"og:type\" content=\"article\" \/>\n<meta property=\"og:title\" content=\"Slang - 4x6 - PVC - 10 Meter - Dosing Pump Shop B.V.\" \/>\n<meta property=\"og:description\" content=\"Emec hoogwaardige PVC Slang  Een doorvoer van 4x6  Lengte van 10 Meter  Beschikbaar in meerdere uitvoeringen\" \/>\n<meta property=\"og:url\" content=\"https:\/\/dosingpump.shop\/pt\/produto\/mangueira-4x6-pvc-10-metros\/\" \/>\n<meta property=\"og:site_name\" content=\"Dosing Pump Shop B.V.\" \/>\n<meta property=\"article:modified_time\" content=\"2026-02-27T12:50:31+00:00\" \/>\n<meta property=\"og:image\" content=\"https:\/\/dosingpump.shop\/wp-content\/uploads\/2025\/06\/Emec-Slangen.png\" \/>\n\t<meta property=\"og:image:width\" content=\"500\" \/>\n\t<meta property=\"og:image:height\" content=\"500\" \/>\n\t<meta property=\"og:image:type\" content=\"image\/png\" \/>\n<meta name=\"twitter:card\" content=\"summary_large_image\" \/>\n<meta name=\"twitter:label1\" content=\"pre\u00e7o\" \/>\n\t<meta name=\"twitter:data1\" content=\"&euro;10,00\" \/>\n\t<meta name=\"twitter:label2\" content=\"Disponibilidade\" \/>\n\t<meta name=\"twitter:data2\" content=\"Em stock\" \/>\n<script type=\"application\/ld+json\" class=\"yoast-schema-graph\">{\"@context\":\"https:\/\/schema.org\",\"@graph\":[{\"@type\":\"WebPage\",\"@id\":\"https:\/\/dosingpump.shop\/nl\/product\/slang-4x6-pvc-10-meter\/\",\"url\":\"https:\/\/dosingpump.shop\/nl\/product\/slang-4x6-pvc-10-meter\/\",\"name\":\"Slang - 4x6 - PVC - 10 Meter - Dosing Pump Shop B.V.\",\"isPartOf\":{\"@id\":\"https:\/\/dosingpump.shop\/de\/#website\"},\"primaryImageOfPage\":{\"@id\":\"https:\/\/dosingpump.shop\/nl\/product\/slang-4x6-pvc-10-meter\/#primaryimage\"},\"image\":{\"@id\":\"https:\/\/dosingpump.shop\/nl\/product\/slang-4x6-pvc-10-meter\/#primaryimage\"},\"thumbnailUrl\":\"https:\/\/dosingpump.shop\/wp-content\/uploads\/2025\/06\/Emec-Slangen.png\",\"datePublished\":\"2025-06-12T09:19:00+00:00\",\"dateModified\":\"2026-02-27T12:50:31+00:00\",\"breadcrumb\":{\"@id\":\"https:\/\/dosingpump.shop\/nl\/product\/slang-4x6-pvc-10-meter\/#breadcrumb\"},\"inLanguage\":\"pt-PT\",\"potentialAction\":[{\"@type\":\"ReadAction\",\"target\":[\"https:\/\/dosingpump.shop\/nl\/product\/slang-4x6-pvc-10-meter\/\"]}]},{\"@type\":\"ImageObject\",\"inLanguage\":\"pt-PT\",\"@id\":\"https:\/\/dosingpump.shop\/nl\/product\/slang-4x6-pvc-10-meter\/#primaryimage\",\"url\":\"https:\/\/dosingpump.shop\/wp-content\/uploads\/2025\/06\/Emec-Slangen.png\",\"contentUrl\":\"https:\/\/dosingpump.shop\/wp-content\/uploads\/2025\/06\/Emec-Slangen.png\",\"width\":500,\"height\":500},{\"@type\":\"BreadcrumbList\",\"@id\":\"https:\/\/dosingpump.shop\/nl\/product\/slang-4x6-pvc-10-meter\/#breadcrumb\",\"itemListElement\":[{\"@type\":\"ListItem\",\"position\":1,\"name\":\"Home\",\"item\":\"https:\/\/dosingpump.shop\/\"},{\"@type\":\"ListItem\",\"position\":2,\"name\":\"Shop\",\"item\":\"https:\/\/dosingpump.shop\/de\/shop\/\"},{\"@type\":\"ListItem\",\"position\":3,\"name\":\"Slang &#8211; 4&#215;6 &#8211; PVC &#8211; 10 Meter\"}]},{\"@type\":\"WebSite\",\"@id\":\"https:\/\/dosingpump.shop\/de\/#website\",\"url\":\"https:\/\/dosingpump.shop\/de\/\",\"name\":\"Dosing Pump Shop B.V.\",\"description\":\"\",\"publisher\":{\"@id\":\"https:\/\/dosingpump.shop\/de\/#organization\"},\"potentialAction\":[{\"@type\":\"SearchAction\",\"target\":{\"@type\":\"EntryPoint\",\"urlTemplate\":\"https:\/\/dosingpump.shop\/de\/?s={search_term_string}\"},\"query-input\":{\"@type\":\"PropertyValueSpecification\",\"valueRequired\":true,\"valueName\":\"search_term_string\"}}],\"inLanguage\":\"pt-PT\"},{\"@type\":\"Organization\",\"@id\":\"https:\/\/dosingpump.shop\/de\/#organization\",\"name\":\"Dosing Pump Shop B.V.\",\"url\":\"https:\/\/dosingpump.shop\/de\/\",\"logo\":{\"@type\":\"ImageObject\",\"inLanguage\":\"pt-PT\",\"@id\":\"https:\/\/dosingpump.shop\/de\/#\/schema\/logo\/image\/\",\"url\":\"https:\/\/dosingpump.shop\/wp-content\/uploads\/2024\/10\/Dosing-Pump-Shop-logo.png\",\"contentUrl\":\"https:\/\/dosingpump.shop\/wp-content\/uploads\/2024\/10\/Dosing-Pump-Shop-logo.png\",\"width\":350,\"height\":45,\"caption\":\"Dosing Pump Shop B.V.\"},\"image\":{\"@id\":\"https:\/\/dosingpump.shop\/de\/#\/schema\/logo\/image\/\"},\"sameAs\":[\"https:\/\/linkedin.com\/company\/dosing-pump-shop\"]}]}<\/script>\n<meta property=\"product:price:amount\" content=\"10.00\" \/>\n<meta property=\"product:price:currency\" content=\"EUR\" \/>\n<meta property=\"og:availability\" content=\"instock\" \/>\n<meta property=\"product:availability\" content=\"instock\" \/>\n<meta property=\"product:retailer_item_id\" content=\"049.0339.0\" \/>\n<meta property=\"product:condition\" content=\"new\" \/>\n<!-- \/ Yoast SEO plugin. -->","yoast_head_json":{"title":"Mangueira - 4x6 - PVC - 10 Metros - Dosing Pump Shop B.V.","robots":{"index":"index","follow":"follow","max-snippet":"max-snippet:-1","max-image-preview":"max-image-preview:large","max-video-preview":"max-video-preview:-1"},"canonical":"https:\/\/dosingpump.shop\/pt\/produto\/mangueira-4x6-pvc-10-metros\/","og_locale":"pt_PT","og_type":"article","og_title":"Slang - 4x6 - PVC - 10 Meter - Dosing Pump Shop B.V.","og_description":"Emec hoogwaardige PVC Slang  Een doorvoer van 4x6  Lengte van 10 Meter  Beschikbaar in meerdere uitvoeringen","og_url":"https:\/\/dosingpump.shop\/pt\/produto\/mangueira-4x6-pvc-10-metros\/","og_site_name":"Dosing Pump Shop B.V.","article_modified_time":"2026-02-27T12:50:31+00:00","og_image":[{"width":500,"height":500,"url":"https:\/\/dosingpump.shop\/wp-content\/uploads\/2025\/06\/Emec-Slangen.png","type":"image\/png"}],"twitter_card":"summary_large_image","twitter_misc":{"pre\u00e7o":"&euro;10,00","Disponibilidade":"Em stock"},"schema":{"@context":"https:\/\/schema.org","@graph":[{"@type":"WebPage","@id":"https:\/\/dosingpump.shop\/nl\/product\/slang-4x6-pvc-10-meter\/","url":"https:\/\/dosingpump.shop\/nl\/product\/slang-4x6-pvc-10-meter\/","name":"Mangueira - 4x6 - PVC - 10 Metros - Dosing Pump Shop B.V.","isPartOf":{"@id":"https:\/\/dosingpump.shop\/de\/#website"},"primaryImageOfPage":{"@id":"https:\/\/dosingpump.shop\/nl\/product\/slang-4x6-pvc-10-meter\/#primaryimage"},"image":{"@id":"https:\/\/dosingpump.shop\/nl\/product\/slang-4x6-pvc-10-meter\/#primaryimage"},"thumbnailUrl":"https:\/\/dosingpump.shop\/wp-content\/uploads\/2025\/06\/Emec-Slangen.png","datePublished":"2025-06-12T09:19:00+00:00","dateModified":"2026-02-27T12:50:31+00:00","breadcrumb":{"@id":"https:\/\/dosingpump.shop\/nl\/product\/slang-4x6-pvc-10-meter\/#breadcrumb"},"inLanguage":"pt-PT","potentialAction":[{"@type":"ReadAction","target":["https:\/\/dosingpump.shop\/nl\/product\/slang-4x6-pvc-10-meter\/"]}]},{"@type":"ImageObject","inLanguage":"pt-PT","@id":"https:\/\/dosingpump.shop\/nl\/product\/slang-4x6-pvc-10-meter\/#primaryimage","url":"https:\/\/dosingpump.shop\/wp-content\/uploads\/2025\/06\/Emec-Slangen.png","contentUrl":"https:\/\/dosingpump.shop\/wp-content\/uploads\/2025\/06\/Emec-Slangen.png","width":500,"height":500},{"@type":"BreadcrumbList","@id":"https:\/\/dosingpump.shop\/nl\/product\/slang-4x6-pvc-10-meter\/#breadcrumb","itemListElement":[{"@type":"ListItem","position":1,"name":"Home","item":"https:\/\/dosingpump.shop\/"},{"@type":"ListItem","position":2,"name":"Shop","item":"https:\/\/dosingpump.shop\/de\/shop\/"},{"@type":"ListItem","position":3,"name":"Slang &#8211; 4&#215;6 &#8211; PVC &#8211; 10 Meter"}]},{"@type":"WebSite","@id":"https:\/\/dosingpump.shop\/de\/#website","url":"https:\/\/dosingpump.shop\/de\/","name":"Dosing Pump Shop B.V.","description":"","publisher":{"@id":"https:\/\/dosingpump.shop\/de\/#organization"},"potentialAction":[{"@type":"SearchAction","target":{"@type":"EntryPoint","urlTemplate":"https:\/\/dosingpump.shop\/de\/?s={search_term_string}"},"query-input":{"@type":"PropertyValueSpecification","valueRequired":true,"valueName":"search_term_string"}}],"inLanguage":"pt-PT"},{"@type":"Organization","@id":"https:\/\/dosingpump.shop\/de\/#organization","name":"Dosing Pump Shop B.V.","url":"https:\/\/dosingpump.shop\/de\/","logo":{"@type":"ImageObject","inLanguage":"pt-PT","@id":"https:\/\/dosingpump.shop\/de\/#\/schema\/logo\/image\/","url":"https:\/\/dosingpump.shop\/wp-content\/uploads\/2024\/10\/Dosing-Pump-Shop-logo.png","contentUrl":"https:\/\/dosingpump.shop\/wp-content\/uploads\/2024\/10\/Dosing-Pump-Shop-logo.png","width":350,"height":45,"caption":"Dosing Pump Shop B.V."},"image":{"@id":"https:\/\/dosingpump.shop\/de\/#\/schema\/logo\/image\/"},"sameAs":["https:\/\/linkedin.com\/company\/dosing-pump-shop"]}]},"product_price_amount":"10.00","product_price_currency":"EUR","og_availability":"instock","product_availability":"instock","product_retailer_item_id":"049.0339.0","product_condition":"new"},"_links":{"self":[{"href":"https:\/\/dosingpump.shop\/pt\/wp-json\/wp\/v2\/product\/7316","targetHints":{"allow":["GET"]}}],"collection":[{"href":"https:\/\/dosingpump.shop\/pt\/wp-json\/wp\/v2\/product"}],"about":[{"href":"https:\/\/dosingpump.shop\/pt\/wp-json\/wp\/v2\/types\/product"}],"wp:featuredmedia":[{"embeddable":true,"href":"https:\/\/dosingpump.shop\/pt\/wp-json\/wp\/v2\/media\/7252"}],"wp:attachment":[{"href":"https:\/\/dosingpump.shop\/pt\/wp-json\/wp\/v2\/media?parent=7316"}],"wp:term":[{"taxonomy":"product_brand","embeddable":true,"href":"https:\/\/dosingpump.shop\/pt\/wp-json\/wp\/v2\/product_brand?post=7316"},{"taxonomy":"product_cat","embeddable":true,"href":"https:\/\/dosingpump.shop\/pt\/wp-json\/wp\/v2\/product_cat?post=7316"},{"taxonomy":"product_tag","embeddable":true,"href":"https:\/\/dosingpump.shop\/pt\/wp-json\/wp\/v2\/product_tag?post=7316"}],"curies":[{"name":"wp","href":"https:\/\/api.w.org\/{rel}","templated":true}]}}