{"id":7436,"date":"2025-06-16T11:08:03","date_gmt":"2025-06-16T09:08:03","guid":{"rendered":"https:\/\/dosingpump.shop\/?post_type=product&#038;p=7436"},"modified":"2026-02-27T14:50:31","modified_gmt":"2026-02-27T12:50:31","slug":"valvula-de-injecao-1-2-6x8-ssfpss-aisi-316l","status":"publish","type":"product","link":"https:\/\/dosingpump.shop\/pt\/product\/injectieventiel-1-2-6x8-ssfpss-aisi-316l\/","title":{"rendered":"V\u00e1lvula de inje\u00e7\u00e3o 1\/2\u2033 6\u00d78 (SS+FP+SS) (AISI 316L)"},"content":{"rendered":"<p>Esta v\u00e1lvula de inje\u00e7\u00e3o \u00e9 um componente indispens\u00e1vel para a dosagem precisa de l\u00edquidos e \u00e9 frequentemente utilizada em combina\u00e7\u00e3o com uma bomba doseadora. Ajuda na alimenta\u00e7\u00e3o controlada e eficiente de produtos qu\u00edmicos e outros l\u00edquidos em v\u00e1rias aplica\u00e7\u00f5es, como o tratamento de \u00e1gua, processos qu\u00edmicos e sistemas industriais.<\/p>\n<p>A v\u00e1lvula de inje\u00e7\u00e3o \u00e9 feita de materiais de alta qualidade que s\u00e3o resistentes a v\u00e1rios produtos qu\u00edmicos. Isto torna-a adequada para uma variedade de aplica\u00e7\u00f5es, incluindo a dosagem de l\u00edquidos alcalinos e outros produtos qu\u00edmicos. Gra\u00e7as \u00e0 sua constru\u00e7\u00e3o cuidada, \u00e9 f\u00e1cil de instalar e combinar com v\u00e1rias bombas doseadoras.<\/p>\n<p>Esta v\u00e1lvula contribui para o funcionamento est\u00e1vel e fi\u00e1vel dos sistemas de dosagem e foi concebida para proporcionar um desempenho a longo prazo. Se necess\u00e1rio, tamb\u00e9m est\u00e3o dispon\u00edveis variantes com especifica\u00e7\u00f5es diferentes. Tem um tamanho diferente ou requisitos espec\u00edficos? Ent\u00e3o, contacte-nos para obter aconselhamento ou um or\u00e7amento personalizado!<\/p>","protected":false},"excerpt":{"rendered":"<ul>\n<li>Caixa A\u00e7o inoxid\u00e1vel<\/li>\n<li>O-Rings WAX<\/li>\n<li>Rosca de parafuso 1\/2<\/li>\n<li>Tr\u00e2nsito 6\u00d78<\/li>\n<\/ul>","protected":false},"featured_media":7461,"template":"","meta":[],"product_brand":[],"product_cat":[85,31],"product_tag":[],"class_list":{"0":"post-7436","1":"product","2":"type-product","3":"status-publish","4":"has-post-thumbnail","6":"product_cat-assortiment","7":"product_cat-injectieventiel","9":"first","10":"instock","11":"taxable","12":"shipping-taxable","13":"purchasable","14":"product-type-simple"},"yoast_head":"<!-- This site is optimized with the Yoast SEO plugin v27.2 - https:\/\/yoast.com\/product\/yoast-seo-wordpress\/ -->\n<title>Injectieventiel 1\/2&quot; 6x8 (SS+FP+SS) (AISI 316L) - Dosing Pump Shop B.V.<\/title>\n<meta name=\"robots\" content=\"index, follow, max-snippet:-1, max-image-preview:large, max-video-preview:-1\" \/>\n<link rel=\"canonical\" href=\"https:\/\/dosingpump.shop\/pt\/produto\/valvula-de-injecao-1-2-6x8-ssfpss-aisi-316l\/\" \/>\n<meta property=\"og:locale\" content=\"pt_PT\" \/>\n<meta property=\"og:type\" content=\"article\" \/>\n<meta property=\"og:title\" content=\"Injectieventiel 1\/2&quot; 6x8 (SS+FP+SS) (AISI 316L) - Dosing Pump Shop B.V.\" \/>\n<meta property=\"og:description\" content=\"Behuizing Stainless steel  O-Ringen WAX  Schroefdraad 1\/2  Doorvoer 6x8\" \/>\n<meta property=\"og:url\" content=\"https:\/\/dosingpump.shop\/pt\/produto\/valvula-de-injecao-1-2-6x8-ssfpss-aisi-316l\/\" \/>\n<meta property=\"og:site_name\" content=\"Dosing Pump Shop B.V.\" \/>\n<meta property=\"article:modified_time\" content=\"2026-02-27T12:50:31+00:00\" \/>\n<meta property=\"og:image\" content=\"https:\/\/dosingpump.shop\/wp-content\/uploads\/2025\/06\/Injectieventiel-FP.png\" \/>\n\t<meta property=\"og:image:width\" content=\"500\" \/>\n\t<meta property=\"og:image:height\" content=\"500\" \/>\n\t<meta property=\"og:image:type\" content=\"image\/png\" \/>\n<meta name=\"twitter:card\" content=\"summary_large_image\" \/>\n<meta name=\"twitter:label1\" content=\"pre\u00e7o\" \/>\n\t<meta name=\"twitter:data1\" content=\"&euro;189,00\" \/>\n\t<meta name=\"twitter:label2\" content=\"Disponibilidade\" \/>\n\t<meta name=\"twitter:data2\" content=\"Em stock\" \/>\n<script type=\"application\/ld+json\" class=\"yoast-schema-graph\">{\"@context\":\"https:\/\/schema.org\",\"@graph\":[{\"@type\":\"WebPage\",\"@id\":\"https:\/\/dosingpump.shop\/fr\/produit\/valve-dinjection-1-2-6x8-ssfpss-aisi-316l\/\",\"url\":\"https:\/\/dosingpump.shop\/fr\/produit\/valve-dinjection-1-2-6x8-ssfpss-aisi-316l\/\",\"name\":\"Injectieventiel 1\/2\\\" 6x8 (SS+FP+SS) (AISI 316L) - Dosing Pump Shop B.V.\",\"isPartOf\":{\"@id\":\"https:\/\/dosingpump.shop\/de\/#website\"},\"primaryImageOfPage\":{\"@id\":\"https:\/\/dosingpump.shop\/fr\/produit\/valve-dinjection-1-2-6x8-ssfpss-aisi-316l\/#primaryimage\"},\"image\":{\"@id\":\"https:\/\/dosingpump.shop\/fr\/produit\/valve-dinjection-1-2-6x8-ssfpss-aisi-316l\/#primaryimage\"},\"thumbnailUrl\":\"https:\/\/dosingpump.shop\/wp-content\/uploads\/2025\/06\/Injectieventiel-FP.png\",\"datePublished\":\"2025-06-16T09:08:03+00:00\",\"dateModified\":\"2026-02-27T12:50:31+00:00\",\"breadcrumb\":{\"@id\":\"https:\/\/dosingpump.shop\/fr\/produit\/valve-dinjection-1-2-6x8-ssfpss-aisi-316l\/#breadcrumb\"},\"inLanguage\":\"pt-PT\",\"potentialAction\":[{\"@type\":\"ReadAction\",\"target\":[\"https:\/\/dosingpump.shop\/fr\/produit\/valve-dinjection-1-2-6x8-ssfpss-aisi-316l\/\"]}]},{\"@type\":\"ImageObject\",\"inLanguage\":\"pt-PT\",\"@id\":\"https:\/\/dosingpump.shop\/fr\/produit\/valve-dinjection-1-2-6x8-ssfpss-aisi-316l\/#primaryimage\",\"url\":\"https:\/\/dosingpump.shop\/wp-content\/uploads\/2025\/06\/Injectieventiel-FP.png\",\"contentUrl\":\"https:\/\/dosingpump.shop\/wp-content\/uploads\/2025\/06\/Injectieventiel-FP.png\",\"width\":500,\"height\":500},{\"@type\":\"BreadcrumbList\",\"@id\":\"https:\/\/dosingpump.shop\/fr\/produit\/valve-dinjection-1-2-6x8-ssfpss-aisi-316l\/#breadcrumb\",\"itemListElement\":[{\"@type\":\"ListItem\",\"position\":1,\"name\":\"Home\",\"item\":\"https:\/\/dosingpump.shop\/\"},{\"@type\":\"ListItem\",\"position\":2,\"name\":\"Shop\",\"item\":\"https:\/\/dosingpump.shop\/de\/shop\/\"},{\"@type\":\"ListItem\",\"position\":3,\"name\":\"Injectieventiel 1\/2&#8243; 6&#215;8 (SS+FP+SS) (AISI 316L)\"}]},{\"@type\":\"WebSite\",\"@id\":\"https:\/\/dosingpump.shop\/de\/#website\",\"url\":\"https:\/\/dosingpump.shop\/de\/\",\"name\":\"Dosing Pump Shop B.V.\",\"description\":\"\",\"publisher\":{\"@id\":\"https:\/\/dosingpump.shop\/de\/#organization\"},\"potentialAction\":[{\"@type\":\"SearchAction\",\"target\":{\"@type\":\"EntryPoint\",\"urlTemplate\":\"https:\/\/dosingpump.shop\/de\/?s={search_term_string}\"},\"query-input\":{\"@type\":\"PropertyValueSpecification\",\"valueRequired\":true,\"valueName\":\"search_term_string\"}}],\"inLanguage\":\"pt-PT\"},{\"@type\":\"Organization\",\"@id\":\"https:\/\/dosingpump.shop\/de\/#organization\",\"name\":\"Dosing Pump Shop B.V.\",\"url\":\"https:\/\/dosingpump.shop\/de\/\",\"logo\":{\"@type\":\"ImageObject\",\"inLanguage\":\"pt-PT\",\"@id\":\"https:\/\/dosingpump.shop\/de\/#\/schema\/logo\/image\/\",\"url\":\"https:\/\/dosingpump.shop\/wp-content\/uploads\/2024\/10\/Dosing-Pump-Shop-logo.png\",\"contentUrl\":\"https:\/\/dosingpump.shop\/wp-content\/uploads\/2024\/10\/Dosing-Pump-Shop-logo.png\",\"width\":350,\"height\":45,\"caption\":\"Dosing Pump Shop B.V.\"},\"image\":{\"@id\":\"https:\/\/dosingpump.shop\/de\/#\/schema\/logo\/image\/\"},\"sameAs\":[\"https:\/\/linkedin.com\/company\/dosing-pump-shop\"]}]}<\/script>\n<meta property=\"product:price:amount\" content=\"189.00\" \/>\n<meta property=\"product:price:currency\" content=\"EUR\" \/>\n<meta property=\"og:availability\" content=\"instock\" \/>\n<meta property=\"product:availability\" content=\"instock\" \/>\n<meta property=\"product:retailer_item_id\" content=\"073.0889.1\u00a0\" \/>\n<meta property=\"product:condition\" content=\"new\" \/>\n<!-- \/ Yoast SEO plugin. -->","yoast_head_json":{"title":"V\u00e1lvula de inje\u00e7\u00e3o 1\/2\" 6x8 (SS+FP+SS) (AISI 316L) - Dosing Pump Shop B.V.","robots":{"index":"index","follow":"follow","max-snippet":"max-snippet:-1","max-image-preview":"max-image-preview:large","max-video-preview":"max-video-preview:-1"},"canonical":"https:\/\/dosingpump.shop\/pt\/produto\/valvula-de-injecao-1-2-6x8-ssfpss-aisi-316l\/","og_locale":"pt_PT","og_type":"article","og_title":"Injectieventiel 1\/2\" 6x8 (SS+FP+SS) (AISI 316L) - Dosing Pump Shop B.V.","og_description":"Behuizing Stainless steel  O-Ringen WAX  Schroefdraad 1\/2  Doorvoer 6x8","og_url":"https:\/\/dosingpump.shop\/pt\/produto\/valvula-de-injecao-1-2-6x8-ssfpss-aisi-316l\/","og_site_name":"Dosing Pump Shop B.V.","article_modified_time":"2026-02-27T12:50:31+00:00","og_image":[{"width":500,"height":500,"url":"https:\/\/dosingpump.shop\/wp-content\/uploads\/2025\/06\/Injectieventiel-FP.png","type":"image\/png"}],"twitter_card":"summary_large_image","twitter_misc":{"pre\u00e7o":"&euro;189,00","Disponibilidade":"Em stock"},"schema":{"@context":"https:\/\/schema.org","@graph":[{"@type":"WebPage","@id":"https:\/\/dosingpump.shop\/fr\/produit\/valve-dinjection-1-2-6x8-ssfpss-aisi-316l\/","url":"https:\/\/dosingpump.shop\/fr\/produit\/valve-dinjection-1-2-6x8-ssfpss-aisi-316l\/","name":"V\u00e1lvula de inje\u00e7\u00e3o 1\/2\" 6x8 (SS+FP+SS) (AISI 316L) - Dosing Pump Shop B.V.","isPartOf":{"@id":"https:\/\/dosingpump.shop\/de\/#website"},"primaryImageOfPage":{"@id":"https:\/\/dosingpump.shop\/fr\/produit\/valve-dinjection-1-2-6x8-ssfpss-aisi-316l\/#primaryimage"},"image":{"@id":"https:\/\/dosingpump.shop\/fr\/produit\/valve-dinjection-1-2-6x8-ssfpss-aisi-316l\/#primaryimage"},"thumbnailUrl":"https:\/\/dosingpump.shop\/wp-content\/uploads\/2025\/06\/Injectieventiel-FP.png","datePublished":"2025-06-16T09:08:03+00:00","dateModified":"2026-02-27T12:50:31+00:00","breadcrumb":{"@id":"https:\/\/dosingpump.shop\/fr\/produit\/valve-dinjection-1-2-6x8-ssfpss-aisi-316l\/#breadcrumb"},"inLanguage":"pt-PT","potentialAction":[{"@type":"ReadAction","target":["https:\/\/dosingpump.shop\/fr\/produit\/valve-dinjection-1-2-6x8-ssfpss-aisi-316l\/"]}]},{"@type":"ImageObject","inLanguage":"pt-PT","@id":"https:\/\/dosingpump.shop\/fr\/produit\/valve-dinjection-1-2-6x8-ssfpss-aisi-316l\/#primaryimage","url":"https:\/\/dosingpump.shop\/wp-content\/uploads\/2025\/06\/Injectieventiel-FP.png","contentUrl":"https:\/\/dosingpump.shop\/wp-content\/uploads\/2025\/06\/Injectieventiel-FP.png","width":500,"height":500},{"@type":"BreadcrumbList","@id":"https:\/\/dosingpump.shop\/fr\/produit\/valve-dinjection-1-2-6x8-ssfpss-aisi-316l\/#breadcrumb","itemListElement":[{"@type":"ListItem","position":1,"name":"Home","item":"https:\/\/dosingpump.shop\/"},{"@type":"ListItem","position":2,"name":"Shop","item":"https:\/\/dosingpump.shop\/de\/shop\/"},{"@type":"ListItem","position":3,"name":"Injectieventiel 1\/2&#8243; 6&#215;8 (SS+FP+SS) (AISI 316L)"}]},{"@type":"WebSite","@id":"https:\/\/dosingpump.shop\/de\/#website","url":"https:\/\/dosingpump.shop\/de\/","name":"Dosing Pump Shop B.V.","description":"","publisher":{"@id":"https:\/\/dosingpump.shop\/de\/#organization"},"potentialAction":[{"@type":"SearchAction","target":{"@type":"EntryPoint","urlTemplate":"https:\/\/dosingpump.shop\/de\/?s={search_term_string}"},"query-input":{"@type":"PropertyValueSpecification","valueRequired":true,"valueName":"search_term_string"}}],"inLanguage":"pt-PT"},{"@type":"Organization","@id":"https:\/\/dosingpump.shop\/de\/#organization","name":"Dosing Pump Shop B.V.","url":"https:\/\/dosingpump.shop\/de\/","logo":{"@type":"ImageObject","inLanguage":"pt-PT","@id":"https:\/\/dosingpump.shop\/de\/#\/schema\/logo\/image\/","url":"https:\/\/dosingpump.shop\/wp-content\/uploads\/2024\/10\/Dosing-Pump-Shop-logo.png","contentUrl":"https:\/\/dosingpump.shop\/wp-content\/uploads\/2024\/10\/Dosing-Pump-Shop-logo.png","width":350,"height":45,"caption":"Dosing Pump Shop B.V."},"image":{"@id":"https:\/\/dosingpump.shop\/de\/#\/schema\/logo\/image\/"},"sameAs":["https:\/\/linkedin.com\/company\/dosing-pump-shop"]}]},"product_price_amount":"189.00","product_price_currency":"EUR","og_availability":"instock","product_availability":"instock","product_retailer_item_id":"073.0889.1\u00a0","product_condition":"new"},"_links":{"self":[{"href":"https:\/\/dosingpump.shop\/pt\/wp-json\/wp\/v2\/product\/7436","targetHints":{"allow":["GET"]}}],"collection":[{"href":"https:\/\/dosingpump.shop\/pt\/wp-json\/wp\/v2\/product"}],"about":[{"href":"https:\/\/dosingpump.shop\/pt\/wp-json\/wp\/v2\/types\/product"}],"wp:featuredmedia":[{"embeddable":true,"href":"https:\/\/dosingpump.shop\/pt\/wp-json\/wp\/v2\/media\/7461"}],"wp:attachment":[{"href":"https:\/\/dosingpump.shop\/pt\/wp-json\/wp\/v2\/media?parent=7436"}],"wp:term":[{"taxonomy":"product_brand","embeddable":true,"href":"https:\/\/dosingpump.shop\/pt\/wp-json\/wp\/v2\/product_brand?post=7436"},{"taxonomy":"product_cat","embeddable":true,"href":"https:\/\/dosingpump.shop\/pt\/wp-json\/wp\/v2\/product_cat?post=7436"},{"taxonomy":"product_tag","embeddable":true,"href":"https:\/\/dosingpump.shop\/pt\/wp-json\/wp\/v2\/product_tag?post=7436"}],"curies":[{"name":"wp","href":"https:\/\/api.w.org\/{rel}","templated":true}]}}