{"id":7613,"date":"2025-07-01T12:05:58","date_gmt":"2025-07-01T10:05:58","guid":{"rendered":"https:\/\/dosingpump.shop\/product\/pompkop-k-v-4x6-pvdffpce\/"},"modified":"2026-02-27T14:50:35","modified_gmt":"2026-02-27T12:50:35","slug":"cabeca-de-bomba-k-v-4x6-pvdffpce","status":"publish","type":"product","link":"https:\/\/dosingpump.shop\/pt\/product\/pompkop-k-v-4x6-pvdffpce\/","title":{"rendered":"Cabe\u00e7a da bomba K V 4X6 (PVDF+FP+CE)"},"content":{"rendered":"<p>As cabe\u00e7as de bomba da Emec s\u00e3o os componentes cruciais que garantem o doseamento preciso e fi\u00e1vel de l\u00edquidos numa vasta gama de aplica\u00e7\u00f5es industriais e comerciais. S\u00e3o a pe\u00e7a central operacional essencial de qualquer sistema de dosagem Emec, com todos os pormenores concebidos para garantir a m\u00e1xima efici\u00eancia e durabilidade.<\/p>\n<p>Estas cabe\u00e7as de bomba s\u00e3o fabricadas a partir de materiais de alta qualidade especificamente escolhidos de acordo com o l\u00edquido a distribuir, quer se trate de produtos qu\u00edmicos agressivos, solu\u00e7\u00f5es viscosas ou reagentes delicados. Isto garante uma resist\u00eancia qu\u00edmica e uma longevidade excepcionais, mesmo nas condi\u00e7\u00f5es mais exigentes. O design interno cuidadoso minimiza o desgaste e optimiza o fluxo de fluido, resultando numa distribui\u00e7\u00e3o consistente e reprodut\u00edvel.<\/p>\n<p>A precis\u00e3o das cabe\u00e7as de bomba \u00e9 vital para os processos em que cada gota conta. Garantem um doseamento controlado e est\u00e1vel, essencial para o controlo da qualidade, a utiliza\u00e7\u00e3o eficiente das mat\u00e9rias-primas e o cumprimento dos par\u00e2metros do processo. A Emec oferece uma diversidade de cabe\u00e7as de bomba com diferentes caudais e press\u00f5es, tornando-as adequadas para uma vasta gama de aplica\u00e7\u00f5es, desde o tratamento de \u00e1guas e processos qu\u00edmicos at\u00e9 \u00e0 agricultura e ind\u00fastrias alimentares.<\/p>\n<p>Em suma, as cabe\u00e7as de bomba da Emec s\u00e3o o elo indispens\u00e1vel que assegura a fiabilidade e a precis\u00e3o dos seus processos de dosagem, contribuindo significativamente para o desempenho global e a efic\u00e1cia do seu sistema.<\/p>","protected":false},"excerpt":{"rendered":"<ul>\n<li>Fabricado com materiais de alta qualidade<\/li>\n<li>Para uma dosagem precisa e fi\u00e1vel<\/li>\n<li>Adequado para bombas doseadoras emec<\/li>\n<\/ul>\n<p>N\u00e3o consegue perceber? Ent\u00e3o entre em contacto connosco, estamos prontos para o ajudar.<\/p>","protected":false},"featured_media":7712,"template":"","meta":[],"product_brand":[],"product_cat":[236],"product_tag":[],"class_list":{"0":"post-7613","1":"product","2":"type-product","3":"status-publish","4":"has-post-thumbnail","6":"product_cat-pompkoppen","8":"first","9":"instock","10":"taxable","11":"shipping-taxable","12":"purchasable","13":"product-type-simple"},"yoast_head":"<!-- This site is optimized with the Yoast SEO plugin v27.2 - https:\/\/yoast.com\/product\/yoast-seo-wordpress\/ -->\n<title>Pompkop K V 4X6 (PVDF+FP+CE) - Dosing Pump Shop B.V.<\/title>\n<meta name=\"robots\" content=\"index, follow, max-snippet:-1, max-image-preview:large, max-video-preview:-1\" \/>\n<link rel=\"canonical\" href=\"https:\/\/dosingpump.shop\/pt\/produto\/cabeca-de-bomba-k-v-4x6-pvdffpce\/\" \/>\n<meta property=\"og:locale\" content=\"pt_PT\" \/>\n<meta property=\"og:type\" content=\"article\" \/>\n<meta property=\"og:title\" content=\"Pompkop K V 4X6 (PVDF+FP+CE) - Dosing Pump Shop B.V.\" \/>\n<meta property=\"og:description\" content=\"Gemaakt van hoogwaardige materialen  Voor nauwkeurige en betrouwbare dosering  Geschikt voor emec doseerpompen  Kom je er niet aan uit? Neem dan contact op wij staan klaar om u te helpen.\" \/>\n<meta property=\"og:url\" content=\"https:\/\/dosingpump.shop\/pt\/produto\/cabeca-de-bomba-k-v-4x6-pvdffpce\/\" \/>\n<meta property=\"og:site_name\" content=\"Dosing Pump Shop B.V.\" \/>\n<meta property=\"article:modified_time\" content=\"2026-02-27T12:50:35+00:00\" \/>\n<meta property=\"og:image\" content=\"https:\/\/dosingpump.shop\/wp-content\/uploads\/2025\/07\/Emec-Pumphead-PVDF.png\" \/>\n\t<meta property=\"og:image:width\" content=\"500\" \/>\n\t<meta property=\"og:image:height\" content=\"500\" \/>\n\t<meta property=\"og:image:type\" content=\"image\/png\" \/>\n<meta name=\"twitter:card\" content=\"summary_large_image\" \/>\n<meta name=\"twitter:label1\" content=\"pre\u00e7o\" \/>\n\t<meta name=\"twitter:data1\" content=\"&euro;46,00\" \/>\n\t<meta name=\"twitter:label2\" content=\"Disponibilidade\" \/>\n\t<meta name=\"twitter:data2\" content=\"Em stock\" \/>\n<script type=\"application\/ld+json\" class=\"yoast-schema-graph\">{\"@context\":\"https:\/\/schema.org\",\"@graph\":[{\"@type\":\"WebPage\",\"@id\":\"https:\/\/dosingpump.shop\/pl\/produkt-2\/pumphead-k-v-4x6-pvdffpce\/\",\"url\":\"https:\/\/dosingpump.shop\/pl\/produkt-2\/pumphead-k-v-4x6-pvdffpce\/\",\"name\":\"Pompkop K V 4X6 (PVDF+FP+CE) - Dosing Pump Shop B.V.\",\"isPartOf\":{\"@id\":\"https:\/\/dosingpump.shop\/de\/#website\"},\"primaryImageOfPage\":{\"@id\":\"https:\/\/dosingpump.shop\/pl\/produkt-2\/pumphead-k-v-4x6-pvdffpce\/#primaryimage\"},\"image\":{\"@id\":\"https:\/\/dosingpump.shop\/pl\/produkt-2\/pumphead-k-v-4x6-pvdffpce\/#primaryimage\"},\"thumbnailUrl\":\"https:\/\/dosingpump.shop\/wp-content\/uploads\/2025\/07\/Emec-Pumphead-PVDF.png\",\"datePublished\":\"2025-07-01T10:05:58+00:00\",\"dateModified\":\"2026-02-27T12:50:35+00:00\",\"breadcrumb\":{\"@id\":\"https:\/\/dosingpump.shop\/pl\/produkt-2\/pumphead-k-v-4x6-pvdffpce\/#breadcrumb\"},\"inLanguage\":\"pt-PT\",\"potentialAction\":[{\"@type\":\"ReadAction\",\"target\":[\"https:\/\/dosingpump.shop\/pl\/produkt-2\/pumphead-k-v-4x6-pvdffpce\/\"]}]},{\"@type\":\"ImageObject\",\"inLanguage\":\"pt-PT\",\"@id\":\"https:\/\/dosingpump.shop\/pl\/produkt-2\/pumphead-k-v-4x6-pvdffpce\/#primaryimage\",\"url\":\"https:\/\/dosingpump.shop\/wp-content\/uploads\/2025\/07\/Emec-Pumphead-PVDF.png\",\"contentUrl\":\"https:\/\/dosingpump.shop\/wp-content\/uploads\/2025\/07\/Emec-Pumphead-PVDF.png\",\"width\":500,\"height\":500},{\"@type\":\"BreadcrumbList\",\"@id\":\"https:\/\/dosingpump.shop\/pl\/produkt-2\/pumphead-k-v-4x6-pvdffpce\/#breadcrumb\",\"itemListElement\":[{\"@type\":\"ListItem\",\"position\":1,\"name\":\"Home\",\"item\":\"https:\/\/dosingpump.shop\/\"},{\"@type\":\"ListItem\",\"position\":2,\"name\":\"Shop\",\"item\":\"https:\/\/dosingpump.shop\/de\/shop\/\"},{\"@type\":\"ListItem\",\"position\":3,\"name\":\"Pompkop K V 4X6 (PVDF+FP+CE)\"}]},{\"@type\":\"WebSite\",\"@id\":\"https:\/\/dosingpump.shop\/de\/#website\",\"url\":\"https:\/\/dosingpump.shop\/de\/\",\"name\":\"Dosing Pump Shop B.V.\",\"description\":\"\",\"publisher\":{\"@id\":\"https:\/\/dosingpump.shop\/de\/#organization\"},\"potentialAction\":[{\"@type\":\"SearchAction\",\"target\":{\"@type\":\"EntryPoint\",\"urlTemplate\":\"https:\/\/dosingpump.shop\/de\/?s={search_term_string}\"},\"query-input\":{\"@type\":\"PropertyValueSpecification\",\"valueRequired\":true,\"valueName\":\"search_term_string\"}}],\"inLanguage\":\"pt-PT\"},{\"@type\":\"Organization\",\"@id\":\"https:\/\/dosingpump.shop\/de\/#organization\",\"name\":\"Dosing Pump Shop B.V.\",\"url\":\"https:\/\/dosingpump.shop\/de\/\",\"logo\":{\"@type\":\"ImageObject\",\"inLanguage\":\"pt-PT\",\"@id\":\"https:\/\/dosingpump.shop\/de\/#\/schema\/logo\/image\/\",\"url\":\"https:\/\/dosingpump.shop\/wp-content\/uploads\/2024\/10\/Dosing-Pump-Shop-logo.png\",\"contentUrl\":\"https:\/\/dosingpump.shop\/wp-content\/uploads\/2024\/10\/Dosing-Pump-Shop-logo.png\",\"width\":350,\"height\":45,\"caption\":\"Dosing Pump Shop B.V.\"},\"image\":{\"@id\":\"https:\/\/dosingpump.shop\/de\/#\/schema\/logo\/image\/\"},\"sameAs\":[\"https:\/\/linkedin.com\/company\/dosing-pump-shop\"]}]}<\/script>\n<meta property=\"product:price:amount\" content=\"46.00\" \/>\n<meta property=\"product:price:currency\" content=\"EUR\" \/>\n<meta property=\"og:availability\" content=\"instock\" \/>\n<meta property=\"product:availability\" content=\"instock\" \/>\n<meta property=\"product:retailer_item_id\" content=\"020.0987.1\" \/>\n<meta property=\"product:condition\" content=\"new\" \/>\n<!-- \/ Yoast SEO plugin. -->","yoast_head_json":{"title":"Cabe\u00e7a da bomba K V 4X6 (PVDF+FP+CE) - Dosing Pump Shop B.V.","robots":{"index":"index","follow":"follow","max-snippet":"max-snippet:-1","max-image-preview":"max-image-preview:large","max-video-preview":"max-video-preview:-1"},"canonical":"https:\/\/dosingpump.shop\/pt\/produto\/cabeca-de-bomba-k-v-4x6-pvdffpce\/","og_locale":"pt_PT","og_type":"article","og_title":"Pompkop K V 4X6 (PVDF+FP+CE) - Dosing Pump Shop B.V.","og_description":"Gemaakt van hoogwaardige materialen  Voor nauwkeurige en betrouwbare dosering  Geschikt voor emec doseerpompen  Kom je er niet aan uit? Neem dan contact op wij staan klaar om u te helpen.","og_url":"https:\/\/dosingpump.shop\/pt\/produto\/cabeca-de-bomba-k-v-4x6-pvdffpce\/","og_site_name":"Dosing Pump Shop B.V.","article_modified_time":"2026-02-27T12:50:35+00:00","og_image":[{"width":500,"height":500,"url":"https:\/\/dosingpump.shop\/wp-content\/uploads\/2025\/07\/Emec-Pumphead-PVDF.png","type":"image\/png"}],"twitter_card":"summary_large_image","twitter_misc":{"pre\u00e7o":"&euro;46,00","Disponibilidade":"Em stock"},"schema":{"@context":"https:\/\/schema.org","@graph":[{"@type":"WebPage","@id":"https:\/\/dosingpump.shop\/pl\/produkt-2\/pumphead-k-v-4x6-pvdffpce\/","url":"https:\/\/dosingpump.shop\/pl\/produkt-2\/pumphead-k-v-4x6-pvdffpce\/","name":"Cabe\u00e7a da bomba K V 4X6 (PVDF+FP+CE) - Dosing Pump Shop B.V.","isPartOf":{"@id":"https:\/\/dosingpump.shop\/de\/#website"},"primaryImageOfPage":{"@id":"https:\/\/dosingpump.shop\/pl\/produkt-2\/pumphead-k-v-4x6-pvdffpce\/#primaryimage"},"image":{"@id":"https:\/\/dosingpump.shop\/pl\/produkt-2\/pumphead-k-v-4x6-pvdffpce\/#primaryimage"},"thumbnailUrl":"https:\/\/dosingpump.shop\/wp-content\/uploads\/2025\/07\/Emec-Pumphead-PVDF.png","datePublished":"2025-07-01T10:05:58+00:00","dateModified":"2026-02-27T12:50:35+00:00","breadcrumb":{"@id":"https:\/\/dosingpump.shop\/pl\/produkt-2\/pumphead-k-v-4x6-pvdffpce\/#breadcrumb"},"inLanguage":"pt-PT","potentialAction":[{"@type":"ReadAction","target":["https:\/\/dosingpump.shop\/pl\/produkt-2\/pumphead-k-v-4x6-pvdffpce\/"]}]},{"@type":"ImageObject","inLanguage":"pt-PT","@id":"https:\/\/dosingpump.shop\/pl\/produkt-2\/pumphead-k-v-4x6-pvdffpce\/#primaryimage","url":"https:\/\/dosingpump.shop\/wp-content\/uploads\/2025\/07\/Emec-Pumphead-PVDF.png","contentUrl":"https:\/\/dosingpump.shop\/wp-content\/uploads\/2025\/07\/Emec-Pumphead-PVDF.png","width":500,"height":500},{"@type":"BreadcrumbList","@id":"https:\/\/dosingpump.shop\/pl\/produkt-2\/pumphead-k-v-4x6-pvdffpce\/#breadcrumb","itemListElement":[{"@type":"ListItem","position":1,"name":"Home","item":"https:\/\/dosingpump.shop\/"},{"@type":"ListItem","position":2,"name":"Shop","item":"https:\/\/dosingpump.shop\/de\/shop\/"},{"@type":"ListItem","position":3,"name":"Pompkop K V 4X6 (PVDF+FP+CE)"}]},{"@type":"WebSite","@id":"https:\/\/dosingpump.shop\/de\/#website","url":"https:\/\/dosingpump.shop\/de\/","name":"Dosing Pump Shop B.V.","description":"","publisher":{"@id":"https:\/\/dosingpump.shop\/de\/#organization"},"potentialAction":[{"@type":"SearchAction","target":{"@type":"EntryPoint","urlTemplate":"https:\/\/dosingpump.shop\/de\/?s={search_term_string}"},"query-input":{"@type":"PropertyValueSpecification","valueRequired":true,"valueName":"search_term_string"}}],"inLanguage":"pt-PT"},{"@type":"Organization","@id":"https:\/\/dosingpump.shop\/de\/#organization","name":"Dosing Pump Shop B.V.","url":"https:\/\/dosingpump.shop\/de\/","logo":{"@type":"ImageObject","inLanguage":"pt-PT","@id":"https:\/\/dosingpump.shop\/de\/#\/schema\/logo\/image\/","url":"https:\/\/dosingpump.shop\/wp-content\/uploads\/2024\/10\/Dosing-Pump-Shop-logo.png","contentUrl":"https:\/\/dosingpump.shop\/wp-content\/uploads\/2024\/10\/Dosing-Pump-Shop-logo.png","width":350,"height":45,"caption":"Dosing Pump Shop B.V."},"image":{"@id":"https:\/\/dosingpump.shop\/de\/#\/schema\/logo\/image\/"},"sameAs":["https:\/\/linkedin.com\/company\/dosing-pump-shop"]}]},"product_price_amount":"46.00","product_price_currency":"EUR","og_availability":"instock","product_availability":"instock","product_retailer_item_id":"020.0987.1","product_condition":"new"},"_links":{"self":[{"href":"https:\/\/dosingpump.shop\/pt\/wp-json\/wp\/v2\/product\/7613","targetHints":{"allow":["GET"]}}],"collection":[{"href":"https:\/\/dosingpump.shop\/pt\/wp-json\/wp\/v2\/product"}],"about":[{"href":"https:\/\/dosingpump.shop\/pt\/wp-json\/wp\/v2\/types\/product"}],"wp:featuredmedia":[{"embeddable":true,"href":"https:\/\/dosingpump.shop\/pt\/wp-json\/wp\/v2\/media\/7712"}],"wp:attachment":[{"href":"https:\/\/dosingpump.shop\/pt\/wp-json\/wp\/v2\/media?parent=7613"}],"wp:term":[{"taxonomy":"product_brand","embeddable":true,"href":"https:\/\/dosingpump.shop\/pt\/wp-json\/wp\/v2\/product_brand?post=7613"},{"taxonomy":"product_cat","embeddable":true,"href":"https:\/\/dosingpump.shop\/pt\/wp-json\/wp\/v2\/product_cat?post=7613"},{"taxonomy":"product_tag","embeddable":true,"href":"https:\/\/dosingpump.shop\/pt\/wp-json\/wp\/v2\/product_tag?post=7613"}],"curies":[{"name":"wp","href":"https:\/\/api.w.org\/{rel}","templated":true}]}}