{"id":8504,"date":"2025-10-31T10:49:37","date_gmt":"2025-10-31T08:49:37","guid":{"rendered":"https:\/\/dosingpump.shop\/product\/emec-ams-plus-02-60-fp-230vac-2-2\/"},"modified":"2026-02-27T14:50:53","modified_gmt":"2026-02-27T12:50:53","slug":"emec-ams-plus-02-60-fp-230vac-2-3","status":"publish","type":"product","link":"https:\/\/dosingpump.shop\/pt\/product\/emec-ams-plus-02-60-fp-230vac-2-2-2\/","title":{"rendered":"Emec AMS-PLUS 02-60 FP 230VAC"},"content":{"rendered":"<p>A Emec AMS PLUS 02-60 FP 230VAC \u00e9 uma bomba doseadora robusta e vers\u00e1til, de montagem horizontal, acionada por \u00edman, da s\u00e9rie AMS, concebida para a dosagem constante ou proporcional de produtos qu\u00edmicos, incluindo o controlo do n\u00edvel.<\/p>\n<p>Esta bomba oferece op\u00e7\u00f5es de dosagem flex\u00edveis: no modo constante, a bomba dosa uma quantidade constante definida pelo utilizador, enquanto no modo proporcional, a dosagem \u00e9 proporcional a um sinal externo, como um impulso (contacto sem tens\u00e3o) ou um sinal de corrente (mA). Isto torna a bomba ideal para aplica\u00e7\u00f5es em que o doseamento tem de ser ajustado com base num dispositivo de medi\u00e7\u00e3o externo, como um contador de \u00e1gua.<\/p>\n<p>A capacidade de dosagem \u00e9 controlada tanto pela frequ\u00eancia do curso (velocidade) como pelo comprimento do curso, que pode ser ajustado manualmente de 0 a 100% (com precis\u00e3o garantida entre 30% e 100%). A bomba est\u00e1 equipada com um corpo de bomba em PVDF e uma membrana em PTFE (indicada por \"FP\" no nome do produto) e pode fornecer um caudal m\u00e1ximo de 60 litros por hora a uma press\u00e3o m\u00e1xima de 2 bar. De s\u00e9rie, a bomba \u00e9 fornecida com uma v\u00e1lvula de p\u00e9 com flutuador que p\u00e1ra a dosagem quando o n\u00edvel de produto qu\u00edmico no dep\u00f3sito est\u00e1 baixo.<\/p>","protected":false},"excerpt":{"rendered":"<p>A Emec AMS Plus \u00e9 uma bomba doseadora vers\u00e1til que pode dosear tanto de forma constante como proporcional com base num sinal de impulso externo (por exemplo, de um contador de \u00e1gua). Esta vers\u00e3o com uma cabe\u00e7a de bomba em PVDF (FP) \u00e9 muito adequada para a dosagem de \u00e1cidos e outros produtos qu\u00edmicos agressivos.<\/p>\n<ul>\n<li>Dosagem constante e proporcional<\/li>\n<li>Cabe\u00e7a da bomba em PVDF para \u00e1cidos<\/li>\n<li>Controlo atrav\u00e9s de sinal de impulso externo<\/li>\n<\/ul>","protected":false},"featured_media":5190,"template":"","meta":[],"product_brand":[],"product_cat":[85],"product_tag":[],"class_list":{"0":"post-8504","1":"product","2":"type-product","3":"status-publish","4":"has-post-thumbnail","6":"product_cat-assortiment","8":"first","9":"onbackorder","10":"taxable","11":"shipping-taxable","12":"purchasable","13":"product-type-simple"},"yoast_head":"<!-- This site is optimized with the Yoast SEO plugin v27.2 - https:\/\/yoast.com\/product\/yoast-seo-wordpress\/ -->\n<title>Emec AMS-PLUS 02-60 FP 230VAC - Dosing Pump Shop B.V.<\/title>\n<meta name=\"robots\" content=\"index, follow, max-snippet:-1, max-image-preview:large, max-video-preview:-1\" \/>\n<link rel=\"canonical\" href=\"https:\/\/dosingpump.shop\/pt\/produto\/emec-ams-plus-02-60-fp-230vac-2-3\/\" \/>\n<meta property=\"og:locale\" content=\"pt_PT\" \/>\n<meta property=\"og:type\" content=\"article\" \/>\n<meta property=\"og:title\" content=\"Emec AMS-PLUS 02-60 FP 230VAC - Dosing Pump Shop B.V.\" \/>\n<meta property=\"og:description\" content=\"De Emec AMS Plus is een veelzijdige doseerpomp die zowel constant als proportioneel kan doseren op basis van een extern pulssignaal (bijv. van een watermeter). Deze uitvoering met een PVDF (FP) pompkop is zeer geschikt voor het doseren van zuren en andere agressieve chemicali\u00ebn.   Constant en proportioneel doseren  PVDF pompkop voor zuren  Aansturing via extern pulssignaal\" \/>\n<meta property=\"og:url\" content=\"https:\/\/dosingpump.shop\/pt\/produto\/emec-ams-plus-02-60-fp-230vac-2-3\/\" \/>\n<meta property=\"og:site_name\" content=\"Dosing Pump Shop B.V.\" \/>\n<meta property=\"article:modified_time\" content=\"2026-02-27T12:50:53+00:00\" \/>\n<meta property=\"og:image\" content=\"https:\/\/dosingpump.shop\/wp-content\/uploads\/2024\/12\/Emec-AMS-Series.webp\" \/>\n\t<meta property=\"og:image:width\" content=\"600\" \/>\n\t<meta property=\"og:image:height\" content=\"600\" \/>\n\t<meta property=\"og:image:type\" content=\"image\/webp\" \/>\n<meta name=\"twitter:card\" content=\"summary_large_image\" \/>\n<meta name=\"twitter:label1\" content=\"pre\u00e7o\" \/>\n\t<meta name=\"twitter:data1\" content=\"&euro;922,00\" \/>\n\t<meta name=\"twitter:label2\" content=\"Disponibilidade\" \/>\n\t<meta name=\"twitter:data2\" content=\"Por encomenda\" \/>\n<script type=\"application\/ld+json\" class=\"yoast-schema-graph\">{\"@context\":\"https:\/\/schema.org\",\"@graph\":[{\"@type\":\"WebPage\",\"@id\":\"https:\/\/dosingpump.shop\/product\/emec-ams-plus-02-60-fp-230vac-2-2-2\/\",\"url\":\"https:\/\/dosingpump.shop\/product\/emec-ams-plus-02-60-fp-230vac-2-2-2\/\",\"name\":\"Emec AMS-PLUS 02-60 FP 230VAC - Dosing Pump Shop B.V.\",\"isPartOf\":{\"@id\":\"https:\/\/dosingpump.shop\/de\/#website\"},\"primaryImageOfPage\":{\"@id\":\"https:\/\/dosingpump.shop\/product\/emec-ams-plus-02-60-fp-230vac-2-2-2\/#primaryimage\"},\"image\":{\"@id\":\"https:\/\/dosingpump.shop\/product\/emec-ams-plus-02-60-fp-230vac-2-2-2\/#primaryimage\"},\"thumbnailUrl\":\"https:\/\/dosingpump.shop\/wp-content\/uploads\/2024\/12\/Emec-AMS-Series.webp\",\"datePublished\":\"2025-10-31T08:49:37+00:00\",\"dateModified\":\"2026-02-27T12:50:53+00:00\",\"breadcrumb\":{\"@id\":\"https:\/\/dosingpump.shop\/product\/emec-ams-plus-02-60-fp-230vac-2-2-2\/#breadcrumb\"},\"inLanguage\":\"pt-PT\",\"potentialAction\":[{\"@type\":\"ReadAction\",\"target\":[\"https:\/\/dosingpump.shop\/product\/emec-ams-plus-02-60-fp-230vac-2-2-2\/\"]}]},{\"@type\":\"ImageObject\",\"inLanguage\":\"pt-PT\",\"@id\":\"https:\/\/dosingpump.shop\/product\/emec-ams-plus-02-60-fp-230vac-2-2-2\/#primaryimage\",\"url\":\"https:\/\/dosingpump.shop\/wp-content\/uploads\/2024\/12\/Emec-AMS-Series.webp\",\"contentUrl\":\"https:\/\/dosingpump.shop\/wp-content\/uploads\/2024\/12\/Emec-AMS-Series.webp\",\"width\":600,\"height\":600},{\"@type\":\"BreadcrumbList\",\"@id\":\"https:\/\/dosingpump.shop\/product\/emec-ams-plus-02-60-fp-230vac-2-2-2\/#breadcrumb\",\"itemListElement\":[{\"@type\":\"ListItem\",\"position\":1,\"name\":\"Home\",\"item\":\"https:\/\/dosingpump.shop\/\"},{\"@type\":\"ListItem\",\"position\":2,\"name\":\"Shop\",\"item\":\"https:\/\/dosingpump.shop\/de\/shop\/\"},{\"@type\":\"ListItem\",\"position\":3,\"name\":\"Emec AMS-PLUS 02-60 FP 230VAC\"}]},{\"@type\":\"WebSite\",\"@id\":\"https:\/\/dosingpump.shop\/de\/#website\",\"url\":\"https:\/\/dosingpump.shop\/de\/\",\"name\":\"Dosing Pump Shop B.V.\",\"description\":\"\",\"publisher\":{\"@id\":\"https:\/\/dosingpump.shop\/de\/#organization\"},\"potentialAction\":[{\"@type\":\"SearchAction\",\"target\":{\"@type\":\"EntryPoint\",\"urlTemplate\":\"https:\/\/dosingpump.shop\/de\/?s={search_term_string}\"},\"query-input\":{\"@type\":\"PropertyValueSpecification\",\"valueRequired\":true,\"valueName\":\"search_term_string\"}}],\"inLanguage\":\"pt-PT\"},{\"@type\":\"Organization\",\"@id\":\"https:\/\/dosingpump.shop\/de\/#organization\",\"name\":\"Dosing Pump Shop B.V.\",\"url\":\"https:\/\/dosingpump.shop\/de\/\",\"logo\":{\"@type\":\"ImageObject\",\"inLanguage\":\"pt-PT\",\"@id\":\"https:\/\/dosingpump.shop\/de\/#\/schema\/logo\/image\/\",\"url\":\"https:\/\/dosingpump.shop\/wp-content\/uploads\/2024\/10\/Dosing-Pump-Shop-logo.png\",\"contentUrl\":\"https:\/\/dosingpump.shop\/wp-content\/uploads\/2024\/10\/Dosing-Pump-Shop-logo.png\",\"width\":350,\"height\":45,\"caption\":\"Dosing Pump Shop B.V.\"},\"image\":{\"@id\":\"https:\/\/dosingpump.shop\/de\/#\/schema\/logo\/image\/\"},\"sameAs\":[\"https:\/\/linkedin.com\/company\/dosing-pump-shop\"]}]}<\/script>\n<meta property=\"product:price:amount\" content=\"922.00\" \/>\n<meta property=\"product:price:currency\" content=\"EUR\" \/>\n<meta property=\"og:availability\" content=\"backorder\" \/>\n<meta property=\"product:availability\" content=\"available for order\" \/>\n<meta property=\"product:retailer_item_id\" content=\"AMU02060K0000R00A000\" \/>\n<meta property=\"product:condition\" content=\"new\" \/>\n<!-- \/ Yoast SEO plugin. -->","yoast_head_json":{"title":"Emec AMS-PLUS 02-60 FP 230VAC - Dosing Pump Shop B.V.","robots":{"index":"index","follow":"follow","max-snippet":"max-snippet:-1","max-image-preview":"max-image-preview:large","max-video-preview":"max-video-preview:-1"},"canonical":"https:\/\/dosingpump.shop\/pt\/produto\/emec-ams-plus-02-60-fp-230vac-2-3\/","og_locale":"pt_PT","og_type":"article","og_title":"Emec AMS-PLUS 02-60 FP 230VAC - Dosing Pump Shop B.V.","og_description":"De Emec AMS Plus is een veelzijdige doseerpomp die zowel constant als proportioneel kan doseren op basis van een extern pulssignaal (bijv. van een watermeter). Deze uitvoering met een PVDF (FP) pompkop is zeer geschikt voor het doseren van zuren en andere agressieve chemicali\u00ebn.   Constant en proportioneel doseren  PVDF pompkop voor zuren  Aansturing via extern pulssignaal","og_url":"https:\/\/dosingpump.shop\/pt\/produto\/emec-ams-plus-02-60-fp-230vac-2-3\/","og_site_name":"Dosing Pump Shop B.V.","article_modified_time":"2026-02-27T12:50:53+00:00","og_image":[{"width":600,"height":600,"url":"https:\/\/dosingpump.shop\/wp-content\/uploads\/2024\/12\/Emec-AMS-Series.webp","type":"image\/webp"}],"twitter_card":"summary_large_image","twitter_misc":{"pre\u00e7o":"&euro;922,00","Disponibilidade":"Por encomenda"},"schema":{"@context":"https:\/\/schema.org","@graph":[{"@type":"WebPage","@id":"https:\/\/dosingpump.shop\/product\/emec-ams-plus-02-60-fp-230vac-2-2-2\/","url":"https:\/\/dosingpump.shop\/product\/emec-ams-plus-02-60-fp-230vac-2-2-2\/","name":"Emec AMS-PLUS 02-60 FP 230VAC - Dosing Pump Shop B.V.","isPartOf":{"@id":"https:\/\/dosingpump.shop\/de\/#website"},"primaryImageOfPage":{"@id":"https:\/\/dosingpump.shop\/product\/emec-ams-plus-02-60-fp-230vac-2-2-2\/#primaryimage"},"image":{"@id":"https:\/\/dosingpump.shop\/product\/emec-ams-plus-02-60-fp-230vac-2-2-2\/#primaryimage"},"thumbnailUrl":"https:\/\/dosingpump.shop\/wp-content\/uploads\/2024\/12\/Emec-AMS-Series.webp","datePublished":"2025-10-31T08:49:37+00:00","dateModified":"2026-02-27T12:50:53+00:00","breadcrumb":{"@id":"https:\/\/dosingpump.shop\/product\/emec-ams-plus-02-60-fp-230vac-2-2-2\/#breadcrumb"},"inLanguage":"pt-PT","potentialAction":[{"@type":"ReadAction","target":["https:\/\/dosingpump.shop\/product\/emec-ams-plus-02-60-fp-230vac-2-2-2\/"]}]},{"@type":"ImageObject","inLanguage":"pt-PT","@id":"https:\/\/dosingpump.shop\/product\/emec-ams-plus-02-60-fp-230vac-2-2-2\/#primaryimage","url":"https:\/\/dosingpump.shop\/wp-content\/uploads\/2024\/12\/Emec-AMS-Series.webp","contentUrl":"https:\/\/dosingpump.shop\/wp-content\/uploads\/2024\/12\/Emec-AMS-Series.webp","width":600,"height":600},{"@type":"BreadcrumbList","@id":"https:\/\/dosingpump.shop\/product\/emec-ams-plus-02-60-fp-230vac-2-2-2\/#breadcrumb","itemListElement":[{"@type":"ListItem","position":1,"name":"Home","item":"https:\/\/dosingpump.shop\/"},{"@type":"ListItem","position":2,"name":"Shop","item":"https:\/\/dosingpump.shop\/de\/shop\/"},{"@type":"ListItem","position":3,"name":"Emec AMS-PLUS 02-60 FP 230VAC"}]},{"@type":"WebSite","@id":"https:\/\/dosingpump.shop\/de\/#website","url":"https:\/\/dosingpump.shop\/de\/","name":"Dosing Pump Shop B.V.","description":"","publisher":{"@id":"https:\/\/dosingpump.shop\/de\/#organization"},"potentialAction":[{"@type":"SearchAction","target":{"@type":"EntryPoint","urlTemplate":"https:\/\/dosingpump.shop\/de\/?s={search_term_string}"},"query-input":{"@type":"PropertyValueSpecification","valueRequired":true,"valueName":"search_term_string"}}],"inLanguage":"pt-PT"},{"@type":"Organization","@id":"https:\/\/dosingpump.shop\/de\/#organization","name":"Dosing Pump Shop B.V.","url":"https:\/\/dosingpump.shop\/de\/","logo":{"@type":"ImageObject","inLanguage":"pt-PT","@id":"https:\/\/dosingpump.shop\/de\/#\/schema\/logo\/image\/","url":"https:\/\/dosingpump.shop\/wp-content\/uploads\/2024\/10\/Dosing-Pump-Shop-logo.png","contentUrl":"https:\/\/dosingpump.shop\/wp-content\/uploads\/2024\/10\/Dosing-Pump-Shop-logo.png","width":350,"height":45,"caption":"Dosing Pump Shop B.V."},"image":{"@id":"https:\/\/dosingpump.shop\/de\/#\/schema\/logo\/image\/"},"sameAs":["https:\/\/linkedin.com\/company\/dosing-pump-shop"]}]},"product_price_amount":"922.00","product_price_currency":"EUR","og_availability":"backorder","product_availability":"available for order","product_retailer_item_id":"AMU02060K0000R00A000","product_condition":"new"},"_links":{"self":[{"href":"https:\/\/dosingpump.shop\/pt\/wp-json\/wp\/v2\/product\/8504","targetHints":{"allow":["GET"]}}],"collection":[{"href":"https:\/\/dosingpump.shop\/pt\/wp-json\/wp\/v2\/product"}],"about":[{"href":"https:\/\/dosingpump.shop\/pt\/wp-json\/wp\/v2\/types\/product"}],"wp:featuredmedia":[{"embeddable":true,"href":"https:\/\/dosingpump.shop\/pt\/wp-json\/wp\/v2\/media\/5190"}],"wp:attachment":[{"href":"https:\/\/dosingpump.shop\/pt\/wp-json\/wp\/v2\/media?parent=8504"}],"wp:term":[{"taxonomy":"product_brand","embeddable":true,"href":"https:\/\/dosingpump.shop\/pt\/wp-json\/wp\/v2\/product_brand?post=8504"},{"taxonomy":"product_cat","embeddable":true,"href":"https:\/\/dosingpump.shop\/pt\/wp-json\/wp\/v2\/product_cat?post=8504"},{"taxonomy":"product_tag","embeddable":true,"href":"https:\/\/dosingpump.shop\/pt\/wp-json\/wp\/v2\/product_tag?post=8504"}],"curies":[{"name":"wp","href":"https:\/\/api.w.org\/{rel}","templated":true}]}}