{"id":3893,"date":"2024-12-05T12:21:29","date_gmt":"2024-12-05T12:21:29","guid":{"rendered":"https:\/\/dosingpump.shop\/?post_type=product&#038;p=3893"},"modified":"2026-02-27T14:49:12","modified_gmt":"2026-02-27T12:49:12","slug":"prism-20-05-ppep-90-240vac","status":"publish","type":"product","link":"https:\/\/dosingpump.shop\/ro\/product\/prisma-20-05-ppep-90-240vac\/","title":{"rendered":"PRISM 20-05 PP+EP 90-240VAC"},"content":{"rendered":"<h3>Emec PRISMA. Pomp\u0103 de dozare cu motor pas cu pas pentru o dozare extrem de precis\u0103.<\/h3>\n<p>Descoperi\u021bi pompa de dozare Emec Prisma, echipat\u0103 cu un motor pas cu pas pentru o precizie de neegalat \u00een dozarea lichidelor, chiar \u0219i a celor mai v\u00e2scoase. Aceast\u0103 pomp\u0103 de dozare de \u00eenalt\u0103 performan\u021b\u0103 este configurat\u0103 \u00een mod standard pentru control prin intermediul unui semnal extern (4-20mA | 0-10V | Puls). 05-28 poate furniza 28 de litri pe or\u0103 la o contrapresiune de 5 bar.<\/p>\n<h4>Caracteristici unice:<\/h4>\n<ul>\n<li><strong>Conectivitate:<\/strong> Op\u021bional cu Bluetooth \u0219i telecomand\u0103 prin serverul Emec Ermes, care v\u0103 permite s\u0103 citi\u021bi \u0219i s\u0103 seta\u021bi pompa de oriunde din lume prin intermediul telefonului mobil.<\/li>\n<li><strong>Compatibilitate:<\/strong> Sunt posibile conexiuni MODBUS.<\/li>\n<li><strong>Adaptabilitate:<\/strong> Software-ul \u0219i motorul pas cu pas permit personalizarea complet\u0103 a Emec Prisma \u00een func\u021bie de nevoile dumneavoastr\u0103 de dozare. Sunt disponibile mai multe programe de dozare!<\/li>\n<li><strong>Control maxim:<\/strong> Un raport de turndown impresionant de 1:4800 garanteaz\u0103 cel mai precis control asupra procesului dvs. de dozare.<\/li>\n<li>Mod lent: O caracteristic\u0103 unic\u0103 pentru distribuirea precis\u0103 a lichidelor cu v\u00e2scozitate ridicat\u0103 prin reducerea cursei pompei la 25, 50 sau 75% din capacitatea normal\u0103.<\/li>\n<\/ul>\n<p>Versiuni disponibile ale pompei de dozare Emec Prisma: De la 20 bar - 1 l\/h la 02 bar - 80 l\/h, exist\u0103 \u00eentotdeauna o pomp\u0103 de dozare Emec Prisma care se potrive\u0219te perfect nevoilor dumneavoastr\u0103. Ave\u021bi nevoie de ajutor pentru a alege versiunea potrivit\u0103? Solicita\u021bi o ofert\u0103 \u0219i suntem gata s\u0103 v\u0103 sf\u0103tuim!<\/p>","protected":false},"excerpt":{"rendered":"<p>Cu seria Emec PRISMA, ob\u021bine\u021bi cea mai bun\u0103 pomp\u0103 de dozare din cas\u0103. Cu motorul s\u0103u pas cu pas, aceast\u0103 pomp\u0103 cu diafragm\u0103 este cea mai inovatoare pomp\u0103 de dozare de p\u00e2n\u0103 acum. Solicita\u021bi imediat aceast\u0103 pomp\u0103 multifunc\u021bional\u0103 dac\u0103 opta\u021bi pentru precizie \u0219i fiabilitate.<\/p>\n<ul>\n<li>WIFI<\/li>\n<li>Bluetooth<\/li>\n<li>modbus<\/li>\n<\/ul>","protected":false},"featured_media":3924,"template":"","meta":[],"product_brand":[],"product_cat":[78],"product_tag":[],"class_list":{"0":"post-3893","1":"product","2":"type-product","3":"status-publish","4":"has-post-thumbnail","6":"product_cat-emec-prisma","8":"first","9":"instock","10":"taxable","11":"shipping-taxable","12":"purchasable","13":"product-type-simple"},"yoast_head":"<!-- This site is optimized with the Yoast SEO plugin v27.2 - https:\/\/yoast.com\/product\/yoast-seo-wordpress\/ -->\n<title>PRISMA 20-05 PP+EP 90-240VAC | Dosing Pump Shop B.V.<\/title>\n<meta name=\"robots\" content=\"index, follow, max-snippet:-1, max-image-preview:large, max-video-preview:-1\" \/>\n<link rel=\"canonical\" href=\"https:\/\/dosingpump.shop\/ro\/produs-2\/prism-20-05-ppep-90-240vac\/\" \/>\n<meta property=\"og:locale\" content=\"ro_RO\" \/>\n<meta property=\"og:type\" content=\"article\" \/>\n<meta property=\"og:title\" content=\"PRISMA 20-05 PP+EP 90-240VAC | Dosing Pump Shop B.V.\" \/>\n<meta property=\"og:description\" content=\"Met de Emec PRISMA serie haalt u de beste doseerpomp in huis. Deze membraanpomp is met zijn stappenmotor de meeste innovatieve doseerpomp tot nu toe. Vraag deze alleskunner direct aan als u gaat voor precisie en betrouwbaarheid.   WIFI  Bluetooth  modbus\" \/>\n<meta property=\"og:url\" content=\"https:\/\/dosingpump.shop\/ro\/produs-2\/prism-20-05-ppep-90-240vac\/\" \/>\n<meta property=\"og:site_name\" content=\"Dosing Pump Shop B.V.\" \/>\n<meta property=\"article:modified_time\" content=\"2026-02-27T12:49:12+00:00\" \/>\n<meta property=\"og:image\" content=\"https:\/\/dosingpump.shop\/wp-content\/uploads\/2024\/12\/Emec-Prisma-Doseerpomp.webp\" \/>\n\t<meta property=\"og:image:width\" content=\"500\" \/>\n\t<meta property=\"og:image:height\" content=\"500\" \/>\n\t<meta property=\"og:image:type\" content=\"image\/webp\" \/>\n<meta name=\"twitter:card\" content=\"summary_large_image\" \/>\n<meta name=\"twitter:label1\" content=\"Pre\u021b\" \/>\n\t<meta name=\"twitter:data1\" content=\"&euro;1.346,00\" \/>\n\t<meta name=\"twitter:label2\" content=\"Disponibilitate\" \/>\n\t<meta name=\"twitter:data2\" content=\"\u00cen stoc\" \/>\n<script type=\"application\/ld+json\" class=\"yoast-schema-graph\">{\"@context\":\"https:\/\/schema.org\",\"@graph\":[{\"@type\":\"WebPage\",\"@id\":\"https:\/\/dosingpump.shop\/dk\/produkt\/prism-20-05-ppep-90-240vac\/\",\"url\":\"https:\/\/dosingpump.shop\/dk\/produkt\/prism-20-05-ppep-90-240vac\/\",\"name\":\"PRISMA 20-05 PP+EP 90-240VAC | Dosing Pump Shop B.V.\",\"isPartOf\":{\"@id\":\"https:\/\/dosingpump.shop\/de\/#website\"},\"primaryImageOfPage\":{\"@id\":\"https:\/\/dosingpump.shop\/dk\/produkt\/prism-20-05-ppep-90-240vac\/#primaryimage\"},\"image\":{\"@id\":\"https:\/\/dosingpump.shop\/dk\/produkt\/prism-20-05-ppep-90-240vac\/#primaryimage\"},\"thumbnailUrl\":\"https:\/\/dosingpump.shop\/wp-content\/uploads\/2024\/12\/Emec-Prisma-Doseerpomp.webp\",\"datePublished\":\"2024-12-05T12:21:29+00:00\",\"dateModified\":\"2026-02-27T12:49:12+00:00\",\"breadcrumb\":{\"@id\":\"https:\/\/dosingpump.shop\/dk\/produkt\/prism-20-05-ppep-90-240vac\/#breadcrumb\"},\"inLanguage\":\"ro-RO\",\"potentialAction\":[{\"@type\":\"ReadAction\",\"target\":[\"https:\/\/dosingpump.shop\/dk\/produkt\/prism-20-05-ppep-90-240vac\/\"]}]},{\"@type\":\"ImageObject\",\"inLanguage\":\"ro-RO\",\"@id\":\"https:\/\/dosingpump.shop\/dk\/produkt\/prism-20-05-ppep-90-240vac\/#primaryimage\",\"url\":\"https:\/\/dosingpump.shop\/wp-content\/uploads\/2024\/12\/Emec-Prisma-Doseerpomp.webp\",\"contentUrl\":\"https:\/\/dosingpump.shop\/wp-content\/uploads\/2024\/12\/Emec-Prisma-Doseerpomp.webp\",\"width\":500,\"height\":500},{\"@type\":\"BreadcrumbList\",\"@id\":\"https:\/\/dosingpump.shop\/dk\/produkt\/prism-20-05-ppep-90-240vac\/#breadcrumb\",\"itemListElement\":[{\"@type\":\"ListItem\",\"position\":1,\"name\":\"Home\",\"item\":\"https:\/\/dosingpump.shop\/\"},{\"@type\":\"ListItem\",\"position\":2,\"name\":\"Shop\",\"item\":\"https:\/\/dosingpump.shop\/de\/shop\/\"},{\"@type\":\"ListItem\",\"position\":3,\"name\":\"PRISMA 20-05 PP+EP 90-240VAC\"}]},{\"@type\":\"WebSite\",\"@id\":\"https:\/\/dosingpump.shop\/de\/#website\",\"url\":\"https:\/\/dosingpump.shop\/de\/\",\"name\":\"Dosing Pump Shop B.V.\",\"description\":\"\",\"publisher\":{\"@id\":\"https:\/\/dosingpump.shop\/de\/#organization\"},\"potentialAction\":[{\"@type\":\"SearchAction\",\"target\":{\"@type\":\"EntryPoint\",\"urlTemplate\":\"https:\/\/dosingpump.shop\/de\/?s={search_term_string}\"},\"query-input\":{\"@type\":\"PropertyValueSpecification\",\"valueRequired\":true,\"valueName\":\"search_term_string\"}}],\"inLanguage\":\"ro-RO\"},{\"@type\":\"Organization\",\"@id\":\"https:\/\/dosingpump.shop\/de\/#organization\",\"name\":\"Dosing Pump Shop B.V.\",\"url\":\"https:\/\/dosingpump.shop\/de\/\",\"logo\":{\"@type\":\"ImageObject\",\"inLanguage\":\"ro-RO\",\"@id\":\"https:\/\/dosingpump.shop\/de\/#\/schema\/logo\/image\/\",\"url\":\"https:\/\/dosingpump.shop\/wp-content\/uploads\/2024\/10\/Dosing-Pump-Shop-logo.png\",\"contentUrl\":\"https:\/\/dosingpump.shop\/wp-content\/uploads\/2024\/10\/Dosing-Pump-Shop-logo.png\",\"width\":350,\"height\":45,\"caption\":\"Dosing Pump Shop B.V.\"},\"image\":{\"@id\":\"https:\/\/dosingpump.shop\/de\/#\/schema\/logo\/image\/\"},\"sameAs\":[\"https:\/\/linkedin.com\/company\/dosing-pump-shop\"]}]}<\/script>\n<meta property=\"product:price:amount\" content=\"1346.00\" \/>\n<meta property=\"product:price:currency\" content=\"EUR\" \/>\n<meta property=\"og:availability\" content=\"instock\" \/>\n<meta property=\"product:availability\" content=\"instock\" \/>\n<meta property=\"product:retailer_item_id\" content=\"PRI20005D000KVBSA000\" \/>\n<meta property=\"product:condition\" content=\"new\" \/>\n<!-- \/ Yoast SEO plugin. -->","yoast_head_json":{"title":"PRISMA 20-05 PP+EP 90-240VAC | Dosing Pump Shop B.V.","robots":{"index":"index","follow":"follow","max-snippet":"max-snippet:-1","max-image-preview":"max-image-preview:large","max-video-preview":"max-video-preview:-1"},"canonical":"https:\/\/dosingpump.shop\/ro\/produs-2\/prism-20-05-ppep-90-240vac\/","og_locale":"ro_RO","og_type":"article","og_title":"PRISMA 20-05 PP+EP 90-240VAC | Dosing Pump Shop B.V.","og_description":"Met de Emec PRISMA serie haalt u de beste doseerpomp in huis. Deze membraanpomp is met zijn stappenmotor de meeste innovatieve doseerpomp tot nu toe. Vraag deze alleskunner direct aan als u gaat voor precisie en betrouwbaarheid.   WIFI  Bluetooth  modbus","og_url":"https:\/\/dosingpump.shop\/ro\/produs-2\/prism-20-05-ppep-90-240vac\/","og_site_name":"Dosing Pump Shop B.V.","article_modified_time":"2026-02-27T12:49:12+00:00","og_image":[{"width":500,"height":500,"url":"https:\/\/dosingpump.shop\/wp-content\/uploads\/2024\/12\/Emec-Prisma-Doseerpomp.webp","type":"image\/webp"}],"twitter_card":"summary_large_image","twitter_misc":{"Pre\u021b":"&euro;1.346,00","Disponibilitate":"\u00cen stoc"},"schema":{"@context":"https:\/\/schema.org","@graph":[{"@type":"WebPage","@id":"https:\/\/dosingpump.shop\/dk\/produkt\/prism-20-05-ppep-90-240vac\/","url":"https:\/\/dosingpump.shop\/dk\/produkt\/prism-20-05-ppep-90-240vac\/","name":"PRISMA 20-05 PP+EP 90-240VAC | Dosing Pump Shop B.V.","isPartOf":{"@id":"https:\/\/dosingpump.shop\/de\/#website"},"primaryImageOfPage":{"@id":"https:\/\/dosingpump.shop\/dk\/produkt\/prism-20-05-ppep-90-240vac\/#primaryimage"},"image":{"@id":"https:\/\/dosingpump.shop\/dk\/produkt\/prism-20-05-ppep-90-240vac\/#primaryimage"},"thumbnailUrl":"https:\/\/dosingpump.shop\/wp-content\/uploads\/2024\/12\/Emec-Prisma-Doseerpomp.webp","datePublished":"2024-12-05T12:21:29+00:00","dateModified":"2026-02-27T12:49:12+00:00","breadcrumb":{"@id":"https:\/\/dosingpump.shop\/dk\/produkt\/prism-20-05-ppep-90-240vac\/#breadcrumb"},"inLanguage":"ro-RO","potentialAction":[{"@type":"ReadAction","target":["https:\/\/dosingpump.shop\/dk\/produkt\/prism-20-05-ppep-90-240vac\/"]}]},{"@type":"ImageObject","inLanguage":"ro-RO","@id":"https:\/\/dosingpump.shop\/dk\/produkt\/prism-20-05-ppep-90-240vac\/#primaryimage","url":"https:\/\/dosingpump.shop\/wp-content\/uploads\/2024\/12\/Emec-Prisma-Doseerpomp.webp","contentUrl":"https:\/\/dosingpump.shop\/wp-content\/uploads\/2024\/12\/Emec-Prisma-Doseerpomp.webp","width":500,"height":500},{"@type":"BreadcrumbList","@id":"https:\/\/dosingpump.shop\/dk\/produkt\/prism-20-05-ppep-90-240vac\/#breadcrumb","itemListElement":[{"@type":"ListItem","position":1,"name":"Home","item":"https:\/\/dosingpump.shop\/"},{"@type":"ListItem","position":2,"name":"Shop","item":"https:\/\/dosingpump.shop\/de\/shop\/"},{"@type":"ListItem","position":3,"name":"PRISMA 20-05 PP+EP 90-240VAC"}]},{"@type":"WebSite","@id":"https:\/\/dosingpump.shop\/de\/#website","url":"https:\/\/dosingpump.shop\/de\/","name":"Dosing Pump Shop B.V.","description":"","publisher":{"@id":"https:\/\/dosingpump.shop\/de\/#organization"},"potentialAction":[{"@type":"SearchAction","target":{"@type":"EntryPoint","urlTemplate":"https:\/\/dosingpump.shop\/de\/?s={search_term_string}"},"query-input":{"@type":"PropertyValueSpecification","valueRequired":true,"valueName":"search_term_string"}}],"inLanguage":"ro-RO"},{"@type":"Organization","@id":"https:\/\/dosingpump.shop\/de\/#organization","name":"Dosing Pump Shop B.V.","url":"https:\/\/dosingpump.shop\/de\/","logo":{"@type":"ImageObject","inLanguage":"ro-RO","@id":"https:\/\/dosingpump.shop\/de\/#\/schema\/logo\/image\/","url":"https:\/\/dosingpump.shop\/wp-content\/uploads\/2024\/10\/Dosing-Pump-Shop-logo.png","contentUrl":"https:\/\/dosingpump.shop\/wp-content\/uploads\/2024\/10\/Dosing-Pump-Shop-logo.png","width":350,"height":45,"caption":"Dosing Pump Shop B.V."},"image":{"@id":"https:\/\/dosingpump.shop\/de\/#\/schema\/logo\/image\/"},"sameAs":["https:\/\/linkedin.com\/company\/dosing-pump-shop"]}]},"product_price_amount":"1346.00","product_price_currency":"EUR","og_availability":"instock","product_availability":"instock","product_retailer_item_id":"PRI20005D000KVBSA000","product_condition":"new"},"_links":{"self":[{"href":"https:\/\/dosingpump.shop\/ro\/wp-json\/wp\/v2\/product\/3893","targetHints":{"allow":["GET"]}}],"collection":[{"href":"https:\/\/dosingpump.shop\/ro\/wp-json\/wp\/v2\/product"}],"about":[{"href":"https:\/\/dosingpump.shop\/ro\/wp-json\/wp\/v2\/types\/product"}],"wp:featuredmedia":[{"embeddable":true,"href":"https:\/\/dosingpump.shop\/ro\/wp-json\/wp\/v2\/media\/3924"}],"wp:attachment":[{"href":"https:\/\/dosingpump.shop\/ro\/wp-json\/wp\/v2\/media?parent=3893"}],"wp:term":[{"taxonomy":"product_brand","embeddable":true,"href":"https:\/\/dosingpump.shop\/ro\/wp-json\/wp\/v2\/product_brand?post=3893"},{"taxonomy":"product_cat","embeddable":true,"href":"https:\/\/dosingpump.shop\/ro\/wp-json\/wp\/v2\/product_cat?post=3893"},{"taxonomy":"product_tag","embeddable":true,"href":"https:\/\/dosingpump.shop\/ro\/wp-json\/wp\/v2\/product_tag?post=3893"}],"curies":[{"name":"wp","href":"https:\/\/api.w.org\/{rel}","templated":true}]}}