{"id":3932,"date":"2024-12-05T12:21:33","date_gmt":"2024-12-05T12:21:33","guid":{"rendered":"https:\/\/dosingpump.shop\/product\/injectieventiel-pvdf-fp\/"},"modified":"2026-02-27T14:49:14","modified_gmt":"2026-02-27T12:49:14","slug":"supapa-de-injectie-pvdf-fp","status":"publish","type":"product","link":"https:\/\/dosingpump.shop\/ro\/product\/injectieventiel-pvdf-fp\/","title":{"rendered":"Supap\u0103 de injec\u021bie PVDF - FP"},"content":{"rendered":"<h2>Emec Supap\u0103 de injec\u021bie PVDF - FP<\/h2>\n<p style=\"font-size: 15px; font-style: normal; font-weight: 400;\">Aceast\u0103 supap\u0103 de injec\u021bie este utilizat\u0103 pentru a injecta lichid \u00eentr-o conduct\u0103. Este conectat\u0103 la conducta de refulare a unei pompe de dozare \u0219i este filetat\u0103. Acest lucru permite \u00een\u0219urubarea supapei de injec\u021bie \u00eentr-o conexiune, de exemplu, \u00eentr-o \u0219a de foraj sau \u00eentr-o pies\u0103 \u00een T.<\/p>\n<p>Supapa de injec\u021bie Emec este perfect compatibil\u0103 cu alte m\u0103rci de pompe de dozare. Contrapresiunea standard este de 0,3 bar. Sunt disponibile \u0219i alte presiuni.<\/p>\n<p>Pre\u021bul se aplic\u0103 la urm\u0103torul model: 1\/2\u2033 PVDF-FP 4*6mm. Ave\u021bi nevoie de alte dimensiuni? V\u0103 rug\u0103m s\u0103 solicita\u021bi o ofert\u0103!<\/p>\n<h2>Materiale utilizate<\/h2>\n<ul>\n<li>Carcas\u0103: PVDF<\/li>\n<li>O-ringuri: Viton (FP)<\/li>\n<li>Supap\u0103 sferic\u0103: ceramic\u0103 (CE).<\/li>\n<li>Arc: Hastelloy C276<\/li>\n<\/ul>\n<h2>Caracteristici supap\u0103 de injec\u021bie PVDF - FP<\/h2>\n<ul>\n<li>filet de 1\/2\" sau 3\/4<\/li>\n<li>Trecere de la 4x6mm la 13x16mm<\/li>\n<li>\"supap\u0103 cu bil\u0103\" supap\u0103 de re\u021binere<\/li>\n<\/ul>\n<p>&nbsp;<\/p>","protected":false},"excerpt":{"rendered":"<p>Supap\u0103 de injec\u021bie cu carcas\u0103 PVDF \u0219i O-ring-uri Viton<\/p>\n<p>Echipat cu supap\u0103 antiretur cu \"valv\u0103 cu bil\u0103\"<\/p>\n<p>Model: 1\/2\u2033 4\u00d76 (PVDF+FP+CE+C276)<\/p>","protected":false},"featured_media":5875,"template":"","meta":[],"product_brand":[],"product_cat":[34],"product_tag":[],"class_list":{"0":"post-3932","1":"product","2":"type-product","3":"status-publish","4":"has-post-thumbnail","6":"product_cat-accessoires","8":"first","9":"instock","10":"taxable","11":"shipping-taxable","12":"purchasable","13":"product-type-simple"},"yoast_head":"<!-- This site is optimized with the Yoast SEO plugin v27.2 - https:\/\/yoast.com\/product\/yoast-seo-wordpress\/ -->\n<title>Injectieventiel PVDF - FP voor doseerpomp | Dosing Pump Shop B.V.<\/title>\n<meta name=\"description\" content=\"Emec injectieventiel PVDF - FP met terugslagklep en schroefdraad. Diverse maten en materialen uit voorraad leverbaar. Compatibel met vrijwel alle merken.\" \/>\n<meta name=\"robots\" content=\"index, follow, max-snippet:-1, max-image-preview:large, max-video-preview:-1\" \/>\n<link rel=\"canonical\" href=\"https:\/\/dosingpump.shop\/ro\/produs-2\/supapa-de-injectie-pvdf-fp\/\" \/>\n<meta property=\"og:locale\" content=\"ro_RO\" \/>\n<meta property=\"og:type\" content=\"article\" \/>\n<meta property=\"og:title\" content=\"Injectieventiel PVDF - FP voor doseerpomp | Dosing Pump Shop B.V.\" \/>\n<meta property=\"og:description\" content=\"Emec injectieventiel PVDF - FP met terugslagklep en schroefdraad. Diverse maten en materialen uit voorraad leverbaar. Compatibel met vrijwel alle merken.\" \/>\n<meta property=\"og:url\" content=\"https:\/\/dosingpump.shop\/ro\/produs-2\/supapa-de-injectie-pvdf-fp\/\" \/>\n<meta property=\"og:site_name\" content=\"Dosing Pump Shop B.V.\" \/>\n<meta property=\"article:modified_time\" content=\"2026-02-27T12:49:14+00:00\" \/>\n<meta property=\"og:image\" content=\"https:\/\/dosingpump.shop\/wp-content\/uploads\/2024\/12\/Emec-Injectieventiel.webp\" \/>\n\t<meta property=\"og:image:width\" content=\"500\" \/>\n\t<meta property=\"og:image:height\" content=\"500\" \/>\n\t<meta property=\"og:image:type\" content=\"image\/webp\" \/>\n<meta name=\"twitter:card\" content=\"summary_large_image\" \/>\n<meta name=\"twitter:label1\" content=\"Pre\u021b\" \/>\n\t<meta name=\"twitter:data1\" content=\"&euro;27,00\" \/>\n\t<meta name=\"twitter:label2\" content=\"Disponibilitate\" \/>\n\t<meta name=\"twitter:data2\" content=\"\u00cen stoc\" \/>\n<script type=\"application\/ld+json\" class=\"yoast-schema-graph\">{\"@context\":\"https:\/\/schema.org\",\"@graph\":[{\"@type\":\"WebPage\",\"@id\":\"https:\/\/dosingpump.shop\/ro\/produs-2\/supapa-de-injectie-pvdf-fp\/\",\"url\":\"https:\/\/dosingpump.shop\/ro\/produs-2\/supapa-de-injectie-pvdf-fp\/\",\"name\":\"Injectieventiel PVDF - FP voor doseerpomp | Dosing Pump Shop B.V.\",\"isPartOf\":{\"@id\":\"https:\/\/dosingpump.shop\/de\/#website\"},\"primaryImageOfPage\":{\"@id\":\"https:\/\/dosingpump.shop\/ro\/produs-2\/supapa-de-injectie-pvdf-fp\/#primaryimage\"},\"image\":{\"@id\":\"https:\/\/dosingpump.shop\/ro\/produs-2\/supapa-de-injectie-pvdf-fp\/#primaryimage\"},\"thumbnailUrl\":\"https:\/\/dosingpump.shop\/wp-content\/uploads\/2024\/12\/Emec-Injectieventiel.webp\",\"datePublished\":\"2024-12-05T12:21:33+00:00\",\"dateModified\":\"2026-02-27T12:49:14+00:00\",\"description\":\"Emec injectieventiel PVDF - FP met terugslagklep en schroefdraad. Diverse maten en materialen uit voorraad leverbaar. Compatibel met vrijwel alle merken.\",\"breadcrumb\":{\"@id\":\"https:\/\/dosingpump.shop\/ro\/produs-2\/supapa-de-injectie-pvdf-fp\/#breadcrumb\"},\"inLanguage\":\"ro-RO\",\"potentialAction\":[{\"@type\":\"ReadAction\",\"target\":[\"https:\/\/dosingpump.shop\/ro\/produs-2\/supapa-de-injectie-pvdf-fp\/\"]}]},{\"@type\":\"ImageObject\",\"inLanguage\":\"ro-RO\",\"@id\":\"https:\/\/dosingpump.shop\/ro\/produs-2\/supapa-de-injectie-pvdf-fp\/#primaryimage\",\"url\":\"https:\/\/dosingpump.shop\/wp-content\/uploads\/2024\/12\/Emec-Injectieventiel.webp\",\"contentUrl\":\"https:\/\/dosingpump.shop\/wp-content\/uploads\/2024\/12\/Emec-Injectieventiel.webp\",\"width\":500,\"height\":500},{\"@type\":\"BreadcrumbList\",\"@id\":\"https:\/\/dosingpump.shop\/ro\/produs-2\/supapa-de-injectie-pvdf-fp\/#breadcrumb\",\"itemListElement\":[{\"@type\":\"ListItem\",\"position\":1,\"name\":\"Home\",\"item\":\"https:\/\/dosingpump.shop\/\"},{\"@type\":\"ListItem\",\"position\":2,\"name\":\"Shop\",\"item\":\"https:\/\/dosingpump.shop\/de\/shop\/\"},{\"@type\":\"ListItem\",\"position\":3,\"name\":\"Injectieventiel PVDF &#8211; FP\"}]},{\"@type\":\"WebSite\",\"@id\":\"https:\/\/dosingpump.shop\/de\/#website\",\"url\":\"https:\/\/dosingpump.shop\/de\/\",\"name\":\"Dosing Pump Shop B.V.\",\"description\":\"\",\"publisher\":{\"@id\":\"https:\/\/dosingpump.shop\/de\/#organization\"},\"potentialAction\":[{\"@type\":\"SearchAction\",\"target\":{\"@type\":\"EntryPoint\",\"urlTemplate\":\"https:\/\/dosingpump.shop\/de\/?s={search_term_string}\"},\"query-input\":{\"@type\":\"PropertyValueSpecification\",\"valueRequired\":true,\"valueName\":\"search_term_string\"}}],\"inLanguage\":\"ro-RO\"},{\"@type\":\"Organization\",\"@id\":\"https:\/\/dosingpump.shop\/de\/#organization\",\"name\":\"Dosing Pump Shop B.V.\",\"url\":\"https:\/\/dosingpump.shop\/de\/\",\"logo\":{\"@type\":\"ImageObject\",\"inLanguage\":\"ro-RO\",\"@id\":\"https:\/\/dosingpump.shop\/de\/#\/schema\/logo\/image\/\",\"url\":\"https:\/\/dosingpump.shop\/wp-content\/uploads\/2024\/10\/Dosing-Pump-Shop-logo.png\",\"contentUrl\":\"https:\/\/dosingpump.shop\/wp-content\/uploads\/2024\/10\/Dosing-Pump-Shop-logo.png\",\"width\":350,\"height\":45,\"caption\":\"Dosing Pump Shop B.V.\"},\"image\":{\"@id\":\"https:\/\/dosingpump.shop\/de\/#\/schema\/logo\/image\/\"},\"sameAs\":[\"https:\/\/linkedin.com\/company\/dosing-pump-shop\"]}]}<\/script>\n<meta property=\"product:price:amount\" content=\"27.00\" \/>\n<meta property=\"product:price:currency\" content=\"EUR\" \/>\n<meta property=\"og:availability\" content=\"instock\" \/>\n<meta property=\"product:availability\" content=\"instock\" \/>\n<meta property=\"product:retailer_item_id\" content=\"Injection Valve\" \/>\n<meta property=\"product:condition\" content=\"new\" \/>\n<!-- \/ Yoast SEO plugin. -->","yoast_head_json":{"title":"Supap\u0103 de injec\u021bie PVDF - FP pentru pompa de dozare | Dosing Pump Shop B.V.","description":"Supap\u0103 de injec\u021bie Emec PVDF - FP cu clapet\u0103 de re\u021binere \u0219i filet. Diferite dimensiuni \u0219i materiale disponibile din stoc. Compatibile cu aproape toate m\u0103rcile.","robots":{"index":"index","follow":"follow","max-snippet":"max-snippet:-1","max-image-preview":"max-image-preview:large","max-video-preview":"max-video-preview:-1"},"canonical":"https:\/\/dosingpump.shop\/ro\/produs-2\/supapa-de-injectie-pvdf-fp\/","og_locale":"ro_RO","og_type":"article","og_title":"Injectieventiel PVDF - FP voor doseerpomp | Dosing Pump Shop B.V.","og_description":"Emec injectieventiel PVDF - FP met terugslagklep en schroefdraad. Diverse maten en materialen uit voorraad leverbaar. Compatibel met vrijwel alle merken.","og_url":"https:\/\/dosingpump.shop\/ro\/produs-2\/supapa-de-injectie-pvdf-fp\/","og_site_name":"Dosing Pump Shop B.V.","article_modified_time":"2026-02-27T12:49:14+00:00","og_image":[{"width":500,"height":500,"url":"https:\/\/dosingpump.shop\/wp-content\/uploads\/2024\/12\/Emec-Injectieventiel.webp","type":"image\/webp"}],"twitter_card":"summary_large_image","twitter_misc":{"Pre\u021b":"&euro;27,00","Disponibilitate":"\u00cen stoc"},"schema":{"@context":"https:\/\/schema.org","@graph":[{"@type":"WebPage","@id":"https:\/\/dosingpump.shop\/ro\/produs-2\/supapa-de-injectie-pvdf-fp\/","url":"https:\/\/dosingpump.shop\/ro\/produs-2\/supapa-de-injectie-pvdf-fp\/","name":"Supap\u0103 de injec\u021bie PVDF - FP pentru pompa de dozare | Dosing Pump Shop B.V.","isPartOf":{"@id":"https:\/\/dosingpump.shop\/de\/#website"},"primaryImageOfPage":{"@id":"https:\/\/dosingpump.shop\/ro\/produs-2\/supapa-de-injectie-pvdf-fp\/#primaryimage"},"image":{"@id":"https:\/\/dosingpump.shop\/ro\/produs-2\/supapa-de-injectie-pvdf-fp\/#primaryimage"},"thumbnailUrl":"https:\/\/dosingpump.shop\/wp-content\/uploads\/2024\/12\/Emec-Injectieventiel.webp","datePublished":"2024-12-05T12:21:33+00:00","dateModified":"2026-02-27T12:49:14+00:00","description":"Supap\u0103 de injec\u021bie Emec PVDF - FP cu clapet\u0103 de re\u021binere \u0219i filet. Diferite dimensiuni \u0219i materiale disponibile din stoc. Compatibile cu aproape toate m\u0103rcile.","breadcrumb":{"@id":"https:\/\/dosingpump.shop\/ro\/produs-2\/supapa-de-injectie-pvdf-fp\/#breadcrumb"},"inLanguage":"ro-RO","potentialAction":[{"@type":"ReadAction","target":["https:\/\/dosingpump.shop\/ro\/produs-2\/supapa-de-injectie-pvdf-fp\/"]}]},{"@type":"ImageObject","inLanguage":"ro-RO","@id":"https:\/\/dosingpump.shop\/ro\/produs-2\/supapa-de-injectie-pvdf-fp\/#primaryimage","url":"https:\/\/dosingpump.shop\/wp-content\/uploads\/2024\/12\/Emec-Injectieventiel.webp","contentUrl":"https:\/\/dosingpump.shop\/wp-content\/uploads\/2024\/12\/Emec-Injectieventiel.webp","width":500,"height":500},{"@type":"BreadcrumbList","@id":"https:\/\/dosingpump.shop\/ro\/produs-2\/supapa-de-injectie-pvdf-fp\/#breadcrumb","itemListElement":[{"@type":"ListItem","position":1,"name":"Home","item":"https:\/\/dosingpump.shop\/"},{"@type":"ListItem","position":2,"name":"Shop","item":"https:\/\/dosingpump.shop\/de\/shop\/"},{"@type":"ListItem","position":3,"name":"Injectieventiel PVDF &#8211; FP"}]},{"@type":"WebSite","@id":"https:\/\/dosingpump.shop\/de\/#website","url":"https:\/\/dosingpump.shop\/de\/","name":"Dosing Pump Shop B.V.","description":"","publisher":{"@id":"https:\/\/dosingpump.shop\/de\/#organization"},"potentialAction":[{"@type":"SearchAction","target":{"@type":"EntryPoint","urlTemplate":"https:\/\/dosingpump.shop\/de\/?s={search_term_string}"},"query-input":{"@type":"PropertyValueSpecification","valueRequired":true,"valueName":"search_term_string"}}],"inLanguage":"ro-RO"},{"@type":"Organization","@id":"https:\/\/dosingpump.shop\/de\/#organization","name":"Dosing Pump Shop B.V.","url":"https:\/\/dosingpump.shop\/de\/","logo":{"@type":"ImageObject","inLanguage":"ro-RO","@id":"https:\/\/dosingpump.shop\/de\/#\/schema\/logo\/image\/","url":"https:\/\/dosingpump.shop\/wp-content\/uploads\/2024\/10\/Dosing-Pump-Shop-logo.png","contentUrl":"https:\/\/dosingpump.shop\/wp-content\/uploads\/2024\/10\/Dosing-Pump-Shop-logo.png","width":350,"height":45,"caption":"Dosing Pump Shop B.V."},"image":{"@id":"https:\/\/dosingpump.shop\/de\/#\/schema\/logo\/image\/"},"sameAs":["https:\/\/linkedin.com\/company\/dosing-pump-shop"]}]},"product_price_amount":"27.00","product_price_currency":"EUR","og_availability":"instock","product_availability":"instock","product_retailer_item_id":"Injection Valve","product_condition":"new"},"_links":{"self":[{"href":"https:\/\/dosingpump.shop\/ro\/wp-json\/wp\/v2\/product\/3932","targetHints":{"allow":["GET"]}}],"collection":[{"href":"https:\/\/dosingpump.shop\/ro\/wp-json\/wp\/v2\/product"}],"about":[{"href":"https:\/\/dosingpump.shop\/ro\/wp-json\/wp\/v2\/types\/product"}],"wp:featuredmedia":[{"embeddable":true,"href":"https:\/\/dosingpump.shop\/ro\/wp-json\/wp\/v2\/media\/5875"}],"wp:attachment":[{"href":"https:\/\/dosingpump.shop\/ro\/wp-json\/wp\/v2\/media?parent=3932"}],"wp:term":[{"taxonomy":"product_brand","embeddable":true,"href":"https:\/\/dosingpump.shop\/ro\/wp-json\/wp\/v2\/product_brand?post=3932"},{"taxonomy":"product_cat","embeddable":true,"href":"https:\/\/dosingpump.shop\/ro\/wp-json\/wp\/v2\/product_cat?post=3932"},{"taxonomy":"product_tag","embeddable":true,"href":"https:\/\/dosingpump.shop\/ro\/wp-json\/wp\/v2\/product_tag?post=3932"}],"curies":[{"name":"wp","href":"https:\/\/api.w.org\/{rel}","templated":true}]}}