{"id":3934,"date":"2024-12-05T12:21:33","date_gmt":"2024-12-05T12:21:33","guid":{"rendered":"https:\/\/dosingpump.shop\/product\/emec-sefl-flow-sensor\/"},"modified":"2026-02-27T14:49:14","modified_gmt":"2026-02-27T12:49:14","slug":"senzor-de-debit-emec-sefl","status":"publish","type":"product","link":"https:\/\/dosingpump.shop\/ro\/product\/emec-sefl-flow-sensor\/","title":{"rendered":"Senzor de debit Emec SEFL"},"content":{"rendered":"<p>Senzorul de debit Emec SEFL este un dispozitiv de monitorizare fizic\u0103 pentru dozarea unei pompe dozatoare. Acesta arat\u0103 dac\u0103 pompa de dozare dozeaz\u0103 sau nu. Acest lucru este perfect pentru aplica\u021bii industriale, piscine sau horticultur\u0103, de exemplu. \u00cen acest fel, sunte\u021bi \u00eentotdeauna sigur de dozarea corect\u0103 \u0219i problemele pot fi prevenite.<\/p>\n<p>SEFL este conectat la partea de refulare a pompei de dozare. Atunci c\u00e2nd pompa nu dozeaz\u0103 lichid, contactul va trimite un semnal. LED-ul va deveni atunci \u0219i ro\u0219u. Sensibilitatea senzorului este reglabil\u0103.<\/p>\n<p>Acest senzor de debit este disponibil cu suport \u0219i f\u0103r\u0103 suport. Cu suportul, SEFL poate fi montat pe perete. De asemenea, este disponibil un suport special pentru montarea pe o pomp\u0103 de dozare.<\/p>","protected":false},"excerpt":{"rendered":"<p>Controlul debitului pentru pompa de dozare cu LED.<\/p>\n<ul>\n<li>N.C. Contact<\/li>\n<li>Sensibilitate reglabil\u0103<\/li>\n<li>O-ring Viton\u00ae sau EPDM.<\/li>\n<li>Max 45\u00b0C.<\/li>\n<\/ul>","protected":false},"featured_media":8302,"template":"","meta":[],"product_brand":[],"product_cat":[34],"product_tag":[],"class_list":{"0":"post-3934","1":"product","2":"type-product","3":"status-publish","4":"has-post-thumbnail","6":"product_cat-accessoires","8":"first","9":"instock","10":"taxable","11":"shipping-taxable","12":"purchasable","13":"product-type-simple"},"yoast_head":"<!-- This site is optimized with the Yoast SEO plugin v27.2 - https:\/\/yoast.com\/product\/yoast-seo-wordpress\/ -->\n<title>Emec SEFL flow sensor | Dosing Pump Shop B.V.<\/title>\n<meta name=\"description\" content=\"Emec SEFL flowsensor checkt of de doseerpomp goed werkt door fysiek te controleren of er daadwerkelijk gedoseerd wordt. Diverse typen beschikbaar.\" \/>\n<meta name=\"robots\" content=\"index, follow, max-snippet:-1, max-image-preview:large, max-video-preview:-1\" \/>\n<link rel=\"canonical\" href=\"https:\/\/dosingpump.shop\/ro\/produs-2\/senzor-de-debit-emec-sefl\/\" \/>\n<meta property=\"og:locale\" content=\"ro_RO\" \/>\n<meta property=\"og:type\" content=\"article\" \/>\n<meta property=\"og:title\" content=\"Emec SEFL flow sensor | Dosing Pump Shop B.V.\" \/>\n<meta property=\"og:description\" content=\"Emec SEFL flowsensor checkt of de doseerpomp goed werkt door fysiek te controleren of er daadwerkelijk gedoseerd wordt. Diverse typen beschikbaar.\" \/>\n<meta property=\"og:url\" content=\"https:\/\/dosingpump.shop\/ro\/produs-2\/senzor-de-debit-emec-sefl\/\" \/>\n<meta property=\"og:site_name\" content=\"Dosing Pump Shop B.V.\" \/>\n<meta property=\"article:modified_time\" content=\"2026-02-27T12:49:14+00:00\" \/>\n<meta property=\"og:image\" content=\"https:\/\/dosingpump.shop\/wp-content\/uploads\/2024\/12\/EMEC_SEFL-V_Dosing_pump_shop.png\" \/>\n\t<meta property=\"og:image:width\" content=\"500\" \/>\n\t<meta property=\"og:image:height\" content=\"500\" \/>\n\t<meta property=\"og:image:type\" content=\"image\/png\" \/>\n<meta name=\"twitter:card\" content=\"summary_large_image\" \/>\n<meta name=\"twitter:label1\" content=\"Pre\u021b\" \/>\n\t<meta name=\"twitter:data1\" content=\"&euro;178,00\" \/>\n\t<meta name=\"twitter:label2\" content=\"Disponibilitate\" \/>\n\t<meta name=\"twitter:data2\" content=\"\u00cen stoc\" \/>\n<script type=\"application\/ld+json\" class=\"yoast-schema-graph\">{\"@context\":\"https:\/\/schema.org\",\"@graph\":[{\"@type\":\"WebPage\",\"@id\":\"https:\/\/dosingpump.shop\/dk\/produkt\/emec-sefl-flow-sensor\/\",\"url\":\"https:\/\/dosingpump.shop\/dk\/produkt\/emec-sefl-flow-sensor\/\",\"name\":\"Emec SEFL flow sensor | Dosing Pump Shop B.V.\",\"isPartOf\":{\"@id\":\"https:\/\/dosingpump.shop\/de\/#website\"},\"primaryImageOfPage\":{\"@id\":\"https:\/\/dosingpump.shop\/dk\/produkt\/emec-sefl-flow-sensor\/#primaryimage\"},\"image\":{\"@id\":\"https:\/\/dosingpump.shop\/dk\/produkt\/emec-sefl-flow-sensor\/#primaryimage\"},\"thumbnailUrl\":\"https:\/\/dosingpump.shop\/wp-content\/uploads\/2024\/12\/EMEC_SEFL-V_Dosing_pump_shop.png\",\"datePublished\":\"2024-12-05T12:21:33+00:00\",\"dateModified\":\"2026-02-27T12:49:14+00:00\",\"description\":\"Emec SEFL flowsensor checkt of de doseerpomp goed werkt door fysiek te controleren of er daadwerkelijk gedoseerd wordt. Diverse typen beschikbaar.\",\"breadcrumb\":{\"@id\":\"https:\/\/dosingpump.shop\/dk\/produkt\/emec-sefl-flow-sensor\/#breadcrumb\"},\"inLanguage\":\"ro-RO\",\"potentialAction\":[{\"@type\":\"ReadAction\",\"target\":[\"https:\/\/dosingpump.shop\/dk\/produkt\/emec-sefl-flow-sensor\/\"]}]},{\"@type\":\"ImageObject\",\"inLanguage\":\"ro-RO\",\"@id\":\"https:\/\/dosingpump.shop\/dk\/produkt\/emec-sefl-flow-sensor\/#primaryimage\",\"url\":\"https:\/\/dosingpump.shop\/wp-content\/uploads\/2024\/12\/EMEC_SEFL-V_Dosing_pump_shop.png\",\"contentUrl\":\"https:\/\/dosingpump.shop\/wp-content\/uploads\/2024\/12\/EMEC_SEFL-V_Dosing_pump_shop.png\",\"width\":500,\"height\":500,\"caption\":\"Emec Sefl-V flow sensor\"},{\"@type\":\"BreadcrumbList\",\"@id\":\"https:\/\/dosingpump.shop\/dk\/produkt\/emec-sefl-flow-sensor\/#breadcrumb\",\"itemListElement\":[{\"@type\":\"ListItem\",\"position\":1,\"name\":\"Home\",\"item\":\"https:\/\/dosingpump.shop\/\"},{\"@type\":\"ListItem\",\"position\":2,\"name\":\"Shop\",\"item\":\"https:\/\/dosingpump.shop\/de\/shop\/\"},{\"@type\":\"ListItem\",\"position\":3,\"name\":\"Emec SEFL flow sensor\"}]},{\"@type\":\"WebSite\",\"@id\":\"https:\/\/dosingpump.shop\/de\/#website\",\"url\":\"https:\/\/dosingpump.shop\/de\/\",\"name\":\"Dosing Pump Shop B.V.\",\"description\":\"\",\"publisher\":{\"@id\":\"https:\/\/dosingpump.shop\/de\/#organization\"},\"potentialAction\":[{\"@type\":\"SearchAction\",\"target\":{\"@type\":\"EntryPoint\",\"urlTemplate\":\"https:\/\/dosingpump.shop\/de\/?s={search_term_string}\"},\"query-input\":{\"@type\":\"PropertyValueSpecification\",\"valueRequired\":true,\"valueName\":\"search_term_string\"}}],\"inLanguage\":\"ro-RO\"},{\"@type\":\"Organization\",\"@id\":\"https:\/\/dosingpump.shop\/de\/#organization\",\"name\":\"Dosing Pump Shop B.V.\",\"url\":\"https:\/\/dosingpump.shop\/de\/\",\"logo\":{\"@type\":\"ImageObject\",\"inLanguage\":\"ro-RO\",\"@id\":\"https:\/\/dosingpump.shop\/de\/#\/schema\/logo\/image\/\",\"url\":\"https:\/\/dosingpump.shop\/wp-content\/uploads\/2024\/10\/Dosing-Pump-Shop-logo.png\",\"contentUrl\":\"https:\/\/dosingpump.shop\/wp-content\/uploads\/2024\/10\/Dosing-Pump-Shop-logo.png\",\"width\":350,\"height\":45,\"caption\":\"Dosing Pump Shop B.V.\"},\"image\":{\"@id\":\"https:\/\/dosingpump.shop\/de\/#\/schema\/logo\/image\/\"},\"sameAs\":[\"https:\/\/linkedin.com\/company\/dosing-pump-shop\"]}]}<\/script>\n<meta property=\"product:price:amount\" content=\"178.00\" \/>\n<meta property=\"product:price:currency\" content=\"EUR\" \/>\n<meta property=\"og:availability\" content=\"instock\" \/>\n<meta property=\"product:availability\" content=\"instock\" \/>\n<meta property=\"product:retailer_item_id\" content=\"Emec-SEFL-NL-SEFL\/V\" \/>\n<meta property=\"product:condition\" content=\"new\" \/>\n<!-- \/ Yoast SEO plugin. -->","yoast_head_json":{"title":"Senzor de debit Emec SEFL | Dosing Pump Shop B.V.","description":"Senzorul de debit Emec SEFL verific\u0103 dac\u0103 pompa de dozare func\u021bioneaz\u0103 corect prin verificarea fizic\u0103 a faptului c\u0103 dozarea are loc efectiv. Diferite tipuri disponibile.","robots":{"index":"index","follow":"follow","max-snippet":"max-snippet:-1","max-image-preview":"max-image-preview:large","max-video-preview":"max-video-preview:-1"},"canonical":"https:\/\/dosingpump.shop\/ro\/produs-2\/senzor-de-debit-emec-sefl\/","og_locale":"ro_RO","og_type":"article","og_title":"Emec SEFL flow sensor | Dosing Pump Shop B.V.","og_description":"Emec SEFL flowsensor checkt of de doseerpomp goed werkt door fysiek te controleren of er daadwerkelijk gedoseerd wordt. Diverse typen beschikbaar.","og_url":"https:\/\/dosingpump.shop\/ro\/produs-2\/senzor-de-debit-emec-sefl\/","og_site_name":"Dosing Pump Shop B.V.","article_modified_time":"2026-02-27T12:49:14+00:00","og_image":[{"width":500,"height":500,"url":"https:\/\/dosingpump.shop\/wp-content\/uploads\/2024\/12\/EMEC_SEFL-V_Dosing_pump_shop.png","type":"image\/png"}],"twitter_card":"summary_large_image","twitter_misc":{"Pre\u021b":"&euro;178,00","Disponibilitate":"\u00cen stoc"},"schema":{"@context":"https:\/\/schema.org","@graph":[{"@type":"WebPage","@id":"https:\/\/dosingpump.shop\/dk\/produkt\/emec-sefl-flow-sensor\/","url":"https:\/\/dosingpump.shop\/dk\/produkt\/emec-sefl-flow-sensor\/","name":"Senzor de debit Emec SEFL | Dosing Pump Shop B.V.","isPartOf":{"@id":"https:\/\/dosingpump.shop\/de\/#website"},"primaryImageOfPage":{"@id":"https:\/\/dosingpump.shop\/dk\/produkt\/emec-sefl-flow-sensor\/#primaryimage"},"image":{"@id":"https:\/\/dosingpump.shop\/dk\/produkt\/emec-sefl-flow-sensor\/#primaryimage"},"thumbnailUrl":"https:\/\/dosingpump.shop\/wp-content\/uploads\/2024\/12\/EMEC_SEFL-V_Dosing_pump_shop.png","datePublished":"2024-12-05T12:21:33+00:00","dateModified":"2026-02-27T12:49:14+00:00","description":"Senzorul de debit Emec SEFL verific\u0103 dac\u0103 pompa de dozare func\u021bioneaz\u0103 corect prin verificarea fizic\u0103 a faptului c\u0103 dozarea are loc efectiv. Diferite tipuri disponibile.","breadcrumb":{"@id":"https:\/\/dosingpump.shop\/dk\/produkt\/emec-sefl-flow-sensor\/#breadcrumb"},"inLanguage":"ro-RO","potentialAction":[{"@type":"ReadAction","target":["https:\/\/dosingpump.shop\/dk\/produkt\/emec-sefl-flow-sensor\/"]}]},{"@type":"ImageObject","inLanguage":"ro-RO","@id":"https:\/\/dosingpump.shop\/dk\/produkt\/emec-sefl-flow-sensor\/#primaryimage","url":"https:\/\/dosingpump.shop\/wp-content\/uploads\/2024\/12\/EMEC_SEFL-V_Dosing_pump_shop.png","contentUrl":"https:\/\/dosingpump.shop\/wp-content\/uploads\/2024\/12\/EMEC_SEFL-V_Dosing_pump_shop.png","width":500,"height":500,"caption":"Emec Sefl-V flow sensor"},{"@type":"BreadcrumbList","@id":"https:\/\/dosingpump.shop\/dk\/produkt\/emec-sefl-flow-sensor\/#breadcrumb","itemListElement":[{"@type":"ListItem","position":1,"name":"Home","item":"https:\/\/dosingpump.shop\/"},{"@type":"ListItem","position":2,"name":"Shop","item":"https:\/\/dosingpump.shop\/de\/shop\/"},{"@type":"ListItem","position":3,"name":"Emec SEFL flow sensor"}]},{"@type":"WebSite","@id":"https:\/\/dosingpump.shop\/de\/#website","url":"https:\/\/dosingpump.shop\/de\/","name":"Dosing Pump Shop B.V.","description":"","publisher":{"@id":"https:\/\/dosingpump.shop\/de\/#organization"},"potentialAction":[{"@type":"SearchAction","target":{"@type":"EntryPoint","urlTemplate":"https:\/\/dosingpump.shop\/de\/?s={search_term_string}"},"query-input":{"@type":"PropertyValueSpecification","valueRequired":true,"valueName":"search_term_string"}}],"inLanguage":"ro-RO"},{"@type":"Organization","@id":"https:\/\/dosingpump.shop\/de\/#organization","name":"Dosing Pump Shop B.V.","url":"https:\/\/dosingpump.shop\/de\/","logo":{"@type":"ImageObject","inLanguage":"ro-RO","@id":"https:\/\/dosingpump.shop\/de\/#\/schema\/logo\/image\/","url":"https:\/\/dosingpump.shop\/wp-content\/uploads\/2024\/10\/Dosing-Pump-Shop-logo.png","contentUrl":"https:\/\/dosingpump.shop\/wp-content\/uploads\/2024\/10\/Dosing-Pump-Shop-logo.png","width":350,"height":45,"caption":"Dosing Pump Shop B.V."},"image":{"@id":"https:\/\/dosingpump.shop\/de\/#\/schema\/logo\/image\/"},"sameAs":["https:\/\/linkedin.com\/company\/dosing-pump-shop"]}]},"product_price_amount":"178.00","product_price_currency":"EUR","og_availability":"instock","product_availability":"instock","product_retailer_item_id":"Emec-SEFL-NL-SEFL\/V","product_condition":"new"},"_links":{"self":[{"href":"https:\/\/dosingpump.shop\/ro\/wp-json\/wp\/v2\/product\/3934","targetHints":{"allow":["GET"]}}],"collection":[{"href":"https:\/\/dosingpump.shop\/ro\/wp-json\/wp\/v2\/product"}],"about":[{"href":"https:\/\/dosingpump.shop\/ro\/wp-json\/wp\/v2\/types\/product"}],"wp:featuredmedia":[{"embeddable":true,"href":"https:\/\/dosingpump.shop\/ro\/wp-json\/wp\/v2\/media\/8302"}],"wp:attachment":[{"href":"https:\/\/dosingpump.shop\/ro\/wp-json\/wp\/v2\/media?parent=3934"}],"wp:term":[{"taxonomy":"product_brand","embeddable":true,"href":"https:\/\/dosingpump.shop\/ro\/wp-json\/wp\/v2\/product_brand?post=3934"},{"taxonomy":"product_cat","embeddable":true,"href":"https:\/\/dosingpump.shop\/ro\/wp-json\/wp\/v2\/product_cat?post=3934"},{"taxonomy":"product_tag","embeddable":true,"href":"https:\/\/dosingpump.shop\/ro\/wp-json\/wp\/v2\/product_tag?post=3934"}],"curies":[{"name":"wp","href":"https:\/\/api.w.org\/{rel}","templated":true}]}}