{"id":3958,"date":"2024-12-05T14:21:36","date_gmt":"2024-12-05T12:21:36","guid":{"rendered":"https:\/\/dosingpump.shop\/product\/emec-lini-chemische-injectielans\/"},"modified":"2026-03-31T15:13:07","modified_gmt":"2026-03-31T13:13:07","slug":"lance-de-injectie-chimica-emec-lini","status":"publish","type":"product","link":"https:\/\/dosingpump.shop\/ro\/product\/emec-lini-chemische-injectielans\/","title":{"rendered":"Lance de injec\u021bie chimic\u0103 Emec LINI"},"content":{"rendered":"<p>Lancea de injec\u021bie chimic\u0103 Emec LINI este o component\u0103 esen\u021bial\u0103 pentru sistemele care necesit\u0103 o dozare precis\u0103 a substan\u021belor chimice, \u00een special atunci c\u00e2nd pompa de dozare este situat\u0103 sub nivelul lichidului. \u00cen cazul \u00een care supapele de injec\u021bie standard cauzeaz\u0103 adesea probleme precum cristalizarea \u0219i acumularea de depuneri chimice, lancea de injec\u021bie Emec LINI abordeaz\u0103 eficient aceste provoc\u0103ri.<\/p>\n<p>Designul inteligent al acestei lance de injec\u021bie faciliteaz\u0103 \u00eendep\u0103rtarea punctului de injec\u021bie, chiar \u0219i \u00een sistemele de suprapresiune, datorit\u0103 supapei de re\u021binere op\u021bionale integrate \u00een lance. Acest lucru spore\u0219te nu numai u\u0219urin\u021ba utiliz\u0103rii, ci \u0219i siguran\u021ba opera\u021bional\u0103.<\/p>\n<p>Lancea de injec\u021bie Emec LINI este disponibil\u0103 \u00eentr-o varietate de materiale de \u00eenalt\u0103 calitate, precum PP, PVDF \u0219i o\u021bel inoxidabil 316. Aceast\u0103 varietate asigur\u0103 faptul c\u0103 lancea poate rezista la temperaturi de p\u00e2n\u0103 la 200\u00b0C \u0219i la presiuni de p\u00e2n\u0103 la 25 bar, \u00een func\u021bie de versiunea aleas\u0103. Acest lucru face din lancea de injec\u021bie Emec LINI o solu\u021bie versatil\u0103 \u0219i robust\u0103 pentru o gam\u0103 larg\u0103 de aplica\u021bii industriale.<\/p>\n<p>\u00cen prezent, oferim LINI-V 1\/2\u2033 (potrivit pentru furtunuri de 4x6 mm p\u00e2n\u0103 la 8x12 mm) at\u00e2t \u00een PVDF c\u00e2t \u0219i \u00een PP, cu O-ring-uri Viton sau EPDM. Cu toate acestea, sunte\u021bi \u00een c\u0103utarea unei configura\u021bii diferite sau a unor dimensiuni specifice? Atunci nu ezita\u021bi s\u0103 ne contacta\u021bi pentru a solicita o ofert\u0103 f\u0103r\u0103 obliga\u021bii.<\/p>","protected":false},"excerpt":{"rendered":"<p>Lance de injec\u021bie Emec pentru injectarea lichidelor sub nivelul lichidului sau sisteme de suprapresiune. Disponibil \u00een PP, PVDF \u0219i o\u021bel inoxidabil 316.<\/p>\n<p>Design: LINI-V 1\/2 (4X6mm p\u00e2n\u0103 la 8x12mm) \u00een PVDF sau PP. O-ring-uri: Viton sau EPDM.<\/p>\n<p>Ave\u021bi nevoie de o alt\u0103 versiune? Solicita\u021bi o ofert\u0103!<\/p>","protected":false},"featured_media":3957,"template":"","meta":[],"product_brand":[],"product_cat":[34],"product_tag":[],"class_list":{"0":"post-3958","1":"product","2":"type-product","3":"status-publish","4":"has-post-thumbnail","6":"product_cat-accessoires","8":"first","9":"instock","10":"taxable","11":"shipping-taxable","12":"purchasable","13":"product-type-simple"},"yoast_head":"<!-- This site is optimized with the Yoast SEO plugin v27.2 - https:\/\/yoast.com\/product\/yoast-seo-wordpress\/ -->\n<title>Emec LINI Chemische Injectielans | Dosing Pump Shop B.V.<\/title>\n<meta name=\"description\" content=\"Emec LINI injectielans voor het injecteren van chemische vloeistoffen. Diverse materialen en configuraties leverbaar. Kijk in onze webshop!\" \/>\n<meta name=\"robots\" content=\"index, follow, max-snippet:-1, max-image-preview:large, max-video-preview:-1\" \/>\n<link rel=\"canonical\" href=\"https:\/\/dosingpump.shop\/ro\/produs-2\/lance-de-injectie-chimica-emec-lini\/\" \/>\n<meta property=\"og:locale\" content=\"ro_RO\" \/>\n<meta property=\"og:type\" content=\"article\" \/>\n<meta property=\"og:title\" content=\"Emec LINI Chemische Injectielans | Dosing Pump Shop B.V.\" \/>\n<meta property=\"og:description\" content=\"Emec LINI injectielans voor het injecteren van chemische vloeistoffen. Diverse materialen en configuraties leverbaar. Kijk in onze webshop!\" \/>\n<meta property=\"og:url\" content=\"https:\/\/dosingpump.shop\/ro\/produs-2\/lance-de-injectie-chimica-emec-lini\/\" \/>\n<meta property=\"og:site_name\" content=\"Dosing Pump Shop B.V.\" \/>\n<meta property=\"article:modified_time\" content=\"2026-03-31T13:13:07+00:00\" \/>\n<meta property=\"og:image\" content=\"https:\/\/dosingpump.shop\/wp-content\/uploads\/2024\/12\/Emec-LINI-Chemische-Injectielans.webp\" \/>\n\t<meta property=\"og:image:width\" content=\"500\" \/>\n\t<meta property=\"og:image:height\" content=\"500\" \/>\n\t<meta property=\"og:image:type\" content=\"image\/webp\" \/>\n<meta name=\"twitter:card\" content=\"summary_large_image\" \/>\n<meta name=\"twitter:label1\" content=\"Pre\u021b\" \/>\n\t<meta name=\"twitter:data1\" content=\"&euro;107,00\" \/>\n\t<meta name=\"twitter:label2\" content=\"Disponibilitate\" \/>\n\t<meta name=\"twitter:data2\" content=\"\u00cen stoc\" \/>\n<script type=\"application\/ld+json\" class=\"yoast-schema-graph\">{\"@context\":\"https:\/\/schema.org\",\"@graph\":[{\"@type\":\"WebPage\",\"@id\":\"https:\/\/dosingpump.shop\/product\/emec-lini-chemische-injectielans\/\",\"url\":\"https:\/\/dosingpump.shop\/product\/emec-lini-chemische-injectielans\/\",\"name\":\"Emec LINI Chemische Injectielans | Dosing Pump Shop B.V.\",\"isPartOf\":{\"@id\":\"https:\/\/dosingpump.shop\/de\/#website\"},\"primaryImageOfPage\":{\"@id\":\"https:\/\/dosingpump.shop\/product\/emec-lini-chemische-injectielans\/#primaryimage\"},\"image\":{\"@id\":\"https:\/\/dosingpump.shop\/product\/emec-lini-chemische-injectielans\/#primaryimage\"},\"thumbnailUrl\":\"https:\/\/dosingpump.shop\/wp-content\/uploads\/2024\/12\/Emec-LINI-Chemische-Injectielans.webp\",\"datePublished\":\"2024-12-05T12:21:36+00:00\",\"dateModified\":\"2026-03-31T13:13:07+00:00\",\"description\":\"Emec LINI injectielans voor het injecteren van chemische vloeistoffen. Diverse materialen en configuraties leverbaar. Kijk in onze webshop!\",\"breadcrumb\":{\"@id\":\"https:\/\/dosingpump.shop\/product\/emec-lini-chemische-injectielans\/#breadcrumb\"},\"inLanguage\":\"ro-RO\",\"potentialAction\":[{\"@type\":\"ReadAction\",\"target\":[\"https:\/\/dosingpump.shop\/product\/emec-lini-chemische-injectielans\/\"]}]},{\"@type\":\"ImageObject\",\"inLanguage\":\"ro-RO\",\"@id\":\"https:\/\/dosingpump.shop\/product\/emec-lini-chemische-injectielans\/#primaryimage\",\"url\":\"https:\/\/dosingpump.shop\/wp-content\/uploads\/2024\/12\/Emec-LINI-Chemische-Injectielans.webp\",\"contentUrl\":\"https:\/\/dosingpump.shop\/wp-content\/uploads\/2024\/12\/Emec-LINI-Chemische-Injectielans.webp\",\"width\":500,\"height\":500},{\"@type\":\"BreadcrumbList\",\"@id\":\"https:\/\/dosingpump.shop\/product\/emec-lini-chemische-injectielans\/#breadcrumb\",\"itemListElement\":[{\"@type\":\"ListItem\",\"position\":1,\"name\":\"Home\",\"item\":\"https:\/\/dosingpump.shop\/\"},{\"@type\":\"ListItem\",\"position\":2,\"name\":\"Shop\",\"item\":\"https:\/\/dosingpump.shop\/de\/shop\/\"},{\"@type\":\"ListItem\",\"position\":3,\"name\":\"Emec LINI Chemische Injectielans\"}]},{\"@type\":\"WebSite\",\"@id\":\"https:\/\/dosingpump.shop\/de\/#website\",\"url\":\"https:\/\/dosingpump.shop\/de\/\",\"name\":\"Dosing Pump Shop B.V.\",\"description\":\"\",\"publisher\":{\"@id\":\"https:\/\/dosingpump.shop\/de\/#organization\"},\"potentialAction\":[{\"@type\":\"SearchAction\",\"target\":{\"@type\":\"EntryPoint\",\"urlTemplate\":\"https:\/\/dosingpump.shop\/de\/?s={search_term_string}\"},\"query-input\":{\"@type\":\"PropertyValueSpecification\",\"valueRequired\":true,\"valueName\":\"search_term_string\"}}],\"inLanguage\":\"ro-RO\"},{\"@type\":\"Organization\",\"@id\":\"https:\/\/dosingpump.shop\/de\/#organization\",\"name\":\"Dosing Pump Shop B.V.\",\"url\":\"https:\/\/dosingpump.shop\/de\/\",\"logo\":{\"@type\":\"ImageObject\",\"inLanguage\":\"ro-RO\",\"@id\":\"https:\/\/dosingpump.shop\/de\/#\/schema\/logo\/image\/\",\"url\":\"https:\/\/dosingpump.shop\/wp-content\/uploads\/2024\/10\/Dosing-Pump-Shop-logo.png\",\"contentUrl\":\"https:\/\/dosingpump.shop\/wp-content\/uploads\/2024\/10\/Dosing-Pump-Shop-logo.png\",\"width\":350,\"height\":45,\"caption\":\"Dosing Pump Shop B.V.\"},\"image\":{\"@id\":\"https:\/\/dosingpump.shop\/de\/#\/schema\/logo\/image\/\"},\"sameAs\":[\"https:\/\/linkedin.com\/company\/dosing-pump-shop\"]}]}<\/script>\n<meta property=\"product:price:amount\" content=\"107.00\" \/>\n<meta property=\"product:price:currency\" content=\"EUR\" \/>\n<meta property=\"og:availability\" content=\"instock\" \/>\n<meta property=\"product:availability\" content=\"instock\" \/>\n<meta property=\"product:retailer_item_id\" content=\"Emec-LINI-NL-LINI-D\" \/>\n<meta property=\"product:condition\" content=\"new\" \/>\n<!-- \/ Yoast SEO plugin. -->","yoast_head_json":{"title":"Lance de injec\u021bie chimic\u0103 Emec LINI | Dosing Pump Shop B.V.","description":"Lance de injec\u021bie Emec LINI pentru injectarea lichidelor chimice. Diferite materiale \u0219i configura\u021bii disponibile. Consulta\u021bi magazinul nostru online!","robots":{"index":"index","follow":"follow","max-snippet":"max-snippet:-1","max-image-preview":"max-image-preview:large","max-video-preview":"max-video-preview:-1"},"canonical":"https:\/\/dosingpump.shop\/ro\/produs-2\/lance-de-injectie-chimica-emec-lini\/","og_locale":"ro_RO","og_type":"article","og_title":"Emec LINI Chemische Injectielans | Dosing Pump Shop B.V.","og_description":"Emec LINI injectielans voor het injecteren van chemische vloeistoffen. Diverse materialen en configuraties leverbaar. Kijk in onze webshop!","og_url":"https:\/\/dosingpump.shop\/ro\/produs-2\/lance-de-injectie-chimica-emec-lini\/","og_site_name":"Dosing Pump Shop B.V.","article_modified_time":"2026-03-31T13:13:07+00:00","og_image":[{"width":500,"height":500,"url":"https:\/\/dosingpump.shop\/wp-content\/uploads\/2024\/12\/Emec-LINI-Chemische-Injectielans.webp","type":"image\/webp"}],"twitter_card":"summary_large_image","twitter_misc":{"Pre\u021b":"&euro;107,00","Disponibilitate":"\u00cen stoc"},"schema":{"@context":"https:\/\/schema.org","@graph":[{"@type":"WebPage","@id":"https:\/\/dosingpump.shop\/product\/emec-lini-chemische-injectielans\/","url":"https:\/\/dosingpump.shop\/product\/emec-lini-chemische-injectielans\/","name":"Lance de injec\u021bie chimic\u0103 Emec LINI | Dosing Pump Shop B.V.","isPartOf":{"@id":"https:\/\/dosingpump.shop\/de\/#website"},"primaryImageOfPage":{"@id":"https:\/\/dosingpump.shop\/product\/emec-lini-chemische-injectielans\/#primaryimage"},"image":{"@id":"https:\/\/dosingpump.shop\/product\/emec-lini-chemische-injectielans\/#primaryimage"},"thumbnailUrl":"https:\/\/dosingpump.shop\/wp-content\/uploads\/2024\/12\/Emec-LINI-Chemische-Injectielans.webp","datePublished":"2024-12-05T12:21:36+00:00","dateModified":"2026-03-31T13:13:07+00:00","description":"Lance de injec\u021bie Emec LINI pentru injectarea lichidelor chimice. Diferite materiale \u0219i configura\u021bii disponibile. Consulta\u021bi magazinul nostru online!","breadcrumb":{"@id":"https:\/\/dosingpump.shop\/product\/emec-lini-chemische-injectielans\/#breadcrumb"},"inLanguage":"ro-RO","potentialAction":[{"@type":"ReadAction","target":["https:\/\/dosingpump.shop\/product\/emec-lini-chemische-injectielans\/"]}]},{"@type":"ImageObject","inLanguage":"ro-RO","@id":"https:\/\/dosingpump.shop\/product\/emec-lini-chemische-injectielans\/#primaryimage","url":"https:\/\/dosingpump.shop\/wp-content\/uploads\/2024\/12\/Emec-LINI-Chemische-Injectielans.webp","contentUrl":"https:\/\/dosingpump.shop\/wp-content\/uploads\/2024\/12\/Emec-LINI-Chemische-Injectielans.webp","width":500,"height":500},{"@type":"BreadcrumbList","@id":"https:\/\/dosingpump.shop\/product\/emec-lini-chemische-injectielans\/#breadcrumb","itemListElement":[{"@type":"ListItem","position":1,"name":"Home","item":"https:\/\/dosingpump.shop\/"},{"@type":"ListItem","position":2,"name":"Shop","item":"https:\/\/dosingpump.shop\/de\/shop\/"},{"@type":"ListItem","position":3,"name":"Emec LINI Chemische Injectielans"}]},{"@type":"WebSite","@id":"https:\/\/dosingpump.shop\/de\/#website","url":"https:\/\/dosingpump.shop\/de\/","name":"Dosing Pump Shop B.V.","description":"","publisher":{"@id":"https:\/\/dosingpump.shop\/de\/#organization"},"potentialAction":[{"@type":"SearchAction","target":{"@type":"EntryPoint","urlTemplate":"https:\/\/dosingpump.shop\/de\/?s={search_term_string}"},"query-input":{"@type":"PropertyValueSpecification","valueRequired":true,"valueName":"search_term_string"}}],"inLanguage":"ro-RO"},{"@type":"Organization","@id":"https:\/\/dosingpump.shop\/de\/#organization","name":"Dosing Pump Shop B.V.","url":"https:\/\/dosingpump.shop\/de\/","logo":{"@type":"ImageObject","inLanguage":"ro-RO","@id":"https:\/\/dosingpump.shop\/de\/#\/schema\/logo\/image\/","url":"https:\/\/dosingpump.shop\/wp-content\/uploads\/2024\/10\/Dosing-Pump-Shop-logo.png","contentUrl":"https:\/\/dosingpump.shop\/wp-content\/uploads\/2024\/10\/Dosing-Pump-Shop-logo.png","width":350,"height":45,"caption":"Dosing Pump Shop B.V."},"image":{"@id":"https:\/\/dosingpump.shop\/de\/#\/schema\/logo\/image\/"},"sameAs":["https:\/\/linkedin.com\/company\/dosing-pump-shop"]}]},"product_price_amount":"107.00","product_price_currency":"EUR","og_availability":"instock","product_availability":"instock","product_retailer_item_id":"Emec-LINI-NL-LINI-D","product_condition":"new"},"_links":{"self":[{"href":"https:\/\/dosingpump.shop\/ro\/wp-json\/wp\/v2\/product\/3958","targetHints":{"allow":["GET"]}}],"collection":[{"href":"https:\/\/dosingpump.shop\/ro\/wp-json\/wp\/v2\/product"}],"about":[{"href":"https:\/\/dosingpump.shop\/ro\/wp-json\/wp\/v2\/types\/product"}],"wp:featuredmedia":[{"embeddable":true,"href":"https:\/\/dosingpump.shop\/ro\/wp-json\/wp\/v2\/media\/3957"}],"wp:attachment":[{"href":"https:\/\/dosingpump.shop\/ro\/wp-json\/wp\/v2\/media?parent=3958"}],"wp:term":[{"taxonomy":"product_brand","embeddable":true,"href":"https:\/\/dosingpump.shop\/ro\/wp-json\/wp\/v2\/product_brand?post=3958"},{"taxonomy":"product_cat","embeddable":true,"href":"https:\/\/dosingpump.shop\/ro\/wp-json\/wp\/v2\/product_cat?post=3958"},{"taxonomy":"product_tag","embeddable":true,"href":"https:\/\/dosingpump.shop\/ro\/wp-json\/wp\/v2\/product_tag?post=3958"}],"curies":[{"name":"wp","href":"https:\/\/api.w.org\/{rel}","templated":true}]}}