{"id":3961,"date":"2024-12-05T12:21:36","date_gmt":"2024-12-05T12:21:36","guid":{"rendered":"https:\/\/dosingpump.shop\/product\/doseerpomp-voor-zuur\/"},"modified":"2026-02-27T14:49:15","modified_gmt":"2026-02-27T12:49:15","slug":"pompa-de-dozare-a-acidului","status":"publish","type":"product","link":"https:\/\/dosingpump.shop\/ro\/product\/doseerpomp-voor-zuur\/","title":{"rendered":"Pomp\u0103 de dozare a acidului"},"content":{"rendered":"<p>Dac\u0103 ave\u021bi nevoie de o solu\u021bie simpl\u0103, dar <strong>pomp\u0103 de dozare a acidului de \u00eenalt\u0103 calitate<\/strong> c\u0103ut\u0103ri, Emec VCO este o alegere excelent\u0103. Configura\u021bia sa special\u0103 ofer\u0103 o <strong>durat\u0103 lung\u0103 de via\u021b\u0103, chiar \u0219i la concentra\u021bii mai mari de acid<\/strong>. Aceast\u0103 pomp\u0103 de dozare a acidului poate fi setat\u0103 manual, dar poate fi, de asemenea, comutat\u0103 prin intermediul sursei de alimentare, dac\u0103 este necesar. Acest lucru permite dozarea automat\u0103. Dori\u021bi mai mult\u0103 func\u021bionalitate? Cu intrare de nivel, de exemplu? Atunci pute\u021bi alege un EMEC VCL sau VMS MF. Acesta este <strong>control propor\u021bional prin 4-20 mA 0-10V etc.<\/strong> \u0219i este disponibil contor de ap\u0103 i.c.w. pentru ppm sau solu\u021bie procentual\u0103.<\/p>\n<p>Aceast\u0103 pomp\u0103 dozatoare de acid este ideal\u0103 pentru dozarea concentra\u021biilor mari:<\/p>\n<ul>\n<li>Acid clorhidric<\/li>\n<li>Acid azotic (p\u00e2n\u0103 la 90% <strong>la 20 de grade)<\/strong><\/li>\n<li>Acid fosforic<\/li>\n<li>Acid citric<\/li>\n<li>etc.<\/li>\n<\/ul>\n<p>Versiunea V CL este prev\u0103zut\u0103 cu un filtru de picior cu plutitor. \u00cen acest fel, pompa se opre\u0219te atunci c\u00e2nd rezervorul de stocare este gol. Astfel, conductele nu sunt niciodat\u0103 umplute cu aer.<\/p>\n<p>Seria Emec V are un sistem de reglare manual\u0103 sau automat\u0103.<\/p>\n<h3>Propriet\u0103\u021bi<\/h3>\n<ul>\n<li>Design deosebit de potrivit pentru montarea pe perete<\/li>\n<li>Echipat cu afi\u0219aj LCD clar<\/li>\n<li>Aerisire manual\u0103 sau automat\u0103<\/li>\n<li>Livrat cu kit complet (2 m furtun de presiune \u0219i aspira\u021bie, 2 m furtun de ventila\u021bie (PE), racord de injec\u021bie \u0219i filtru de aspira\u021bie)<\/li>\n<\/ul>\n<h3>Debit \u0219i presiune disponibile<\/h3>\n<p><strong>Emec V CO<\/strong><\/p>\n<table>\n<tbody>\n<tr>\n<th>Presiune (Bar)<\/th>\n<th>Debit (l\/or\u0103)<\/th>\n<\/tr>\n<tr>\n<td>20<\/td>\n<td>1<\/td>\n<\/tr>\n<tr>\n<td>15<\/td>\n<td>2<\/td>\n<\/tr>\n<tr>\n<td>10<\/td>\n<td>4<\/td>\n<\/tr>\n<tr>\n<td>07<\/td>\n<td>06<\/td>\n<\/tr>\n<tr>\n<td>05<\/td>\n<td>01<\/td>\n<\/tr>\n<tr>\n<td>01<\/td>\n<td>16<\/td>\n<\/tr>\n<\/tbody>\n<\/table>\n<p><strong>Emec VMS MF<\/strong><\/p>\n<table>\n<tbody>\n<tr>\n<th>Presiune (Bar)<\/th>\n<th>Debit (l\/or\u0103)<\/th>\n<\/tr>\n<tr>\n<td>20<\/td>\n<td>01<\/td>\n<\/tr>\n<tr>\n<td>15<\/td>\n<td>02<\/td>\n<\/tr>\n<tr>\n<td>10<\/td>\n<td>04<\/td>\n<\/tr>\n<tr>\n<td>07<\/td>\n<td>06<\/td>\n<\/tr>\n<tr>\n<td>03<\/td>\n<td>10<\/td>\n<\/tr>\n<tr>\n<td>01<\/td>\n<td>16<\/td>\n<\/tr>\n<\/tbody>\n<\/table>\n<p>Versiuni<\/p>\n<p>\u00cen tabelul de mai jos pute\u021bi vedea ce versiuni sunt disponibile. Nu g\u0103si\u021bi pompa dorit\u0103? Atunci v\u0103 rug\u0103m s\u0103 ne contacta\u021bi.<\/p>\n<table>\n<tbody>\n<tr>\n<th><\/th>\n<th>V CO Pomp\u0103 de dozare<\/th>\n<th>VMS MF Pomp\u0103 de dozare<\/th>\n<th><\/th>\n<\/tr>\n<tr>\n<th>Descriere<\/th>\n<td>Sistem de dozare constant\u0103 f\u0103r\u0103 control al nivelului.<\/td>\n<td>Sistem de dozare multifunc\u021bional constant\/propor\u021bional.<\/td>\n<\/tr>\n<tr>\n<th>Caracteristici<\/th>\n<td>\n<ul>\n<li>Frecven\u021ba cursei reglabil\u0103 manual<\/li>\n<\/ul>\n<\/td>\n<td>\n<ul>\n<li>Echipat cu afi\u0219aj<\/li>\n<li>Tehnologia microprocesoarelor<\/li>\n<li>Control prin mA, Volt \u0219i impuls<\/li>\n<li>Dozarea pe loturi<\/li>\n<li>Control prin contorul de ap\u0103<\/li>\n<li>Cu control al nivelului<\/li>\n<\/ul>\n<\/td>\n<td><\/td>\n<\/tr>\n<tr>\n<th>Caracteristici<\/th>\n<td>\n<ul style=\"font-size: 15px; font-style: normal; font-weight: 400;\">\n<li>Divizor 1\/10. (pentru debite foarte mici)<\/li>\n<\/ul>\n<\/td>\n<td>\n<ul>\n<li>Constant<\/li>\n<li>Divizare<\/li>\n<li>\u00cenmul\u021bi\u021bi<\/li>\n<li>PPM<\/li>\n<li>Lot<\/li>\n<li>Volt<\/li>\n<li>mA<\/li>\n<li>%<\/li>\n<li>ml\/q<\/li>\n<\/ul>\n<\/td>\n<td><\/td>\n<\/tr>\n<tr>\n<th>Introducere<\/th>\n<td>-<\/td>\n<td>\n<ul>\n<li>Controlul nivelului<\/li>\n<li>Contor de ap\u0103<\/li>\n<\/ul>\n<\/td>\n<td><\/td>\n<\/tr>\n<tr>\n<th>Ie\u0219ire<\/th>\n<td>-<\/td>\n<td>\n<ul>\n<li>Ie\u0219ire de alarm\u0103 (op\u021bional)<\/li>\n<\/ul>\n<\/td>\n<td><\/td>\n<\/tr>\n<\/tbody>\n<\/table>","protected":false},"excerpt":{"rendered":"<ul>\n<li>Pomp\u0103 dozatoare cu cap de pomp\u0103 din PVDF. Foarte potrivit\u0103 pentru acizi.<\/li>\n<li>Disponibil, de asemenea, cu afi\u0219aj pentru control extern cu, de exemplu, 4-20 mA, 0-10V sau puls \u0219i adecvat pentru controlul prin contor de ap\u0103 cu generator de impulsuri.<\/li>\n<li>Controlul nivelului op\u021bional.<\/li>\n<li>Garan\u021bie de 5 ani.<\/li>\n<li>Pre\u021bul se aplic\u0103 versiunii Emec VCO 07-06 (maxim 6 litri pe or\u0103 la 7 bar).<\/li>\n<\/ul>\n<p>Ave\u021bi nevoie de o alt\u0103 versiune? Solicita\u021bi o ofert\u0103!<\/p>","protected":false},"featured_media":3960,"template":"","meta":[],"product_brand":[],"product_cat":[83,17],"product_tag":[],"class_list":{"0":"post-3961","1":"product","2":"type-product","3":"status-publish","4":"has-post-thumbnail","6":"product_cat-doseerpomp-voor-specifieke-chemicalien","7":"product_cat-doseerpompen","9":"first","10":"instock","11":"taxable","12":"shipping-taxable","13":"purchasable","14":"product-type-simple"},"yoast_head":"<!-- This site is optimized with the Yoast SEO plugin v27.2 - https:\/\/yoast.com\/product\/yoast-seo-wordpress\/ -->\n<title>Doseerpomp voor Zuur | Chemische Pompen | Dosing Pump Shop B.V.<\/title>\n<meta name=\"description\" content=\"Deze doseerpomp voor zuur garandeert een veilige dosering diverse zuren. Proportioneel aan te sturen. Bezoek de webshop!\" \/>\n<meta name=\"robots\" content=\"index, follow, max-snippet:-1, max-image-preview:large, max-video-preview:-1\" \/>\n<link rel=\"canonical\" href=\"https:\/\/dosingpump.shop\/ro\/produs-2\/pompa-de-dozare-a-acidului\/\" \/>\n<meta property=\"og:locale\" content=\"ro_RO\" \/>\n<meta property=\"og:type\" content=\"article\" \/>\n<meta property=\"og:title\" content=\"Doseerpomp voor Zuur | Chemische Pompen | Dosing Pump Shop B.V.\" \/>\n<meta property=\"og:description\" content=\"Deze doseerpomp voor zuur garandeert een veilige dosering diverse zuren. Proportioneel aan te sturen. Bezoek de webshop!\" \/>\n<meta property=\"og:url\" content=\"https:\/\/dosingpump.shop\/ro\/produs-2\/pompa-de-dozare-a-acidului\/\" \/>\n<meta property=\"og:site_name\" content=\"Dosing Pump Shop B.V.\" \/>\n<meta property=\"article:modified_time\" content=\"2026-02-27T12:49:15+00:00\" \/>\n<meta property=\"og:image\" content=\"https:\/\/dosingpump.shop\/wp-content\/uploads\/2024\/12\/75_dosing_pump_emec_v_1_1_1_2_1.webp\" \/>\n\t<meta property=\"og:image:width\" content=\"350\" \/>\n\t<meta property=\"og:image:height\" content=\"350\" \/>\n\t<meta property=\"og:image:type\" content=\"image\/webp\" \/>\n<meta name=\"twitter:card\" content=\"summary_large_image\" \/>\n<meta name=\"twitter:label1\" content=\"Pre\u021b\" \/>\n\t<meta name=\"twitter:data1\" content=\"&euro;293,00\" \/>\n\t<meta name=\"twitter:label2\" content=\"Disponibilitate\" \/>\n\t<meta name=\"twitter:data2\" content=\"\u00cen stoc\" \/>\n<script type=\"application\/ld+json\" class=\"yoast-schema-graph\">{\"@context\":\"https:\/\/schema.org\",\"@graph\":[{\"@type\":\"WebPage\",\"@id\":\"https:\/\/dosingpump.shop\/no\/produkt\/syredoseringspumpe\/\",\"url\":\"https:\/\/dosingpump.shop\/no\/produkt\/syredoseringspumpe\/\",\"name\":\"Doseerpomp voor Zuur | Chemische Pompen | Dosing Pump Shop B.V.\",\"isPartOf\":{\"@id\":\"https:\/\/dosingpump.shop\/de\/#website\"},\"primaryImageOfPage\":{\"@id\":\"https:\/\/dosingpump.shop\/no\/produkt\/syredoseringspumpe\/#primaryimage\"},\"image\":{\"@id\":\"https:\/\/dosingpump.shop\/no\/produkt\/syredoseringspumpe\/#primaryimage\"},\"thumbnailUrl\":\"https:\/\/dosingpump.shop\/wp-content\/uploads\/2024\/12\/75_dosing_pump_emec_v_1_1_1_2_1.webp\",\"datePublished\":\"2024-12-05T12:21:36+00:00\",\"dateModified\":\"2026-02-27T12:49:15+00:00\",\"description\":\"Deze doseerpomp voor zuur garandeert een veilige dosering diverse zuren. Proportioneel aan te sturen. Bezoek de webshop!\",\"breadcrumb\":{\"@id\":\"https:\/\/dosingpump.shop\/no\/produkt\/syredoseringspumpe\/#breadcrumb\"},\"inLanguage\":\"ro-RO\",\"potentialAction\":[{\"@type\":\"ReadAction\",\"target\":[\"https:\/\/dosingpump.shop\/no\/produkt\/syredoseringspumpe\/\"]}]},{\"@type\":\"ImageObject\",\"inLanguage\":\"ro-RO\",\"@id\":\"https:\/\/dosingpump.shop\/no\/produkt\/syredoseringspumpe\/#primaryimage\",\"url\":\"https:\/\/dosingpump.shop\/wp-content\/uploads\/2024\/12\/75_dosing_pump_emec_v_1_1_1_2_1.webp\",\"contentUrl\":\"https:\/\/dosingpump.shop\/wp-content\/uploads\/2024\/12\/75_dosing_pump_emec_v_1_1_1_2_1.webp\",\"width\":350,\"height\":350},{\"@type\":\"BreadcrumbList\",\"@id\":\"https:\/\/dosingpump.shop\/no\/produkt\/syredoseringspumpe\/#breadcrumb\",\"itemListElement\":[{\"@type\":\"ListItem\",\"position\":1,\"name\":\"Home\",\"item\":\"https:\/\/dosingpump.shop\/\"},{\"@type\":\"ListItem\",\"position\":2,\"name\":\"Shop\",\"item\":\"https:\/\/dosingpump.shop\/de\/shop\/\"},{\"@type\":\"ListItem\",\"position\":3,\"name\":\"Doseerpomp voor Zuur\"}]},{\"@type\":\"WebSite\",\"@id\":\"https:\/\/dosingpump.shop\/de\/#website\",\"url\":\"https:\/\/dosingpump.shop\/de\/\",\"name\":\"Dosing Pump Shop B.V.\",\"description\":\"\",\"publisher\":{\"@id\":\"https:\/\/dosingpump.shop\/de\/#organization\"},\"potentialAction\":[{\"@type\":\"SearchAction\",\"target\":{\"@type\":\"EntryPoint\",\"urlTemplate\":\"https:\/\/dosingpump.shop\/de\/?s={search_term_string}\"},\"query-input\":{\"@type\":\"PropertyValueSpecification\",\"valueRequired\":true,\"valueName\":\"search_term_string\"}}],\"inLanguage\":\"ro-RO\"},{\"@type\":\"Organization\",\"@id\":\"https:\/\/dosingpump.shop\/de\/#organization\",\"name\":\"Dosing Pump Shop B.V.\",\"url\":\"https:\/\/dosingpump.shop\/de\/\",\"logo\":{\"@type\":\"ImageObject\",\"inLanguage\":\"ro-RO\",\"@id\":\"https:\/\/dosingpump.shop\/de\/#\/schema\/logo\/image\/\",\"url\":\"https:\/\/dosingpump.shop\/wp-content\/uploads\/2024\/10\/Dosing-Pump-Shop-logo.png\",\"contentUrl\":\"https:\/\/dosingpump.shop\/wp-content\/uploads\/2024\/10\/Dosing-Pump-Shop-logo.png\",\"width\":350,\"height\":45,\"caption\":\"Dosing Pump Shop B.V.\"},\"image\":{\"@id\":\"https:\/\/dosingpump.shop\/de\/#\/schema\/logo\/image\/\"},\"sameAs\":[\"https:\/\/linkedin.com\/company\/dosing-pump-shop\"]}]}<\/script>\n<meta property=\"product:price:amount\" content=\"293.00\" \/>\n<meta property=\"product:price:currency\" content=\"EUR\" \/>\n<meta property=\"og:availability\" content=\"instock\" \/>\n<meta property=\"product:availability\" content=\"instock\" \/>\n<meta property=\"product:retailer_item_id\" content=\"01130717-NL-1\" \/>\n<meta property=\"product:condition\" content=\"new\" \/>\n<!-- \/ Yoast SEO plugin. -->","yoast_head_json":{"title":"Pomp\u0103 dozatoare pentru acid | Pompe chimice | Dosing Pump Shop B.V.","description":"Aceast\u0103 pomp\u0103 de dozare a acizilor garanteaz\u0103 dozarea \u00een siguran\u021b\u0103 a diferi\u021bilor acizi. Controlabil\u0103 propor\u021bional. Vizita\u021bi magazinul online!","robots":{"index":"index","follow":"follow","max-snippet":"max-snippet:-1","max-image-preview":"max-image-preview:large","max-video-preview":"max-video-preview:-1"},"canonical":"https:\/\/dosingpump.shop\/ro\/produs-2\/pompa-de-dozare-a-acidului\/","og_locale":"ro_RO","og_type":"article","og_title":"Doseerpomp voor Zuur | Chemische Pompen | Dosing Pump Shop B.V.","og_description":"Deze doseerpomp voor zuur garandeert een veilige dosering diverse zuren. Proportioneel aan te sturen. Bezoek de webshop!","og_url":"https:\/\/dosingpump.shop\/ro\/produs-2\/pompa-de-dozare-a-acidului\/","og_site_name":"Dosing Pump Shop B.V.","article_modified_time":"2026-02-27T12:49:15+00:00","og_image":[{"width":350,"height":350,"url":"https:\/\/dosingpump.shop\/wp-content\/uploads\/2024\/12\/75_dosing_pump_emec_v_1_1_1_2_1.webp","type":"image\/webp"}],"twitter_card":"summary_large_image","twitter_misc":{"Pre\u021b":"&euro;293,00","Disponibilitate":"\u00cen stoc"},"schema":{"@context":"https:\/\/schema.org","@graph":[{"@type":"WebPage","@id":"https:\/\/dosingpump.shop\/no\/produkt\/syredoseringspumpe\/","url":"https:\/\/dosingpump.shop\/no\/produkt\/syredoseringspumpe\/","name":"Pomp\u0103 dozatoare pentru acid | Pompe chimice | Dosing Pump Shop B.V.","isPartOf":{"@id":"https:\/\/dosingpump.shop\/de\/#website"},"primaryImageOfPage":{"@id":"https:\/\/dosingpump.shop\/no\/produkt\/syredoseringspumpe\/#primaryimage"},"image":{"@id":"https:\/\/dosingpump.shop\/no\/produkt\/syredoseringspumpe\/#primaryimage"},"thumbnailUrl":"https:\/\/dosingpump.shop\/wp-content\/uploads\/2024\/12\/75_dosing_pump_emec_v_1_1_1_2_1.webp","datePublished":"2024-12-05T12:21:36+00:00","dateModified":"2026-02-27T12:49:15+00:00","description":"Aceast\u0103 pomp\u0103 de dozare a acizilor garanteaz\u0103 dozarea \u00een siguran\u021b\u0103 a diferi\u021bilor acizi. Controlabil\u0103 propor\u021bional. Vizita\u021bi magazinul online!","breadcrumb":{"@id":"https:\/\/dosingpump.shop\/no\/produkt\/syredoseringspumpe\/#breadcrumb"},"inLanguage":"ro-RO","potentialAction":[{"@type":"ReadAction","target":["https:\/\/dosingpump.shop\/no\/produkt\/syredoseringspumpe\/"]}]},{"@type":"ImageObject","inLanguage":"ro-RO","@id":"https:\/\/dosingpump.shop\/no\/produkt\/syredoseringspumpe\/#primaryimage","url":"https:\/\/dosingpump.shop\/wp-content\/uploads\/2024\/12\/75_dosing_pump_emec_v_1_1_1_2_1.webp","contentUrl":"https:\/\/dosingpump.shop\/wp-content\/uploads\/2024\/12\/75_dosing_pump_emec_v_1_1_1_2_1.webp","width":350,"height":350},{"@type":"BreadcrumbList","@id":"https:\/\/dosingpump.shop\/no\/produkt\/syredoseringspumpe\/#breadcrumb","itemListElement":[{"@type":"ListItem","position":1,"name":"Home","item":"https:\/\/dosingpump.shop\/"},{"@type":"ListItem","position":2,"name":"Shop","item":"https:\/\/dosingpump.shop\/de\/shop\/"},{"@type":"ListItem","position":3,"name":"Doseerpomp voor Zuur"}]},{"@type":"WebSite","@id":"https:\/\/dosingpump.shop\/de\/#website","url":"https:\/\/dosingpump.shop\/de\/","name":"Dosing Pump Shop B.V.","description":"","publisher":{"@id":"https:\/\/dosingpump.shop\/de\/#organization"},"potentialAction":[{"@type":"SearchAction","target":{"@type":"EntryPoint","urlTemplate":"https:\/\/dosingpump.shop\/de\/?s={search_term_string}"},"query-input":{"@type":"PropertyValueSpecification","valueRequired":true,"valueName":"search_term_string"}}],"inLanguage":"ro-RO"},{"@type":"Organization","@id":"https:\/\/dosingpump.shop\/de\/#organization","name":"Dosing Pump Shop B.V.","url":"https:\/\/dosingpump.shop\/de\/","logo":{"@type":"ImageObject","inLanguage":"ro-RO","@id":"https:\/\/dosingpump.shop\/de\/#\/schema\/logo\/image\/","url":"https:\/\/dosingpump.shop\/wp-content\/uploads\/2024\/10\/Dosing-Pump-Shop-logo.png","contentUrl":"https:\/\/dosingpump.shop\/wp-content\/uploads\/2024\/10\/Dosing-Pump-Shop-logo.png","width":350,"height":45,"caption":"Dosing Pump Shop B.V."},"image":{"@id":"https:\/\/dosingpump.shop\/de\/#\/schema\/logo\/image\/"},"sameAs":["https:\/\/linkedin.com\/company\/dosing-pump-shop"]}]},"product_price_amount":"293.00","product_price_currency":"EUR","og_availability":"instock","product_availability":"instock","product_retailer_item_id":"01130717-NL-1","product_condition":"new"},"_links":{"self":[{"href":"https:\/\/dosingpump.shop\/ro\/wp-json\/wp\/v2\/product\/3961","targetHints":{"allow":["GET"]}}],"collection":[{"href":"https:\/\/dosingpump.shop\/ro\/wp-json\/wp\/v2\/product"}],"about":[{"href":"https:\/\/dosingpump.shop\/ro\/wp-json\/wp\/v2\/types\/product"}],"wp:featuredmedia":[{"embeddable":true,"href":"https:\/\/dosingpump.shop\/ro\/wp-json\/wp\/v2\/media\/3960"}],"wp:attachment":[{"href":"https:\/\/dosingpump.shop\/ro\/wp-json\/wp\/v2\/media?parent=3961"}],"wp:term":[{"taxonomy":"product_brand","embeddable":true,"href":"https:\/\/dosingpump.shop\/ro\/wp-json\/wp\/v2\/product_brand?post=3961"},{"taxonomy":"product_cat","embeddable":true,"href":"https:\/\/dosingpump.shop\/ro\/wp-json\/wp\/v2\/product_cat?post=3961"},{"taxonomy":"product_tag","embeddable":true,"href":"https:\/\/dosingpump.shop\/ro\/wp-json\/wp\/v2\/product_tag?post=3961"}],"curies":[{"name":"wp","href":"https:\/\/api.w.org\/{rel}","templated":true}]}}