{"id":4024,"date":"2024-12-05T12:21:45","date_gmt":"2024-12-05T12:21:45","guid":{"rendered":"https:\/\/dosingpump.shop\/product\/doseerpomp-voor-ureum\/"},"modified":"2026-02-27T14:49:16","modified_gmt":"2026-02-27T12:49:16","slug":"pompa-dozatoare-de-uree","status":"publish","type":"product","link":"https:\/\/dosingpump.shop\/ro\/product\/doseerpomp-voor-ureum\/","title":{"rendered":"Pomp\u0103 de dozare a ureei"},"content":{"rendered":"<p>Ureea se adaug\u0103 \u00een mod obi\u0219nuit \u00een gazele de e\u0219apament ale motoarelor diesel noi la o concentra\u021bie de 32-35%. Cu acest adaos <strong>\u00cen combina\u021bie cu un catalizator SCR, emisiile de NOx sunt reduse semnificativ<\/strong>. Ureea este cunoscut\u0103 \u0219i sub denumirea comercial\u0103 <strong>Adblue<\/strong>. Acesta este utilizat \u00een principal \u00een <strong>camioane, dar \u0219i din ce \u00een ce mai mult \u00een transportul maritim<\/strong>.<\/p>\n<p>Pentru <strong>Dozarea ureei<\/strong> este important s\u0103 alege\u021bi o pomp\u0103 de dozare fiabil\u0103, care dispune de materiale rezistente la uree. \u00cen cadrul gamei noastre de produse, avem o serie de op\u021biuni:<\/p>\n<ul>\n<li>P\u00e2n\u0103 la aproximativ 10 litri pe or\u0103: <strong>Pompa de dozare Emec V CL \u0219i VMS MF<\/strong>. Aceste pompe de dozare sunt ac\u021bionate electromagnetic.<\/li>\n<li>De la 10 litri pe or\u0103: <strong>Pompa de dozare Emec Prius D<\/strong>. Acest lucru face posibil\u0103 dozarea ureei p\u00e2n\u0103 la 1.000 de litri pe or\u0103. Cu aceast\u0103 pomp\u0103 este de asemenea posibil, de exemplu, s\u0103 se umple un rezervor de zi din bunc\u0103r. Aceasta este o pomp\u0103 de dozare ac\u021bionat\u0103 de un motor.<\/li>\n<\/ul>\n<h3>Propriet\u0103\u021bi<\/h3>\n<p><strong>Emec V CL Pomp\u0103 dozatoare de uree<\/strong><\/p>\n<ul>\n<li>Design deosebit de potrivit pentru montarea pe perete<\/li>\n<li>Frecven\u021b\u0103 reglabil\u0103 a cursei<\/li>\n<li>Aerisire manual\u0103<\/li>\n<li>Livrat cu kit complet (2 m furtun de presiune \u0219i aspira\u021bie, 2 m furtun de ventila\u021bie (PE), racord de injec\u021bie \u0219i filtru de aspira\u021bie)<\/li>\n<\/ul>\n<p><strong>Emec VMS MF<\/strong><\/p>\n<ul>\n<li>Control propor\u021bional prin 4-20 mA ? 0-10V etc. Posibil \u00een combina\u021bie cu contorul de ap\u0103 pentru solu\u021bie ppm sau procentual\u0103<\/li>\n<\/ul>\n<p><strong>Emec Prius D<\/strong><\/p>\n<ul>\n<li>Reglabil\u0103 manual prin frecven\u021ba cursei. Aceast\u0103 pomp\u0103 este disponibil\u0103 \u0219i cu control 4-20 mA.<\/li>\n<\/ul>\n<h3>Debit \u0219i presiune disponibile<\/h3>\n<p><strong>Emec V CO<\/strong><\/p>\n<table>\n<tbody>\n<tr>\n<th>Presiune (Bar)<\/th>\n<th>Debit (l\/or\u0103)<\/th>\n<\/tr>\n<tr>\n<td>20<\/td>\n<td>1<\/td>\n<\/tr>\n<tr>\n<td>15<\/td>\n<td>2<\/td>\n<\/tr>\n<tr>\n<td>10<\/td>\n<td>4<\/td>\n<\/tr>\n<tr>\n<td>7<\/td>\n<td>6<\/td>\n<\/tr>\n<tr>\n<td>5<\/td>\n<td>1<\/td>\n<\/tr>\n<tr>\n<td>1<\/td>\n<td>16<\/td>\n<\/tr>\n<\/tbody>\n<\/table>\n<p><strong>Emec VMS MF<\/strong><\/p>\n<table>\n<tbody>\n<tr>\n<th>Presiune (Bar)<\/th>\n<th>Debit (l\/or\u0103)<\/th>\n<\/tr>\n<tr>\n<td>20<\/td>\n<td>1<\/td>\n<\/tr>\n<tr>\n<td>18<\/td>\n<td>2, 4<\/td>\n<\/tr>\n<tr>\n<td>15<\/td>\n<td>2, 4, 5<\/td>\n<\/tr>\n<tr>\n<td>10<\/td>\n<td>5, 10<\/td>\n<\/tr>\n<tr>\n<td>7<\/td>\n<td>6<\/td>\n<\/tr>\n<tr>\n<td>5<\/td>\n<td>1, 10, 12<\/td>\n<\/tr>\n<tr>\n<td>4<\/td>\n<td>8<\/td>\n<\/tr>\n<tr>\n<td>3<\/td>\n<td>10<\/td>\n<\/tr>\n<tr>\n<td>1<\/td>\n<td>16<\/td>\n<\/tr>\n<tr>\n<td>0<\/td>\n<td>4<\/td>\n<\/tr>\n<\/tbody>\n<\/table>\n<p><strong>Emec Prius D<\/strong><\/p>\n<table>\n<tbody>\n<tr>\n<th style=\"width: 50%;\">Presiune (Bar)<\/th>\n<th style=\"width: 50%;\">Debit (l\/or\u0103)<\/th>\n<\/tr>\n<tr>\n<td>10<\/td>\n<td>12<\/td>\n<\/tr>\n<tr>\n<td>10<\/td>\n<td>56<\/td>\n<\/tr>\n<tr>\n<td>10<\/td>\n<td>60<\/td>\n<\/tr>\n<tr>\n<td>10<\/td>\n<td>105<\/td>\n<\/tr>\n<\/tbody>\n<\/table>\n<table>\n<tbody>\n<tr>\n<th style=\"width: 50%;\">Presiune (Bar)<\/th>\n<th style=\"width: 50%;\">Debit (l\/or\u0103)<\/th>\n<\/tr>\n<tr>\n<td>07<\/td>\n<td>32<\/td>\n<\/tr>\n<tr>\n<td>07<\/td>\n<td>64<\/td>\n<\/tr>\n<tr>\n<td>07<\/td>\n<td>86<\/td>\n<\/tr>\n<tr>\n<td>07<\/td>\n<td>160<\/td>\n<\/tr>\n<\/tbody>\n<\/table>\n<table>\n<tbody>\n<tr>\n<th style=\"width: 50%;\">Presiune (Bar)<\/th>\n<th style=\"width: 50%;\">Debit (l\/or\u0103)<\/th>\n<\/tr>\n<tr>\n<td>05<\/td>\n<td>48<\/td>\n<\/tr>\n<tr>\n<td>05<\/td>\n<td>96<\/td>\n<\/tr>\n<tr>\n<td>05<\/td>\n<td>240<\/td>\n<\/tr>\n<tr>\n<td>05<\/td>\n<td>440<\/td>\n<\/tr>\n<\/tbody>\n<\/table>\n<table>\n<tbody>\n<tr>\n<th style=\"width: 50%;\">Presiune (Bar)<\/th>\n<th style=\"width: 50%;\">Debit (l\/or\u0103)<\/th>\n<\/tr>\n<tr>\n<td>05<\/td>\n<td>350<\/td>\n<\/tr>\n<tr>\n<td>05<\/td>\n<td>530<\/td>\n<\/tr>\n<tr>\n<td>05<\/td>\n<td>1000<\/td>\n<\/tr>\n<tr>\n<td>02<\/td>\n<td>1000<\/td>\n<\/tr>\n<\/tbody>\n<\/table>\n<table>\n<tbody>\n<tr style=\"font-size: 15px;\">\n<th style=\"width: 50%;\">Presiune (Bar)<\/th>\n<th style=\"width: 50%;\">Debit (l\/or\u0103)<\/th>\n<\/tr>\n<tr>\n<td>05<\/td>\n<td>750<\/td>\n<\/tr>\n<tr>\n<td>03<\/td>\n<td>750<\/td>\n<\/tr>\n<\/tbody>\n<\/table>\n<p>Versiuni<\/p>\n<p>\u00cen tabelul de mai jos pute\u021bi vedea ce versiuni sunt disponibile. Nu g\u0103si\u021bi pompa dorit\u0103? Atunci v\u0103 rug\u0103m s\u0103 ne contacta\u021bi.<\/p>\n<table>\n<tbody>\n<tr>\n<th><\/th>\n<th>V CL Pomp\u0103 de dozare<\/th>\n<th>VMS MF Pomp\u0103 de dozare<\/th>\n<th>Prius D 50 Hz<\/th>\n<\/tr>\n<tr>\n<th>Descriere<\/th>\n<td>Sistem de dozare constant\u0103 cu control al nivelului.<\/td>\n<td>Sistem de dozare multifunc\u021bional constant\/propor\u021bional.<\/td>\n<td>Sistem de dozare constant, ac\u021bionat de motor<\/td>\n<\/tr>\n<tr>\n<th>Caracteristici<\/th>\n<td>\n<ul>\n<li>Frecven\u021ba cursei reglabil\u0103 manual<\/li>\n<li>Controlul nivelului pe filtrul de admisie<\/li>\n<\/ul>\n<\/td>\n<td>\n<ul>\n<li>Echipat cu afi\u0219aj<\/li>\n<li>Tehnologia microprocesoarelor<\/li>\n<li>Control prin mA, Volt \u0219i impuls<\/li>\n<li>Dozarea pe loturi<\/li>\n<li>Control prin contorul de ap\u0103<\/li>\n<li>Cu control al nivelului<\/li>\n<\/ul>\n<\/td>\n<td>\n<ul>\n<li>Membran\u0103 PTFE complet\u0103<\/li>\n<li>Reglare infinit variabil\u0103 a lungimii furtunului<\/li>\n<li>Diferite tipuri de \"piese umede\" disponibile<\/li>\n<\/ul>\n<\/td>\n<\/tr>\n<tr>\n<th>Caracteristici<\/th>\n<td>\n<ul>\n<li>Divizor 1\/10. (pentru debite foarte mici)<\/li>\n<li>Nivel | opre\u0219te pompa c\u00e2nd vasul este gol.<\/li>\n<li>Semnalul de nivel poate fi utilizat \u0219i \u00eentr-un PLC.<\/li>\n<\/ul>\n<\/td>\n<td>\n<ul>\n<li>Constant<\/li>\n<li>Divizare<\/li>\n<li>\u00cenmul\u021bi\u021bi<\/li>\n<li>PPM<\/li>\n<li>Lot<\/li>\n<li>Volt<\/li>\n<li>mA<\/li>\n<li>%<\/li>\n<li>ml\/q<\/li>\n<\/ul>\n<\/td>\n<td>\n<ul>\n<li>Dozare constant\u0103<\/li>\n<\/ul>\n<\/td>\n<\/tr>\n<tr>\n<th>Introducere<\/th>\n<td>\n<ul>\n<li>Controlul nivelului<\/li>\n<\/ul>\n<\/td>\n<td>\n<ul>\n<li>Controlul nivelului<\/li>\n<li>Contor de ap\u0103<\/li>\n<\/ul>\n<\/td>\n<td><\/td>\n<\/tr>\n<tr>\n<th>Ie\u0219ire<\/th>\n<td>\n<ul>\n<li>Ie\u0219ire de alarm\u0103 (prin splitter pe controlul nivelului)<\/li>\n<\/ul>\n<\/td>\n<td>\n<ul>\n<li>Ie\u0219ire de alarm\u0103 (op\u021bional)<\/li>\n<\/ul>\n<\/td>\n<td><\/td>\n<\/tr>\n<\/tbody>\n<\/table>","protected":false},"excerpt":{"rendered":"<ul>\n<li>Diverse pompe de dozare electromagnetice \u0219i ac\u021bionate de motor pentru dozarea ureei (Adblue)<\/li>\n<li>De la aplica\u021bii mici de dozare (1 litru pe or\u0103) la aplica\u021bii mari de p\u00e2n\u0103 la 1.000 de litri pe or\u0103<\/li>\n<li>Pre\u021bul se aplic\u0103 urm\u0103toarelor versiuni: Emec V CL 15-2, 10-04, 07-06, 05-01, 04-08 \u0219i 03-10.<\/li>\n<\/ul>\n<p>Ave\u021bi nevoie de o alt\u0103 versiune? Solicita\u021bi o ofert\u0103!<\/p>","protected":false},"featured_media":3970,"template":"","meta":[],"product_brand":[],"product_cat":[83,17],"product_tag":[],"class_list":{"0":"post-4024","1":"product","2":"type-product","3":"status-publish","4":"has-post-thumbnail","6":"product_cat-doseerpomp-voor-specifieke-chemicalien","7":"product_cat-doseerpompen","9":"first","10":"instock","11":"taxable","12":"shipping-taxable","13":"purchasable","14":"product-type-simple"},"yoast_head":"<!-- This site is optimized with the Yoast SEO plugin v27.2 - https:\/\/yoast.com\/product\/yoast-seo-wordpress\/ -->\n<title>Doseerpomp voor Ureum | Chemicali\u00ebn Pomp | Dosing Pump Shop B.V.<\/title>\n<meta name=\"description\" content=\"Een doseerpomp voor ureum garandeert een constante dosering aan de katalysator. Optioneel proportioneel aan te sturen. Bezoek de webshop!\" \/>\n<meta name=\"robots\" content=\"index, follow, max-snippet:-1, max-image-preview:large, max-video-preview:-1\" \/>\n<link rel=\"canonical\" href=\"https:\/\/dosingpump.shop\/ro\/produs-2\/pompa-dozatoare-de-uree\/\" \/>\n<meta property=\"og:locale\" content=\"ro_RO\" \/>\n<meta property=\"og:type\" content=\"article\" \/>\n<meta property=\"og:title\" content=\"Doseerpomp voor Ureum | Chemicali\u00ebn Pomp | Dosing Pump Shop B.V.\" \/>\n<meta property=\"og:description\" content=\"Een doseerpomp voor ureum garandeert een constante dosering aan de katalysator. Optioneel proportioneel aan te sturen. Bezoek de webshop!\" \/>\n<meta property=\"og:url\" content=\"https:\/\/dosingpump.shop\/ro\/produs-2\/pompa-dozatoare-de-uree\/\" \/>\n<meta property=\"og:site_name\" content=\"Dosing Pump Shop B.V.\" \/>\n<meta property=\"article:modified_time\" content=\"2026-02-27T12:49:16+00:00\" \/>\n<meta property=\"og:image\" content=\"https:\/\/dosingpump.shop\/wp-content\/uploads\/2024\/12\/doseerpomp-voor-waterstofperoxide.webp\" \/>\n\t<meta property=\"og:image:width\" content=\"500\" \/>\n\t<meta property=\"og:image:height\" content=\"500\" \/>\n\t<meta property=\"og:image:type\" content=\"image\/webp\" \/>\n<meta name=\"twitter:card\" content=\"summary_large_image\" \/>\n<meta name=\"twitter:label1\" content=\"Pre\u021b\" \/>\n\t<meta name=\"twitter:data1\" content=\"&euro;296,00\" \/>\n\t<meta name=\"twitter:label2\" content=\"Disponibilitate\" \/>\n\t<meta name=\"twitter:data2\" content=\"\u00cen stoc\" \/>\n<script type=\"application\/ld+json\" class=\"yoast-schema-graph\">{\"@context\":\"https:\/\/schema.org\",\"@graph\":[{\"@type\":\"WebPage\",\"@id\":\"https:\/\/dosingpump.shop\/dk\/produkt\/urea-doseringspumpe\/\",\"url\":\"https:\/\/dosingpump.shop\/dk\/produkt\/urea-doseringspumpe\/\",\"name\":\"Doseerpomp voor Ureum | Chemicali\u00ebn Pomp | Dosing Pump Shop B.V.\",\"isPartOf\":{\"@id\":\"https:\/\/dosingpump.shop\/de\/#website\"},\"primaryImageOfPage\":{\"@id\":\"https:\/\/dosingpump.shop\/dk\/produkt\/urea-doseringspumpe\/#primaryimage\"},\"image\":{\"@id\":\"https:\/\/dosingpump.shop\/dk\/produkt\/urea-doseringspumpe\/#primaryimage\"},\"thumbnailUrl\":\"https:\/\/dosingpump.shop\/wp-content\/uploads\/2024\/12\/doseerpomp-voor-waterstofperoxide.webp\",\"datePublished\":\"2024-12-05T12:21:45+00:00\",\"dateModified\":\"2026-02-27T12:49:16+00:00\",\"description\":\"Een doseerpomp voor ureum garandeert een constante dosering aan de katalysator. Optioneel proportioneel aan te sturen. Bezoek de webshop!\",\"breadcrumb\":{\"@id\":\"https:\/\/dosingpump.shop\/dk\/produkt\/urea-doseringspumpe\/#breadcrumb\"},\"inLanguage\":\"ro-RO\",\"potentialAction\":[{\"@type\":\"ReadAction\",\"target\":[\"https:\/\/dosingpump.shop\/dk\/produkt\/urea-doseringspumpe\/\"]}]},{\"@type\":\"ImageObject\",\"inLanguage\":\"ro-RO\",\"@id\":\"https:\/\/dosingpump.shop\/dk\/produkt\/urea-doseringspumpe\/#primaryimage\",\"url\":\"https:\/\/dosingpump.shop\/wp-content\/uploads\/2024\/12\/doseerpomp-voor-waterstofperoxide.webp\",\"contentUrl\":\"https:\/\/dosingpump.shop\/wp-content\/uploads\/2024\/12\/doseerpomp-voor-waterstofperoxide.webp\",\"width\":500,\"height\":500},{\"@type\":\"BreadcrumbList\",\"@id\":\"https:\/\/dosingpump.shop\/dk\/produkt\/urea-doseringspumpe\/#breadcrumb\",\"itemListElement\":[{\"@type\":\"ListItem\",\"position\":1,\"name\":\"Home\",\"item\":\"https:\/\/dosingpump.shop\/\"},{\"@type\":\"ListItem\",\"position\":2,\"name\":\"Shop\",\"item\":\"https:\/\/dosingpump.shop\/de\/shop\/\"},{\"@type\":\"ListItem\",\"position\":3,\"name\":\"Doseerpomp voor Ureum\"}]},{\"@type\":\"WebSite\",\"@id\":\"https:\/\/dosingpump.shop\/de\/#website\",\"url\":\"https:\/\/dosingpump.shop\/de\/\",\"name\":\"Dosing Pump Shop B.V.\",\"description\":\"\",\"publisher\":{\"@id\":\"https:\/\/dosingpump.shop\/de\/#organization\"},\"potentialAction\":[{\"@type\":\"SearchAction\",\"target\":{\"@type\":\"EntryPoint\",\"urlTemplate\":\"https:\/\/dosingpump.shop\/de\/?s={search_term_string}\"},\"query-input\":{\"@type\":\"PropertyValueSpecification\",\"valueRequired\":true,\"valueName\":\"search_term_string\"}}],\"inLanguage\":\"ro-RO\"},{\"@type\":\"Organization\",\"@id\":\"https:\/\/dosingpump.shop\/de\/#organization\",\"name\":\"Dosing Pump Shop B.V.\",\"url\":\"https:\/\/dosingpump.shop\/de\/\",\"logo\":{\"@type\":\"ImageObject\",\"inLanguage\":\"ro-RO\",\"@id\":\"https:\/\/dosingpump.shop\/de\/#\/schema\/logo\/image\/\",\"url\":\"https:\/\/dosingpump.shop\/wp-content\/uploads\/2024\/10\/Dosing-Pump-Shop-logo.png\",\"contentUrl\":\"https:\/\/dosingpump.shop\/wp-content\/uploads\/2024\/10\/Dosing-Pump-Shop-logo.png\",\"width\":350,\"height\":45,\"caption\":\"Dosing Pump Shop B.V.\"},\"image\":{\"@id\":\"https:\/\/dosingpump.shop\/de\/#\/schema\/logo\/image\/\"},\"sameAs\":[\"https:\/\/linkedin.com\/company\/dosing-pump-shop\"]}]}<\/script>\n<meta property=\"product:price:amount\" content=\"296.00\" \/>\n<meta property=\"product:price:currency\" content=\"EUR\" \/>\n<meta property=\"og:availability\" content=\"instock\" \/>\n<meta property=\"product:availability\" content=\"instock\" \/>\n<meta property=\"product:condition\" content=\"new\" \/>\n<!-- \/ Yoast SEO plugin. -->","yoast_head_json":{"title":"Pomp\u0103 de dozare pentru uree | Pompe chimice | Dosing Pump Shop B.V.","description":"O pomp\u0103 de dozare pentru uree asigur\u0103 o dozare constant\u0103 a catalizatorului. Control propor\u021bional op\u021bional. Vizita\u021bi magazinul online!","robots":{"index":"index","follow":"follow","max-snippet":"max-snippet:-1","max-image-preview":"max-image-preview:large","max-video-preview":"max-video-preview:-1"},"canonical":"https:\/\/dosingpump.shop\/ro\/produs-2\/pompa-dozatoare-de-uree\/","og_locale":"ro_RO","og_type":"article","og_title":"Doseerpomp voor Ureum | Chemicali\u00ebn Pomp | Dosing Pump Shop B.V.","og_description":"Een doseerpomp voor ureum garandeert een constante dosering aan de katalysator. Optioneel proportioneel aan te sturen. Bezoek de webshop!","og_url":"https:\/\/dosingpump.shop\/ro\/produs-2\/pompa-dozatoare-de-uree\/","og_site_name":"Dosing Pump Shop B.V.","article_modified_time":"2026-02-27T12:49:16+00:00","og_image":[{"width":500,"height":500,"url":"https:\/\/dosingpump.shop\/wp-content\/uploads\/2024\/12\/doseerpomp-voor-waterstofperoxide.webp","type":"image\/webp"}],"twitter_card":"summary_large_image","twitter_misc":{"Pre\u021b":"&euro;296,00","Disponibilitate":"\u00cen stoc"},"schema":{"@context":"https:\/\/schema.org","@graph":[{"@type":"WebPage","@id":"https:\/\/dosingpump.shop\/dk\/produkt\/urea-doseringspumpe\/","url":"https:\/\/dosingpump.shop\/dk\/produkt\/urea-doseringspumpe\/","name":"Pomp\u0103 de dozare pentru uree | Pompe chimice | Dosing Pump Shop B.V.","isPartOf":{"@id":"https:\/\/dosingpump.shop\/de\/#website"},"primaryImageOfPage":{"@id":"https:\/\/dosingpump.shop\/dk\/produkt\/urea-doseringspumpe\/#primaryimage"},"image":{"@id":"https:\/\/dosingpump.shop\/dk\/produkt\/urea-doseringspumpe\/#primaryimage"},"thumbnailUrl":"https:\/\/dosingpump.shop\/wp-content\/uploads\/2024\/12\/doseerpomp-voor-waterstofperoxide.webp","datePublished":"2024-12-05T12:21:45+00:00","dateModified":"2026-02-27T12:49:16+00:00","description":"O pomp\u0103 de dozare pentru uree asigur\u0103 o dozare constant\u0103 a catalizatorului. Control propor\u021bional op\u021bional. Vizita\u021bi magazinul online!","breadcrumb":{"@id":"https:\/\/dosingpump.shop\/dk\/produkt\/urea-doseringspumpe\/#breadcrumb"},"inLanguage":"ro-RO","potentialAction":[{"@type":"ReadAction","target":["https:\/\/dosingpump.shop\/dk\/produkt\/urea-doseringspumpe\/"]}]},{"@type":"ImageObject","inLanguage":"ro-RO","@id":"https:\/\/dosingpump.shop\/dk\/produkt\/urea-doseringspumpe\/#primaryimage","url":"https:\/\/dosingpump.shop\/wp-content\/uploads\/2024\/12\/doseerpomp-voor-waterstofperoxide.webp","contentUrl":"https:\/\/dosingpump.shop\/wp-content\/uploads\/2024\/12\/doseerpomp-voor-waterstofperoxide.webp","width":500,"height":500},{"@type":"BreadcrumbList","@id":"https:\/\/dosingpump.shop\/dk\/produkt\/urea-doseringspumpe\/#breadcrumb","itemListElement":[{"@type":"ListItem","position":1,"name":"Home","item":"https:\/\/dosingpump.shop\/"},{"@type":"ListItem","position":2,"name":"Shop","item":"https:\/\/dosingpump.shop\/de\/shop\/"},{"@type":"ListItem","position":3,"name":"Doseerpomp voor Ureum"}]},{"@type":"WebSite","@id":"https:\/\/dosingpump.shop\/de\/#website","url":"https:\/\/dosingpump.shop\/de\/","name":"Dosing Pump Shop B.V.","description":"","publisher":{"@id":"https:\/\/dosingpump.shop\/de\/#organization"},"potentialAction":[{"@type":"SearchAction","target":{"@type":"EntryPoint","urlTemplate":"https:\/\/dosingpump.shop\/de\/?s={search_term_string}"},"query-input":{"@type":"PropertyValueSpecification","valueRequired":true,"valueName":"search_term_string"}}],"inLanguage":"ro-RO"},{"@type":"Organization","@id":"https:\/\/dosingpump.shop\/de\/#organization","name":"Dosing Pump Shop B.V.","url":"https:\/\/dosingpump.shop\/de\/","logo":{"@type":"ImageObject","inLanguage":"ro-RO","@id":"https:\/\/dosingpump.shop\/de\/#\/schema\/logo\/image\/","url":"https:\/\/dosingpump.shop\/wp-content\/uploads\/2024\/10\/Dosing-Pump-Shop-logo.png","contentUrl":"https:\/\/dosingpump.shop\/wp-content\/uploads\/2024\/10\/Dosing-Pump-Shop-logo.png","width":350,"height":45,"caption":"Dosing Pump Shop B.V."},"image":{"@id":"https:\/\/dosingpump.shop\/de\/#\/schema\/logo\/image\/"},"sameAs":["https:\/\/linkedin.com\/company\/dosing-pump-shop"]}]},"product_price_amount":"296.00","product_price_currency":"EUR","og_availability":"instock","product_availability":"instock","product_condition":"new"},"_links":{"self":[{"href":"https:\/\/dosingpump.shop\/ro\/wp-json\/wp\/v2\/product\/4024","targetHints":{"allow":["GET"]}}],"collection":[{"href":"https:\/\/dosingpump.shop\/ro\/wp-json\/wp\/v2\/product"}],"about":[{"href":"https:\/\/dosingpump.shop\/ro\/wp-json\/wp\/v2\/types\/product"}],"wp:featuredmedia":[{"embeddable":true,"href":"https:\/\/dosingpump.shop\/ro\/wp-json\/wp\/v2\/media\/3970"}],"wp:attachment":[{"href":"https:\/\/dosingpump.shop\/ro\/wp-json\/wp\/v2\/media?parent=4024"}],"wp:term":[{"taxonomy":"product_brand","embeddable":true,"href":"https:\/\/dosingpump.shop\/ro\/wp-json\/wp\/v2\/product_brand?post=4024"},{"taxonomy":"product_cat","embeddable":true,"href":"https:\/\/dosingpump.shop\/ro\/wp-json\/wp\/v2\/product_cat?post=4024"},{"taxonomy":"product_tag","embeddable":true,"href":"https:\/\/dosingpump.shop\/ro\/wp-json\/wp\/v2\/product_tag?post=4024"}],"curies":[{"name":"wp","href":"https:\/\/api.w.org\/{rel}","templated":true}]}}