{"id":4031,"date":"2024-12-05T12:21:46","date_gmt":"2024-12-05T12:21:46","guid":{"rendered":"https:\/\/dosingpump.shop\/product\/emec-vms-po-chloorpomp-met-redox-sensor-orp\/"},"modified":"2026-02-27T14:49:16","modified_gmt":"2026-02-27T12:49:16","slug":"emec-vms-po-pompa-de-clor-cu-senzor-redox-orp","status":"publish","type":"product","link":"https:\/\/dosingpump.shop\/ro\/product\/emec-vms-po-chloorpomp-met-redox-sensor-orp\/","title":{"rendered":"Pomp\u0103 de clor Emec VMS PO cu senzor redox (ORP)"},"content":{"rendered":"<h2>Pompa de clor Emec VMSA PO<\/h2>\n<p style=\"margin-bottom: 1rem; font-family: 'Open Sans', Arial, 'Helvetica Neue', Helvetica, sans-serif; font-size: 14px; font-style: normal; font-weight: 400;\">Controlul automat al ad\u0103ug\u0103rii de clor \u00een func\u021bie de redox (<a href=\"https:\/\/dosingpump.shop\/ro\/centru-de-cunostinte\/valoarea-orp-si-redox\/\">ORP<\/a>) este o metod\u0103 utilizat\u0103 pe scar\u0103 larg\u0103 pentru dezinfectarea apei de \u00eemb\u0103iere la piscinele private. Emec VMSA PO func\u021bioneaz\u0103 conform acestui principiu. Prin semnalul unui senzor ORP, cantitatea corect\u0103 de clor este dozat\u0103 \u00een ap\u0103. Senzorul ORP cu cablu de 0,8 m este inclus \u00een acest set.<\/p>\n<p style=\"margin-bottom: 1rem; font-family: 'Open Sans', Arial, 'Helvetica Neue', Helvetica, sans-serif; font-size: 14px; font-style: normal; font-weight: 400;\">Configura\u021bia complet\u0103 PVDF asigur\u0103 o durat\u0103 lung\u0103 de via\u021b\u0103, chiar \u0219i la concentra\u021bii mai mari de clor. VMS PO?este echipat cu o func\u021bie de plutire foarte util\u0103 pe filtrul de aspira\u021bie. Aceasta opre\u0219te pompa atunci c\u00e2nd recipientul este gol, \u00eempiedic\u00e2nd golirea \u00eentregii conducte. De asemenea, pute\u021bi extrage acest semnal de alarm\u0103 din exterior \u0219i pute\u021bi ata\u0219a o alarm\u0103 la acesta.<\/p>\n<p style=\"margin-bottom: 1rem; font-family: 'Open Sans', Arial, 'Helvetica Neue', Helvetica, sans-serif; font-size: 14px; font-style: normal; font-weight: 400;\">Emec VMSA PO are un sistem automat de s\u00e2ngerare.<\/p>\n<p style=\"margin-bottom: 1rem; font-family: 'Open Sans', Arial, 'Helvetica Neue', Helvetica, sans-serif; font-size: 14px; font-style: normal; font-weight: 400;\">La dozarea automat\u0103 a clorului, este important ca \u0219i pH-ul s\u0103 fie reglat corect! Avem, de asemenea, un set pentru acest lucru.<\/p>\n<p style=\"margin-bottom: 1rem; font-family: 'Open Sans', Arial, 'Helvetica Neue', Helvetica, sans-serif; font-size: 14px; font-style: normal; font-weight: 400;\">Ave\u021bi nevoie de mai multe informa\u021bii sau de o ofert\u0103? Atunci contacta\u021bi-ne!<\/p>\n<h3 style=\"margin-bottom: 20px; font-weight: 400; line-height: 1.1; font-size: 1.2em; font-family: Bitter; font-style: normal;\">Caracteristici Pompa de clor Emec VMSA PO<\/h3>\n<ul style=\"margin-bottom: 2.5rem; margin-left: 2rem; font-family: 'Open Sans', Arial, 'Helvetica Neue', Helvetica, sans-serif; font-size: 14px; font-style: normal; font-weight: 400;\">\n<li style=\"margin-bottom: 1rem;\">Design deosebit de potrivit pentru montarea pe perete<\/li>\n<li style=\"margin-bottom: 1rem;\">Echipat cu afi\u0219aj LCD clar<\/li>\n<li style=\"margin-bottom: 1rem;\">Configura\u021bie complet\u0103 PVDF (cap pomp\u0103, mamelon de injec\u021bie, filtru de aspira\u021bie \u0219i evacuare \u0219i furtunuri de aspira\u021bie)<\/li>\n<li style=\"margin-bottom: 1rem;\">Livrat cu kit complet (2 m furtun de presiune \u0219i aspira\u021bie, 2 m furtun de ventila\u021bie (PE), racord de injec\u021bie \u0219i filtru de aspira\u021bie)<\/li>\n<li style=\"margin-bottom: 1rem;\">Versiune silen\u021bioas\u0103 disponibil\u0103.<\/li>\n<\/ul>\n<h3>Debit \u0219i presiune disponibile<\/h3>\n<p><b>Emec VMSA PO<\/b><\/p>\n<table>\n<tbody>\n<tr>\n<th>Presiune (Bar)<\/th>\n<th>Debit (l\/or\u0103)<\/th>\n<\/tr>\n<tr>\n<td>18<\/td>\n<td>02<\/td>\n<\/tr>\n<tr>\n<td>10<\/td>\n<td>3,4<\/td>\n<\/tr>\n<tr>\n<td>07<\/td>\n<td>04<\/td>\n<\/tr>\n<tr>\n<td>01<\/td>\n<td>3,5<\/td>\n<\/tr>\n<tr>\n<td>01<\/td>\n<td>13,5<\/td>\n<\/tr>\n<tr>\n<td><\/td>\n<td><\/td>\n<\/tr>\n<\/tbody>\n<\/table>\n<p>Versiuni<\/p>\n<p>Sunt disponibile diferite versiuni pentru aceast\u0103 pomp\u0103. V\u0103 rug\u0103m s\u0103 ne contacta\u021bi!<\/p>","protected":false},"excerpt":{"rendered":"<p>Set complet de pomp\u0103 de dozare, senzor redox \u0219i suport pentru senzor.<\/p>\n<p>Regleaz\u0103 automat con\u021binutul de clor al unei piscine, de exemplu.<\/p>\n<p>De asemenea, utilizat \u00een mod regulat \u00een horticultur\u0103.<\/p>\n<p>Versiunea: VMSA PO cu senzor ERH cu cablu de 0,8 m \u0219i suport pentru senzor de 1\/2\u2033.<\/p>\n<p>Ave\u021bi nevoie de o alt\u0103 versiune? Solicita\u021bi o ofert\u0103!<\/p>","protected":false},"featured_media":4030,"template":"","meta":[],"product_brand":[],"product_cat":[85],"product_tag":[],"class_list":{"0":"post-4031","1":"product","2":"type-product","3":"status-publish","4":"has-post-thumbnail","6":"product_cat-assortiment","8":"first","9":"onbackorder","10":"taxable","11":"shipping-taxable","12":"purchasable","13":"product-type-simple"},"yoast_head":"<!-- This site is optimized with the Yoast SEO plugin v27.2 - https:\/\/yoast.com\/product\/yoast-seo-wordpress\/ -->\n<title>Chloorpomp met Redox Sensor | Dosing Pump Shop B.V.<\/title>\n<meta name=\"description\" content=\"Complete set van Emec VMSA PO chloorpomp met redox sensor voor het automatisch regelen van chloor. _ ruime voorraad _ goed advies.\" \/>\n<meta name=\"robots\" content=\"index, follow, max-snippet:-1, max-image-preview:large, max-video-preview:-1\" \/>\n<link rel=\"canonical\" href=\"https:\/\/dosingpump.shop\/ro\/produs-2\/emec-vms-po-pompa-de-clor-cu-senzor-redox-orp\/\" \/>\n<meta property=\"og:locale\" content=\"ro_RO\" \/>\n<meta property=\"og:type\" content=\"article\" \/>\n<meta property=\"og:title\" content=\"Chloorpomp met Redox Sensor | Dosing Pump Shop B.V.\" \/>\n<meta property=\"og:description\" content=\"Complete set van Emec VMSA PO chloorpomp met redox sensor voor het automatisch regelen van chloor. _ ruime voorraad _ goed advies.\" \/>\n<meta property=\"og:url\" content=\"https:\/\/dosingpump.shop\/ro\/produs-2\/emec-vms-po-pompa-de-clor-cu-senzor-redox-orp\/\" \/>\n<meta property=\"og:site_name\" content=\"Dosing Pump Shop B.V.\" \/>\n<meta property=\"article:modified_time\" content=\"2026-02-27T12:49:16+00:00\" \/>\n<meta property=\"og:image\" content=\"https:\/\/dosingpump.shop\/wp-content\/uploads\/2024\/12\/Emec-VSMA.webp\" \/>\n\t<meta property=\"og:image:width\" content=\"499\" \/>\n\t<meta property=\"og:image:height\" content=\"500\" \/>\n\t<meta property=\"og:image:type\" content=\"image\/webp\" \/>\n<meta name=\"twitter:card\" content=\"summary_large_image\" \/>\n<meta name=\"twitter:label1\" content=\"Pre\u021b\" \/>\n\t<meta name=\"twitter:data1\" content=\"&euro;741,00\" \/>\n\t<meta name=\"twitter:label2\" content=\"Disponibilitate\" \/>\n\t<meta name=\"twitter:data2\" content=\"Precomand\u0103\" \/>\n<script type=\"application\/ld+json\" class=\"yoast-schema-graph\">{\"@context\":\"https:\/\/schema.org\",\"@graph\":[{\"@type\":\"WebPage\",\"@id\":\"https:\/\/dosingpump.shop\/ro\/produs-2\/emec-vms-po-pompa-de-clor-cu-senzor-redox-orp\/\",\"url\":\"https:\/\/dosingpump.shop\/ro\/produs-2\/emec-vms-po-pompa-de-clor-cu-senzor-redox-orp\/\",\"name\":\"Chloorpomp met Redox Sensor | Dosing Pump Shop B.V.\",\"isPartOf\":{\"@id\":\"https:\/\/dosingpump.shop\/de\/#website\"},\"primaryImageOfPage\":{\"@id\":\"https:\/\/dosingpump.shop\/ro\/produs-2\/emec-vms-po-pompa-de-clor-cu-senzor-redox-orp\/#primaryimage\"},\"image\":{\"@id\":\"https:\/\/dosingpump.shop\/ro\/produs-2\/emec-vms-po-pompa-de-clor-cu-senzor-redox-orp\/#primaryimage\"},\"thumbnailUrl\":\"https:\/\/dosingpump.shop\/wp-content\/uploads\/2024\/12\/Emec-VSMA.webp\",\"datePublished\":\"2024-12-05T12:21:46+00:00\",\"dateModified\":\"2026-02-27T12:49:16+00:00\",\"description\":\"Complete set van Emec VMSA PO chloorpomp met redox sensor voor het automatisch regelen van chloor. _ ruime voorraad _ goed advies.\",\"breadcrumb\":{\"@id\":\"https:\/\/dosingpump.shop\/ro\/produs-2\/emec-vms-po-pompa-de-clor-cu-senzor-redox-orp\/#breadcrumb\"},\"inLanguage\":\"ro-RO\",\"potentialAction\":[{\"@type\":\"ReadAction\",\"target\":[\"https:\/\/dosingpump.shop\/ro\/produs-2\/emec-vms-po-pompa-de-clor-cu-senzor-redox-orp\/\"]}]},{\"@type\":\"ImageObject\",\"inLanguage\":\"ro-RO\",\"@id\":\"https:\/\/dosingpump.shop\/ro\/produs-2\/emec-vms-po-pompa-de-clor-cu-senzor-redox-orp\/#primaryimage\",\"url\":\"https:\/\/dosingpump.shop\/wp-content\/uploads\/2024\/12\/Emec-VSMA.webp\",\"contentUrl\":\"https:\/\/dosingpump.shop\/wp-content\/uploads\/2024\/12\/Emec-VSMA.webp\",\"width\":499,\"height\":500},{\"@type\":\"BreadcrumbList\",\"@id\":\"https:\/\/dosingpump.shop\/ro\/produs-2\/emec-vms-po-pompa-de-clor-cu-senzor-redox-orp\/#breadcrumb\",\"itemListElement\":[{\"@type\":\"ListItem\",\"position\":1,\"name\":\"Home\",\"item\":\"https:\/\/dosingpump.shop\/\"},{\"@type\":\"ListItem\",\"position\":2,\"name\":\"Shop\",\"item\":\"https:\/\/dosingpump.shop\/de\/shop\/\"},{\"@type\":\"ListItem\",\"position\":3,\"name\":\"Emec VMS PO chloorpomp met redox sensor (ORP)\"}]},{\"@type\":\"WebSite\",\"@id\":\"https:\/\/dosingpump.shop\/de\/#website\",\"url\":\"https:\/\/dosingpump.shop\/de\/\",\"name\":\"Dosing Pump Shop B.V.\",\"description\":\"\",\"publisher\":{\"@id\":\"https:\/\/dosingpump.shop\/de\/#organization\"},\"potentialAction\":[{\"@type\":\"SearchAction\",\"target\":{\"@type\":\"EntryPoint\",\"urlTemplate\":\"https:\/\/dosingpump.shop\/de\/?s={search_term_string}\"},\"query-input\":{\"@type\":\"PropertyValueSpecification\",\"valueRequired\":true,\"valueName\":\"search_term_string\"}}],\"inLanguage\":\"ro-RO\"},{\"@type\":\"Organization\",\"@id\":\"https:\/\/dosingpump.shop\/de\/#organization\",\"name\":\"Dosing Pump Shop B.V.\",\"url\":\"https:\/\/dosingpump.shop\/de\/\",\"logo\":{\"@type\":\"ImageObject\",\"inLanguage\":\"ro-RO\",\"@id\":\"https:\/\/dosingpump.shop\/de\/#\/schema\/logo\/image\/\",\"url\":\"https:\/\/dosingpump.shop\/wp-content\/uploads\/2024\/10\/Dosing-Pump-Shop-logo.png\",\"contentUrl\":\"https:\/\/dosingpump.shop\/wp-content\/uploads\/2024\/10\/Dosing-Pump-Shop-logo.png\",\"width\":350,\"height\":45,\"caption\":\"Dosing Pump Shop B.V.\"},\"image\":{\"@id\":\"https:\/\/dosingpump.shop\/de\/#\/schema\/logo\/image\/\"},\"sameAs\":[\"https:\/\/linkedin.com\/company\/dosing-pump-shop\"]}]}<\/script>\n<meta property=\"product:price:amount\" content=\"741.00\" \/>\n<meta property=\"product:price:currency\" content=\"EUR\" \/>\n<meta property=\"og:availability\" content=\"backorder\" \/>\n<meta property=\"product:availability\" content=\"available for order\" \/>\n<meta property=\"product:condition\" content=\"new\" \/>\n<!-- \/ Yoast SEO plugin. -->","yoast_head_json":{"title":"Pomp\u0103 de clor cu senzor Redox | Dosing Pump Shop B.V.","description":"Set complet de pompe de clor Emec VMSA PO cu senzor redox pentru controlul automat al clorului. _ stoc mare _ sfaturi bune.","robots":{"index":"index","follow":"follow","max-snippet":"max-snippet:-1","max-image-preview":"max-image-preview:large","max-video-preview":"max-video-preview:-1"},"canonical":"https:\/\/dosingpump.shop\/ro\/produs-2\/emec-vms-po-pompa-de-clor-cu-senzor-redox-orp\/","og_locale":"ro_RO","og_type":"article","og_title":"Chloorpomp met Redox Sensor | Dosing Pump Shop B.V.","og_description":"Complete set van Emec VMSA PO chloorpomp met redox sensor voor het automatisch regelen van chloor. _ ruime voorraad _ goed advies.","og_url":"https:\/\/dosingpump.shop\/ro\/produs-2\/emec-vms-po-pompa-de-clor-cu-senzor-redox-orp\/","og_site_name":"Dosing Pump Shop B.V.","article_modified_time":"2026-02-27T12:49:16+00:00","og_image":[{"width":499,"height":500,"url":"https:\/\/dosingpump.shop\/wp-content\/uploads\/2024\/12\/Emec-VSMA.webp","type":"image\/webp"}],"twitter_card":"summary_large_image","twitter_misc":{"Pre\u021b":"&euro;741,00","Disponibilitate":"Precomand\u0103"},"schema":{"@context":"https:\/\/schema.org","@graph":[{"@type":"WebPage","@id":"https:\/\/dosingpump.shop\/ro\/produs-2\/emec-vms-po-pompa-de-clor-cu-senzor-redox-orp\/","url":"https:\/\/dosingpump.shop\/ro\/produs-2\/emec-vms-po-pompa-de-clor-cu-senzor-redox-orp\/","name":"Pomp\u0103 de clor cu senzor Redox | Dosing Pump Shop B.V.","isPartOf":{"@id":"https:\/\/dosingpump.shop\/de\/#website"},"primaryImageOfPage":{"@id":"https:\/\/dosingpump.shop\/ro\/produs-2\/emec-vms-po-pompa-de-clor-cu-senzor-redox-orp\/#primaryimage"},"image":{"@id":"https:\/\/dosingpump.shop\/ro\/produs-2\/emec-vms-po-pompa-de-clor-cu-senzor-redox-orp\/#primaryimage"},"thumbnailUrl":"https:\/\/dosingpump.shop\/wp-content\/uploads\/2024\/12\/Emec-VSMA.webp","datePublished":"2024-12-05T12:21:46+00:00","dateModified":"2026-02-27T12:49:16+00:00","description":"Set complet de pompe de clor Emec VMSA PO cu senzor redox pentru controlul automat al clorului. _ stoc mare _ sfaturi bune.","breadcrumb":{"@id":"https:\/\/dosingpump.shop\/ro\/produs-2\/emec-vms-po-pompa-de-clor-cu-senzor-redox-orp\/#breadcrumb"},"inLanguage":"ro-RO","potentialAction":[{"@type":"ReadAction","target":["https:\/\/dosingpump.shop\/ro\/produs-2\/emec-vms-po-pompa-de-clor-cu-senzor-redox-orp\/"]}]},{"@type":"ImageObject","inLanguage":"ro-RO","@id":"https:\/\/dosingpump.shop\/ro\/produs-2\/emec-vms-po-pompa-de-clor-cu-senzor-redox-orp\/#primaryimage","url":"https:\/\/dosingpump.shop\/wp-content\/uploads\/2024\/12\/Emec-VSMA.webp","contentUrl":"https:\/\/dosingpump.shop\/wp-content\/uploads\/2024\/12\/Emec-VSMA.webp","width":499,"height":500},{"@type":"BreadcrumbList","@id":"https:\/\/dosingpump.shop\/ro\/produs-2\/emec-vms-po-pompa-de-clor-cu-senzor-redox-orp\/#breadcrumb","itemListElement":[{"@type":"ListItem","position":1,"name":"Home","item":"https:\/\/dosingpump.shop\/"},{"@type":"ListItem","position":2,"name":"Shop","item":"https:\/\/dosingpump.shop\/de\/shop\/"},{"@type":"ListItem","position":3,"name":"Emec VMS PO chloorpomp met redox sensor (ORP)"}]},{"@type":"WebSite","@id":"https:\/\/dosingpump.shop\/de\/#website","url":"https:\/\/dosingpump.shop\/de\/","name":"Dosing Pump Shop B.V.","description":"","publisher":{"@id":"https:\/\/dosingpump.shop\/de\/#organization"},"potentialAction":[{"@type":"SearchAction","target":{"@type":"EntryPoint","urlTemplate":"https:\/\/dosingpump.shop\/de\/?s={search_term_string}"},"query-input":{"@type":"PropertyValueSpecification","valueRequired":true,"valueName":"search_term_string"}}],"inLanguage":"ro-RO"},{"@type":"Organization","@id":"https:\/\/dosingpump.shop\/de\/#organization","name":"Dosing Pump Shop B.V.","url":"https:\/\/dosingpump.shop\/de\/","logo":{"@type":"ImageObject","inLanguage":"ro-RO","@id":"https:\/\/dosingpump.shop\/de\/#\/schema\/logo\/image\/","url":"https:\/\/dosingpump.shop\/wp-content\/uploads\/2024\/10\/Dosing-Pump-Shop-logo.png","contentUrl":"https:\/\/dosingpump.shop\/wp-content\/uploads\/2024\/10\/Dosing-Pump-Shop-logo.png","width":350,"height":45,"caption":"Dosing Pump Shop B.V."},"image":{"@id":"https:\/\/dosingpump.shop\/de\/#\/schema\/logo\/image\/"},"sameAs":["https:\/\/linkedin.com\/company\/dosing-pump-shop"]}]},"product_price_amount":"741.00","product_price_currency":"EUR","og_availability":"backorder","product_availability":"available for order","product_condition":"new"},"_links":{"self":[{"href":"https:\/\/dosingpump.shop\/ro\/wp-json\/wp\/v2\/product\/4031","targetHints":{"allow":["GET"]}}],"collection":[{"href":"https:\/\/dosingpump.shop\/ro\/wp-json\/wp\/v2\/product"}],"about":[{"href":"https:\/\/dosingpump.shop\/ro\/wp-json\/wp\/v2\/types\/product"}],"wp:featuredmedia":[{"embeddable":true,"href":"https:\/\/dosingpump.shop\/ro\/wp-json\/wp\/v2\/media\/4030"}],"wp:attachment":[{"href":"https:\/\/dosingpump.shop\/ro\/wp-json\/wp\/v2\/media?parent=4031"}],"wp:term":[{"taxonomy":"product_brand","embeddable":true,"href":"https:\/\/dosingpump.shop\/ro\/wp-json\/wp\/v2\/product_brand?post=4031"},{"taxonomy":"product_cat","embeddable":true,"href":"https:\/\/dosingpump.shop\/ro\/wp-json\/wp\/v2\/product_cat?post=4031"},{"taxonomy":"product_tag","embeddable":true,"href":"https:\/\/dosingpump.shop\/ro\/wp-json\/wp\/v2\/product_tag?post=4031"}],"curies":[{"name":"wp","href":"https:\/\/api.w.org\/{rel}","templated":true}]}}