{"id":4033,"date":"2024-12-05T12:21:46","date_gmt":"2024-12-05T12:21:46","guid":{"rendered":"https:\/\/dosingpump.shop\/product\/emec-doseerpomp-met-ph-regelaar\/"},"modified":"2026-02-27T14:49:16","modified_gmt":"2026-02-27T12:49:16","slug":"pompa-de-dozare-emec-cu-controler-ph","status":"publish","type":"product","link":"https:\/\/dosingpump.shop\/ro\/product\/emec-doseerpomp-met-ph-regelaar\/","title":{"rendered":"Pomp\u0103 de dozare Emec cu regulator de pH"},"content":{"rendered":"<h3>Pomp\u0103 de dozare Emec cu regulator de pH<\/h3>\n<p>Controlul pH-ului este utilizat \u00een multe situa\u021bii. \u00cen lumea piscinelor, dar cu siguran\u021b\u0103 \u0219i \u00een horticultur\u0103 \u0219i industrie.<br \/>\nAcest kit complet este un regulator de pH propor\u021bional simplu, dar eficient. Senzorul de pH inclus este \u00een\u0219urubat \u00eentr-o \u0219a de foraj sau \u00een tee cu suportul senzorului \u0219i permite regulatorului de pH \u00eencorporat \u00een pompa de dozare s\u0103 m\u0103soare pH-ul lichidului. Prin dozarea acidului sau a le\u0219iei, se ob\u021bine pH-ul dorit.<\/p>\n<p>Configura\u021bia complet\u0103 PVDF asigur\u0103 o durat\u0103 lung\u0103 de via\u021b\u0103, chiar \u0219i la concentra\u021bii mai mari de acid. VMS PO are o func\u021bie de flotor foarte convenabil\u0103 pe filtrul de aspira\u021bie. Aceasta opre\u0219te pompa atunci c\u00e2nd recipientul este gol, \u00eempiedic\u00e2nd golirea \u00eentregii conducte. De asemenea, pute\u021bi extrage acest semnal de alarm\u0103 extern \u0219i pute\u021bi ata\u0219a o alarm\u0103 la acesta.<\/p>\n<p>Emec VMS PO are un ventil manual.<\/p>\n<p>Aceast\u0103 configura\u021bie este potrivit\u0103 pentru acid. Dori\u021bi s\u0103 cre\u0219te\u021bi pH-ul exact cu le\u0219ie? Bine\u00een\u021beles c\u0103 pute\u021bi. Dac\u0103 da, v\u0103 rug\u0103m s\u0103 ne contacta\u021bi!<\/p>\n<p>Versiunea: VMS PO 10-04 cu senzor de pH cu cablu de 0,8 m \u0219i suport pentru senzor cu filet 1\/2.<\/p>\n<p>Ave\u021bi nevoie de mai multe informa\u021bii sau de o ofert\u0103? Atunci contacta\u021bi-ne!<\/p>\n<p>Caracteristici Pomp\u0103 de dozare Emec cu controler ph<br \/>\nDesign deosebit de potrivit pentru montarea pe perete<br \/>\nEchipat cu afi\u0219aj LCD clar<br \/>\nConfigura\u021bie complet\u0103 PVDF (cap pomp\u0103, mamelon de injec\u021bie, filtru de aspira\u021bie \u0219i evacuare \u0219i furtunuri de aspira\u021bie)<br \/>\nLivrat cu kit complet (furtun de presiune \u0219i aspira\u021bie de 2 m, supap\u0103 de injec\u021bie \u0219i filtru de aspira\u021bie)<br \/>\nVersiune silen\u021bioas\u0103 disponibil\u0103.<br \/>\nDebit \u0219i presiune disponibile<\/p>\n<p>Versiuni PO Emec VMS<\/p>\n<p>&nbsp;<\/p>\n<table>\n<tbody>\n<tr>\n<th><span style=\"font-weight: 400;\">Presiune (Bar)<\/span><\/th>\n<th><span style=\"font-weight: 400;\">Debit (l\/or\u0103)<\/span><\/th>\n<\/tr>\n<tr>\n<td>20<\/td>\n<td>01<\/td>\n<\/tr>\n<tr>\n<td>10<\/td>\n<td>04<\/td>\n<\/tr>\n<tr>\n<td>07<\/td>\n<td>06<\/td>\n<\/tr>\n<tr>\n<td>03<\/td>\n<td>10<\/td>\n<\/tr>\n<tr>\n<td>01<\/td>\n<td>16<\/td>\n<\/tr>\n<tr>\n<td><\/td>\n<td><\/td>\n<\/tr>\n<\/tbody>\n<\/table>\n<p>Sunt disponibile diferite versiuni pentru aceast\u0103 pomp\u0103. V\u0103 rug\u0103m s\u0103 ne contacta\u021bi!<\/p>","protected":false},"excerpt":{"rendered":"<p>Set complet de pomp\u0103 de dozare, senzor de pH \u0219i suport pentru senzor.<\/p>\n<p>Regleaz\u0103 automat pH-ul unei piscine sau al unui bazin, de exemplu.<\/p>\n<p>De asemenea, utilizat \u00een mod regulat \u00een horticultur\u0103.<\/p>\n<p>Versiunea: VMS PO cu senzor de pH cu cablu de 0,8 m \u0219i suport pentru senzor de 1\/2\u2033. Potrivit pentru acizi.<\/p>\n<p>Ave\u021bi nevoie de o alt\u0103 versiune? Solicita\u021bi o ofert\u0103!<\/p>","protected":false},"featured_media":4032,"template":"","meta":[],"product_brand":[],"product_cat":[17],"product_tag":[],"class_list":{"0":"post-4033","1":"product","2":"type-product","3":"status-publish","4":"has-post-thumbnail","6":"product_cat-doseerpompen","8":"first","9":"instock","10":"taxable","11":"shipping-taxable","12":"purchasable","13":"product-type-simple"},"yoast_head":"<!-- This site is optimized with the Yoast SEO plugin v27.2 - https:\/\/yoast.com\/product\/yoast-seo-wordpress\/ -->\n<title>Emec doseerpomp met pH regelaar | Dosing Pump Shop B.V.<\/title>\n<meta name=\"description\" content=\"Complete set van Emec doseerpomp met pH regelaar voor het automatisch regelen van de pH van een volumestroom. _ ruime voorraad _ goed advies.\" \/>\n<meta name=\"robots\" content=\"index, follow, max-snippet:-1, max-image-preview:large, max-video-preview:-1\" \/>\n<link rel=\"canonical\" href=\"https:\/\/dosingpump.shop\/ro\/produs-2\/pompa-de-dozare-emec-cu-controler-ph\/\" \/>\n<meta property=\"og:locale\" content=\"ro_RO\" \/>\n<meta property=\"og:type\" content=\"article\" \/>\n<meta property=\"og:title\" content=\"Emec doseerpomp met pH regelaar | Dosing Pump Shop B.V.\" \/>\n<meta property=\"og:description\" content=\"Complete set van Emec doseerpomp met pH regelaar voor het automatisch regelen van de pH van een volumestroom. _ ruime voorraad _ goed advies.\" \/>\n<meta property=\"og:url\" content=\"https:\/\/dosingpump.shop\/ro\/produs-2\/pompa-de-dozare-emec-cu-controler-ph\/\" \/>\n<meta property=\"og:site_name\" content=\"Dosing Pump Shop B.V.\" \/>\n<meta property=\"article:modified_time\" content=\"2026-02-27T12:49:16+00:00\" \/>\n<meta property=\"og:image\" content=\"https:\/\/dosingpump.shop\/wp-content\/uploads\/2024\/12\/Doseerpomp-met-ph-regelaar.webp\" \/>\n\t<meta property=\"og:image:width\" content=\"316\" \/>\n\t<meta property=\"og:image:height\" content=\"368\" \/>\n\t<meta property=\"og:image:type\" content=\"image\/webp\" \/>\n<meta name=\"twitter:card\" content=\"summary_large_image\" \/>\n<meta name=\"twitter:label1\" content=\"Pre\u021b\" \/>\n\t<meta name=\"twitter:data1\" content=\"&euro;730,00\" \/>\n\t<meta name=\"twitter:label2\" content=\"Disponibilitate\" \/>\n\t<meta name=\"twitter:data2\" content=\"\u00cen stoc\" \/>\n<script type=\"application\/ld+json\" class=\"yoast-schema-graph\">{\"@context\":\"https:\/\/schema.org\",\"@graph\":[{\"@type\":\"WebPage\",\"@id\":\"https:\/\/dosingpump.shop\/de\/produkt\/emec-dosierpumpe-mit-ph-regler\/\",\"url\":\"https:\/\/dosingpump.shop\/de\/produkt\/emec-dosierpumpe-mit-ph-regler\/\",\"name\":\"Emec doseerpomp met pH regelaar | Dosing Pump Shop B.V.\",\"isPartOf\":{\"@id\":\"https:\/\/dosingpump.shop\/de\/#website\"},\"primaryImageOfPage\":{\"@id\":\"https:\/\/dosingpump.shop\/de\/produkt\/emec-dosierpumpe-mit-ph-regler\/#primaryimage\"},\"image\":{\"@id\":\"https:\/\/dosingpump.shop\/de\/produkt\/emec-dosierpumpe-mit-ph-regler\/#primaryimage\"},\"thumbnailUrl\":\"https:\/\/dosingpump.shop\/wp-content\/uploads\/2024\/12\/Doseerpomp-met-ph-regelaar.webp\",\"datePublished\":\"2024-12-05T12:21:46+00:00\",\"dateModified\":\"2026-02-27T12:49:16+00:00\",\"description\":\"Complete set van Emec doseerpomp met pH regelaar voor het automatisch regelen van de pH van een volumestroom. _ ruime voorraad _ goed advies.\",\"breadcrumb\":{\"@id\":\"https:\/\/dosingpump.shop\/de\/produkt\/emec-dosierpumpe-mit-ph-regler\/#breadcrumb\"},\"inLanguage\":\"ro-RO\",\"potentialAction\":[{\"@type\":\"ReadAction\",\"target\":[\"https:\/\/dosingpump.shop\/de\/produkt\/emec-dosierpumpe-mit-ph-regler\/\"]}]},{\"@type\":\"ImageObject\",\"inLanguage\":\"ro-RO\",\"@id\":\"https:\/\/dosingpump.shop\/de\/produkt\/emec-dosierpumpe-mit-ph-regler\/#primaryimage\",\"url\":\"https:\/\/dosingpump.shop\/wp-content\/uploads\/2024\/12\/Doseerpomp-met-ph-regelaar.webp\",\"contentUrl\":\"https:\/\/dosingpump.shop\/wp-content\/uploads\/2024\/12\/Doseerpomp-met-ph-regelaar.webp\",\"width\":316,\"height\":368},{\"@type\":\"BreadcrumbList\",\"@id\":\"https:\/\/dosingpump.shop\/de\/produkt\/emec-dosierpumpe-mit-ph-regler\/#breadcrumb\",\"itemListElement\":[{\"@type\":\"ListItem\",\"position\":1,\"name\":\"Home\",\"item\":\"https:\/\/dosingpump.shop\/\"},{\"@type\":\"ListItem\",\"position\":2,\"name\":\"Shop\",\"item\":\"https:\/\/dosingpump.shop\/de\/shop\/\"},{\"@type\":\"ListItem\",\"position\":3,\"name\":\"Emec doseerpomp met pH regelaar\"}]},{\"@type\":\"WebSite\",\"@id\":\"https:\/\/dosingpump.shop\/de\/#website\",\"url\":\"https:\/\/dosingpump.shop\/de\/\",\"name\":\"Dosing Pump Shop B.V.\",\"description\":\"\",\"publisher\":{\"@id\":\"https:\/\/dosingpump.shop\/de\/#organization\"},\"potentialAction\":[{\"@type\":\"SearchAction\",\"target\":{\"@type\":\"EntryPoint\",\"urlTemplate\":\"https:\/\/dosingpump.shop\/de\/?s={search_term_string}\"},\"query-input\":{\"@type\":\"PropertyValueSpecification\",\"valueRequired\":true,\"valueName\":\"search_term_string\"}}],\"inLanguage\":\"ro-RO\"},{\"@type\":\"Organization\",\"@id\":\"https:\/\/dosingpump.shop\/de\/#organization\",\"name\":\"Dosing Pump Shop B.V.\",\"url\":\"https:\/\/dosingpump.shop\/de\/\",\"logo\":{\"@type\":\"ImageObject\",\"inLanguage\":\"ro-RO\",\"@id\":\"https:\/\/dosingpump.shop\/de\/#\/schema\/logo\/image\/\",\"url\":\"https:\/\/dosingpump.shop\/wp-content\/uploads\/2024\/10\/Dosing-Pump-Shop-logo.png\",\"contentUrl\":\"https:\/\/dosingpump.shop\/wp-content\/uploads\/2024\/10\/Dosing-Pump-Shop-logo.png\",\"width\":350,\"height\":45,\"caption\":\"Dosing Pump Shop B.V.\"},\"image\":{\"@id\":\"https:\/\/dosingpump.shop\/de\/#\/schema\/logo\/image\/\"},\"sameAs\":[\"https:\/\/linkedin.com\/company\/dosing-pump-shop\"]}]}<\/script>\n<meta property=\"product:price:amount\" content=\"730.00\" \/>\n<meta property=\"product:price:currency\" content=\"EUR\" \/>\n<meta property=\"og:availability\" content=\"instock\" \/>\n<meta property=\"product:availability\" content=\"instock\" \/>\n<meta property=\"product:condition\" content=\"new\" \/>\n<!-- \/ Yoast SEO plugin. -->","yoast_head_json":{"title":"Pomp\u0103 de dozare Emec cu controler pH | Dosing Pump Shop B.V.","description":"Set complet de pomp\u0103 de dozare Emec cu regulator de pH pentru controlul automat al pH-ului unui debit de volum. _ stoc mare _ sfat bun.","robots":{"index":"index","follow":"follow","max-snippet":"max-snippet:-1","max-image-preview":"max-image-preview:large","max-video-preview":"max-video-preview:-1"},"canonical":"https:\/\/dosingpump.shop\/ro\/produs-2\/pompa-de-dozare-emec-cu-controler-ph\/","og_locale":"ro_RO","og_type":"article","og_title":"Emec doseerpomp met pH regelaar | Dosing Pump Shop B.V.","og_description":"Complete set van Emec doseerpomp met pH regelaar voor het automatisch regelen van de pH van een volumestroom. _ ruime voorraad _ goed advies.","og_url":"https:\/\/dosingpump.shop\/ro\/produs-2\/pompa-de-dozare-emec-cu-controler-ph\/","og_site_name":"Dosing Pump Shop B.V.","article_modified_time":"2026-02-27T12:49:16+00:00","og_image":[{"width":316,"height":368,"url":"https:\/\/dosingpump.shop\/wp-content\/uploads\/2024\/12\/Doseerpomp-met-ph-regelaar.webp","type":"image\/webp"}],"twitter_card":"summary_large_image","twitter_misc":{"Pre\u021b":"&euro;730,00","Disponibilitate":"\u00cen stoc"},"schema":{"@context":"https:\/\/schema.org","@graph":[{"@type":"WebPage","@id":"https:\/\/dosingpump.shop\/de\/produkt\/emec-dosierpumpe-mit-ph-regler\/","url":"https:\/\/dosingpump.shop\/de\/produkt\/emec-dosierpumpe-mit-ph-regler\/","name":"Pomp\u0103 de dozare Emec cu controler pH | Dosing Pump Shop B.V.","isPartOf":{"@id":"https:\/\/dosingpump.shop\/de\/#website"},"primaryImageOfPage":{"@id":"https:\/\/dosingpump.shop\/de\/produkt\/emec-dosierpumpe-mit-ph-regler\/#primaryimage"},"image":{"@id":"https:\/\/dosingpump.shop\/de\/produkt\/emec-dosierpumpe-mit-ph-regler\/#primaryimage"},"thumbnailUrl":"https:\/\/dosingpump.shop\/wp-content\/uploads\/2024\/12\/Doseerpomp-met-ph-regelaar.webp","datePublished":"2024-12-05T12:21:46+00:00","dateModified":"2026-02-27T12:49:16+00:00","description":"Set complet de pomp\u0103 de dozare Emec cu regulator de pH pentru controlul automat al pH-ului unui debit de volum. _ stoc mare _ sfat bun.","breadcrumb":{"@id":"https:\/\/dosingpump.shop\/de\/produkt\/emec-dosierpumpe-mit-ph-regler\/#breadcrumb"},"inLanguage":"ro-RO","potentialAction":[{"@type":"ReadAction","target":["https:\/\/dosingpump.shop\/de\/produkt\/emec-dosierpumpe-mit-ph-regler\/"]}]},{"@type":"ImageObject","inLanguage":"ro-RO","@id":"https:\/\/dosingpump.shop\/de\/produkt\/emec-dosierpumpe-mit-ph-regler\/#primaryimage","url":"https:\/\/dosingpump.shop\/wp-content\/uploads\/2024\/12\/Doseerpomp-met-ph-regelaar.webp","contentUrl":"https:\/\/dosingpump.shop\/wp-content\/uploads\/2024\/12\/Doseerpomp-met-ph-regelaar.webp","width":316,"height":368},{"@type":"BreadcrumbList","@id":"https:\/\/dosingpump.shop\/de\/produkt\/emec-dosierpumpe-mit-ph-regler\/#breadcrumb","itemListElement":[{"@type":"ListItem","position":1,"name":"Home","item":"https:\/\/dosingpump.shop\/"},{"@type":"ListItem","position":2,"name":"Shop","item":"https:\/\/dosingpump.shop\/de\/shop\/"},{"@type":"ListItem","position":3,"name":"Emec doseerpomp met pH regelaar"}]},{"@type":"WebSite","@id":"https:\/\/dosingpump.shop\/de\/#website","url":"https:\/\/dosingpump.shop\/de\/","name":"Dosing Pump Shop B.V.","description":"","publisher":{"@id":"https:\/\/dosingpump.shop\/de\/#organization"},"potentialAction":[{"@type":"SearchAction","target":{"@type":"EntryPoint","urlTemplate":"https:\/\/dosingpump.shop\/de\/?s={search_term_string}"},"query-input":{"@type":"PropertyValueSpecification","valueRequired":true,"valueName":"search_term_string"}}],"inLanguage":"ro-RO"},{"@type":"Organization","@id":"https:\/\/dosingpump.shop\/de\/#organization","name":"Dosing Pump Shop B.V.","url":"https:\/\/dosingpump.shop\/de\/","logo":{"@type":"ImageObject","inLanguage":"ro-RO","@id":"https:\/\/dosingpump.shop\/de\/#\/schema\/logo\/image\/","url":"https:\/\/dosingpump.shop\/wp-content\/uploads\/2024\/10\/Dosing-Pump-Shop-logo.png","contentUrl":"https:\/\/dosingpump.shop\/wp-content\/uploads\/2024\/10\/Dosing-Pump-Shop-logo.png","width":350,"height":45,"caption":"Dosing Pump Shop B.V."},"image":{"@id":"https:\/\/dosingpump.shop\/de\/#\/schema\/logo\/image\/"},"sameAs":["https:\/\/linkedin.com\/company\/dosing-pump-shop"]}]},"product_price_amount":"730.00","product_price_currency":"EUR","og_availability":"instock","product_availability":"instock","product_condition":"new"},"_links":{"self":[{"href":"https:\/\/dosingpump.shop\/ro\/wp-json\/wp\/v2\/product\/4033","targetHints":{"allow":["GET"]}}],"collection":[{"href":"https:\/\/dosingpump.shop\/ro\/wp-json\/wp\/v2\/product"}],"about":[{"href":"https:\/\/dosingpump.shop\/ro\/wp-json\/wp\/v2\/types\/product"}],"wp:featuredmedia":[{"embeddable":true,"href":"https:\/\/dosingpump.shop\/ro\/wp-json\/wp\/v2\/media\/4032"}],"wp:attachment":[{"href":"https:\/\/dosingpump.shop\/ro\/wp-json\/wp\/v2\/media?parent=4033"}],"wp:term":[{"taxonomy":"product_brand","embeddable":true,"href":"https:\/\/dosingpump.shop\/ro\/wp-json\/wp\/v2\/product_brand?post=4033"},{"taxonomy":"product_cat","embeddable":true,"href":"https:\/\/dosingpump.shop\/ro\/wp-json\/wp\/v2\/product_cat?post=4033"},{"taxonomy":"product_tag","embeddable":true,"href":"https:\/\/dosingpump.shop\/ro\/wp-json\/wp\/v2\/product_tag?post=4033"}],"curies":[{"name":"wp","href":"https:\/\/api.w.org\/{rel}","templated":true}]}}