{"id":4217,"date":"2024-12-05T12:22:10","date_gmt":"2024-12-05T12:22:10","guid":{"rendered":"https:\/\/dosingpump.shop\/product\/centrifugaalpomp-voor-chemicalien-htm4\/"},"modified":"2026-03-23T11:29:26","modified_gmt":"2026-03-23T10:29:26","slug":"centrifugaalpomp-voor-chemicalien-htm4-pp","status":"publish","type":"product","link":"https:\/\/dosingpump.shop\/ro\/product\/centrifugaalpomp-voor-chemicalien-htm4-pp\/","title":{"rendered":"Pomp\u0103 centrifug\u0103 pentru produse chimice HTM4-PP"},"content":{"rendered":"<h2>Pomp\u0103 centrifug\u0103 cu ac\u021bionare magnetic\u0103 pentru produse chimice HTM4-PP<\/h2>\n<p>Pomparea fluidelor chimice, a substan\u021belor chimice sau a lichidelor corozive necesit\u0103 o pomp\u0103 care s\u0103 reziste la lichidul pompat. Majoritatea pompelor centrifugale sunt fabricate din aliaje metalice \u0219i sunt adesea nepotrivite pentru acest scop.<\/p>\n<p>O pomp\u0103 centrifug\u0103 cu ac\u021bionare magnetic\u0103, construit\u0103 din materialele potrivite, este perfect\u0103 pentru acest lucru. Datorit\u0103 \"mag-drive\", nu exist\u0103 nicio garnitur\u0103 mecanic\u0103 care s\u0103 se poat\u0103 scurge, ceea ce \u00eembun\u0103t\u0103\u021be\u0219te semnificativ siguran\u021ba. HTM func\u021bioneaz\u0103 \u00eentr-un interval de debit de la c\u00e2teva sute de litri pe or\u0103 p\u00e2n\u0103 la 3,5 m3\/h. Acest debit depinde de \u00een\u0103l\u021bime.<\/p>\n<p>Pompele HTM sunt disponibile \u00een PVDF \u0219i PP cu garnituri Viton, EPDM sau FEP. Cu aceast\u0103 combina\u021bie, pute\u021bi g\u0103si aproape \u00eentotdeauna o pomp\u0103 centrifug\u0103 potrivit\u0103 pentru aplica\u021bia dvs. Desigur, vom fi bucuro\u0219i s\u0103 v\u0103 ajut\u0103m s\u0103 alege\u021bi pompa potrivit\u0103.<\/p>\n<p>Aceast\u0103 pomp\u0103 centrifug\u0103 este disponibil\u0103 cu un motor trifazat de 400 V sau monofazat de 230 V.<\/p>\n<p>Pe site-ul nostru, ve\u021bi g\u0103si pompe de \u00eenalt\u0103 calitate de la Gemme Cotti, care furnizeaz\u0103 diverse tipuri de pompe, special concepute pentru pomparea chimic\u0103 sigur\u0103 \u0219i eficient\u0103, \u00eenc\u0103 din 1992. Aceste pompe sunt utilizate ca pompe de acid, pompe de clor, pompe de uree, pentru pomparea sodei caustice \u0219i multe altele.<\/p>\n<p>Ave\u021bi \u00eentreb\u0103ri cu privire la aplica\u021bie sau dori\u021bi s\u0103 primi\u021bi o ofert\u0103? Atunci nu ezita\u021bi s\u0103 ne contacta\u021bi!<\/p>\n<p>Versiunea oferit\u0103: HTM04 PP cu motor monofazat 230V \u0219i plac\u0103 de baz\u0103. Termen de livrare de aproximativ 2 s\u0103pt\u0103m\u00e2ni.<\/p>\n<h3>HTM 4 Pomp\u0103 chimic\u0103 cu ac\u021bionare magnetic\u0103<\/h3>\n<p>HTM 04 este utilizat pentru pomparea debitelor mai mici, de la 300-400 litri pe or\u0103 p\u00e2n\u0103 la 3,5 m\u00b3\/h. Aceasta depinde de \u00een\u0103l\u021bime. P\u0103r\u021bile fluide sunt disponibile \u00een PP \u0219i PVDF. O-ring-urile sunt disponibile \u00een EPDM, Viton \u0219i FEP.<\/p>\n<h3>Caracteristici ale pompei chimice HTM 04<\/h3>\n<ul>\n<li>Material: PP. (PVDF disponibil)<\/li>\n<li>Materiale \u00een contact cu lichidul:\n<ul>\n<li>Carcas\u0103 \u0219i rotor: PP\/PVDF;<\/li>\n<li>O-ring: EPDM (standard pentru pompele PP);<\/li>\n<li>Cenu\u0219\u0103 static\u0103: Al2O3 99.7%;<\/li>\n<li>Autobuz rotativ: PTFEC.<\/li>\n<\/ul>\n<\/li>\n<li>Cuplaj magnetic cu cuplu ridicat NdFeB, standard.<\/li>\n<li>Debit de p\u00e2n\u0103 la 3,5 m3\/h.<\/li>\n<li>Cap p\u00e2n\u0103 la 7 m.<\/li>\n<li>Temperatura maxim\u0103: PP 60 \u00b0C. (PVDF 90 \u00b0C)<\/li>\n<li>V\u00e2scozitatea maxim\u0103: 200 cSt.<\/li>\n<li>Presiune nominal\u0103 NP 6 la 20\u00b0C.<\/li>\n<li>Conexiuni:\n<ul>\n<li>Partea de aspira\u021bie (In): 1\" filet feminin;<\/li>\n<li>Partea de presiune (exterior): Filet extern 1\/2\".<\/li>\n<\/ul>\n<\/li>\n<li>Disponibile op\u021bional: protec\u021bie la func\u021bionare uscat\u0103, flan\u0219e \u0219i pl\u0103ci de baz\u0103.<\/li>\n<\/ul>","protected":false},"excerpt":{"rendered":"<p>HTM4 PP Centrifugaalpomp voor chemicali\u00ebn<br \/>\nPentru pomparea \u00een siguran\u021b\u0103 a lichidelor chimice.<br \/>\nMax 3,5 m3\/h, \u00een func\u021bie de capul de livrare<\/p>","protected":false},"featured_media":8762,"template":"","meta":[],"product_brand":[],"product_cat":[86,17],"product_tag":[],"class_list":{"0":"post-4217","1":"product","2":"type-product","3":"status-publish","4":"has-post-thumbnail","6":"product_cat-centrifugaalpomp-voor-chemicalien","7":"product_cat-doseerpompen","9":"first","10":"instock","11":"taxable","12":"shipping-taxable","13":"purchasable","14":"product-type-simple"},"yoast_head":"<!-- This site is optimized with the Yoast SEO plugin v27.2 - https:\/\/yoast.com\/product\/yoast-seo-wordpress\/ -->\n<title>Chemiepomp HTM4 | Dosing Pump Shop B.V. Centrifugaal pomp PP<\/title>\n<meta name=\"description\" content=\"Chemicali\u00ebn verpompen kan met deze centrifugaalpomp voor chemicali\u00ebn. De magneetaandrijving is lekvrij en zeer resistent. Diverse uitvoeringen leverbaar.\" \/>\n<meta name=\"robots\" content=\"index, follow, max-snippet:-1, max-image-preview:large, max-video-preview:-1\" \/>\n<link rel=\"canonical\" href=\"https:\/\/dosingpump.shop\/ro\/produs-2\/centrifugaalpomp-voor-chemicalien-htm4-pp\/\" \/>\n<meta property=\"og:locale\" content=\"ro_RO\" \/>\n<meta property=\"og:type\" content=\"article\" \/>\n<meta property=\"og:title\" content=\"Chemiepomp HTM4 | Dosing Pump Shop B.V. Centrifugaal pomp PP\" \/>\n<meta property=\"og:description\" content=\"Chemicali\u00ebn verpompen kan met deze centrifugaalpomp voor chemicali\u00ebn. De magneetaandrijving is lekvrij en zeer resistent. Diverse uitvoeringen leverbaar.\" \/>\n<meta property=\"og:url\" content=\"https:\/\/dosingpump.shop\/ro\/produs-2\/centrifugaalpomp-voor-chemicalien-htm4-pp\/\" \/>\n<meta property=\"og:site_name\" content=\"Dosing Pump Shop B.V.\" \/>\n<meta property=\"article:modified_time\" content=\"2026-03-23T10:29:26+00:00\" \/>\n<meta property=\"og:image\" content=\"https:\/\/dosingpump.shop\/wp-content\/uploads\/2024\/12\/GemmeCotti-htm-4-pp-1.png\" \/>\n\t<meta property=\"og:image:width\" content=\"600\" \/>\n\t<meta property=\"og:image:height\" content=\"600\" \/>\n\t<meta property=\"og:image:type\" content=\"image\/png\" \/>\n<meta name=\"twitter:card\" content=\"summary_large_image\" \/>\n<meta name=\"twitter:label1\" content=\"Pre\u021b\" \/>\n\t<meta name=\"twitter:data1\" content=\"&euro;539,00\" \/>\n\t<meta name=\"twitter:label2\" content=\"Disponibilitate\" \/>\n\t<meta name=\"twitter:data2\" content=\"\u00cen stoc\" \/>\n<script type=\"application\/ld+json\" class=\"yoast-schema-graph\">{\"@context\":\"https:\/\/schema.org\",\"@graph\":[{\"@type\":\"WebPage\",\"@id\":\"https:\/\/dosingpump.shop\/product\/centrifugaalpomp-voor-chemicalien-htm4-pp\/\",\"url\":\"https:\/\/dosingpump.shop\/product\/centrifugaalpomp-voor-chemicalien-htm4-pp\/\",\"name\":\"Chemiepomp HTM4 | Dosing Pump Shop B.V. Centrifugaal pomp PP\",\"isPartOf\":{\"@id\":\"https:\/\/dosingpump.shop\/de\/#website\"},\"primaryImageOfPage\":{\"@id\":\"https:\/\/dosingpump.shop\/product\/centrifugaalpomp-voor-chemicalien-htm4-pp\/#primaryimage\"},\"image\":{\"@id\":\"https:\/\/dosingpump.shop\/product\/centrifugaalpomp-voor-chemicalien-htm4-pp\/#primaryimage\"},\"thumbnailUrl\":\"https:\/\/dosingpump.shop\/wp-content\/uploads\/2024\/12\/GemmeCotti-htm-4-pp-1.png\",\"datePublished\":\"2024-12-05T12:22:10+00:00\",\"dateModified\":\"2026-03-23T10:29:26+00:00\",\"description\":\"Chemicali\u00ebn verpompen kan met deze centrifugaalpomp voor chemicali\u00ebn. De magneetaandrijving is lekvrij en zeer resistent. Diverse uitvoeringen leverbaar.\",\"breadcrumb\":{\"@id\":\"https:\/\/dosingpump.shop\/product\/centrifugaalpomp-voor-chemicalien-htm4-pp\/#breadcrumb\"},\"inLanguage\":\"ro-RO\",\"potentialAction\":[{\"@type\":\"ReadAction\",\"target\":[\"https:\/\/dosingpump.shop\/product\/centrifugaalpomp-voor-chemicalien-htm4-pp\/\"]}]},{\"@type\":\"ImageObject\",\"inLanguage\":\"ro-RO\",\"@id\":\"https:\/\/dosingpump.shop\/product\/centrifugaalpomp-voor-chemicalien-htm4-pp\/#primaryimage\",\"url\":\"https:\/\/dosingpump.shop\/wp-content\/uploads\/2024\/12\/GemmeCotti-htm-4-pp-1.png\",\"contentUrl\":\"https:\/\/dosingpump.shop\/wp-content\/uploads\/2024\/12\/GemmeCotti-htm-4-pp-1.png\",\"width\":600,\"height\":600},{\"@type\":\"BreadcrumbList\",\"@id\":\"https:\/\/dosingpump.shop\/product\/centrifugaalpomp-voor-chemicalien-htm4-pp\/#breadcrumb\",\"itemListElement\":[{\"@type\":\"ListItem\",\"position\":1,\"name\":\"Home\",\"item\":\"https:\/\/dosingpump.shop\/\"},{\"@type\":\"ListItem\",\"position\":2,\"name\":\"Shop\",\"item\":\"https:\/\/dosingpump.shop\/de\/shop\/\"},{\"@type\":\"ListItem\",\"position\":3,\"name\":\"Centrifugaalpomp voor chemicali\u00ebn HTM4-PP\"}]},{\"@type\":\"WebSite\",\"@id\":\"https:\/\/dosingpump.shop\/de\/#website\",\"url\":\"https:\/\/dosingpump.shop\/de\/\",\"name\":\"Dosing Pump Shop B.V.\",\"description\":\"\",\"publisher\":{\"@id\":\"https:\/\/dosingpump.shop\/de\/#organization\"},\"potentialAction\":[{\"@type\":\"SearchAction\",\"target\":{\"@type\":\"EntryPoint\",\"urlTemplate\":\"https:\/\/dosingpump.shop\/de\/?s={search_term_string}\"},\"query-input\":{\"@type\":\"PropertyValueSpecification\",\"valueRequired\":true,\"valueName\":\"search_term_string\"}}],\"inLanguage\":\"ro-RO\"},{\"@type\":\"Organization\",\"@id\":\"https:\/\/dosingpump.shop\/de\/#organization\",\"name\":\"Dosing Pump Shop B.V.\",\"url\":\"https:\/\/dosingpump.shop\/de\/\",\"logo\":{\"@type\":\"ImageObject\",\"inLanguage\":\"ro-RO\",\"@id\":\"https:\/\/dosingpump.shop\/de\/#\/schema\/logo\/image\/\",\"url\":\"https:\/\/dosingpump.shop\/wp-content\/uploads\/2024\/10\/Dosing-Pump-Shop-logo.png\",\"contentUrl\":\"https:\/\/dosingpump.shop\/wp-content\/uploads\/2024\/10\/Dosing-Pump-Shop-logo.png\",\"width\":350,\"height\":45,\"caption\":\"Dosing Pump Shop B.V.\"},\"image\":{\"@id\":\"https:\/\/dosingpump.shop\/de\/#\/schema\/logo\/image\/\"},\"sameAs\":[\"https:\/\/linkedin.com\/company\/dosing-pump-shop\"]}]}<\/script>\n<meta property=\"product:price:amount\" content=\"539.00\" \/>\n<meta property=\"product:price:currency\" content=\"EUR\" \/>\n<meta property=\"og:availability\" content=\"instock\" \/>\n<meta property=\"product:availability\" content=\"instock\" \/>\n<meta property=\"product:retailer_item_id\" content=\"HTM4-PP\" \/>\n<meta property=\"product:condition\" content=\"new\" \/>\n<!-- \/ Yoast SEO plugin. -->","yoast_head_json":{"title":"Chemiepomp HTM4 | Dosing Pump Shop B.V. Centrifugaal pomp PP","description":"Pomparea substan\u021belor chimice poate fi realizat\u0103 cu aceast\u0103 pomp\u0103 centrifug\u0103 pentru substan\u021be chimice. Ac\u021bionarea magnetic\u0103 este etan\u0219\u0103 \u0219i foarte rezistent\u0103. Diferite versiuni disponibile.","robots":{"index":"index","follow":"follow","max-snippet":"max-snippet:-1","max-image-preview":"max-image-preview:large","max-video-preview":"max-video-preview:-1"},"canonical":"https:\/\/dosingpump.shop\/ro\/produs-2\/centrifugaalpomp-voor-chemicalien-htm4-pp\/","og_locale":"ro_RO","og_type":"article","og_title":"Chemiepomp HTM4 | Dosing Pump Shop B.V. Centrifugaal pomp PP","og_description":"Chemicali\u00ebn verpompen kan met deze centrifugaalpomp voor chemicali\u00ebn. De magneetaandrijving is lekvrij en zeer resistent. Diverse uitvoeringen leverbaar.","og_url":"https:\/\/dosingpump.shop\/ro\/produs-2\/centrifugaalpomp-voor-chemicalien-htm4-pp\/","og_site_name":"Dosing Pump Shop B.V.","article_modified_time":"2026-03-23T10:29:26+00:00","og_image":[{"width":600,"height":600,"url":"https:\/\/dosingpump.shop\/wp-content\/uploads\/2024\/12\/GemmeCotti-htm-4-pp-1.png","type":"image\/png"}],"twitter_card":"summary_large_image","twitter_misc":{"Pre\u021b":"&euro;539,00","Disponibilitate":"\u00cen stoc"},"schema":{"@context":"https:\/\/schema.org","@graph":[{"@type":"WebPage","@id":"https:\/\/dosingpump.shop\/product\/centrifugaalpomp-voor-chemicalien-htm4-pp\/","url":"https:\/\/dosingpump.shop\/product\/centrifugaalpomp-voor-chemicalien-htm4-pp\/","name":"Chemiepomp HTM4 | Dosing Pump Shop B.V. Centrifugaal pomp PP","isPartOf":{"@id":"https:\/\/dosingpump.shop\/de\/#website"},"primaryImageOfPage":{"@id":"https:\/\/dosingpump.shop\/product\/centrifugaalpomp-voor-chemicalien-htm4-pp\/#primaryimage"},"image":{"@id":"https:\/\/dosingpump.shop\/product\/centrifugaalpomp-voor-chemicalien-htm4-pp\/#primaryimage"},"thumbnailUrl":"https:\/\/dosingpump.shop\/wp-content\/uploads\/2024\/12\/GemmeCotti-htm-4-pp-1.png","datePublished":"2024-12-05T12:22:10+00:00","dateModified":"2026-03-23T10:29:26+00:00","description":"Pomparea substan\u021belor chimice poate fi realizat\u0103 cu aceast\u0103 pomp\u0103 centrifug\u0103 pentru substan\u021be chimice. Ac\u021bionarea magnetic\u0103 este etan\u0219\u0103 \u0219i foarte rezistent\u0103. Diferite versiuni disponibile.","breadcrumb":{"@id":"https:\/\/dosingpump.shop\/product\/centrifugaalpomp-voor-chemicalien-htm4-pp\/#breadcrumb"},"inLanguage":"ro-RO","potentialAction":[{"@type":"ReadAction","target":["https:\/\/dosingpump.shop\/product\/centrifugaalpomp-voor-chemicalien-htm4-pp\/"]}]},{"@type":"ImageObject","inLanguage":"ro-RO","@id":"https:\/\/dosingpump.shop\/product\/centrifugaalpomp-voor-chemicalien-htm4-pp\/#primaryimage","url":"https:\/\/dosingpump.shop\/wp-content\/uploads\/2024\/12\/GemmeCotti-htm-4-pp-1.png","contentUrl":"https:\/\/dosingpump.shop\/wp-content\/uploads\/2024\/12\/GemmeCotti-htm-4-pp-1.png","width":600,"height":600},{"@type":"BreadcrumbList","@id":"https:\/\/dosingpump.shop\/product\/centrifugaalpomp-voor-chemicalien-htm4-pp\/#breadcrumb","itemListElement":[{"@type":"ListItem","position":1,"name":"Home","item":"https:\/\/dosingpump.shop\/"},{"@type":"ListItem","position":2,"name":"Shop","item":"https:\/\/dosingpump.shop\/de\/shop\/"},{"@type":"ListItem","position":3,"name":"Centrifugaalpomp voor chemicali\u00ebn HTM4-PP"}]},{"@type":"WebSite","@id":"https:\/\/dosingpump.shop\/de\/#website","url":"https:\/\/dosingpump.shop\/de\/","name":"Dosing Pump Shop B.V.","description":"","publisher":{"@id":"https:\/\/dosingpump.shop\/de\/#organization"},"potentialAction":[{"@type":"SearchAction","target":{"@type":"EntryPoint","urlTemplate":"https:\/\/dosingpump.shop\/de\/?s={search_term_string}"},"query-input":{"@type":"PropertyValueSpecification","valueRequired":true,"valueName":"search_term_string"}}],"inLanguage":"ro-RO"},{"@type":"Organization","@id":"https:\/\/dosingpump.shop\/de\/#organization","name":"Dosing Pump Shop B.V.","url":"https:\/\/dosingpump.shop\/de\/","logo":{"@type":"ImageObject","inLanguage":"ro-RO","@id":"https:\/\/dosingpump.shop\/de\/#\/schema\/logo\/image\/","url":"https:\/\/dosingpump.shop\/wp-content\/uploads\/2024\/10\/Dosing-Pump-Shop-logo.png","contentUrl":"https:\/\/dosingpump.shop\/wp-content\/uploads\/2024\/10\/Dosing-Pump-Shop-logo.png","width":350,"height":45,"caption":"Dosing Pump Shop B.V."},"image":{"@id":"https:\/\/dosingpump.shop\/de\/#\/schema\/logo\/image\/"},"sameAs":["https:\/\/linkedin.com\/company\/dosing-pump-shop"]}]},"product_price_amount":"539.00","product_price_currency":"EUR","og_availability":"instock","product_availability":"instock","product_retailer_item_id":"HTM4-PP","product_condition":"new"},"_links":{"self":[{"href":"https:\/\/dosingpump.shop\/ro\/wp-json\/wp\/v2\/product\/4217","targetHints":{"allow":["GET"]}}],"collection":[{"href":"https:\/\/dosingpump.shop\/ro\/wp-json\/wp\/v2\/product"}],"about":[{"href":"https:\/\/dosingpump.shop\/ro\/wp-json\/wp\/v2\/types\/product"}],"wp:featuredmedia":[{"embeddable":true,"href":"https:\/\/dosingpump.shop\/ro\/wp-json\/wp\/v2\/media\/8762"}],"wp:attachment":[{"href":"https:\/\/dosingpump.shop\/ro\/wp-json\/wp\/v2\/media?parent=4217"}],"wp:term":[{"taxonomy":"product_brand","embeddable":true,"href":"https:\/\/dosingpump.shop\/ro\/wp-json\/wp\/v2\/product_brand?post=4217"},{"taxonomy":"product_cat","embeddable":true,"href":"https:\/\/dosingpump.shop\/ro\/wp-json\/wp\/v2\/product_cat?post=4217"},{"taxonomy":"product_tag","embeddable":true,"href":"https:\/\/dosingpump.shop\/ro\/wp-json\/wp\/v2\/product_tag?post=4217"}],"curies":[{"name":"wp","href":"https:\/\/api.w.org\/{rel}","templated":true}]}}