{"id":4222,"date":"2024-12-05T12:22:10","date_gmt":"2024-12-05T12:22:10","guid":{"rendered":"https:\/\/dosingpump.shop\/product\/emec-prius-d-mf-doseerpomp\/"},"modified":"2026-03-24T12:52:31","modified_gmt":"2026-03-24T11:52:31","slug":"pompa-de-dozare-emec-prius-d-mf","status":"publish","type":"product","link":"https:\/\/dosingpump.shop\/ro\/product\/emec-prius-d-mf-doseerpomp\/","title":{"rendered":"Pompa de dozare Emec Prius D MF"},"content":{"rendered":"<h3>Pomp\u0103 de dozare multifunc\u021bional\u0103 cu debit mare, ac\u021bionat\u0103 de motor<\/h3>\n<p>Multe procese sunt controlate de un PLC sau de un computer de proces. Atunci este convenabil ca o pomp\u0103 de dozare s\u0103 poat\u0103 fi controlat\u0103 \u0219i de acesta. Pompa Prius D MF ac\u021bionat\u0103 de motor poate produce un debit mare. P\u00e2n\u0103 la aprox. <b>1000 litri pe or\u0103<\/b> La o presiune relativ ridicat\u0103 de <b>5 bar<\/b>. Aceast\u0103 pomp\u0103 este disponibil\u0103 \u0219i \u00een versiunea de \u00eenalt\u0103 presiune \u0219i poate furniza o presiune maxim\u0103 de 100 bar.<\/p>\n<p>Pre\u021bul afi\u0219at se bazeaz\u0103 pe versiunea Prius D MF 10-60.<\/p>\n<p>Aceste caracteristici fac ca Prius MF s\u0103 fie o solu\u021bie de dozare utilizat\u0103 pe scar\u0103 larg\u0103 la sta\u021biile de tratare a apei \u0219i \u00een industrie. Cu o combina\u021bie a materialelor disponibile, practic orice lichid poate fi dozat \u00een siguran\u021b\u0103 \u0219i cu acurate\u021be. Aceast\u0103 pomp\u0103 de dozare are 10 moduri de lucru disponibile, inclusiv: dozare cu temporizator s\u0103pt\u0103m\u00e2nal, puls, mA, Volt \u0219i lot, control nivel, alarme, standby, temporizator.<\/p>\n<p>Pe l\u00e2ng\u0103 modul de lucru multifunc\u021bional, toate modelele Prius MF au supape duble, carcas\u0103 din aluminiu \u0219i un mecanism de revenire cu arc.<\/p>\n<p>\u00cen cadrul seriei Prius MF, putem oferi urm\u0103toarele pompe de dozare, fiecare cu propriile caracteristici unice:<\/p>\n<ul>\n<li><strong>Prius D MF<\/strong>: Modelul standard care dispune de o membran\u0103 PTFE \u0219i poate furniza o capacitate <b>p\u00e2n\u0103 la 1000 de litri pe or\u0103<\/b>.<\/li>\n<li><strong>Prius D MF AP<\/strong>: Poate furniza presiune ridicat\u0103. Datorit\u0103 \u00een parte capului s\u0103u din o\u021bel (AISI316L), aceast\u0103 pomp\u0103 poate furniza presiune <b>p\u00e2n\u0103 la 100 bar<\/b>.<\/li>\n<li><strong>Prius P MF<\/strong>: Acest model utilizeaz\u0103 un <b>Plunger din o\u021bel inoxidabil sau ceramic\u0103<\/b> ceea ce face ca aceast\u0103 pomp\u0103 de dozare s\u0103 fie foarte potrivit\u0103 pentru dozarea lichidelor la temperaturi ridicate.<\/li>\n<\/ul>\n<p>Alegerea pompei de dozare potrivite este adesea o sarcin\u0103 dificil\u0103. L\u0103sa\u021bi-ne s\u0103 v\u0103 ajut\u0103m! Doar contacta\u021bi-ne \u0219i vom lucra pentru dvs.<\/p>","protected":false},"excerpt":{"rendered":"<ul>\n<li>Pomp\u0103 dozatoare multifunc\u021bional\u0103 ac\u021bionat\u0103 de motor pentru debite mari.<\/li>\n<li>P\u00e2n\u0103 la 1000 de litri pe or\u0103 la 2 bar.<\/li>\n<li>Membran\u0103 PTFE complet\u0103.<\/li>\n<li>Potrivit pentru control prin 4-20mA, Volt sau impuls.<\/li>\n<li>Alimentare 230V.<\/li>\n<li>Versiunea: Prius D MF 10-60 cu cap de pomp\u0103 PVDF.<\/li>\n<\/ul>","protected":false},"featured_media":8787,"template":"","meta":[],"product_brand":[],"product_cat":[17,18],"product_tag":[],"class_list":{"0":"post-4222","1":"product","2":"type-product","3":"status-publish","4":"has-post-thumbnail","6":"product_cat-doseerpompen","7":"product_cat-motorgedreven","8":"product_shipping_class-priusmf","10":"first","11":"instock","12":"taxable","13":"shipping-taxable","14":"purchasable","15":"product-type-simple"},"yoast_head":"<!-- This site is optimized with the Yoast SEO plugin v27.2 - https:\/\/yoast.com\/product\/yoast-seo-wordpress\/ -->\n<title>Emec Prius D MF Doseerpomp | Dosing Pump Shop B.V.<\/title>\n<meta name=\"description\" content=\"De Emec Prius D MF serie is een multifunctionele doseerpomp voor dosering van vloeistoffen in grote volumes. Bezoek de webshop.\" \/>\n<meta name=\"robots\" content=\"index, follow, max-snippet:-1, max-image-preview:large, max-video-preview:-1\" \/>\n<link rel=\"canonical\" href=\"https:\/\/dosingpump.shop\/ro\/produs-2\/pompa-de-dozare-emec-prius-d-mf\/\" \/>\n<meta property=\"og:locale\" content=\"ro_RO\" \/>\n<meta property=\"og:type\" content=\"article\" \/>\n<meta property=\"og:title\" content=\"Emec Prius D MF Doseerpomp | Dosing Pump Shop B.V.\" \/>\n<meta property=\"og:description\" content=\"De Emec Prius D MF serie is een multifunctionele doseerpomp voor dosering van vloeistoffen in grote volumes. Bezoek de webshop.\" \/>\n<meta property=\"og:url\" content=\"https:\/\/dosingpump.shop\/ro\/produs-2\/pompa-de-dozare-emec-prius-d-mf\/\" \/>\n<meta property=\"og:site_name\" content=\"Dosing Pump Shop B.V.\" \/>\n<meta property=\"article:modified_time\" content=\"2026-03-24T11:52:31+00:00\" \/>\n<meta property=\"og:image\" content=\"https:\/\/dosingpump.shop\/wp-content\/uploads\/2024\/12\/Emec-Prius-D-MF-Motor-Gedreven-Doseerpomp.png\" \/>\n\t<meta property=\"og:image:width\" content=\"600\" \/>\n\t<meta property=\"og:image:height\" content=\"600\" \/>\n\t<meta property=\"og:image:type\" content=\"image\/png\" \/>\n<meta name=\"twitter:card\" content=\"summary_large_image\" \/>\n<meta name=\"twitter:label1\" content=\"Pre\u021b\" \/>\n\t<meta name=\"twitter:data1\" content=\"&euro;2.374,00\" \/>\n\t<meta name=\"twitter:label2\" content=\"Disponibilitate\" \/>\n\t<meta name=\"twitter:data2\" content=\"\u00cen stoc\" \/>\n<script type=\"application\/ld+json\" class=\"yoast-schema-graph\">{\"@context\":\"https:\/\/schema.org\",\"@graph\":[{\"@type\":\"WebPage\",\"@id\":\"https:\/\/dosingpump.shop\/product\/emec-prius-d-mf-doseerpomp\/\",\"url\":\"https:\/\/dosingpump.shop\/product\/emec-prius-d-mf-doseerpomp\/\",\"name\":\"Emec Prius D MF Doseerpomp | Dosing Pump Shop B.V.\",\"isPartOf\":{\"@id\":\"https:\/\/dosingpump.shop\/de\/#website\"},\"primaryImageOfPage\":{\"@id\":\"https:\/\/dosingpump.shop\/product\/emec-prius-d-mf-doseerpomp\/#primaryimage\"},\"image\":{\"@id\":\"https:\/\/dosingpump.shop\/product\/emec-prius-d-mf-doseerpomp\/#primaryimage\"},\"thumbnailUrl\":\"https:\/\/dosingpump.shop\/wp-content\/uploads\/2024\/12\/Emec-Prius-D-MF-Motor-Gedreven-Doseerpomp.webp\",\"datePublished\":\"2024-12-05T12:22:10+00:00\",\"dateModified\":\"2026-03-24T11:52:31+00:00\",\"description\":\"De Emec Prius D MF serie is een multifunctionele doseerpomp voor dosering van vloeistoffen in grote volumes. Bezoek de webshop.\",\"breadcrumb\":{\"@id\":\"https:\/\/dosingpump.shop\/product\/emec-prius-d-mf-doseerpomp\/#breadcrumb\"},\"inLanguage\":\"ro-RO\",\"potentialAction\":[{\"@type\":\"ReadAction\",\"target\":[\"https:\/\/dosingpump.shop\/product\/emec-prius-d-mf-doseerpomp\/\"]}]},{\"@type\":\"ImageObject\",\"inLanguage\":\"ro-RO\",\"@id\":\"https:\/\/dosingpump.shop\/product\/emec-prius-d-mf-doseerpomp\/#primaryimage\",\"url\":\"https:\/\/dosingpump.shop\/wp-content\/uploads\/2024\/12\/Emec-Prius-D-MF-Motor-Gedreven-Doseerpomp.webp\",\"contentUrl\":\"https:\/\/dosingpump.shop\/wp-content\/uploads\/2024\/12\/Emec-Prius-D-MF-Motor-Gedreven-Doseerpomp.webp\",\"width\":600,\"height\":600},{\"@type\":\"BreadcrumbList\",\"@id\":\"https:\/\/dosingpump.shop\/product\/emec-prius-d-mf-doseerpomp\/#breadcrumb\",\"itemListElement\":[{\"@type\":\"ListItem\",\"position\":1,\"name\":\"Home\",\"item\":\"https:\/\/dosingpump.shop\/\"},{\"@type\":\"ListItem\",\"position\":2,\"name\":\"Shop\",\"item\":\"https:\/\/dosingpump.shop\/de\/shop\/\"},{\"@type\":\"ListItem\",\"position\":3,\"name\":\"Emec Prius D MF Doseerpomp\"}]},{\"@type\":\"WebSite\",\"@id\":\"https:\/\/dosingpump.shop\/de\/#website\",\"url\":\"https:\/\/dosingpump.shop\/de\/\",\"name\":\"Dosing Pump Shop B.V.\",\"description\":\"\",\"publisher\":{\"@id\":\"https:\/\/dosingpump.shop\/de\/#organization\"},\"potentialAction\":[{\"@type\":\"SearchAction\",\"target\":{\"@type\":\"EntryPoint\",\"urlTemplate\":\"https:\/\/dosingpump.shop\/de\/?s={search_term_string}\"},\"query-input\":{\"@type\":\"PropertyValueSpecification\",\"valueRequired\":true,\"valueName\":\"search_term_string\"}}],\"inLanguage\":\"ro-RO\"},{\"@type\":\"Organization\",\"@id\":\"https:\/\/dosingpump.shop\/de\/#organization\",\"name\":\"Dosing Pump Shop B.V.\",\"url\":\"https:\/\/dosingpump.shop\/de\/\",\"logo\":{\"@type\":\"ImageObject\",\"inLanguage\":\"ro-RO\",\"@id\":\"https:\/\/dosingpump.shop\/de\/#\/schema\/logo\/image\/\",\"url\":\"https:\/\/dosingpump.shop\/wp-content\/uploads\/2024\/10\/Dosing-Pump-Shop-logo.png\",\"contentUrl\":\"https:\/\/dosingpump.shop\/wp-content\/uploads\/2024\/10\/Dosing-Pump-Shop-logo.png\",\"width\":350,\"height\":45,\"caption\":\"Dosing Pump Shop B.V.\"},\"image\":{\"@id\":\"https:\/\/dosingpump.shop\/de\/#\/schema\/logo\/image\/\"},\"sameAs\":[\"https:\/\/linkedin.com\/company\/dosing-pump-shop\"]}]}<\/script>\n<meta property=\"product:price:amount\" content=\"2374.00\" \/>\n<meta property=\"product:price:currency\" content=\"EUR\" \/>\n<meta property=\"og:availability\" content=\"instock\" \/>\n<meta property=\"product:availability\" content=\"instock\" \/>\n<meta property=\"product:condition\" content=\"new\" \/>\n<!-- \/ Yoast SEO plugin. -->","yoast_head_json":{"title":"Emec Prius D MF Pomp\u0103 de dozare | Dosing Pump Shop B.V.","description":"Seria Emec Prius D MF este o pomp\u0103 dozatoare multifunc\u021bional\u0103 pentru dozarea \u00een volum mare a lichidelor. Vizita\u021bi magazinul online.","robots":{"index":"index","follow":"follow","max-snippet":"max-snippet:-1","max-image-preview":"max-image-preview:large","max-video-preview":"max-video-preview:-1"},"canonical":"https:\/\/dosingpump.shop\/ro\/produs-2\/pompa-de-dozare-emec-prius-d-mf\/","og_locale":"ro_RO","og_type":"article","og_title":"Emec Prius D MF Doseerpomp | Dosing Pump Shop B.V.","og_description":"De Emec Prius D MF serie is een multifunctionele doseerpomp voor dosering van vloeistoffen in grote volumes. Bezoek de webshop.","og_url":"https:\/\/dosingpump.shop\/ro\/produs-2\/pompa-de-dozare-emec-prius-d-mf\/","og_site_name":"Dosing Pump Shop B.V.","article_modified_time":"2026-03-24T11:52:31+00:00","og_image":[{"width":600,"height":600,"url":"https:\/\/dosingpump.shop\/wp-content\/uploads\/2024\/12\/Emec-Prius-D-MF-Motor-Gedreven-Doseerpomp.png","type":"image\/png"}],"twitter_card":"summary_large_image","twitter_misc":{"Pre\u021b":"&euro;2.374,00","Disponibilitate":"\u00cen stoc"},"schema":{"@context":"https:\/\/schema.org","@graph":[{"@type":"WebPage","@id":"https:\/\/dosingpump.shop\/product\/emec-prius-d-mf-doseerpomp\/","url":"https:\/\/dosingpump.shop\/product\/emec-prius-d-mf-doseerpomp\/","name":"Emec Prius D MF Pomp\u0103 de dozare | Dosing Pump Shop B.V.","isPartOf":{"@id":"https:\/\/dosingpump.shop\/de\/#website"},"primaryImageOfPage":{"@id":"https:\/\/dosingpump.shop\/product\/emec-prius-d-mf-doseerpomp\/#primaryimage"},"image":{"@id":"https:\/\/dosingpump.shop\/product\/emec-prius-d-mf-doseerpomp\/#primaryimage"},"thumbnailUrl":"https:\/\/dosingpump.shop\/wp-content\/uploads\/2024\/12\/Emec-Prius-D-MF-Motor-Gedreven-Doseerpomp.webp","datePublished":"2024-12-05T12:22:10+00:00","dateModified":"2026-03-24T11:52:31+00:00","description":"Seria Emec Prius D MF este o pomp\u0103 dozatoare multifunc\u021bional\u0103 pentru dozarea \u00een volum mare a lichidelor. Vizita\u021bi magazinul online.","breadcrumb":{"@id":"https:\/\/dosingpump.shop\/product\/emec-prius-d-mf-doseerpomp\/#breadcrumb"},"inLanguage":"ro-RO","potentialAction":[{"@type":"ReadAction","target":["https:\/\/dosingpump.shop\/product\/emec-prius-d-mf-doseerpomp\/"]}]},{"@type":"ImageObject","inLanguage":"ro-RO","@id":"https:\/\/dosingpump.shop\/product\/emec-prius-d-mf-doseerpomp\/#primaryimage","url":"https:\/\/dosingpump.shop\/wp-content\/uploads\/2024\/12\/Emec-Prius-D-MF-Motor-Gedreven-Doseerpomp.webp","contentUrl":"https:\/\/dosingpump.shop\/wp-content\/uploads\/2024\/12\/Emec-Prius-D-MF-Motor-Gedreven-Doseerpomp.webp","width":600,"height":600},{"@type":"BreadcrumbList","@id":"https:\/\/dosingpump.shop\/product\/emec-prius-d-mf-doseerpomp\/#breadcrumb","itemListElement":[{"@type":"ListItem","position":1,"name":"Home","item":"https:\/\/dosingpump.shop\/"},{"@type":"ListItem","position":2,"name":"Shop","item":"https:\/\/dosingpump.shop\/de\/shop\/"},{"@type":"ListItem","position":3,"name":"Emec Prius D MF Doseerpomp"}]},{"@type":"WebSite","@id":"https:\/\/dosingpump.shop\/de\/#website","url":"https:\/\/dosingpump.shop\/de\/","name":"Dosing Pump Shop B.V.","description":"","publisher":{"@id":"https:\/\/dosingpump.shop\/de\/#organization"},"potentialAction":[{"@type":"SearchAction","target":{"@type":"EntryPoint","urlTemplate":"https:\/\/dosingpump.shop\/de\/?s={search_term_string}"},"query-input":{"@type":"PropertyValueSpecification","valueRequired":true,"valueName":"search_term_string"}}],"inLanguage":"ro-RO"},{"@type":"Organization","@id":"https:\/\/dosingpump.shop\/de\/#organization","name":"Dosing Pump Shop B.V.","url":"https:\/\/dosingpump.shop\/de\/","logo":{"@type":"ImageObject","inLanguage":"ro-RO","@id":"https:\/\/dosingpump.shop\/de\/#\/schema\/logo\/image\/","url":"https:\/\/dosingpump.shop\/wp-content\/uploads\/2024\/10\/Dosing-Pump-Shop-logo.png","contentUrl":"https:\/\/dosingpump.shop\/wp-content\/uploads\/2024\/10\/Dosing-Pump-Shop-logo.png","width":350,"height":45,"caption":"Dosing Pump Shop B.V."},"image":{"@id":"https:\/\/dosingpump.shop\/de\/#\/schema\/logo\/image\/"},"sameAs":["https:\/\/linkedin.com\/company\/dosing-pump-shop"]}]},"product_price_amount":"2374.00","product_price_currency":"EUR","og_availability":"instock","product_availability":"instock","product_condition":"new"},"_links":{"self":[{"href":"https:\/\/dosingpump.shop\/ro\/wp-json\/wp\/v2\/product\/4222","targetHints":{"allow":["GET"]}}],"collection":[{"href":"https:\/\/dosingpump.shop\/ro\/wp-json\/wp\/v2\/product"}],"about":[{"href":"https:\/\/dosingpump.shop\/ro\/wp-json\/wp\/v2\/types\/product"}],"wp:featuredmedia":[{"embeddable":true,"href":"https:\/\/dosingpump.shop\/ro\/wp-json\/wp\/v2\/media\/8787"}],"wp:attachment":[{"href":"https:\/\/dosingpump.shop\/ro\/wp-json\/wp\/v2\/media?parent=4222"}],"wp:term":[{"taxonomy":"product_brand","embeddable":true,"href":"https:\/\/dosingpump.shop\/ro\/wp-json\/wp\/v2\/product_brand?post=4222"},{"taxonomy":"product_cat","embeddable":true,"href":"https:\/\/dosingpump.shop\/ro\/wp-json\/wp\/v2\/product_cat?post=4222"},{"taxonomy":"product_tag","embeddable":true,"href":"https:\/\/dosingpump.shop\/ro\/wp-json\/wp\/v2\/product_tag?post=4222"}],"curies":[{"name":"wp","href":"https:\/\/api.w.org\/{rel}","templated":true}]}}