{"id":4248,"date":"2024-12-05T12:22:18","date_gmt":"2024-12-05T12:22:18","guid":{"rendered":"https:\/\/dosingpump.shop\/product\/centrifugaalpomp-voor-chemicalien-htm15\/"},"modified":"2026-03-23T12:03:02","modified_gmt":"2026-03-23T11:03:02","slug":"pompa-centrifuga-pentru-produse-chimice-htm15-pp","status":"publish","type":"product","link":"https:\/\/dosingpump.shop\/ro\/product\/centrifugaalpomp-voor-chemicalien-htm15-pp\/","title":{"rendered":"Pomp\u0103 centrifug\u0103 pentru produse chimice HTM15-PP"},"content":{"rendered":"<h3><strong>Pomp\u0103 centrifug\u0103 cu ac\u021bionare magnetic\u0103 pentru produse chimice HTM15-PP<\/strong><\/h3>\n<p>Atunci c\u00e2nd se pompeaz\u0103 lichide chimice, produse chimice sau substan\u021be corozive, este esen\u021bial s\u0103 se utilizeze o pomp\u0103 care s\u0103 poat\u0103 rezista la lichidul pompat. Majoritatea pompelor centrifugale conven\u021bionale sunt fabricate din aliaje metalice \u0219i, prin urmare, sunt adesea nepotrivite pentru aceste sarcini solicitante.<\/p>\n<p>\u00cen schimb, o pomp\u0103 centrifug\u0103 cu ac\u021bionare magnetic\u0103, construit\u0103 cu materialele potrivite, se dovede\u0219te a fi extrem de potrivit\u0103. Tehnologia \"mag-drive\" elimin\u0103 necesitatea unei garnituri mecanice, \u00eembun\u0103t\u0103\u021bind semnificativ siguran\u021ba. Pompele HTM func\u021bioneaz\u0103 \u00eentr-o gam\u0103 larg\u0103, variind de la c\u00e2teva sute de litri pe or\u0103 p\u00e2n\u0103 la 23 m\u00b3\/h, \u00een func\u021bie de \u00een\u0103l\u021bime.<\/p>\n<p>Pompele HTM sunt disponibile \u00een PVDF \u0219i PP, cu garnituri Viton, EPDM sau FEP. Aceste diverse combina\u021bii ofer\u0103 aproape \u00eentotdeauna o pomp\u0103 centrifug\u0103 potrivit\u0103 pentru aplica\u021bia dvs. specific\u0103. Exper\u021bii no\u0219tri vor fi bucuro\u0219i s\u0103 v\u0103 ajute s\u0103 selecta\u021bi pompa potrivit\u0103.<\/p>\n<p>Aceast\u0103 pomp\u0103 centrifug\u0103 este disponibil\u0103 cu un motor trifazat de 400 V de 1,1 sau 2,2 kW.<\/p>\n<p>Pe site-ul nostru, ve\u021bi g\u0103si pompe de \u00eenalt\u0103 calitate de la Gemme Cotti, o companie renumit\u0103 care furnizeaz\u0103 din 1992 diverse tipuri de pompe de \u00eenalt\u0103 calitate, special concepute pentru pomparea sigur\u0103 \u0219i eficient\u0103 a substan\u021belor chimice. Pompele noastre sunt utilizate ca pompe de acid, pompe de clor, pompe de uree, pentru pomparea sodei caustice \u0219i multe altele.<\/p>\n<p>Ave\u021bi \u00eentreb\u0103ri cu privire la aplica\u021bie sau dori\u021bi o ofert\u0103? Atunci nu ezita\u021bi s\u0103 ne contacta\u021bi!<\/p>\n<p><em>Design: HTM15 PP cu motor trifazat de 1,1 kW \u0219i plac\u0103 de montare. Termen de livrare de aproximativ 2 s\u0103pt\u0103m\u00e2ni.<\/em><\/p>","protected":false},"excerpt":{"rendered":"<p>HTM15 Pomp\u0103 centrifug\u0103 pentru produse chimice<br \/>\nPentru pomparea \u00een siguran\u021b\u0103 a lichidelor chimice.<br \/>\nMax 23 m3\/h, \u00een func\u021bie de capul de livrare<\/p>","protected":false},"featured_media":8775,"template":"","meta":[],"product_brand":[],"product_cat":[86],"product_tag":[],"class_list":{"0":"post-4248","1":"product","2":"type-product","3":"status-publish","4":"has-post-thumbnail","6":"product_cat-centrifugaalpomp-voor-chemicalien","8":"first","9":"instock","10":"taxable","11":"shipping-taxable","12":"purchasable","13":"product-type-simple"},"yoast_head":"<!-- This site is optimized with the Yoast SEO plugin v27.2 - https:\/\/yoast.com\/product\/yoast-seo-wordpress\/ -->\n<title>Centrifugaalpomp HTM15 | Dosing Pump Shop B.V. Gemmecoti-PP<\/title>\n<meta name=\"description\" content=\"Chemicali\u00ebn verpompen kan met deze centrifugaalpomp voor chemicali\u00ebn. De magneetaandrijving is lekvrij en zeer resistent. Diverse uitvoeringen leverbaar.\" \/>\n<meta name=\"robots\" content=\"index, follow, max-snippet:-1, max-image-preview:large, max-video-preview:-1\" \/>\n<link rel=\"canonical\" href=\"https:\/\/dosingpump.shop\/ro\/produs-2\/pompa-centrifuga-pentru-produse-chimice-htm15-pp\/\" \/>\n<meta property=\"og:locale\" content=\"ro_RO\" \/>\n<meta property=\"og:type\" content=\"article\" \/>\n<meta property=\"og:title\" content=\"Centrifugaalpomp HTM15 | Dosing Pump Shop B.V. Gemmecoti-PP\" \/>\n<meta property=\"og:description\" content=\"Chemicali\u00ebn verpompen kan met deze centrifugaalpomp voor chemicali\u00ebn. De magneetaandrijving is lekvrij en zeer resistent. Diverse uitvoeringen leverbaar.\" \/>\n<meta property=\"og:url\" content=\"https:\/\/dosingpump.shop\/ro\/produs-2\/pompa-centrifuga-pentru-produse-chimice-htm15-pp\/\" \/>\n<meta property=\"og:site_name\" content=\"Dosing Pump Shop B.V.\" \/>\n<meta property=\"article:modified_time\" content=\"2026-03-23T11:03:02+00:00\" \/>\n<meta property=\"og:image\" content=\"https:\/\/dosingpump.shop\/wp-content\/uploads\/2024\/12\/GemmeCotti-HTM-15-PP.png\" \/>\n\t<meta property=\"og:image:width\" content=\"600\" \/>\n\t<meta property=\"og:image:height\" content=\"600\" \/>\n\t<meta property=\"og:image:type\" content=\"image\/png\" \/>\n<meta name=\"twitter:card\" content=\"summary_large_image\" \/>\n<meta name=\"twitter:label1\" content=\"Pre\u021b\" \/>\n\t<meta name=\"twitter:data1\" content=\"&euro;1.296,00\" \/>\n\t<meta name=\"twitter:label2\" content=\"Disponibilitate\" \/>\n\t<meta name=\"twitter:data2\" content=\"\u00cen stoc\" \/>\n<script type=\"application\/ld+json\" class=\"yoast-schema-graph\">{\"@context\":\"https:\/\/schema.org\",\"@graph\":[{\"@type\":\"WebPage\",\"@id\":\"https:\/\/dosingpump.shop\/product\/centrifugaalpomp-voor-chemicalien-htm15-pp\/\",\"url\":\"https:\/\/dosingpump.shop\/product\/centrifugaalpomp-voor-chemicalien-htm15-pp\/\",\"name\":\"Centrifugaalpomp HTM15 | Dosing Pump Shop B.V. Gemmecoti-PP\",\"isPartOf\":{\"@id\":\"https:\/\/dosingpump.shop\/de\/#website\"},\"primaryImageOfPage\":{\"@id\":\"https:\/\/dosingpump.shop\/product\/centrifugaalpomp-voor-chemicalien-htm15-pp\/#primaryimage\"},\"image\":{\"@id\":\"https:\/\/dosingpump.shop\/product\/centrifugaalpomp-voor-chemicalien-htm15-pp\/#primaryimage\"},\"thumbnailUrl\":\"https:\/\/dosingpump.shop\/wp-content\/uploads\/2024\/12\/GemmeCotti-HTM-15-PP.png\",\"datePublished\":\"2024-12-05T12:22:18+00:00\",\"dateModified\":\"2026-03-23T11:03:02+00:00\",\"description\":\"Chemicali\u00ebn verpompen kan met deze centrifugaalpomp voor chemicali\u00ebn. De magneetaandrijving is lekvrij en zeer resistent. Diverse uitvoeringen leverbaar.\",\"breadcrumb\":{\"@id\":\"https:\/\/dosingpump.shop\/product\/centrifugaalpomp-voor-chemicalien-htm15-pp\/#breadcrumb\"},\"inLanguage\":\"ro-RO\",\"potentialAction\":[{\"@type\":\"ReadAction\",\"target\":[\"https:\/\/dosingpump.shop\/product\/centrifugaalpomp-voor-chemicalien-htm15-pp\/\"]}]},{\"@type\":\"ImageObject\",\"inLanguage\":\"ro-RO\",\"@id\":\"https:\/\/dosingpump.shop\/product\/centrifugaalpomp-voor-chemicalien-htm15-pp\/#primaryimage\",\"url\":\"https:\/\/dosingpump.shop\/wp-content\/uploads\/2024\/12\/GemmeCotti-HTM-15-PP.png\",\"contentUrl\":\"https:\/\/dosingpump.shop\/wp-content\/uploads\/2024\/12\/GemmeCotti-HTM-15-PP.png\",\"width\":600,\"height\":600},{\"@type\":\"BreadcrumbList\",\"@id\":\"https:\/\/dosingpump.shop\/product\/centrifugaalpomp-voor-chemicalien-htm15-pp\/#breadcrumb\",\"itemListElement\":[{\"@type\":\"ListItem\",\"position\":1,\"name\":\"Home\",\"item\":\"https:\/\/dosingpump.shop\/\"},{\"@type\":\"ListItem\",\"position\":2,\"name\":\"Shop\",\"item\":\"https:\/\/dosingpump.shop\/de\/shop\/\"},{\"@type\":\"ListItem\",\"position\":3,\"name\":\"Centrifugaalpomp voor chemicali\u00ebn HTM15-PP\"}]},{\"@type\":\"WebSite\",\"@id\":\"https:\/\/dosingpump.shop\/de\/#website\",\"url\":\"https:\/\/dosingpump.shop\/de\/\",\"name\":\"Dosing Pump Shop B.V.\",\"description\":\"\",\"publisher\":{\"@id\":\"https:\/\/dosingpump.shop\/de\/#organization\"},\"potentialAction\":[{\"@type\":\"SearchAction\",\"target\":{\"@type\":\"EntryPoint\",\"urlTemplate\":\"https:\/\/dosingpump.shop\/de\/?s={search_term_string}\"},\"query-input\":{\"@type\":\"PropertyValueSpecification\",\"valueRequired\":true,\"valueName\":\"search_term_string\"}}],\"inLanguage\":\"ro-RO\"},{\"@type\":\"Organization\",\"@id\":\"https:\/\/dosingpump.shop\/de\/#organization\",\"name\":\"Dosing Pump Shop B.V.\",\"url\":\"https:\/\/dosingpump.shop\/de\/\",\"logo\":{\"@type\":\"ImageObject\",\"inLanguage\":\"ro-RO\",\"@id\":\"https:\/\/dosingpump.shop\/de\/#\/schema\/logo\/image\/\",\"url\":\"https:\/\/dosingpump.shop\/wp-content\/uploads\/2024\/10\/Dosing-Pump-Shop-logo.png\",\"contentUrl\":\"https:\/\/dosingpump.shop\/wp-content\/uploads\/2024\/10\/Dosing-Pump-Shop-logo.png\",\"width\":350,\"height\":45,\"caption\":\"Dosing Pump Shop B.V.\"},\"image\":{\"@id\":\"https:\/\/dosingpump.shop\/de\/#\/schema\/logo\/image\/\"},\"sameAs\":[\"https:\/\/linkedin.com\/company\/dosing-pump-shop\"]}]}<\/script>\n<meta property=\"product:price:amount\" content=\"1296.00\" \/>\n<meta property=\"product:price:currency\" content=\"EUR\" \/>\n<meta property=\"og:availability\" content=\"instock\" \/>\n<meta property=\"product:availability\" content=\"instock\" \/>\n<meta property=\"product:retailer_item_id\" content=\"HTM15-PP\" \/>\n<meta property=\"product:condition\" content=\"new\" \/>\n<!-- \/ Yoast SEO plugin. -->","yoast_head_json":{"title":"Pomp\u0103 centrifug\u0103 HTM15 | Dosing Pump Shop Gemmecoti-PP","description":"Pomparea substan\u021belor chimice poate fi realizat\u0103 cu aceast\u0103 pomp\u0103 centrifug\u0103 pentru substan\u021be chimice. Ac\u021bionarea magnetic\u0103 este etan\u0219\u0103 \u0219i foarte rezistent\u0103. Diferite versiuni disponibile.","robots":{"index":"index","follow":"follow","max-snippet":"max-snippet:-1","max-image-preview":"max-image-preview:large","max-video-preview":"max-video-preview:-1"},"canonical":"https:\/\/dosingpump.shop\/ro\/produs-2\/pompa-centrifuga-pentru-produse-chimice-htm15-pp\/","og_locale":"ro_RO","og_type":"article","og_title":"Centrifugaalpomp HTM15 | Dosing Pump Shop B.V. Gemmecoti-PP","og_description":"Chemicali\u00ebn verpompen kan met deze centrifugaalpomp voor chemicali\u00ebn. De magneetaandrijving is lekvrij en zeer resistent. Diverse uitvoeringen leverbaar.","og_url":"https:\/\/dosingpump.shop\/ro\/produs-2\/pompa-centrifuga-pentru-produse-chimice-htm15-pp\/","og_site_name":"Dosing Pump Shop B.V.","article_modified_time":"2026-03-23T11:03:02+00:00","og_image":[{"width":600,"height":600,"url":"https:\/\/dosingpump.shop\/wp-content\/uploads\/2024\/12\/GemmeCotti-HTM-15-PP.png","type":"image\/png"}],"twitter_card":"summary_large_image","twitter_misc":{"Pre\u021b":"&euro;1.296,00","Disponibilitate":"\u00cen stoc"},"schema":{"@context":"https:\/\/schema.org","@graph":[{"@type":"WebPage","@id":"https:\/\/dosingpump.shop\/product\/centrifugaalpomp-voor-chemicalien-htm15-pp\/","url":"https:\/\/dosingpump.shop\/product\/centrifugaalpomp-voor-chemicalien-htm15-pp\/","name":"Pomp\u0103 centrifug\u0103 HTM15 | Dosing Pump Shop Gemmecoti-PP","isPartOf":{"@id":"https:\/\/dosingpump.shop\/de\/#website"},"primaryImageOfPage":{"@id":"https:\/\/dosingpump.shop\/product\/centrifugaalpomp-voor-chemicalien-htm15-pp\/#primaryimage"},"image":{"@id":"https:\/\/dosingpump.shop\/product\/centrifugaalpomp-voor-chemicalien-htm15-pp\/#primaryimage"},"thumbnailUrl":"https:\/\/dosingpump.shop\/wp-content\/uploads\/2024\/12\/GemmeCotti-HTM-15-PP.png","datePublished":"2024-12-05T12:22:18+00:00","dateModified":"2026-03-23T11:03:02+00:00","description":"Pomparea substan\u021belor chimice poate fi realizat\u0103 cu aceast\u0103 pomp\u0103 centrifug\u0103 pentru substan\u021be chimice. Ac\u021bionarea magnetic\u0103 este etan\u0219\u0103 \u0219i foarte rezistent\u0103. Diferite versiuni disponibile.","breadcrumb":{"@id":"https:\/\/dosingpump.shop\/product\/centrifugaalpomp-voor-chemicalien-htm15-pp\/#breadcrumb"},"inLanguage":"ro-RO","potentialAction":[{"@type":"ReadAction","target":["https:\/\/dosingpump.shop\/product\/centrifugaalpomp-voor-chemicalien-htm15-pp\/"]}]},{"@type":"ImageObject","inLanguage":"ro-RO","@id":"https:\/\/dosingpump.shop\/product\/centrifugaalpomp-voor-chemicalien-htm15-pp\/#primaryimage","url":"https:\/\/dosingpump.shop\/wp-content\/uploads\/2024\/12\/GemmeCotti-HTM-15-PP.png","contentUrl":"https:\/\/dosingpump.shop\/wp-content\/uploads\/2024\/12\/GemmeCotti-HTM-15-PP.png","width":600,"height":600},{"@type":"BreadcrumbList","@id":"https:\/\/dosingpump.shop\/product\/centrifugaalpomp-voor-chemicalien-htm15-pp\/#breadcrumb","itemListElement":[{"@type":"ListItem","position":1,"name":"Home","item":"https:\/\/dosingpump.shop\/"},{"@type":"ListItem","position":2,"name":"Shop","item":"https:\/\/dosingpump.shop\/de\/shop\/"},{"@type":"ListItem","position":3,"name":"Centrifugaalpomp voor chemicali\u00ebn HTM15-PP"}]},{"@type":"WebSite","@id":"https:\/\/dosingpump.shop\/de\/#website","url":"https:\/\/dosingpump.shop\/de\/","name":"Dosing Pump Shop B.V.","description":"","publisher":{"@id":"https:\/\/dosingpump.shop\/de\/#organization"},"potentialAction":[{"@type":"SearchAction","target":{"@type":"EntryPoint","urlTemplate":"https:\/\/dosingpump.shop\/de\/?s={search_term_string}"},"query-input":{"@type":"PropertyValueSpecification","valueRequired":true,"valueName":"search_term_string"}}],"inLanguage":"ro-RO"},{"@type":"Organization","@id":"https:\/\/dosingpump.shop\/de\/#organization","name":"Dosing Pump Shop B.V.","url":"https:\/\/dosingpump.shop\/de\/","logo":{"@type":"ImageObject","inLanguage":"ro-RO","@id":"https:\/\/dosingpump.shop\/de\/#\/schema\/logo\/image\/","url":"https:\/\/dosingpump.shop\/wp-content\/uploads\/2024\/10\/Dosing-Pump-Shop-logo.png","contentUrl":"https:\/\/dosingpump.shop\/wp-content\/uploads\/2024\/10\/Dosing-Pump-Shop-logo.png","width":350,"height":45,"caption":"Dosing Pump Shop B.V."},"image":{"@id":"https:\/\/dosingpump.shop\/de\/#\/schema\/logo\/image\/"},"sameAs":["https:\/\/linkedin.com\/company\/dosing-pump-shop"]}]},"product_price_amount":"1296.00","product_price_currency":"EUR","og_availability":"instock","product_availability":"instock","product_retailer_item_id":"HTM15-PP","product_condition":"new"},"_links":{"self":[{"href":"https:\/\/dosingpump.shop\/ro\/wp-json\/wp\/v2\/product\/4248","targetHints":{"allow":["GET"]}}],"collection":[{"href":"https:\/\/dosingpump.shop\/ro\/wp-json\/wp\/v2\/product"}],"about":[{"href":"https:\/\/dosingpump.shop\/ro\/wp-json\/wp\/v2\/types\/product"}],"wp:featuredmedia":[{"embeddable":true,"href":"https:\/\/dosingpump.shop\/ro\/wp-json\/wp\/v2\/media\/8775"}],"wp:attachment":[{"href":"https:\/\/dosingpump.shop\/ro\/wp-json\/wp\/v2\/media?parent=4248"}],"wp:term":[{"taxonomy":"product_brand","embeddable":true,"href":"https:\/\/dosingpump.shop\/ro\/wp-json\/wp\/v2\/product_brand?post=4248"},{"taxonomy":"product_cat","embeddable":true,"href":"https:\/\/dosingpump.shop\/ro\/wp-json\/wp\/v2\/product_cat?post=4248"},{"taxonomy":"product_tag","embeddable":true,"href":"https:\/\/dosingpump.shop\/ro\/wp-json\/wp\/v2\/product_tag?post=4248"}],"curies":[{"name":"wp","href":"https:\/\/api.w.org\/{rel}","templated":true}]}}