{"id":4322,"date":"2024-12-05T12:22:37","date_gmt":"2024-12-05T12:22:37","guid":{"rendered":"https:\/\/dosingpump.shop\/?post_type=product&#038;p=4322"},"modified":"2026-02-27T14:49:26","modified_gmt":"2026-02-27T12:49:26","slug":"sefls-d-senzor-de-debit-8x12-ep-1mtr-bnc","status":"publish","type":"product","link":"https:\/\/dosingpump.shop\/ro\/product\/sefls-d-flow-sensor-8x12-ep-1mtr-bnc\/","title":{"rendered":"SEFLS\/D SENZOR DE DEBIT 8X12 EP 1MTR BNC"},"content":{"rendered":"<p>Senzorul de debit Emec SEFL este un dispozitiv de monitorizare fizic\u0103 pentru dozarea unei pompe dozatoare. Acesta arat\u0103 dac\u0103 pompa de dozare dozeaz\u0103 sau nu. Acest lucru este perfect pentru aplica\u021bii industriale, piscine sau horticultur\u0103, de exemplu. \u00cen acest fel, sunte\u021bi \u00eentotdeauna sigur de dozarea corect\u0103 \u0219i problemele pot fi prevenite. SEFL este conectat la partea de refulare a pompei de dozare. Atunci c\u00e2nd pompa nu dozeaz\u0103, contactul va emite un semnal. LED-ul va deveni atunci \u0219i ro\u0219u. Sensibilitatea senzorului este reglabil\u0103. Acest senzor de debit este disponibil cu sau f\u0103r\u0103 suport. Cu suportul, SEFL poate fi montat pe perete. De asemenea, este disponibil un suport special pentru montarea pe o pomp\u0103 de dozare. Caracteristici Senzor de debit SEFL: Carcas\u0103 PVDF sau PP sau PMMA Contact N.C. Sensibilitate reglabil\u0103 FKM B sau EPDM O-ringVersiune LPV disponibil\u0103 pentru aplica\u021bii cu lichide cu o v\u00e2scozitate de p\u00e2n\u0103 la 8000 cPs Max 45\u00b0C \/ 25 bar Echipat cu LED de activitate Date electrice SEFL: Curent maxim = 0,010 A Tensiune maxim\u0103 = 24 VAC-DC Sarcin\u0103 rezistiv\u0103 La cerere Suport PMMA pentru montare KMS MF sau AMS MFDebit maxim 150 l\/h - Minim: 1 l\/h Conector BNC sau conexiune cu 2 fire disponibile.<\/p>","protected":false},"excerpt":{"rendered":"<p><strong>Cerere:<\/strong> Monitorizarea pompelor de dozare \u00een industrie, piscine, horticultur\u0103.<\/p>\n<p><strong>Func\u021bionare:<\/strong> Semnal \u0219i LED ro\u0219u atunci c\u00e2nd nu se dozeaz\u0103.<\/p>\n<p><strong>Sensibilitate:<\/strong> Reglabil.<\/p>\n<p><strong>Max. Specifica\u021bii:<\/strong> 45\u00b0C \/ 25 bar.<\/p>","protected":false},"featured_media":5071,"template":"","meta":[],"product_brand":[],"product_cat":[34,36],"product_tag":[],"class_list":{"0":"post-4322","1":"product","2":"type-product","3":"status-publish","4":"has-post-thumbnail","6":"product_cat-accessoires","7":"product_cat-flow-sensor","9":"first","10":"instock","11":"taxable","12":"shipping-taxable","13":"purchasable","14":"product-type-simple"},"yoast_head":"<!-- This site is optimized with the Yoast SEO plugin v27.2 - https:\/\/yoast.com\/product\/yoast-seo-wordpress\/ -->\n<title>SEFLS\/D FLOW SENSOR 8X12 EP 1MTR BNC | Dosing Pump Shop B.V.<\/title>\n<meta name=\"robots\" content=\"index, follow, max-snippet:-1, max-image-preview:large, max-video-preview:-1\" \/>\n<link rel=\"canonical\" href=\"https:\/\/dosingpump.shop\/ro\/produs-2\/sefls-d-senzor-de-debit-8x12-ep-1mtr-bnc\/\" \/>\n<meta property=\"og:locale\" content=\"ro_RO\" \/>\n<meta property=\"og:type\" content=\"article\" \/>\n<meta property=\"og:title\" content=\"SEFLS\/D FLOW SENSOR 8X12 EP 1MTR BNC | Dosing Pump Shop B.V.\" \/>\n<meta property=\"og:description\" content=\"Toepassing: Bewaking doseerpompen in industrie, zwembaden, tuinbouw.  Werking: Signaal en rode LED bij niet-doseren.  Gevoeligheid: Instelbaar.  Max. Specificaties: 45\u00b0C \/ 25 bar.\" \/>\n<meta property=\"og:url\" content=\"https:\/\/dosingpump.shop\/ro\/produs-2\/sefls-d-senzor-de-debit-8x12-ep-1mtr-bnc\/\" \/>\n<meta property=\"og:site_name\" content=\"Dosing Pump Shop B.V.\" \/>\n<meta property=\"article:modified_time\" content=\"2026-02-27T12:49:26+00:00\" \/>\n<meta property=\"og:image\" content=\"https:\/\/dosingpump.shop\/wp-content\/uploads\/2024\/12\/SEFLSD-FLOW-SENSOR-8X12.webp\" \/>\n\t<meta property=\"og:image:width\" content=\"600\" \/>\n\t<meta property=\"og:image:height\" content=\"600\" \/>\n\t<meta property=\"og:image:type\" content=\"image\/webp\" \/>\n<meta name=\"twitter:card\" content=\"summary_large_image\" \/>\n<meta name=\"twitter:label1\" content=\"Pre\u021b\" \/>\n\t<meta name=\"twitter:data1\" content=\"&euro;167,00\" \/>\n\t<meta name=\"twitter:label2\" content=\"Disponibilitate\" \/>\n\t<meta name=\"twitter:data2\" content=\"\u00cen stoc\" \/>\n<script type=\"application\/ld+json\" class=\"yoast-schema-graph\">{\"@context\":\"https:\/\/schema.org\",\"@graph\":[{\"@type\":\"WebPage\",\"@id\":\"https:\/\/dosingpump.shop\/fi\/tuote\/sefls-d-virtausanturi-8x12-ep-1mtr-bnc-bnc\/\",\"url\":\"https:\/\/dosingpump.shop\/fi\/tuote\/sefls-d-virtausanturi-8x12-ep-1mtr-bnc-bnc\/\",\"name\":\"SEFLS\/D FLOW SENSOR 8X12 EP 1MTR BNC | Dosing Pump Shop B.V.\",\"isPartOf\":{\"@id\":\"https:\/\/dosingpump.shop\/de\/#website\"},\"primaryImageOfPage\":{\"@id\":\"https:\/\/dosingpump.shop\/fi\/tuote\/sefls-d-virtausanturi-8x12-ep-1mtr-bnc-bnc\/#primaryimage\"},\"image\":{\"@id\":\"https:\/\/dosingpump.shop\/fi\/tuote\/sefls-d-virtausanturi-8x12-ep-1mtr-bnc-bnc\/#primaryimage\"},\"thumbnailUrl\":\"https:\/\/dosingpump.shop\/wp-content\/uploads\/2024\/12\/SEFLSD-FLOW-SENSOR-8X12.webp\",\"datePublished\":\"2024-12-05T12:22:37+00:00\",\"dateModified\":\"2026-02-27T12:49:26+00:00\",\"breadcrumb\":{\"@id\":\"https:\/\/dosingpump.shop\/fi\/tuote\/sefls-d-virtausanturi-8x12-ep-1mtr-bnc-bnc\/#breadcrumb\"},\"inLanguage\":\"ro-RO\",\"potentialAction\":[{\"@type\":\"ReadAction\",\"target\":[\"https:\/\/dosingpump.shop\/fi\/tuote\/sefls-d-virtausanturi-8x12-ep-1mtr-bnc-bnc\/\"]}]},{\"@type\":\"ImageObject\",\"inLanguage\":\"ro-RO\",\"@id\":\"https:\/\/dosingpump.shop\/fi\/tuote\/sefls-d-virtausanturi-8x12-ep-1mtr-bnc-bnc\/#primaryimage\",\"url\":\"https:\/\/dosingpump.shop\/wp-content\/uploads\/2024\/12\/SEFLSD-FLOW-SENSOR-8X12.webp\",\"contentUrl\":\"https:\/\/dosingpump.shop\/wp-content\/uploads\/2024\/12\/SEFLSD-FLOW-SENSOR-8X12.webp\",\"width\":600,\"height\":600},{\"@type\":\"BreadcrumbList\",\"@id\":\"https:\/\/dosingpump.shop\/fi\/tuote\/sefls-d-virtausanturi-8x12-ep-1mtr-bnc-bnc\/#breadcrumb\",\"itemListElement\":[{\"@type\":\"ListItem\",\"position\":1,\"name\":\"Home\",\"item\":\"https:\/\/dosingpump.shop\/\"},{\"@type\":\"ListItem\",\"position\":2,\"name\":\"Shop\",\"item\":\"https:\/\/dosingpump.shop\/de\/shop\/\"},{\"@type\":\"ListItem\",\"position\":3,\"name\":\"SEFLS\/D FLOW SENSOR 8X12 EP 1MTR BNC\"}]},{\"@type\":\"WebSite\",\"@id\":\"https:\/\/dosingpump.shop\/de\/#website\",\"url\":\"https:\/\/dosingpump.shop\/de\/\",\"name\":\"Dosing Pump Shop B.V.\",\"description\":\"\",\"publisher\":{\"@id\":\"https:\/\/dosingpump.shop\/de\/#organization\"},\"potentialAction\":[{\"@type\":\"SearchAction\",\"target\":{\"@type\":\"EntryPoint\",\"urlTemplate\":\"https:\/\/dosingpump.shop\/de\/?s={search_term_string}\"},\"query-input\":{\"@type\":\"PropertyValueSpecification\",\"valueRequired\":true,\"valueName\":\"search_term_string\"}}],\"inLanguage\":\"ro-RO\"},{\"@type\":\"Organization\",\"@id\":\"https:\/\/dosingpump.shop\/de\/#organization\",\"name\":\"Dosing Pump Shop B.V.\",\"url\":\"https:\/\/dosingpump.shop\/de\/\",\"logo\":{\"@type\":\"ImageObject\",\"inLanguage\":\"ro-RO\",\"@id\":\"https:\/\/dosingpump.shop\/de\/#\/schema\/logo\/image\/\",\"url\":\"https:\/\/dosingpump.shop\/wp-content\/uploads\/2024\/10\/Dosing-Pump-Shop-logo.png\",\"contentUrl\":\"https:\/\/dosingpump.shop\/wp-content\/uploads\/2024\/10\/Dosing-Pump-Shop-logo.png\",\"width\":350,\"height\":45,\"caption\":\"Dosing Pump Shop B.V.\"},\"image\":{\"@id\":\"https:\/\/dosingpump.shop\/de\/#\/schema\/logo\/image\/\"},\"sameAs\":[\"https:\/\/linkedin.com\/company\/dosing-pump-shop\"]}]}<\/script>\n<meta property=\"product:price:amount\" content=\"167.00\" \/>\n<meta property=\"product:price:currency\" content=\"EUR\" \/>\n<meta property=\"og:availability\" content=\"instock\" \/>\n<meta property=\"product:availability\" content=\"instock\" \/>\n<meta property=\"product:retailer_item_id\" content=\"SEFLS D050011SX000\" \/>\n<meta property=\"product:condition\" content=\"new\" \/>\n<!-- \/ Yoast SEO plugin. -->","yoast_head_json":{"title":"SEFLS\/D SENZOR DE DEBIT 8X12 EP 1MTR BNC | Dosing Pump Shop B.V.","robots":{"index":"index","follow":"follow","max-snippet":"max-snippet:-1","max-image-preview":"max-image-preview:large","max-video-preview":"max-video-preview:-1"},"canonical":"https:\/\/dosingpump.shop\/ro\/produs-2\/sefls-d-senzor-de-debit-8x12-ep-1mtr-bnc\/","og_locale":"ro_RO","og_type":"article","og_title":"SEFLS\/D FLOW SENSOR 8X12 EP 1MTR BNC | Dosing Pump Shop B.V.","og_description":"Toepassing: Bewaking doseerpompen in industrie, zwembaden, tuinbouw.  Werking: Signaal en rode LED bij niet-doseren.  Gevoeligheid: Instelbaar.  Max. Specificaties: 45\u00b0C \/ 25 bar.","og_url":"https:\/\/dosingpump.shop\/ro\/produs-2\/sefls-d-senzor-de-debit-8x12-ep-1mtr-bnc\/","og_site_name":"Dosing Pump Shop B.V.","article_modified_time":"2026-02-27T12:49:26+00:00","og_image":[{"width":600,"height":600,"url":"https:\/\/dosingpump.shop\/wp-content\/uploads\/2024\/12\/SEFLSD-FLOW-SENSOR-8X12.webp","type":"image\/webp"}],"twitter_card":"summary_large_image","twitter_misc":{"Pre\u021b":"&euro;167,00","Disponibilitate":"\u00cen stoc"},"schema":{"@context":"https:\/\/schema.org","@graph":[{"@type":"WebPage","@id":"https:\/\/dosingpump.shop\/fi\/tuote\/sefls-d-virtausanturi-8x12-ep-1mtr-bnc-bnc\/","url":"https:\/\/dosingpump.shop\/fi\/tuote\/sefls-d-virtausanturi-8x12-ep-1mtr-bnc-bnc\/","name":"SEFLS\/D SENZOR DE DEBIT 8X12 EP 1MTR BNC | Dosing Pump Shop B.V.","isPartOf":{"@id":"https:\/\/dosingpump.shop\/de\/#website"},"primaryImageOfPage":{"@id":"https:\/\/dosingpump.shop\/fi\/tuote\/sefls-d-virtausanturi-8x12-ep-1mtr-bnc-bnc\/#primaryimage"},"image":{"@id":"https:\/\/dosingpump.shop\/fi\/tuote\/sefls-d-virtausanturi-8x12-ep-1mtr-bnc-bnc\/#primaryimage"},"thumbnailUrl":"https:\/\/dosingpump.shop\/wp-content\/uploads\/2024\/12\/SEFLSD-FLOW-SENSOR-8X12.webp","datePublished":"2024-12-05T12:22:37+00:00","dateModified":"2026-02-27T12:49:26+00:00","breadcrumb":{"@id":"https:\/\/dosingpump.shop\/fi\/tuote\/sefls-d-virtausanturi-8x12-ep-1mtr-bnc-bnc\/#breadcrumb"},"inLanguage":"ro-RO","potentialAction":[{"@type":"ReadAction","target":["https:\/\/dosingpump.shop\/fi\/tuote\/sefls-d-virtausanturi-8x12-ep-1mtr-bnc-bnc\/"]}]},{"@type":"ImageObject","inLanguage":"ro-RO","@id":"https:\/\/dosingpump.shop\/fi\/tuote\/sefls-d-virtausanturi-8x12-ep-1mtr-bnc-bnc\/#primaryimage","url":"https:\/\/dosingpump.shop\/wp-content\/uploads\/2024\/12\/SEFLSD-FLOW-SENSOR-8X12.webp","contentUrl":"https:\/\/dosingpump.shop\/wp-content\/uploads\/2024\/12\/SEFLSD-FLOW-SENSOR-8X12.webp","width":600,"height":600},{"@type":"BreadcrumbList","@id":"https:\/\/dosingpump.shop\/fi\/tuote\/sefls-d-virtausanturi-8x12-ep-1mtr-bnc-bnc\/#breadcrumb","itemListElement":[{"@type":"ListItem","position":1,"name":"Home","item":"https:\/\/dosingpump.shop\/"},{"@type":"ListItem","position":2,"name":"Shop","item":"https:\/\/dosingpump.shop\/de\/shop\/"},{"@type":"ListItem","position":3,"name":"SEFLS\/D FLOW SENSOR 8X12 EP 1MTR BNC"}]},{"@type":"WebSite","@id":"https:\/\/dosingpump.shop\/de\/#website","url":"https:\/\/dosingpump.shop\/de\/","name":"Dosing Pump Shop B.V.","description":"","publisher":{"@id":"https:\/\/dosingpump.shop\/de\/#organization"},"potentialAction":[{"@type":"SearchAction","target":{"@type":"EntryPoint","urlTemplate":"https:\/\/dosingpump.shop\/de\/?s={search_term_string}"},"query-input":{"@type":"PropertyValueSpecification","valueRequired":true,"valueName":"search_term_string"}}],"inLanguage":"ro-RO"},{"@type":"Organization","@id":"https:\/\/dosingpump.shop\/de\/#organization","name":"Dosing Pump Shop B.V.","url":"https:\/\/dosingpump.shop\/de\/","logo":{"@type":"ImageObject","inLanguage":"ro-RO","@id":"https:\/\/dosingpump.shop\/de\/#\/schema\/logo\/image\/","url":"https:\/\/dosingpump.shop\/wp-content\/uploads\/2024\/10\/Dosing-Pump-Shop-logo.png","contentUrl":"https:\/\/dosingpump.shop\/wp-content\/uploads\/2024\/10\/Dosing-Pump-Shop-logo.png","width":350,"height":45,"caption":"Dosing Pump Shop B.V."},"image":{"@id":"https:\/\/dosingpump.shop\/de\/#\/schema\/logo\/image\/"},"sameAs":["https:\/\/linkedin.com\/company\/dosing-pump-shop"]}]},"product_price_amount":"167.00","product_price_currency":"EUR","og_availability":"instock","product_availability":"instock","product_retailer_item_id":"SEFLS D050011SX000","product_condition":"new"},"_links":{"self":[{"href":"https:\/\/dosingpump.shop\/ro\/wp-json\/wp\/v2\/product\/4322","targetHints":{"allow":["GET"]}}],"collection":[{"href":"https:\/\/dosingpump.shop\/ro\/wp-json\/wp\/v2\/product"}],"about":[{"href":"https:\/\/dosingpump.shop\/ro\/wp-json\/wp\/v2\/types\/product"}],"wp:featuredmedia":[{"embeddable":true,"href":"https:\/\/dosingpump.shop\/ro\/wp-json\/wp\/v2\/media\/5071"}],"wp:attachment":[{"href":"https:\/\/dosingpump.shop\/ro\/wp-json\/wp\/v2\/media?parent=4322"}],"wp:term":[{"taxonomy":"product_brand","embeddable":true,"href":"https:\/\/dosingpump.shop\/ro\/wp-json\/wp\/v2\/product_brand?post=4322"},{"taxonomy":"product_cat","embeddable":true,"href":"https:\/\/dosingpump.shop\/ro\/wp-json\/wp\/v2\/product_cat?post=4322"},{"taxonomy":"product_tag","embeddable":true,"href":"https:\/\/dosingpump.shop\/ro\/wp-json\/wp\/v2\/product_tag?post=4322"}],"curies":[{"name":"wp","href":"https:\/\/api.w.org\/{rel}","templated":true}]}}