{"id":4416,"date":"2024-12-05T12:22:54","date_gmt":"2024-12-05T12:22:54","guid":{"rendered":"https:\/\/dosingpump.shop\/?post_type=product&#038;p=4416"},"modified":"2026-02-27T14:49:30","modified_gmt":"2026-02-27T12:49:30","slug":"sistem-de-dozare-a-clorului-110l","status":"publish","type":"product","link":"https:\/\/dosingpump.shop\/ro\/product\/doseersysteem-voor-chloor-110l\/","title":{"rendered":"Sistem de dozare pentru clor 110L"},"content":{"rendered":"<h2>Sistem de dozare pentru clor - 110 litri<\/h2>\n<p>Cu acest sistem de dozare a clorului, ave\u021bi tot ce v\u0103 trebuie pentru a doza clor \u00een siguran\u021b\u0103 \u0219i eficient. Desigur, ne-am g\u00e2ndit la rezisten\u021ba chimic\u0103, astfel \u00eenc\u00e2t diferitele componente s\u0103 dureze foarte mult timp.<\/p>\n<p>Capacitatea standard a rezervorului de clor este de 110 litri. Rezervorul este prev\u0103zut cu o lance de aspira\u021bie, care este conectat\u0103 la pompa de dozare. Lancea de aspira\u021bie are un contact de nivel care opre\u0219te pompa atunci c\u00e2nd rezervorul este gol. Acest lucru este util deoarece previne p\u0103trunderea aerului \u00een conducte.<\/p>\n<p>Pompa de dozare poate fi montat\u0103 pe rezervor.<\/p>\n<p>Componentele pentru acest sistem sunt furnizate \u00een vrac. Asamblarea este u\u0219oar\u0103 \u0219i, desigur, v\u0103 putem sprijini \u00een acest sens.<\/p>\n<h2>Sistem de dozare a con\u021binutului pentru clor:<\/h2>\n<ul>\n<li>Rezervor de clor de 110 litri<\/li>\n<li>Pomp\u0103 de dozare Kcl plus 08-08 (8 litri\/or\u0103 - 8 bar) cu lungime \u0219i frecven\u021b\u0103 a cursei reglabile<\/li>\n<li>Lance de aspira\u021bie cu control al nivelului<\/li>\n<li>Supap\u0103 de injec\u021bie \u0219i furtun de dozare<\/li>\n<\/ul>\n<p>Pentru aceasta este disponibil un sistem op\u021bional de dozare a clorului:<\/p>\n<ul>\n<li>Rezervor de clor de 50, 100, 200, 500 sau 1000 litri<\/li>\n<li>Pomp\u0103 de clor de p\u00e2n\u0103 la 80 l\/h (pentru instalarea direct\u0103 \u00een rezervor)<\/li>\n<li>Pomp\u0103 de clor de p\u00e2n\u0103 la 1000 l\/h (pentru instalare pe un perete deasupra rezervorului)<\/li>\n<li>Control 4-20 mA<\/li>\n<li>Pomp\u0103 de umplere rezervor<\/li>\n<li>Agitator (manual sau automat)<\/li>\n<li>Tav\u0103 de scurgere adecvat\u0103<\/li>\n<li>Livrare complet asamblat<\/li>\n<\/ul>","protected":false},"excerpt":{"rendered":"<p>Sistem complet de dozare a clorului cu rezervor, lance de aspira\u021bie \u0219i pomp\u0103 de dozare. Capacitate 110 litri<\/p>","protected":false},"featured_media":4431,"template":"","meta":[],"product_brand":[],"product_cat":[90],"product_tag":[],"class_list":{"0":"post-4416","1":"product","2":"type-product","3":"status-publish","4":"has-post-thumbnail","6":"product_cat-doseersysteem-chloor","8":"first","9":"instock","10":"taxable","11":"shipping-taxable","12":"purchasable","13":"product-type-simple"},"yoast_head":"<!-- This site is optimized with the Yoast SEO plugin v27.2 - https:\/\/yoast.com\/product\/yoast-seo-wordpress\/ -->\n<title>Doseersysteem voor chloor 110L | Dosing Pump Shop B.V.<\/title>\n<meta name=\"description\" content=\"Compleet Doseersysteem voor chloor 110L met aanzuiglans en doseerpomp. Veilig en effici\u00ebnt chloor doseren in diverse toepassingen. Eenvoudige montage.\" \/>\n<meta name=\"robots\" content=\"index, follow, max-snippet:-1, max-image-preview:large, max-video-preview:-1\" \/>\n<link rel=\"canonical\" href=\"https:\/\/dosingpump.shop\/ro\/produs-2\/sistem-de-dozare-a-clorului-110l\/\" \/>\n<meta property=\"og:locale\" content=\"ro_RO\" \/>\n<meta property=\"og:type\" content=\"article\" \/>\n<meta property=\"og:title\" content=\"Doseersysteem voor chloor 110L | Dosing Pump Shop B.V.\" \/>\n<meta property=\"og:description\" content=\"Compleet Doseersysteem voor chloor 110L met aanzuiglans en doseerpomp. Veilig en effici\u00ebnt chloor doseren in diverse toepassingen. Eenvoudige montage.\" \/>\n<meta property=\"og:url\" content=\"https:\/\/dosingpump.shop\/ro\/produs-2\/sistem-de-dozare-a-clorului-110l\/\" \/>\n<meta property=\"og:site_name\" content=\"Dosing Pump Shop B.V.\" \/>\n<meta property=\"article:modified_time\" content=\"2026-02-27T12:49:30+00:00\" \/>\n<meta property=\"og:image\" content=\"https:\/\/dosingpump.shop\/wp-content\/uploads\/2024\/12\/chloor-doseerinstallatie-2.webp\" \/>\n\t<meta property=\"og:image:width\" content=\"500\" \/>\n\t<meta property=\"og:image:height\" content=\"500\" \/>\n\t<meta property=\"og:image:type\" content=\"image\/webp\" \/>\n<meta name=\"twitter:card\" content=\"summary_large_image\" \/>\n<meta name=\"twitter:label1\" content=\"Pre\u021b\" \/>\n\t<meta name=\"twitter:data1\" content=\"&euro;773,00\" \/>\n\t<meta name=\"twitter:label2\" content=\"Disponibilitate\" \/>\n\t<meta name=\"twitter:data2\" content=\"\u00cen stoc\" \/>\n<script type=\"application\/ld+json\" class=\"yoast-schema-graph\">{\"@context\":\"https:\/\/schema.org\",\"@graph\":[{\"@type\":\"WebPage\",\"@id\":\"https:\/\/dosingpump.shop\/es\/producto\/sistema-de-dosificacion-de-cloro-110l\/\",\"url\":\"https:\/\/dosingpump.shop\/es\/producto\/sistema-de-dosificacion-de-cloro-110l\/\",\"name\":\"Doseersysteem voor chloor 110L | Dosing Pump Shop B.V.\",\"isPartOf\":{\"@id\":\"https:\/\/dosingpump.shop\/de\/#website\"},\"primaryImageOfPage\":{\"@id\":\"https:\/\/dosingpump.shop\/es\/producto\/sistema-de-dosificacion-de-cloro-110l\/#primaryimage\"},\"image\":{\"@id\":\"https:\/\/dosingpump.shop\/es\/producto\/sistema-de-dosificacion-de-cloro-110l\/#primaryimage\"},\"thumbnailUrl\":\"https:\/\/dosingpump.shop\/wp-content\/uploads\/2024\/12\/chloor-doseerinstallatie-2.webp\",\"datePublished\":\"2024-12-05T12:22:54+00:00\",\"dateModified\":\"2026-02-27T12:49:30+00:00\",\"description\":\"Compleet Doseersysteem voor chloor 110L met aanzuiglans en doseerpomp. Veilig en effici\u00ebnt chloor doseren in diverse toepassingen. Eenvoudige montage.\",\"breadcrumb\":{\"@id\":\"https:\/\/dosingpump.shop\/es\/producto\/sistema-de-dosificacion-de-cloro-110l\/#breadcrumb\"},\"inLanguage\":\"ro-RO\",\"potentialAction\":[{\"@type\":\"ReadAction\",\"target\":[\"https:\/\/dosingpump.shop\/es\/producto\/sistema-de-dosificacion-de-cloro-110l\/\"]}]},{\"@type\":\"ImageObject\",\"inLanguage\":\"ro-RO\",\"@id\":\"https:\/\/dosingpump.shop\/es\/producto\/sistema-de-dosificacion-de-cloro-110l\/#primaryimage\",\"url\":\"https:\/\/dosingpump.shop\/wp-content\/uploads\/2024\/12\/chloor-doseerinstallatie-2.webp\",\"contentUrl\":\"https:\/\/dosingpump.shop\/wp-content\/uploads\/2024\/12\/chloor-doseerinstallatie-2.webp\",\"width\":500,\"height\":500},{\"@type\":\"BreadcrumbList\",\"@id\":\"https:\/\/dosingpump.shop\/es\/producto\/sistema-de-dosificacion-de-cloro-110l\/#breadcrumb\",\"itemListElement\":[{\"@type\":\"ListItem\",\"position\":1,\"name\":\"Home\",\"item\":\"https:\/\/dosingpump.shop\/\"},{\"@type\":\"ListItem\",\"position\":2,\"name\":\"Shop\",\"item\":\"https:\/\/dosingpump.shop\/de\/shop\/\"},{\"@type\":\"ListItem\",\"position\":3,\"name\":\"Doseersysteem voor chloor 110L\"}]},{\"@type\":\"WebSite\",\"@id\":\"https:\/\/dosingpump.shop\/de\/#website\",\"url\":\"https:\/\/dosingpump.shop\/de\/\",\"name\":\"Dosing Pump Shop B.V.\",\"description\":\"\",\"publisher\":{\"@id\":\"https:\/\/dosingpump.shop\/de\/#organization\"},\"potentialAction\":[{\"@type\":\"SearchAction\",\"target\":{\"@type\":\"EntryPoint\",\"urlTemplate\":\"https:\/\/dosingpump.shop\/de\/?s={search_term_string}\"},\"query-input\":{\"@type\":\"PropertyValueSpecification\",\"valueRequired\":true,\"valueName\":\"search_term_string\"}}],\"inLanguage\":\"ro-RO\"},{\"@type\":\"Organization\",\"@id\":\"https:\/\/dosingpump.shop\/de\/#organization\",\"name\":\"Dosing Pump Shop B.V.\",\"url\":\"https:\/\/dosingpump.shop\/de\/\",\"logo\":{\"@type\":\"ImageObject\",\"inLanguage\":\"ro-RO\",\"@id\":\"https:\/\/dosingpump.shop\/de\/#\/schema\/logo\/image\/\",\"url\":\"https:\/\/dosingpump.shop\/wp-content\/uploads\/2024\/10\/Dosing-Pump-Shop-logo.png\",\"contentUrl\":\"https:\/\/dosingpump.shop\/wp-content\/uploads\/2024\/10\/Dosing-Pump-Shop-logo.png\",\"width\":350,\"height\":45,\"caption\":\"Dosing Pump Shop B.V.\"},\"image\":{\"@id\":\"https:\/\/dosingpump.shop\/de\/#\/schema\/logo\/image\/\"},\"sameAs\":[\"https:\/\/linkedin.com\/company\/dosing-pump-shop\"]}]}<\/script>\n<meta property=\"product:price:amount\" content=\"773.00\" \/>\n<meta property=\"product:price:currency\" content=\"EUR\" \/>\n<meta property=\"og:availability\" content=\"instock\" \/>\n<meta property=\"product:availability\" content=\"instock\" \/>\n<meta property=\"product:retailer_item_id\" content=\"Dos-set-chloor-compl-110\" \/>\n<meta property=\"product:condition\" content=\"new\" \/>\n<!-- \/ Yoast SEO plugin. -->","yoast_head_json":{"title":"Sistem de dozare pentru clor 110L | Dosing Pump Shop B.V.","description":"Sistem complet de dozare a clorului 110L cu lance de aspira\u021bie \u0219i pomp\u0103 de dozare. Dozare sigur\u0103 \u0219i eficient\u0103 a clorului \u00een diverse aplica\u021bii. Asamblare simpl\u0103.","robots":{"index":"index","follow":"follow","max-snippet":"max-snippet:-1","max-image-preview":"max-image-preview:large","max-video-preview":"max-video-preview:-1"},"canonical":"https:\/\/dosingpump.shop\/ro\/produs-2\/sistem-de-dozare-a-clorului-110l\/","og_locale":"ro_RO","og_type":"article","og_title":"Doseersysteem voor chloor 110L | Dosing Pump Shop B.V.","og_description":"Compleet Doseersysteem voor chloor 110L met aanzuiglans en doseerpomp. Veilig en effici\u00ebnt chloor doseren in diverse toepassingen. Eenvoudige montage.","og_url":"https:\/\/dosingpump.shop\/ro\/produs-2\/sistem-de-dozare-a-clorului-110l\/","og_site_name":"Dosing Pump Shop B.V.","article_modified_time":"2026-02-27T12:49:30+00:00","og_image":[{"width":500,"height":500,"url":"https:\/\/dosingpump.shop\/wp-content\/uploads\/2024\/12\/chloor-doseerinstallatie-2.webp","type":"image\/webp"}],"twitter_card":"summary_large_image","twitter_misc":{"Pre\u021b":"&euro;773,00","Disponibilitate":"\u00cen stoc"},"schema":{"@context":"https:\/\/schema.org","@graph":[{"@type":"WebPage","@id":"https:\/\/dosingpump.shop\/es\/producto\/sistema-de-dosificacion-de-cloro-110l\/","url":"https:\/\/dosingpump.shop\/es\/producto\/sistema-de-dosificacion-de-cloro-110l\/","name":"Sistem de dozare pentru clor 110L | Dosing Pump Shop B.V.","isPartOf":{"@id":"https:\/\/dosingpump.shop\/de\/#website"},"primaryImageOfPage":{"@id":"https:\/\/dosingpump.shop\/es\/producto\/sistema-de-dosificacion-de-cloro-110l\/#primaryimage"},"image":{"@id":"https:\/\/dosingpump.shop\/es\/producto\/sistema-de-dosificacion-de-cloro-110l\/#primaryimage"},"thumbnailUrl":"https:\/\/dosingpump.shop\/wp-content\/uploads\/2024\/12\/chloor-doseerinstallatie-2.webp","datePublished":"2024-12-05T12:22:54+00:00","dateModified":"2026-02-27T12:49:30+00:00","description":"Sistem complet de dozare a clorului 110L cu lance de aspira\u021bie \u0219i pomp\u0103 de dozare. Dozare sigur\u0103 \u0219i eficient\u0103 a clorului \u00een diverse aplica\u021bii. Asamblare simpl\u0103.","breadcrumb":{"@id":"https:\/\/dosingpump.shop\/es\/producto\/sistema-de-dosificacion-de-cloro-110l\/#breadcrumb"},"inLanguage":"ro-RO","potentialAction":[{"@type":"ReadAction","target":["https:\/\/dosingpump.shop\/es\/producto\/sistema-de-dosificacion-de-cloro-110l\/"]}]},{"@type":"ImageObject","inLanguage":"ro-RO","@id":"https:\/\/dosingpump.shop\/es\/producto\/sistema-de-dosificacion-de-cloro-110l\/#primaryimage","url":"https:\/\/dosingpump.shop\/wp-content\/uploads\/2024\/12\/chloor-doseerinstallatie-2.webp","contentUrl":"https:\/\/dosingpump.shop\/wp-content\/uploads\/2024\/12\/chloor-doseerinstallatie-2.webp","width":500,"height":500},{"@type":"BreadcrumbList","@id":"https:\/\/dosingpump.shop\/es\/producto\/sistema-de-dosificacion-de-cloro-110l\/#breadcrumb","itemListElement":[{"@type":"ListItem","position":1,"name":"Home","item":"https:\/\/dosingpump.shop\/"},{"@type":"ListItem","position":2,"name":"Shop","item":"https:\/\/dosingpump.shop\/de\/shop\/"},{"@type":"ListItem","position":3,"name":"Doseersysteem voor chloor 110L"}]},{"@type":"WebSite","@id":"https:\/\/dosingpump.shop\/de\/#website","url":"https:\/\/dosingpump.shop\/de\/","name":"Dosing Pump Shop B.V.","description":"","publisher":{"@id":"https:\/\/dosingpump.shop\/de\/#organization"},"potentialAction":[{"@type":"SearchAction","target":{"@type":"EntryPoint","urlTemplate":"https:\/\/dosingpump.shop\/de\/?s={search_term_string}"},"query-input":{"@type":"PropertyValueSpecification","valueRequired":true,"valueName":"search_term_string"}}],"inLanguage":"ro-RO"},{"@type":"Organization","@id":"https:\/\/dosingpump.shop\/de\/#organization","name":"Dosing Pump Shop B.V.","url":"https:\/\/dosingpump.shop\/de\/","logo":{"@type":"ImageObject","inLanguage":"ro-RO","@id":"https:\/\/dosingpump.shop\/de\/#\/schema\/logo\/image\/","url":"https:\/\/dosingpump.shop\/wp-content\/uploads\/2024\/10\/Dosing-Pump-Shop-logo.png","contentUrl":"https:\/\/dosingpump.shop\/wp-content\/uploads\/2024\/10\/Dosing-Pump-Shop-logo.png","width":350,"height":45,"caption":"Dosing Pump Shop B.V."},"image":{"@id":"https:\/\/dosingpump.shop\/de\/#\/schema\/logo\/image\/"},"sameAs":["https:\/\/linkedin.com\/company\/dosing-pump-shop"]}]},"product_price_amount":"773.00","product_price_currency":"EUR","og_availability":"instock","product_availability":"instock","product_retailer_item_id":"Dos-set-chloor-compl-110","product_condition":"new"},"_links":{"self":[{"href":"https:\/\/dosingpump.shop\/ro\/wp-json\/wp\/v2\/product\/4416","targetHints":{"allow":["GET"]}}],"collection":[{"href":"https:\/\/dosingpump.shop\/ro\/wp-json\/wp\/v2\/product"}],"about":[{"href":"https:\/\/dosingpump.shop\/ro\/wp-json\/wp\/v2\/types\/product"}],"wp:featuredmedia":[{"embeddable":true,"href":"https:\/\/dosingpump.shop\/ro\/wp-json\/wp\/v2\/media\/4431"}],"wp:attachment":[{"href":"https:\/\/dosingpump.shop\/ro\/wp-json\/wp\/v2\/media?parent=4416"}],"wp:term":[{"taxonomy":"product_brand","embeddable":true,"href":"https:\/\/dosingpump.shop\/ro\/wp-json\/wp\/v2\/product_brand?post=4416"},{"taxonomy":"product_cat","embeddable":true,"href":"https:\/\/dosingpump.shop\/ro\/wp-json\/wp\/v2\/product_cat?post=4416"},{"taxonomy":"product_tag","embeddable":true,"href":"https:\/\/dosingpump.shop\/ro\/wp-json\/wp\/v2\/product_tag?post=4416"}],"curies":[{"name":"wp","href":"https:\/\/api.w.org\/{rel}","templated":true}]}}