{"id":4867,"date":"2024-12-05T12:23:53","date_gmt":"2024-12-05T12:23:53","guid":{"rendered":"https:\/\/dosingpump.shop\/product\/doseerpomp-voor-zilvernitraat-maanbijtende-stof\/"},"modified":"2026-02-27T14:49:50","modified_gmt":"2026-02-27T12:49:50","slug":"pompa-de-dozare-pentru-nitrat-de-argint-caustic-lunar","status":"publish","type":"product","link":"https:\/\/dosingpump.shop\/ro\/product\/doseerpomp-voor-zilvernitraat-maanbijtende-stof\/","title":{"rendered":"Pomp\u0103 de dozare pentru nitrat de argint (caustic lunar)"},"content":{"rendered":"<h2>Pomp\u0103 de dozare pentru nitrat de argint (caustic lunar)<\/h2>\n<p>Aceast\u0103 pomp\u0103 de dozare Emec de \u00eenalt\u0103 calitate este potrivit\u0103 pentru dozarea nitratului de argint (caustic lunar). Am selectat aceast\u0103 pomp\u0103 pentru rezisten\u021ba bun\u0103 a materialelor utilizate pentru acest produs. Acest lucru garanteaz\u0103 o <b>via\u021b\u0103 lung\u0103<\/b> \u0219i un mediu de lucru sigur.<\/p>\n<p>Pompa de dozare KCL plus 08-08 are o <b>volum reglabil al cursei \u0219i frecven\u021b\u0103 reglabil\u0103 a cursei<\/b>. Aceast\u0103 pomp\u0103 chimic\u0103 este astfel <b>reglare foarte precis\u0103<\/b>.<\/p>\n<p>Pompa este livrat\u0103 foarte complet\u0103. Astfel, sunt incluse un filtru de aspira\u021bie \u0219i o supap\u0103 de injec\u021bie.<\/p>\n<p>KCL plus 08-08 poate doza p\u00e2n\u0103 la 8 litri pe or\u0103 la o presiune de 8 bar. Pompa este reglabil\u0103 manual \u0219i poate fi controlat\u0103 op\u021bional prin intermediul tensiunii de alimentare de 230V. Bine\u00een\u021beles, sunt disponibile \u0219i alte modele de pompe de dozare.<\/p>\n<h3>Alte versiuni Pomp\u0103 dozatoare pentru nitrat de argint (caustic lunar)<\/h3>\n<p>Aceast\u0103 pomp\u0103 de dozare este disponibil\u0103 \u00een diferite versiuni. De exemplu, este posibil s\u0103 se furnizeze o versiune MF care poate fi controlat\u0103 prin 4-20 mA, impulsuri sau 0-10V. Nici un debit mai mare nu este o problem\u0103. Este posibil s\u0103 se furnizeze o pomp\u0103 care poate controla p\u00e2n\u0103 la <b>1.000 de litri pe or\u0103<\/b> poate doza. \u00cen ceea ce prive\u0219te presiunea sau tensiunea de alimentare, exist\u0103, de asemenea, mai multe op\u021biuni, desigur.<\/p>\n<h3>Ce materiale recomand\u0103m pentru dozarea nitratului de argint (caustic lunar)?<\/h3>\n<p>La Dosing Pump Shop, avem o gam\u0103 larg\u0103 de piese pentru pompe de dozare din diverse materiale, astfel \u00eenc\u00e2t putem personaliza orice pomp\u0103 de dozare la rezisten\u021ba potrivit\u0103. Pentru dozarea aceetaldehidei, recomand\u0103m urm\u0103toarele piese \u0219i materiale:<\/p>\n<p><b>Cap de pompare<\/b><\/p>\n<ul>\n<li>PVDF<\/li>\n<li>PP<\/li>\n<li>O\u021bel inoxidabil (SS 316)<\/li>\n<li>PMMA<\/li>\n<\/ul>\n<p><b>O-Ring<\/b><\/p>\n<ul>\n<li>FPM (Viton)<\/li>\n<li>EPDM<\/li>\n<\/ul>\n<p><b>Membran\u0103<\/b><\/p>\n<ul>\n<li>PFTE (teflon)<\/li>\n<\/ul>\n<p><b>Furtun de dozare<\/b><\/p>\n<ul>\n<li>PE<\/li>\n<li>PVC<\/li>\n<li>PVDF<\/li>\n<\/ul>\n<p><em>Piesele cu rezisten\u021b\u0103 limitat\u0103 la aceetaldehid\u0103 sunt rezistente, dar re\u021bine\u021bi c\u0103 va trebui s\u0103 \u00eenlocui\u021bi aceast\u0103 pies\u0103 mai regulat.<\/em><\/p>\n<h3>Sunte\u021bi curio\u0219i cu privire la posibilit\u0103\u021bi?<\/h3>\n<p>Cea mai convenabil\u0103 modalitate este s\u0103 ne contacta\u021bi. Putem apoi s\u0103 traducem cerin\u021bele dvs. pentru a g\u0103si pompa de dozare potrivit\u0103 pentru nitratul de argint (caustic lunar)!<\/p>","protected":false},"excerpt":{"rendered":"<p>Pentru dozarea sigur\u0103 \u0219i precis\u0103 a azotatului de argint (coroziv la lun\u0103) (AgNO3).De la aplica\u021bii de dozare precise (10 ml\/or\u0103) la aplica\u021bii mari de p\u00e2n\u0103 la 1.000 de litri pe or\u0103 (\u00een func\u021bie de versiune).<\/p>\n<p>Versiune: K CL PLUS 08-08 sau similar.<br \/>Ave\u021bi nevoie de o alt\u0103 versiune? Solicita\u021bi o ofert\u0103!<\/p>","protected":false},"featured_media":4072,"template":"","meta":[],"product_brand":[],"product_cat":[94],"product_tag":[],"class_list":{"0":"post-4867","1":"product","2":"type-product","3":"status-publish","4":"has-post-thumbnail","6":"product_cat-chemical-compatibility","8":"first","9":"instock","10":"taxable","11":"shipping-taxable","12":"purchasable","13":"product-type-simple"},"yoast_head":"<!-- This site is optimized with the Yoast SEO plugin v27.2 - https:\/\/yoast.com\/product\/yoast-seo-wordpress\/ -->\n<title>Doseerpomp voor Zilvernitraat (maanbijtende stof) | Dosing Pump Shop B.V.<\/title>\n<meta name=\"description\" content=\"Nauwkeurige en betrouwbare Doseerpomp voor Zilvernitraat (maanbijtende stof) voor diverse industri\u00eble toepassingen. Eenvoudige installatie en onderhoud.\" \/>\n<meta name=\"robots\" content=\"index, follow, max-snippet:-1, max-image-preview:large, max-video-preview:-1\" \/>\n<link rel=\"canonical\" href=\"https:\/\/dosingpump.shop\/ro\/produs-2\/pompa-de-dozare-pentru-nitrat-de-argint-caustic-lunar\/\" \/>\n<meta property=\"og:locale\" content=\"ro_RO\" \/>\n<meta property=\"og:type\" content=\"article\" \/>\n<meta property=\"og:title\" content=\"Doseerpomp voor Zilvernitraat (maanbijtende stof) | Dosing Pump Shop B.V.\" \/>\n<meta property=\"og:description\" content=\"Nauwkeurige en betrouwbare Doseerpomp voor Zilvernitraat (maanbijtende stof) voor diverse industri\u00eble toepassingen. Eenvoudige installatie en onderhoud.\" \/>\n<meta property=\"og:url\" content=\"https:\/\/dosingpump.shop\/ro\/produs-2\/pompa-de-dozare-pentru-nitrat-de-argint-caustic-lunar\/\" \/>\n<meta property=\"og:site_name\" content=\"Dosing Pump Shop B.V.\" \/>\n<meta property=\"article:modified_time\" content=\"2026-02-27T12:49:50+00:00\" \/>\n<meta property=\"og:image\" content=\"https:\/\/dosingpump.shop\/wp-content\/uploads\/2024\/12\/EMEC-K-SERIE-ANALOG-dosing-pump.webp\" \/>\n\t<meta property=\"og:image:width\" content=\"498\" \/>\n\t<meta property=\"og:image:height\" content=\"501\" \/>\n\t<meta property=\"og:image:type\" content=\"image\/webp\" \/>\n<meta name=\"twitter:card\" content=\"summary_large_image\" \/>\n<meta name=\"twitter:label1\" content=\"Pre\u021b\" \/>\n\t<meta name=\"twitter:data1\" content=\"&euro;459,00\" \/>\n\t<meta name=\"twitter:label2\" content=\"Disponibilitate\" \/>\n\t<meta name=\"twitter:data2\" content=\"\u00cen stoc\" \/>\n<script type=\"application\/ld+json\" class=\"yoast-schema-graph\">{\"@context\":\"https:\/\/schema.org\",\"@graph\":[{\"@type\":\"WebPage\",\"@id\":\"https:\/\/dosingpump.shop\/pl\/produkt-2\/pompa-dozujaca-do-azotanu-srebra-ksiezycowego-srodka-zracego\/\",\"url\":\"https:\/\/dosingpump.shop\/pl\/produkt-2\/pompa-dozujaca-do-azotanu-srebra-ksiezycowego-srodka-zracego\/\",\"name\":\"Doseerpomp voor Zilvernitraat (maanbijtende stof) | Dosing Pump Shop B.V.\",\"isPartOf\":{\"@id\":\"https:\/\/dosingpump.shop\/de\/#website\"},\"primaryImageOfPage\":{\"@id\":\"https:\/\/dosingpump.shop\/pl\/produkt-2\/pompa-dozujaca-do-azotanu-srebra-ksiezycowego-srodka-zracego\/#primaryimage\"},\"image\":{\"@id\":\"https:\/\/dosingpump.shop\/pl\/produkt-2\/pompa-dozujaca-do-azotanu-srebra-ksiezycowego-srodka-zracego\/#primaryimage\"},\"thumbnailUrl\":\"https:\/\/dosingpump.shop\/wp-content\/uploads\/2024\/12\/EMEC-K-SERIE-ANALOG-dosing-pump.webp\",\"datePublished\":\"2024-12-05T12:23:53+00:00\",\"dateModified\":\"2026-02-27T12:49:50+00:00\",\"description\":\"Nauwkeurige en betrouwbare Doseerpomp voor Zilvernitraat (maanbijtende stof) voor diverse industri\u00eble toepassingen. Eenvoudige installatie en onderhoud.\",\"breadcrumb\":{\"@id\":\"https:\/\/dosingpump.shop\/pl\/produkt-2\/pompa-dozujaca-do-azotanu-srebra-ksiezycowego-srodka-zracego\/#breadcrumb\"},\"inLanguage\":\"ro-RO\",\"potentialAction\":[{\"@type\":\"ReadAction\",\"target\":[\"https:\/\/dosingpump.shop\/pl\/produkt-2\/pompa-dozujaca-do-azotanu-srebra-ksiezycowego-srodka-zracego\/\"]}]},{\"@type\":\"ImageObject\",\"inLanguage\":\"ro-RO\",\"@id\":\"https:\/\/dosingpump.shop\/pl\/produkt-2\/pompa-dozujaca-do-azotanu-srebra-ksiezycowego-srodka-zracego\/#primaryimage\",\"url\":\"https:\/\/dosingpump.shop\/wp-content\/uploads\/2024\/12\/EMEC-K-SERIE-ANALOG-dosing-pump.webp\",\"contentUrl\":\"https:\/\/dosingpump.shop\/wp-content\/uploads\/2024\/12\/EMEC-K-SERIE-ANALOG-dosing-pump.webp\",\"width\":498,\"height\":501},{\"@type\":\"BreadcrumbList\",\"@id\":\"https:\/\/dosingpump.shop\/pl\/produkt-2\/pompa-dozujaca-do-azotanu-srebra-ksiezycowego-srodka-zracego\/#breadcrumb\",\"itemListElement\":[{\"@type\":\"ListItem\",\"position\":1,\"name\":\"Home\",\"item\":\"https:\/\/dosingpump.shop\/\"},{\"@type\":\"ListItem\",\"position\":2,\"name\":\"Shop\",\"item\":\"https:\/\/dosingpump.shop\/de\/shop\/\"},{\"@type\":\"ListItem\",\"position\":3,\"name\":\"Doseerpomp voor Zilvernitraat (maanbijtende stof)\"}]},{\"@type\":\"WebSite\",\"@id\":\"https:\/\/dosingpump.shop\/de\/#website\",\"url\":\"https:\/\/dosingpump.shop\/de\/\",\"name\":\"Dosing Pump Shop B.V.\",\"description\":\"\",\"publisher\":{\"@id\":\"https:\/\/dosingpump.shop\/de\/#organization\"},\"potentialAction\":[{\"@type\":\"SearchAction\",\"target\":{\"@type\":\"EntryPoint\",\"urlTemplate\":\"https:\/\/dosingpump.shop\/de\/?s={search_term_string}\"},\"query-input\":{\"@type\":\"PropertyValueSpecification\",\"valueRequired\":true,\"valueName\":\"search_term_string\"}}],\"inLanguage\":\"ro-RO\"},{\"@type\":\"Organization\",\"@id\":\"https:\/\/dosingpump.shop\/de\/#organization\",\"name\":\"Dosing Pump Shop B.V.\",\"url\":\"https:\/\/dosingpump.shop\/de\/\",\"logo\":{\"@type\":\"ImageObject\",\"inLanguage\":\"ro-RO\",\"@id\":\"https:\/\/dosingpump.shop\/de\/#\/schema\/logo\/image\/\",\"url\":\"https:\/\/dosingpump.shop\/wp-content\/uploads\/2024\/10\/Dosing-Pump-Shop-logo.png\",\"contentUrl\":\"https:\/\/dosingpump.shop\/wp-content\/uploads\/2024\/10\/Dosing-Pump-Shop-logo.png\",\"width\":350,\"height\":45,\"caption\":\"Dosing Pump Shop B.V.\"},\"image\":{\"@id\":\"https:\/\/dosingpump.shop\/de\/#\/schema\/logo\/image\/\"},\"sameAs\":[\"https:\/\/linkedin.com\/company\/dosing-pump-shop\"]}]}<\/script>\n<meta property=\"product:price:amount\" content=\"459.00\" \/>\n<meta property=\"product:price:currency\" content=\"EUR\" \/>\n<meta property=\"og:availability\" content=\"instock\" \/>\n<meta property=\"product:availability\" content=\"instock\" \/>\n<meta property=\"product:retailer_item_id\" content=\"Zilvernitraat (maanbijtende stof)\" \/>\n<meta property=\"product:condition\" content=\"new\" \/>\n<!-- \/ Yoast SEO plugin. -->","yoast_head_json":{"title":"Pomp\u0103 de dozare pentru nitrat de argint (caustic lunar) | Dosing Pump Shop B.V.","description":"Pomp\u0103 de dozare precis\u0103 \u0219i fiabil\u0103 pentru nitrat de argint (coroziv la lun\u0103) pentru diverse aplica\u021bii industriale. Instalare \u0219i \u00eentre\u021binere u\u0219oar\u0103.","robots":{"index":"index","follow":"follow","max-snippet":"max-snippet:-1","max-image-preview":"max-image-preview:large","max-video-preview":"max-video-preview:-1"},"canonical":"https:\/\/dosingpump.shop\/ro\/produs-2\/pompa-de-dozare-pentru-nitrat-de-argint-caustic-lunar\/","og_locale":"ro_RO","og_type":"article","og_title":"Doseerpomp voor Zilvernitraat (maanbijtende stof) | Dosing Pump Shop B.V.","og_description":"Nauwkeurige en betrouwbare Doseerpomp voor Zilvernitraat (maanbijtende stof) voor diverse industri\u00eble toepassingen. Eenvoudige installatie en onderhoud.","og_url":"https:\/\/dosingpump.shop\/ro\/produs-2\/pompa-de-dozare-pentru-nitrat-de-argint-caustic-lunar\/","og_site_name":"Dosing Pump Shop B.V.","article_modified_time":"2026-02-27T12:49:50+00:00","og_image":[{"width":498,"height":501,"url":"https:\/\/dosingpump.shop\/wp-content\/uploads\/2024\/12\/EMEC-K-SERIE-ANALOG-dosing-pump.webp","type":"image\/webp"}],"twitter_card":"summary_large_image","twitter_misc":{"Pre\u021b":"&euro;459,00","Disponibilitate":"\u00cen stoc"},"schema":{"@context":"https:\/\/schema.org","@graph":[{"@type":"WebPage","@id":"https:\/\/dosingpump.shop\/pl\/produkt-2\/pompa-dozujaca-do-azotanu-srebra-ksiezycowego-srodka-zracego\/","url":"https:\/\/dosingpump.shop\/pl\/produkt-2\/pompa-dozujaca-do-azotanu-srebra-ksiezycowego-srodka-zracego\/","name":"Pomp\u0103 de dozare pentru nitrat de argint (caustic lunar) | Dosing Pump Shop B.V.","isPartOf":{"@id":"https:\/\/dosingpump.shop\/de\/#website"},"primaryImageOfPage":{"@id":"https:\/\/dosingpump.shop\/pl\/produkt-2\/pompa-dozujaca-do-azotanu-srebra-ksiezycowego-srodka-zracego\/#primaryimage"},"image":{"@id":"https:\/\/dosingpump.shop\/pl\/produkt-2\/pompa-dozujaca-do-azotanu-srebra-ksiezycowego-srodka-zracego\/#primaryimage"},"thumbnailUrl":"https:\/\/dosingpump.shop\/wp-content\/uploads\/2024\/12\/EMEC-K-SERIE-ANALOG-dosing-pump.webp","datePublished":"2024-12-05T12:23:53+00:00","dateModified":"2026-02-27T12:49:50+00:00","description":"Pomp\u0103 de dozare precis\u0103 \u0219i fiabil\u0103 pentru nitrat de argint (coroziv la lun\u0103) pentru diverse aplica\u021bii industriale. Instalare \u0219i \u00eentre\u021binere u\u0219oar\u0103.","breadcrumb":{"@id":"https:\/\/dosingpump.shop\/pl\/produkt-2\/pompa-dozujaca-do-azotanu-srebra-ksiezycowego-srodka-zracego\/#breadcrumb"},"inLanguage":"ro-RO","potentialAction":[{"@type":"ReadAction","target":["https:\/\/dosingpump.shop\/pl\/produkt-2\/pompa-dozujaca-do-azotanu-srebra-ksiezycowego-srodka-zracego\/"]}]},{"@type":"ImageObject","inLanguage":"ro-RO","@id":"https:\/\/dosingpump.shop\/pl\/produkt-2\/pompa-dozujaca-do-azotanu-srebra-ksiezycowego-srodka-zracego\/#primaryimage","url":"https:\/\/dosingpump.shop\/wp-content\/uploads\/2024\/12\/EMEC-K-SERIE-ANALOG-dosing-pump.webp","contentUrl":"https:\/\/dosingpump.shop\/wp-content\/uploads\/2024\/12\/EMEC-K-SERIE-ANALOG-dosing-pump.webp","width":498,"height":501},{"@type":"BreadcrumbList","@id":"https:\/\/dosingpump.shop\/pl\/produkt-2\/pompa-dozujaca-do-azotanu-srebra-ksiezycowego-srodka-zracego\/#breadcrumb","itemListElement":[{"@type":"ListItem","position":1,"name":"Home","item":"https:\/\/dosingpump.shop\/"},{"@type":"ListItem","position":2,"name":"Shop","item":"https:\/\/dosingpump.shop\/de\/shop\/"},{"@type":"ListItem","position":3,"name":"Doseerpomp voor Zilvernitraat (maanbijtende stof)"}]},{"@type":"WebSite","@id":"https:\/\/dosingpump.shop\/de\/#website","url":"https:\/\/dosingpump.shop\/de\/","name":"Dosing Pump Shop B.V.","description":"","publisher":{"@id":"https:\/\/dosingpump.shop\/de\/#organization"},"potentialAction":[{"@type":"SearchAction","target":{"@type":"EntryPoint","urlTemplate":"https:\/\/dosingpump.shop\/de\/?s={search_term_string}"},"query-input":{"@type":"PropertyValueSpecification","valueRequired":true,"valueName":"search_term_string"}}],"inLanguage":"ro-RO"},{"@type":"Organization","@id":"https:\/\/dosingpump.shop\/de\/#organization","name":"Dosing Pump Shop B.V.","url":"https:\/\/dosingpump.shop\/de\/","logo":{"@type":"ImageObject","inLanguage":"ro-RO","@id":"https:\/\/dosingpump.shop\/de\/#\/schema\/logo\/image\/","url":"https:\/\/dosingpump.shop\/wp-content\/uploads\/2024\/10\/Dosing-Pump-Shop-logo.png","contentUrl":"https:\/\/dosingpump.shop\/wp-content\/uploads\/2024\/10\/Dosing-Pump-Shop-logo.png","width":350,"height":45,"caption":"Dosing Pump Shop B.V."},"image":{"@id":"https:\/\/dosingpump.shop\/de\/#\/schema\/logo\/image\/"},"sameAs":["https:\/\/linkedin.com\/company\/dosing-pump-shop"]}]},"product_price_amount":"459.00","product_price_currency":"EUR","og_availability":"instock","product_availability":"instock","product_retailer_item_id":"Zilvernitraat (maanbijtende stof)","product_condition":"new"},"_links":{"self":[{"href":"https:\/\/dosingpump.shop\/ro\/wp-json\/wp\/v2\/product\/4867","targetHints":{"allow":["GET"]}}],"collection":[{"href":"https:\/\/dosingpump.shop\/ro\/wp-json\/wp\/v2\/product"}],"about":[{"href":"https:\/\/dosingpump.shop\/ro\/wp-json\/wp\/v2\/types\/product"}],"wp:featuredmedia":[{"embeddable":true,"href":"https:\/\/dosingpump.shop\/ro\/wp-json\/wp\/v2\/media\/4072"}],"wp:attachment":[{"href":"https:\/\/dosingpump.shop\/ro\/wp-json\/wp\/v2\/media?parent=4867"}],"wp:term":[{"taxonomy":"product_brand","embeddable":true,"href":"https:\/\/dosingpump.shop\/ro\/wp-json\/wp\/v2\/product_brand?post=4867"},{"taxonomy":"product_cat","embeddable":true,"href":"https:\/\/dosingpump.shop\/ro\/wp-json\/wp\/v2\/product_cat?post=4867"},{"taxonomy":"product_tag","embeddable":true,"href":"https:\/\/dosingpump.shop\/ro\/wp-json\/wp\/v2\/product_tag?post=4867"}],"curies":[{"name":"wp","href":"https:\/\/api.w.org\/{rel}","templated":true}]}}