{"id":6039,"date":"2025-01-22T10:34:30","date_gmt":"2025-01-22T10:34:30","guid":{"rendered":"https:\/\/dosingpump.shop\/product\/doseerinstallatie-voor-calciumchloride\/"},"modified":"2026-02-27T14:50:00","modified_gmt":"2026-02-27T12:50:00","slug":"unitate-de-dozare-pentru-clorura-de-calciu","status":"publish","type":"product","link":"https:\/\/dosingpump.shop\/ro\/product\/doseerinstallatie-voor-calciumchloride\/","title":{"rendered":"Dispozitiv de dozare a clorurii de calciu"},"content":{"rendered":"<h3>Instala\u021bie de dozare clorur\u0103 de calciu - 50 litri<\/h3>\n<p>Cu acest sistem de dozare a clorurii de calciu (CaCl2), ave\u021bi tot ce v\u0103 trebuie pentru o dozare sigur\u0103 \u0219i eficient\u0103 a clorurii de calciu. Bine\u00een\u021beles, ne-am g\u00e2ndit la rezisten\u021ba chimic\u0103, astfel \u00eenc\u00e2t diferitele componente s\u0103 dureze foarte mult timp.<\/p>\n<p>Capacitatea standard a rezervorului este de 50 de litri. Rezervorul este prev\u0103zut cu o lance de aspira\u021bie, care este conectat\u0103 la pompa de dozare. Lancea de aspira\u021bie are un contact de nivel care opre\u0219te pompa atunci c\u00e2nd rezervorul este gol. Acest lucru este convenabil deoarece previne p\u0103trunderea aerului \u00een conducte. Pompa de dozare poate fi montat\u0103 pe rezervor. Componentele pentru acest sistem sunt furnizate separat. Asamblarea este u\u0219oar\u0103 \u0219i, desigur, v\u0103 putem sprijini \u00een acest sens.<\/p>\n<h3>Con\u021binut Dispozitiv de dozare a clorurii de calciu<\/h3>\n<ul>\n<li>Rezervor de 50 litri, adecvat pentru clorur\u0103 de calciu.<\/li>\n<li>Pompa de dozare Emec K CL PLUS 08-08 (8 L\/or\u0103 - 8 Bar) cu curs\u0103 \u0219i frecven\u021b\u0103 reglabile.<\/li>\n<li>Lance de aspira\u021bie cu control al nivelului<\/li>\n<li>Supap\u0103 de injec\u021bie \u0219i furtun de dozare<\/li>\n<\/ul>\n<p>Pentru acest sistem de dozare a clorului <b>op\u021bional<\/b> disponibile:<\/p>\n<ul>\n<li>Rezervor mai mare disponibil de la: 100, 200, 500 sau 1.000 litri<\/li>\n<li>Capacitate de p\u00e2n\u0103 la 80 de litri pe or\u0103, pentru pompele amplasate direct pe rezervor<\/li>\n<li>Capacitate de p\u00e2n\u0103 la 1.000 de litri pe or\u0103, pentru pompele amplasate l\u00e2ng\u0103 un perete deasupra rezervorului<\/li>\n<li>Control 4-20 mA<\/li>\n<li>Pomp\u0103 de umplere rezervor<\/li>\n<li>Agitator (manual sau automat)<\/li>\n<li>Tav\u0103 de scurgere adecvat\u0103<\/li>\n<li>Livrare complet asamblat<\/li>\n<\/ul>","protected":false},"excerpt":{"rendered":"<p>Sistem complet de dozare pentru clorur\u0103 de calciu, inclusiv rezervor, lance de aspira\u021bie \u0219i pomp\u0103 de dozare. Capacitate 50 litri.<\/p>","protected":false},"featured_media":4432,"template":"","meta":[],"product_brand":[],"product_cat":[123],"product_tag":[],"class_list":{"0":"post-6039","1":"product","2":"type-product","3":"status-publish","4":"has-post-thumbnail","6":"product_cat-doseerinstallaties-voor-chemicalien","8":"first","9":"instock","10":"taxable","11":"shipping-taxable","12":"purchasable","13":"product-type-simple"},"yoast_head":"<!-- This site is optimized with the Yoast SEO plugin v27.2 - https:\/\/yoast.com\/product\/yoast-seo-wordpress\/ -->\n<title>Doseerinstallatie voor Calciumchloride | Dosing Pump Shop B.V.<\/title>\n<meta name=\"description\" content=\"Complete Doseerinstallatie voor Calciumchloride incl. tank, aanzuiglans en doseerpomp. Inhoud: 50 liter.\" \/>\n<meta name=\"robots\" content=\"index, follow, max-snippet:-1, max-image-preview:large, max-video-preview:-1\" \/>\n<link rel=\"canonical\" href=\"https:\/\/dosingpump.shop\/ro\/produs-2\/unitate-de-dozare-pentru-clorura-de-calciu\/\" \/>\n<meta property=\"og:locale\" content=\"ro_RO\" \/>\n<meta property=\"og:type\" content=\"article\" \/>\n<meta property=\"og:title\" content=\"Doseerinstallatie voor Calciumchloride | Dosing Pump Shop B.V.\" \/>\n<meta property=\"og:description\" content=\"Complete Doseerinstallatie voor Calciumchloride incl. tank, aanzuiglans en doseerpomp. Inhoud: 50 liter.\" \/>\n<meta property=\"og:url\" content=\"https:\/\/dosingpump.shop\/ro\/produs-2\/unitate-de-dozare-pentru-clorura-de-calciu\/\" \/>\n<meta property=\"og:site_name\" content=\"Dosing Pump Shop B.V.\" \/>\n<meta property=\"article:modified_time\" content=\"2026-02-27T12:50:00+00:00\" \/>\n<meta property=\"og:image\" content=\"https:\/\/dosingpump.shop\/wp-content\/uploads\/2024\/12\/waterstofperoxide-doseerinstallatie.webp\" \/>\n\t<meta property=\"og:image:width\" content=\"500\" \/>\n\t<meta property=\"og:image:height\" content=\"500\" \/>\n\t<meta property=\"og:image:type\" content=\"image\/webp\" \/>\n<meta name=\"twitter:card\" content=\"summary_large_image\" \/>\n<meta name=\"twitter:label1\" content=\"Pre\u021b\" \/>\n\t<meta name=\"twitter:data1\" content=\"&euro;757,00\" \/>\n\t<meta name=\"twitter:label2\" content=\"Disponibilitate\" \/>\n\t<meta name=\"twitter:data2\" content=\"\u00cen stoc\" \/>\n<script type=\"application\/ld+json\" class=\"yoast-schema-graph\">{\"@context\":\"https:\/\/schema.org\",\"@graph\":[{\"@type\":\"WebPage\",\"@id\":\"https:\/\/dosingpump.shop\/nl\/product\/doseerinstallatie-voor-calciumchloride\/\",\"url\":\"https:\/\/dosingpump.shop\/nl\/product\/doseerinstallatie-voor-calciumchloride\/\",\"name\":\"Doseerinstallatie voor Calciumchloride | Dosing Pump Shop B.V.\",\"isPartOf\":{\"@id\":\"https:\/\/dosingpump.shop\/de\/#website\"},\"primaryImageOfPage\":{\"@id\":\"https:\/\/dosingpump.shop\/nl\/product\/doseerinstallatie-voor-calciumchloride\/#primaryimage\"},\"image\":{\"@id\":\"https:\/\/dosingpump.shop\/nl\/product\/doseerinstallatie-voor-calciumchloride\/#primaryimage\"},\"thumbnailUrl\":\"https:\/\/dosingpump.shop\/wp-content\/uploads\/2024\/12\/waterstofperoxide-doseerinstallatie.webp\",\"datePublished\":\"2025-01-22T10:34:30+00:00\",\"dateModified\":\"2026-02-27T12:50:00+00:00\",\"description\":\"Complete Doseerinstallatie voor Calciumchloride incl. tank, aanzuiglans en doseerpomp. Inhoud: 50 liter.\",\"breadcrumb\":{\"@id\":\"https:\/\/dosingpump.shop\/nl\/product\/doseerinstallatie-voor-calciumchloride\/#breadcrumb\"},\"inLanguage\":\"ro-RO\",\"potentialAction\":[{\"@type\":\"ReadAction\",\"target\":[\"https:\/\/dosingpump.shop\/nl\/product\/doseerinstallatie-voor-calciumchloride\/\"]}]},{\"@type\":\"ImageObject\",\"inLanguage\":\"ro-RO\",\"@id\":\"https:\/\/dosingpump.shop\/nl\/product\/doseerinstallatie-voor-calciumchloride\/#primaryimage\",\"url\":\"https:\/\/dosingpump.shop\/wp-content\/uploads\/2024\/12\/waterstofperoxide-doseerinstallatie.webp\",\"contentUrl\":\"https:\/\/dosingpump.shop\/wp-content\/uploads\/2024\/12\/waterstofperoxide-doseerinstallatie.webp\",\"width\":500,\"height\":500},{\"@type\":\"BreadcrumbList\",\"@id\":\"https:\/\/dosingpump.shop\/nl\/product\/doseerinstallatie-voor-calciumchloride\/#breadcrumb\",\"itemListElement\":[{\"@type\":\"ListItem\",\"position\":1,\"name\":\"Home\",\"item\":\"https:\/\/dosingpump.shop\/\"},{\"@type\":\"ListItem\",\"position\":2,\"name\":\"Shop\",\"item\":\"https:\/\/dosingpump.shop\/de\/shop\/\"},{\"@type\":\"ListItem\",\"position\":3,\"name\":\"Doseerinstallatie voor Calciumchloride\"}]},{\"@type\":\"WebSite\",\"@id\":\"https:\/\/dosingpump.shop\/de\/#website\",\"url\":\"https:\/\/dosingpump.shop\/de\/\",\"name\":\"Dosing Pump Shop B.V.\",\"description\":\"\",\"publisher\":{\"@id\":\"https:\/\/dosingpump.shop\/de\/#organization\"},\"potentialAction\":[{\"@type\":\"SearchAction\",\"target\":{\"@type\":\"EntryPoint\",\"urlTemplate\":\"https:\/\/dosingpump.shop\/de\/?s={search_term_string}\"},\"query-input\":{\"@type\":\"PropertyValueSpecification\",\"valueRequired\":true,\"valueName\":\"search_term_string\"}}],\"inLanguage\":\"ro-RO\"},{\"@type\":\"Organization\",\"@id\":\"https:\/\/dosingpump.shop\/de\/#organization\",\"name\":\"Dosing Pump Shop B.V.\",\"url\":\"https:\/\/dosingpump.shop\/de\/\",\"logo\":{\"@type\":\"ImageObject\",\"inLanguage\":\"ro-RO\",\"@id\":\"https:\/\/dosingpump.shop\/de\/#\/schema\/logo\/image\/\",\"url\":\"https:\/\/dosingpump.shop\/wp-content\/uploads\/2024\/10\/Dosing-Pump-Shop-logo.png\",\"contentUrl\":\"https:\/\/dosingpump.shop\/wp-content\/uploads\/2024\/10\/Dosing-Pump-Shop-logo.png\",\"width\":350,\"height\":45,\"caption\":\"Dosing Pump Shop B.V.\"},\"image\":{\"@id\":\"https:\/\/dosingpump.shop\/de\/#\/schema\/logo\/image\/\"},\"sameAs\":[\"https:\/\/linkedin.com\/company\/dosing-pump-shop\"]}]}<\/script>\n<meta property=\"product:price:amount\" content=\"757.00\" \/>\n<meta property=\"product:price:currency\" content=\"EUR\" \/>\n<meta property=\"og:availability\" content=\"instock\" \/>\n<meta property=\"product:availability\" content=\"instock\" \/>\n<meta property=\"product:retailer_item_id\" content=\"doseerinstalatie-Calciumchloride\" \/>\n<meta property=\"product:condition\" content=\"new\" \/>\n<!-- \/ Yoast SEO plugin. -->","yoast_head_json":{"title":"Unitate de dozare a clorurii de calciu | Dosing Pump Shop B.V.","description":"Unitate complet\u0103 de dozare a clorurii de calciu, inclusiv rezervor, lance de aspira\u021bie \u0219i pomp\u0103 de dozare. Capacitate: 50 litri.","robots":{"index":"index","follow":"follow","max-snippet":"max-snippet:-1","max-image-preview":"max-image-preview:large","max-video-preview":"max-video-preview:-1"},"canonical":"https:\/\/dosingpump.shop\/ro\/produs-2\/unitate-de-dozare-pentru-clorura-de-calciu\/","og_locale":"ro_RO","og_type":"article","og_title":"Doseerinstallatie voor Calciumchloride | Dosing Pump Shop B.V.","og_description":"Complete Doseerinstallatie voor Calciumchloride incl. tank, aanzuiglans en doseerpomp. Inhoud: 50 liter.","og_url":"https:\/\/dosingpump.shop\/ro\/produs-2\/unitate-de-dozare-pentru-clorura-de-calciu\/","og_site_name":"Dosing Pump Shop B.V.","article_modified_time":"2026-02-27T12:50:00+00:00","og_image":[{"width":500,"height":500,"url":"https:\/\/dosingpump.shop\/wp-content\/uploads\/2024\/12\/waterstofperoxide-doseerinstallatie.webp","type":"image\/webp"}],"twitter_card":"summary_large_image","twitter_misc":{"Pre\u021b":"&euro;757,00","Disponibilitate":"\u00cen stoc"},"schema":{"@context":"https:\/\/schema.org","@graph":[{"@type":"WebPage","@id":"https:\/\/dosingpump.shop\/nl\/product\/doseerinstallatie-voor-calciumchloride\/","url":"https:\/\/dosingpump.shop\/nl\/product\/doseerinstallatie-voor-calciumchloride\/","name":"Unitate de dozare a clorurii de calciu | Dosing Pump Shop B.V.","isPartOf":{"@id":"https:\/\/dosingpump.shop\/de\/#website"},"primaryImageOfPage":{"@id":"https:\/\/dosingpump.shop\/nl\/product\/doseerinstallatie-voor-calciumchloride\/#primaryimage"},"image":{"@id":"https:\/\/dosingpump.shop\/nl\/product\/doseerinstallatie-voor-calciumchloride\/#primaryimage"},"thumbnailUrl":"https:\/\/dosingpump.shop\/wp-content\/uploads\/2024\/12\/waterstofperoxide-doseerinstallatie.webp","datePublished":"2025-01-22T10:34:30+00:00","dateModified":"2026-02-27T12:50:00+00:00","description":"Unitate complet\u0103 de dozare a clorurii de calciu, inclusiv rezervor, lance de aspira\u021bie \u0219i pomp\u0103 de dozare. Capacitate: 50 litri.","breadcrumb":{"@id":"https:\/\/dosingpump.shop\/nl\/product\/doseerinstallatie-voor-calciumchloride\/#breadcrumb"},"inLanguage":"ro-RO","potentialAction":[{"@type":"ReadAction","target":["https:\/\/dosingpump.shop\/nl\/product\/doseerinstallatie-voor-calciumchloride\/"]}]},{"@type":"ImageObject","inLanguage":"ro-RO","@id":"https:\/\/dosingpump.shop\/nl\/product\/doseerinstallatie-voor-calciumchloride\/#primaryimage","url":"https:\/\/dosingpump.shop\/wp-content\/uploads\/2024\/12\/waterstofperoxide-doseerinstallatie.webp","contentUrl":"https:\/\/dosingpump.shop\/wp-content\/uploads\/2024\/12\/waterstofperoxide-doseerinstallatie.webp","width":500,"height":500},{"@type":"BreadcrumbList","@id":"https:\/\/dosingpump.shop\/nl\/product\/doseerinstallatie-voor-calciumchloride\/#breadcrumb","itemListElement":[{"@type":"ListItem","position":1,"name":"Home","item":"https:\/\/dosingpump.shop\/"},{"@type":"ListItem","position":2,"name":"Shop","item":"https:\/\/dosingpump.shop\/de\/shop\/"},{"@type":"ListItem","position":3,"name":"Doseerinstallatie voor Calciumchloride"}]},{"@type":"WebSite","@id":"https:\/\/dosingpump.shop\/de\/#website","url":"https:\/\/dosingpump.shop\/de\/","name":"Dosing Pump Shop B.V.","description":"","publisher":{"@id":"https:\/\/dosingpump.shop\/de\/#organization"},"potentialAction":[{"@type":"SearchAction","target":{"@type":"EntryPoint","urlTemplate":"https:\/\/dosingpump.shop\/de\/?s={search_term_string}"},"query-input":{"@type":"PropertyValueSpecification","valueRequired":true,"valueName":"search_term_string"}}],"inLanguage":"ro-RO"},{"@type":"Organization","@id":"https:\/\/dosingpump.shop\/de\/#organization","name":"Dosing Pump Shop B.V.","url":"https:\/\/dosingpump.shop\/de\/","logo":{"@type":"ImageObject","inLanguage":"ro-RO","@id":"https:\/\/dosingpump.shop\/de\/#\/schema\/logo\/image\/","url":"https:\/\/dosingpump.shop\/wp-content\/uploads\/2024\/10\/Dosing-Pump-Shop-logo.png","contentUrl":"https:\/\/dosingpump.shop\/wp-content\/uploads\/2024\/10\/Dosing-Pump-Shop-logo.png","width":350,"height":45,"caption":"Dosing Pump Shop B.V."},"image":{"@id":"https:\/\/dosingpump.shop\/de\/#\/schema\/logo\/image\/"},"sameAs":["https:\/\/linkedin.com\/company\/dosing-pump-shop"]}]},"product_price_amount":"757.00","product_price_currency":"EUR","og_availability":"instock","product_availability":"instock","product_retailer_item_id":"doseerinstalatie-Calciumchloride","product_condition":"new"},"_links":{"self":[{"href":"https:\/\/dosingpump.shop\/ro\/wp-json\/wp\/v2\/product\/6039","targetHints":{"allow":["GET"]}}],"collection":[{"href":"https:\/\/dosingpump.shop\/ro\/wp-json\/wp\/v2\/product"}],"about":[{"href":"https:\/\/dosingpump.shop\/ro\/wp-json\/wp\/v2\/types\/product"}],"wp:featuredmedia":[{"embeddable":true,"href":"https:\/\/dosingpump.shop\/ro\/wp-json\/wp\/v2\/media\/4432"}],"wp:attachment":[{"href":"https:\/\/dosingpump.shop\/ro\/wp-json\/wp\/v2\/media?parent=6039"}],"wp:term":[{"taxonomy":"product_brand","embeddable":true,"href":"https:\/\/dosingpump.shop\/ro\/wp-json\/wp\/v2\/product_brand?post=6039"},{"taxonomy":"product_cat","embeddable":true,"href":"https:\/\/dosingpump.shop\/ro\/wp-json\/wp\/v2\/product_cat?post=6039"},{"taxonomy":"product_tag","embeddable":true,"href":"https:\/\/dosingpump.shop\/ro\/wp-json\/wp\/v2\/product_tag?post=6039"}],"curies":[{"name":"wp","href":"https:\/\/api.w.org\/{rel}","templated":true}]}}