{"id":6352,"date":"2025-01-22T14:19:37","date_gmt":"2025-01-22T14:19:37","guid":{"rendered":"https:\/\/dosingpump.shop\/product\/watermeter-catcit-15-1-2-4i-l\/"},"modified":"2026-02-27T14:50:17","modified_gmt":"2026-02-27T12:50:17","slug":"contor-apa-catcit-15-1-2-4i-l","status":"publish","type":"product","link":"https:\/\/dosingpump.shop\/ro\/product\/watermeter-catcit-15-1-2-4i-l\/","title":{"rendered":"Contor de ap\u0103 CATCIT-15 1\/2\u2033 4i\/L"},"content":{"rendered":"<h3>Emec CATCIT | Contor de ap\u0103 cu impulsuri pentru lichide corozive la temperaturi ridicate<\/h3>\n<p>Emec CATCIT este un contor de ap\u0103 precis cu generator de impulsuri, proiectat pentru lichide corozive la temperaturi ridicate. Contorul genereaz\u0103 impulsuri pe litru, permi\u021b\u00e2nd pompelor de dozare s\u0103 dozeze cu precizie. Acest lucru face posibil\u0103 crearea unei solu\u021bii 1% sau setarea dozelor la nivel de ppm. \u00cen plus, pompa de dozare se regleaz\u0103 automat \u00een cazul modific\u0103rii debitului de ap\u0103, astfel \u00eenc\u00e2t dozarea s\u0103 r\u0103m\u00e2n\u0103 \u00eentotdeauna constant\u0103.<\/p>\n<p>Contorul de ap\u0103 are un cadran uscat, ideal pentru lichidele cu particule de murd\u0103rie. Pentru ap\u0103 potabil\u0103 curat\u0103, un cadran umed este o alegere bun\u0103. Datorit\u0103 acoperirii interne \u0219i externe cu PTFE, Emec CATCIT ofer\u0103 o rezisten\u021b\u0103 excelent\u0103 la coroziune.<\/p>\n<h4>Ce versiuni de conexiuni sunt disponibile?<\/h4>\n<p>Emec CATCIT este disponibil \u00een diferite versiuni \u0219i conectori. Acest lucru faciliteaz\u0103 selectarea unui model care se potrive\u0219te sistemului dvs. specific.<\/p>\n<ul>\n<li><strong>CATCIT 15<\/strong>: Conexiune de 15 mm (1\/2 inch)<\/li>\n<li><strong>CATCIT 20<\/strong>: Conexiune de 20 mm (3\/4 inch)<\/li>\n<li><strong>CATCIT 25<\/strong>: 25 mm conexiune (1 inch)<\/li>\n<li><strong>CATCIT 30<\/strong>: 30 mm conexiune (1.1\/4 inch)<\/li>\n<li><strong>CATCIT 40<\/strong>: 40 mm conexiune (1.1\/2 inch)<\/li>\n<li><strong>CATCIT 50<\/strong>: 50 mm conexiune (2 inch)<\/li>\n<\/ul>\n<h4>Important de \u0219tiut<\/h4>\n<p>Pentru o func\u021bionare corect\u0103, utiliza\u021bi o pomp\u0103 de dozare cu configura\u021bie MF (multifunc\u021bional\u0103). Ave\u021bi \u00eendoieli cu privire la configura\u021bia corect\u0103? Dac\u0103 da, nu ezita\u021bi s\u0103 ne contacta\u021bi. Echipa noastr\u0103 este gata s\u0103 v\u0103 consilieze.<\/p>","protected":false},"excerpt":{"rendered":"<ul>\n<li>\u00cen special pentru utilizarea cu ap\u0103 cald\u0103\/cald\u0103.<\/li>\n<li>Acoperire PFTE pentru utilizarea cu lichide corozive.<\/li>\n<li>Generator de impulsuri cu cadran uscat.<\/li>\n<li>Livrat cu cablu de 2,5 metri.<\/li>\n<\/ul>\n<p><em>Pre\u021bul se aplic\u0103 urm\u0103torului model: CATCIT 15. Alte modele sunt supuse unei taxe suplimentare, v\u0103 rug\u0103m s\u0103 solicita\u021bi o ofert\u0103.<\/em><\/p>","protected":false},"featured_media":5885,"template":"","meta":[],"product_brand":[],"product_cat":[34,40],"product_tag":[],"class_list":{"0":"post-6352","1":"product","2":"type-product","3":"status-publish","4":"has-post-thumbnail","6":"product_cat-accessoires","7":"product_cat-watermeter-met-pulsgever","9":"first","10":"instock","11":"taxable","12":"shipping-taxable","13":"purchasable","14":"product-type-simple"},"yoast_head":"<!-- This site is optimized with the Yoast SEO plugin v27.2 - https:\/\/yoast.com\/product\/yoast-seo-wordpress\/ -->\n<title>Watermeter CATCIT-15 1\/2&quot; 4i\/L | Dosing Pump Shop B.V.<\/title>\n<meta name=\"robots\" content=\"index, follow, max-snippet:-1, max-image-preview:large, max-video-preview:-1\" \/>\n<link rel=\"canonical\" href=\"https:\/\/dosingpump.shop\/ro\/produs-2\/contor-apa-catcit-15-1-2-4i-l\/\" \/>\n<meta property=\"og:locale\" content=\"ro_RO\" \/>\n<meta property=\"og:type\" content=\"article\" \/>\n<meta property=\"og:title\" content=\"Watermeter CATCIT-15 1\/2&quot; 4i\/L | Dosing Pump Shop B.V.\" \/>\n<meta property=\"og:description\" content=\"Speciaal voor gebruik met warm\/heet water.  PFTE coating voor gebruik met corrosieve vloeistoffen.  Pulsgever met droge wijzerplaat.  Geleverd met 2,5 meter kabel.  Prijs geldt voor het volgende model: CATCIT 15. Voor andere modellen geldt een meerprijs, vraag daarvoor een offerte op.\" \/>\n<meta property=\"og:url\" content=\"https:\/\/dosingpump.shop\/ro\/produs-2\/contor-apa-catcit-15-1-2-4i-l\/\" \/>\n<meta property=\"og:site_name\" content=\"Dosing Pump Shop B.V.\" \/>\n<meta property=\"article:modified_time\" content=\"2026-02-27T12:50:17+00:00\" \/>\n<meta property=\"og:image\" content=\"https:\/\/dosingpump.shop\/wp-content\/uploads\/2024\/12\/Emec-CatCit.png\" \/>\n\t<meta property=\"og:image:width\" content=\"500\" \/>\n\t<meta property=\"og:image:height\" content=\"500\" \/>\n\t<meta property=\"og:image:type\" content=\"image\/png\" \/>\n<meta name=\"twitter:card\" content=\"summary_large_image\" \/>\n<meta name=\"twitter:label1\" content=\"Pre\u021b\" \/>\n\t<meta name=\"twitter:data1\" content=\"&euro;284,00\" \/>\n\t<meta name=\"twitter:label2\" content=\"Disponibilitate\" \/>\n\t<meta name=\"twitter:data2\" content=\"\u00cen stoc\" \/>\n<script type=\"application\/ld+json\" class=\"yoast-schema-graph\">{\"@context\":\"https:\/\/schema.org\",\"@graph\":[{\"@type\":\"WebPage\",\"@id\":\"https:\/\/dosingpump.shop\/nl\/product\/watermeter-catcit-15-1-2-4i-l\/\",\"url\":\"https:\/\/dosingpump.shop\/nl\/product\/watermeter-catcit-15-1-2-4i-l\/\",\"name\":\"Watermeter CATCIT-15 1\/2\\\" 4i\/L | Dosing Pump Shop B.V.\",\"isPartOf\":{\"@id\":\"https:\/\/dosingpump.shop\/de\/#website\"},\"primaryImageOfPage\":{\"@id\":\"https:\/\/dosingpump.shop\/nl\/product\/watermeter-catcit-15-1-2-4i-l\/#primaryimage\"},\"image\":{\"@id\":\"https:\/\/dosingpump.shop\/nl\/product\/watermeter-catcit-15-1-2-4i-l\/#primaryimage\"},\"thumbnailUrl\":\"https:\/\/dosingpump.shop\/wp-content\/uploads\/2024\/12\/Emec-CatCit.png\",\"datePublished\":\"2025-01-22T14:19:37+00:00\",\"dateModified\":\"2026-02-27T12:50:17+00:00\",\"breadcrumb\":{\"@id\":\"https:\/\/dosingpump.shop\/nl\/product\/watermeter-catcit-15-1-2-4i-l\/#breadcrumb\"},\"inLanguage\":\"ro-RO\",\"potentialAction\":[{\"@type\":\"ReadAction\",\"target\":[\"https:\/\/dosingpump.shop\/nl\/product\/watermeter-catcit-15-1-2-4i-l\/\"]}]},{\"@type\":\"ImageObject\",\"inLanguage\":\"ro-RO\",\"@id\":\"https:\/\/dosingpump.shop\/nl\/product\/watermeter-catcit-15-1-2-4i-l\/#primaryimage\",\"url\":\"https:\/\/dosingpump.shop\/wp-content\/uploads\/2024\/12\/Emec-CatCit.png\",\"contentUrl\":\"https:\/\/dosingpump.shop\/wp-content\/uploads\/2024\/12\/Emec-CatCit.png\",\"width\":500,\"height\":500,\"caption\":\"Emec CatCit\"},{\"@type\":\"BreadcrumbList\",\"@id\":\"https:\/\/dosingpump.shop\/nl\/product\/watermeter-catcit-15-1-2-4i-l\/#breadcrumb\",\"itemListElement\":[{\"@type\":\"ListItem\",\"position\":1,\"name\":\"Home\",\"item\":\"https:\/\/dosingpump.shop\/\"},{\"@type\":\"ListItem\",\"position\":2,\"name\":\"Shop\",\"item\":\"https:\/\/dosingpump.shop\/de\/shop\/\"},{\"@type\":\"ListItem\",\"position\":3,\"name\":\"Watermeter CATCIT-15 1\/2&#8243; 4i\/L\"}]},{\"@type\":\"WebSite\",\"@id\":\"https:\/\/dosingpump.shop\/de\/#website\",\"url\":\"https:\/\/dosingpump.shop\/de\/\",\"name\":\"Dosing Pump Shop B.V.\",\"description\":\"\",\"publisher\":{\"@id\":\"https:\/\/dosingpump.shop\/de\/#organization\"},\"potentialAction\":[{\"@type\":\"SearchAction\",\"target\":{\"@type\":\"EntryPoint\",\"urlTemplate\":\"https:\/\/dosingpump.shop\/de\/?s={search_term_string}\"},\"query-input\":{\"@type\":\"PropertyValueSpecification\",\"valueRequired\":true,\"valueName\":\"search_term_string\"}}],\"inLanguage\":\"ro-RO\"},{\"@type\":\"Organization\",\"@id\":\"https:\/\/dosingpump.shop\/de\/#organization\",\"name\":\"Dosing Pump Shop B.V.\",\"url\":\"https:\/\/dosingpump.shop\/de\/\",\"logo\":{\"@type\":\"ImageObject\",\"inLanguage\":\"ro-RO\",\"@id\":\"https:\/\/dosingpump.shop\/de\/#\/schema\/logo\/image\/\",\"url\":\"https:\/\/dosingpump.shop\/wp-content\/uploads\/2024\/10\/Dosing-Pump-Shop-logo.png\",\"contentUrl\":\"https:\/\/dosingpump.shop\/wp-content\/uploads\/2024\/10\/Dosing-Pump-Shop-logo.png\",\"width\":350,\"height\":45,\"caption\":\"Dosing Pump Shop B.V.\"},\"image\":{\"@id\":\"https:\/\/dosingpump.shop\/de\/#\/schema\/logo\/image\/\"},\"sameAs\":[\"https:\/\/linkedin.com\/company\/dosing-pump-shop\"]}]}<\/script>\n<meta property=\"product:price:amount\" content=\"284.00\" \/>\n<meta property=\"product:price:currency\" content=\"EUR\" \/>\n<meta property=\"og:availability\" content=\"instock\" \/>\n<meta property=\"product:availability\" content=\"instock\" \/>\n<meta property=\"product:retailer_item_id\" content=\"CATCT015004L02,5000X\" \/>\n<meta property=\"product:condition\" content=\"new\" \/>\n<!-- \/ Yoast SEO plugin. -->","yoast_head_json":{"title":"Contor de ap\u0103 CATCIT-15 1\/2\" 4i\/L | Dosing Pump Shop B.V.","robots":{"index":"index","follow":"follow","max-snippet":"max-snippet:-1","max-image-preview":"max-image-preview:large","max-video-preview":"max-video-preview:-1"},"canonical":"https:\/\/dosingpump.shop\/ro\/produs-2\/contor-apa-catcit-15-1-2-4i-l\/","og_locale":"ro_RO","og_type":"article","og_title":"Watermeter CATCIT-15 1\/2\" 4i\/L | Dosing Pump Shop B.V.","og_description":"Speciaal voor gebruik met warm\/heet water.  PFTE coating voor gebruik met corrosieve vloeistoffen.  Pulsgever met droge wijzerplaat.  Geleverd met 2,5 meter kabel.  Prijs geldt voor het volgende model: CATCIT 15. Voor andere modellen geldt een meerprijs, vraag daarvoor een offerte op.","og_url":"https:\/\/dosingpump.shop\/ro\/produs-2\/contor-apa-catcit-15-1-2-4i-l\/","og_site_name":"Dosing Pump Shop B.V.","article_modified_time":"2026-02-27T12:50:17+00:00","og_image":[{"width":500,"height":500,"url":"https:\/\/dosingpump.shop\/wp-content\/uploads\/2024\/12\/Emec-CatCit.png","type":"image\/png"}],"twitter_card":"summary_large_image","twitter_misc":{"Pre\u021b":"&euro;284,00","Disponibilitate":"\u00cen stoc"},"schema":{"@context":"https:\/\/schema.org","@graph":[{"@type":"WebPage","@id":"https:\/\/dosingpump.shop\/nl\/product\/watermeter-catcit-15-1-2-4i-l\/","url":"https:\/\/dosingpump.shop\/nl\/product\/watermeter-catcit-15-1-2-4i-l\/","name":"Contor de ap\u0103 CATCIT-15 1\/2\" 4i\/L | Dosing Pump Shop B.V.","isPartOf":{"@id":"https:\/\/dosingpump.shop\/de\/#website"},"primaryImageOfPage":{"@id":"https:\/\/dosingpump.shop\/nl\/product\/watermeter-catcit-15-1-2-4i-l\/#primaryimage"},"image":{"@id":"https:\/\/dosingpump.shop\/nl\/product\/watermeter-catcit-15-1-2-4i-l\/#primaryimage"},"thumbnailUrl":"https:\/\/dosingpump.shop\/wp-content\/uploads\/2024\/12\/Emec-CatCit.png","datePublished":"2025-01-22T14:19:37+00:00","dateModified":"2026-02-27T12:50:17+00:00","breadcrumb":{"@id":"https:\/\/dosingpump.shop\/nl\/product\/watermeter-catcit-15-1-2-4i-l\/#breadcrumb"},"inLanguage":"ro-RO","potentialAction":[{"@type":"ReadAction","target":["https:\/\/dosingpump.shop\/nl\/product\/watermeter-catcit-15-1-2-4i-l\/"]}]},{"@type":"ImageObject","inLanguage":"ro-RO","@id":"https:\/\/dosingpump.shop\/nl\/product\/watermeter-catcit-15-1-2-4i-l\/#primaryimage","url":"https:\/\/dosingpump.shop\/wp-content\/uploads\/2024\/12\/Emec-CatCit.png","contentUrl":"https:\/\/dosingpump.shop\/wp-content\/uploads\/2024\/12\/Emec-CatCit.png","width":500,"height":500,"caption":"Emec CatCit"},{"@type":"BreadcrumbList","@id":"https:\/\/dosingpump.shop\/nl\/product\/watermeter-catcit-15-1-2-4i-l\/#breadcrumb","itemListElement":[{"@type":"ListItem","position":1,"name":"Home","item":"https:\/\/dosingpump.shop\/"},{"@type":"ListItem","position":2,"name":"Shop","item":"https:\/\/dosingpump.shop\/de\/shop\/"},{"@type":"ListItem","position":3,"name":"Watermeter CATCIT-15 1\/2&#8243; 4i\/L"}]},{"@type":"WebSite","@id":"https:\/\/dosingpump.shop\/de\/#website","url":"https:\/\/dosingpump.shop\/de\/","name":"Dosing Pump Shop B.V.","description":"","publisher":{"@id":"https:\/\/dosingpump.shop\/de\/#organization"},"potentialAction":[{"@type":"SearchAction","target":{"@type":"EntryPoint","urlTemplate":"https:\/\/dosingpump.shop\/de\/?s={search_term_string}"},"query-input":{"@type":"PropertyValueSpecification","valueRequired":true,"valueName":"search_term_string"}}],"inLanguage":"ro-RO"},{"@type":"Organization","@id":"https:\/\/dosingpump.shop\/de\/#organization","name":"Dosing Pump Shop B.V.","url":"https:\/\/dosingpump.shop\/de\/","logo":{"@type":"ImageObject","inLanguage":"ro-RO","@id":"https:\/\/dosingpump.shop\/de\/#\/schema\/logo\/image\/","url":"https:\/\/dosingpump.shop\/wp-content\/uploads\/2024\/10\/Dosing-Pump-Shop-logo.png","contentUrl":"https:\/\/dosingpump.shop\/wp-content\/uploads\/2024\/10\/Dosing-Pump-Shop-logo.png","width":350,"height":45,"caption":"Dosing Pump Shop B.V."},"image":{"@id":"https:\/\/dosingpump.shop\/de\/#\/schema\/logo\/image\/"},"sameAs":["https:\/\/linkedin.com\/company\/dosing-pump-shop"]}]},"product_price_amount":"284.00","product_price_currency":"EUR","og_availability":"instock","product_availability":"instock","product_retailer_item_id":"CATCT015004L02,5000X","product_condition":"new"},"_links":{"self":[{"href":"https:\/\/dosingpump.shop\/ro\/wp-json\/wp\/v2\/product\/6352","targetHints":{"allow":["GET"]}}],"collection":[{"href":"https:\/\/dosingpump.shop\/ro\/wp-json\/wp\/v2\/product"}],"about":[{"href":"https:\/\/dosingpump.shop\/ro\/wp-json\/wp\/v2\/types\/product"}],"wp:featuredmedia":[{"embeddable":true,"href":"https:\/\/dosingpump.shop\/ro\/wp-json\/wp\/v2\/media\/5885"}],"wp:attachment":[{"href":"https:\/\/dosingpump.shop\/ro\/wp-json\/wp\/v2\/media?parent=6352"}],"wp:term":[{"taxonomy":"product_brand","embeddable":true,"href":"https:\/\/dosingpump.shop\/ro\/wp-json\/wp\/v2\/product_brand?post=6352"},{"taxonomy":"product_cat","embeddable":true,"href":"https:\/\/dosingpump.shop\/ro\/wp-json\/wp\/v2\/product_cat?post=6352"},{"taxonomy":"product_tag","embeddable":true,"href":"https:\/\/dosingpump.shop\/ro\/wp-json\/wp\/v2\/product_tag?post=6352"}],"curies":[{"name":"wp","href":"https:\/\/api.w.org\/{rel}","templated":true}]}}