{"id":6841,"date":"2025-04-18T14:17:47","date_gmt":"2025-04-18T14:17:47","guid":{"rendered":"https:\/\/dosingpump.shop\/product\/watermeter-ctfi-20-3-4-1i-10l\/"},"modified":"2026-02-27T14:50:22","modified_gmt":"2026-02-27T12:50:22","slug":"contor-de-apa-ctfi-20-3-4-1i-10l","status":"publish","type":"product","link":"https:\/\/dosingpump.shop\/ro\/product\/watermeter-ctfi-20-3-4-1i-10l\/","title":{"rendered":"Contor de ap\u0103 CTFI-20 3\/4\" 1i\/10L"},"content":{"rendered":"<p>Emec CTFI-20 este un contor de ap\u0103 cu impulsuri special conceput pentru aplica\u021bii \u00een care este necesar\u0103 m\u0103surarea precis\u0103 a debitelor de ap\u0103 rece. Combin\u00e2nd calitatea construc\u021biei robuste cu fiabilitatea ridicat\u0103 a m\u0103sur\u0103torilor, acest contor de ap\u0103 compact este potrivit pentru diverse medii industriale \u0219i de tratare a apei.<\/p>\n<p>Prin utilizarea unui contor de impulsuri integrat, CTFI-20 poate fi conectat cu u\u0219urin\u021b\u0103 la pompe de dozare \u0219i sisteme de control care au nevoie de un semnal extern pentru a activa sau regla un proces de dozare, de exemplu. Designul se concentreaz\u0103 pe durabilitate, cu o carcas\u0103 din alam\u0103 \u0219i un cadran uscat, men\u021bin\u00e2nd componentele interne bine protejate de umiditate \u0219i contaminan\u021bi.<\/p>\n<p>CTFI-20 este potrivit pentru instalare orizontal\u0103 \u0219i dispune de conexiuni filetate standard, facilit\u00e2nd integrarea \u00een instala\u021biile existente. Semnalul de impuls pe litru de consum de ap\u0103 permite sistemelor s\u0103 r\u0103spund\u0103 cu mare precizie la debitul de ap\u0103, ceea ce \u00eel face ideal pentru aplica\u021bii precum dozarea substan\u021belor chimice, tratarea apei \u0219i monitorizarea proceselor.<\/p>","protected":false},"excerpt":{"rendered":"<ul>\n<li>Utilizarea contorului de ap\u0103 pentru ap\u0103 rece<\/li>\n<li>F\u0103r\u0103 cadran uscat<\/li>\n<li>F\u0103r\u0103 strat de teflon<\/li>\n<\/ul>","protected":false},"featured_media":6829,"template":"","meta":[],"product_brand":[],"product_cat":[34,40],"product_tag":[],"class_list":{"0":"post-6841","1":"product","2":"type-product","3":"status-publish","4":"has-post-thumbnail","6":"product_cat-accessoires","7":"product_cat-watermeter-met-pulsgever","9":"first","10":"instock","11":"taxable","12":"shipping-taxable","13":"purchasable","14":"product-type-simple"},"yoast_head":"<!-- This site is optimized with the Yoast SEO plugin v27.2 - https:\/\/yoast.com\/product\/yoast-seo-wordpress\/ -->\n<title>Watermeter CTFI-20 3\/4&#039;&#039; 1i\/10L - Dosing Pump Shop B.V.<\/title>\n<meta name=\"robots\" content=\"index, follow, max-snippet:-1, max-image-preview:large, max-video-preview:-1\" \/>\n<link rel=\"canonical\" href=\"https:\/\/dosingpump.shop\/ro\/produs-2\/contor-de-apa-ctfi-20-3-4-1i-10l\/\" \/>\n<meta property=\"og:locale\" content=\"ro_RO\" \/>\n<meta property=\"og:type\" content=\"article\" \/>\n<meta property=\"og:title\" content=\"Watermeter CTFI-20 3\/4&#039;&#039; 1i\/10L - Dosing Pump Shop B.V.\" \/>\n<meta property=\"og:description\" content=\"Watermeter gebruik voor koud water  Zonder droge wijzerplaat  Geen Teflon coating\" \/>\n<meta property=\"og:url\" content=\"https:\/\/dosingpump.shop\/ro\/produs-2\/contor-de-apa-ctfi-20-3-4-1i-10l\/\" \/>\n<meta property=\"og:site_name\" content=\"Dosing Pump Shop B.V.\" \/>\n<meta property=\"article:modified_time\" content=\"2026-02-27T12:50:22+00:00\" \/>\n<meta property=\"og:image\" content=\"https:\/\/dosingpump.shop\/wp-content\/uploads\/2025\/04\/Emec-CTFI.png\" \/>\n\t<meta property=\"og:image:width\" content=\"500\" \/>\n\t<meta property=\"og:image:height\" content=\"500\" \/>\n\t<meta property=\"og:image:type\" content=\"image\/png\" \/>\n<meta name=\"twitter:card\" content=\"summary_large_image\" \/>\n<meta name=\"twitter:label1\" content=\"Pre\u021b\" \/>\n\t<meta name=\"twitter:data1\" content=\"&euro;133,00\" \/>\n\t<meta name=\"twitter:label2\" content=\"Disponibilitate\" \/>\n\t<meta name=\"twitter:data2\" content=\"\u00cen stoc\" \/>\n<script type=\"application\/ld+json\" class=\"yoast-schema-graph\">{\"@context\":\"https:\/\/schema.org\",\"@graph\":[{\"@type\":\"WebPage\",\"@id\":\"https:\/\/dosingpump.shop\/nl\/product\/watermeter-ctfi-20-3-4-1i-10l\/\",\"url\":\"https:\/\/dosingpump.shop\/nl\/product\/watermeter-ctfi-20-3-4-1i-10l\/\",\"name\":\"Watermeter CTFI-20 3\/4'' 1i\/10L - Dosing Pump Shop B.V.\",\"isPartOf\":{\"@id\":\"https:\/\/dosingpump.shop\/de\/#website\"},\"primaryImageOfPage\":{\"@id\":\"https:\/\/dosingpump.shop\/nl\/product\/watermeter-ctfi-20-3-4-1i-10l\/#primaryimage\"},\"image\":{\"@id\":\"https:\/\/dosingpump.shop\/nl\/product\/watermeter-ctfi-20-3-4-1i-10l\/#primaryimage\"},\"thumbnailUrl\":\"https:\/\/dosingpump.shop\/wp-content\/uploads\/2025\/04\/Emec-CTFI.png\",\"datePublished\":\"2025-04-18T14:17:47+00:00\",\"dateModified\":\"2026-02-27T12:50:22+00:00\",\"breadcrumb\":{\"@id\":\"https:\/\/dosingpump.shop\/nl\/product\/watermeter-ctfi-20-3-4-1i-10l\/#breadcrumb\"},\"inLanguage\":\"ro-RO\",\"potentialAction\":[{\"@type\":\"ReadAction\",\"target\":[\"https:\/\/dosingpump.shop\/nl\/product\/watermeter-ctfi-20-3-4-1i-10l\/\"]}]},{\"@type\":\"ImageObject\",\"inLanguage\":\"ro-RO\",\"@id\":\"https:\/\/dosingpump.shop\/nl\/product\/watermeter-ctfi-20-3-4-1i-10l\/#primaryimage\",\"url\":\"https:\/\/dosingpump.shop\/wp-content\/uploads\/2025\/04\/Emec-CTFI.png\",\"contentUrl\":\"https:\/\/dosingpump.shop\/wp-content\/uploads\/2025\/04\/Emec-CTFI.png\",\"width\":500,\"height\":500},{\"@type\":\"BreadcrumbList\",\"@id\":\"https:\/\/dosingpump.shop\/nl\/product\/watermeter-ctfi-20-3-4-1i-10l\/#breadcrumb\",\"itemListElement\":[{\"@type\":\"ListItem\",\"position\":1,\"name\":\"Home\",\"item\":\"https:\/\/dosingpump.shop\/\"},{\"@type\":\"ListItem\",\"position\":2,\"name\":\"Shop\",\"item\":\"https:\/\/dosingpump.shop\/de\/shop\/\"},{\"@type\":\"ListItem\",\"position\":3,\"name\":\"Watermeter CTFI-20 3\/4&#8221; 1i\/10L\"}]},{\"@type\":\"WebSite\",\"@id\":\"https:\/\/dosingpump.shop\/de\/#website\",\"url\":\"https:\/\/dosingpump.shop\/de\/\",\"name\":\"Dosing Pump Shop B.V.\",\"description\":\"\",\"publisher\":{\"@id\":\"https:\/\/dosingpump.shop\/de\/#organization\"},\"potentialAction\":[{\"@type\":\"SearchAction\",\"target\":{\"@type\":\"EntryPoint\",\"urlTemplate\":\"https:\/\/dosingpump.shop\/de\/?s={search_term_string}\"},\"query-input\":{\"@type\":\"PropertyValueSpecification\",\"valueRequired\":true,\"valueName\":\"search_term_string\"}}],\"inLanguage\":\"ro-RO\"},{\"@type\":\"Organization\",\"@id\":\"https:\/\/dosingpump.shop\/de\/#organization\",\"name\":\"Dosing Pump Shop B.V.\",\"url\":\"https:\/\/dosingpump.shop\/de\/\",\"logo\":{\"@type\":\"ImageObject\",\"inLanguage\":\"ro-RO\",\"@id\":\"https:\/\/dosingpump.shop\/de\/#\/schema\/logo\/image\/\",\"url\":\"https:\/\/dosingpump.shop\/wp-content\/uploads\/2024\/10\/Dosing-Pump-Shop-logo.png\",\"contentUrl\":\"https:\/\/dosingpump.shop\/wp-content\/uploads\/2024\/10\/Dosing-Pump-Shop-logo.png\",\"width\":350,\"height\":45,\"caption\":\"Dosing Pump Shop B.V.\"},\"image\":{\"@id\":\"https:\/\/dosingpump.shop\/de\/#\/schema\/logo\/image\/\"},\"sameAs\":[\"https:\/\/linkedin.com\/company\/dosing-pump-shop\"]}]}<\/script>\n<meta property=\"product:price:amount\" content=\"133.00\" \/>\n<meta property=\"product:price:currency\" content=\"EUR\" \/>\n<meta property=\"og:availability\" content=\"instock\" \/>\n<meta property=\"product:availability\" content=\"instock\" \/>\n<meta property=\"product:retailer_item_id\" content=\"CTFI.020001D02,5000X\" \/>\n<meta property=\"product:condition\" content=\"new\" \/>\n<!-- \/ Yoast SEO plugin. -->","yoast_head_json":{"title":"Contor de ap\u0103 CTFI-20 3\/4'' 1i\/10L - Dosing Pump Shop B.V.","robots":{"index":"index","follow":"follow","max-snippet":"max-snippet:-1","max-image-preview":"max-image-preview:large","max-video-preview":"max-video-preview:-1"},"canonical":"https:\/\/dosingpump.shop\/ro\/produs-2\/contor-de-apa-ctfi-20-3-4-1i-10l\/","og_locale":"ro_RO","og_type":"article","og_title":"Watermeter CTFI-20 3\/4'' 1i\/10L - Dosing Pump Shop B.V.","og_description":"Watermeter gebruik voor koud water  Zonder droge wijzerplaat  Geen Teflon coating","og_url":"https:\/\/dosingpump.shop\/ro\/produs-2\/contor-de-apa-ctfi-20-3-4-1i-10l\/","og_site_name":"Dosing Pump Shop B.V.","article_modified_time":"2026-02-27T12:50:22+00:00","og_image":[{"width":500,"height":500,"url":"https:\/\/dosingpump.shop\/wp-content\/uploads\/2025\/04\/Emec-CTFI.png","type":"image\/png"}],"twitter_card":"summary_large_image","twitter_misc":{"Pre\u021b":"&euro;133,00","Disponibilitate":"\u00cen stoc"},"schema":{"@context":"https:\/\/schema.org","@graph":[{"@type":"WebPage","@id":"https:\/\/dosingpump.shop\/nl\/product\/watermeter-ctfi-20-3-4-1i-10l\/","url":"https:\/\/dosingpump.shop\/nl\/product\/watermeter-ctfi-20-3-4-1i-10l\/","name":"Contor de ap\u0103 CTFI-20 3\/4'' 1i\/10L - Dosing Pump Shop B.V.","isPartOf":{"@id":"https:\/\/dosingpump.shop\/de\/#website"},"primaryImageOfPage":{"@id":"https:\/\/dosingpump.shop\/nl\/product\/watermeter-ctfi-20-3-4-1i-10l\/#primaryimage"},"image":{"@id":"https:\/\/dosingpump.shop\/nl\/product\/watermeter-ctfi-20-3-4-1i-10l\/#primaryimage"},"thumbnailUrl":"https:\/\/dosingpump.shop\/wp-content\/uploads\/2025\/04\/Emec-CTFI.png","datePublished":"2025-04-18T14:17:47+00:00","dateModified":"2026-02-27T12:50:22+00:00","breadcrumb":{"@id":"https:\/\/dosingpump.shop\/nl\/product\/watermeter-ctfi-20-3-4-1i-10l\/#breadcrumb"},"inLanguage":"ro-RO","potentialAction":[{"@type":"ReadAction","target":["https:\/\/dosingpump.shop\/nl\/product\/watermeter-ctfi-20-3-4-1i-10l\/"]}]},{"@type":"ImageObject","inLanguage":"ro-RO","@id":"https:\/\/dosingpump.shop\/nl\/product\/watermeter-ctfi-20-3-4-1i-10l\/#primaryimage","url":"https:\/\/dosingpump.shop\/wp-content\/uploads\/2025\/04\/Emec-CTFI.png","contentUrl":"https:\/\/dosingpump.shop\/wp-content\/uploads\/2025\/04\/Emec-CTFI.png","width":500,"height":500},{"@type":"BreadcrumbList","@id":"https:\/\/dosingpump.shop\/nl\/product\/watermeter-ctfi-20-3-4-1i-10l\/#breadcrumb","itemListElement":[{"@type":"ListItem","position":1,"name":"Home","item":"https:\/\/dosingpump.shop\/"},{"@type":"ListItem","position":2,"name":"Shop","item":"https:\/\/dosingpump.shop\/de\/shop\/"},{"@type":"ListItem","position":3,"name":"Watermeter CTFI-20 3\/4&#8221; 1i\/10L"}]},{"@type":"WebSite","@id":"https:\/\/dosingpump.shop\/de\/#website","url":"https:\/\/dosingpump.shop\/de\/","name":"Dosing Pump Shop B.V.","description":"","publisher":{"@id":"https:\/\/dosingpump.shop\/de\/#organization"},"potentialAction":[{"@type":"SearchAction","target":{"@type":"EntryPoint","urlTemplate":"https:\/\/dosingpump.shop\/de\/?s={search_term_string}"},"query-input":{"@type":"PropertyValueSpecification","valueRequired":true,"valueName":"search_term_string"}}],"inLanguage":"ro-RO"},{"@type":"Organization","@id":"https:\/\/dosingpump.shop\/de\/#organization","name":"Dosing Pump Shop B.V.","url":"https:\/\/dosingpump.shop\/de\/","logo":{"@type":"ImageObject","inLanguage":"ro-RO","@id":"https:\/\/dosingpump.shop\/de\/#\/schema\/logo\/image\/","url":"https:\/\/dosingpump.shop\/wp-content\/uploads\/2024\/10\/Dosing-Pump-Shop-logo.png","contentUrl":"https:\/\/dosingpump.shop\/wp-content\/uploads\/2024\/10\/Dosing-Pump-Shop-logo.png","width":350,"height":45,"caption":"Dosing Pump Shop B.V."},"image":{"@id":"https:\/\/dosingpump.shop\/de\/#\/schema\/logo\/image\/"},"sameAs":["https:\/\/linkedin.com\/company\/dosing-pump-shop"]}]},"product_price_amount":"133.00","product_price_currency":"EUR","og_availability":"instock","product_availability":"instock","product_retailer_item_id":"CTFI.020001D02,5000X","product_condition":"new"},"_links":{"self":[{"href":"https:\/\/dosingpump.shop\/ro\/wp-json\/wp\/v2\/product\/6841","targetHints":{"allow":["GET"]}}],"collection":[{"href":"https:\/\/dosingpump.shop\/ro\/wp-json\/wp\/v2\/product"}],"about":[{"href":"https:\/\/dosingpump.shop\/ro\/wp-json\/wp\/v2\/types\/product"}],"wp:featuredmedia":[{"embeddable":true,"href":"https:\/\/dosingpump.shop\/ro\/wp-json\/wp\/v2\/media\/6829"}],"wp:attachment":[{"href":"https:\/\/dosingpump.shop\/ro\/wp-json\/wp\/v2\/media?parent=6841"}],"wp:term":[{"taxonomy":"product_brand","embeddable":true,"href":"https:\/\/dosingpump.shop\/ro\/wp-json\/wp\/v2\/product_brand?post=6841"},{"taxonomy":"product_cat","embeddable":true,"href":"https:\/\/dosingpump.shop\/ro\/wp-json\/wp\/v2\/product_cat?post=6841"},{"taxonomy":"product_tag","embeddable":true,"href":"https:\/\/dosingpump.shop\/ro\/wp-json\/wp\/v2\/product_tag?post=6841"}],"curies":[{"name":"wp","href":"https:\/\/api.w.org\/{rel}","templated":true}]}}