{"id":6848,"date":"2025-04-18T14:41:21","date_gmt":"2025-04-18T14:41:21","guid":{"rendered":"https:\/\/dosingpump.shop\/product\/watermeter-ctfi-25-1-1i-l\/"},"modified":"2026-02-27T14:50:22","modified_gmt":"2026-02-27T12:50:22","slug":"contor-de-apa-ctfi-25-1-1i-l","status":"publish","type":"product","link":"https:\/\/dosingpump.shop\/ro\/product\/watermeter-ctfi-25-1-1i-l\/","title":{"rendered":"Contor de ap\u0103 CTFI-25 1\" 1i\/L"},"content":{"rendered":"<p class=\"\" data-start=\"118\" data-end=\"457\">The <strong data-start=\"121\" data-end=\"137\">Emec CTFI-25<\/strong> este un contor de ap\u0103 robust cu turbin\u0103 \u0219i ie\u0219ire cu impulsuri, proiectat pentru m\u0103surarea precis\u0103 a apei reci \u00eentr-o varietate de aplica\u021bii industriale. Acest contor de ap\u0103 are o ie\u0219ire fiabil\u0103 de impulsuri cu contact reed, care \u00eei permite s\u0103 comunice f\u0103r\u0103 efort cu pompele de dozare, controlerele sau alte automatiz\u0103ri de proces.<\/p>\n<p class=\"\" data-start=\"459\" data-end=\"812\">Datorit\u0103 carcasei sale durabile din alam\u0103 \u0219i a designului compact, CTFI-25 este potrivit pentru instalarea \u00een instala\u021bii \u00een care spa\u021biul este limitat, dar fiabilitatea esen\u021bial\u0103. Acesta m\u0103soar\u0103 debitul cu o precizie ridicat\u0103 \u0219i \u00eel converte\u0219te \u00eentr-un semnal electric de impuls reglabil, permi\u021b\u00e2nd un dozaj precis \u0219i propor\u021bional.<\/p>\n<p class=\"\" data-start=\"814\" data-end=\"1200\">CTFI-25 este potrivit \u00een special pentru aplica\u021biile \u00een care apa rece trebuie m\u0103surat\u0103 \u0219i reglat\u0103, cum ar fi \u00een sistemele de tratare a apei, turnurile de r\u0103cire \u0219i instala\u021biile de procesare. Compatibilitatea sa cu o gam\u0103 larg\u0103 de sisteme de control \u0219i pompe de dozare \u00eel face o alegere flexibil\u0103 pentru inginerii \u0219i instalatorii care caut\u0103 o solu\u021bie precis\u0103 \u0219i fiabil\u0103 de control al debitului.<\/p>","protected":false},"excerpt":{"rendered":"<ul>\n<li>Utilizarea contorului de ap\u0103 pentru ap\u0103 rece<\/li>\n<li>F\u0103r\u0103 cadran uscat<\/li>\n<li>F\u0103r\u0103 strat de teflon<\/li>\n<\/ul>","protected":false},"featured_media":6829,"template":"","meta":[],"product_brand":[],"product_cat":[34,40],"product_tag":[],"class_list":{"0":"post-6848","1":"product","2":"type-product","3":"status-publish","4":"has-post-thumbnail","6":"product_cat-accessoires","7":"product_cat-watermeter-met-pulsgever","9":"first","10":"instock","11":"taxable","12":"shipping-taxable","13":"purchasable","14":"product-type-simple"},"yoast_head":"<!-- This site is optimized with the Yoast SEO plugin v27.2 - https:\/\/yoast.com\/product\/yoast-seo-wordpress\/ -->\n<title>Watermeter CTFI-25 1&#039;&#039; 1i\/L - Dosing Pump Shop B.V.<\/title>\n<meta name=\"robots\" content=\"index, follow, max-snippet:-1, max-image-preview:large, max-video-preview:-1\" \/>\n<link rel=\"canonical\" href=\"https:\/\/dosingpump.shop\/ro\/produs-2\/contor-de-apa-ctfi-25-1-1i-l\/\" \/>\n<meta property=\"og:locale\" content=\"ro_RO\" \/>\n<meta property=\"og:type\" content=\"article\" \/>\n<meta property=\"og:title\" content=\"Watermeter CTFI-25 1&#039;&#039; 1i\/L - Dosing Pump Shop B.V.\" \/>\n<meta property=\"og:description\" content=\"Watermeter gebruik voor koud water  Zonder droge wijzerplaat  Geen Teflon coating\" \/>\n<meta property=\"og:url\" content=\"https:\/\/dosingpump.shop\/ro\/produs-2\/contor-de-apa-ctfi-25-1-1i-l\/\" \/>\n<meta property=\"og:site_name\" content=\"Dosing Pump Shop B.V.\" \/>\n<meta property=\"article:modified_time\" content=\"2026-02-27T12:50:22+00:00\" \/>\n<meta property=\"og:image\" content=\"https:\/\/dosingpump.shop\/wp-content\/uploads\/2025\/04\/Emec-CTFI.png\" \/>\n\t<meta property=\"og:image:width\" content=\"500\" \/>\n\t<meta property=\"og:image:height\" content=\"500\" \/>\n\t<meta property=\"og:image:type\" content=\"image\/png\" \/>\n<meta name=\"twitter:card\" content=\"summary_large_image\" \/>\n<meta name=\"twitter:label1\" content=\"Pre\u021b\" \/>\n\t<meta name=\"twitter:data1\" content=\"&euro;200,00\" \/>\n\t<meta name=\"twitter:label2\" content=\"Disponibilitate\" \/>\n\t<meta name=\"twitter:data2\" content=\"\u00cen stoc\" \/>\n<script type=\"application\/ld+json\" class=\"yoast-schema-graph\">{\"@context\":\"https:\/\/schema.org\",\"@graph\":[{\"@type\":\"WebPage\",\"@id\":\"https:\/\/dosingpump.shop\/no\/produkt\/vannmaler-ctfi-25-1-1i-l\/\",\"url\":\"https:\/\/dosingpump.shop\/no\/produkt\/vannmaler-ctfi-25-1-1i-l\/\",\"name\":\"Watermeter CTFI-25 1'' 1i\/L - Dosing Pump Shop B.V.\",\"isPartOf\":{\"@id\":\"https:\/\/dosingpump.shop\/de\/#website\"},\"primaryImageOfPage\":{\"@id\":\"https:\/\/dosingpump.shop\/no\/produkt\/vannmaler-ctfi-25-1-1i-l\/#primaryimage\"},\"image\":{\"@id\":\"https:\/\/dosingpump.shop\/no\/produkt\/vannmaler-ctfi-25-1-1i-l\/#primaryimage\"},\"thumbnailUrl\":\"https:\/\/dosingpump.shop\/wp-content\/uploads\/2025\/04\/Emec-CTFI.png\",\"datePublished\":\"2025-04-18T14:41:21+00:00\",\"dateModified\":\"2026-02-27T12:50:22+00:00\",\"breadcrumb\":{\"@id\":\"https:\/\/dosingpump.shop\/no\/produkt\/vannmaler-ctfi-25-1-1i-l\/#breadcrumb\"},\"inLanguage\":\"ro-RO\",\"potentialAction\":[{\"@type\":\"ReadAction\",\"target\":[\"https:\/\/dosingpump.shop\/no\/produkt\/vannmaler-ctfi-25-1-1i-l\/\"]}]},{\"@type\":\"ImageObject\",\"inLanguage\":\"ro-RO\",\"@id\":\"https:\/\/dosingpump.shop\/no\/produkt\/vannmaler-ctfi-25-1-1i-l\/#primaryimage\",\"url\":\"https:\/\/dosingpump.shop\/wp-content\/uploads\/2025\/04\/Emec-CTFI.png\",\"contentUrl\":\"https:\/\/dosingpump.shop\/wp-content\/uploads\/2025\/04\/Emec-CTFI.png\",\"width\":500,\"height\":500},{\"@type\":\"BreadcrumbList\",\"@id\":\"https:\/\/dosingpump.shop\/no\/produkt\/vannmaler-ctfi-25-1-1i-l\/#breadcrumb\",\"itemListElement\":[{\"@type\":\"ListItem\",\"position\":1,\"name\":\"Home\",\"item\":\"https:\/\/dosingpump.shop\/\"},{\"@type\":\"ListItem\",\"position\":2,\"name\":\"Shop\",\"item\":\"https:\/\/dosingpump.shop\/de\/shop\/\"},{\"@type\":\"ListItem\",\"position\":3,\"name\":\"Watermeter CTFI-25 1&#8221; 1i\/L\"}]},{\"@type\":\"WebSite\",\"@id\":\"https:\/\/dosingpump.shop\/de\/#website\",\"url\":\"https:\/\/dosingpump.shop\/de\/\",\"name\":\"Dosing Pump Shop B.V.\",\"description\":\"\",\"publisher\":{\"@id\":\"https:\/\/dosingpump.shop\/de\/#organization\"},\"potentialAction\":[{\"@type\":\"SearchAction\",\"target\":{\"@type\":\"EntryPoint\",\"urlTemplate\":\"https:\/\/dosingpump.shop\/de\/?s={search_term_string}\"},\"query-input\":{\"@type\":\"PropertyValueSpecification\",\"valueRequired\":true,\"valueName\":\"search_term_string\"}}],\"inLanguage\":\"ro-RO\"},{\"@type\":\"Organization\",\"@id\":\"https:\/\/dosingpump.shop\/de\/#organization\",\"name\":\"Dosing Pump Shop B.V.\",\"url\":\"https:\/\/dosingpump.shop\/de\/\",\"logo\":{\"@type\":\"ImageObject\",\"inLanguage\":\"ro-RO\",\"@id\":\"https:\/\/dosingpump.shop\/de\/#\/schema\/logo\/image\/\",\"url\":\"https:\/\/dosingpump.shop\/wp-content\/uploads\/2024\/10\/Dosing-Pump-Shop-logo.png\",\"contentUrl\":\"https:\/\/dosingpump.shop\/wp-content\/uploads\/2024\/10\/Dosing-Pump-Shop-logo.png\",\"width\":350,\"height\":45,\"caption\":\"Dosing Pump Shop B.V.\"},\"image\":{\"@id\":\"https:\/\/dosingpump.shop\/de\/#\/schema\/logo\/image\/\"},\"sameAs\":[\"https:\/\/linkedin.com\/company\/dosing-pump-shop\"]}]}<\/script>\n<meta property=\"product:price:amount\" content=\"200.00\" \/>\n<meta property=\"product:price:currency\" content=\"EUR\" \/>\n<meta property=\"og:availability\" content=\"instock\" \/>\n<meta property=\"product:availability\" content=\"instock\" \/>\n<meta property=\"product:retailer_item_id\" content=\"CTFI.025001L02,5000X\" \/>\n<meta property=\"product:condition\" content=\"new\" \/>\n<!-- \/ Yoast SEO plugin. -->","yoast_head_json":{"title":"Contor de ap\u0103 CTFI-25 1'' 1i\/L - Dosing Pump Shop B.V.","robots":{"index":"index","follow":"follow","max-snippet":"max-snippet:-1","max-image-preview":"max-image-preview:large","max-video-preview":"max-video-preview:-1"},"canonical":"https:\/\/dosingpump.shop\/ro\/produs-2\/contor-de-apa-ctfi-25-1-1i-l\/","og_locale":"ro_RO","og_type":"article","og_title":"Watermeter CTFI-25 1'' 1i\/L - Dosing Pump Shop B.V.","og_description":"Watermeter gebruik voor koud water  Zonder droge wijzerplaat  Geen Teflon coating","og_url":"https:\/\/dosingpump.shop\/ro\/produs-2\/contor-de-apa-ctfi-25-1-1i-l\/","og_site_name":"Dosing Pump Shop B.V.","article_modified_time":"2026-02-27T12:50:22+00:00","og_image":[{"width":500,"height":500,"url":"https:\/\/dosingpump.shop\/wp-content\/uploads\/2025\/04\/Emec-CTFI.png","type":"image\/png"}],"twitter_card":"summary_large_image","twitter_misc":{"Pre\u021b":"&euro;200,00","Disponibilitate":"\u00cen stoc"},"schema":{"@context":"https:\/\/schema.org","@graph":[{"@type":"WebPage","@id":"https:\/\/dosingpump.shop\/no\/produkt\/vannmaler-ctfi-25-1-1i-l\/","url":"https:\/\/dosingpump.shop\/no\/produkt\/vannmaler-ctfi-25-1-1i-l\/","name":"Contor de ap\u0103 CTFI-25 1'' 1i\/L - Dosing Pump Shop B.V.","isPartOf":{"@id":"https:\/\/dosingpump.shop\/de\/#website"},"primaryImageOfPage":{"@id":"https:\/\/dosingpump.shop\/no\/produkt\/vannmaler-ctfi-25-1-1i-l\/#primaryimage"},"image":{"@id":"https:\/\/dosingpump.shop\/no\/produkt\/vannmaler-ctfi-25-1-1i-l\/#primaryimage"},"thumbnailUrl":"https:\/\/dosingpump.shop\/wp-content\/uploads\/2025\/04\/Emec-CTFI.png","datePublished":"2025-04-18T14:41:21+00:00","dateModified":"2026-02-27T12:50:22+00:00","breadcrumb":{"@id":"https:\/\/dosingpump.shop\/no\/produkt\/vannmaler-ctfi-25-1-1i-l\/#breadcrumb"},"inLanguage":"ro-RO","potentialAction":[{"@type":"ReadAction","target":["https:\/\/dosingpump.shop\/no\/produkt\/vannmaler-ctfi-25-1-1i-l\/"]}]},{"@type":"ImageObject","inLanguage":"ro-RO","@id":"https:\/\/dosingpump.shop\/no\/produkt\/vannmaler-ctfi-25-1-1i-l\/#primaryimage","url":"https:\/\/dosingpump.shop\/wp-content\/uploads\/2025\/04\/Emec-CTFI.png","contentUrl":"https:\/\/dosingpump.shop\/wp-content\/uploads\/2025\/04\/Emec-CTFI.png","width":500,"height":500},{"@type":"BreadcrumbList","@id":"https:\/\/dosingpump.shop\/no\/produkt\/vannmaler-ctfi-25-1-1i-l\/#breadcrumb","itemListElement":[{"@type":"ListItem","position":1,"name":"Home","item":"https:\/\/dosingpump.shop\/"},{"@type":"ListItem","position":2,"name":"Shop","item":"https:\/\/dosingpump.shop\/de\/shop\/"},{"@type":"ListItem","position":3,"name":"Watermeter CTFI-25 1&#8221; 1i\/L"}]},{"@type":"WebSite","@id":"https:\/\/dosingpump.shop\/de\/#website","url":"https:\/\/dosingpump.shop\/de\/","name":"Dosing Pump Shop B.V.","description":"","publisher":{"@id":"https:\/\/dosingpump.shop\/de\/#organization"},"potentialAction":[{"@type":"SearchAction","target":{"@type":"EntryPoint","urlTemplate":"https:\/\/dosingpump.shop\/de\/?s={search_term_string}"},"query-input":{"@type":"PropertyValueSpecification","valueRequired":true,"valueName":"search_term_string"}}],"inLanguage":"ro-RO"},{"@type":"Organization","@id":"https:\/\/dosingpump.shop\/de\/#organization","name":"Dosing Pump Shop B.V.","url":"https:\/\/dosingpump.shop\/de\/","logo":{"@type":"ImageObject","inLanguage":"ro-RO","@id":"https:\/\/dosingpump.shop\/de\/#\/schema\/logo\/image\/","url":"https:\/\/dosingpump.shop\/wp-content\/uploads\/2024\/10\/Dosing-Pump-Shop-logo.png","contentUrl":"https:\/\/dosingpump.shop\/wp-content\/uploads\/2024\/10\/Dosing-Pump-Shop-logo.png","width":350,"height":45,"caption":"Dosing Pump Shop B.V."},"image":{"@id":"https:\/\/dosingpump.shop\/de\/#\/schema\/logo\/image\/"},"sameAs":["https:\/\/linkedin.com\/company\/dosing-pump-shop"]}]},"product_price_amount":"200.00","product_price_currency":"EUR","og_availability":"instock","product_availability":"instock","product_retailer_item_id":"CTFI.025001L02,5000X","product_condition":"new"},"_links":{"self":[{"href":"https:\/\/dosingpump.shop\/ro\/wp-json\/wp\/v2\/product\/6848","targetHints":{"allow":["GET"]}}],"collection":[{"href":"https:\/\/dosingpump.shop\/ro\/wp-json\/wp\/v2\/product"}],"about":[{"href":"https:\/\/dosingpump.shop\/ro\/wp-json\/wp\/v2\/types\/product"}],"wp:featuredmedia":[{"embeddable":true,"href":"https:\/\/dosingpump.shop\/ro\/wp-json\/wp\/v2\/media\/6829"}],"wp:attachment":[{"href":"https:\/\/dosingpump.shop\/ro\/wp-json\/wp\/v2\/media?parent=6848"}],"wp:term":[{"taxonomy":"product_brand","embeddable":true,"href":"https:\/\/dosingpump.shop\/ro\/wp-json\/wp\/v2\/product_brand?post=6848"},{"taxonomy":"product_cat","embeddable":true,"href":"https:\/\/dosingpump.shop\/ro\/wp-json\/wp\/v2\/product_cat?post=6848"},{"taxonomy":"product_tag","embeddable":true,"href":"https:\/\/dosingpump.shop\/ro\/wp-json\/wp\/v2\/product_tag?post=6848"}],"curies":[{"name":"wp","href":"https:\/\/api.w.org\/{rel}","templated":true}]}}