{"id":7037,"date":"2025-05-21T15:23:11","date_gmt":"2025-05-21T13:23:11","guid":{"rendered":"https:\/\/dosingpump.shop\/product\/qdos-30-universal-santoprene-left\/"},"modified":"2026-03-10T23:17:40","modified_gmt":"2026-03-10T22:17:40","slug":"qdos-30-universal-santoprene-stanga","status":"publish","type":"product","link":"https:\/\/dosingpump.shop\/ro\/product\/qdos-30-universal-santoprene-left\/","title":{"rendered":"Qdos 30 Universal - Santoprene - St\u00e2nga"},"content":{"rendered":"<p>Qdos 30 Universal cu cap de pomp\u0103 Santoprene cu design st\u00e2nga ofer\u0103 flexibilitate maxim\u0103 \u00een operare \u0219i control. Aceast\u0103 pomp\u0103 de dozare suport\u0103 at\u00e2t controlul manual, c\u00e2t \u0219i controlul extern prin semnale analogice \u0219i digitale, facilit\u00e2nd integrarea acesteia \u00eentr-o varietate de medii de proces.<\/p>\n<p>Capul de pomp\u0103 robust din Santoprene asigur\u0103 performan\u021be fiabile la dozarea diferitelor lichide chimice, inclusiv a mediilor agresive \u0219i abrazive. Datorit\u0103 sistemului capului de pompare ReNu, \u00eentre\u021binerea poate fi efectuat\u0103 rapid \u0219i \u00een siguran\u021b\u0103, f\u0103r\u0103 unelte \u0219i f\u0103r\u0103 \u00eentreruperea procesului. Acest lucru face ca Qdos 30 Universal s\u0103 fie o solu\u021bie versatil\u0103 pentru cei care caut\u0103 o dozare precis\u0103, cu control total \u0219i timp minim de oprire.<\/p>","protected":false},"excerpt":{"rendered":"<ul>\n<li>Potrivit pentru dozare precis\u0103<\/li>\n<li>Potrivit pentru debite mici<\/li>\n<li>Clasa de protec\u021bie IP66 \/ NEMA 4X<\/li>\n<li>Cap pomp\u0103 santoprene<\/li>\n<li>Pozi\u021bie cap pomp\u0103 st\u00e2nga<\/li>\n<\/ul>\n<p>Disponibil solicita\u021bi o ofert\u0103 imediat.<\/p>","protected":false},"featured_media":6975,"template":"","meta":[],"product_brand":[],"product_cat":[26,245],"product_tag":[],"class_list":{"0":"post-7037","1":"product","2":"type-product","3":"status-publish","4":"has-post-thumbnail","6":"product_cat-slangenpompen","7":"product_cat-watson-marlow-slangenpompen","9":"first","10":"instock","11":"taxable","12":"shipping-taxable","13":"product-type-simple"},"yoast_head":"<!-- This site is optimized with the Yoast SEO plugin v27.2 - https:\/\/yoast.com\/product\/yoast-seo-wordpress\/ -->\n<title>Qdos 30 Universal - Santoprene - Left - Dosing Pump Shop B.V.<\/title>\n<meta name=\"robots\" content=\"index, follow, max-snippet:-1, max-image-preview:large, max-video-preview:-1\" \/>\n<link rel=\"canonical\" href=\"https:\/\/dosingpump.shop\/ro\/produs-2\/qdos-30-universal-santoprene-stanga\/\" \/>\n<meta property=\"og:locale\" content=\"ro_RO\" \/>\n<meta property=\"og:type\" content=\"article\" \/>\n<meta property=\"og:title\" content=\"Qdos 30 Universal - Santoprene - Left - Dosing Pump Shop B.V.\" \/>\n<meta property=\"og:description\" content=\"Geschikt voor precieze doseering  Geschikt voor lage flows  Beschermingsklasse van IP66 \/ NEMA 4X  Pompkop santoprene  Pompkop positite links  Beschikbaar vraag direct een offerte aan.\" \/>\n<meta property=\"og:url\" content=\"https:\/\/dosingpump.shop\/ro\/produs-2\/qdos-30-universal-santoprene-stanga\/\" \/>\n<meta property=\"og:site_name\" content=\"Dosing Pump Shop B.V.\" \/>\n<meta property=\"article:modified_time\" content=\"2026-03-10T22:17:40+00:00\" \/>\n<meta property=\"og:image\" content=\"https:\/\/dosingpump.shop\/wp-content\/uploads\/2025\/05\/Qdos-20.png\" \/>\n\t<meta property=\"og:image:width\" content=\"500\" \/>\n\t<meta property=\"og:image:height\" content=\"500\" \/>\n\t<meta property=\"og:image:type\" content=\"image\/png\" \/>\n<meta name=\"twitter:card\" content=\"summary_large_image\" \/>\n<meta name=\"twitter:label1\" content=\"Pre\u021b\" \/>\n\t<meta name=\"twitter:data1\" content=\"\" \/>\n\t<meta name=\"twitter:label2\" content=\"Disponibilitate\" \/>\n\t<meta name=\"twitter:data2\" content=\"\u00cen stoc\" \/>\n<script type=\"application\/ld+json\" class=\"yoast-schema-graph\">{\"@context\":\"https:\/\/schema.org\",\"@graph\":[{\"@type\":\"WebPage\",\"@id\":\"https:\/\/dosingpump.shop\/nl\/product\/qdos-30-universal-santoprene-left\/\",\"url\":\"https:\/\/dosingpump.shop\/nl\/product\/qdos-30-universal-santoprene-left\/\",\"name\":\"Qdos 30 Universal - Santoprene - Left - Dosing Pump Shop B.V.\",\"isPartOf\":{\"@id\":\"https:\/\/dosingpump.shop\/de\/#website\"},\"primaryImageOfPage\":{\"@id\":\"https:\/\/dosingpump.shop\/nl\/product\/qdos-30-universal-santoprene-left\/#primaryimage\"},\"image\":{\"@id\":\"https:\/\/dosingpump.shop\/nl\/product\/qdos-30-universal-santoprene-left\/#primaryimage\"},\"thumbnailUrl\":\"https:\/\/dosingpump.shop\/wp-content\/uploads\/2025\/05\/Qdos-20.png\",\"datePublished\":\"2025-05-21T13:23:11+00:00\",\"dateModified\":\"2026-03-10T22:17:40+00:00\",\"breadcrumb\":{\"@id\":\"https:\/\/dosingpump.shop\/nl\/product\/qdos-30-universal-santoprene-left\/#breadcrumb\"},\"inLanguage\":\"ro-RO\",\"potentialAction\":[{\"@type\":\"ReadAction\",\"target\":[\"https:\/\/dosingpump.shop\/nl\/product\/qdos-30-universal-santoprene-left\/\"]}]},{\"@type\":\"ImageObject\",\"inLanguage\":\"ro-RO\",\"@id\":\"https:\/\/dosingpump.shop\/nl\/product\/qdos-30-universal-santoprene-left\/#primaryimage\",\"url\":\"https:\/\/dosingpump.shop\/wp-content\/uploads\/2025\/05\/Qdos-20.png\",\"contentUrl\":\"https:\/\/dosingpump.shop\/wp-content\/uploads\/2025\/05\/Qdos-20.png\",\"width\":500,\"height\":500},{\"@type\":\"BreadcrumbList\",\"@id\":\"https:\/\/dosingpump.shop\/nl\/product\/qdos-30-universal-santoprene-left\/#breadcrumb\",\"itemListElement\":[{\"@type\":\"ListItem\",\"position\":1,\"name\":\"Home\",\"item\":\"https:\/\/dosingpump.shop\/\"},{\"@type\":\"ListItem\",\"position\":2,\"name\":\"Shop\",\"item\":\"https:\/\/dosingpump.shop\/de\/shop\/\"},{\"@type\":\"ListItem\",\"position\":3,\"name\":\"Qdos 30 Universal &#8211; Santoprene &#8211; Left\"}]},{\"@type\":\"WebSite\",\"@id\":\"https:\/\/dosingpump.shop\/de\/#website\",\"url\":\"https:\/\/dosingpump.shop\/de\/\",\"name\":\"Dosing Pump Shop B.V.\",\"description\":\"\",\"publisher\":{\"@id\":\"https:\/\/dosingpump.shop\/de\/#organization\"},\"potentialAction\":[{\"@type\":\"SearchAction\",\"target\":{\"@type\":\"EntryPoint\",\"urlTemplate\":\"https:\/\/dosingpump.shop\/de\/?s={search_term_string}\"},\"query-input\":{\"@type\":\"PropertyValueSpecification\",\"valueRequired\":true,\"valueName\":\"search_term_string\"}}],\"inLanguage\":\"ro-RO\"},{\"@type\":\"Organization\",\"@id\":\"https:\/\/dosingpump.shop\/de\/#organization\",\"name\":\"Dosing Pump Shop B.V.\",\"url\":\"https:\/\/dosingpump.shop\/de\/\",\"logo\":{\"@type\":\"ImageObject\",\"inLanguage\":\"ro-RO\",\"@id\":\"https:\/\/dosingpump.shop\/de\/#\/schema\/logo\/image\/\",\"url\":\"https:\/\/dosingpump.shop\/wp-content\/uploads\/2024\/10\/Dosing-Pump-Shop-logo.png\",\"contentUrl\":\"https:\/\/dosingpump.shop\/wp-content\/uploads\/2024\/10\/Dosing-Pump-Shop-logo.png\",\"width\":350,\"height\":45,\"caption\":\"Dosing Pump Shop B.V.\"},\"image\":{\"@id\":\"https:\/\/dosingpump.shop\/de\/#\/schema\/logo\/image\/\"},\"sameAs\":[\"https:\/\/linkedin.com\/company\/dosing-pump-shop\"]}]}<\/script>\n<meta property=\"product:price:currency\" content=\"EUR\" \/>\n<meta property=\"og:availability\" content=\"instock\" \/>\n<meta property=\"product:availability\" content=\"instock\" \/>\n<meta property=\"product:retailer_item_id\" content=\"0M0.224L.GLE\" \/>\n<meta property=\"product:condition\" content=\"new\" \/>\n<!-- \/ Yoast SEO plugin. -->","yoast_head_json":{"title":"Qdos 30 Universal - Santoprene - St\u00e2nga - Dosing Pump Shop B.V.","robots":{"index":"index","follow":"follow","max-snippet":"max-snippet:-1","max-image-preview":"max-image-preview:large","max-video-preview":"max-video-preview:-1"},"canonical":"https:\/\/dosingpump.shop\/ro\/produs-2\/qdos-30-universal-santoprene-stanga\/","og_locale":"ro_RO","og_type":"article","og_title":"Qdos 30 Universal - Santoprene - Left - Dosing Pump Shop B.V.","og_description":"Geschikt voor precieze doseering  Geschikt voor lage flows  Beschermingsklasse van IP66 \/ NEMA 4X  Pompkop santoprene  Pompkop positite links  Beschikbaar vraag direct een offerte aan.","og_url":"https:\/\/dosingpump.shop\/ro\/produs-2\/qdos-30-universal-santoprene-stanga\/","og_site_name":"Dosing Pump Shop B.V.","article_modified_time":"2026-03-10T22:17:40+00:00","og_image":[{"width":500,"height":500,"url":"https:\/\/dosingpump.shop\/wp-content\/uploads\/2025\/05\/Qdos-20.png","type":"image\/png"}],"twitter_card":"summary_large_image","twitter_misc":{"Pre\u021b":"","Disponibilitate":"\u00cen stoc"},"schema":{"@context":"https:\/\/schema.org","@graph":[{"@type":"WebPage","@id":"https:\/\/dosingpump.shop\/nl\/product\/qdos-30-universal-santoprene-left\/","url":"https:\/\/dosingpump.shop\/nl\/product\/qdos-30-universal-santoprene-left\/","name":"Qdos 30 Universal - Santoprene - St\u00e2nga - Dosing Pump Shop B.V.","isPartOf":{"@id":"https:\/\/dosingpump.shop\/de\/#website"},"primaryImageOfPage":{"@id":"https:\/\/dosingpump.shop\/nl\/product\/qdos-30-universal-santoprene-left\/#primaryimage"},"image":{"@id":"https:\/\/dosingpump.shop\/nl\/product\/qdos-30-universal-santoprene-left\/#primaryimage"},"thumbnailUrl":"https:\/\/dosingpump.shop\/wp-content\/uploads\/2025\/05\/Qdos-20.png","datePublished":"2025-05-21T13:23:11+00:00","dateModified":"2026-03-10T22:17:40+00:00","breadcrumb":{"@id":"https:\/\/dosingpump.shop\/nl\/product\/qdos-30-universal-santoprene-left\/#breadcrumb"},"inLanguage":"ro-RO","potentialAction":[{"@type":"ReadAction","target":["https:\/\/dosingpump.shop\/nl\/product\/qdos-30-universal-santoprene-left\/"]}]},{"@type":"ImageObject","inLanguage":"ro-RO","@id":"https:\/\/dosingpump.shop\/nl\/product\/qdos-30-universal-santoprene-left\/#primaryimage","url":"https:\/\/dosingpump.shop\/wp-content\/uploads\/2025\/05\/Qdos-20.png","contentUrl":"https:\/\/dosingpump.shop\/wp-content\/uploads\/2025\/05\/Qdos-20.png","width":500,"height":500},{"@type":"BreadcrumbList","@id":"https:\/\/dosingpump.shop\/nl\/product\/qdos-30-universal-santoprene-left\/#breadcrumb","itemListElement":[{"@type":"ListItem","position":1,"name":"Home","item":"https:\/\/dosingpump.shop\/"},{"@type":"ListItem","position":2,"name":"Shop","item":"https:\/\/dosingpump.shop\/de\/shop\/"},{"@type":"ListItem","position":3,"name":"Qdos 30 Universal &#8211; Santoprene &#8211; Left"}]},{"@type":"WebSite","@id":"https:\/\/dosingpump.shop\/de\/#website","url":"https:\/\/dosingpump.shop\/de\/","name":"Dosing Pump Shop B.V.","description":"","publisher":{"@id":"https:\/\/dosingpump.shop\/de\/#organization"},"potentialAction":[{"@type":"SearchAction","target":{"@type":"EntryPoint","urlTemplate":"https:\/\/dosingpump.shop\/de\/?s={search_term_string}"},"query-input":{"@type":"PropertyValueSpecification","valueRequired":true,"valueName":"search_term_string"}}],"inLanguage":"ro-RO"},{"@type":"Organization","@id":"https:\/\/dosingpump.shop\/de\/#organization","name":"Dosing Pump Shop B.V.","url":"https:\/\/dosingpump.shop\/de\/","logo":{"@type":"ImageObject","inLanguage":"ro-RO","@id":"https:\/\/dosingpump.shop\/de\/#\/schema\/logo\/image\/","url":"https:\/\/dosingpump.shop\/wp-content\/uploads\/2024\/10\/Dosing-Pump-Shop-logo.png","contentUrl":"https:\/\/dosingpump.shop\/wp-content\/uploads\/2024\/10\/Dosing-Pump-Shop-logo.png","width":350,"height":45,"caption":"Dosing Pump Shop B.V."},"image":{"@id":"https:\/\/dosingpump.shop\/de\/#\/schema\/logo\/image\/"},"sameAs":["https:\/\/linkedin.com\/company\/dosing-pump-shop"]}]},"product_price_currency":"EUR","og_availability":"instock","product_availability":"instock","product_retailer_item_id":"0M0.224L.GLE","product_condition":"new"},"_links":{"self":[{"href":"https:\/\/dosingpump.shop\/ro\/wp-json\/wp\/v2\/product\/7037","targetHints":{"allow":["GET"]}}],"collection":[{"href":"https:\/\/dosingpump.shop\/ro\/wp-json\/wp\/v2\/product"}],"about":[{"href":"https:\/\/dosingpump.shop\/ro\/wp-json\/wp\/v2\/types\/product"}],"wp:featuredmedia":[{"embeddable":true,"href":"https:\/\/dosingpump.shop\/ro\/wp-json\/wp\/v2\/media\/6975"}],"wp:attachment":[{"href":"https:\/\/dosingpump.shop\/ro\/wp-json\/wp\/v2\/media?parent=7037"}],"wp:term":[{"taxonomy":"product_brand","embeddable":true,"href":"https:\/\/dosingpump.shop\/ro\/wp-json\/wp\/v2\/product_brand?post=7037"},{"taxonomy":"product_cat","embeddable":true,"href":"https:\/\/dosingpump.shop\/ro\/wp-json\/wp\/v2\/product_cat?post=7037"},{"taxonomy":"product_tag","embeddable":true,"href":"https:\/\/dosingpump.shop\/ro\/wp-json\/wp\/v2\/product_tag?post=7037"}],"curies":[{"name":"wp","href":"https:\/\/api.w.org\/{rel}","templated":true}]}}