{"id":7474,"date":"2025-06-18T09:14:45","date_gmt":"2025-06-18T07:14:45","guid":{"rendered":"https:\/\/dosingpump.shop\/?post_type=product&#038;p=7474"},"modified":"2026-02-27T14:50:32","modified_gmt":"2026-02-27T12:50:32","slug":"dps-mp2-r-6l-u-1-bar","status":"publish","type":"product","link":"https:\/\/dosingpump.shop\/ro\/product\/dps-mp2-r-6l-u-1-bar\/","title":{"rendered":"DPS2-R - 6l\/h - 1 bar"},"content":{"rendered":"<p>Pompa peristaltic\u0103 DPS2-R este o pomp\u0103 de dozare robust\u0103 \u0219i fiabil\u0103, ideal\u0103 pentru aplica\u021biile \u00een care trebuie s\u0103 doza\u021bi cu precizie lichide, inclusiv substan\u021be chimice precum clorul \u0219i diver\u0219i acizi, \u00een mod regulat. Datorit\u0103 carcasei sale robuste din polipropilen\u0103 \u0219i a panoului frontal din policarbonat, aceast\u0103 pomp\u0103 este construit\u0103 pentru durabilitate. Inima pompei, furtunul peristaltic Santoprene, asigur\u0103 o rezisten\u021b\u0103 chimic\u0103 excelent\u0103.<\/p>\n<p>Ceea ce face aceast\u0103 pomp\u0103 special\u0103 este debitul s\u0103u reglabil continuu, care v\u0103 permite s\u0103 regla\u021bi dozajul cu o precizie extrem\u0103. \u00cen func\u021bie de versiunea specific\u0103, DPS2-R poate doza p\u00e2n\u0103 la 20 de litri pe or\u0103 \u0219i atinge o presiune maxim\u0103 de 3 bar. Pentru informa\u021bii detaliate privind diferitele versiuni \u0219i specifica\u021biile acestora, v\u0103 rug\u0103m s\u0103 consulta\u021bi specifica\u021biile tehnice.<\/p>\n<p>Pute\u021bi \u00eencepe s\u0103 utiliza\u021bi DPS2-R imediat, deoarece pompa este dotat\u0103 cu un furtun de presiune \u0219i aspira\u021bie lung de 2 metri, un filtru de aspira\u021bie \u0219i un racord de injec\u021bie. Materialul de montare necesar este, de asemenea, inclus. Racordurile furtunului au o dimensiune standard de 4\u00d76 mm. \u00cen plus, aceast\u0103 pomp\u0103 de dozare poate fi u\u0219or \u00eencorporat\u0103 \u00eentr-un control existent prin comutarea tensiunii de alimentare standard de 230 vol\u021bi. Pompa este proiectat\u0103 pentru o tensiune de alimentare multitensiune de 20-260 V.<\/p>\n<p>V\u0103 rug\u0103m s\u0103 re\u021bine\u021bi c\u0103 pompa peristaltic\u0103 DPS2-R nu este potrivit\u0103 pentru utilizare continu\u0103. Furtunul peristaltic, de\u0219i foarte rezistent, trebuie verificat periodic \u0219i \u00eenlocuit dac\u0103 este necesar. Furtunurile de rezerv\u0103 sunt u\u0219or disponibile \u00een magazinul nostru online. Pentru aplica\u021bii specifice, este disponibil \u0219i un furtun din silicon la un cost suplimentar.<\/p>","protected":false},"excerpt":{"rendered":"<ul>\n<li>Pomp\u0103 mic\u0103, dar excelent\u0103<\/li>\n<li>Debit maxim de 6 l\/h<\/li>\n<li>Presiune maxim\u0103 de 1 bar<\/li>\n<\/ul>\n<p>Livrat cu \u0219uruburi, furtun PE \u0219i PVC, plac\u0103 de montare, filtru de aspira\u021bie \u0219i supap\u0103 de injec\u021bie<\/p>","protected":false},"featured_media":7470,"template":"","meta":[],"product_brand":[],"product_cat":[291],"product_tag":[],"class_list":{"0":"post-7474","1":"product","2":"type-product","3":"status-publish","4":"has-post-thumbnail","6":"product_cat-dps-slangenpompen","8":"first","9":"instock","10":"taxable","11":"shipping-taxable","12":"purchasable","13":"product-type-simple"},"yoast_head":"<!-- This site is optimized with the Yoast SEO plugin v27.2 - https:\/\/yoast.com\/product\/yoast-seo-wordpress\/ -->\n<title>DPS2-R - 6l\/u - 1 Bar - Dosing Pump Shop B.V.<\/title>\n<meta name=\"robots\" content=\"index, follow, max-snippet:-1, max-image-preview:large, max-video-preview:-1\" \/>\n<link rel=\"canonical\" href=\"https:\/\/dosingpump.shop\/ro\/produs-2\/dps-mp2-r-6l-u-1-bar\/\" \/>\n<meta property=\"og:locale\" content=\"ro_RO\" \/>\n<meta property=\"og:type\" content=\"article\" \/>\n<meta property=\"og:title\" content=\"DPS2-R - 6l\/u - 1 Bar - Dosing Pump Shop B.V.\" \/>\n<meta property=\"og:description\" content=\"Kleine maar uitstekend werkende pomp  Maximale flow van 6 l\/u  Maximale druk van 1 bar  Wordt geleverd met schroeven, PE en PVC slang, montageplaat, aanzuigfilter en injectieventiel\" \/>\n<meta property=\"og:url\" content=\"https:\/\/dosingpump.shop\/ro\/produs-2\/dps-mp2-r-6l-u-1-bar\/\" \/>\n<meta property=\"og:site_name\" content=\"Dosing Pump Shop B.V.\" \/>\n<meta property=\"article:modified_time\" content=\"2026-02-27T12:50:32+00:00\" \/>\n<meta property=\"og:image\" content=\"https:\/\/dosingpump.shop\/wp-content\/uploads\/2025\/06\/Microdos-Pomp.png\" \/>\n\t<meta property=\"og:image:width\" content=\"500\" \/>\n\t<meta property=\"og:image:height\" content=\"500\" \/>\n\t<meta property=\"og:image:type\" content=\"image\/png\" \/>\n<meta name=\"twitter:card\" content=\"summary_large_image\" \/>\n<meta name=\"twitter:label1\" content=\"Pre\u021b\" \/>\n\t<meta name=\"twitter:data1\" content=\"&euro;169,00\" \/>\n\t<meta name=\"twitter:label2\" content=\"Disponibilitate\" \/>\n\t<meta name=\"twitter:data2\" content=\"\u00cen stoc\" \/>\n<script type=\"application\/ld+json\" class=\"yoast-schema-graph\">{\"@context\":\"https:\/\/schema.org\",\"@graph\":[{\"@type\":\"WebPage\",\"@id\":\"https:\/\/dosingpump.shop\/dk\/produkt\/dps-mp2-r-6l-u-1-bar\/\",\"url\":\"https:\/\/dosingpump.shop\/dk\/produkt\/dps-mp2-r-6l-u-1-bar\/\",\"name\":\"DPS2-R - 6l\/u - 1 Bar - Dosing Pump Shop B.V.\",\"isPartOf\":{\"@id\":\"https:\/\/dosingpump.shop\/de\/#website\"},\"primaryImageOfPage\":{\"@id\":\"https:\/\/dosingpump.shop\/dk\/produkt\/dps-mp2-r-6l-u-1-bar\/#primaryimage\"},\"image\":{\"@id\":\"https:\/\/dosingpump.shop\/dk\/produkt\/dps-mp2-r-6l-u-1-bar\/#primaryimage\"},\"thumbnailUrl\":\"https:\/\/dosingpump.shop\/wp-content\/uploads\/2025\/06\/Microdos-Pomp.png\",\"datePublished\":\"2025-06-18T07:14:45+00:00\",\"dateModified\":\"2026-02-27T12:50:32+00:00\",\"breadcrumb\":{\"@id\":\"https:\/\/dosingpump.shop\/dk\/produkt\/dps-mp2-r-6l-u-1-bar\/#breadcrumb\"},\"inLanguage\":\"ro-RO\",\"potentialAction\":[{\"@type\":\"ReadAction\",\"target\":[\"https:\/\/dosingpump.shop\/dk\/produkt\/dps-mp2-r-6l-u-1-bar\/\"]}]},{\"@type\":\"ImageObject\",\"inLanguage\":\"ro-RO\",\"@id\":\"https:\/\/dosingpump.shop\/dk\/produkt\/dps-mp2-r-6l-u-1-bar\/#primaryimage\",\"url\":\"https:\/\/dosingpump.shop\/wp-content\/uploads\/2025\/06\/Microdos-Pomp.png\",\"contentUrl\":\"https:\/\/dosingpump.shop\/wp-content\/uploads\/2025\/06\/Microdos-Pomp.png\",\"width\":500,\"height\":500},{\"@type\":\"BreadcrumbList\",\"@id\":\"https:\/\/dosingpump.shop\/dk\/produkt\/dps-mp2-r-6l-u-1-bar\/#breadcrumb\",\"itemListElement\":[{\"@type\":\"ListItem\",\"position\":1,\"name\":\"Home\",\"item\":\"https:\/\/dosingpump.shop\/\"},{\"@type\":\"ListItem\",\"position\":2,\"name\":\"Shop\",\"item\":\"https:\/\/dosingpump.shop\/de\/shop\/\"},{\"@type\":\"ListItem\",\"position\":3,\"name\":\"DPS2-R &#8211; 6l\/u &#8211; 1 Bar\"}]},{\"@type\":\"WebSite\",\"@id\":\"https:\/\/dosingpump.shop\/de\/#website\",\"url\":\"https:\/\/dosingpump.shop\/de\/\",\"name\":\"Dosing Pump Shop B.V.\",\"description\":\"\",\"publisher\":{\"@id\":\"https:\/\/dosingpump.shop\/de\/#organization\"},\"potentialAction\":[{\"@type\":\"SearchAction\",\"target\":{\"@type\":\"EntryPoint\",\"urlTemplate\":\"https:\/\/dosingpump.shop\/de\/?s={search_term_string}\"},\"query-input\":{\"@type\":\"PropertyValueSpecification\",\"valueRequired\":true,\"valueName\":\"search_term_string\"}}],\"inLanguage\":\"ro-RO\"},{\"@type\":\"Organization\",\"@id\":\"https:\/\/dosingpump.shop\/de\/#organization\",\"name\":\"Dosing Pump Shop B.V.\",\"url\":\"https:\/\/dosingpump.shop\/de\/\",\"logo\":{\"@type\":\"ImageObject\",\"inLanguage\":\"ro-RO\",\"@id\":\"https:\/\/dosingpump.shop\/de\/#\/schema\/logo\/image\/\",\"url\":\"https:\/\/dosingpump.shop\/wp-content\/uploads\/2024\/10\/Dosing-Pump-Shop-logo.png\",\"contentUrl\":\"https:\/\/dosingpump.shop\/wp-content\/uploads\/2024\/10\/Dosing-Pump-Shop-logo.png\",\"width\":350,\"height\":45,\"caption\":\"Dosing Pump Shop B.V.\"},\"image\":{\"@id\":\"https:\/\/dosingpump.shop\/de\/#\/schema\/logo\/image\/\"},\"sameAs\":[\"https:\/\/linkedin.com\/company\/dosing-pump-shop\"]}]}<\/script>\n<meta property=\"product:price:amount\" content=\"169.00\" \/>\n<meta property=\"product:price:currency\" content=\"EUR\" \/>\n<meta property=\"og:availability\" content=\"instock\" \/>\n<meta property=\"product:availability\" content=\"instock\" \/>\n<meta property=\"product:retailer_item_id\" content=\"DPS2R6LU1BAR\" \/>\n<meta property=\"product:condition\" content=\"new\" \/>\n<!-- \/ Yoast SEO plugin. -->","yoast_head_json":{"title":"DPS2-R - 6l\/h - 1 Bar - Dosing Pump Shop B.V.","robots":{"index":"index","follow":"follow","max-snippet":"max-snippet:-1","max-image-preview":"max-image-preview:large","max-video-preview":"max-video-preview:-1"},"canonical":"https:\/\/dosingpump.shop\/ro\/produs-2\/dps-mp2-r-6l-u-1-bar\/","og_locale":"ro_RO","og_type":"article","og_title":"DPS2-R - 6l\/u - 1 Bar - Dosing Pump Shop B.V.","og_description":"Kleine maar uitstekend werkende pomp  Maximale flow van 6 l\/u  Maximale druk van 1 bar  Wordt geleverd met schroeven, PE en PVC slang, montageplaat, aanzuigfilter en injectieventiel","og_url":"https:\/\/dosingpump.shop\/ro\/produs-2\/dps-mp2-r-6l-u-1-bar\/","og_site_name":"Dosing Pump Shop B.V.","article_modified_time":"2026-02-27T12:50:32+00:00","og_image":[{"width":500,"height":500,"url":"https:\/\/dosingpump.shop\/wp-content\/uploads\/2025\/06\/Microdos-Pomp.png","type":"image\/png"}],"twitter_card":"summary_large_image","twitter_misc":{"Pre\u021b":"&euro;169,00","Disponibilitate":"\u00cen stoc"},"schema":{"@context":"https:\/\/schema.org","@graph":[{"@type":"WebPage","@id":"https:\/\/dosingpump.shop\/dk\/produkt\/dps-mp2-r-6l-u-1-bar\/","url":"https:\/\/dosingpump.shop\/dk\/produkt\/dps-mp2-r-6l-u-1-bar\/","name":"DPS2-R - 6l\/h - 1 Bar - Dosing Pump Shop B.V.","isPartOf":{"@id":"https:\/\/dosingpump.shop\/de\/#website"},"primaryImageOfPage":{"@id":"https:\/\/dosingpump.shop\/dk\/produkt\/dps-mp2-r-6l-u-1-bar\/#primaryimage"},"image":{"@id":"https:\/\/dosingpump.shop\/dk\/produkt\/dps-mp2-r-6l-u-1-bar\/#primaryimage"},"thumbnailUrl":"https:\/\/dosingpump.shop\/wp-content\/uploads\/2025\/06\/Microdos-Pomp.png","datePublished":"2025-06-18T07:14:45+00:00","dateModified":"2026-02-27T12:50:32+00:00","breadcrumb":{"@id":"https:\/\/dosingpump.shop\/dk\/produkt\/dps-mp2-r-6l-u-1-bar\/#breadcrumb"},"inLanguage":"ro-RO","potentialAction":[{"@type":"ReadAction","target":["https:\/\/dosingpump.shop\/dk\/produkt\/dps-mp2-r-6l-u-1-bar\/"]}]},{"@type":"ImageObject","inLanguage":"ro-RO","@id":"https:\/\/dosingpump.shop\/dk\/produkt\/dps-mp2-r-6l-u-1-bar\/#primaryimage","url":"https:\/\/dosingpump.shop\/wp-content\/uploads\/2025\/06\/Microdos-Pomp.png","contentUrl":"https:\/\/dosingpump.shop\/wp-content\/uploads\/2025\/06\/Microdos-Pomp.png","width":500,"height":500},{"@type":"BreadcrumbList","@id":"https:\/\/dosingpump.shop\/dk\/produkt\/dps-mp2-r-6l-u-1-bar\/#breadcrumb","itemListElement":[{"@type":"ListItem","position":1,"name":"Home","item":"https:\/\/dosingpump.shop\/"},{"@type":"ListItem","position":2,"name":"Shop","item":"https:\/\/dosingpump.shop\/de\/shop\/"},{"@type":"ListItem","position":3,"name":"DPS2-R &#8211; 6l\/u &#8211; 1 Bar"}]},{"@type":"WebSite","@id":"https:\/\/dosingpump.shop\/de\/#website","url":"https:\/\/dosingpump.shop\/de\/","name":"Dosing Pump Shop B.V.","description":"","publisher":{"@id":"https:\/\/dosingpump.shop\/de\/#organization"},"potentialAction":[{"@type":"SearchAction","target":{"@type":"EntryPoint","urlTemplate":"https:\/\/dosingpump.shop\/de\/?s={search_term_string}"},"query-input":{"@type":"PropertyValueSpecification","valueRequired":true,"valueName":"search_term_string"}}],"inLanguage":"ro-RO"},{"@type":"Organization","@id":"https:\/\/dosingpump.shop\/de\/#organization","name":"Dosing Pump Shop B.V.","url":"https:\/\/dosingpump.shop\/de\/","logo":{"@type":"ImageObject","inLanguage":"ro-RO","@id":"https:\/\/dosingpump.shop\/de\/#\/schema\/logo\/image\/","url":"https:\/\/dosingpump.shop\/wp-content\/uploads\/2024\/10\/Dosing-Pump-Shop-logo.png","contentUrl":"https:\/\/dosingpump.shop\/wp-content\/uploads\/2024\/10\/Dosing-Pump-Shop-logo.png","width":350,"height":45,"caption":"Dosing Pump Shop B.V."},"image":{"@id":"https:\/\/dosingpump.shop\/de\/#\/schema\/logo\/image\/"},"sameAs":["https:\/\/linkedin.com\/company\/dosing-pump-shop"]}]},"product_price_amount":"169.00","product_price_currency":"EUR","og_availability":"instock","product_availability":"instock","product_retailer_item_id":"DPS2R6LU1BAR","product_condition":"new"},"_links":{"self":[{"href":"https:\/\/dosingpump.shop\/ro\/wp-json\/wp\/v2\/product\/7474","targetHints":{"allow":["GET"]}}],"collection":[{"href":"https:\/\/dosingpump.shop\/ro\/wp-json\/wp\/v2\/product"}],"about":[{"href":"https:\/\/dosingpump.shop\/ro\/wp-json\/wp\/v2\/types\/product"}],"wp:featuredmedia":[{"embeddable":true,"href":"https:\/\/dosingpump.shop\/ro\/wp-json\/wp\/v2\/media\/7470"}],"wp:attachment":[{"href":"https:\/\/dosingpump.shop\/ro\/wp-json\/wp\/v2\/media?parent=7474"}],"wp:term":[{"taxonomy":"product_brand","embeddable":true,"href":"https:\/\/dosingpump.shop\/ro\/wp-json\/wp\/v2\/product_brand?post=7474"},{"taxonomy":"product_cat","embeddable":true,"href":"https:\/\/dosingpump.shop\/ro\/wp-json\/wp\/v2\/product_cat?post=7474"},{"taxonomy":"product_tag","embeddable":true,"href":"https:\/\/dosingpump.shop\/ro\/wp-json\/wp\/v2\/product_tag?post=7474"}],"curies":[{"name":"wp","href":"https:\/\/api.w.org\/{rel}","templated":true}]}}