{"id":7613,"date":"2025-07-01T12:05:58","date_gmt":"2025-07-01T10:05:58","guid":{"rendered":"https:\/\/dosingpump.shop\/product\/pompkop-k-v-4x6-pvdffpce\/"},"modified":"2026-02-27T14:50:35","modified_gmt":"2026-02-27T12:50:35","slug":"cap-de-pompa-k-v-4x6-pvdffpce","status":"publish","type":"product","link":"https:\/\/dosingpump.shop\/ro\/product\/pompkop-k-v-4x6-pvdffpce\/","title":{"rendered":"Cap de pompare K V 4X6 (PVDF+FP+CE)"},"content":{"rendered":"<p>Capetele de pompare Emec sunt componentele esen\u021biale care asigur\u0103 dozarea precis\u0103 \u0219i fiabil\u0103 a lichidelor \u00eentr-o gam\u0103 larg\u0103 de aplica\u021bii industriale \u0219i comerciale. Acestea sunt piesa central\u0103 opera\u021bional\u0103 esen\u021bial\u0103 a oric\u0103rui sistem de dozare Emec, fiecare detaliu fiind conceput pentru a asigura eficien\u021b\u0103 \u0219i durabilitate maxime.<\/p>\n<p>Aceste capete de pomp\u0103 sunt fabricate din materiale de \u00eenalt\u0103 calitate, alese special \u00een func\u021bie de lichidul care urmeaz\u0103 s\u0103 fie distribuit, fie c\u0103 este vorba de substan\u021be chimice agresive, solu\u021bii v\u00e2scoase sau reactivi delica\u021bi. Acest lucru asigur\u0103 o rezisten\u021b\u0103 chimic\u0103 excep\u021bional\u0103 \u0219i longevitate chiar \u0219i \u00een cele mai solicitante condi\u021bii. Designul intern bine g\u00e2ndit minimizeaz\u0103 uzura \u0219i optimizeaz\u0103 fluxul de lichid, rezult\u00e2nd o dozare consistent\u0103 \u0219i reproductibil\u0103.<\/p>\n<p>Precizia capetelor de pomp\u0103 este vital\u0103 pentru procesele \u00een care fiecare pic\u0103tur\u0103 conteaz\u0103. Acestea garanteaz\u0103 o dozare controlat\u0103 \u0219i stabil\u0103, care este esen\u021bial\u0103 pentru controlul calit\u0103\u021bii, utilizarea eficient\u0103 a materiilor prime \u0219i respectarea parametrilor procesului. Emec ofer\u0103 o diversitate de capete de pomp\u0103 cu debite \u0219i presiuni diferite, ceea ce le face potrivite pentru o gam\u0103 larg\u0103 de aplica\u021bii, de la tratarea apei \u0219i procesele chimice p\u00e2n\u0103 la agricultur\u0103 \u0219i industria alimentar\u0103.<\/p>\n<p>Pe scurt, capetele de pomp\u0103 Emec sunt veriga indispensabil\u0103 care asigur\u0103 fiabilitatea \u0219i acurate\u021bea proceselor de dozare, contribuind semnificativ la performan\u021ba \u0219i eficien\u021ba general\u0103 a sistemului dumneavoastr\u0103.<\/p>","protected":false},"excerpt":{"rendered":"<ul>\n<li>Fabricat din materiale de \u00eenalt\u0103 calitate<\/li>\n<li>Pentru o dozare precis\u0103 \u0219i fiabil\u0103<\/li>\n<li>Potrivit pentru pompele de dozare emec<\/li>\n<\/ul>\n<p>Nu v\u0103 pute\u021bi da seama? Atunci lua\u021bi leg\u0103tura cu noi, suntem gata s\u0103 v\u0103 ajut\u0103m.<\/p>","protected":false},"featured_media":7712,"template":"","meta":[],"product_brand":[],"product_cat":[236],"product_tag":[],"class_list":{"0":"post-7613","1":"product","2":"type-product","3":"status-publish","4":"has-post-thumbnail","6":"product_cat-pompkoppen","8":"first","9":"instock","10":"taxable","11":"shipping-taxable","12":"purchasable","13":"product-type-simple"},"yoast_head":"<!-- This site is optimized with the Yoast SEO plugin v27.2 - https:\/\/yoast.com\/product\/yoast-seo-wordpress\/ -->\n<title>Pompkop K V 4X6 (PVDF+FP+CE) - Dosing Pump Shop B.V.<\/title>\n<meta name=\"robots\" content=\"index, follow, max-snippet:-1, max-image-preview:large, max-video-preview:-1\" \/>\n<link rel=\"canonical\" href=\"https:\/\/dosingpump.shop\/ro\/produs-2\/cap-de-pompa-k-v-4x6-pvdffpce\/\" \/>\n<meta property=\"og:locale\" content=\"ro_RO\" \/>\n<meta property=\"og:type\" content=\"article\" \/>\n<meta property=\"og:title\" content=\"Pompkop K V 4X6 (PVDF+FP+CE) - Dosing Pump Shop B.V.\" \/>\n<meta property=\"og:description\" content=\"Gemaakt van hoogwaardige materialen  Voor nauwkeurige en betrouwbare dosering  Geschikt voor emec doseerpompen  Kom je er niet aan uit? Neem dan contact op wij staan klaar om u te helpen.\" \/>\n<meta property=\"og:url\" content=\"https:\/\/dosingpump.shop\/ro\/produs-2\/cap-de-pompa-k-v-4x6-pvdffpce\/\" \/>\n<meta property=\"og:site_name\" content=\"Dosing Pump Shop B.V.\" \/>\n<meta property=\"article:modified_time\" content=\"2026-02-27T12:50:35+00:00\" \/>\n<meta property=\"og:image\" content=\"https:\/\/dosingpump.shop\/wp-content\/uploads\/2025\/07\/Emec-Pumphead-PVDF.png\" \/>\n\t<meta property=\"og:image:width\" content=\"500\" \/>\n\t<meta property=\"og:image:height\" content=\"500\" \/>\n\t<meta property=\"og:image:type\" content=\"image\/png\" \/>\n<meta name=\"twitter:card\" content=\"summary_large_image\" \/>\n<meta name=\"twitter:label1\" content=\"Pre\u021b\" \/>\n\t<meta name=\"twitter:data1\" content=\"&euro;46,00\" \/>\n\t<meta name=\"twitter:label2\" content=\"Disponibilitate\" \/>\n\t<meta name=\"twitter:data2\" content=\"\u00cen stoc\" \/>\n<script type=\"application\/ld+json\" class=\"yoast-schema-graph\">{\"@context\":\"https:\/\/schema.org\",\"@graph\":[{\"@type\":\"WebPage\",\"@id\":\"https:\/\/dosingpump.shop\/pl\/produkt-2\/pumphead-k-v-4x6-pvdffpce\/\",\"url\":\"https:\/\/dosingpump.shop\/pl\/produkt-2\/pumphead-k-v-4x6-pvdffpce\/\",\"name\":\"Pompkop K V 4X6 (PVDF+FP+CE) - Dosing Pump Shop B.V.\",\"isPartOf\":{\"@id\":\"https:\/\/dosingpump.shop\/de\/#website\"},\"primaryImageOfPage\":{\"@id\":\"https:\/\/dosingpump.shop\/pl\/produkt-2\/pumphead-k-v-4x6-pvdffpce\/#primaryimage\"},\"image\":{\"@id\":\"https:\/\/dosingpump.shop\/pl\/produkt-2\/pumphead-k-v-4x6-pvdffpce\/#primaryimage\"},\"thumbnailUrl\":\"https:\/\/dosingpump.shop\/wp-content\/uploads\/2025\/07\/Emec-Pumphead-PVDF.png\",\"datePublished\":\"2025-07-01T10:05:58+00:00\",\"dateModified\":\"2026-02-27T12:50:35+00:00\",\"breadcrumb\":{\"@id\":\"https:\/\/dosingpump.shop\/pl\/produkt-2\/pumphead-k-v-4x6-pvdffpce\/#breadcrumb\"},\"inLanguage\":\"ro-RO\",\"potentialAction\":[{\"@type\":\"ReadAction\",\"target\":[\"https:\/\/dosingpump.shop\/pl\/produkt-2\/pumphead-k-v-4x6-pvdffpce\/\"]}]},{\"@type\":\"ImageObject\",\"inLanguage\":\"ro-RO\",\"@id\":\"https:\/\/dosingpump.shop\/pl\/produkt-2\/pumphead-k-v-4x6-pvdffpce\/#primaryimage\",\"url\":\"https:\/\/dosingpump.shop\/wp-content\/uploads\/2025\/07\/Emec-Pumphead-PVDF.png\",\"contentUrl\":\"https:\/\/dosingpump.shop\/wp-content\/uploads\/2025\/07\/Emec-Pumphead-PVDF.png\",\"width\":500,\"height\":500},{\"@type\":\"BreadcrumbList\",\"@id\":\"https:\/\/dosingpump.shop\/pl\/produkt-2\/pumphead-k-v-4x6-pvdffpce\/#breadcrumb\",\"itemListElement\":[{\"@type\":\"ListItem\",\"position\":1,\"name\":\"Home\",\"item\":\"https:\/\/dosingpump.shop\/\"},{\"@type\":\"ListItem\",\"position\":2,\"name\":\"Shop\",\"item\":\"https:\/\/dosingpump.shop\/de\/shop\/\"},{\"@type\":\"ListItem\",\"position\":3,\"name\":\"Pompkop K V 4X6 (PVDF+FP+CE)\"}]},{\"@type\":\"WebSite\",\"@id\":\"https:\/\/dosingpump.shop\/de\/#website\",\"url\":\"https:\/\/dosingpump.shop\/de\/\",\"name\":\"Dosing Pump Shop B.V.\",\"description\":\"\",\"publisher\":{\"@id\":\"https:\/\/dosingpump.shop\/de\/#organization\"},\"potentialAction\":[{\"@type\":\"SearchAction\",\"target\":{\"@type\":\"EntryPoint\",\"urlTemplate\":\"https:\/\/dosingpump.shop\/de\/?s={search_term_string}\"},\"query-input\":{\"@type\":\"PropertyValueSpecification\",\"valueRequired\":true,\"valueName\":\"search_term_string\"}}],\"inLanguage\":\"ro-RO\"},{\"@type\":\"Organization\",\"@id\":\"https:\/\/dosingpump.shop\/de\/#organization\",\"name\":\"Dosing Pump Shop B.V.\",\"url\":\"https:\/\/dosingpump.shop\/de\/\",\"logo\":{\"@type\":\"ImageObject\",\"inLanguage\":\"ro-RO\",\"@id\":\"https:\/\/dosingpump.shop\/de\/#\/schema\/logo\/image\/\",\"url\":\"https:\/\/dosingpump.shop\/wp-content\/uploads\/2024\/10\/Dosing-Pump-Shop-logo.png\",\"contentUrl\":\"https:\/\/dosingpump.shop\/wp-content\/uploads\/2024\/10\/Dosing-Pump-Shop-logo.png\",\"width\":350,\"height\":45,\"caption\":\"Dosing Pump Shop B.V.\"},\"image\":{\"@id\":\"https:\/\/dosingpump.shop\/de\/#\/schema\/logo\/image\/\"},\"sameAs\":[\"https:\/\/linkedin.com\/company\/dosing-pump-shop\"]}]}<\/script>\n<meta property=\"product:price:amount\" content=\"46.00\" \/>\n<meta property=\"product:price:currency\" content=\"EUR\" \/>\n<meta property=\"og:availability\" content=\"instock\" \/>\n<meta property=\"product:availability\" content=\"instock\" \/>\n<meta property=\"product:retailer_item_id\" content=\"020.0987.1\" \/>\n<meta property=\"product:condition\" content=\"new\" \/>\n<!-- \/ Yoast SEO plugin. -->","yoast_head_json":{"title":"Cap de pompare K V 4X6 (PVDF+FP+CE) - Dosing Pump Shop B.V.","robots":{"index":"index","follow":"follow","max-snippet":"max-snippet:-1","max-image-preview":"max-image-preview:large","max-video-preview":"max-video-preview:-1"},"canonical":"https:\/\/dosingpump.shop\/ro\/produs-2\/cap-de-pompa-k-v-4x6-pvdffpce\/","og_locale":"ro_RO","og_type":"article","og_title":"Pompkop K V 4X6 (PVDF+FP+CE) - Dosing Pump Shop B.V.","og_description":"Gemaakt van hoogwaardige materialen  Voor nauwkeurige en betrouwbare dosering  Geschikt voor emec doseerpompen  Kom je er niet aan uit? Neem dan contact op wij staan klaar om u te helpen.","og_url":"https:\/\/dosingpump.shop\/ro\/produs-2\/cap-de-pompa-k-v-4x6-pvdffpce\/","og_site_name":"Dosing Pump Shop B.V.","article_modified_time":"2026-02-27T12:50:35+00:00","og_image":[{"width":500,"height":500,"url":"https:\/\/dosingpump.shop\/wp-content\/uploads\/2025\/07\/Emec-Pumphead-PVDF.png","type":"image\/png"}],"twitter_card":"summary_large_image","twitter_misc":{"Pre\u021b":"&euro;46,00","Disponibilitate":"\u00cen stoc"},"schema":{"@context":"https:\/\/schema.org","@graph":[{"@type":"WebPage","@id":"https:\/\/dosingpump.shop\/pl\/produkt-2\/pumphead-k-v-4x6-pvdffpce\/","url":"https:\/\/dosingpump.shop\/pl\/produkt-2\/pumphead-k-v-4x6-pvdffpce\/","name":"Cap de pompare K V 4X6 (PVDF+FP+CE) - Dosing Pump Shop B.V.","isPartOf":{"@id":"https:\/\/dosingpump.shop\/de\/#website"},"primaryImageOfPage":{"@id":"https:\/\/dosingpump.shop\/pl\/produkt-2\/pumphead-k-v-4x6-pvdffpce\/#primaryimage"},"image":{"@id":"https:\/\/dosingpump.shop\/pl\/produkt-2\/pumphead-k-v-4x6-pvdffpce\/#primaryimage"},"thumbnailUrl":"https:\/\/dosingpump.shop\/wp-content\/uploads\/2025\/07\/Emec-Pumphead-PVDF.png","datePublished":"2025-07-01T10:05:58+00:00","dateModified":"2026-02-27T12:50:35+00:00","breadcrumb":{"@id":"https:\/\/dosingpump.shop\/pl\/produkt-2\/pumphead-k-v-4x6-pvdffpce\/#breadcrumb"},"inLanguage":"ro-RO","potentialAction":[{"@type":"ReadAction","target":["https:\/\/dosingpump.shop\/pl\/produkt-2\/pumphead-k-v-4x6-pvdffpce\/"]}]},{"@type":"ImageObject","inLanguage":"ro-RO","@id":"https:\/\/dosingpump.shop\/pl\/produkt-2\/pumphead-k-v-4x6-pvdffpce\/#primaryimage","url":"https:\/\/dosingpump.shop\/wp-content\/uploads\/2025\/07\/Emec-Pumphead-PVDF.png","contentUrl":"https:\/\/dosingpump.shop\/wp-content\/uploads\/2025\/07\/Emec-Pumphead-PVDF.png","width":500,"height":500},{"@type":"BreadcrumbList","@id":"https:\/\/dosingpump.shop\/pl\/produkt-2\/pumphead-k-v-4x6-pvdffpce\/#breadcrumb","itemListElement":[{"@type":"ListItem","position":1,"name":"Home","item":"https:\/\/dosingpump.shop\/"},{"@type":"ListItem","position":2,"name":"Shop","item":"https:\/\/dosingpump.shop\/de\/shop\/"},{"@type":"ListItem","position":3,"name":"Pompkop K V 4X6 (PVDF+FP+CE)"}]},{"@type":"WebSite","@id":"https:\/\/dosingpump.shop\/de\/#website","url":"https:\/\/dosingpump.shop\/de\/","name":"Dosing Pump Shop B.V.","description":"","publisher":{"@id":"https:\/\/dosingpump.shop\/de\/#organization"},"potentialAction":[{"@type":"SearchAction","target":{"@type":"EntryPoint","urlTemplate":"https:\/\/dosingpump.shop\/de\/?s={search_term_string}"},"query-input":{"@type":"PropertyValueSpecification","valueRequired":true,"valueName":"search_term_string"}}],"inLanguage":"ro-RO"},{"@type":"Organization","@id":"https:\/\/dosingpump.shop\/de\/#organization","name":"Dosing Pump Shop B.V.","url":"https:\/\/dosingpump.shop\/de\/","logo":{"@type":"ImageObject","inLanguage":"ro-RO","@id":"https:\/\/dosingpump.shop\/de\/#\/schema\/logo\/image\/","url":"https:\/\/dosingpump.shop\/wp-content\/uploads\/2024\/10\/Dosing-Pump-Shop-logo.png","contentUrl":"https:\/\/dosingpump.shop\/wp-content\/uploads\/2024\/10\/Dosing-Pump-Shop-logo.png","width":350,"height":45,"caption":"Dosing Pump Shop B.V."},"image":{"@id":"https:\/\/dosingpump.shop\/de\/#\/schema\/logo\/image\/"},"sameAs":["https:\/\/linkedin.com\/company\/dosing-pump-shop"]}]},"product_price_amount":"46.00","product_price_currency":"EUR","og_availability":"instock","product_availability":"instock","product_retailer_item_id":"020.0987.1","product_condition":"new"},"_links":{"self":[{"href":"https:\/\/dosingpump.shop\/ro\/wp-json\/wp\/v2\/product\/7613","targetHints":{"allow":["GET"]}}],"collection":[{"href":"https:\/\/dosingpump.shop\/ro\/wp-json\/wp\/v2\/product"}],"about":[{"href":"https:\/\/dosingpump.shop\/ro\/wp-json\/wp\/v2\/types\/product"}],"wp:featuredmedia":[{"embeddable":true,"href":"https:\/\/dosingpump.shop\/ro\/wp-json\/wp\/v2\/media\/7712"}],"wp:attachment":[{"href":"https:\/\/dosingpump.shop\/ro\/wp-json\/wp\/v2\/media?parent=7613"}],"wp:term":[{"taxonomy":"product_brand","embeddable":true,"href":"https:\/\/dosingpump.shop\/ro\/wp-json\/wp\/v2\/product_brand?post=7613"},{"taxonomy":"product_cat","embeddable":true,"href":"https:\/\/dosingpump.shop\/ro\/wp-json\/wp\/v2\/product_cat?post=7613"},{"taxonomy":"product_tag","embeddable":true,"href":"https:\/\/dosingpump.shop\/ro\/wp-json\/wp\/v2\/product_tag?post=7613"}],"curies":[{"name":"wp","href":"https:\/\/api.w.org\/{rel}","templated":true}]}}