{"id":8120,"date":"2025-07-14T09:00:49","date_gmt":"2025-07-14T07:00:49","guid":{"rendered":"https:\/\/dosingpump.shop\/?post_type=product&#038;p=8120"},"modified":"2026-02-27T14:50:47","modified_gmt":"2026-02-27T12:50:47","slug":"kit-piese-de-schimb-cap-pompa-i-ppepce-20-bar-1l-h-4x6","status":"publish","type":"product","link":"https:\/\/dosingpump.shop\/ro\/product\/spare-part-kit-pompkop-i-ppepce-20-bar-1l-h-4x6\/","title":{"rendered":"Kit piese de schimb - Cap pomp\u0103 I (PP+EP+CE) - 20 Bar - 1l\/h - 4\u00d76"},"content":{"rendered":"<p>Piesele umede ale pompei dumneavoastr\u0103 de dozare Emec seria K pot necesita \u00eenlocuirea dup\u0103 un num\u0103r de ani. Uneori acest lucru se datoreaz\u0103 uzurii naturale, iar alteori pentru c\u0103 ceva a lovit \u00een mod nea\u0219teptat capul pompei, de exemplu. U\u0219ura\u021bi-v\u0103 munca cu acest kit complet de \u00eentre\u021binere a \"pieselor umede\" \u0219i pompa dumneavoastr\u0103 de dozare Emec KMS, KPLUS sau KCL va fi din nou ca nou\u0103!<\/p>\n<h2><b>Acest kit complet de piese de schimb vine cu:<\/b><\/h2>\n<ul>\n<li>Cap de pomp\u0103 asortat<\/li>\n<li>Supap\u0103 de injec\u021bie corespunz\u0103toare<\/li>\n<li>Supap\u0103 de picior<\/li>\n<li>2 metri de furtun din PVC \u0219i PE<\/li>\n<\/ul>\n<h3><b>Verific\u0103-\u021bi execu\u021bia!<\/b><\/h3>\n<p>Anun\u021ba\u021bi-ne \u00eentotdeauna care este versiunea exact\u0103 a seriei K pe care o ave\u021bi prin intermediul formularului de comentarii la comand\u0103. Apoi putem selecta configura\u021bia corect\u0103 a p\u0103r\u021bilor umede. Acest lucru este esen\u021bial pentru rezisten\u021ba chimic\u0103 \u0219i durata de via\u021b\u0103 a pompei dumneavoastr\u0103. Nu sunte\u021bi sigur? Atunci nu ezita\u021bi s\u0103 ne contacta\u021bi pentru sfaturi!<\/p>\n<p><em><strong>Sfaturi de siguran\u021b\u0103 pentru \u00eenlocuire:<\/strong><\/em> \u00cenainte de a \u00eenlocui piesele umede, este foarte important s\u0103 sp\u0103la\u021bi totul bine cu ap\u0103 pentru a elimina substan\u021bele chimice reziduale. De asemenea, v\u0103 recomand\u0103m insistent s\u0103 purta\u021bi m\u0103nu\u0219i \u0219i cel pu\u021bin ochelari de protec\u021bie pentru a evita contactul cu substan\u021bele chimice!<\/p>","protected":false},"excerpt":{"rendered":"<p>Kitul de piese de schimb vine cu:<\/p>\n<ul>\n<li>Cap de pomp\u0103 asortat<\/li>\n<li>Supap\u0103 de injec\u021bie corespunz\u0103toare<\/li>\n<li>Supap\u0103 de picior<\/li>\n<li>Furtun PVC \u0219i PE 2 metri<\/li>\n<\/ul>","protected":false},"featured_media":7972,"template":"","meta":[],"product_brand":[],"product_cat":[323,30],"product_tag":[],"class_list":{"0":"post-8120","1":"product","2":"type-product","3":"status-publish","4":"has-post-thumbnail","6":"product_cat-onderhoudsset","7":"product_cat-spare-parts","9":"first","10":"instock","11":"taxable","12":"shipping-taxable","13":"purchasable","14":"product-type-simple"},"yoast_head":"<!-- This site is optimized with the Yoast SEO plugin v27.2 - https:\/\/yoast.com\/product\/yoast-seo-wordpress\/ -->\n<title>Spare part kit - Pompkop I (PP+EP+CE) - 20 Bar - 1l\/h - 4x6 - Dosing Pump Shop B.V.<\/title>\n<meta name=\"robots\" content=\"index, follow, max-snippet:-1, max-image-preview:large, max-video-preview:-1\" \/>\n<link rel=\"canonical\" href=\"https:\/\/dosingpump.shop\/ro\/produs-2\/kit-piese-de-schimb-cap-pompa-i-ppepce-20-bar-1l-h-4x6\/\" \/>\n<meta property=\"og:locale\" content=\"ro_RO\" \/>\n<meta property=\"og:type\" content=\"article\" \/>\n<meta property=\"og:title\" content=\"Spare part kit - Pompkop I (PP+EP+CE) - 20 Bar - 1l\/h - 4x6 - Dosing Pump Shop B.V.\" \/>\n<meta property=\"og:description\" content=\"Spare part kit wordt geleverd met:   Bijpassende pompkop  Bijpassende injectieventiel  Voetklep  PVC en PE Slang 2 Meter\" \/>\n<meta property=\"og:url\" content=\"https:\/\/dosingpump.shop\/ro\/produs-2\/kit-piese-de-schimb-cap-pompa-i-ppepce-20-bar-1l-h-4x6\/\" \/>\n<meta property=\"og:site_name\" content=\"Dosing Pump Shop B.V.\" \/>\n<meta property=\"article:modified_time\" content=\"2026-02-27T12:50:47+00:00\" \/>\n<meta property=\"og:image\" content=\"https:\/\/dosingpump.shop\/wp-content\/uploads\/2024\/12\/Onderhoudsset.png\" \/>\n\t<meta property=\"og:image:width\" content=\"500\" \/>\n\t<meta property=\"og:image:height\" content=\"500\" \/>\n\t<meta property=\"og:image:type\" content=\"image\/png\" \/>\n<meta name=\"twitter:card\" content=\"summary_large_image\" \/>\n<meta name=\"twitter:label1\" content=\"Pre\u021b\" \/>\n\t<meta name=\"twitter:data1\" content=\"&euro;139,00\" \/>\n\t<meta name=\"twitter:label2\" content=\"Disponibilitate\" \/>\n\t<meta name=\"twitter:data2\" content=\"\u00cen stoc\" \/>\n<script type=\"application\/ld+json\" class=\"yoast-schema-graph\">{\"@context\":\"https:\/\/schema.org\",\"@graph\":[{\"@type\":\"WebPage\",\"@id\":\"https:\/\/dosingpump.shop\/fr\/produit\/kit-de-pieces-detachees-tete-de-pompe-i-ppepce-20-bar-1l-h-4x6\/\",\"url\":\"https:\/\/dosingpump.shop\/fr\/produit\/kit-de-pieces-detachees-tete-de-pompe-i-ppepce-20-bar-1l-h-4x6\/\",\"name\":\"Spare part kit - Pompkop I (PP+EP+CE) - 20 Bar - 1l\/h - 4x6 - Dosing Pump Shop B.V.\",\"isPartOf\":{\"@id\":\"https:\/\/dosingpump.shop\/de\/#website\"},\"primaryImageOfPage\":{\"@id\":\"https:\/\/dosingpump.shop\/fr\/produit\/kit-de-pieces-detachees-tete-de-pompe-i-ppepce-20-bar-1l-h-4x6\/#primaryimage\"},\"image\":{\"@id\":\"https:\/\/dosingpump.shop\/fr\/produit\/kit-de-pieces-detachees-tete-de-pompe-i-ppepce-20-bar-1l-h-4x6\/#primaryimage\"},\"thumbnailUrl\":\"https:\/\/dosingpump.shop\/wp-content\/uploads\/2024\/12\/Onderhoudsset.png\",\"datePublished\":\"2025-07-14T07:00:49+00:00\",\"dateModified\":\"2026-02-27T12:50:47+00:00\",\"breadcrumb\":{\"@id\":\"https:\/\/dosingpump.shop\/fr\/produit\/kit-de-pieces-detachees-tete-de-pompe-i-ppepce-20-bar-1l-h-4x6\/#breadcrumb\"},\"inLanguage\":\"ro-RO\",\"potentialAction\":[{\"@type\":\"ReadAction\",\"target\":[\"https:\/\/dosingpump.shop\/fr\/produit\/kit-de-pieces-detachees-tete-de-pompe-i-ppepce-20-bar-1l-h-4x6\/\"]}]},{\"@type\":\"ImageObject\",\"inLanguage\":\"ro-RO\",\"@id\":\"https:\/\/dosingpump.shop\/fr\/produit\/kit-de-pieces-detachees-tete-de-pompe-i-ppepce-20-bar-1l-h-4x6\/#primaryimage\",\"url\":\"https:\/\/dosingpump.shop\/wp-content\/uploads\/2024\/12\/Onderhoudsset.png\",\"contentUrl\":\"https:\/\/dosingpump.shop\/wp-content\/uploads\/2024\/12\/Onderhoudsset.png\",\"width\":500,\"height\":500},{\"@type\":\"BreadcrumbList\",\"@id\":\"https:\/\/dosingpump.shop\/fr\/produit\/kit-de-pieces-detachees-tete-de-pompe-i-ppepce-20-bar-1l-h-4x6\/#breadcrumb\",\"itemListElement\":[{\"@type\":\"ListItem\",\"position\":1,\"name\":\"Home\",\"item\":\"https:\/\/dosingpump.shop\/\"},{\"@type\":\"ListItem\",\"position\":2,\"name\":\"Shop\",\"item\":\"https:\/\/dosingpump.shop\/de\/shop\/\"},{\"@type\":\"ListItem\",\"position\":3,\"name\":\"Spare part kit &#8211; Pompkop I (PP+EP+CE) &#8211; 20 Bar &#8211; 1l\/h &#8211; 4&#215;6\"}]},{\"@type\":\"WebSite\",\"@id\":\"https:\/\/dosingpump.shop\/de\/#website\",\"url\":\"https:\/\/dosingpump.shop\/de\/\",\"name\":\"Dosing Pump Shop B.V.\",\"description\":\"\",\"publisher\":{\"@id\":\"https:\/\/dosingpump.shop\/de\/#organization\"},\"potentialAction\":[{\"@type\":\"SearchAction\",\"target\":{\"@type\":\"EntryPoint\",\"urlTemplate\":\"https:\/\/dosingpump.shop\/de\/?s={search_term_string}\"},\"query-input\":{\"@type\":\"PropertyValueSpecification\",\"valueRequired\":true,\"valueName\":\"search_term_string\"}}],\"inLanguage\":\"ro-RO\"},{\"@type\":\"Organization\",\"@id\":\"https:\/\/dosingpump.shop\/de\/#organization\",\"name\":\"Dosing Pump Shop B.V.\",\"url\":\"https:\/\/dosingpump.shop\/de\/\",\"logo\":{\"@type\":\"ImageObject\",\"inLanguage\":\"ro-RO\",\"@id\":\"https:\/\/dosingpump.shop\/de\/#\/schema\/logo\/image\/\",\"url\":\"https:\/\/dosingpump.shop\/wp-content\/uploads\/2024\/10\/Dosing-Pump-Shop-logo.png\",\"contentUrl\":\"https:\/\/dosingpump.shop\/wp-content\/uploads\/2024\/10\/Dosing-Pump-Shop-logo.png\",\"width\":350,\"height\":45,\"caption\":\"Dosing Pump Shop B.V.\"},\"image\":{\"@id\":\"https:\/\/dosingpump.shop\/de\/#\/schema\/logo\/image\/\"},\"sameAs\":[\"https:\/\/linkedin.com\/company\/dosing-pump-shop\"]}]}<\/script>\n<meta property=\"product:price:amount\" content=\"139.00\" \/>\n<meta property=\"product:price:currency\" content=\"EUR\" \/>\n<meta property=\"og:availability\" content=\"instock\" \/>\n<meta property=\"product:availability\" content=\"instock\" \/>\n<meta property=\"product:condition\" content=\"new\" \/>\n<!-- \/ Yoast SEO plugin. -->","yoast_head_json":{"title":"Kit piese de schimb - Cap de pompare I (PP+EP+CE) - 20 Bar - 1l\/h - 4x6 - Dosing Pump Shop B.V.","robots":{"index":"index","follow":"follow","max-snippet":"max-snippet:-1","max-image-preview":"max-image-preview:large","max-video-preview":"max-video-preview:-1"},"canonical":"https:\/\/dosingpump.shop\/ro\/produs-2\/kit-piese-de-schimb-cap-pompa-i-ppepce-20-bar-1l-h-4x6\/","og_locale":"ro_RO","og_type":"article","og_title":"Spare part kit - Pompkop I (PP+EP+CE) - 20 Bar - 1l\/h - 4x6 - Dosing Pump Shop B.V.","og_description":"Spare part kit wordt geleverd met:   Bijpassende pompkop  Bijpassende injectieventiel  Voetklep  PVC en PE Slang 2 Meter","og_url":"https:\/\/dosingpump.shop\/ro\/produs-2\/kit-piese-de-schimb-cap-pompa-i-ppepce-20-bar-1l-h-4x6\/","og_site_name":"Dosing Pump Shop B.V.","article_modified_time":"2026-02-27T12:50:47+00:00","og_image":[{"width":500,"height":500,"url":"https:\/\/dosingpump.shop\/wp-content\/uploads\/2024\/12\/Onderhoudsset.png","type":"image\/png"}],"twitter_card":"summary_large_image","twitter_misc":{"Pre\u021b":"&euro;139,00","Disponibilitate":"\u00cen stoc"},"schema":{"@context":"https:\/\/schema.org","@graph":[{"@type":"WebPage","@id":"https:\/\/dosingpump.shop\/fr\/produit\/kit-de-pieces-detachees-tete-de-pompe-i-ppepce-20-bar-1l-h-4x6\/","url":"https:\/\/dosingpump.shop\/fr\/produit\/kit-de-pieces-detachees-tete-de-pompe-i-ppepce-20-bar-1l-h-4x6\/","name":"Kit piese de schimb - Cap de pompare I (PP+EP+CE) - 20 Bar - 1l\/h - 4x6 - Dosing Pump Shop B.V.","isPartOf":{"@id":"https:\/\/dosingpump.shop\/de\/#website"},"primaryImageOfPage":{"@id":"https:\/\/dosingpump.shop\/fr\/produit\/kit-de-pieces-detachees-tete-de-pompe-i-ppepce-20-bar-1l-h-4x6\/#primaryimage"},"image":{"@id":"https:\/\/dosingpump.shop\/fr\/produit\/kit-de-pieces-detachees-tete-de-pompe-i-ppepce-20-bar-1l-h-4x6\/#primaryimage"},"thumbnailUrl":"https:\/\/dosingpump.shop\/wp-content\/uploads\/2024\/12\/Onderhoudsset.png","datePublished":"2025-07-14T07:00:49+00:00","dateModified":"2026-02-27T12:50:47+00:00","breadcrumb":{"@id":"https:\/\/dosingpump.shop\/fr\/produit\/kit-de-pieces-detachees-tete-de-pompe-i-ppepce-20-bar-1l-h-4x6\/#breadcrumb"},"inLanguage":"ro-RO","potentialAction":[{"@type":"ReadAction","target":["https:\/\/dosingpump.shop\/fr\/produit\/kit-de-pieces-detachees-tete-de-pompe-i-ppepce-20-bar-1l-h-4x6\/"]}]},{"@type":"ImageObject","inLanguage":"ro-RO","@id":"https:\/\/dosingpump.shop\/fr\/produit\/kit-de-pieces-detachees-tete-de-pompe-i-ppepce-20-bar-1l-h-4x6\/#primaryimage","url":"https:\/\/dosingpump.shop\/wp-content\/uploads\/2024\/12\/Onderhoudsset.png","contentUrl":"https:\/\/dosingpump.shop\/wp-content\/uploads\/2024\/12\/Onderhoudsset.png","width":500,"height":500},{"@type":"BreadcrumbList","@id":"https:\/\/dosingpump.shop\/fr\/produit\/kit-de-pieces-detachees-tete-de-pompe-i-ppepce-20-bar-1l-h-4x6\/#breadcrumb","itemListElement":[{"@type":"ListItem","position":1,"name":"Home","item":"https:\/\/dosingpump.shop\/"},{"@type":"ListItem","position":2,"name":"Shop","item":"https:\/\/dosingpump.shop\/de\/shop\/"},{"@type":"ListItem","position":3,"name":"Spare part kit &#8211; Pompkop I (PP+EP+CE) &#8211; 20 Bar &#8211; 1l\/h &#8211; 4&#215;6"}]},{"@type":"WebSite","@id":"https:\/\/dosingpump.shop\/de\/#website","url":"https:\/\/dosingpump.shop\/de\/","name":"Dosing Pump Shop B.V.","description":"","publisher":{"@id":"https:\/\/dosingpump.shop\/de\/#organization"},"potentialAction":[{"@type":"SearchAction","target":{"@type":"EntryPoint","urlTemplate":"https:\/\/dosingpump.shop\/de\/?s={search_term_string}"},"query-input":{"@type":"PropertyValueSpecification","valueRequired":true,"valueName":"search_term_string"}}],"inLanguage":"ro-RO"},{"@type":"Organization","@id":"https:\/\/dosingpump.shop\/de\/#organization","name":"Dosing Pump Shop B.V.","url":"https:\/\/dosingpump.shop\/de\/","logo":{"@type":"ImageObject","inLanguage":"ro-RO","@id":"https:\/\/dosingpump.shop\/de\/#\/schema\/logo\/image\/","url":"https:\/\/dosingpump.shop\/wp-content\/uploads\/2024\/10\/Dosing-Pump-Shop-logo.png","contentUrl":"https:\/\/dosingpump.shop\/wp-content\/uploads\/2024\/10\/Dosing-Pump-Shop-logo.png","width":350,"height":45,"caption":"Dosing Pump Shop B.V."},"image":{"@id":"https:\/\/dosingpump.shop\/de\/#\/schema\/logo\/image\/"},"sameAs":["https:\/\/linkedin.com\/company\/dosing-pump-shop"]}]},"product_price_amount":"139.00","product_price_currency":"EUR","og_availability":"instock","product_availability":"instock","product_condition":"new"},"_links":{"self":[{"href":"https:\/\/dosingpump.shop\/ro\/wp-json\/wp\/v2\/product\/8120","targetHints":{"allow":["GET"]}}],"collection":[{"href":"https:\/\/dosingpump.shop\/ro\/wp-json\/wp\/v2\/product"}],"about":[{"href":"https:\/\/dosingpump.shop\/ro\/wp-json\/wp\/v2\/types\/product"}],"wp:featuredmedia":[{"embeddable":true,"href":"https:\/\/dosingpump.shop\/ro\/wp-json\/wp\/v2\/media\/7972"}],"wp:attachment":[{"href":"https:\/\/dosingpump.shop\/ro\/wp-json\/wp\/v2\/media?parent=8120"}],"wp:term":[{"taxonomy":"product_brand","embeddable":true,"href":"https:\/\/dosingpump.shop\/ro\/wp-json\/wp\/v2\/product_brand?post=8120"},{"taxonomy":"product_cat","embeddable":true,"href":"https:\/\/dosingpump.shop\/ro\/wp-json\/wp\/v2\/product_cat?post=8120"},{"taxonomy":"product_tag","embeddable":true,"href":"https:\/\/dosingpump.shop\/ro\/wp-json\/wp\/v2\/product_tag?post=8120"}],"curies":[{"name":"wp","href":"https:\/\/api.w.org\/{rel}","templated":true}]}}