{"id":8375,"date":"2025-10-01T16:12:19","date_gmt":"2025-10-01T14:12:19","guid":{"rendered":"https:\/\/dosingpump.shop\/?post_type=product&#038;p=8375"},"modified":"2026-03-10T23:21:37","modified_gmt":"2026-03-10T22:21:37","slug":"cap-pompa-qdos-renu-qdos-20-pu-4-bar-60-psi","status":"publish","type":"product","link":"https:\/\/dosingpump.shop\/ro\/product\/qdos-renu-pompkop-qdos-20-pu-4-bar-60-psi\/","title":{"rendered":"Cap de pompare QDos ReNu Qdos 20 PU (4 bar\/60 psi)"},"content":{"rendered":"<p>Capul de pomp\u0103 ReNu 20 PU de la Watson-Marlow este componenta de schimb esen\u021bial\u0103 pentru pompa de dozare peristaltic\u0103 Qdos 20. Acesta este conceput pentru a asigura fiabilitatea procesului dvs. de dozare prin furnizarea unui debit de fluid precis, liniar \u0219i repetabil. Acest cap de pomp\u0103 se distinge prin utilizarea poliuretanului (PU) pentru materialul tubului, care contribuie la adecvarea sa pentru anumite substan\u021be chimice \u0219i la furnizarea unui debit de p\u00e2n\u0103 la o presiune de 4 bar (60 psi).<\/p>\n<p>Unul dintre principalele avantaje ale capului de pompare ReNu este designul s\u0103u care maximizeaz\u0103 timpul de procesare. Prin eliminarea acumul\u0103rii de gaz \u0219i a \u00eenfund\u0103rii supapei \u00een sistemul de dozare, vi se asigur\u0103 un proces consecvent. \u00cen plus, \u00eenlocuirea capului pompei este conceput\u0103 pentru siguran\u021b\u0103 \u0219i eficien\u021b\u0103 maxim\u0103, \u00eenlocuirea \"f\u0103r\u0103 unelte\" (f\u0103r\u0103 scule) asigur\u00e2nd o service rapid\u0103. Func\u021bia unic\u0103 de recuperare a fluidului din capul pompei asigur\u0103, de asemenea, siguran\u021ba operatorului \u0219i minimizeaz\u0103 de\u0219eurile chimice.<\/p>","protected":false},"excerpt":{"rendered":"<ul>\n<li>4 bar\/60 psi<\/li>\n<li>Potrivit pentru Qdos 20<\/li>\n<li>Furtun din poliuretan (PU)<\/li>\n<\/ul>","protected":false},"featured_media":8388,"template":"","meta":[],"product_brand":[],"product_cat":[329],"product_tag":[],"class_list":{"0":"post-8375","1":"product","2":"type-product","3":"status-publish","4":"has-post-thumbnail","6":"product_cat-qdos-pompkoppen","8":"first","9":"instock","10":"taxable","11":"shipping-taxable","12":"product-type-simple"},"yoast_head":"<!-- This site is optimized with the Yoast SEO plugin v27.2 - https:\/\/yoast.com\/product\/yoast-seo-wordpress\/ -->\n<title>QDos ReNu Pompkop Qdos 20 PU (4 bar\/60 psi) - Dosing Pump Shop B.V.<\/title>\n<meta name=\"robots\" content=\"index, follow, max-snippet:-1, max-image-preview:large, max-video-preview:-1\" \/>\n<link rel=\"canonical\" href=\"https:\/\/dosingpump.shop\/ro\/produs-2\/cap-pompa-qdos-renu-qdos-20-pu-4-bar-60-psi\/\" \/>\n<meta property=\"og:locale\" content=\"ro_RO\" \/>\n<meta property=\"og:type\" content=\"article\" \/>\n<meta property=\"og:title\" content=\"QDos ReNu Pompkop Qdos 20 PU (4 bar\/60 psi) - Dosing Pump Shop B.V.\" \/>\n<meta property=\"og:description\" content=\"4 bar\/60 psi  Geschikt voor Qdos 20  Slang van Polyurethaan (PU)\" \/>\n<meta property=\"og:url\" content=\"https:\/\/dosingpump.shop\/ro\/produs-2\/cap-pompa-qdos-renu-qdos-20-pu-4-bar-60-psi\/\" \/>\n<meta property=\"og:site_name\" content=\"Dosing Pump Shop B.V.\" \/>\n<meta property=\"article:modified_time\" content=\"2026-03-10T22:21:37+00:00\" \/>\n<meta property=\"og:image\" content=\"https:\/\/dosingpump.shop\/wp-content\/uploads\/2025\/10\/Pompkoppen-QDos-removebg-preview.png\" \/>\n\t<meta property=\"og:image:width\" content=\"500\" \/>\n\t<meta property=\"og:image:height\" content=\"500\" \/>\n\t<meta property=\"og:image:type\" content=\"image\/png\" \/>\n<meta name=\"twitter:card\" content=\"summary_large_image\" \/>\n<meta name=\"twitter:label1\" content=\"Pre\u021b\" \/>\n\t<meta name=\"twitter:data1\" content=\"\" \/>\n\t<meta name=\"twitter:label2\" content=\"Disponibilitate\" \/>\n\t<meta name=\"twitter:data2\" content=\"\u00cen stoc\" \/>\n<script type=\"application\/ld+json\" class=\"yoast-schema-graph\">{\"@context\":\"https:\/\/schema.org\",\"@graph\":[{\"@type\":\"WebPage\",\"@id\":\"https:\/\/dosingpump.shop\/product\/qdos-renu-pompkop-qdos-20-pu-4-bar-60-psi\/\",\"url\":\"https:\/\/dosingpump.shop\/product\/qdos-renu-pompkop-qdos-20-pu-4-bar-60-psi\/\",\"name\":\"QDos ReNu Pompkop Qdos 20 PU (4 bar\/60 psi) - Dosing Pump Shop B.V.\",\"isPartOf\":{\"@id\":\"https:\/\/dosingpump.shop\/de\/#website\"},\"primaryImageOfPage\":{\"@id\":\"https:\/\/dosingpump.shop\/product\/qdos-renu-pompkop-qdos-20-pu-4-bar-60-psi\/#primaryimage\"},\"image\":{\"@id\":\"https:\/\/dosingpump.shop\/product\/qdos-renu-pompkop-qdos-20-pu-4-bar-60-psi\/#primaryimage\"},\"thumbnailUrl\":\"https:\/\/dosingpump.shop\/wp-content\/uploads\/2025\/10\/Pompkoppen-QDos-removebg-preview.png\",\"datePublished\":\"2025-10-01T14:12:19+00:00\",\"dateModified\":\"2026-03-10T22:21:37+00:00\",\"breadcrumb\":{\"@id\":\"https:\/\/dosingpump.shop\/product\/qdos-renu-pompkop-qdos-20-pu-4-bar-60-psi\/#breadcrumb\"},\"inLanguage\":\"ro-RO\",\"potentialAction\":[{\"@type\":\"ReadAction\",\"target\":[\"https:\/\/dosingpump.shop\/product\/qdos-renu-pompkop-qdos-20-pu-4-bar-60-psi\/\"]}]},{\"@type\":\"ImageObject\",\"inLanguage\":\"ro-RO\",\"@id\":\"https:\/\/dosingpump.shop\/product\/qdos-renu-pompkop-qdos-20-pu-4-bar-60-psi\/#primaryimage\",\"url\":\"https:\/\/dosingpump.shop\/wp-content\/uploads\/2025\/10\/Pompkoppen-QDos-removebg-preview.png\",\"contentUrl\":\"https:\/\/dosingpump.shop\/wp-content\/uploads\/2025\/10\/Pompkoppen-QDos-removebg-preview.png\",\"width\":500,\"height\":500},{\"@type\":\"BreadcrumbList\",\"@id\":\"https:\/\/dosingpump.shop\/product\/qdos-renu-pompkop-qdos-20-pu-4-bar-60-psi\/#breadcrumb\",\"itemListElement\":[{\"@type\":\"ListItem\",\"position\":1,\"name\":\"Home\",\"item\":\"https:\/\/dosingpump.shop\/\"},{\"@type\":\"ListItem\",\"position\":2,\"name\":\"Shop\",\"item\":\"https:\/\/dosingpump.shop\/de\/shop\/\"},{\"@type\":\"ListItem\",\"position\":3,\"name\":\"QDos ReNu Pompkop Qdos 20 PU (4 bar\/60 psi)\"}]},{\"@type\":\"WebSite\",\"@id\":\"https:\/\/dosingpump.shop\/de\/#website\",\"url\":\"https:\/\/dosingpump.shop\/de\/\",\"name\":\"Dosing Pump Shop B.V.\",\"description\":\"\",\"publisher\":{\"@id\":\"https:\/\/dosingpump.shop\/de\/#organization\"},\"potentialAction\":[{\"@type\":\"SearchAction\",\"target\":{\"@type\":\"EntryPoint\",\"urlTemplate\":\"https:\/\/dosingpump.shop\/de\/?s={search_term_string}\"},\"query-input\":{\"@type\":\"PropertyValueSpecification\",\"valueRequired\":true,\"valueName\":\"search_term_string\"}}],\"inLanguage\":\"ro-RO\"},{\"@type\":\"Organization\",\"@id\":\"https:\/\/dosingpump.shop\/de\/#organization\",\"name\":\"Dosing Pump Shop B.V.\",\"url\":\"https:\/\/dosingpump.shop\/de\/\",\"logo\":{\"@type\":\"ImageObject\",\"inLanguage\":\"ro-RO\",\"@id\":\"https:\/\/dosingpump.shop\/de\/#\/schema\/logo\/image\/\",\"url\":\"https:\/\/dosingpump.shop\/wp-content\/uploads\/2024\/10\/Dosing-Pump-Shop-logo.png\",\"contentUrl\":\"https:\/\/dosingpump.shop\/wp-content\/uploads\/2024\/10\/Dosing-Pump-Shop-logo.png\",\"width\":350,\"height\":45,\"caption\":\"Dosing Pump Shop B.V.\"},\"image\":{\"@id\":\"https:\/\/dosingpump.shop\/de\/#\/schema\/logo\/image\/\"},\"sameAs\":[\"https:\/\/linkedin.com\/company\/dosing-pump-shop\"]}]}<\/script>\n<meta property=\"product:price:currency\" content=\"EUR\" \/>\n<meta property=\"og:availability\" content=\"instock\" \/>\n<meta property=\"product:availability\" content=\"instock\" \/>\n<meta property=\"product:retailer_item_id\" content=\"0M3.1500.PFP\" \/>\n<meta property=\"product:condition\" content=\"new\" \/>\n<!-- \/ Yoast SEO plugin. -->","yoast_head_json":{"title":"Cap de pompare QDos ReNu Qdos 20 PU (4 bar\/60 psi) - Dosing Pump Shop B.V.","robots":{"index":"index","follow":"follow","max-snippet":"max-snippet:-1","max-image-preview":"max-image-preview:large","max-video-preview":"max-video-preview:-1"},"canonical":"https:\/\/dosingpump.shop\/ro\/produs-2\/cap-pompa-qdos-renu-qdos-20-pu-4-bar-60-psi\/","og_locale":"ro_RO","og_type":"article","og_title":"QDos ReNu Pompkop Qdos 20 PU (4 bar\/60 psi) - Dosing Pump Shop B.V.","og_description":"4 bar\/60 psi  Geschikt voor Qdos 20  Slang van Polyurethaan (PU)","og_url":"https:\/\/dosingpump.shop\/ro\/produs-2\/cap-pompa-qdos-renu-qdos-20-pu-4-bar-60-psi\/","og_site_name":"Dosing Pump Shop B.V.","article_modified_time":"2026-03-10T22:21:37+00:00","og_image":[{"width":500,"height":500,"url":"https:\/\/dosingpump.shop\/wp-content\/uploads\/2025\/10\/Pompkoppen-QDos-removebg-preview.png","type":"image\/png"}],"twitter_card":"summary_large_image","twitter_misc":{"Pre\u021b":"","Disponibilitate":"\u00cen stoc"},"schema":{"@context":"https:\/\/schema.org","@graph":[{"@type":"WebPage","@id":"https:\/\/dosingpump.shop\/product\/qdos-renu-pompkop-qdos-20-pu-4-bar-60-psi\/","url":"https:\/\/dosingpump.shop\/product\/qdos-renu-pompkop-qdos-20-pu-4-bar-60-psi\/","name":"Cap de pompare QDos ReNu Qdos 20 PU (4 bar\/60 psi) - Dosing Pump Shop B.V.","isPartOf":{"@id":"https:\/\/dosingpump.shop\/de\/#website"},"primaryImageOfPage":{"@id":"https:\/\/dosingpump.shop\/product\/qdos-renu-pompkop-qdos-20-pu-4-bar-60-psi\/#primaryimage"},"image":{"@id":"https:\/\/dosingpump.shop\/product\/qdos-renu-pompkop-qdos-20-pu-4-bar-60-psi\/#primaryimage"},"thumbnailUrl":"https:\/\/dosingpump.shop\/wp-content\/uploads\/2025\/10\/Pompkoppen-QDos-removebg-preview.png","datePublished":"2025-10-01T14:12:19+00:00","dateModified":"2026-03-10T22:21:37+00:00","breadcrumb":{"@id":"https:\/\/dosingpump.shop\/product\/qdos-renu-pompkop-qdos-20-pu-4-bar-60-psi\/#breadcrumb"},"inLanguage":"ro-RO","potentialAction":[{"@type":"ReadAction","target":["https:\/\/dosingpump.shop\/product\/qdos-renu-pompkop-qdos-20-pu-4-bar-60-psi\/"]}]},{"@type":"ImageObject","inLanguage":"ro-RO","@id":"https:\/\/dosingpump.shop\/product\/qdos-renu-pompkop-qdos-20-pu-4-bar-60-psi\/#primaryimage","url":"https:\/\/dosingpump.shop\/wp-content\/uploads\/2025\/10\/Pompkoppen-QDos-removebg-preview.png","contentUrl":"https:\/\/dosingpump.shop\/wp-content\/uploads\/2025\/10\/Pompkoppen-QDos-removebg-preview.png","width":500,"height":500},{"@type":"BreadcrumbList","@id":"https:\/\/dosingpump.shop\/product\/qdos-renu-pompkop-qdos-20-pu-4-bar-60-psi\/#breadcrumb","itemListElement":[{"@type":"ListItem","position":1,"name":"Home","item":"https:\/\/dosingpump.shop\/"},{"@type":"ListItem","position":2,"name":"Shop","item":"https:\/\/dosingpump.shop\/de\/shop\/"},{"@type":"ListItem","position":3,"name":"QDos ReNu Pompkop Qdos 20 PU (4 bar\/60 psi)"}]},{"@type":"WebSite","@id":"https:\/\/dosingpump.shop\/de\/#website","url":"https:\/\/dosingpump.shop\/de\/","name":"Dosing Pump Shop B.V.","description":"","publisher":{"@id":"https:\/\/dosingpump.shop\/de\/#organization"},"potentialAction":[{"@type":"SearchAction","target":{"@type":"EntryPoint","urlTemplate":"https:\/\/dosingpump.shop\/de\/?s={search_term_string}"},"query-input":{"@type":"PropertyValueSpecification","valueRequired":true,"valueName":"search_term_string"}}],"inLanguage":"ro-RO"},{"@type":"Organization","@id":"https:\/\/dosingpump.shop\/de\/#organization","name":"Dosing Pump Shop B.V.","url":"https:\/\/dosingpump.shop\/de\/","logo":{"@type":"ImageObject","inLanguage":"ro-RO","@id":"https:\/\/dosingpump.shop\/de\/#\/schema\/logo\/image\/","url":"https:\/\/dosingpump.shop\/wp-content\/uploads\/2024\/10\/Dosing-Pump-Shop-logo.png","contentUrl":"https:\/\/dosingpump.shop\/wp-content\/uploads\/2024\/10\/Dosing-Pump-Shop-logo.png","width":350,"height":45,"caption":"Dosing Pump Shop B.V."},"image":{"@id":"https:\/\/dosingpump.shop\/de\/#\/schema\/logo\/image\/"},"sameAs":["https:\/\/linkedin.com\/company\/dosing-pump-shop"]}]},"product_price_currency":"EUR","og_availability":"instock","product_availability":"instock","product_retailer_item_id":"0M3.1500.PFP","product_condition":"new"},"_links":{"self":[{"href":"https:\/\/dosingpump.shop\/ro\/wp-json\/wp\/v2\/product\/8375","targetHints":{"allow":["GET"]}}],"collection":[{"href":"https:\/\/dosingpump.shop\/ro\/wp-json\/wp\/v2\/product"}],"about":[{"href":"https:\/\/dosingpump.shop\/ro\/wp-json\/wp\/v2\/types\/product"}],"wp:featuredmedia":[{"embeddable":true,"href":"https:\/\/dosingpump.shop\/ro\/wp-json\/wp\/v2\/media\/8388"}],"wp:attachment":[{"href":"https:\/\/dosingpump.shop\/ro\/wp-json\/wp\/v2\/media?parent=8375"}],"wp:term":[{"taxonomy":"product_brand","embeddable":true,"href":"https:\/\/dosingpump.shop\/ro\/wp-json\/wp\/v2\/product_brand?post=8375"},{"taxonomy":"product_cat","embeddable":true,"href":"https:\/\/dosingpump.shop\/ro\/wp-json\/wp\/v2\/product_cat?post=8375"},{"taxonomy":"product_tag","embeddable":true,"href":"https:\/\/dosingpump.shop\/ro\/wp-json\/wp\/v2\/product_tag?post=8375"}],"curies":[{"name":"wp","href":"https:\/\/api.w.org\/{rel}","templated":true}]}}