{"id":8504,"date":"2025-10-31T10:49:37","date_gmt":"2025-10-31T08:49:37","guid":{"rendered":"https:\/\/dosingpump.shop\/product\/emec-ams-plus-02-60-fp-230vac-2-2\/"},"modified":"2026-02-27T14:50:53","modified_gmt":"2026-02-27T12:50:53","slug":"emec-ams-plus-02-60-fp-230vac-2-3","status":"publish","type":"product","link":"https:\/\/dosingpump.shop\/ro\/product\/emec-ams-plus-02-60-fp-230vac-2-2-2\/","title":{"rendered":"Emec AMS-PLUS 02-60 FP 230VAC"},"content":{"rendered":"<p>Emec AMS PLUS 02-60 FP 230VAC este o pomp\u0103 de dozare robust\u0103 \u0219i versatil\u0103, montat\u0103 orizontal, ac\u021bionat\u0103 de magnet, din seria AMS, proiectat\u0103 pentru dozarea constant\u0103 sau propor\u021bional\u0103 a substan\u021belor chimice, inclusiv controlul nivelului.<\/p>\n<p>Aceast\u0103 pomp\u0103 ofer\u0103 op\u021biuni flexibile de dozare: \u00een modul constant, pompa dozeaz\u0103 o cantitate constant\u0103 stabilit\u0103 de utilizator, \u00een timp ce \u00een modul propor\u021bional, dozarea este propor\u021bional\u0103 cu un semnal extern, cum ar fi un impuls (contact f\u0103r\u0103 tensiune) sau un semnal de curent (mA). Acest lucru face ca pompa s\u0103 fie ideal\u0103 pentru aplica\u021biile \u00een care dozarea trebuie ajustat\u0103 pe baza unui dispozitiv de m\u0103surare extern, cum ar fi un contor de ap\u0103.<\/p>\n<p>Capacitatea de dozare este controlat\u0103 at\u00e2t de frecven\u021ba (viteza) cursei, c\u00e2t \u0219i de lungimea cursei, care poate fi reglat\u0103 manual de la 0 la 100% (cu o precizie garantat\u0103 \u00eentre 30% \u0219i 100%). Pompa este echipat\u0103 cu o carcas\u0103 PVDF \u0219i o membran\u0103 PTFE (indicat\u0103 prin \"FP\" \u00een denumirea produsului) \u0219i poate furniza un debit maxim de 60 de litri pe or\u0103 la o presiune maxim\u0103 de 2 bar. \u00cen mod standard, pompa este prev\u0103zut\u0103 cu o supap\u0103 de picior cu flotor care opre\u0219te dozarea atunci c\u00e2nd nivelul produsului chimic din rezervor este sc\u0103zut.<\/p>","protected":false},"excerpt":{"rendered":"<p>Emec AMS Plus este o pomp\u0103 de dozare versatil\u0103 care poate doza at\u00e2t constant, c\u00e2t \u0219i propor\u021bional pe baza unui semnal de impuls extern (de exemplu, de la un contor de ap\u0103). Aceast\u0103 versiune cu un cap de pomp\u0103 PVDF (FP) este foarte potrivit\u0103 pentru dozarea acizilor \u0219i a altor substan\u021be chimice agresive.<\/p>\n<ul>\n<li>Dozare constant\u0103 \u0219i propor\u021bional\u0103<\/li>\n<li>Cap de pomp\u0103 PVDF pentru acizi<\/li>\n<li>Control prin semnal de impuls extern<\/li>\n<\/ul>","protected":false},"featured_media":5190,"template":"","meta":[],"product_brand":[],"product_cat":[85],"product_tag":[],"class_list":{"0":"post-8504","1":"product","2":"type-product","3":"status-publish","4":"has-post-thumbnail","6":"product_cat-assortiment","8":"first","9":"onbackorder","10":"taxable","11":"shipping-taxable","12":"purchasable","13":"product-type-simple"},"yoast_head":"<!-- This site is optimized with the Yoast SEO plugin v27.2 - https:\/\/yoast.com\/product\/yoast-seo-wordpress\/ -->\n<title>Emec AMS-PLUS 02-60 FP 230VAC - Dosing Pump Shop B.V.<\/title>\n<meta name=\"robots\" content=\"index, follow, max-snippet:-1, max-image-preview:large, max-video-preview:-1\" \/>\n<link rel=\"canonical\" href=\"https:\/\/dosingpump.shop\/ro\/produs-2\/emec-ams-plus-02-60-fp-230vac-2-3\/\" \/>\n<meta property=\"og:locale\" content=\"ro_RO\" \/>\n<meta property=\"og:type\" content=\"article\" \/>\n<meta property=\"og:title\" content=\"Emec AMS-PLUS 02-60 FP 230VAC - Dosing Pump Shop B.V.\" \/>\n<meta property=\"og:description\" content=\"De Emec AMS Plus is een veelzijdige doseerpomp die zowel constant als proportioneel kan doseren op basis van een extern pulssignaal (bijv. van een watermeter). Deze uitvoering met een PVDF (FP) pompkop is zeer geschikt voor het doseren van zuren en andere agressieve chemicali\u00ebn.   Constant en proportioneel doseren  PVDF pompkop voor zuren  Aansturing via extern pulssignaal\" \/>\n<meta property=\"og:url\" content=\"https:\/\/dosingpump.shop\/ro\/produs-2\/emec-ams-plus-02-60-fp-230vac-2-3\/\" \/>\n<meta property=\"og:site_name\" content=\"Dosing Pump Shop B.V.\" \/>\n<meta property=\"article:modified_time\" content=\"2026-02-27T12:50:53+00:00\" \/>\n<meta property=\"og:image\" content=\"https:\/\/dosingpump.shop\/wp-content\/uploads\/2024\/12\/Emec-AMS-Series.webp\" \/>\n\t<meta property=\"og:image:width\" content=\"600\" \/>\n\t<meta property=\"og:image:height\" content=\"600\" \/>\n\t<meta property=\"og:image:type\" content=\"image\/webp\" \/>\n<meta name=\"twitter:card\" content=\"summary_large_image\" \/>\n<meta name=\"twitter:label1\" content=\"Pre\u021b\" \/>\n\t<meta name=\"twitter:data1\" content=\"&euro;922,00\" \/>\n\t<meta name=\"twitter:label2\" content=\"Disponibilitate\" \/>\n\t<meta name=\"twitter:data2\" content=\"Precomand\u0103\" \/>\n<script type=\"application\/ld+json\" class=\"yoast-schema-graph\">{\"@context\":\"https:\/\/schema.org\",\"@graph\":[{\"@type\":\"WebPage\",\"@id\":\"https:\/\/dosingpump.shop\/product\/emec-ams-plus-02-60-fp-230vac-2-2-2\/\",\"url\":\"https:\/\/dosingpump.shop\/product\/emec-ams-plus-02-60-fp-230vac-2-2-2\/\",\"name\":\"Emec AMS-PLUS 02-60 FP 230VAC - Dosing Pump Shop B.V.\",\"isPartOf\":{\"@id\":\"https:\/\/dosingpump.shop\/de\/#website\"},\"primaryImageOfPage\":{\"@id\":\"https:\/\/dosingpump.shop\/product\/emec-ams-plus-02-60-fp-230vac-2-2-2\/#primaryimage\"},\"image\":{\"@id\":\"https:\/\/dosingpump.shop\/product\/emec-ams-plus-02-60-fp-230vac-2-2-2\/#primaryimage\"},\"thumbnailUrl\":\"https:\/\/dosingpump.shop\/wp-content\/uploads\/2024\/12\/Emec-AMS-Series.webp\",\"datePublished\":\"2025-10-31T08:49:37+00:00\",\"dateModified\":\"2026-02-27T12:50:53+00:00\",\"breadcrumb\":{\"@id\":\"https:\/\/dosingpump.shop\/product\/emec-ams-plus-02-60-fp-230vac-2-2-2\/#breadcrumb\"},\"inLanguage\":\"ro-RO\",\"potentialAction\":[{\"@type\":\"ReadAction\",\"target\":[\"https:\/\/dosingpump.shop\/product\/emec-ams-plus-02-60-fp-230vac-2-2-2\/\"]}]},{\"@type\":\"ImageObject\",\"inLanguage\":\"ro-RO\",\"@id\":\"https:\/\/dosingpump.shop\/product\/emec-ams-plus-02-60-fp-230vac-2-2-2\/#primaryimage\",\"url\":\"https:\/\/dosingpump.shop\/wp-content\/uploads\/2024\/12\/Emec-AMS-Series.webp\",\"contentUrl\":\"https:\/\/dosingpump.shop\/wp-content\/uploads\/2024\/12\/Emec-AMS-Series.webp\",\"width\":600,\"height\":600},{\"@type\":\"BreadcrumbList\",\"@id\":\"https:\/\/dosingpump.shop\/product\/emec-ams-plus-02-60-fp-230vac-2-2-2\/#breadcrumb\",\"itemListElement\":[{\"@type\":\"ListItem\",\"position\":1,\"name\":\"Home\",\"item\":\"https:\/\/dosingpump.shop\/\"},{\"@type\":\"ListItem\",\"position\":2,\"name\":\"Shop\",\"item\":\"https:\/\/dosingpump.shop\/de\/shop\/\"},{\"@type\":\"ListItem\",\"position\":3,\"name\":\"Emec AMS-PLUS 02-60 FP 230VAC\"}]},{\"@type\":\"WebSite\",\"@id\":\"https:\/\/dosingpump.shop\/de\/#website\",\"url\":\"https:\/\/dosingpump.shop\/de\/\",\"name\":\"Dosing Pump Shop B.V.\",\"description\":\"\",\"publisher\":{\"@id\":\"https:\/\/dosingpump.shop\/de\/#organization\"},\"potentialAction\":[{\"@type\":\"SearchAction\",\"target\":{\"@type\":\"EntryPoint\",\"urlTemplate\":\"https:\/\/dosingpump.shop\/de\/?s={search_term_string}\"},\"query-input\":{\"@type\":\"PropertyValueSpecification\",\"valueRequired\":true,\"valueName\":\"search_term_string\"}}],\"inLanguage\":\"ro-RO\"},{\"@type\":\"Organization\",\"@id\":\"https:\/\/dosingpump.shop\/de\/#organization\",\"name\":\"Dosing Pump Shop B.V.\",\"url\":\"https:\/\/dosingpump.shop\/de\/\",\"logo\":{\"@type\":\"ImageObject\",\"inLanguage\":\"ro-RO\",\"@id\":\"https:\/\/dosingpump.shop\/de\/#\/schema\/logo\/image\/\",\"url\":\"https:\/\/dosingpump.shop\/wp-content\/uploads\/2024\/10\/Dosing-Pump-Shop-logo.png\",\"contentUrl\":\"https:\/\/dosingpump.shop\/wp-content\/uploads\/2024\/10\/Dosing-Pump-Shop-logo.png\",\"width\":350,\"height\":45,\"caption\":\"Dosing Pump Shop B.V.\"},\"image\":{\"@id\":\"https:\/\/dosingpump.shop\/de\/#\/schema\/logo\/image\/\"},\"sameAs\":[\"https:\/\/linkedin.com\/company\/dosing-pump-shop\"]}]}<\/script>\n<meta property=\"product:price:amount\" content=\"922.00\" \/>\n<meta property=\"product:price:currency\" content=\"EUR\" \/>\n<meta property=\"og:availability\" content=\"backorder\" \/>\n<meta property=\"product:availability\" content=\"available for order\" \/>\n<meta property=\"product:retailer_item_id\" content=\"AMU02060K0000R00A000\" \/>\n<meta property=\"product:condition\" content=\"new\" \/>\n<!-- \/ Yoast SEO plugin. -->","yoast_head_json":{"title":"Emec AMS-PLUS 02-60 FP 230VAC - Dosing Pump Shop B.V.","robots":{"index":"index","follow":"follow","max-snippet":"max-snippet:-1","max-image-preview":"max-image-preview:large","max-video-preview":"max-video-preview:-1"},"canonical":"https:\/\/dosingpump.shop\/ro\/produs-2\/emec-ams-plus-02-60-fp-230vac-2-3\/","og_locale":"ro_RO","og_type":"article","og_title":"Emec AMS-PLUS 02-60 FP 230VAC - Dosing Pump Shop B.V.","og_description":"De Emec AMS Plus is een veelzijdige doseerpomp die zowel constant als proportioneel kan doseren op basis van een extern pulssignaal (bijv. van een watermeter). Deze uitvoering met een PVDF (FP) pompkop is zeer geschikt voor het doseren van zuren en andere agressieve chemicali\u00ebn.   Constant en proportioneel doseren  PVDF pompkop voor zuren  Aansturing via extern pulssignaal","og_url":"https:\/\/dosingpump.shop\/ro\/produs-2\/emec-ams-plus-02-60-fp-230vac-2-3\/","og_site_name":"Dosing Pump Shop B.V.","article_modified_time":"2026-02-27T12:50:53+00:00","og_image":[{"width":600,"height":600,"url":"https:\/\/dosingpump.shop\/wp-content\/uploads\/2024\/12\/Emec-AMS-Series.webp","type":"image\/webp"}],"twitter_card":"summary_large_image","twitter_misc":{"Pre\u021b":"&euro;922,00","Disponibilitate":"Precomand\u0103"},"schema":{"@context":"https:\/\/schema.org","@graph":[{"@type":"WebPage","@id":"https:\/\/dosingpump.shop\/product\/emec-ams-plus-02-60-fp-230vac-2-2-2\/","url":"https:\/\/dosingpump.shop\/product\/emec-ams-plus-02-60-fp-230vac-2-2-2\/","name":"Emec AMS-PLUS 02-60 FP 230VAC - Dosing Pump Shop B.V.","isPartOf":{"@id":"https:\/\/dosingpump.shop\/de\/#website"},"primaryImageOfPage":{"@id":"https:\/\/dosingpump.shop\/product\/emec-ams-plus-02-60-fp-230vac-2-2-2\/#primaryimage"},"image":{"@id":"https:\/\/dosingpump.shop\/product\/emec-ams-plus-02-60-fp-230vac-2-2-2\/#primaryimage"},"thumbnailUrl":"https:\/\/dosingpump.shop\/wp-content\/uploads\/2024\/12\/Emec-AMS-Series.webp","datePublished":"2025-10-31T08:49:37+00:00","dateModified":"2026-02-27T12:50:53+00:00","breadcrumb":{"@id":"https:\/\/dosingpump.shop\/product\/emec-ams-plus-02-60-fp-230vac-2-2-2\/#breadcrumb"},"inLanguage":"ro-RO","potentialAction":[{"@type":"ReadAction","target":["https:\/\/dosingpump.shop\/product\/emec-ams-plus-02-60-fp-230vac-2-2-2\/"]}]},{"@type":"ImageObject","inLanguage":"ro-RO","@id":"https:\/\/dosingpump.shop\/product\/emec-ams-plus-02-60-fp-230vac-2-2-2\/#primaryimage","url":"https:\/\/dosingpump.shop\/wp-content\/uploads\/2024\/12\/Emec-AMS-Series.webp","contentUrl":"https:\/\/dosingpump.shop\/wp-content\/uploads\/2024\/12\/Emec-AMS-Series.webp","width":600,"height":600},{"@type":"BreadcrumbList","@id":"https:\/\/dosingpump.shop\/product\/emec-ams-plus-02-60-fp-230vac-2-2-2\/#breadcrumb","itemListElement":[{"@type":"ListItem","position":1,"name":"Home","item":"https:\/\/dosingpump.shop\/"},{"@type":"ListItem","position":2,"name":"Shop","item":"https:\/\/dosingpump.shop\/de\/shop\/"},{"@type":"ListItem","position":3,"name":"Emec AMS-PLUS 02-60 FP 230VAC"}]},{"@type":"WebSite","@id":"https:\/\/dosingpump.shop\/de\/#website","url":"https:\/\/dosingpump.shop\/de\/","name":"Dosing Pump Shop B.V.","description":"","publisher":{"@id":"https:\/\/dosingpump.shop\/de\/#organization"},"potentialAction":[{"@type":"SearchAction","target":{"@type":"EntryPoint","urlTemplate":"https:\/\/dosingpump.shop\/de\/?s={search_term_string}"},"query-input":{"@type":"PropertyValueSpecification","valueRequired":true,"valueName":"search_term_string"}}],"inLanguage":"ro-RO"},{"@type":"Organization","@id":"https:\/\/dosingpump.shop\/de\/#organization","name":"Dosing Pump Shop B.V.","url":"https:\/\/dosingpump.shop\/de\/","logo":{"@type":"ImageObject","inLanguage":"ro-RO","@id":"https:\/\/dosingpump.shop\/de\/#\/schema\/logo\/image\/","url":"https:\/\/dosingpump.shop\/wp-content\/uploads\/2024\/10\/Dosing-Pump-Shop-logo.png","contentUrl":"https:\/\/dosingpump.shop\/wp-content\/uploads\/2024\/10\/Dosing-Pump-Shop-logo.png","width":350,"height":45,"caption":"Dosing Pump Shop B.V."},"image":{"@id":"https:\/\/dosingpump.shop\/de\/#\/schema\/logo\/image\/"},"sameAs":["https:\/\/linkedin.com\/company\/dosing-pump-shop"]}]},"product_price_amount":"922.00","product_price_currency":"EUR","og_availability":"backorder","product_availability":"available for order","product_retailer_item_id":"AMU02060K0000R00A000","product_condition":"new"},"_links":{"self":[{"href":"https:\/\/dosingpump.shop\/ro\/wp-json\/wp\/v2\/product\/8504","targetHints":{"allow":["GET"]}}],"collection":[{"href":"https:\/\/dosingpump.shop\/ro\/wp-json\/wp\/v2\/product"}],"about":[{"href":"https:\/\/dosingpump.shop\/ro\/wp-json\/wp\/v2\/types\/product"}],"wp:featuredmedia":[{"embeddable":true,"href":"https:\/\/dosingpump.shop\/ro\/wp-json\/wp\/v2\/media\/5190"}],"wp:attachment":[{"href":"https:\/\/dosingpump.shop\/ro\/wp-json\/wp\/v2\/media?parent=8504"}],"wp:term":[{"taxonomy":"product_brand","embeddable":true,"href":"https:\/\/dosingpump.shop\/ro\/wp-json\/wp\/v2\/product_brand?post=8504"},{"taxonomy":"product_cat","embeddable":true,"href":"https:\/\/dosingpump.shop\/ro\/wp-json\/wp\/v2\/product_cat?post=8504"},{"taxonomy":"product_tag","embeddable":true,"href":"https:\/\/dosingpump.shop\/ro\/wp-json\/wp\/v2\/product_tag?post=8504"}],"curies":[{"name":"wp","href":"https:\/\/api.w.org\/{rel}","templated":true}]}}