{"id":8571,"date":"2025-11-28T15:08:17","date_gmt":"2025-11-28T13:08:17","guid":{"rendered":"https:\/\/dosingpump.shop\/?post_type=product&#038;p=8571"},"modified":"2026-02-27T14:50:54","modified_gmt":"2026-02-27T12:50:54","slug":"emec-diafragma-ptfe-pentru-pompa-cap-f-pompa-cms-g","status":"publish","type":"product","link":"https:\/\/dosingpump.shop\/ro\/product\/emec-diaphragm-ptfe-for-pump-head-f-pump-cms-g\/","title":{"rendered":"Emec DIAPHRAGM (PTFE) pentru capul pompei \"F\" (pompa CMS\/G)"},"content":{"rendered":"<p data-path-to-node=\"3\">The <b>Emec PTFE Membran\u0103<\/b> formeaz\u0103 inima pompei dumneavoastr\u0103 de dozare Emec \u0219i este proiectat\u0103 pentru durabilitate maxim\u0103 \u0219i rezisten\u021b\u0103 chimic\u0103. Spre deosebire de diafragmele laminate conven\u021bionale, care constau adesea dintr-un miez de cauciuc cu un strat sub\u021bire, diafragma Emec este fabricat\u0103 din <b>PTFE solid (teflon)<\/b>.<\/p>\n<p data-path-to-node=\"4\">Acest proces de produc\u021bie unic \u0219i alegerea specific\u0103 a materialelor asigur\u0103 c\u0103 membrana este extrem de rezistent\u0103 la uzur\u0103. Deoarece const\u0103 dintr-o singur\u0103 bucat\u0103 solid\u0103 de material, delaminarea (desprinderea straturilor) este imposibil\u0103, ceea ce \u00eei prelunge\u0219te semnificativ durata de via\u021b\u0103 \u00een compara\u021bie cu membranele standard. Datorit\u0103 propriet\u0103\u021bilor superioare ale PTFE, aceast\u0103 membran\u0103 este rezistent\u0103 la aproape toate substan\u021bele chimice agresive, acizi \u0219i alcali, ceea ce o face universal aplicabil\u0103 \u00eentr-o varietate de aplica\u021bii industriale.<\/p>\n<p data-path-to-node=\"5\">Membrana este suficient de flexibil\u0103 pentru a urma mi\u0219carea rapid\u0103 a electromagnetului, dar suficient de puternic\u0103 pentru a asigura o dozare precis\u0103 \u0219i constant\u0103 timp de ani de zile, f\u0103r\u0103 pierderi de capacitate.<\/p>","protected":false},"excerpt":{"rendered":"<ul>\n<li>Membran\u0103 PTFE<\/li>\n<li>Flexibil pentru a urm\u0103ri mi\u0219carea rapid\u0103 a electromagnetului<\/li>\n<\/ul>\n<p>Dori\u021bi ajutor \u00een alegerea produsului potrivit? Atunci contacta\u021bi-ne.<\/p>","protected":false},"featured_media":8560,"template":"","meta":[],"product_brand":[],"product_cat":[348,30],"product_tag":[],"class_list":{"0":"post-8571","1":"product","2":"type-product","3":"status-publish","4":"has-post-thumbnail","6":"product_cat-diaphragms","7":"product_cat-spare-parts","9":"first","10":"instock","11":"taxable","12":"shipping-taxable","13":"purchasable","14":"product-type-simple"},"yoast_head":"<!-- This site is optimized with the Yoast SEO plugin v27.2 - https:\/\/yoast.com\/product\/yoast-seo-wordpress\/ -->\n<title>Emec DIAPHRAGM (PTFE) for pump head \u201cF\u201d (pump CMS\/G) - Dosing Pump Shop B.V.<\/title>\n<meta name=\"robots\" content=\"index, follow, max-snippet:-1, max-image-preview:large, max-video-preview:-1\" \/>\n<link rel=\"canonical\" href=\"https:\/\/dosingpump.shop\/ro\/produs-2\/emec-diafragma-ptfe-pentru-pompa-cap-f-pompa-cms-g\/\" \/>\n<meta property=\"og:locale\" content=\"ro_RO\" \/>\n<meta property=\"og:type\" content=\"article\" \/>\n<meta property=\"og:title\" content=\"Emec DIAPHRAGM (PTFE) for pump head \u201cF\u201d (pump CMS\/G) - Dosing Pump Shop B.V.\" \/>\n<meta property=\"og:description\" content=\"PTFE Membraan  Flexibel om snelle slagbeweging van de elektromagneet te volgen  Wilt u help bij het kiezen van het juiste product? Neem dan contact met ons op.\" \/>\n<meta property=\"og:url\" content=\"https:\/\/dosingpump.shop\/ro\/produs-2\/emec-diafragma-ptfe-pentru-pompa-cap-f-pompa-cms-g\/\" \/>\n<meta property=\"og:site_name\" content=\"Dosing Pump Shop B.V.\" \/>\n<meta property=\"article:modified_time\" content=\"2026-02-27T12:50:54+00:00\" \/>\n<meta property=\"og:image\" content=\"https:\/\/dosingpump.shop\/wp-content\/uploads\/2025\/11\/Diaphrama-1.png\" \/>\n\t<meta property=\"og:image:width\" content=\"500\" \/>\n\t<meta property=\"og:image:height\" content=\"500\" \/>\n\t<meta property=\"og:image:type\" content=\"image\/png\" \/>\n<meta name=\"twitter:card\" content=\"summary_large_image\" \/>\n<meta name=\"twitter:label1\" content=\"Pre\u021b\" \/>\n\t<meta name=\"twitter:data1\" content=\"&euro;84,00\" \/>\n\t<meta name=\"twitter:label2\" content=\"Disponibilitate\" \/>\n\t<meta name=\"twitter:data2\" content=\"\u00cen stoc\" \/>\n<script type=\"application\/ld+json\" class=\"yoast-schema-graph\">{\"@context\":\"https:\/\/schema.org\",\"@graph\":[{\"@type\":\"WebPage\",\"@id\":\"https:\/\/dosingpump.shop\/product\/emec-diaphragm-ptfe-for-pump-head-f-pump-cms-g\/\",\"url\":\"https:\/\/dosingpump.shop\/product\/emec-diaphragm-ptfe-for-pump-head-f-pump-cms-g\/\",\"name\":\"Emec DIAPHRAGM (PTFE) for pump head \u201cF\u201d (pump CMS\/G) - Dosing Pump Shop B.V.\",\"isPartOf\":{\"@id\":\"https:\/\/dosingpump.shop\/de\/#website\"},\"primaryImageOfPage\":{\"@id\":\"https:\/\/dosingpump.shop\/product\/emec-diaphragm-ptfe-for-pump-head-f-pump-cms-g\/#primaryimage\"},\"image\":{\"@id\":\"https:\/\/dosingpump.shop\/product\/emec-diaphragm-ptfe-for-pump-head-f-pump-cms-g\/#primaryimage\"},\"thumbnailUrl\":\"https:\/\/dosingpump.shop\/wp-content\/uploads\/2025\/11\/Diaphrama-1.png\",\"datePublished\":\"2025-11-28T13:08:17+00:00\",\"dateModified\":\"2026-02-27T12:50:54+00:00\",\"breadcrumb\":{\"@id\":\"https:\/\/dosingpump.shop\/product\/emec-diaphragm-ptfe-for-pump-head-f-pump-cms-g\/#breadcrumb\"},\"inLanguage\":\"ro-RO\",\"potentialAction\":[{\"@type\":\"ReadAction\",\"target\":[\"https:\/\/dosingpump.shop\/product\/emec-diaphragm-ptfe-for-pump-head-f-pump-cms-g\/\"]}]},{\"@type\":\"ImageObject\",\"inLanguage\":\"ro-RO\",\"@id\":\"https:\/\/dosingpump.shop\/product\/emec-diaphragm-ptfe-for-pump-head-f-pump-cms-g\/#primaryimage\",\"url\":\"https:\/\/dosingpump.shop\/wp-content\/uploads\/2025\/11\/Diaphrama-1.png\",\"contentUrl\":\"https:\/\/dosingpump.shop\/wp-content\/uploads\/2025\/11\/Diaphrama-1.png\",\"width\":500,\"height\":500},{\"@type\":\"BreadcrumbList\",\"@id\":\"https:\/\/dosingpump.shop\/product\/emec-diaphragm-ptfe-for-pump-head-f-pump-cms-g\/#breadcrumb\",\"itemListElement\":[{\"@type\":\"ListItem\",\"position\":1,\"name\":\"Home\",\"item\":\"https:\/\/dosingpump.shop\/\"},{\"@type\":\"ListItem\",\"position\":2,\"name\":\"Shop\",\"item\":\"https:\/\/dosingpump.shop\/de\/shop\/\"},{\"@type\":\"ListItem\",\"position\":3,\"name\":\"Emec DIAPHRAGM (PTFE) for pump head \u201cF\u201d (pump CMS\/G)\"}]},{\"@type\":\"WebSite\",\"@id\":\"https:\/\/dosingpump.shop\/de\/#website\",\"url\":\"https:\/\/dosingpump.shop\/de\/\",\"name\":\"Dosing Pump Shop B.V.\",\"description\":\"\",\"publisher\":{\"@id\":\"https:\/\/dosingpump.shop\/de\/#organization\"},\"potentialAction\":[{\"@type\":\"SearchAction\",\"target\":{\"@type\":\"EntryPoint\",\"urlTemplate\":\"https:\/\/dosingpump.shop\/de\/?s={search_term_string}\"},\"query-input\":{\"@type\":\"PropertyValueSpecification\",\"valueRequired\":true,\"valueName\":\"search_term_string\"}}],\"inLanguage\":\"ro-RO\"},{\"@type\":\"Organization\",\"@id\":\"https:\/\/dosingpump.shop\/de\/#organization\",\"name\":\"Dosing Pump Shop B.V.\",\"url\":\"https:\/\/dosingpump.shop\/de\/\",\"logo\":{\"@type\":\"ImageObject\",\"inLanguage\":\"ro-RO\",\"@id\":\"https:\/\/dosingpump.shop\/de\/#\/schema\/logo\/image\/\",\"url\":\"https:\/\/dosingpump.shop\/wp-content\/uploads\/2024\/10\/Dosing-Pump-Shop-logo.png\",\"contentUrl\":\"https:\/\/dosingpump.shop\/wp-content\/uploads\/2024\/10\/Dosing-Pump-Shop-logo.png\",\"width\":350,\"height\":45,\"caption\":\"Dosing Pump Shop B.V.\"},\"image\":{\"@id\":\"https:\/\/dosingpump.shop\/de\/#\/schema\/logo\/image\/\"},\"sameAs\":[\"https:\/\/linkedin.com\/company\/dosing-pump-shop\"]}]}<\/script>\n<meta property=\"product:price:amount\" content=\"84.00\" \/>\n<meta property=\"product:price:currency\" content=\"EUR\" \/>\n<meta property=\"og:availability\" content=\"instock\" \/>\n<meta property=\"product:availability\" content=\"instock\" \/>\n<meta property=\"product:retailer_item_id\" content=\"01800280\" \/>\n<meta property=\"product:condition\" content=\"new\" \/>\n<!-- \/ Yoast SEO plugin. -->","yoast_head_json":{"title":"Emec DIAPHRAGM (PTFE) pentru capul pompei \"F\" (pompa CMS\/G) - Dosing Pump Shop B.V.","robots":{"index":"index","follow":"follow","max-snippet":"max-snippet:-1","max-image-preview":"max-image-preview:large","max-video-preview":"max-video-preview:-1"},"canonical":"https:\/\/dosingpump.shop\/ro\/produs-2\/emec-diafragma-ptfe-pentru-pompa-cap-f-pompa-cms-g\/","og_locale":"ro_RO","og_type":"article","og_title":"Emec DIAPHRAGM (PTFE) for pump head \u201cF\u201d (pump CMS\/G) - Dosing Pump Shop B.V.","og_description":"PTFE Membraan  Flexibel om snelle slagbeweging van de elektromagneet te volgen  Wilt u help bij het kiezen van het juiste product? Neem dan contact met ons op.","og_url":"https:\/\/dosingpump.shop\/ro\/produs-2\/emec-diafragma-ptfe-pentru-pompa-cap-f-pompa-cms-g\/","og_site_name":"Dosing Pump Shop B.V.","article_modified_time":"2026-02-27T12:50:54+00:00","og_image":[{"width":500,"height":500,"url":"https:\/\/dosingpump.shop\/wp-content\/uploads\/2025\/11\/Diaphrama-1.png","type":"image\/png"}],"twitter_card":"summary_large_image","twitter_misc":{"Pre\u021b":"&euro;84,00","Disponibilitate":"\u00cen stoc"},"schema":{"@context":"https:\/\/schema.org","@graph":[{"@type":"WebPage","@id":"https:\/\/dosingpump.shop\/product\/emec-diaphragm-ptfe-for-pump-head-f-pump-cms-g\/","url":"https:\/\/dosingpump.shop\/product\/emec-diaphragm-ptfe-for-pump-head-f-pump-cms-g\/","name":"Emec DIAPHRAGM (PTFE) pentru capul pompei \"F\" (pompa CMS\/G) - Dosing Pump Shop B.V.","isPartOf":{"@id":"https:\/\/dosingpump.shop\/de\/#website"},"primaryImageOfPage":{"@id":"https:\/\/dosingpump.shop\/product\/emec-diaphragm-ptfe-for-pump-head-f-pump-cms-g\/#primaryimage"},"image":{"@id":"https:\/\/dosingpump.shop\/product\/emec-diaphragm-ptfe-for-pump-head-f-pump-cms-g\/#primaryimage"},"thumbnailUrl":"https:\/\/dosingpump.shop\/wp-content\/uploads\/2025\/11\/Diaphrama-1.png","datePublished":"2025-11-28T13:08:17+00:00","dateModified":"2026-02-27T12:50:54+00:00","breadcrumb":{"@id":"https:\/\/dosingpump.shop\/product\/emec-diaphragm-ptfe-for-pump-head-f-pump-cms-g\/#breadcrumb"},"inLanguage":"ro-RO","potentialAction":[{"@type":"ReadAction","target":["https:\/\/dosingpump.shop\/product\/emec-diaphragm-ptfe-for-pump-head-f-pump-cms-g\/"]}]},{"@type":"ImageObject","inLanguage":"ro-RO","@id":"https:\/\/dosingpump.shop\/product\/emec-diaphragm-ptfe-for-pump-head-f-pump-cms-g\/#primaryimage","url":"https:\/\/dosingpump.shop\/wp-content\/uploads\/2025\/11\/Diaphrama-1.png","contentUrl":"https:\/\/dosingpump.shop\/wp-content\/uploads\/2025\/11\/Diaphrama-1.png","width":500,"height":500},{"@type":"BreadcrumbList","@id":"https:\/\/dosingpump.shop\/product\/emec-diaphragm-ptfe-for-pump-head-f-pump-cms-g\/#breadcrumb","itemListElement":[{"@type":"ListItem","position":1,"name":"Home","item":"https:\/\/dosingpump.shop\/"},{"@type":"ListItem","position":2,"name":"Shop","item":"https:\/\/dosingpump.shop\/de\/shop\/"},{"@type":"ListItem","position":3,"name":"Emec DIAPHRAGM (PTFE) for pump head \u201cF\u201d (pump CMS\/G)"}]},{"@type":"WebSite","@id":"https:\/\/dosingpump.shop\/de\/#website","url":"https:\/\/dosingpump.shop\/de\/","name":"Dosing Pump Shop B.V.","description":"","publisher":{"@id":"https:\/\/dosingpump.shop\/de\/#organization"},"potentialAction":[{"@type":"SearchAction","target":{"@type":"EntryPoint","urlTemplate":"https:\/\/dosingpump.shop\/de\/?s={search_term_string}"},"query-input":{"@type":"PropertyValueSpecification","valueRequired":true,"valueName":"search_term_string"}}],"inLanguage":"ro-RO"},{"@type":"Organization","@id":"https:\/\/dosingpump.shop\/de\/#organization","name":"Dosing Pump Shop B.V.","url":"https:\/\/dosingpump.shop\/de\/","logo":{"@type":"ImageObject","inLanguage":"ro-RO","@id":"https:\/\/dosingpump.shop\/de\/#\/schema\/logo\/image\/","url":"https:\/\/dosingpump.shop\/wp-content\/uploads\/2024\/10\/Dosing-Pump-Shop-logo.png","contentUrl":"https:\/\/dosingpump.shop\/wp-content\/uploads\/2024\/10\/Dosing-Pump-Shop-logo.png","width":350,"height":45,"caption":"Dosing Pump Shop B.V."},"image":{"@id":"https:\/\/dosingpump.shop\/de\/#\/schema\/logo\/image\/"},"sameAs":["https:\/\/linkedin.com\/company\/dosing-pump-shop"]}]},"product_price_amount":"84.00","product_price_currency":"EUR","og_availability":"instock","product_availability":"instock","product_retailer_item_id":"01800280","product_condition":"new"},"_links":{"self":[{"href":"https:\/\/dosingpump.shop\/ro\/wp-json\/wp\/v2\/product\/8571","targetHints":{"allow":["GET"]}}],"collection":[{"href":"https:\/\/dosingpump.shop\/ro\/wp-json\/wp\/v2\/product"}],"about":[{"href":"https:\/\/dosingpump.shop\/ro\/wp-json\/wp\/v2\/types\/product"}],"wp:featuredmedia":[{"embeddable":true,"href":"https:\/\/dosingpump.shop\/ro\/wp-json\/wp\/v2\/media\/8560"}],"wp:attachment":[{"href":"https:\/\/dosingpump.shop\/ro\/wp-json\/wp\/v2\/media?parent=8571"}],"wp:term":[{"taxonomy":"product_brand","embeddable":true,"href":"https:\/\/dosingpump.shop\/ro\/wp-json\/wp\/v2\/product_brand?post=8571"},{"taxonomy":"product_cat","embeddable":true,"href":"https:\/\/dosingpump.shop\/ro\/wp-json\/wp\/v2\/product_cat?post=8571"},{"taxonomy":"product_tag","embeddable":true,"href":"https:\/\/dosingpump.shop\/ro\/wp-json\/wp\/v2\/product_tag?post=8571"}],"curies":[{"name":"wp","href":"https:\/\/api.w.org\/{rel}","templated":true}]}}