{"id":3899,"date":"2024-12-05T12:21:29","date_gmt":"2024-12-05T12:21:29","guid":{"rendered":"https:\/\/dosingpump.shop\/?post_type=product&#038;p=3899"},"modified":"2026-02-27T14:49:12","modified_gmt":"2026-02-27T12:49:12","slug":"vattenmatare-katci-15-1-2-35i-l","status":"publish","type":"product","link":"https:\/\/dosingpump.shop\/se\/product\/watermeter-catci-15-1-2-35i-l\/","title":{"rendered":"Vattenm\u00e4tare CATCI-15 1\/2\u2033 35i\/L"},"content":{"rendered":"<h3>Emec CatCi | Vattenm\u00e4tare med puls f\u00f6r varmvatten<\/h3>\n<p>Den <strong>Emec CatCi<\/strong> \u00e4r en vattenm\u00e4tare med pulsgenerator avsedd f\u00f6r noggrann m\u00e4tning av vattenfl\u00f6den. Den h\u00e4r produkten anv\u00e4nds f\u00f6r att styra doseringspumpar eller regulatorer. Den genererar ett antal pulser per liter vatten. Dessa pulser g\u00f6r att en doseringspump kan dosera en specifik m\u00e4ngd v\u00e4tska. Detta g\u00f6r Emec CatCi idealisk f\u00f6r applikationer som legionellaf\u00f6rebyggande eller blandning av l\u00f6sningar som v\u00e4teperoxid eller klor.<\/p>\n<p>Tack vare den torra urtavlan \u00e4r vattenm\u00e4taren l\u00e4mplig f\u00f6r v\u00e4tskor med sm\u00e5 smutspartiklar. Dessutom \u00e4r m\u00e4taren konstruerad f\u00f6r att fungera vid temperaturer upp till 90\u00b0C. Observera att f\u00f6r korrekt kommunikation med doseringspumpen kr\u00e4vs en pump med MF-konfiguration (Multifunction).<\/p>\n<h4>Vilka versioner och anslutningar finns tillg\u00e4ngliga?<\/h4>\n<p>I tabellen nedan kan du se vilka versioner och deras motsvarande anslutningar som finns tillg\u00e4ngliga. \u00c4r du inte helt s\u00e4ker p\u00e5 vilken vattenm\u00e4tare du beh\u00f6ver? V\u00e4nligen kontakta oss.<\/p>\n<ul>\n<li><strong>CATCI 15<\/strong>: 15 mm anslutning (1\/2 tum)<\/li>\n<li><strong>CATCI 20<\/strong>: 20 mm anslutning (3\/4 tum)<\/li>\n<li><strong>CATCI 25<\/strong>: 25 mm anslutning (1 tum)<\/li>\n<li><strong>CATCI 30<\/strong>: 30 mm anslutning (1,1\/4 tum)<\/li>\n<li><strong>CATCI 40<\/strong>: 40 mm anslutning (1,1\/2 tum)<\/li>\n<li><strong>CATCI 50<\/strong>: 50 mm anslutning (2 tum)<\/li>\n<\/ul>\n<p><strong>Obs!<\/strong> \u00e4r det avg\u00f6rande att v\u00e4lja r\u00e4tt konfiguration. \u00c4r du os\u00e4ker? Ta d\u00e5 kontakt med oss. Vi ger dig g\u00e4rna r\u00e5d om r\u00e4tt vattenm\u00e4tare f\u00f6r din applikation.<\/p>","protected":false},"excerpt":{"rendered":"<p>Speciellt f\u00f6r anv\u00e4ndning med varmt\/varmt vatten.pulserare med torr ratt.f\u00f6r styrning av dosering med ppm eller procent.<\/p>\n<ul>\n<li>L\u00e4mplig f\u00f6r varmvatten, \u00e4ven med smutspartiklar<\/li>\n<li>L\u00e4mplig f\u00f6r vattentemperaturer upp till 90\u00b0C<\/li>\n<li>Maximalt vattentryck p\u00e5 16 bar<\/li>\n<li>Levereras med 2,5 meter kabel<\/li>\n<\/ul>","protected":false},"featured_media":5880,"template":"","meta":[],"product_brand":[],"product_cat":[34,40],"product_tag":[],"class_list":{"0":"post-3899","1":"product","2":"type-product","3":"status-publish","4":"has-post-thumbnail","6":"product_cat-accessoires","7":"product_cat-watermeter-met-pulsgever","9":"first","10":"instock","11":"taxable","12":"shipping-taxable","13":"purchasable","14":"product-type-simple"},"yoast_head":"<!-- This site is optimized with the Yoast SEO plugin v27.2 - https:\/\/yoast.com\/product\/yoast-seo-wordpress\/ -->\n<title>Watermeter CATCI-15 1\/2&quot; 35i\/L | Dosing Pump Shop B.V.<\/title>\n<meta name=\"robots\" content=\"index, follow, max-snippet:-1, max-image-preview:large, max-video-preview:-1\" \/>\n<link rel=\"canonical\" href=\"https:\/\/dosingpump.shop\/se\/produkt\/vattenmatare-katci-15-1-2-35i-l\/\" \/>\n<meta property=\"og:locale\" content=\"sv_SE\" \/>\n<meta property=\"og:type\" content=\"article\" \/>\n<meta property=\"og:title\" content=\"Watermeter CATCI-15 1\/2&quot; 35i\/L | Dosing Pump Shop B.V.\" \/>\n<meta property=\"og:description\" content=\"Speciaal voor gebruik met warm\/heet water.Pulsgever met droge wijzerplaat.Voor het regelen van een dosering op ppm of percentage.   Geschikt voor Heet water, ook met vuildeeltjes  Geschikt voor Watertempratuur tot 90\u00b0C  Maximale waterdruk van 16 bar  Geleverd met 2,5 meter kabel\" \/>\n<meta property=\"og:url\" content=\"https:\/\/dosingpump.shop\/se\/produkt\/vattenmatare-katci-15-1-2-35i-l\/\" \/>\n<meta property=\"og:site_name\" content=\"Dosing Pump Shop B.V.\" \/>\n<meta property=\"article:modified_time\" content=\"2026-02-27T12:49:12+00:00\" \/>\n<meta property=\"og:image\" content=\"https:\/\/dosingpump.shop\/wp-content\/uploads\/2024\/12\/Emec-CatCi.png\" \/>\n\t<meta property=\"og:image:width\" content=\"500\" \/>\n\t<meta property=\"og:image:height\" content=\"500\" \/>\n\t<meta property=\"og:image:type\" content=\"image\/png\" \/>\n<meta name=\"twitter:card\" content=\"summary_large_image\" \/>\n<meta name=\"twitter:label1\" content=\"Pris\" \/>\n\t<meta name=\"twitter:data1\" content=\"&euro;178,00\" \/>\n\t<meta name=\"twitter:label2\" content=\"Tillg\u00e4nglig\" \/>\n\t<meta name=\"twitter:data2\" content=\"I lager\" \/>\n<script type=\"application\/ld+json\" class=\"yoast-schema-graph\">{\"@context\":\"https:\/\/schema.org\",\"@graph\":[{\"@type\":\"WebPage\",\"@id\":\"https:\/\/dosingpump.shop\/se\/produkt\/vattenmatare-katci-15-1-2-35i-l\/\",\"url\":\"https:\/\/dosingpump.shop\/se\/produkt\/vattenmatare-katci-15-1-2-35i-l\/\",\"name\":\"Watermeter CATCI-15 1\/2\\\" 35i\/L | Dosing Pump Shop B.V.\",\"isPartOf\":{\"@id\":\"https:\/\/dosingpump.shop\/de\/#website\"},\"primaryImageOfPage\":{\"@id\":\"https:\/\/dosingpump.shop\/se\/produkt\/vattenmatare-katci-15-1-2-35i-l\/#primaryimage\"},\"image\":{\"@id\":\"https:\/\/dosingpump.shop\/se\/produkt\/vattenmatare-katci-15-1-2-35i-l\/#primaryimage\"},\"thumbnailUrl\":\"https:\/\/dosingpump.shop\/wp-content\/uploads\/2024\/12\/Emec-CatCi.png\",\"datePublished\":\"2024-12-05T12:21:29+00:00\",\"dateModified\":\"2026-02-27T12:49:12+00:00\",\"breadcrumb\":{\"@id\":\"https:\/\/dosingpump.shop\/se\/produkt\/vattenmatare-katci-15-1-2-35i-l\/#breadcrumb\"},\"inLanguage\":\"sv-SE\",\"potentialAction\":[{\"@type\":\"ReadAction\",\"target\":[\"https:\/\/dosingpump.shop\/se\/produkt\/vattenmatare-katci-15-1-2-35i-l\/\"]}]},{\"@type\":\"ImageObject\",\"inLanguage\":\"sv-SE\",\"@id\":\"https:\/\/dosingpump.shop\/se\/produkt\/vattenmatare-katci-15-1-2-35i-l\/#primaryimage\",\"url\":\"https:\/\/dosingpump.shop\/wp-content\/uploads\/2024\/12\/Emec-CatCi.png\",\"contentUrl\":\"https:\/\/dosingpump.shop\/wp-content\/uploads\/2024\/12\/Emec-CatCi.png\",\"width\":500,\"height\":500},{\"@type\":\"BreadcrumbList\",\"@id\":\"https:\/\/dosingpump.shop\/se\/produkt\/vattenmatare-katci-15-1-2-35i-l\/#breadcrumb\",\"itemListElement\":[{\"@type\":\"ListItem\",\"position\":1,\"name\":\"Home\",\"item\":\"https:\/\/dosingpump.shop\/\"},{\"@type\":\"ListItem\",\"position\":2,\"name\":\"Shop\",\"item\":\"https:\/\/dosingpump.shop\/de\/shop\/\"},{\"@type\":\"ListItem\",\"position\":3,\"name\":\"Watermeter CATCI-15 1\/2&#8243; 35i\/L\"}]},{\"@type\":\"WebSite\",\"@id\":\"https:\/\/dosingpump.shop\/de\/#website\",\"url\":\"https:\/\/dosingpump.shop\/de\/\",\"name\":\"Dosing Pump Shop B.V.\",\"description\":\"\",\"publisher\":{\"@id\":\"https:\/\/dosingpump.shop\/de\/#organization\"},\"potentialAction\":[{\"@type\":\"SearchAction\",\"target\":{\"@type\":\"EntryPoint\",\"urlTemplate\":\"https:\/\/dosingpump.shop\/de\/?s={search_term_string}\"},\"query-input\":{\"@type\":\"PropertyValueSpecification\",\"valueRequired\":true,\"valueName\":\"search_term_string\"}}],\"inLanguage\":\"sv-SE\"},{\"@type\":\"Organization\",\"@id\":\"https:\/\/dosingpump.shop\/de\/#organization\",\"name\":\"Dosing Pump Shop B.V.\",\"url\":\"https:\/\/dosingpump.shop\/de\/\",\"logo\":{\"@type\":\"ImageObject\",\"inLanguage\":\"sv-SE\",\"@id\":\"https:\/\/dosingpump.shop\/de\/#\/schema\/logo\/image\/\",\"url\":\"https:\/\/dosingpump.shop\/wp-content\/uploads\/2024\/10\/Dosing-Pump-Shop-logo.png\",\"contentUrl\":\"https:\/\/dosingpump.shop\/wp-content\/uploads\/2024\/10\/Dosing-Pump-Shop-logo.png\",\"width\":350,\"height\":45,\"caption\":\"Dosing Pump Shop B.V.\"},\"image\":{\"@id\":\"https:\/\/dosingpump.shop\/de\/#\/schema\/logo\/image\/\"},\"sameAs\":[\"https:\/\/linkedin.com\/company\/dosing-pump-shop\"]}]}<\/script>\n<meta property=\"product:price:amount\" content=\"178.00\" \/>\n<meta property=\"product:price:currency\" content=\"EUR\" \/>\n<meta property=\"og:availability\" content=\"instock\" \/>\n<meta property=\"product:availability\" content=\"instock\" \/>\n<meta property=\"product:retailer_item_id\" content=\"CATCI015004L72,5000X\" \/>\n<meta property=\"product:condition\" content=\"new\" \/>\n<!-- \/ Yoast SEO plugin. -->","yoast_head_json":{"title":"Vattenm\u00e4tare CATCI-15 1\/2\" 35i\/L | Dosing Pump Shop B.V.","robots":{"index":"index","follow":"follow","max-snippet":"max-snippet:-1","max-image-preview":"max-image-preview:large","max-video-preview":"max-video-preview:-1"},"canonical":"https:\/\/dosingpump.shop\/se\/produkt\/vattenmatare-katci-15-1-2-35i-l\/","og_locale":"sv_SE","og_type":"article","og_title":"Watermeter CATCI-15 1\/2\" 35i\/L | Dosing Pump Shop B.V.","og_description":"Speciaal voor gebruik met warm\/heet water.Pulsgever met droge wijzerplaat.Voor het regelen van een dosering op ppm of percentage.   Geschikt voor Heet water, ook met vuildeeltjes  Geschikt voor Watertempratuur tot 90\u00b0C  Maximale waterdruk van 16 bar  Geleverd met 2,5 meter kabel","og_url":"https:\/\/dosingpump.shop\/se\/produkt\/vattenmatare-katci-15-1-2-35i-l\/","og_site_name":"Dosing Pump Shop B.V.","article_modified_time":"2026-02-27T12:49:12+00:00","og_image":[{"width":500,"height":500,"url":"https:\/\/dosingpump.shop\/wp-content\/uploads\/2024\/12\/Emec-CatCi.png","type":"image\/png"}],"twitter_card":"summary_large_image","twitter_misc":{"Pris":"&euro;178,00","Tillg\u00e4nglig":"I lager"},"schema":{"@context":"https:\/\/schema.org","@graph":[{"@type":"WebPage","@id":"https:\/\/dosingpump.shop\/se\/produkt\/vattenmatare-katci-15-1-2-35i-l\/","url":"https:\/\/dosingpump.shop\/se\/produkt\/vattenmatare-katci-15-1-2-35i-l\/","name":"Vattenm\u00e4tare CATCI-15 1\/2\" 35i\/L | Dosing Pump Shop B.V.","isPartOf":{"@id":"https:\/\/dosingpump.shop\/de\/#website"},"primaryImageOfPage":{"@id":"https:\/\/dosingpump.shop\/se\/produkt\/vattenmatare-katci-15-1-2-35i-l\/#primaryimage"},"image":{"@id":"https:\/\/dosingpump.shop\/se\/produkt\/vattenmatare-katci-15-1-2-35i-l\/#primaryimage"},"thumbnailUrl":"https:\/\/dosingpump.shop\/wp-content\/uploads\/2024\/12\/Emec-CatCi.png","datePublished":"2024-12-05T12:21:29+00:00","dateModified":"2026-02-27T12:49:12+00:00","breadcrumb":{"@id":"https:\/\/dosingpump.shop\/se\/produkt\/vattenmatare-katci-15-1-2-35i-l\/#breadcrumb"},"inLanguage":"sv-SE","potentialAction":[{"@type":"ReadAction","target":["https:\/\/dosingpump.shop\/se\/produkt\/vattenmatare-katci-15-1-2-35i-l\/"]}]},{"@type":"ImageObject","inLanguage":"sv-SE","@id":"https:\/\/dosingpump.shop\/se\/produkt\/vattenmatare-katci-15-1-2-35i-l\/#primaryimage","url":"https:\/\/dosingpump.shop\/wp-content\/uploads\/2024\/12\/Emec-CatCi.png","contentUrl":"https:\/\/dosingpump.shop\/wp-content\/uploads\/2024\/12\/Emec-CatCi.png","width":500,"height":500},{"@type":"BreadcrumbList","@id":"https:\/\/dosingpump.shop\/se\/produkt\/vattenmatare-katci-15-1-2-35i-l\/#breadcrumb","itemListElement":[{"@type":"ListItem","position":1,"name":"Home","item":"https:\/\/dosingpump.shop\/"},{"@type":"ListItem","position":2,"name":"Shop","item":"https:\/\/dosingpump.shop\/de\/shop\/"},{"@type":"ListItem","position":3,"name":"Watermeter CATCI-15 1\/2&#8243; 35i\/L"}]},{"@type":"WebSite","@id":"https:\/\/dosingpump.shop\/de\/#website","url":"https:\/\/dosingpump.shop\/de\/","name":"Dosing Pump Shop B.V.","description":"","publisher":{"@id":"https:\/\/dosingpump.shop\/de\/#organization"},"potentialAction":[{"@type":"SearchAction","target":{"@type":"EntryPoint","urlTemplate":"https:\/\/dosingpump.shop\/de\/?s={search_term_string}"},"query-input":{"@type":"PropertyValueSpecification","valueRequired":true,"valueName":"search_term_string"}}],"inLanguage":"sv-SE"},{"@type":"Organization","@id":"https:\/\/dosingpump.shop\/de\/#organization","name":"Dosing Pump Shop B.V.","url":"https:\/\/dosingpump.shop\/de\/","logo":{"@type":"ImageObject","inLanguage":"sv-SE","@id":"https:\/\/dosingpump.shop\/de\/#\/schema\/logo\/image\/","url":"https:\/\/dosingpump.shop\/wp-content\/uploads\/2024\/10\/Dosing-Pump-Shop-logo.png","contentUrl":"https:\/\/dosingpump.shop\/wp-content\/uploads\/2024\/10\/Dosing-Pump-Shop-logo.png","width":350,"height":45,"caption":"Dosing Pump Shop B.V."},"image":{"@id":"https:\/\/dosingpump.shop\/de\/#\/schema\/logo\/image\/"},"sameAs":["https:\/\/linkedin.com\/company\/dosing-pump-shop"]}]},"product_price_amount":"178.00","product_price_currency":"EUR","og_availability":"instock","product_availability":"instock","product_retailer_item_id":"CATCI015004L72,5000X","product_condition":"new"},"_links":{"self":[{"href":"https:\/\/dosingpump.shop\/se\/wp-json\/wp\/v2\/product\/3899","targetHints":{"allow":["GET"]}}],"collection":[{"href":"https:\/\/dosingpump.shop\/se\/wp-json\/wp\/v2\/product"}],"about":[{"href":"https:\/\/dosingpump.shop\/se\/wp-json\/wp\/v2\/types\/product"}],"wp:featuredmedia":[{"embeddable":true,"href":"https:\/\/dosingpump.shop\/se\/wp-json\/wp\/v2\/media\/5880"}],"wp:attachment":[{"href":"https:\/\/dosingpump.shop\/se\/wp-json\/wp\/v2\/media?parent=3899"}],"wp:term":[{"taxonomy":"product_brand","embeddable":true,"href":"https:\/\/dosingpump.shop\/se\/wp-json\/wp\/v2\/product_brand?post=3899"},{"taxonomy":"product_cat","embeddable":true,"href":"https:\/\/dosingpump.shop\/se\/wp-json\/wp\/v2\/product_cat?post=3899"},{"taxonomy":"product_tag","embeddable":true,"href":"https:\/\/dosingpump.shop\/se\/wp-json\/wp\/v2\/product_tag?post=3899"}],"curies":[{"name":"wp","href":"https:\/\/api.w.org\/{rel}","templated":true}]}}