{"id":4031,"date":"2024-12-05T12:21:46","date_gmt":"2024-12-05T12:21:46","guid":{"rendered":"https:\/\/dosingpump.shop\/product\/emec-vms-po-chloorpomp-met-redox-sensor-orp\/"},"modified":"2026-02-27T14:49:16","modified_gmt":"2026-02-27T12:49:16","slug":"emec-vms-po-klorpump-med-redoxsensor-orp","status":"publish","type":"product","link":"https:\/\/dosingpump.shop\/se\/product\/emec-vms-po-chloorpomp-met-redox-sensor-orp\/","title":{"rendered":"Emec VMS PO klorpump med redoxsensor (ORP)"},"content":{"rendered":"<h2>Emec klorinpump VMSA PO<\/h2>\n<p style=\"margin-bottom: 1rem; font-family: 'Open Sans', Arial, 'Helvetica Neue', Helvetica, sans-serif; font-size: 14px; font-style: normal; font-weight: 400;\">Automatisk styrning av klortillsats baserat p\u00e5 redox (<a href=\"https:\/\/dosingpump.shop\/se\/kunskapscentrum\/orp-varde-och-redox\/\">REDOX<\/a>) \u00e4r en allm\u00e4nt anv\u00e4nd metod f\u00f6r att desinficera badvatten i privata simbass\u00e4nger. Emec VMSA PO fungerar enligt denna princip. Genom signalen fr\u00e5n en ORP-sensor doseras r\u00e4tt m\u00e4ngd klor till vattnet. ORP-sensorn med 0,8 m kabel ing\u00e5r i denna upps\u00e4ttning.<\/p>\n<p style=\"margin-bottom: 1rem; font-family: 'Open Sans', Arial, 'Helvetica Neue', Helvetica, sans-serif; font-size: 14px; font-style: normal; font-weight: 400;\">Den kompletta PVDF-konfigurationen garanterar l\u00e5ng livsl\u00e4ngd, \u00e4ven vid h\u00f6gre klorkoncentrationer. VMS PO?\u00e4r utrustad med en mycket praktisk flott\u00f6rfunktion p\u00e5 sugfiltret. Pumpen st\u00e4ngs av n\u00e4r k\u00e4rlet \u00e4r tomt, vilket f\u00f6rhindrar att hela r\u00f6rsystemet blir tomt. Du kan ocks\u00e5 ta ut denna larmsignal externt och koppla ett larm till den.<\/p>\n<p style=\"margin-bottom: 1rem; font-family: 'Open Sans', Arial, 'Helvetica Neue', Helvetica, sans-serif; font-size: 14px; font-style: normal; font-weight: 400;\">Emec VMSA PO har en automatisk avluftning.<\/p>\n<p style=\"margin-bottom: 1rem; font-family: 'Open Sans', Arial, 'Helvetica Neue', Helvetica, sans-serif; font-size: 14px; font-style: normal; font-weight: 400;\">Vid automatisk dosering av klor \u00e4r det viktigt att pH-v\u00e4rdet ocks\u00e5 regleras korrekt! Vi har ocks\u00e5 en upps\u00e4ttning f\u00f6r detta.<\/p>\n<p style=\"margin-bottom: 1rem; font-family: 'Open Sans', Arial, 'Helvetica Neue', Helvetica, sans-serif; font-size: 14px; font-style: normal; font-weight: 400;\">Beh\u00f6ver du mer information eller en offert? H\u00f6r d\u00e5 av dig till oss!<\/p>\n<h3 style=\"margin-bottom: 20px; font-weight: 400; line-height: 1.1; font-size: 1.2em; font-family: Bitter; font-style: normal;\">Egenskaper Emec VMSA PO klorpump<\/h3>\n<ul style=\"margin-bottom: 2.5rem; margin-left: 2rem; font-family: 'Open Sans', Arial, 'Helvetica Neue', Helvetica, sans-serif; font-size: 14px; font-style: normal; font-weight: 400;\">\n<li style=\"margin-bottom: 1rem;\">Design s\u00e4rskilt l\u00e4mplig f\u00f6r v\u00e4ggmontering<\/li>\n<li style=\"margin-bottom: 1rem;\">Utrustad med tydlig LCD-display<\/li>\n<li style=\"margin-bottom: 1rem;\">Full PVDF-konfiguration (pumphuvud, insprutningsnippel, sugfilter och tryck- och sugslangar)<\/li>\n<li style=\"margin-bottom: 1rem;\">Levereras med komplett sats (2 m tryck- och sugslang, 2 m avluftningsslang (PE), insprutningsnippel och sugfilter)<\/li>\n<li style=\"margin-bottom: 1rem;\">Ljudl\u00f6s version tillg\u00e4nglig.<\/li>\n<\/ul>\n<h3>Tillg\u00e4ngligt fl\u00f6de och tryck<\/h3>\n<p><b>Emec VMSA PO<\/b><\/p>\n<table>\n<tbody>\n<tr>\n<th>Tryck (Bar)<\/th>\n<th>Fl\u00f6de (l\/timme)<\/th>\n<\/tr>\n<tr>\n<td>18<\/td>\n<td>02<\/td>\n<\/tr>\n<tr>\n<td>10<\/td>\n<td>3,4<\/td>\n<\/tr>\n<tr>\n<td>07<\/td>\n<td>04<\/td>\n<\/tr>\n<tr>\n<td>01<\/td>\n<td>3,5<\/td>\n<\/tr>\n<tr>\n<td>01<\/td>\n<td>13,5<\/td>\n<\/tr>\n<tr>\n<td><\/td>\n<td><\/td>\n<\/tr>\n<\/tbody>\n<\/table>\n<p>Versioner<\/p>\n<p>Olika versioner finns tillg\u00e4ngliga f\u00f6r denna pump. V\u00e4nligen kontakta oss!<\/p>","protected":false},"excerpt":{"rendered":"<p>Komplett upps\u00e4ttning med doseringspump, redoxsensor och sensorh\u00e5llare.<\/p>\n<p>Reglerar automatiskt klorhalten i t.ex. en simbass\u00e4ng.<\/p>\n<p>Anv\u00e4nds ocks\u00e5 regelbundet inom tr\u00e4dg\u00e5rdsodling.<\/p>\n<p>Version: VMSA PO med ERH-sensor med 0,8 m kabel och 1\/2\u2033 sensorh\u00e5llare.<\/p>\n<p>Beh\u00f6ver du en annan version? Beg\u00e4r en offert!<\/p>","protected":false},"featured_media":4030,"template":"","meta":[],"product_brand":[],"product_cat":[85],"product_tag":[],"class_list":{"0":"post-4031","1":"product","2":"type-product","3":"status-publish","4":"has-post-thumbnail","6":"product_cat-assortiment","8":"first","9":"onbackorder","10":"taxable","11":"shipping-taxable","12":"purchasable","13":"product-type-simple"},"yoast_head":"<!-- This site is optimized with the Yoast SEO plugin v27.2 - https:\/\/yoast.com\/product\/yoast-seo-wordpress\/ -->\n<title>Chloorpomp met Redox Sensor | Dosing Pump Shop B.V.<\/title>\n<meta name=\"description\" content=\"Complete set van Emec VMSA PO chloorpomp met redox sensor voor het automatisch regelen van chloor. _ ruime voorraad _ goed advies.\" \/>\n<meta name=\"robots\" content=\"index, follow, max-snippet:-1, max-image-preview:large, max-video-preview:-1\" \/>\n<link rel=\"canonical\" href=\"https:\/\/dosingpump.shop\/se\/produkt\/emec-vms-po-klorpump-med-redoxsensor-orp\/\" \/>\n<meta property=\"og:locale\" content=\"sv_SE\" \/>\n<meta property=\"og:type\" content=\"article\" \/>\n<meta property=\"og:title\" content=\"Chloorpomp met Redox Sensor | Dosing Pump Shop B.V.\" \/>\n<meta property=\"og:description\" content=\"Complete set van Emec VMSA PO chloorpomp met redox sensor voor het automatisch regelen van chloor. _ ruime voorraad _ goed advies.\" \/>\n<meta property=\"og:url\" content=\"https:\/\/dosingpump.shop\/se\/produkt\/emec-vms-po-klorpump-med-redoxsensor-orp\/\" \/>\n<meta property=\"og:site_name\" content=\"Dosing Pump Shop B.V.\" \/>\n<meta property=\"article:modified_time\" content=\"2026-02-27T12:49:16+00:00\" \/>\n<meta property=\"og:image\" content=\"https:\/\/dosingpump.shop\/wp-content\/uploads\/2024\/12\/Emec-VSMA.webp\" \/>\n\t<meta property=\"og:image:width\" content=\"499\" \/>\n\t<meta property=\"og:image:height\" content=\"500\" \/>\n\t<meta property=\"og:image:type\" content=\"image\/webp\" \/>\n<meta name=\"twitter:card\" content=\"summary_large_image\" \/>\n<meta name=\"twitter:label1\" content=\"Pris\" \/>\n\t<meta name=\"twitter:data1\" content=\"&euro;741,00\" \/>\n\t<meta name=\"twitter:label2\" content=\"Tillg\u00e4nglig\" \/>\n\t<meta name=\"twitter:data2\" content=\"P\u00e5 restorder\" \/>\n<script type=\"application\/ld+json\" class=\"yoast-schema-graph\">{\"@context\":\"https:\/\/schema.org\",\"@graph\":[{\"@type\":\"WebPage\",\"@id\":\"https:\/\/dosingpump.shop\/ro\/produs-2\/emec-vms-po-pompa-de-clor-cu-senzor-redox-orp\/\",\"url\":\"https:\/\/dosingpump.shop\/ro\/produs-2\/emec-vms-po-pompa-de-clor-cu-senzor-redox-orp\/\",\"name\":\"Chloorpomp met Redox Sensor | Dosing Pump Shop B.V.\",\"isPartOf\":{\"@id\":\"https:\/\/dosingpump.shop\/de\/#website\"},\"primaryImageOfPage\":{\"@id\":\"https:\/\/dosingpump.shop\/ro\/produs-2\/emec-vms-po-pompa-de-clor-cu-senzor-redox-orp\/#primaryimage\"},\"image\":{\"@id\":\"https:\/\/dosingpump.shop\/ro\/produs-2\/emec-vms-po-pompa-de-clor-cu-senzor-redox-orp\/#primaryimage\"},\"thumbnailUrl\":\"https:\/\/dosingpump.shop\/wp-content\/uploads\/2024\/12\/Emec-VSMA.webp\",\"datePublished\":\"2024-12-05T12:21:46+00:00\",\"dateModified\":\"2026-02-27T12:49:16+00:00\",\"description\":\"Complete set van Emec VMSA PO chloorpomp met redox sensor voor het automatisch regelen van chloor. _ ruime voorraad _ goed advies.\",\"breadcrumb\":{\"@id\":\"https:\/\/dosingpump.shop\/ro\/produs-2\/emec-vms-po-pompa-de-clor-cu-senzor-redox-orp\/#breadcrumb\"},\"inLanguage\":\"sv-SE\",\"potentialAction\":[{\"@type\":\"ReadAction\",\"target\":[\"https:\/\/dosingpump.shop\/ro\/produs-2\/emec-vms-po-pompa-de-clor-cu-senzor-redox-orp\/\"]}]},{\"@type\":\"ImageObject\",\"inLanguage\":\"sv-SE\",\"@id\":\"https:\/\/dosingpump.shop\/ro\/produs-2\/emec-vms-po-pompa-de-clor-cu-senzor-redox-orp\/#primaryimage\",\"url\":\"https:\/\/dosingpump.shop\/wp-content\/uploads\/2024\/12\/Emec-VSMA.webp\",\"contentUrl\":\"https:\/\/dosingpump.shop\/wp-content\/uploads\/2024\/12\/Emec-VSMA.webp\",\"width\":499,\"height\":500},{\"@type\":\"BreadcrumbList\",\"@id\":\"https:\/\/dosingpump.shop\/ro\/produs-2\/emec-vms-po-pompa-de-clor-cu-senzor-redox-orp\/#breadcrumb\",\"itemListElement\":[{\"@type\":\"ListItem\",\"position\":1,\"name\":\"Home\",\"item\":\"https:\/\/dosingpump.shop\/\"},{\"@type\":\"ListItem\",\"position\":2,\"name\":\"Shop\",\"item\":\"https:\/\/dosingpump.shop\/de\/shop\/\"},{\"@type\":\"ListItem\",\"position\":3,\"name\":\"Emec VMS PO chloorpomp met redox sensor (ORP)\"}]},{\"@type\":\"WebSite\",\"@id\":\"https:\/\/dosingpump.shop\/de\/#website\",\"url\":\"https:\/\/dosingpump.shop\/de\/\",\"name\":\"Dosing Pump Shop B.V.\",\"description\":\"\",\"publisher\":{\"@id\":\"https:\/\/dosingpump.shop\/de\/#organization\"},\"potentialAction\":[{\"@type\":\"SearchAction\",\"target\":{\"@type\":\"EntryPoint\",\"urlTemplate\":\"https:\/\/dosingpump.shop\/de\/?s={search_term_string}\"},\"query-input\":{\"@type\":\"PropertyValueSpecification\",\"valueRequired\":true,\"valueName\":\"search_term_string\"}}],\"inLanguage\":\"sv-SE\"},{\"@type\":\"Organization\",\"@id\":\"https:\/\/dosingpump.shop\/de\/#organization\",\"name\":\"Dosing Pump Shop B.V.\",\"url\":\"https:\/\/dosingpump.shop\/de\/\",\"logo\":{\"@type\":\"ImageObject\",\"inLanguage\":\"sv-SE\",\"@id\":\"https:\/\/dosingpump.shop\/de\/#\/schema\/logo\/image\/\",\"url\":\"https:\/\/dosingpump.shop\/wp-content\/uploads\/2024\/10\/Dosing-Pump-Shop-logo.png\",\"contentUrl\":\"https:\/\/dosingpump.shop\/wp-content\/uploads\/2024\/10\/Dosing-Pump-Shop-logo.png\",\"width\":350,\"height\":45,\"caption\":\"Dosing Pump Shop B.V.\"},\"image\":{\"@id\":\"https:\/\/dosingpump.shop\/de\/#\/schema\/logo\/image\/\"},\"sameAs\":[\"https:\/\/linkedin.com\/company\/dosing-pump-shop\"]}]}<\/script>\n<meta property=\"product:price:amount\" content=\"741.00\" \/>\n<meta property=\"product:price:currency\" content=\"EUR\" \/>\n<meta property=\"og:availability\" content=\"backorder\" \/>\n<meta property=\"product:availability\" content=\"available for order\" \/>\n<meta property=\"product:condition\" content=\"new\" \/>\n<!-- \/ Yoast SEO plugin. -->","yoast_head_json":{"title":"Klorpump med redoxsensor | Dosing Pump Shop B.V.","description":"Komplett upps\u00e4ttning Emec VMSA PO klorpump med redoxsensor f\u00f6r automatisk kontroll av klor. _ stort lager _ goda r\u00e5d.","robots":{"index":"index","follow":"follow","max-snippet":"max-snippet:-1","max-image-preview":"max-image-preview:large","max-video-preview":"max-video-preview:-1"},"canonical":"https:\/\/dosingpump.shop\/se\/produkt\/emec-vms-po-klorpump-med-redoxsensor-orp\/","og_locale":"sv_SE","og_type":"article","og_title":"Chloorpomp met Redox Sensor | Dosing Pump Shop B.V.","og_description":"Complete set van Emec VMSA PO chloorpomp met redox sensor voor het automatisch regelen van chloor. _ ruime voorraad _ goed advies.","og_url":"https:\/\/dosingpump.shop\/se\/produkt\/emec-vms-po-klorpump-med-redoxsensor-orp\/","og_site_name":"Dosing Pump Shop B.V.","article_modified_time":"2026-02-27T12:49:16+00:00","og_image":[{"width":499,"height":500,"url":"https:\/\/dosingpump.shop\/wp-content\/uploads\/2024\/12\/Emec-VSMA.webp","type":"image\/webp"}],"twitter_card":"summary_large_image","twitter_misc":{"Pris":"&euro;741,00","Tillg\u00e4nglig":"P\u00e5 restorder"},"schema":{"@context":"https:\/\/schema.org","@graph":[{"@type":"WebPage","@id":"https:\/\/dosingpump.shop\/ro\/produs-2\/emec-vms-po-pompa-de-clor-cu-senzor-redox-orp\/","url":"https:\/\/dosingpump.shop\/ro\/produs-2\/emec-vms-po-pompa-de-clor-cu-senzor-redox-orp\/","name":"Klorpump med redoxsensor | Dosing Pump Shop B.V.","isPartOf":{"@id":"https:\/\/dosingpump.shop\/de\/#website"},"primaryImageOfPage":{"@id":"https:\/\/dosingpump.shop\/ro\/produs-2\/emec-vms-po-pompa-de-clor-cu-senzor-redox-orp\/#primaryimage"},"image":{"@id":"https:\/\/dosingpump.shop\/ro\/produs-2\/emec-vms-po-pompa-de-clor-cu-senzor-redox-orp\/#primaryimage"},"thumbnailUrl":"https:\/\/dosingpump.shop\/wp-content\/uploads\/2024\/12\/Emec-VSMA.webp","datePublished":"2024-12-05T12:21:46+00:00","dateModified":"2026-02-27T12:49:16+00:00","description":"Komplett upps\u00e4ttning Emec VMSA PO klorpump med redoxsensor f\u00f6r automatisk kontroll av klor. _ stort lager _ goda r\u00e5d.","breadcrumb":{"@id":"https:\/\/dosingpump.shop\/ro\/produs-2\/emec-vms-po-pompa-de-clor-cu-senzor-redox-orp\/#breadcrumb"},"inLanguage":"sv-SE","potentialAction":[{"@type":"ReadAction","target":["https:\/\/dosingpump.shop\/ro\/produs-2\/emec-vms-po-pompa-de-clor-cu-senzor-redox-orp\/"]}]},{"@type":"ImageObject","inLanguage":"sv-SE","@id":"https:\/\/dosingpump.shop\/ro\/produs-2\/emec-vms-po-pompa-de-clor-cu-senzor-redox-orp\/#primaryimage","url":"https:\/\/dosingpump.shop\/wp-content\/uploads\/2024\/12\/Emec-VSMA.webp","contentUrl":"https:\/\/dosingpump.shop\/wp-content\/uploads\/2024\/12\/Emec-VSMA.webp","width":499,"height":500},{"@type":"BreadcrumbList","@id":"https:\/\/dosingpump.shop\/ro\/produs-2\/emec-vms-po-pompa-de-clor-cu-senzor-redox-orp\/#breadcrumb","itemListElement":[{"@type":"ListItem","position":1,"name":"Home","item":"https:\/\/dosingpump.shop\/"},{"@type":"ListItem","position":2,"name":"Shop","item":"https:\/\/dosingpump.shop\/de\/shop\/"},{"@type":"ListItem","position":3,"name":"Emec VMS PO chloorpomp met redox sensor (ORP)"}]},{"@type":"WebSite","@id":"https:\/\/dosingpump.shop\/de\/#website","url":"https:\/\/dosingpump.shop\/de\/","name":"Dosing Pump Shop B.V.","description":"","publisher":{"@id":"https:\/\/dosingpump.shop\/de\/#organization"},"potentialAction":[{"@type":"SearchAction","target":{"@type":"EntryPoint","urlTemplate":"https:\/\/dosingpump.shop\/de\/?s={search_term_string}"},"query-input":{"@type":"PropertyValueSpecification","valueRequired":true,"valueName":"search_term_string"}}],"inLanguage":"sv-SE"},{"@type":"Organization","@id":"https:\/\/dosingpump.shop\/de\/#organization","name":"Dosing Pump Shop B.V.","url":"https:\/\/dosingpump.shop\/de\/","logo":{"@type":"ImageObject","inLanguage":"sv-SE","@id":"https:\/\/dosingpump.shop\/de\/#\/schema\/logo\/image\/","url":"https:\/\/dosingpump.shop\/wp-content\/uploads\/2024\/10\/Dosing-Pump-Shop-logo.png","contentUrl":"https:\/\/dosingpump.shop\/wp-content\/uploads\/2024\/10\/Dosing-Pump-Shop-logo.png","width":350,"height":45,"caption":"Dosing Pump Shop B.V."},"image":{"@id":"https:\/\/dosingpump.shop\/de\/#\/schema\/logo\/image\/"},"sameAs":["https:\/\/linkedin.com\/company\/dosing-pump-shop"]}]},"product_price_amount":"741.00","product_price_currency":"EUR","og_availability":"backorder","product_availability":"available for order","product_condition":"new"},"_links":{"self":[{"href":"https:\/\/dosingpump.shop\/se\/wp-json\/wp\/v2\/product\/4031","targetHints":{"allow":["GET"]}}],"collection":[{"href":"https:\/\/dosingpump.shop\/se\/wp-json\/wp\/v2\/product"}],"about":[{"href":"https:\/\/dosingpump.shop\/se\/wp-json\/wp\/v2\/types\/product"}],"wp:featuredmedia":[{"embeddable":true,"href":"https:\/\/dosingpump.shop\/se\/wp-json\/wp\/v2\/media\/4030"}],"wp:attachment":[{"href":"https:\/\/dosingpump.shop\/se\/wp-json\/wp\/v2\/media?parent=4031"}],"wp:term":[{"taxonomy":"product_brand","embeddable":true,"href":"https:\/\/dosingpump.shop\/se\/wp-json\/wp\/v2\/product_brand?post=4031"},{"taxonomy":"product_cat","embeddable":true,"href":"https:\/\/dosingpump.shop\/se\/wp-json\/wp\/v2\/product_cat?post=4031"},{"taxonomy":"product_tag","embeddable":true,"href":"https:\/\/dosingpump.shop\/se\/wp-json\/wp\/v2\/product_tag?post=4031"}],"curies":[{"name":"wp","href":"https:\/\/api.w.org\/{rel}","templated":true}]}}