{"id":4115,"date":"2024-12-05T14:21:56","date_gmt":"2024-12-05T12:21:56","guid":{"rendered":"https:\/\/dosingpump.shop\/product\/emec-wdphrhs-03-10-fp-doseerpomp\/"},"modified":"2026-02-27T14:49:19","modified_gmt":"2026-02-27T12:49:19","slug":"emec-wdphrhs-03-10-fp-doseringspump","status":"publish","type":"product","link":"https:\/\/dosingpump.shop\/se\/product\/emec-wdphrhs-03-10-fp-doseerpomp\/","title":{"rendered":"Emec WDPHRHS 03-10 FP Doseringspump"},"content":{"rendered":"<div class=\"bot-name gds-title-s ng-tns-c2975687916-27 ng-star-inserted\"><\/div>\n<div class=\"response-content ng-tns-c2975687916-27\">\n<div id=\"model-response-message-contentr_b37d3081ee6a214a\" class=\"markdown markdown-main-panel stronger enable-updated-hr-color\" dir=\"ltr\">\n<p>Emec WDPHRHS 03-10 FP doseringspump \u00e4r en del av WDPHxx-systemet, en avancerad l\u00f6sning som integrerar en styrenhet med proportionella doseringspumpar. Systemet \u00e4r speciellt utformat f\u00f6r specifika till\u00e4mpningar, t.ex. inom poolsektorn, och erbjuder professionell och tillf\u00f6rlitlig dosering av kemikalier. Pumpen \u00e4r utrustad med en anv\u00e4ndarv\u00e4nlig LCD-display och en kodarratt f\u00f6r enkel navigering och parameterinst\u00e4llning.<\/p>\n<p>Pumpen \u00e4r konstruerad med ett t\u00e5ligt pumphus i PVDF och h\u00f6gkvalitativa hydrauliska komponenter som garanterar l\u00e5ng livsl\u00e4ngd och motst\u00e5ndskraft mot aggressiva kemikalier. Viktiga funktioner \u00e4r bland annat standby-l\u00e4ge, fl\u00f6desreglering och m\u00f6jlighet till f\u00f6rdr\u00f6jd doseringsstart. F\u00f6r optimal kontroll finns en prioritetsinst\u00e4llning f\u00f6r pH-dosering samt en servicemeny som visar det momentana sondv\u00e4rdet. Pumpen har ocks\u00e5 omfattande sond\u00f6vervakning och olika larmfunktioner f\u00f6r \u00f6kad s\u00e4kerhet och tillf\u00f6rlitlighet.<\/p>\n<p>Den h\u00e4r pumpen \u00e4r specifik f\u00f6r WDPHRHS-serien och erbjuder proportionell pH- och redoxdosering, vilket \u00e4r avg\u00f6rande f\u00f6r att uppr\u00e4tth\u00e5lla r\u00e4tt vattenkvalitet. Den extra Schuko-utg\u00e5ngen g\u00f6r installationen och anv\u00e4ndningen \u00e4nnu enklare och mer m\u00e5ngsidig. Dessutom \u00e4r pumpen utrustad med en RS485-utg\u00e5ng, vilket m\u00f6jligg\u00f6r fj\u00e4rrstyrning via webben med det exklusiva ERMES-systemet, som f\u00f6renklar fj\u00e4rr\u00f6vervakning och doseringsjustering.<\/p>\n<\/div>\n<\/div>","protected":false},"excerpt":{"rendered":"<ul>\n<li>Komplett med insprutningsventil, insugningsfilter och slang.<\/li>\n<li>standby-l\u00e4ge<\/li>\n<li>Prioriteringsinst\u00e4llning f\u00f6r pH-dosering tillg\u00e4nglig<\/li>\n<li>Ansikte f\u00f6r simbass\u00e4nger<\/li>\n<\/ul>","protected":false},"featured_media":5292,"template":"","meta":[],"product_brand":[],"product_cat":[17],"product_tag":[],"class_list":{"0":"post-4115","1":"product","2":"type-product","3":"status-publish","4":"has-post-thumbnail","6":"product_cat-doseerpompen","8":"first","9":"onbackorder","10":"taxable","11":"shipping-taxable","12":"purchasable","13":"product-type-simple"},"yoast_head":"<!-- This site is optimized with the Yoast SEO plugin v27.2 - https:\/\/yoast.com\/product\/yoast-seo-wordpress\/ -->\n<title>Emec WDPHRHS 03-10 FP Doseerpomp | Dosing Pump Shop B.V.<\/title>\n<meta name=\"description\" content=\"De Emec WDPHRHS is een ouder model uit de Emec WDPHXX serie. Capaciteit: 10 l\/uur. Druk: 3 bar. Laatste modellen. Aantrekkelijke korting.\" \/>\n<meta name=\"robots\" content=\"index, follow, max-snippet:-1, max-image-preview:large, max-video-preview:-1\" \/>\n<link rel=\"canonical\" href=\"https:\/\/dosingpump.shop\/se\/produkt\/emec-wdphrhs-03-10-fp-doseringspump\/\" \/>\n<meta property=\"og:locale\" content=\"sv_SE\" \/>\n<meta property=\"og:type\" content=\"article\" \/>\n<meta property=\"og:title\" content=\"Emec WDPHRHS 03-10 FP Doseerpomp | Dosing Pump Shop B.V.\" \/>\n<meta property=\"og:description\" content=\"De Emec WDPHRHS is een ouder model uit de Emec WDPHXX serie. Capaciteit: 10 l\/uur. Druk: 3 bar. Laatste modellen. Aantrekkelijke korting.\" \/>\n<meta property=\"og:url\" content=\"https:\/\/dosingpump.shop\/se\/produkt\/emec-wdphrhs-03-10-fp-doseringspump\/\" \/>\n<meta property=\"og:site_name\" content=\"Dosing Pump Shop B.V.\" \/>\n<meta property=\"article:modified_time\" content=\"2026-02-27T12:49:19+00:00\" \/>\n<meta property=\"og:image\" content=\"https:\/\/dosingpump.shop\/wp-content\/uploads\/2024\/12\/Emec-WDPHXX-Series.webp\" \/>\n\t<meta property=\"og:image:width\" content=\"500\" \/>\n\t<meta property=\"og:image:height\" content=\"500\" \/>\n\t<meta property=\"og:image:type\" content=\"image\/webp\" \/>\n<meta name=\"twitter:card\" content=\"summary_large_image\" \/>\n<meta name=\"twitter:label1\" content=\"Pris\" \/>\n\t<meta name=\"twitter:data1\" content=\"&euro;946,00\" \/>\n\t<meta name=\"twitter:label2\" content=\"Tillg\u00e4nglig\" \/>\n\t<meta name=\"twitter:data2\" content=\"P\u00e5 restorder\" \/>\n<script type=\"application\/ld+json\" class=\"yoast-schema-graph\">{\"@context\":\"https:\/\/schema.org\",\"@graph\":[{\"@type\":\"WebPage\",\"@id\":\"https:\/\/dosingpump.shop\/nl\/product\/emec-wdphrhs-03-10-fp-doseerpomp\/\",\"url\":\"https:\/\/dosingpump.shop\/nl\/product\/emec-wdphrhs-03-10-fp-doseerpomp\/\",\"name\":\"Emec WDPHRHS 03-10 FP Doseerpomp | Dosing Pump Shop B.V.\",\"isPartOf\":{\"@id\":\"https:\/\/dosingpump.shop\/de\/#website\"},\"primaryImageOfPage\":{\"@id\":\"https:\/\/dosingpump.shop\/nl\/product\/emec-wdphrhs-03-10-fp-doseerpomp\/#primaryimage\"},\"image\":{\"@id\":\"https:\/\/dosingpump.shop\/nl\/product\/emec-wdphrhs-03-10-fp-doseerpomp\/#primaryimage\"},\"thumbnailUrl\":\"https:\/\/dosingpump.shop\/wp-content\/uploads\/2024\/12\/Emec-WDPHXX-Series.webp\",\"datePublished\":\"2024-12-05T12:21:56+00:00\",\"dateModified\":\"2026-02-27T12:49:19+00:00\",\"description\":\"De Emec WDPHRHS is een ouder model uit de Emec WDPHXX serie. Capaciteit: 10 l\/uur. Druk: 3 bar. Laatste modellen. Aantrekkelijke korting.\",\"breadcrumb\":{\"@id\":\"https:\/\/dosingpump.shop\/nl\/product\/emec-wdphrhs-03-10-fp-doseerpomp\/#breadcrumb\"},\"inLanguage\":\"sv-SE\",\"potentialAction\":[{\"@type\":\"ReadAction\",\"target\":[\"https:\/\/dosingpump.shop\/nl\/product\/emec-wdphrhs-03-10-fp-doseerpomp\/\"]}]},{\"@type\":\"ImageObject\",\"inLanguage\":\"sv-SE\",\"@id\":\"https:\/\/dosingpump.shop\/nl\/product\/emec-wdphrhs-03-10-fp-doseerpomp\/#primaryimage\",\"url\":\"https:\/\/dosingpump.shop\/wp-content\/uploads\/2024\/12\/Emec-WDPHXX-Series.webp\",\"contentUrl\":\"https:\/\/dosingpump.shop\/wp-content\/uploads\/2024\/12\/Emec-WDPHXX-Series.webp\",\"width\":500,\"height\":500},{\"@type\":\"BreadcrumbList\",\"@id\":\"https:\/\/dosingpump.shop\/nl\/product\/emec-wdphrhs-03-10-fp-doseerpomp\/#breadcrumb\",\"itemListElement\":[{\"@type\":\"ListItem\",\"position\":1,\"name\":\"Home\",\"item\":\"https:\/\/dosingpump.shop\/\"},{\"@type\":\"ListItem\",\"position\":2,\"name\":\"Shop\",\"item\":\"https:\/\/dosingpump.shop\/de\/shop\/\"},{\"@type\":\"ListItem\",\"position\":3,\"name\":\"Emec WDPHRHS 03-10 FP Doseerpomp\"}]},{\"@type\":\"WebSite\",\"@id\":\"https:\/\/dosingpump.shop\/de\/#website\",\"url\":\"https:\/\/dosingpump.shop\/de\/\",\"name\":\"Dosing Pump Shop B.V.\",\"description\":\"\",\"publisher\":{\"@id\":\"https:\/\/dosingpump.shop\/de\/#organization\"},\"potentialAction\":[{\"@type\":\"SearchAction\",\"target\":{\"@type\":\"EntryPoint\",\"urlTemplate\":\"https:\/\/dosingpump.shop\/de\/?s={search_term_string}\"},\"query-input\":{\"@type\":\"PropertyValueSpecification\",\"valueRequired\":true,\"valueName\":\"search_term_string\"}}],\"inLanguage\":\"sv-SE\"},{\"@type\":\"Organization\",\"@id\":\"https:\/\/dosingpump.shop\/de\/#organization\",\"name\":\"Dosing Pump Shop B.V.\",\"url\":\"https:\/\/dosingpump.shop\/de\/\",\"logo\":{\"@type\":\"ImageObject\",\"inLanguage\":\"sv-SE\",\"@id\":\"https:\/\/dosingpump.shop\/de\/#\/schema\/logo\/image\/\",\"url\":\"https:\/\/dosingpump.shop\/wp-content\/uploads\/2024\/10\/Dosing-Pump-Shop-logo.png\",\"contentUrl\":\"https:\/\/dosingpump.shop\/wp-content\/uploads\/2024\/10\/Dosing-Pump-Shop-logo.png\",\"width\":350,\"height\":45,\"caption\":\"Dosing Pump Shop B.V.\"},\"image\":{\"@id\":\"https:\/\/dosingpump.shop\/de\/#\/schema\/logo\/image\/\"},\"sameAs\":[\"https:\/\/linkedin.com\/company\/dosing-pump-shop\"]}]}<\/script>\n<meta property=\"product:price:amount\" content=\"946.00\" \/>\n<meta property=\"product:price:currency\" content=\"EUR\" \/>\n<meta property=\"og:availability\" content=\"backorder\" \/>\n<meta property=\"product:availability\" content=\"available for order\" \/>\n<meta property=\"product:condition\" content=\"new\" \/>\n<!-- \/ Yoast SEO plugin. -->","yoast_head_json":{"title":"Emec WDPHRHS 03-10 FP Doseringspump | Dosing Pump Shop B.V.","description":"Emec WDPHRHS \u00e4r en \u00e4ldre modell fr\u00e5n Emec WDPHXX-serien. Kapacitet: 10 l\/timme. Tryck: 3 bar. Senaste modellerna. Attraktiv rabatt.","robots":{"index":"index","follow":"follow","max-snippet":"max-snippet:-1","max-image-preview":"max-image-preview:large","max-video-preview":"max-video-preview:-1"},"canonical":"https:\/\/dosingpump.shop\/se\/produkt\/emec-wdphrhs-03-10-fp-doseringspump\/","og_locale":"sv_SE","og_type":"article","og_title":"Emec WDPHRHS 03-10 FP Doseerpomp | Dosing Pump Shop B.V.","og_description":"De Emec WDPHRHS is een ouder model uit de Emec WDPHXX serie. Capaciteit: 10 l\/uur. Druk: 3 bar. Laatste modellen. Aantrekkelijke korting.","og_url":"https:\/\/dosingpump.shop\/se\/produkt\/emec-wdphrhs-03-10-fp-doseringspump\/","og_site_name":"Dosing Pump Shop B.V.","article_modified_time":"2026-02-27T12:49:19+00:00","og_image":[{"width":500,"height":500,"url":"https:\/\/dosingpump.shop\/wp-content\/uploads\/2024\/12\/Emec-WDPHXX-Series.webp","type":"image\/webp"}],"twitter_card":"summary_large_image","twitter_misc":{"Pris":"&euro;946,00","Tillg\u00e4nglig":"P\u00e5 restorder"},"schema":{"@context":"https:\/\/schema.org","@graph":[{"@type":"WebPage","@id":"https:\/\/dosingpump.shop\/nl\/product\/emec-wdphrhs-03-10-fp-doseerpomp\/","url":"https:\/\/dosingpump.shop\/nl\/product\/emec-wdphrhs-03-10-fp-doseerpomp\/","name":"Emec WDPHRHS 03-10 FP Doseringspump | Dosing Pump Shop B.V.","isPartOf":{"@id":"https:\/\/dosingpump.shop\/de\/#website"},"primaryImageOfPage":{"@id":"https:\/\/dosingpump.shop\/nl\/product\/emec-wdphrhs-03-10-fp-doseerpomp\/#primaryimage"},"image":{"@id":"https:\/\/dosingpump.shop\/nl\/product\/emec-wdphrhs-03-10-fp-doseerpomp\/#primaryimage"},"thumbnailUrl":"https:\/\/dosingpump.shop\/wp-content\/uploads\/2024\/12\/Emec-WDPHXX-Series.webp","datePublished":"2024-12-05T12:21:56+00:00","dateModified":"2026-02-27T12:49:19+00:00","description":"Emec WDPHRHS \u00e4r en \u00e4ldre modell fr\u00e5n Emec WDPHXX-serien. Kapacitet: 10 l\/timme. Tryck: 3 bar. Senaste modellerna. Attraktiv rabatt.","breadcrumb":{"@id":"https:\/\/dosingpump.shop\/nl\/product\/emec-wdphrhs-03-10-fp-doseerpomp\/#breadcrumb"},"inLanguage":"sv-SE","potentialAction":[{"@type":"ReadAction","target":["https:\/\/dosingpump.shop\/nl\/product\/emec-wdphrhs-03-10-fp-doseerpomp\/"]}]},{"@type":"ImageObject","inLanguage":"sv-SE","@id":"https:\/\/dosingpump.shop\/nl\/product\/emec-wdphrhs-03-10-fp-doseerpomp\/#primaryimage","url":"https:\/\/dosingpump.shop\/wp-content\/uploads\/2024\/12\/Emec-WDPHXX-Series.webp","contentUrl":"https:\/\/dosingpump.shop\/wp-content\/uploads\/2024\/12\/Emec-WDPHXX-Series.webp","width":500,"height":500},{"@type":"BreadcrumbList","@id":"https:\/\/dosingpump.shop\/nl\/product\/emec-wdphrhs-03-10-fp-doseerpomp\/#breadcrumb","itemListElement":[{"@type":"ListItem","position":1,"name":"Home","item":"https:\/\/dosingpump.shop\/"},{"@type":"ListItem","position":2,"name":"Shop","item":"https:\/\/dosingpump.shop\/de\/shop\/"},{"@type":"ListItem","position":3,"name":"Emec WDPHRHS 03-10 FP Doseerpomp"}]},{"@type":"WebSite","@id":"https:\/\/dosingpump.shop\/de\/#website","url":"https:\/\/dosingpump.shop\/de\/","name":"Dosing Pump Shop B.V.","description":"","publisher":{"@id":"https:\/\/dosingpump.shop\/de\/#organization"},"potentialAction":[{"@type":"SearchAction","target":{"@type":"EntryPoint","urlTemplate":"https:\/\/dosingpump.shop\/de\/?s={search_term_string}"},"query-input":{"@type":"PropertyValueSpecification","valueRequired":true,"valueName":"search_term_string"}}],"inLanguage":"sv-SE"},{"@type":"Organization","@id":"https:\/\/dosingpump.shop\/de\/#organization","name":"Dosing Pump Shop B.V.","url":"https:\/\/dosingpump.shop\/de\/","logo":{"@type":"ImageObject","inLanguage":"sv-SE","@id":"https:\/\/dosingpump.shop\/de\/#\/schema\/logo\/image\/","url":"https:\/\/dosingpump.shop\/wp-content\/uploads\/2024\/10\/Dosing-Pump-Shop-logo.png","contentUrl":"https:\/\/dosingpump.shop\/wp-content\/uploads\/2024\/10\/Dosing-Pump-Shop-logo.png","width":350,"height":45,"caption":"Dosing Pump Shop B.V."},"image":{"@id":"https:\/\/dosingpump.shop\/de\/#\/schema\/logo\/image\/"},"sameAs":["https:\/\/linkedin.com\/company\/dosing-pump-shop"]}]},"product_price_amount":"946.00","product_price_currency":"EUR","og_availability":"backorder","product_availability":"available for order","product_condition":"new"},"_links":{"self":[{"href":"https:\/\/dosingpump.shop\/se\/wp-json\/wp\/v2\/product\/4115","targetHints":{"allow":["GET"]}}],"collection":[{"href":"https:\/\/dosingpump.shop\/se\/wp-json\/wp\/v2\/product"}],"about":[{"href":"https:\/\/dosingpump.shop\/se\/wp-json\/wp\/v2\/types\/product"}],"wp:featuredmedia":[{"embeddable":true,"href":"https:\/\/dosingpump.shop\/se\/wp-json\/wp\/v2\/media\/5292"}],"wp:attachment":[{"href":"https:\/\/dosingpump.shop\/se\/wp-json\/wp\/v2\/media?parent=4115"}],"wp:term":[{"taxonomy":"product_brand","embeddable":true,"href":"https:\/\/dosingpump.shop\/se\/wp-json\/wp\/v2\/product_brand?post=4115"},{"taxonomy":"product_cat","embeddable":true,"href":"https:\/\/dosingpump.shop\/se\/wp-json\/wp\/v2\/product_cat?post=4115"},{"taxonomy":"product_tag","embeddable":true,"href":"https:\/\/dosingpump.shop\/se\/wp-json\/wp\/v2\/product_tag?post=4115"}],"curies":[{"name":"wp","href":"https:\/\/api.w.org\/{rel}","templated":true}]}}