{"id":4222,"date":"2024-12-05T12:22:10","date_gmt":"2024-12-05T12:22:10","guid":{"rendered":"https:\/\/dosingpump.shop\/product\/emec-prius-d-mf-doseerpomp\/"},"modified":"2026-03-24T12:52:31","modified_gmt":"2026-03-24T11:52:31","slug":"emec-prius-d-mf-doseringspump","status":"publish","type":"product","link":"https:\/\/dosingpump.shop\/se\/product\/emec-prius-d-mf-doseerpomp\/","title":{"rendered":"Emec Prius D MF Doseringspump"},"content":{"rendered":"<h3>Motordriven flerfunktionell doseringspump med h\u00f6gt fl\u00f6de<\/h3>\n<p>M\u00e5nga processer styrs av en PLC eller en processdator. Det \u00e4r d\u00e5 praktiskt att en doseringspump ocks\u00e5 kan styras av denna. Den motordrivna Prius D MF kan producera ett h\u00f6gt fl\u00f6de. Upp till ca. <b>1000 liter per timme<\/b> Vid ett relativt h\u00f6gt tryck p\u00e5 <b>5 bar<\/b>. Denna pump finns \u00e4ven i h\u00f6gtrycksversion och kan d\u00e5 leverera ett maximalt tryck p\u00e5 100 bar.<\/p>\n<p>Priset som visas \u00e4r baserat p\u00e5 versionen Prius D MF 10-60.<\/p>\n<p>Dessa egenskaper g\u00f6r att Prius MF \u00e4r en mycket anv\u00e4nd doseringsl\u00f6sning i vattenreningsverk och inom industrin. Med en kombination av de tillg\u00e4ngliga materialen kan praktiskt taget alla v\u00e4tskor doseras s\u00e4kert och exakt. Denna doseringspump har 10 tillg\u00e4ngliga arbetsl\u00e4gen, inklusive: veckotimerdosering, puls, mA, Volt och Batch, niv\u00e5kontroll, larm, standby, timer.<\/p>\n<p>F\u00f6rutom det multifunktionella arbetss\u00e4ttet har alla Prius MF-modeller dubbla ventiler, aluminiumhus och en fj\u00e4derreturmekanism.<\/p>\n<p>Inom MF-serien Prius kan vi erbjuda f\u00f6ljande doseringspumpar, var och en med sina egna unika egenskaper:<\/p>\n<ul>\n<li><strong>Prius D MF<\/strong>: Standardmodellen som har ett PTFE-membran och kan leverera en kapacitet p\u00e5 <b>upp till 1000 liter per timme<\/b>.<\/li>\n<li><strong>Prius D MF AP<\/strong>: Den kan leverera h\u00f6gt tryck. Delvis tack vare pumphuvudet i st\u00e5l (AISI316L) kan den h\u00e4r pumpen leverera tryck <b>upp till 100 bar<\/b>.<\/li>\n<li><strong>Prius P MF<\/strong>: Denna modell anv\u00e4nder en <b>Kolv i rostfritt st\u00e5l eller keramik<\/b> och det g\u00f6r den h\u00e4r doseringspumpen mycket l\u00e4mplig f\u00f6r dosering av v\u00e4tskor med h\u00f6g temperatur.<\/li>\n<\/ul>\n<p>Att v\u00e4lja r\u00e4tt doseringspump \u00e4r ofta ett knepigt jobb. L\u00e5t oss hj\u00e4lpa dig! Kontakta oss s\u00e5 b\u00f6rjar vi arbeta \u00e5t dig.<\/p>","protected":false},"excerpt":{"rendered":"<ul>\n<li>Multifunktionell motordriven doseringspump f\u00f6r h\u00f6ga fl\u00f6den.<\/li>\n<li>Upp till 1000 liter per timme vid 2 bar.<\/li>\n<li>Helt PTFE-membran.<\/li>\n<li>L\u00e4mplig f\u00f6r styrning via 4-20mA, Volt eller Puls.<\/li>\n<li>230V str\u00f6mf\u00f6rs\u00f6rjning.<\/li>\n<li>Utf\u00f6rande: Prius D MF 10-60 med PVDF-pumphuvud.<\/li>\n<\/ul>","protected":false},"featured_media":8787,"template":"","meta":[],"product_brand":[],"product_cat":[17,18],"product_tag":[],"class_list":{"0":"post-4222","1":"product","2":"type-product","3":"status-publish","4":"has-post-thumbnail","6":"product_cat-doseerpompen","7":"product_cat-motorgedreven","8":"product_shipping_class-priusmf","10":"first","11":"instock","12":"taxable","13":"shipping-taxable","14":"purchasable","15":"product-type-simple"},"yoast_head":"<!-- This site is optimized with the Yoast SEO plugin v27.2 - https:\/\/yoast.com\/product\/yoast-seo-wordpress\/ -->\n<title>Emec Prius D MF Doseerpomp | Dosing Pump Shop B.V.<\/title>\n<meta name=\"description\" content=\"De Emec Prius D MF serie is een multifunctionele doseerpomp voor dosering van vloeistoffen in grote volumes. Bezoek de webshop.\" \/>\n<meta name=\"robots\" content=\"index, follow, max-snippet:-1, max-image-preview:large, max-video-preview:-1\" \/>\n<link rel=\"canonical\" href=\"https:\/\/dosingpump.shop\/se\/produkt\/emec-prius-d-mf-doseringspump\/\" \/>\n<meta property=\"og:locale\" content=\"sv_SE\" \/>\n<meta property=\"og:type\" content=\"article\" \/>\n<meta property=\"og:title\" content=\"Emec Prius D MF Doseerpomp | Dosing Pump Shop B.V.\" \/>\n<meta property=\"og:description\" content=\"De Emec Prius D MF serie is een multifunctionele doseerpomp voor dosering van vloeistoffen in grote volumes. Bezoek de webshop.\" \/>\n<meta property=\"og:url\" content=\"https:\/\/dosingpump.shop\/se\/produkt\/emec-prius-d-mf-doseringspump\/\" \/>\n<meta property=\"og:site_name\" content=\"Dosing Pump Shop B.V.\" \/>\n<meta property=\"article:modified_time\" content=\"2026-03-24T11:52:31+00:00\" \/>\n<meta property=\"og:image\" content=\"https:\/\/dosingpump.shop\/wp-content\/uploads\/2024\/12\/Emec-Prius-D-MF-Motor-Gedreven-Doseerpomp.png\" \/>\n\t<meta property=\"og:image:width\" content=\"600\" \/>\n\t<meta property=\"og:image:height\" content=\"600\" \/>\n\t<meta property=\"og:image:type\" content=\"image\/png\" \/>\n<meta name=\"twitter:card\" content=\"summary_large_image\" \/>\n<meta name=\"twitter:label1\" content=\"Pris\" \/>\n\t<meta name=\"twitter:data1\" content=\"&euro;2.374,00\" \/>\n\t<meta name=\"twitter:label2\" content=\"Tillg\u00e4nglig\" \/>\n\t<meta name=\"twitter:data2\" content=\"I lager\" \/>\n<script type=\"application\/ld+json\" class=\"yoast-schema-graph\">{\"@context\":\"https:\/\/schema.org\",\"@graph\":[{\"@type\":\"WebPage\",\"@id\":\"https:\/\/dosingpump.shop\/product\/emec-prius-d-mf-doseerpomp\/\",\"url\":\"https:\/\/dosingpump.shop\/product\/emec-prius-d-mf-doseerpomp\/\",\"name\":\"Emec Prius D MF Doseerpomp | Dosing Pump Shop B.V.\",\"isPartOf\":{\"@id\":\"https:\/\/dosingpump.shop\/de\/#website\"},\"primaryImageOfPage\":{\"@id\":\"https:\/\/dosingpump.shop\/product\/emec-prius-d-mf-doseerpomp\/#primaryimage\"},\"image\":{\"@id\":\"https:\/\/dosingpump.shop\/product\/emec-prius-d-mf-doseerpomp\/#primaryimage\"},\"thumbnailUrl\":\"https:\/\/dosingpump.shop\/wp-content\/uploads\/2024\/12\/Emec-Prius-D-MF-Motor-Gedreven-Doseerpomp.webp\",\"datePublished\":\"2024-12-05T12:22:10+00:00\",\"dateModified\":\"2026-03-24T11:52:31+00:00\",\"description\":\"De Emec Prius D MF serie is een multifunctionele doseerpomp voor dosering van vloeistoffen in grote volumes. Bezoek de webshop.\",\"breadcrumb\":{\"@id\":\"https:\/\/dosingpump.shop\/product\/emec-prius-d-mf-doseerpomp\/#breadcrumb\"},\"inLanguage\":\"sv-SE\",\"potentialAction\":[{\"@type\":\"ReadAction\",\"target\":[\"https:\/\/dosingpump.shop\/product\/emec-prius-d-mf-doseerpomp\/\"]}]},{\"@type\":\"ImageObject\",\"inLanguage\":\"sv-SE\",\"@id\":\"https:\/\/dosingpump.shop\/product\/emec-prius-d-mf-doseerpomp\/#primaryimage\",\"url\":\"https:\/\/dosingpump.shop\/wp-content\/uploads\/2024\/12\/Emec-Prius-D-MF-Motor-Gedreven-Doseerpomp.webp\",\"contentUrl\":\"https:\/\/dosingpump.shop\/wp-content\/uploads\/2024\/12\/Emec-Prius-D-MF-Motor-Gedreven-Doseerpomp.webp\",\"width\":600,\"height\":600},{\"@type\":\"BreadcrumbList\",\"@id\":\"https:\/\/dosingpump.shop\/product\/emec-prius-d-mf-doseerpomp\/#breadcrumb\",\"itemListElement\":[{\"@type\":\"ListItem\",\"position\":1,\"name\":\"Home\",\"item\":\"https:\/\/dosingpump.shop\/\"},{\"@type\":\"ListItem\",\"position\":2,\"name\":\"Shop\",\"item\":\"https:\/\/dosingpump.shop\/de\/shop\/\"},{\"@type\":\"ListItem\",\"position\":3,\"name\":\"Emec Prius D MF Doseerpomp\"}]},{\"@type\":\"WebSite\",\"@id\":\"https:\/\/dosingpump.shop\/de\/#website\",\"url\":\"https:\/\/dosingpump.shop\/de\/\",\"name\":\"Dosing Pump Shop B.V.\",\"description\":\"\",\"publisher\":{\"@id\":\"https:\/\/dosingpump.shop\/de\/#organization\"},\"potentialAction\":[{\"@type\":\"SearchAction\",\"target\":{\"@type\":\"EntryPoint\",\"urlTemplate\":\"https:\/\/dosingpump.shop\/de\/?s={search_term_string}\"},\"query-input\":{\"@type\":\"PropertyValueSpecification\",\"valueRequired\":true,\"valueName\":\"search_term_string\"}}],\"inLanguage\":\"sv-SE\"},{\"@type\":\"Organization\",\"@id\":\"https:\/\/dosingpump.shop\/de\/#organization\",\"name\":\"Dosing Pump Shop B.V.\",\"url\":\"https:\/\/dosingpump.shop\/de\/\",\"logo\":{\"@type\":\"ImageObject\",\"inLanguage\":\"sv-SE\",\"@id\":\"https:\/\/dosingpump.shop\/de\/#\/schema\/logo\/image\/\",\"url\":\"https:\/\/dosingpump.shop\/wp-content\/uploads\/2024\/10\/Dosing-Pump-Shop-logo.png\",\"contentUrl\":\"https:\/\/dosingpump.shop\/wp-content\/uploads\/2024\/10\/Dosing-Pump-Shop-logo.png\",\"width\":350,\"height\":45,\"caption\":\"Dosing Pump Shop B.V.\"},\"image\":{\"@id\":\"https:\/\/dosingpump.shop\/de\/#\/schema\/logo\/image\/\"},\"sameAs\":[\"https:\/\/linkedin.com\/company\/dosing-pump-shop\"]}]}<\/script>\n<meta property=\"product:price:amount\" content=\"2374.00\" \/>\n<meta property=\"product:price:currency\" content=\"EUR\" \/>\n<meta property=\"og:availability\" content=\"instock\" \/>\n<meta property=\"product:availability\" content=\"instock\" \/>\n<meta property=\"product:condition\" content=\"new\" \/>\n<!-- \/ Yoast SEO plugin. -->","yoast_head_json":{"title":"Emec Prius D MF Doseringspump | Dosing Pump Shop B.V.","description":"Emec Prius D MF-serien \u00e4r en multifunktionell doseringspump f\u00f6r h\u00f6gvolymsdosering av v\u00e4tskor. Bes\u00f6k v\u00e5r webbshop.","robots":{"index":"index","follow":"follow","max-snippet":"max-snippet:-1","max-image-preview":"max-image-preview:large","max-video-preview":"max-video-preview:-1"},"canonical":"https:\/\/dosingpump.shop\/se\/produkt\/emec-prius-d-mf-doseringspump\/","og_locale":"sv_SE","og_type":"article","og_title":"Emec Prius D MF Doseerpomp | Dosing Pump Shop B.V.","og_description":"De Emec Prius D MF serie is een multifunctionele doseerpomp voor dosering van vloeistoffen in grote volumes. Bezoek de webshop.","og_url":"https:\/\/dosingpump.shop\/se\/produkt\/emec-prius-d-mf-doseringspump\/","og_site_name":"Dosing Pump Shop B.V.","article_modified_time":"2026-03-24T11:52:31+00:00","og_image":[{"width":600,"height":600,"url":"https:\/\/dosingpump.shop\/wp-content\/uploads\/2024\/12\/Emec-Prius-D-MF-Motor-Gedreven-Doseerpomp.png","type":"image\/png"}],"twitter_card":"summary_large_image","twitter_misc":{"Pris":"&euro;2.374,00","Tillg\u00e4nglig":"I lager"},"schema":{"@context":"https:\/\/schema.org","@graph":[{"@type":"WebPage","@id":"https:\/\/dosingpump.shop\/product\/emec-prius-d-mf-doseerpomp\/","url":"https:\/\/dosingpump.shop\/product\/emec-prius-d-mf-doseerpomp\/","name":"Emec Prius D MF Doseringspump | Dosing Pump Shop B.V.","isPartOf":{"@id":"https:\/\/dosingpump.shop\/de\/#website"},"primaryImageOfPage":{"@id":"https:\/\/dosingpump.shop\/product\/emec-prius-d-mf-doseerpomp\/#primaryimage"},"image":{"@id":"https:\/\/dosingpump.shop\/product\/emec-prius-d-mf-doseerpomp\/#primaryimage"},"thumbnailUrl":"https:\/\/dosingpump.shop\/wp-content\/uploads\/2024\/12\/Emec-Prius-D-MF-Motor-Gedreven-Doseerpomp.webp","datePublished":"2024-12-05T12:22:10+00:00","dateModified":"2026-03-24T11:52:31+00:00","description":"Emec Prius D MF-serien \u00e4r en multifunktionell doseringspump f\u00f6r h\u00f6gvolymsdosering av v\u00e4tskor. Bes\u00f6k v\u00e5r webbshop.","breadcrumb":{"@id":"https:\/\/dosingpump.shop\/product\/emec-prius-d-mf-doseerpomp\/#breadcrumb"},"inLanguage":"sv-SE","potentialAction":[{"@type":"ReadAction","target":["https:\/\/dosingpump.shop\/product\/emec-prius-d-mf-doseerpomp\/"]}]},{"@type":"ImageObject","inLanguage":"sv-SE","@id":"https:\/\/dosingpump.shop\/product\/emec-prius-d-mf-doseerpomp\/#primaryimage","url":"https:\/\/dosingpump.shop\/wp-content\/uploads\/2024\/12\/Emec-Prius-D-MF-Motor-Gedreven-Doseerpomp.webp","contentUrl":"https:\/\/dosingpump.shop\/wp-content\/uploads\/2024\/12\/Emec-Prius-D-MF-Motor-Gedreven-Doseerpomp.webp","width":600,"height":600},{"@type":"BreadcrumbList","@id":"https:\/\/dosingpump.shop\/product\/emec-prius-d-mf-doseerpomp\/#breadcrumb","itemListElement":[{"@type":"ListItem","position":1,"name":"Home","item":"https:\/\/dosingpump.shop\/"},{"@type":"ListItem","position":2,"name":"Shop","item":"https:\/\/dosingpump.shop\/de\/shop\/"},{"@type":"ListItem","position":3,"name":"Emec Prius D MF Doseerpomp"}]},{"@type":"WebSite","@id":"https:\/\/dosingpump.shop\/de\/#website","url":"https:\/\/dosingpump.shop\/de\/","name":"Dosing Pump Shop B.V.","description":"","publisher":{"@id":"https:\/\/dosingpump.shop\/de\/#organization"},"potentialAction":[{"@type":"SearchAction","target":{"@type":"EntryPoint","urlTemplate":"https:\/\/dosingpump.shop\/de\/?s={search_term_string}"},"query-input":{"@type":"PropertyValueSpecification","valueRequired":true,"valueName":"search_term_string"}}],"inLanguage":"sv-SE"},{"@type":"Organization","@id":"https:\/\/dosingpump.shop\/de\/#organization","name":"Dosing Pump Shop B.V.","url":"https:\/\/dosingpump.shop\/de\/","logo":{"@type":"ImageObject","inLanguage":"sv-SE","@id":"https:\/\/dosingpump.shop\/de\/#\/schema\/logo\/image\/","url":"https:\/\/dosingpump.shop\/wp-content\/uploads\/2024\/10\/Dosing-Pump-Shop-logo.png","contentUrl":"https:\/\/dosingpump.shop\/wp-content\/uploads\/2024\/10\/Dosing-Pump-Shop-logo.png","width":350,"height":45,"caption":"Dosing Pump Shop B.V."},"image":{"@id":"https:\/\/dosingpump.shop\/de\/#\/schema\/logo\/image\/"},"sameAs":["https:\/\/linkedin.com\/company\/dosing-pump-shop"]}]},"product_price_amount":"2374.00","product_price_currency":"EUR","og_availability":"instock","product_availability":"instock","product_condition":"new"},"_links":{"self":[{"href":"https:\/\/dosingpump.shop\/se\/wp-json\/wp\/v2\/product\/4222","targetHints":{"allow":["GET"]}}],"collection":[{"href":"https:\/\/dosingpump.shop\/se\/wp-json\/wp\/v2\/product"}],"about":[{"href":"https:\/\/dosingpump.shop\/se\/wp-json\/wp\/v2\/types\/product"}],"wp:featuredmedia":[{"embeddable":true,"href":"https:\/\/dosingpump.shop\/se\/wp-json\/wp\/v2\/media\/8787"}],"wp:attachment":[{"href":"https:\/\/dosingpump.shop\/se\/wp-json\/wp\/v2\/media?parent=4222"}],"wp:term":[{"taxonomy":"product_brand","embeddable":true,"href":"https:\/\/dosingpump.shop\/se\/wp-json\/wp\/v2\/product_brand?post=4222"},{"taxonomy":"product_cat","embeddable":true,"href":"https:\/\/dosingpump.shop\/se\/wp-json\/wp\/v2\/product_cat?post=4222"},{"taxonomy":"product_tag","embeddable":true,"href":"https:\/\/dosingpump.shop\/se\/wp-json\/wp\/v2\/product_tag?post=4222"}],"curies":[{"name":"wp","href":"https:\/\/api.w.org\/{rel}","templated":true}]}}