{"id":4248,"date":"2024-12-05T12:22:18","date_gmt":"2024-12-05T12:22:18","guid":{"rendered":"https:\/\/dosingpump.shop\/product\/centrifugaalpomp-voor-chemicalien-htm15\/"},"modified":"2026-03-23T12:03:02","modified_gmt":"2026-03-23T11:03:02","slug":"centrifugalpump-for-kemikalier-htm15-pp","status":"publish","type":"product","link":"https:\/\/dosingpump.shop\/se\/product\/centrifugaalpomp-voor-chemicalien-htm15-pp\/","title":{"rendered":"Centrifugalpump f\u00f6r kemikalier HTM15-PP"},"content":{"rendered":"<h3><strong>Magnetdriven centrifugalpump f\u00f6r kemikalier HTM15-PP<\/strong><\/h3>\n<p>Vid pumpning av kemiska v\u00e4tskor, kemikalier eller fr\u00e4tande \u00e4mnen \u00e4r det viktigt att anv\u00e4nda en pump som t\u00e5l den v\u00e4tska som pumpas. De flesta konventionella centrifugalpumpar \u00e4r tillverkade av metallegeringar och \u00e4r d\u00e4rf\u00f6r ofta ol\u00e4mpliga f\u00f6r dessa kr\u00e4vande uppgifter.<\/p>\n<p>En magnetdriven centrifugalpump, konstruerad med r\u00e4tt material, visar sig d\u00e4remot vara mycket l\u00e4mplig. \"Mag-drive\"-tekniken eliminerar behovet av en mekanisk t\u00e4tning, vilket avsev\u00e4rt f\u00f6rb\u00e4ttrar s\u00e4kerheten. HTM-pumparna arbetar i ett brett intervall, fr\u00e5n n\u00e5gra hundra liter per timme upp till 23 m\u00b3\/h, beroende p\u00e5 tryckh\u00f6jden.<\/p>\n<p>HTM-pumpar finns i PVDF och PP, med t\u00e4tningar i Viton, EPDM eller FEP. Dessa olika kombinationer ger n\u00e4stan alltid en centrifugalpump som \u00e4r l\u00e4mplig f\u00f6r din specifika applikation. V\u00e5ra experter hj\u00e4lper dig g\u00e4rna att v\u00e4lja r\u00e4tt pump.<\/p>\n<p>Denna centrifugalpump finns med en 3-fas 400V motor p\u00e5 1,1 eller 2,2 kW.<\/p>\n<p>P\u00e5 v\u00e5r webbplats hittar du h\u00f6gkvalitativa pumpar fr\u00e5n Gemme Cotti, ett v\u00e4lk\u00e4nt f\u00f6retag som sedan 1992 har levererat olika h\u00f6gkvalitativa pumptyper, speciellt utformade f\u00f6r s\u00e4ker och effektiv pumpning av kemikalier. V\u00e5ra pumpar anv\u00e4nds som syrapumpar, klorpumpar, ureapumpar, f\u00f6r pumpning av kaustiksoda och mycket mer.<\/p>\n<p>Har du fr\u00e5gor om applikationen eller vill du ha en offert? Tveka d\u00e5 inte att kontakta oss!<\/p>\n<p><em>Utf\u00f6rande: HTM15 PP med 1,1 kW 3-fasmotor och monteringsplatta. Leveranstid ca 2 veckor.<\/em><\/p>","protected":false},"excerpt":{"rendered":"<p>HTM15 Centrifugalpump f\u00f6r kemikalier<br \/>\nF\u00f6r s\u00e4ker pumpning av kemiska v\u00e4tskor.<br \/>\nMax 23 m3\/h, beroende p\u00e5 utmatningshuvud<\/p>","protected":false},"featured_media":8775,"template":"","meta":[],"product_brand":[],"product_cat":[86],"product_tag":[],"class_list":{"0":"post-4248","1":"product","2":"type-product","3":"status-publish","4":"has-post-thumbnail","6":"product_cat-centrifugaalpomp-voor-chemicalien","8":"first","9":"instock","10":"taxable","11":"shipping-taxable","12":"purchasable","13":"product-type-simple"},"yoast_head":"<!-- This site is optimized with the Yoast SEO plugin v27.2 - https:\/\/yoast.com\/product\/yoast-seo-wordpress\/ -->\n<title>Centrifugaalpomp HTM15 | Dosing Pump Shop B.V. Gemmecoti-PP<\/title>\n<meta name=\"description\" content=\"Chemicali\u00ebn verpompen kan met deze centrifugaalpomp voor chemicali\u00ebn. De magneetaandrijving is lekvrij en zeer resistent. Diverse uitvoeringen leverbaar.\" \/>\n<meta name=\"robots\" content=\"index, follow, max-snippet:-1, max-image-preview:large, max-video-preview:-1\" \/>\n<link rel=\"canonical\" href=\"https:\/\/dosingpump.shop\/se\/produkt\/centrifugalpump-for-kemikalier-htm15-pp\/\" \/>\n<meta property=\"og:locale\" content=\"sv_SE\" \/>\n<meta property=\"og:type\" content=\"article\" \/>\n<meta property=\"og:title\" content=\"Centrifugaalpomp HTM15 | Dosing Pump Shop B.V. Gemmecoti-PP\" \/>\n<meta property=\"og:description\" content=\"Chemicali\u00ebn verpompen kan met deze centrifugaalpomp voor chemicali\u00ebn. De magneetaandrijving is lekvrij en zeer resistent. Diverse uitvoeringen leverbaar.\" \/>\n<meta property=\"og:url\" content=\"https:\/\/dosingpump.shop\/se\/produkt\/centrifugalpump-for-kemikalier-htm15-pp\/\" \/>\n<meta property=\"og:site_name\" content=\"Dosing Pump Shop B.V.\" \/>\n<meta property=\"article:modified_time\" content=\"2026-03-23T11:03:02+00:00\" \/>\n<meta property=\"og:image\" content=\"https:\/\/dosingpump.shop\/wp-content\/uploads\/2024\/12\/GemmeCotti-HTM-15-PP.png\" \/>\n\t<meta property=\"og:image:width\" content=\"600\" \/>\n\t<meta property=\"og:image:height\" content=\"600\" \/>\n\t<meta property=\"og:image:type\" content=\"image\/png\" \/>\n<meta name=\"twitter:card\" content=\"summary_large_image\" \/>\n<meta name=\"twitter:label1\" content=\"Pris\" \/>\n\t<meta name=\"twitter:data1\" content=\"&euro;1.296,00\" \/>\n\t<meta name=\"twitter:label2\" content=\"Tillg\u00e4nglig\" \/>\n\t<meta name=\"twitter:data2\" content=\"I lager\" \/>\n<script type=\"application\/ld+json\" class=\"yoast-schema-graph\">{\"@context\":\"https:\/\/schema.org\",\"@graph\":[{\"@type\":\"WebPage\",\"@id\":\"https:\/\/dosingpump.shop\/product\/centrifugaalpomp-voor-chemicalien-htm15-pp\/\",\"url\":\"https:\/\/dosingpump.shop\/product\/centrifugaalpomp-voor-chemicalien-htm15-pp\/\",\"name\":\"Centrifugaalpomp HTM15 | Dosing Pump Shop B.V. Gemmecoti-PP\",\"isPartOf\":{\"@id\":\"https:\/\/dosingpump.shop\/de\/#website\"},\"primaryImageOfPage\":{\"@id\":\"https:\/\/dosingpump.shop\/product\/centrifugaalpomp-voor-chemicalien-htm15-pp\/#primaryimage\"},\"image\":{\"@id\":\"https:\/\/dosingpump.shop\/product\/centrifugaalpomp-voor-chemicalien-htm15-pp\/#primaryimage\"},\"thumbnailUrl\":\"https:\/\/dosingpump.shop\/wp-content\/uploads\/2024\/12\/GemmeCotti-HTM-15-PP.png\",\"datePublished\":\"2024-12-05T12:22:18+00:00\",\"dateModified\":\"2026-03-23T11:03:02+00:00\",\"description\":\"Chemicali\u00ebn verpompen kan met deze centrifugaalpomp voor chemicali\u00ebn. De magneetaandrijving is lekvrij en zeer resistent. Diverse uitvoeringen leverbaar.\",\"breadcrumb\":{\"@id\":\"https:\/\/dosingpump.shop\/product\/centrifugaalpomp-voor-chemicalien-htm15-pp\/#breadcrumb\"},\"inLanguage\":\"sv-SE\",\"potentialAction\":[{\"@type\":\"ReadAction\",\"target\":[\"https:\/\/dosingpump.shop\/product\/centrifugaalpomp-voor-chemicalien-htm15-pp\/\"]}]},{\"@type\":\"ImageObject\",\"inLanguage\":\"sv-SE\",\"@id\":\"https:\/\/dosingpump.shop\/product\/centrifugaalpomp-voor-chemicalien-htm15-pp\/#primaryimage\",\"url\":\"https:\/\/dosingpump.shop\/wp-content\/uploads\/2024\/12\/GemmeCotti-HTM-15-PP.png\",\"contentUrl\":\"https:\/\/dosingpump.shop\/wp-content\/uploads\/2024\/12\/GemmeCotti-HTM-15-PP.png\",\"width\":600,\"height\":600},{\"@type\":\"BreadcrumbList\",\"@id\":\"https:\/\/dosingpump.shop\/product\/centrifugaalpomp-voor-chemicalien-htm15-pp\/#breadcrumb\",\"itemListElement\":[{\"@type\":\"ListItem\",\"position\":1,\"name\":\"Home\",\"item\":\"https:\/\/dosingpump.shop\/\"},{\"@type\":\"ListItem\",\"position\":2,\"name\":\"Shop\",\"item\":\"https:\/\/dosingpump.shop\/de\/shop\/\"},{\"@type\":\"ListItem\",\"position\":3,\"name\":\"Centrifugaalpomp voor chemicali\u00ebn HTM15-PP\"}]},{\"@type\":\"WebSite\",\"@id\":\"https:\/\/dosingpump.shop\/de\/#website\",\"url\":\"https:\/\/dosingpump.shop\/de\/\",\"name\":\"Dosing Pump Shop B.V.\",\"description\":\"\",\"publisher\":{\"@id\":\"https:\/\/dosingpump.shop\/de\/#organization\"},\"potentialAction\":[{\"@type\":\"SearchAction\",\"target\":{\"@type\":\"EntryPoint\",\"urlTemplate\":\"https:\/\/dosingpump.shop\/de\/?s={search_term_string}\"},\"query-input\":{\"@type\":\"PropertyValueSpecification\",\"valueRequired\":true,\"valueName\":\"search_term_string\"}}],\"inLanguage\":\"sv-SE\"},{\"@type\":\"Organization\",\"@id\":\"https:\/\/dosingpump.shop\/de\/#organization\",\"name\":\"Dosing Pump Shop B.V.\",\"url\":\"https:\/\/dosingpump.shop\/de\/\",\"logo\":{\"@type\":\"ImageObject\",\"inLanguage\":\"sv-SE\",\"@id\":\"https:\/\/dosingpump.shop\/de\/#\/schema\/logo\/image\/\",\"url\":\"https:\/\/dosingpump.shop\/wp-content\/uploads\/2024\/10\/Dosing-Pump-Shop-logo.png\",\"contentUrl\":\"https:\/\/dosingpump.shop\/wp-content\/uploads\/2024\/10\/Dosing-Pump-Shop-logo.png\",\"width\":350,\"height\":45,\"caption\":\"Dosing Pump Shop B.V.\"},\"image\":{\"@id\":\"https:\/\/dosingpump.shop\/de\/#\/schema\/logo\/image\/\"},\"sameAs\":[\"https:\/\/linkedin.com\/company\/dosing-pump-shop\"]}]}<\/script>\n<meta property=\"product:price:amount\" content=\"1296.00\" \/>\n<meta property=\"product:price:currency\" content=\"EUR\" \/>\n<meta property=\"og:availability\" content=\"instock\" \/>\n<meta property=\"product:availability\" content=\"instock\" \/>\n<meta property=\"product:retailer_item_id\" content=\"HTM15-PP\" \/>\n<meta property=\"product:condition\" content=\"new\" \/>\n<!-- \/ Yoast SEO plugin. -->","yoast_head_json":{"title":"Centrifugalpump HTM15 | Dosing Pump Shop Gemmecoti-PP","description":"Pumpning av kemikalier kan g\u00f6ras med denna centrifugalpump f\u00f6r kemikalier. Den magnetiska drivenheten \u00e4r t\u00e4t och mycket motst\u00e5ndskraftig. Olika versioner tillg\u00e4ngliga.","robots":{"index":"index","follow":"follow","max-snippet":"max-snippet:-1","max-image-preview":"max-image-preview:large","max-video-preview":"max-video-preview:-1"},"canonical":"https:\/\/dosingpump.shop\/se\/produkt\/centrifugalpump-for-kemikalier-htm15-pp\/","og_locale":"sv_SE","og_type":"article","og_title":"Centrifugaalpomp HTM15 | Dosing Pump Shop B.V. Gemmecoti-PP","og_description":"Chemicali\u00ebn verpompen kan met deze centrifugaalpomp voor chemicali\u00ebn. De magneetaandrijving is lekvrij en zeer resistent. Diverse uitvoeringen leverbaar.","og_url":"https:\/\/dosingpump.shop\/se\/produkt\/centrifugalpump-for-kemikalier-htm15-pp\/","og_site_name":"Dosing Pump Shop B.V.","article_modified_time":"2026-03-23T11:03:02+00:00","og_image":[{"width":600,"height":600,"url":"https:\/\/dosingpump.shop\/wp-content\/uploads\/2024\/12\/GemmeCotti-HTM-15-PP.png","type":"image\/png"}],"twitter_card":"summary_large_image","twitter_misc":{"Pris":"&euro;1.296,00","Tillg\u00e4nglig":"I lager"},"schema":{"@context":"https:\/\/schema.org","@graph":[{"@type":"WebPage","@id":"https:\/\/dosingpump.shop\/product\/centrifugaalpomp-voor-chemicalien-htm15-pp\/","url":"https:\/\/dosingpump.shop\/product\/centrifugaalpomp-voor-chemicalien-htm15-pp\/","name":"Centrifugalpump HTM15 | Dosing Pump Shop Gemmecoti-PP","isPartOf":{"@id":"https:\/\/dosingpump.shop\/de\/#website"},"primaryImageOfPage":{"@id":"https:\/\/dosingpump.shop\/product\/centrifugaalpomp-voor-chemicalien-htm15-pp\/#primaryimage"},"image":{"@id":"https:\/\/dosingpump.shop\/product\/centrifugaalpomp-voor-chemicalien-htm15-pp\/#primaryimage"},"thumbnailUrl":"https:\/\/dosingpump.shop\/wp-content\/uploads\/2024\/12\/GemmeCotti-HTM-15-PP.png","datePublished":"2024-12-05T12:22:18+00:00","dateModified":"2026-03-23T11:03:02+00:00","description":"Pumpning av kemikalier kan g\u00f6ras med denna centrifugalpump f\u00f6r kemikalier. Den magnetiska drivenheten \u00e4r t\u00e4t och mycket motst\u00e5ndskraftig. Olika versioner tillg\u00e4ngliga.","breadcrumb":{"@id":"https:\/\/dosingpump.shop\/product\/centrifugaalpomp-voor-chemicalien-htm15-pp\/#breadcrumb"},"inLanguage":"sv-SE","potentialAction":[{"@type":"ReadAction","target":["https:\/\/dosingpump.shop\/product\/centrifugaalpomp-voor-chemicalien-htm15-pp\/"]}]},{"@type":"ImageObject","inLanguage":"sv-SE","@id":"https:\/\/dosingpump.shop\/product\/centrifugaalpomp-voor-chemicalien-htm15-pp\/#primaryimage","url":"https:\/\/dosingpump.shop\/wp-content\/uploads\/2024\/12\/GemmeCotti-HTM-15-PP.png","contentUrl":"https:\/\/dosingpump.shop\/wp-content\/uploads\/2024\/12\/GemmeCotti-HTM-15-PP.png","width":600,"height":600},{"@type":"BreadcrumbList","@id":"https:\/\/dosingpump.shop\/product\/centrifugaalpomp-voor-chemicalien-htm15-pp\/#breadcrumb","itemListElement":[{"@type":"ListItem","position":1,"name":"Home","item":"https:\/\/dosingpump.shop\/"},{"@type":"ListItem","position":2,"name":"Shop","item":"https:\/\/dosingpump.shop\/de\/shop\/"},{"@type":"ListItem","position":3,"name":"Centrifugaalpomp voor chemicali\u00ebn HTM15-PP"}]},{"@type":"WebSite","@id":"https:\/\/dosingpump.shop\/de\/#website","url":"https:\/\/dosingpump.shop\/de\/","name":"Dosing Pump Shop B.V.","description":"","publisher":{"@id":"https:\/\/dosingpump.shop\/de\/#organization"},"potentialAction":[{"@type":"SearchAction","target":{"@type":"EntryPoint","urlTemplate":"https:\/\/dosingpump.shop\/de\/?s={search_term_string}"},"query-input":{"@type":"PropertyValueSpecification","valueRequired":true,"valueName":"search_term_string"}}],"inLanguage":"sv-SE"},{"@type":"Organization","@id":"https:\/\/dosingpump.shop\/de\/#organization","name":"Dosing Pump Shop B.V.","url":"https:\/\/dosingpump.shop\/de\/","logo":{"@type":"ImageObject","inLanguage":"sv-SE","@id":"https:\/\/dosingpump.shop\/de\/#\/schema\/logo\/image\/","url":"https:\/\/dosingpump.shop\/wp-content\/uploads\/2024\/10\/Dosing-Pump-Shop-logo.png","contentUrl":"https:\/\/dosingpump.shop\/wp-content\/uploads\/2024\/10\/Dosing-Pump-Shop-logo.png","width":350,"height":45,"caption":"Dosing Pump Shop B.V."},"image":{"@id":"https:\/\/dosingpump.shop\/de\/#\/schema\/logo\/image\/"},"sameAs":["https:\/\/linkedin.com\/company\/dosing-pump-shop"]}]},"product_price_amount":"1296.00","product_price_currency":"EUR","og_availability":"instock","product_availability":"instock","product_retailer_item_id":"HTM15-PP","product_condition":"new"},"_links":{"self":[{"href":"https:\/\/dosingpump.shop\/se\/wp-json\/wp\/v2\/product\/4248","targetHints":{"allow":["GET"]}}],"collection":[{"href":"https:\/\/dosingpump.shop\/se\/wp-json\/wp\/v2\/product"}],"about":[{"href":"https:\/\/dosingpump.shop\/se\/wp-json\/wp\/v2\/types\/product"}],"wp:featuredmedia":[{"embeddable":true,"href":"https:\/\/dosingpump.shop\/se\/wp-json\/wp\/v2\/media\/8775"}],"wp:attachment":[{"href":"https:\/\/dosingpump.shop\/se\/wp-json\/wp\/v2\/media?parent=4248"}],"wp:term":[{"taxonomy":"product_brand","embeddable":true,"href":"https:\/\/dosingpump.shop\/se\/wp-json\/wp\/v2\/product_brand?post=4248"},{"taxonomy":"product_cat","embeddable":true,"href":"https:\/\/dosingpump.shop\/se\/wp-json\/wp\/v2\/product_cat?post=4248"},{"taxonomy":"product_tag","embeddable":true,"href":"https:\/\/dosingpump.shop\/se\/wp-json\/wp\/v2\/product_tag?post=4248"}],"curies":[{"name":"wp","href":"https:\/\/api.w.org\/{rel}","templated":true}]}}