{"id":4424,"date":"2024-12-05T12:22:55","date_gmt":"2024-12-05T12:22:55","guid":{"rendered":"https:\/\/dosingpump.shop\/?post_type=product&#038;p=4424"},"modified":"2026-02-27T14:49:30","modified_gmt":"2026-02-27T12:49:30","slug":"doseringssystem-for-vateperoxid-1000l","status":"publish","type":"product","link":"https:\/\/dosingpump.shop\/se\/product\/doseersysteem-voor-waterstofperoxide-1000l\/","title":{"rendered":"Doseringssystem f\u00f6r v\u00e4teperoxid 1000L"},"content":{"rendered":"<h2>Doseringssystem f\u00f6r v\u00e4teperoxid - 1000 liter<\/h2>\n<p>Doseringssystemet f\u00f6r v\u00e4teperoxid erbjuder en komplett l\u00f6sning f\u00f6r noggrann och s\u00e4ker dosering av H2O2. Komponenterna \u00e4r utformade f\u00f6r att t\u00e5la v\u00e4teperoxid, vilket g\u00f6r dem l\u00e5nglivade.<\/p>\n<p>V\u00e4teperoxidtankens kapacitet \u00e4r 1000 liter. Tanken \u00e4r utrustad med en suglans som \u00e4r ansluten till doseringspumpen. Denna suglans har en niv\u00e5kontroll som st\u00e4nger av pumpen n\u00e4r tanken \u00e4r tom och f\u00f6rhindrar att luft kommer in i r\u00f6ren. Eftersom H2O2 avg\u00e5r i gasform valde vi en doseringspump med automatisk avluftning. P\u00e5 s\u00e5 s\u00e4tt beh\u00f6ver du inte h\u00e5lla p\u00e5 och avlufta pumpen<\/p>\n<p>Doseringspumpen kan enkelt monteras p\u00e5 tanken, vilket skapar ett kompakt och effektivt doseringssystem.<\/p>\n<h2>Inneh\u00e5ll i doseringssystem f\u00f6r v\u00e4teperoxid:<\/h2>\n<ul>\n<li>1000 liters tank f\u00f6r v\u00e4teperoxid<\/li>\n<li>Kcl plus 08-5.5 doseringspump (5,5 liter\/timme - 8 bar) med justerbar slagl\u00e4ngd och slagfrekvens<\/li>\n<li>Suglans med niv\u00e5reglering<\/li>\n<li>Insprutningsventil och doseringsslang<\/li>\n<\/ul>\n<p>Valfria anpassningar finns tillg\u00e4ngliga f\u00f6r detta doseringssystem f\u00f6r v\u00e4teperoxid:<\/p>\n<ul>\n<li>Tank f\u00f6r v\u00e4teperoxid med kapacitet p\u00e5 50, 100, 200, 500 eller 1000 liter<\/li>\n<li>V\u00e4teperoxidpump med en kapacitet p\u00e5 upp till 80 liter\/timme (f\u00f6r direkt tankmontering)<\/li>\n<li>V\u00e4teperoxidpump med en kapacitet p\u00e5 upp till 1000 liter\/timme (f\u00f6r montering ovanf\u00f6r tanken mot en v\u00e4gg)<\/li>\n<li>Alternativ f\u00f6r 4-20 mA-styrning<\/li>\n<li>Pump f\u00f6r tankp\u00e5fyllning<\/li>\n<li>Omr\u00f6rare (manuell eller automatisk)<\/li>\n<li>L\u00e4mpligt dropptr\u00e5g<\/li>\n<li>Fullt monterad leveransm\u00f6jlighet<\/li>\n<\/ul>","protected":false},"excerpt":{"rendered":"<p>Komplett doseringssystem f\u00f6r v\u00e4teperoxid med tank, suglans och doseringspump. Inneh\u00e5ll 1000 liter<\/p>","protected":false},"featured_media":4432,"template":"","meta":[],"product_brand":[],"product_cat":[91],"product_tag":[],"class_list":{"0":"post-4424","1":"product","2":"type-product","3":"status-publish","4":"has-post-thumbnail","6":"product_cat-doseersysteem-waterstofperoxide","8":"first","9":"instock","10":"taxable","11":"shipping-taxable","12":"purchasable","13":"product-type-simple"},"yoast_head":"<!-- This site is optimized with the Yoast SEO plugin v27.2 - https:\/\/yoast.com\/product\/yoast-seo-wordpress\/ -->\n<title>Doseersysteem voor waterstofperoxide 1000L | Dosing Pump Shop B.V.<\/title>\n<meta name=\"description\" content=\"Compleet Doseersysteem voor waterstofperoxide 1000L met aanzuiglans en automatische ontluchting. Nauwkeurige en veilige dosering van H\u2082O\u2082. Eenvoudige installatie.\" \/>\n<meta name=\"robots\" content=\"index, follow, max-snippet:-1, max-image-preview:large, max-video-preview:-1\" \/>\n<link rel=\"canonical\" href=\"https:\/\/dosingpump.shop\/se\/produkt\/doseringssystem-for-vateperoxid-1000l\/\" \/>\n<meta property=\"og:locale\" content=\"sv_SE\" \/>\n<meta property=\"og:type\" content=\"article\" \/>\n<meta property=\"og:title\" content=\"Doseersysteem voor waterstofperoxide 1000L | Dosing Pump Shop B.V.\" \/>\n<meta property=\"og:description\" content=\"Compleet Doseersysteem voor waterstofperoxide 1000L met aanzuiglans en automatische ontluchting. Nauwkeurige en veilige dosering van H\u2082O\u2082. Eenvoudige installatie.\" \/>\n<meta property=\"og:url\" content=\"https:\/\/dosingpump.shop\/se\/produkt\/doseringssystem-for-vateperoxid-1000l\/\" \/>\n<meta property=\"og:site_name\" content=\"Dosing Pump Shop B.V.\" \/>\n<meta property=\"article:modified_time\" content=\"2026-02-27T12:49:30+00:00\" \/>\n<meta property=\"og:image\" content=\"https:\/\/dosingpump.shop\/wp-content\/uploads\/2024\/12\/waterstofperoxide-doseerinstallatie.webp\" \/>\n\t<meta property=\"og:image:width\" content=\"500\" \/>\n\t<meta property=\"og:image:height\" content=\"500\" \/>\n\t<meta property=\"og:image:type\" content=\"image\/webp\" \/>\n<meta name=\"twitter:card\" content=\"summary_large_image\" \/>\n<meta name=\"twitter:label1\" content=\"Pris\" \/>\n\t<meta name=\"twitter:data1\" content=\"&euro;1.898,00\" \/>\n\t<meta name=\"twitter:label2\" content=\"Tillg\u00e4nglig\" \/>\n\t<meta name=\"twitter:data2\" content=\"I lager\" \/>\n<script type=\"application\/ld+json\" class=\"yoast-schema-graph\">{\"@context\":\"https:\/\/schema.org\",\"@graph\":[{\"@type\":\"WebPage\",\"@id\":\"https:\/\/dosingpump.shop\/no\/produkt\/doseringssystem-for-hydrogenperoksid-1000l\/\",\"url\":\"https:\/\/dosingpump.shop\/no\/produkt\/doseringssystem-for-hydrogenperoksid-1000l\/\",\"name\":\"Doseersysteem voor waterstofperoxide 1000L | Dosing Pump Shop B.V.\",\"isPartOf\":{\"@id\":\"https:\/\/dosingpump.shop\/de\/#website\"},\"primaryImageOfPage\":{\"@id\":\"https:\/\/dosingpump.shop\/no\/produkt\/doseringssystem-for-hydrogenperoksid-1000l\/#primaryimage\"},\"image\":{\"@id\":\"https:\/\/dosingpump.shop\/no\/produkt\/doseringssystem-for-hydrogenperoksid-1000l\/#primaryimage\"},\"thumbnailUrl\":\"https:\/\/dosingpump.shop\/wp-content\/uploads\/2024\/12\/waterstofperoxide-doseerinstallatie.webp\",\"datePublished\":\"2024-12-05T12:22:55+00:00\",\"dateModified\":\"2026-02-27T12:49:30+00:00\",\"description\":\"Compleet Doseersysteem voor waterstofperoxide 1000L met aanzuiglans en automatische ontluchting. Nauwkeurige en veilige dosering van H\u2082O\u2082. Eenvoudige installatie.\",\"breadcrumb\":{\"@id\":\"https:\/\/dosingpump.shop\/no\/produkt\/doseringssystem-for-hydrogenperoksid-1000l\/#breadcrumb\"},\"inLanguage\":\"sv-SE\",\"potentialAction\":[{\"@type\":\"ReadAction\",\"target\":[\"https:\/\/dosingpump.shop\/no\/produkt\/doseringssystem-for-hydrogenperoksid-1000l\/\"]}]},{\"@type\":\"ImageObject\",\"inLanguage\":\"sv-SE\",\"@id\":\"https:\/\/dosingpump.shop\/no\/produkt\/doseringssystem-for-hydrogenperoksid-1000l\/#primaryimage\",\"url\":\"https:\/\/dosingpump.shop\/wp-content\/uploads\/2024\/12\/waterstofperoxide-doseerinstallatie.webp\",\"contentUrl\":\"https:\/\/dosingpump.shop\/wp-content\/uploads\/2024\/12\/waterstofperoxide-doseerinstallatie.webp\",\"width\":500,\"height\":500},{\"@type\":\"BreadcrumbList\",\"@id\":\"https:\/\/dosingpump.shop\/no\/produkt\/doseringssystem-for-hydrogenperoksid-1000l\/#breadcrumb\",\"itemListElement\":[{\"@type\":\"ListItem\",\"position\":1,\"name\":\"Home\",\"item\":\"https:\/\/dosingpump.shop\/\"},{\"@type\":\"ListItem\",\"position\":2,\"name\":\"Shop\",\"item\":\"https:\/\/dosingpump.shop\/de\/shop\/\"},{\"@type\":\"ListItem\",\"position\":3,\"name\":\"Doseersysteem voor waterstofperoxide 1000L\"}]},{\"@type\":\"WebSite\",\"@id\":\"https:\/\/dosingpump.shop\/de\/#website\",\"url\":\"https:\/\/dosingpump.shop\/de\/\",\"name\":\"Dosing Pump Shop B.V.\",\"description\":\"\",\"publisher\":{\"@id\":\"https:\/\/dosingpump.shop\/de\/#organization\"},\"potentialAction\":[{\"@type\":\"SearchAction\",\"target\":{\"@type\":\"EntryPoint\",\"urlTemplate\":\"https:\/\/dosingpump.shop\/de\/?s={search_term_string}\"},\"query-input\":{\"@type\":\"PropertyValueSpecification\",\"valueRequired\":true,\"valueName\":\"search_term_string\"}}],\"inLanguage\":\"sv-SE\"},{\"@type\":\"Organization\",\"@id\":\"https:\/\/dosingpump.shop\/de\/#organization\",\"name\":\"Dosing Pump Shop B.V.\",\"url\":\"https:\/\/dosingpump.shop\/de\/\",\"logo\":{\"@type\":\"ImageObject\",\"inLanguage\":\"sv-SE\",\"@id\":\"https:\/\/dosingpump.shop\/de\/#\/schema\/logo\/image\/\",\"url\":\"https:\/\/dosingpump.shop\/wp-content\/uploads\/2024\/10\/Dosing-Pump-Shop-logo.png\",\"contentUrl\":\"https:\/\/dosingpump.shop\/wp-content\/uploads\/2024\/10\/Dosing-Pump-Shop-logo.png\",\"width\":350,\"height\":45,\"caption\":\"Dosing Pump Shop B.V.\"},\"image\":{\"@id\":\"https:\/\/dosingpump.shop\/de\/#\/schema\/logo\/image\/\"},\"sameAs\":[\"https:\/\/linkedin.com\/company\/dosing-pump-shop\"]}]}<\/script>\n<meta property=\"product:price:amount\" content=\"1898.00\" \/>\n<meta property=\"product:price:currency\" content=\"EUR\" \/>\n<meta property=\"og:availability\" content=\"instock\" \/>\n<meta property=\"product:availability\" content=\"instock\" \/>\n<meta property=\"product:retailer_item_id\" content=\"Dos-set-h202-compl-1000\" \/>\n<meta property=\"product:condition\" content=\"new\" \/>\n<!-- \/ Yoast SEO plugin. -->","yoast_head_json":{"title":"Doseringssystem f\u00f6r v\u00e4teperoxid 1000L | Dosing Pump Shop B.V.","description":"Komplett doseringssystem f\u00f6r v\u00e4teperoxid 1000L med suglans och automatisk avluftning. Exakt och s\u00e4ker dosering av H\u2082O\u2082. Enkel installation.","robots":{"index":"index","follow":"follow","max-snippet":"max-snippet:-1","max-image-preview":"max-image-preview:large","max-video-preview":"max-video-preview:-1"},"canonical":"https:\/\/dosingpump.shop\/se\/produkt\/doseringssystem-for-vateperoxid-1000l\/","og_locale":"sv_SE","og_type":"article","og_title":"Doseersysteem voor waterstofperoxide 1000L | Dosing Pump Shop B.V.","og_description":"Compleet Doseersysteem voor waterstofperoxide 1000L met aanzuiglans en automatische ontluchting. Nauwkeurige en veilige dosering van H\u2082O\u2082. Eenvoudige installatie.","og_url":"https:\/\/dosingpump.shop\/se\/produkt\/doseringssystem-for-vateperoxid-1000l\/","og_site_name":"Dosing Pump Shop B.V.","article_modified_time":"2026-02-27T12:49:30+00:00","og_image":[{"width":500,"height":500,"url":"https:\/\/dosingpump.shop\/wp-content\/uploads\/2024\/12\/waterstofperoxide-doseerinstallatie.webp","type":"image\/webp"}],"twitter_card":"summary_large_image","twitter_misc":{"Pris":"&euro;1.898,00","Tillg\u00e4nglig":"I lager"},"schema":{"@context":"https:\/\/schema.org","@graph":[{"@type":"WebPage","@id":"https:\/\/dosingpump.shop\/no\/produkt\/doseringssystem-for-hydrogenperoksid-1000l\/","url":"https:\/\/dosingpump.shop\/no\/produkt\/doseringssystem-for-hydrogenperoksid-1000l\/","name":"Doseringssystem f\u00f6r v\u00e4teperoxid 1000L | Dosing Pump Shop B.V.","isPartOf":{"@id":"https:\/\/dosingpump.shop\/de\/#website"},"primaryImageOfPage":{"@id":"https:\/\/dosingpump.shop\/no\/produkt\/doseringssystem-for-hydrogenperoksid-1000l\/#primaryimage"},"image":{"@id":"https:\/\/dosingpump.shop\/no\/produkt\/doseringssystem-for-hydrogenperoksid-1000l\/#primaryimage"},"thumbnailUrl":"https:\/\/dosingpump.shop\/wp-content\/uploads\/2024\/12\/waterstofperoxide-doseerinstallatie.webp","datePublished":"2024-12-05T12:22:55+00:00","dateModified":"2026-02-27T12:49:30+00:00","description":"Komplett doseringssystem f\u00f6r v\u00e4teperoxid 1000L med suglans och automatisk avluftning. Exakt och s\u00e4ker dosering av H\u2082O\u2082. Enkel installation.","breadcrumb":{"@id":"https:\/\/dosingpump.shop\/no\/produkt\/doseringssystem-for-hydrogenperoksid-1000l\/#breadcrumb"},"inLanguage":"sv-SE","potentialAction":[{"@type":"ReadAction","target":["https:\/\/dosingpump.shop\/no\/produkt\/doseringssystem-for-hydrogenperoksid-1000l\/"]}]},{"@type":"ImageObject","inLanguage":"sv-SE","@id":"https:\/\/dosingpump.shop\/no\/produkt\/doseringssystem-for-hydrogenperoksid-1000l\/#primaryimage","url":"https:\/\/dosingpump.shop\/wp-content\/uploads\/2024\/12\/waterstofperoxide-doseerinstallatie.webp","contentUrl":"https:\/\/dosingpump.shop\/wp-content\/uploads\/2024\/12\/waterstofperoxide-doseerinstallatie.webp","width":500,"height":500},{"@type":"BreadcrumbList","@id":"https:\/\/dosingpump.shop\/no\/produkt\/doseringssystem-for-hydrogenperoksid-1000l\/#breadcrumb","itemListElement":[{"@type":"ListItem","position":1,"name":"Home","item":"https:\/\/dosingpump.shop\/"},{"@type":"ListItem","position":2,"name":"Shop","item":"https:\/\/dosingpump.shop\/de\/shop\/"},{"@type":"ListItem","position":3,"name":"Doseersysteem voor waterstofperoxide 1000L"}]},{"@type":"WebSite","@id":"https:\/\/dosingpump.shop\/de\/#website","url":"https:\/\/dosingpump.shop\/de\/","name":"Dosing Pump Shop B.V.","description":"","publisher":{"@id":"https:\/\/dosingpump.shop\/de\/#organization"},"potentialAction":[{"@type":"SearchAction","target":{"@type":"EntryPoint","urlTemplate":"https:\/\/dosingpump.shop\/de\/?s={search_term_string}"},"query-input":{"@type":"PropertyValueSpecification","valueRequired":true,"valueName":"search_term_string"}}],"inLanguage":"sv-SE"},{"@type":"Organization","@id":"https:\/\/dosingpump.shop\/de\/#organization","name":"Dosing Pump Shop B.V.","url":"https:\/\/dosingpump.shop\/de\/","logo":{"@type":"ImageObject","inLanguage":"sv-SE","@id":"https:\/\/dosingpump.shop\/de\/#\/schema\/logo\/image\/","url":"https:\/\/dosingpump.shop\/wp-content\/uploads\/2024\/10\/Dosing-Pump-Shop-logo.png","contentUrl":"https:\/\/dosingpump.shop\/wp-content\/uploads\/2024\/10\/Dosing-Pump-Shop-logo.png","width":350,"height":45,"caption":"Dosing Pump Shop B.V."},"image":{"@id":"https:\/\/dosingpump.shop\/de\/#\/schema\/logo\/image\/"},"sameAs":["https:\/\/linkedin.com\/company\/dosing-pump-shop"]}]},"product_price_amount":"1898.00","product_price_currency":"EUR","og_availability":"instock","product_availability":"instock","product_retailer_item_id":"Dos-set-h202-compl-1000","product_condition":"new"},"_links":{"self":[{"href":"https:\/\/dosingpump.shop\/se\/wp-json\/wp\/v2\/product\/4424","targetHints":{"allow":["GET"]}}],"collection":[{"href":"https:\/\/dosingpump.shop\/se\/wp-json\/wp\/v2\/product"}],"about":[{"href":"https:\/\/dosingpump.shop\/se\/wp-json\/wp\/v2\/types\/product"}],"wp:featuredmedia":[{"embeddable":true,"href":"https:\/\/dosingpump.shop\/se\/wp-json\/wp\/v2\/media\/4432"}],"wp:attachment":[{"href":"https:\/\/dosingpump.shop\/se\/wp-json\/wp\/v2\/media?parent=4424"}],"wp:term":[{"taxonomy":"product_brand","embeddable":true,"href":"https:\/\/dosingpump.shop\/se\/wp-json\/wp\/v2\/product_brand?post=4424"},{"taxonomy":"product_cat","embeddable":true,"href":"https:\/\/dosingpump.shop\/se\/wp-json\/wp\/v2\/product_cat?post=4424"},{"taxonomy":"product_tag","embeddable":true,"href":"https:\/\/dosingpump.shop\/se\/wp-json\/wp\/v2\/product_tag?post=4424"}],"curies":[{"name":"wp","href":"https:\/\/api.w.org\/{rel}","templated":true}]}}