{"id":4443,"date":"2024-12-05T12:23:00","date_gmt":"2024-12-05T12:23:00","guid":{"rendered":"https:\/\/dosingpump.shop\/?post_type=product&#038;p=4443"},"modified":"2026-02-27T14:49:31","modified_gmt":"2026-02-27T12:49:31","slug":"lasp4-d-4x6-40cm-2-lev-2-ut-10cm-2","status":"publish","type":"product","link":"https:\/\/dosingpump.shop\/se\/product\/lasp4-d-4x6-40cm-2-lev-2-out-10cm-2\/","title":{"rendered":"LASP4\/D 4X6 40CM 2 LEV. + 2 UT 10CM"},"content":{"rendered":"<h2><strong>Emec LASP4\/D Suglans 40 cm<\/strong><\/h2>\n<p>De flesta Emec-doseringspumpar levereras med fotventil med sugfilter. Detta fungerar bra, men det finns fall d\u00e4r en suglans fungerar b\u00e4ttre eller s\u00e4krare, t.ex. n\u00e4r det finns en omr\u00f6rare eller med en kanna. En suglans \u00e4r en plastlans av PVC eller PVDF med filter och niv\u00e5vakt. Genom att v\u00e4lja r\u00e4tt l\u00e4ngd n\u00e5r suglansen botten av trumman eller IBC:n och pumpens sug ansluts sedan till toppen. N\u00e4r pumpen \u00e4r kompatibel kan niv\u00e5vakten anslutas. Den st\u00e4nger av pumpen n\u00e4r k\u00e4rlet \u00e4r tomt. Letar du efter en annan version? Kontakta oss d\u00e5 och beg\u00e4r en offert.mer teknisk information? Se fliken teknisk information.<\/p>","protected":false},"excerpt":{"rendered":"<p>Emec Suglans f\u00f6r doseringspump 40 cm. Material PVC, O-ring EPDM<\/p>","protected":false},"featured_media":0,"template":"","meta":[],"product_brand":[],"product_cat":[87],"product_tag":[],"class_list":{"0":"post-4443","1":"product","2":"type-product","3":"status-publish","5":"product_cat-aanzuiglans-lasp4","7":"first","8":"instock","9":"taxable","10":"shipping-taxable","11":"purchasable","12":"product-type-simple"},"yoast_head":"<!-- This site is optimized with the Yoast SEO plugin v27.2 - https:\/\/yoast.com\/product\/yoast-seo-wordpress\/ -->\n<title>LASP4\/D 4X6 40CM 2 LEV. + 2 OUT 10CM | Dosing Pump Shop B.V.<\/title>\n<meta name=\"robots\" content=\"index, follow, max-snippet:-1, max-image-preview:large, max-video-preview:-1\" \/>\n<link rel=\"canonical\" href=\"https:\/\/dosingpump.shop\/se\/produkt\/lasp4-d-4x6-40cm-2-lev-2-ut-10cm-2\/\" \/>\n<meta property=\"og:locale\" content=\"sv_SE\" \/>\n<meta property=\"og:type\" content=\"article\" \/>\n<meta property=\"og:title\" content=\"LASP4\/D 4X6 40CM 2 LEV. + 2 OUT 10CM | Dosing Pump Shop B.V.\" \/>\n<meta property=\"og:description\" content=\"Emec Aanzuiglans voor doseerpomp 40 cm. Materiaal PVC, O-ring EPDM\" \/>\n<meta property=\"og:url\" content=\"https:\/\/dosingpump.shop\/se\/produkt\/lasp4-d-4x6-40cm-2-lev-2-ut-10cm-2\/\" \/>\n<meta property=\"og:site_name\" content=\"Dosing Pump Shop B.V.\" \/>\n<meta property=\"article:modified_time\" content=\"2026-02-27T12:49:31+00:00\" \/>\n<meta name=\"twitter:card\" content=\"summary_large_image\" \/>\n<meta name=\"twitter:label1\" content=\"Pris\" \/>\n\t<meta name=\"twitter:data1\" content=\"&euro;167,00\" \/>\n\t<meta name=\"twitter:label2\" content=\"Tillg\u00e4nglig\" \/>\n\t<meta name=\"twitter:data2\" content=\"I lager\" \/>\n<script type=\"application\/ld+json\" class=\"yoast-schema-graph\">{\"@context\":\"https:\/\/schema.org\",\"@graph\":[{\"@type\":\"WebPage\",\"@id\":\"https:\/\/dosingpump.shop\/en\/product\/lasp4-d-4x6-40cm-2-lev-2-out-10cm-2\/\",\"url\":\"https:\/\/dosingpump.shop\/en\/product\/lasp4-d-4x6-40cm-2-lev-2-out-10cm-2\/\",\"name\":\"LASP4\/D 4X6 40CM 2 LEV. + 2 OUT 10CM | Dosing Pump Shop B.V.\",\"isPartOf\":{\"@id\":\"https:\/\/dosingpump.shop\/de\/#website\"},\"datePublished\":\"2024-12-05T12:23:00+00:00\",\"dateModified\":\"2026-02-27T12:49:31+00:00\",\"breadcrumb\":{\"@id\":\"https:\/\/dosingpump.shop\/en\/product\/lasp4-d-4x6-40cm-2-lev-2-out-10cm-2\/#breadcrumb\"},\"inLanguage\":\"sv-SE\",\"potentialAction\":[{\"@type\":\"ReadAction\",\"target\":[\"https:\/\/dosingpump.shop\/en\/product\/lasp4-d-4x6-40cm-2-lev-2-out-10cm-2\/\"]}]},{\"@type\":\"BreadcrumbList\",\"@id\":\"https:\/\/dosingpump.shop\/en\/product\/lasp4-d-4x6-40cm-2-lev-2-out-10cm-2\/#breadcrumb\",\"itemListElement\":[{\"@type\":\"ListItem\",\"position\":1,\"name\":\"Home\",\"item\":\"https:\/\/dosingpump.shop\/\"},{\"@type\":\"ListItem\",\"position\":2,\"name\":\"Shop\",\"item\":\"https:\/\/dosingpump.shop\/de\/shop\/\"},{\"@type\":\"ListItem\",\"position\":3,\"name\":\"LASP4\/D 4X6 40CM 2 LEV. + 2 OUT 10CM\"}]},{\"@type\":\"WebSite\",\"@id\":\"https:\/\/dosingpump.shop\/de\/#website\",\"url\":\"https:\/\/dosingpump.shop\/de\/\",\"name\":\"Dosing Pump Shop B.V.\",\"description\":\"\",\"publisher\":{\"@id\":\"https:\/\/dosingpump.shop\/de\/#organization\"},\"potentialAction\":[{\"@type\":\"SearchAction\",\"target\":{\"@type\":\"EntryPoint\",\"urlTemplate\":\"https:\/\/dosingpump.shop\/de\/?s={search_term_string}\"},\"query-input\":{\"@type\":\"PropertyValueSpecification\",\"valueRequired\":true,\"valueName\":\"search_term_string\"}}],\"inLanguage\":\"sv-SE\"},{\"@type\":\"Organization\",\"@id\":\"https:\/\/dosingpump.shop\/de\/#organization\",\"name\":\"Dosing Pump Shop B.V.\",\"url\":\"https:\/\/dosingpump.shop\/de\/\",\"logo\":{\"@type\":\"ImageObject\",\"inLanguage\":\"sv-SE\",\"@id\":\"https:\/\/dosingpump.shop\/de\/#\/schema\/logo\/image\/\",\"url\":\"https:\/\/dosingpump.shop\/wp-content\/uploads\/2024\/10\/Dosing-Pump-Shop-logo.png\",\"contentUrl\":\"https:\/\/dosingpump.shop\/wp-content\/uploads\/2024\/10\/Dosing-Pump-Shop-logo.png\",\"width\":350,\"height\":45,\"caption\":\"Dosing Pump Shop B.V.\"},\"image\":{\"@id\":\"https:\/\/dosingpump.shop\/de\/#\/schema\/logo\/image\/\"},\"sameAs\":[\"https:\/\/linkedin.com\/company\/dosing-pump-shop\"]}]}<\/script>\n<meta property=\"product:price:amount\" content=\"167.00\" \/>\n<meta property=\"product:price:currency\" content=\"EUR\" \/>\n<meta property=\"og:availability\" content=\"instock\" \/>\n<meta property=\"product:availability\" content=\"instock\" \/>\n<meta property=\"product:retailer_item_id\" content=\"LASP4D04032ZA35000\" \/>\n<meta property=\"product:condition\" content=\"new\" \/>\n<!-- \/ Yoast SEO plugin. -->","yoast_head_json":{"title":"LASP4\/D 4X6 40CM 2 LEV. + 2 UT 10CM | Dosing Pump Shop B.V.","robots":{"index":"index","follow":"follow","max-snippet":"max-snippet:-1","max-image-preview":"max-image-preview:large","max-video-preview":"max-video-preview:-1"},"canonical":"https:\/\/dosingpump.shop\/se\/produkt\/lasp4-d-4x6-40cm-2-lev-2-ut-10cm-2\/","og_locale":"sv_SE","og_type":"article","og_title":"LASP4\/D 4X6 40CM 2 LEV. + 2 OUT 10CM | Dosing Pump Shop B.V.","og_description":"Emec Aanzuiglans voor doseerpomp 40 cm. Materiaal PVC, O-ring EPDM","og_url":"https:\/\/dosingpump.shop\/se\/produkt\/lasp4-d-4x6-40cm-2-lev-2-ut-10cm-2\/","og_site_name":"Dosing Pump Shop B.V.","article_modified_time":"2026-02-27T12:49:31+00:00","twitter_card":"summary_large_image","twitter_misc":{"Pris":"&euro;167,00","Tillg\u00e4nglig":"I lager"},"schema":{"@context":"https:\/\/schema.org","@graph":[{"@type":"WebPage","@id":"https:\/\/dosingpump.shop\/en\/product\/lasp4-d-4x6-40cm-2-lev-2-out-10cm-2\/","url":"https:\/\/dosingpump.shop\/en\/product\/lasp4-d-4x6-40cm-2-lev-2-out-10cm-2\/","name":"LASP4\/D 4X6 40CM 2 LEV. + 2 UT 10CM | Dosing Pump Shop B.V.","isPartOf":{"@id":"https:\/\/dosingpump.shop\/de\/#website"},"datePublished":"2024-12-05T12:23:00+00:00","dateModified":"2026-02-27T12:49:31+00:00","breadcrumb":{"@id":"https:\/\/dosingpump.shop\/en\/product\/lasp4-d-4x6-40cm-2-lev-2-out-10cm-2\/#breadcrumb"},"inLanguage":"sv-SE","potentialAction":[{"@type":"ReadAction","target":["https:\/\/dosingpump.shop\/en\/product\/lasp4-d-4x6-40cm-2-lev-2-out-10cm-2\/"]}]},{"@type":"BreadcrumbList","@id":"https:\/\/dosingpump.shop\/en\/product\/lasp4-d-4x6-40cm-2-lev-2-out-10cm-2\/#breadcrumb","itemListElement":[{"@type":"ListItem","position":1,"name":"Home","item":"https:\/\/dosingpump.shop\/"},{"@type":"ListItem","position":2,"name":"Shop","item":"https:\/\/dosingpump.shop\/de\/shop\/"},{"@type":"ListItem","position":3,"name":"LASP4\/D 4X6 40CM 2 LEV. + 2 OUT 10CM"}]},{"@type":"WebSite","@id":"https:\/\/dosingpump.shop\/de\/#website","url":"https:\/\/dosingpump.shop\/de\/","name":"Dosing Pump Shop B.V.","description":"","publisher":{"@id":"https:\/\/dosingpump.shop\/de\/#organization"},"potentialAction":[{"@type":"SearchAction","target":{"@type":"EntryPoint","urlTemplate":"https:\/\/dosingpump.shop\/de\/?s={search_term_string}"},"query-input":{"@type":"PropertyValueSpecification","valueRequired":true,"valueName":"search_term_string"}}],"inLanguage":"sv-SE"},{"@type":"Organization","@id":"https:\/\/dosingpump.shop\/de\/#organization","name":"Dosing Pump Shop B.V.","url":"https:\/\/dosingpump.shop\/de\/","logo":{"@type":"ImageObject","inLanguage":"sv-SE","@id":"https:\/\/dosingpump.shop\/de\/#\/schema\/logo\/image\/","url":"https:\/\/dosingpump.shop\/wp-content\/uploads\/2024\/10\/Dosing-Pump-Shop-logo.png","contentUrl":"https:\/\/dosingpump.shop\/wp-content\/uploads\/2024\/10\/Dosing-Pump-Shop-logo.png","width":350,"height":45,"caption":"Dosing Pump Shop B.V."},"image":{"@id":"https:\/\/dosingpump.shop\/de\/#\/schema\/logo\/image\/"},"sameAs":["https:\/\/linkedin.com\/company\/dosing-pump-shop"]}]},"product_price_amount":"167.00","product_price_currency":"EUR","og_availability":"instock","product_availability":"instock","product_retailer_item_id":"LASP4D04032ZA35000","product_condition":"new"},"_links":{"self":[{"href":"https:\/\/dosingpump.shop\/se\/wp-json\/wp\/v2\/product\/4443","targetHints":{"allow":["GET"]}}],"collection":[{"href":"https:\/\/dosingpump.shop\/se\/wp-json\/wp\/v2\/product"}],"about":[{"href":"https:\/\/dosingpump.shop\/se\/wp-json\/wp\/v2\/types\/product"}],"wp:attachment":[{"href":"https:\/\/dosingpump.shop\/se\/wp-json\/wp\/v2\/media?parent=4443"}],"wp:term":[{"taxonomy":"product_brand","embeddable":true,"href":"https:\/\/dosingpump.shop\/se\/wp-json\/wp\/v2\/product_brand?post=4443"},{"taxonomy":"product_cat","embeddable":true,"href":"https:\/\/dosingpump.shop\/se\/wp-json\/wp\/v2\/product_cat?post=4443"},{"taxonomy":"product_tag","embeddable":true,"href":"https:\/\/dosingpump.shop\/se\/wp-json\/wp\/v2\/product_tag?post=4443"}],"curies":[{"name":"wp","href":"https:\/\/api.w.org\/{rel}","templated":true}]}}