{"id":4883,"date":"2024-12-05T12:23:55","date_gmt":"2024-12-05T12:23:55","guid":{"rendered":"https:\/\/dosingpump.shop\/product\/doseerpomp-voor-natriumcyanide\/"},"modified":"2026-02-27T14:49:51","modified_gmt":"2026-02-27T12:49:51","slug":"doseringspump-for-natriumcyanid","status":"publish","type":"product","link":"https:\/\/dosingpump.shop\/se\/product\/doseerpomp-voor-natriumcyanide\/","title":{"rendered":"Doseringspump f\u00f6r natriumcyanid"},"content":{"rendered":"<h2>Doseringspump f\u00f6r natriumcyanid<\/h2>\n<p>Denna h\u00f6gkvalitativa Emec-doseringspump \u00e4r l\u00e4mplig f\u00f6r dosering av natriumcyanid. Vi har valt den h\u00e4r pumpen f\u00f6r att den har god motst\u00e5ndskraft mot de material som anv\u00e4nds f\u00f6r den h\u00e4r produkten. Detta garanterar en <b>l\u00e5ng livsl\u00e4ngd<\/b> och en s\u00e4ker arbetsmilj\u00f6.<\/p>\n<p>Doseringspumpen KCL plus 08-08 har en <b>justerbar slagvolym och justerbar slagfrekvens<\/b>. Denna kemiska pump \u00e4r s\u00e5ledes <b>mycket exakt justering<\/b>.<\/p>\n<p>Pumpen levereras mycket komplett. S\u00e5ledes ing\u00e5r ett sugfilter och en insprutningsventil.<\/p>\n<p>KCL plus 08-08 kan dosera upp till 8 liter per timme vid ett tryck p\u00e5 8 bar. Pumpen \u00e4r manuellt inst\u00e4llbar och kan som tillval styras via 230V matningssp\u00e4nning. Naturligtvis finns det \u00e4ven andra modeller av doseringspumpar.<\/p>\n<h3>Andra versioner Doseringspump f\u00f6r natriumcyanid<\/h3>\n<p>Denna doseringspump finns i olika utf\u00f6randen. Det \u00e4r t.ex. m\u00f6jligt att leverera en MF-version som kan styras via 4-20 mA, puls eller 0-10V. Ett h\u00f6gre fl\u00f6de \u00e4r inte heller n\u00e5got problem. Det \u00e4r m\u00f6jligt att leverera en pump som kan styra upp till <b>1.000 liter per timme<\/b> kan dosera. N\u00e4r det g\u00e4ller tryck eller matningssp\u00e4nning finns det naturligtvis ocks\u00e5 fler alternativ.<\/p>\n<h3>Vilka material rekommenderar vi f\u00f6r dosering av natriumcyanid?<\/h3>\n<p>P\u00e5 Dosing Pump Shop har vi ett brett utbud av delar till doseringspumpar i olika material, s\u00e5 att vi kan anpassa alla doseringspumpar till r\u00e4tt motst\u00e5nd. F\u00f6r dosering av Aceetaldehyd rekommenderar vi f\u00f6ljande delar och material:<\/p>\n<p><b>Pumphuvud<\/b><\/p>\n<ul>\n<li>PVDF<\/li>\n<li>PP<\/li>\n<li>Rostfritt st\u00e5l (SS 316), Begr\u00e4nsad best\u00e4ndighet<\/li>\n<li>PMMA<\/li>\n<\/ul>\n<p><b>O-ring<\/b><\/p>\n<ul>\n<li>FPM (Viton)<\/li>\n<li>EPDM<\/li>\n<\/ul>\n<p><b>Membran<\/b><\/p>\n<ul>\n<li>PFTE (teflon)<\/li>\n<\/ul>\n<p><b>Doseringsslang<\/b><\/p>\n<ul>\n<li>PE<\/li>\n<li>PVC<\/li>\n<li>PVDF<\/li>\n<\/ul>\n<p><em>Delar med begr\u00e4nsad resistens mot Aceetaldehyd \u00e4r resistenta, men kom ih\u00e5g att du d\u00e5 m\u00e5ste byta ut den h\u00e4r delen mer regelbundet.<\/em><\/p>\n<h3>\u00c4r du nyfiken p\u00e5 m\u00f6jligheterna?<\/h3>\n<p>Det smidigaste s\u00e4ttet \u00e4r att kontakta oss. Vi kan sedan \u00f6vers\u00e4tta dina krav f\u00f6r att komma fram till r\u00e4tt doseringspump f\u00f6r natriumcyanid!<\/p>","protected":false},"excerpt":{"rendered":"<p>F\u00f6r s\u00e4ker och exakt dosering av natriumcyanid (NaCN), fr\u00e5n exakta doseringsapplikationer (10 ml\/timme) till stora applikationer p\u00e5 upp till 1.000 liter per timme (beroende p\u00e5 version).<\/p>\n<p>Version: K CL PLUS 08-08 eller liknande.<br \/>Beh\u00f6ver du en annan version? Beg\u00e4r en offert!<\/p>","protected":false},"featured_media":4072,"template":"","meta":[],"product_brand":[],"product_cat":[94],"product_tag":[],"class_list":{"0":"post-4883","1":"product","2":"type-product","3":"status-publish","4":"has-post-thumbnail","6":"product_cat-chemical-compatibility","8":"first","9":"instock","10":"taxable","11":"shipping-taxable","12":"purchasable","13":"product-type-simple"},"yoast_head":"<!-- This site is optimized with the Yoast SEO plugin v27.2 - https:\/\/yoast.com\/product\/yoast-seo-wordpress\/ -->\n<title>Doseerpomp voor Natriumcyanide | Dosing Pump Shop B.V.<\/title>\n<meta name=\"description\" content=\"Nauwkeurige en betrouwbare Doseerpomp voor Natriumcyanide voor diverse industri\u00eble toepassingen. Eenvoudige installatie en onderhoud.\" \/>\n<meta name=\"robots\" content=\"index, follow, max-snippet:-1, max-image-preview:large, max-video-preview:-1\" \/>\n<link rel=\"canonical\" href=\"https:\/\/dosingpump.shop\/se\/produkt\/doseringspump-for-natriumcyanid\/\" \/>\n<meta property=\"og:locale\" content=\"sv_SE\" \/>\n<meta property=\"og:type\" content=\"article\" \/>\n<meta property=\"og:title\" content=\"Doseerpomp voor Natriumcyanide | Dosing Pump Shop B.V.\" \/>\n<meta property=\"og:description\" content=\"Nauwkeurige en betrouwbare Doseerpomp voor Natriumcyanide voor diverse industri\u00eble toepassingen. Eenvoudige installatie en onderhoud.\" \/>\n<meta property=\"og:url\" content=\"https:\/\/dosingpump.shop\/se\/produkt\/doseringspump-for-natriumcyanid\/\" \/>\n<meta property=\"og:site_name\" content=\"Dosing Pump Shop B.V.\" \/>\n<meta property=\"article:modified_time\" content=\"2026-02-27T12:49:51+00:00\" \/>\n<meta property=\"og:image\" content=\"https:\/\/dosingpump.shop\/wp-content\/uploads\/2024\/12\/EMEC-K-SERIE-ANALOG-dosing-pump.webp\" \/>\n\t<meta property=\"og:image:width\" content=\"498\" \/>\n\t<meta property=\"og:image:height\" content=\"501\" \/>\n\t<meta property=\"og:image:type\" content=\"image\/webp\" \/>\n<meta name=\"twitter:card\" content=\"summary_large_image\" \/>\n<meta name=\"twitter:label1\" content=\"Pris\" \/>\n\t<meta name=\"twitter:data1\" content=\"&euro;459,00\" \/>\n\t<meta name=\"twitter:label2\" content=\"Tillg\u00e4nglig\" \/>\n\t<meta name=\"twitter:data2\" content=\"I lager\" \/>\n<script type=\"application\/ld+json\" class=\"yoast-schema-graph\">{\"@context\":\"https:\/\/schema.org\",\"@graph\":[{\"@type\":\"WebPage\",\"@id\":\"https:\/\/dosingpump.shop\/es\/producto\/bomba-dosificadora-de-cianuro-sodico\/\",\"url\":\"https:\/\/dosingpump.shop\/es\/producto\/bomba-dosificadora-de-cianuro-sodico\/\",\"name\":\"Doseerpomp voor Natriumcyanide | Dosing Pump Shop B.V.\",\"isPartOf\":{\"@id\":\"https:\/\/dosingpump.shop\/de\/#website\"},\"primaryImageOfPage\":{\"@id\":\"https:\/\/dosingpump.shop\/es\/producto\/bomba-dosificadora-de-cianuro-sodico\/#primaryimage\"},\"image\":{\"@id\":\"https:\/\/dosingpump.shop\/es\/producto\/bomba-dosificadora-de-cianuro-sodico\/#primaryimage\"},\"thumbnailUrl\":\"https:\/\/dosingpump.shop\/wp-content\/uploads\/2024\/12\/EMEC-K-SERIE-ANALOG-dosing-pump.webp\",\"datePublished\":\"2024-12-05T12:23:55+00:00\",\"dateModified\":\"2026-02-27T12:49:51+00:00\",\"description\":\"Nauwkeurige en betrouwbare Doseerpomp voor Natriumcyanide voor diverse industri\u00eble toepassingen. Eenvoudige installatie en onderhoud.\",\"breadcrumb\":{\"@id\":\"https:\/\/dosingpump.shop\/es\/producto\/bomba-dosificadora-de-cianuro-sodico\/#breadcrumb\"},\"inLanguage\":\"sv-SE\",\"potentialAction\":[{\"@type\":\"ReadAction\",\"target\":[\"https:\/\/dosingpump.shop\/es\/producto\/bomba-dosificadora-de-cianuro-sodico\/\"]}]},{\"@type\":\"ImageObject\",\"inLanguage\":\"sv-SE\",\"@id\":\"https:\/\/dosingpump.shop\/es\/producto\/bomba-dosificadora-de-cianuro-sodico\/#primaryimage\",\"url\":\"https:\/\/dosingpump.shop\/wp-content\/uploads\/2024\/12\/EMEC-K-SERIE-ANALOG-dosing-pump.webp\",\"contentUrl\":\"https:\/\/dosingpump.shop\/wp-content\/uploads\/2024\/12\/EMEC-K-SERIE-ANALOG-dosing-pump.webp\",\"width\":498,\"height\":501},{\"@type\":\"BreadcrumbList\",\"@id\":\"https:\/\/dosingpump.shop\/es\/producto\/bomba-dosificadora-de-cianuro-sodico\/#breadcrumb\",\"itemListElement\":[{\"@type\":\"ListItem\",\"position\":1,\"name\":\"Home\",\"item\":\"https:\/\/dosingpump.shop\/\"},{\"@type\":\"ListItem\",\"position\":2,\"name\":\"Shop\",\"item\":\"https:\/\/dosingpump.shop\/de\/shop\/\"},{\"@type\":\"ListItem\",\"position\":3,\"name\":\"Doseerpomp voor Natriumcyanide\"}]},{\"@type\":\"WebSite\",\"@id\":\"https:\/\/dosingpump.shop\/de\/#website\",\"url\":\"https:\/\/dosingpump.shop\/de\/\",\"name\":\"Dosing Pump Shop B.V.\",\"description\":\"\",\"publisher\":{\"@id\":\"https:\/\/dosingpump.shop\/de\/#organization\"},\"potentialAction\":[{\"@type\":\"SearchAction\",\"target\":{\"@type\":\"EntryPoint\",\"urlTemplate\":\"https:\/\/dosingpump.shop\/de\/?s={search_term_string}\"},\"query-input\":{\"@type\":\"PropertyValueSpecification\",\"valueRequired\":true,\"valueName\":\"search_term_string\"}}],\"inLanguage\":\"sv-SE\"},{\"@type\":\"Organization\",\"@id\":\"https:\/\/dosingpump.shop\/de\/#organization\",\"name\":\"Dosing Pump Shop B.V.\",\"url\":\"https:\/\/dosingpump.shop\/de\/\",\"logo\":{\"@type\":\"ImageObject\",\"inLanguage\":\"sv-SE\",\"@id\":\"https:\/\/dosingpump.shop\/de\/#\/schema\/logo\/image\/\",\"url\":\"https:\/\/dosingpump.shop\/wp-content\/uploads\/2024\/10\/Dosing-Pump-Shop-logo.png\",\"contentUrl\":\"https:\/\/dosingpump.shop\/wp-content\/uploads\/2024\/10\/Dosing-Pump-Shop-logo.png\",\"width\":350,\"height\":45,\"caption\":\"Dosing Pump Shop B.V.\"},\"image\":{\"@id\":\"https:\/\/dosingpump.shop\/de\/#\/schema\/logo\/image\/\"},\"sameAs\":[\"https:\/\/linkedin.com\/company\/dosing-pump-shop\"]}]}<\/script>\n<meta property=\"product:price:amount\" content=\"459.00\" \/>\n<meta property=\"product:price:currency\" content=\"EUR\" \/>\n<meta property=\"og:availability\" content=\"instock\" \/>\n<meta property=\"product:availability\" content=\"instock\" \/>\n<meta property=\"product:retailer_item_id\" content=\"Natriumcyanide\" \/>\n<meta property=\"product:condition\" content=\"new\" \/>\n<!-- \/ Yoast SEO plugin. -->","yoast_head_json":{"title":"Doseringspump f\u00f6r natriumcyanid | Dosing Pump Shop B.V.","description":"Noggrann och tillf\u00f6rlitlig doseringspump f\u00f6r natriumcyanid f\u00f6r olika industriella till\u00e4mpningar. Enkel installation och underh\u00e5ll.","robots":{"index":"index","follow":"follow","max-snippet":"max-snippet:-1","max-image-preview":"max-image-preview:large","max-video-preview":"max-video-preview:-1"},"canonical":"https:\/\/dosingpump.shop\/se\/produkt\/doseringspump-for-natriumcyanid\/","og_locale":"sv_SE","og_type":"article","og_title":"Doseerpomp voor Natriumcyanide | Dosing Pump Shop B.V.","og_description":"Nauwkeurige en betrouwbare Doseerpomp voor Natriumcyanide voor diverse industri\u00eble toepassingen. Eenvoudige installatie en onderhoud.","og_url":"https:\/\/dosingpump.shop\/se\/produkt\/doseringspump-for-natriumcyanid\/","og_site_name":"Dosing Pump Shop B.V.","article_modified_time":"2026-02-27T12:49:51+00:00","og_image":[{"width":498,"height":501,"url":"https:\/\/dosingpump.shop\/wp-content\/uploads\/2024\/12\/EMEC-K-SERIE-ANALOG-dosing-pump.webp","type":"image\/webp"}],"twitter_card":"summary_large_image","twitter_misc":{"Pris":"&euro;459,00","Tillg\u00e4nglig":"I lager"},"schema":{"@context":"https:\/\/schema.org","@graph":[{"@type":"WebPage","@id":"https:\/\/dosingpump.shop\/es\/producto\/bomba-dosificadora-de-cianuro-sodico\/","url":"https:\/\/dosingpump.shop\/es\/producto\/bomba-dosificadora-de-cianuro-sodico\/","name":"Doseringspump f\u00f6r natriumcyanid | Dosing Pump Shop B.V.","isPartOf":{"@id":"https:\/\/dosingpump.shop\/de\/#website"},"primaryImageOfPage":{"@id":"https:\/\/dosingpump.shop\/es\/producto\/bomba-dosificadora-de-cianuro-sodico\/#primaryimage"},"image":{"@id":"https:\/\/dosingpump.shop\/es\/producto\/bomba-dosificadora-de-cianuro-sodico\/#primaryimage"},"thumbnailUrl":"https:\/\/dosingpump.shop\/wp-content\/uploads\/2024\/12\/EMEC-K-SERIE-ANALOG-dosing-pump.webp","datePublished":"2024-12-05T12:23:55+00:00","dateModified":"2026-02-27T12:49:51+00:00","description":"Noggrann och tillf\u00f6rlitlig doseringspump f\u00f6r natriumcyanid f\u00f6r olika industriella till\u00e4mpningar. Enkel installation och underh\u00e5ll.","breadcrumb":{"@id":"https:\/\/dosingpump.shop\/es\/producto\/bomba-dosificadora-de-cianuro-sodico\/#breadcrumb"},"inLanguage":"sv-SE","potentialAction":[{"@type":"ReadAction","target":["https:\/\/dosingpump.shop\/es\/producto\/bomba-dosificadora-de-cianuro-sodico\/"]}]},{"@type":"ImageObject","inLanguage":"sv-SE","@id":"https:\/\/dosingpump.shop\/es\/producto\/bomba-dosificadora-de-cianuro-sodico\/#primaryimage","url":"https:\/\/dosingpump.shop\/wp-content\/uploads\/2024\/12\/EMEC-K-SERIE-ANALOG-dosing-pump.webp","contentUrl":"https:\/\/dosingpump.shop\/wp-content\/uploads\/2024\/12\/EMEC-K-SERIE-ANALOG-dosing-pump.webp","width":498,"height":501},{"@type":"BreadcrumbList","@id":"https:\/\/dosingpump.shop\/es\/producto\/bomba-dosificadora-de-cianuro-sodico\/#breadcrumb","itemListElement":[{"@type":"ListItem","position":1,"name":"Home","item":"https:\/\/dosingpump.shop\/"},{"@type":"ListItem","position":2,"name":"Shop","item":"https:\/\/dosingpump.shop\/de\/shop\/"},{"@type":"ListItem","position":3,"name":"Doseerpomp voor Natriumcyanide"}]},{"@type":"WebSite","@id":"https:\/\/dosingpump.shop\/de\/#website","url":"https:\/\/dosingpump.shop\/de\/","name":"Dosing Pump Shop B.V.","description":"","publisher":{"@id":"https:\/\/dosingpump.shop\/de\/#organization"},"potentialAction":[{"@type":"SearchAction","target":{"@type":"EntryPoint","urlTemplate":"https:\/\/dosingpump.shop\/de\/?s={search_term_string}"},"query-input":{"@type":"PropertyValueSpecification","valueRequired":true,"valueName":"search_term_string"}}],"inLanguage":"sv-SE"},{"@type":"Organization","@id":"https:\/\/dosingpump.shop\/de\/#organization","name":"Dosing Pump Shop B.V.","url":"https:\/\/dosingpump.shop\/de\/","logo":{"@type":"ImageObject","inLanguage":"sv-SE","@id":"https:\/\/dosingpump.shop\/de\/#\/schema\/logo\/image\/","url":"https:\/\/dosingpump.shop\/wp-content\/uploads\/2024\/10\/Dosing-Pump-Shop-logo.png","contentUrl":"https:\/\/dosingpump.shop\/wp-content\/uploads\/2024\/10\/Dosing-Pump-Shop-logo.png","width":350,"height":45,"caption":"Dosing Pump Shop B.V."},"image":{"@id":"https:\/\/dosingpump.shop\/de\/#\/schema\/logo\/image\/"},"sameAs":["https:\/\/linkedin.com\/company\/dosing-pump-shop"]}]},"product_price_amount":"459.00","product_price_currency":"EUR","og_availability":"instock","product_availability":"instock","product_retailer_item_id":"Natriumcyanide","product_condition":"new"},"_links":{"self":[{"href":"https:\/\/dosingpump.shop\/se\/wp-json\/wp\/v2\/product\/4883","targetHints":{"allow":["GET"]}}],"collection":[{"href":"https:\/\/dosingpump.shop\/se\/wp-json\/wp\/v2\/product"}],"about":[{"href":"https:\/\/dosingpump.shop\/se\/wp-json\/wp\/v2\/types\/product"}],"wp:featuredmedia":[{"embeddable":true,"href":"https:\/\/dosingpump.shop\/se\/wp-json\/wp\/v2\/media\/4072"}],"wp:attachment":[{"href":"https:\/\/dosingpump.shop\/se\/wp-json\/wp\/v2\/media?parent=4883"}],"wp:term":[{"taxonomy":"product_brand","embeddable":true,"href":"https:\/\/dosingpump.shop\/se\/wp-json\/wp\/v2\/product_brand?post=4883"},{"taxonomy":"product_cat","embeddable":true,"href":"https:\/\/dosingpump.shop\/se\/wp-json\/wp\/v2\/product_cat?post=4883"},{"taxonomy":"product_tag","embeddable":true,"href":"https:\/\/dosingpump.shop\/se\/wp-json\/wp\/v2\/product_tag?post=4883"}],"curies":[{"name":"wp","href":"https:\/\/api.w.org\/{rel}","templated":true}]}}