{"id":6355,"date":"2025-01-22T14:19:40","date_gmt":"2025-01-22T14:19:40","guid":{"rendered":"https:\/\/dosingpump.shop\/product\/watermeter-catcit-20-3-4-4i-l\/"},"modified":"2026-02-27T14:50:17","modified_gmt":"2026-02-27T12:50:17","slug":"vattenmatare-catcit-20-3-4-4i-l","status":"publish","type":"product","link":"https:\/\/dosingpump.shop\/se\/product\/watermeter-catcit-20-3-4-4i-l\/","title":{"rendered":"Vattenm\u00e4tare CATCIT-20 3\/4\u2033 4i\/L"},"content":{"rendered":"<h3>Emec CATCIT | Pulsvattenm\u00e4tare f\u00f6r korrosiva v\u00e4tskor vid h\u00f6ga temperaturer<\/h3>\n<p>Emec CATCIT \u00e4r en noggrann vattenm\u00e4tare med pulsgenerator, avsedd f\u00f6r korrosiva v\u00e4tskor vid h\u00f6ga temperaturer. M\u00e4taren genererar pulser per liter, vilket g\u00f6r att doseringspumparna kan dosera exakt. Detta g\u00f6r det m\u00f6jligt att skapa en 1%-l\u00f6sning eller st\u00e4lla in doser p\u00e5 ppm-niv\u00e5. Dessutom regleras doseringspumpen automatiskt vid f\u00f6r\u00e4ndringar i vattenfl\u00f6det, s\u00e5 att doseringen alltid f\u00f6rblir konsekvent.<\/p>\n<p>Vattenm\u00e4taren har en torr urtavla, perfekt f\u00f6r v\u00e4tskor med smutspartiklar. F\u00f6r rent dricksvatten \u00e4r en v\u00e5t urtavla ett bra val. Tack vare den inv\u00e4ndiga och utv\u00e4ndiga PTFE-bel\u00e4ggningen har Emec CATCIT utm\u00e4rkt korrosionsbest\u00e4ndighet.<\/p>\n<h4>Vilka versioner av anslutningar finns tillg\u00e4ngliga?<\/h4>\n<p>Emec CATCIT finns i olika versioner och med olika anslutningar. Det g\u00f6r det enkelt att v\u00e4lja en modell som passar just ditt system.<\/p>\n<ul>\n<li><strong>CATCIT 15<\/strong>: 15 mm anslutning (1\/2 tum)<\/li>\n<li><strong>CATCIT 20<\/strong>: 20 mm anslutning (3\/4 tum)<\/li>\n<li><strong>CATCIT 25<\/strong>: 25 mm anslutning (1 tum)<\/li>\n<li><strong>CATCIT 30<\/strong>: 30 mm anslutning (1,1\/4 tum)<\/li>\n<li><strong>CATCIT 40<\/strong>: 40 mm anslutning (1,1\/2 tum)<\/li>\n<li><strong>CATCIT 50<\/strong>: 50 mm anslutning (2 tum)<\/li>\n<\/ul>\n<h4>Viktigt att veta<\/h4>\n<p>F\u00f6r korrekt drift ska du anv\u00e4nda en doseringspump med MF-konfiguration (Multifunction). \u00c4r du os\u00e4ker p\u00e5 vilken konfiguration som \u00e4r r\u00e4tt? Kontakta oss g\u00e4rna i s\u00e5 fall. V\u00e5rt team \u00e4r redo att ge dig r\u00e5d.<\/p>","protected":false},"excerpt":{"rendered":"<ul>\n<li>Speciellt f\u00f6r anv\u00e4ndning med varmt\/hett vatten.<\/li>\n<li>PFTE-bel\u00e4ggning f\u00f6r anv\u00e4ndning med korrosiva v\u00e4tskor.<\/li>\n<li>Pulsgenerator med torr urtavla.<\/li>\n<li>Levereras med 2,5 meter l\u00e5ng kabel.<\/li>\n<\/ul>\n<p><em>Priset g\u00e4ller f\u00f6r f\u00f6ljande modell: CATCIT 15. F\u00f6r andra modeller tillkommer en extra kostnad, v\u00e4nligen be om en offert.<\/em><\/p>","protected":false},"featured_media":5885,"template":"","meta":[],"product_brand":[],"product_cat":[34,40],"product_tag":[],"class_list":{"0":"post-6355","1":"product","2":"type-product","3":"status-publish","4":"has-post-thumbnail","6":"product_cat-accessoires","7":"product_cat-watermeter-met-pulsgever","9":"first","10":"instock","11":"taxable","12":"shipping-taxable","13":"purchasable","14":"product-type-simple"},"yoast_head":"<!-- This site is optimized with the Yoast SEO plugin v27.2 - https:\/\/yoast.com\/product\/yoast-seo-wordpress\/ -->\n<title>Watermeter CATCIT-20 3\/4&quot; 4i\/L | Dosing Pump Shop B.V.<\/title>\n<meta name=\"robots\" content=\"index, follow, max-snippet:-1, max-image-preview:large, max-video-preview:-1\" \/>\n<link rel=\"canonical\" href=\"https:\/\/dosingpump.shop\/se\/produkt\/vattenmatare-catcit-20-3-4-4i-l\/\" \/>\n<meta property=\"og:locale\" content=\"sv_SE\" \/>\n<meta property=\"og:type\" content=\"article\" \/>\n<meta property=\"og:title\" content=\"Watermeter CATCIT-20 3\/4&quot; 4i\/L | Dosing Pump Shop B.V.\" \/>\n<meta property=\"og:description\" content=\"Speciaal voor gebruik met warm\/heet water.  PFTE coating voor gebruik met corrosieve vloeistoffen.  Pulsgever met droge wijzerplaat.  Geleverd met 2,5 meter kabel.  Prijs geldt voor het volgende model: CATCIT 15. Voor andere modellen geldt een meerprijs, vraag daarvoor een offerte op.\" \/>\n<meta property=\"og:url\" content=\"https:\/\/dosingpump.shop\/se\/produkt\/vattenmatare-catcit-20-3-4-4i-l\/\" \/>\n<meta property=\"og:site_name\" content=\"Dosing Pump Shop B.V.\" \/>\n<meta property=\"article:modified_time\" content=\"2026-02-27T12:50:17+00:00\" \/>\n<meta property=\"og:image\" content=\"https:\/\/dosingpump.shop\/wp-content\/uploads\/2024\/12\/Emec-CatCit.png\" \/>\n\t<meta property=\"og:image:width\" content=\"500\" \/>\n\t<meta property=\"og:image:height\" content=\"500\" \/>\n\t<meta property=\"og:image:type\" content=\"image\/png\" \/>\n<meta name=\"twitter:card\" content=\"summary_large_image\" \/>\n<meta name=\"twitter:label1\" content=\"Pris\" \/>\n\t<meta name=\"twitter:data1\" content=\"&euro;310,00\" \/>\n\t<meta name=\"twitter:label2\" content=\"Tillg\u00e4nglig\" \/>\n\t<meta name=\"twitter:data2\" content=\"I lager\" \/>\n<script type=\"application\/ld+json\" class=\"yoast-schema-graph\">{\"@context\":\"https:\/\/schema.org\",\"@graph\":[{\"@type\":\"WebPage\",\"@id\":\"https:\/\/dosingpump.shop\/fr\/produit\/compteur-deau-catcit-20-3-4-4i-l\/\",\"url\":\"https:\/\/dosingpump.shop\/fr\/produit\/compteur-deau-catcit-20-3-4-4i-l\/\",\"name\":\"Watermeter CATCIT-20 3\/4\\\" 4i\/L | Dosing Pump Shop B.V.\",\"isPartOf\":{\"@id\":\"https:\/\/dosingpump.shop\/de\/#website\"},\"primaryImageOfPage\":{\"@id\":\"https:\/\/dosingpump.shop\/fr\/produit\/compteur-deau-catcit-20-3-4-4i-l\/#primaryimage\"},\"image\":{\"@id\":\"https:\/\/dosingpump.shop\/fr\/produit\/compteur-deau-catcit-20-3-4-4i-l\/#primaryimage\"},\"thumbnailUrl\":\"https:\/\/dosingpump.shop\/wp-content\/uploads\/2024\/12\/Emec-CatCit.png\",\"datePublished\":\"2025-01-22T14:19:40+00:00\",\"dateModified\":\"2026-02-27T12:50:17+00:00\",\"breadcrumb\":{\"@id\":\"https:\/\/dosingpump.shop\/fr\/produit\/compteur-deau-catcit-20-3-4-4i-l\/#breadcrumb\"},\"inLanguage\":\"sv-SE\",\"potentialAction\":[{\"@type\":\"ReadAction\",\"target\":[\"https:\/\/dosingpump.shop\/fr\/produit\/compteur-deau-catcit-20-3-4-4i-l\/\"]}]},{\"@type\":\"ImageObject\",\"inLanguage\":\"sv-SE\",\"@id\":\"https:\/\/dosingpump.shop\/fr\/produit\/compteur-deau-catcit-20-3-4-4i-l\/#primaryimage\",\"url\":\"https:\/\/dosingpump.shop\/wp-content\/uploads\/2024\/12\/Emec-CatCit.png\",\"contentUrl\":\"https:\/\/dosingpump.shop\/wp-content\/uploads\/2024\/12\/Emec-CatCit.png\",\"width\":500,\"height\":500,\"caption\":\"Emec CatCit\"},{\"@type\":\"BreadcrumbList\",\"@id\":\"https:\/\/dosingpump.shop\/fr\/produit\/compteur-deau-catcit-20-3-4-4i-l\/#breadcrumb\",\"itemListElement\":[{\"@type\":\"ListItem\",\"position\":1,\"name\":\"Home\",\"item\":\"https:\/\/dosingpump.shop\/\"},{\"@type\":\"ListItem\",\"position\":2,\"name\":\"Shop\",\"item\":\"https:\/\/dosingpump.shop\/de\/shop\/\"},{\"@type\":\"ListItem\",\"position\":3,\"name\":\"Watermeter CATCIT-20 3\/4&#8243; 4i\/L\"}]},{\"@type\":\"WebSite\",\"@id\":\"https:\/\/dosingpump.shop\/de\/#website\",\"url\":\"https:\/\/dosingpump.shop\/de\/\",\"name\":\"Dosing Pump Shop B.V.\",\"description\":\"\",\"publisher\":{\"@id\":\"https:\/\/dosingpump.shop\/de\/#organization\"},\"potentialAction\":[{\"@type\":\"SearchAction\",\"target\":{\"@type\":\"EntryPoint\",\"urlTemplate\":\"https:\/\/dosingpump.shop\/de\/?s={search_term_string}\"},\"query-input\":{\"@type\":\"PropertyValueSpecification\",\"valueRequired\":true,\"valueName\":\"search_term_string\"}}],\"inLanguage\":\"sv-SE\"},{\"@type\":\"Organization\",\"@id\":\"https:\/\/dosingpump.shop\/de\/#organization\",\"name\":\"Dosing Pump Shop B.V.\",\"url\":\"https:\/\/dosingpump.shop\/de\/\",\"logo\":{\"@type\":\"ImageObject\",\"inLanguage\":\"sv-SE\",\"@id\":\"https:\/\/dosingpump.shop\/de\/#\/schema\/logo\/image\/\",\"url\":\"https:\/\/dosingpump.shop\/wp-content\/uploads\/2024\/10\/Dosing-Pump-Shop-logo.png\",\"contentUrl\":\"https:\/\/dosingpump.shop\/wp-content\/uploads\/2024\/10\/Dosing-Pump-Shop-logo.png\",\"width\":350,\"height\":45,\"caption\":\"Dosing Pump Shop B.V.\"},\"image\":{\"@id\":\"https:\/\/dosingpump.shop\/de\/#\/schema\/logo\/image\/\"},\"sameAs\":[\"https:\/\/linkedin.com\/company\/dosing-pump-shop\"]}]}<\/script>\n<meta property=\"product:price:amount\" content=\"310.00\" \/>\n<meta property=\"product:price:currency\" content=\"EUR\" \/>\n<meta property=\"og:availability\" content=\"instock\" \/>\n<meta property=\"product:availability\" content=\"instock\" \/>\n<meta property=\"product:retailer_item_id\" content=\"CATCT020004L02,5000X\" \/>\n<meta property=\"product:condition\" content=\"new\" \/>\n<!-- \/ Yoast SEO plugin. -->","yoast_head_json":{"title":"Vattenm\u00e4tare CATCIT-20 3\/4\" 4i\/L | Dosing Pump Shop B.V.","robots":{"index":"index","follow":"follow","max-snippet":"max-snippet:-1","max-image-preview":"max-image-preview:large","max-video-preview":"max-video-preview:-1"},"canonical":"https:\/\/dosingpump.shop\/se\/produkt\/vattenmatare-catcit-20-3-4-4i-l\/","og_locale":"sv_SE","og_type":"article","og_title":"Watermeter CATCIT-20 3\/4\" 4i\/L | Dosing Pump Shop B.V.","og_description":"Speciaal voor gebruik met warm\/heet water.  PFTE coating voor gebruik met corrosieve vloeistoffen.  Pulsgever met droge wijzerplaat.  Geleverd met 2,5 meter kabel.  Prijs geldt voor het volgende model: CATCIT 15. Voor andere modellen geldt een meerprijs, vraag daarvoor een offerte op.","og_url":"https:\/\/dosingpump.shop\/se\/produkt\/vattenmatare-catcit-20-3-4-4i-l\/","og_site_name":"Dosing Pump Shop B.V.","article_modified_time":"2026-02-27T12:50:17+00:00","og_image":[{"width":500,"height":500,"url":"https:\/\/dosingpump.shop\/wp-content\/uploads\/2024\/12\/Emec-CatCit.png","type":"image\/png"}],"twitter_card":"summary_large_image","twitter_misc":{"Pris":"&euro;310,00","Tillg\u00e4nglig":"I lager"},"schema":{"@context":"https:\/\/schema.org","@graph":[{"@type":"WebPage","@id":"https:\/\/dosingpump.shop\/fr\/produit\/compteur-deau-catcit-20-3-4-4i-l\/","url":"https:\/\/dosingpump.shop\/fr\/produit\/compteur-deau-catcit-20-3-4-4i-l\/","name":"Vattenm\u00e4tare CATCIT-20 3\/4\" 4i\/L | Dosing Pump Shop B.V.","isPartOf":{"@id":"https:\/\/dosingpump.shop\/de\/#website"},"primaryImageOfPage":{"@id":"https:\/\/dosingpump.shop\/fr\/produit\/compteur-deau-catcit-20-3-4-4i-l\/#primaryimage"},"image":{"@id":"https:\/\/dosingpump.shop\/fr\/produit\/compteur-deau-catcit-20-3-4-4i-l\/#primaryimage"},"thumbnailUrl":"https:\/\/dosingpump.shop\/wp-content\/uploads\/2024\/12\/Emec-CatCit.png","datePublished":"2025-01-22T14:19:40+00:00","dateModified":"2026-02-27T12:50:17+00:00","breadcrumb":{"@id":"https:\/\/dosingpump.shop\/fr\/produit\/compteur-deau-catcit-20-3-4-4i-l\/#breadcrumb"},"inLanguage":"sv-SE","potentialAction":[{"@type":"ReadAction","target":["https:\/\/dosingpump.shop\/fr\/produit\/compteur-deau-catcit-20-3-4-4i-l\/"]}]},{"@type":"ImageObject","inLanguage":"sv-SE","@id":"https:\/\/dosingpump.shop\/fr\/produit\/compteur-deau-catcit-20-3-4-4i-l\/#primaryimage","url":"https:\/\/dosingpump.shop\/wp-content\/uploads\/2024\/12\/Emec-CatCit.png","contentUrl":"https:\/\/dosingpump.shop\/wp-content\/uploads\/2024\/12\/Emec-CatCit.png","width":500,"height":500,"caption":"Emec CatCit"},{"@type":"BreadcrumbList","@id":"https:\/\/dosingpump.shop\/fr\/produit\/compteur-deau-catcit-20-3-4-4i-l\/#breadcrumb","itemListElement":[{"@type":"ListItem","position":1,"name":"Home","item":"https:\/\/dosingpump.shop\/"},{"@type":"ListItem","position":2,"name":"Shop","item":"https:\/\/dosingpump.shop\/de\/shop\/"},{"@type":"ListItem","position":3,"name":"Watermeter CATCIT-20 3\/4&#8243; 4i\/L"}]},{"@type":"WebSite","@id":"https:\/\/dosingpump.shop\/de\/#website","url":"https:\/\/dosingpump.shop\/de\/","name":"Dosing Pump Shop B.V.","description":"","publisher":{"@id":"https:\/\/dosingpump.shop\/de\/#organization"},"potentialAction":[{"@type":"SearchAction","target":{"@type":"EntryPoint","urlTemplate":"https:\/\/dosingpump.shop\/de\/?s={search_term_string}"},"query-input":{"@type":"PropertyValueSpecification","valueRequired":true,"valueName":"search_term_string"}}],"inLanguage":"sv-SE"},{"@type":"Organization","@id":"https:\/\/dosingpump.shop\/de\/#organization","name":"Dosing Pump Shop B.V.","url":"https:\/\/dosingpump.shop\/de\/","logo":{"@type":"ImageObject","inLanguage":"sv-SE","@id":"https:\/\/dosingpump.shop\/de\/#\/schema\/logo\/image\/","url":"https:\/\/dosingpump.shop\/wp-content\/uploads\/2024\/10\/Dosing-Pump-Shop-logo.png","contentUrl":"https:\/\/dosingpump.shop\/wp-content\/uploads\/2024\/10\/Dosing-Pump-Shop-logo.png","width":350,"height":45,"caption":"Dosing Pump Shop B.V."},"image":{"@id":"https:\/\/dosingpump.shop\/de\/#\/schema\/logo\/image\/"},"sameAs":["https:\/\/linkedin.com\/company\/dosing-pump-shop"]}]},"product_price_amount":"310.00","product_price_currency":"EUR","og_availability":"instock","product_availability":"instock","product_retailer_item_id":"CATCT020004L02,5000X","product_condition":"new"},"_links":{"self":[{"href":"https:\/\/dosingpump.shop\/se\/wp-json\/wp\/v2\/product\/6355","targetHints":{"allow":["GET"]}}],"collection":[{"href":"https:\/\/dosingpump.shop\/se\/wp-json\/wp\/v2\/product"}],"about":[{"href":"https:\/\/dosingpump.shop\/se\/wp-json\/wp\/v2\/types\/product"}],"wp:featuredmedia":[{"embeddable":true,"href":"https:\/\/dosingpump.shop\/se\/wp-json\/wp\/v2\/media\/5885"}],"wp:attachment":[{"href":"https:\/\/dosingpump.shop\/se\/wp-json\/wp\/v2\/media?parent=6355"}],"wp:term":[{"taxonomy":"product_brand","embeddable":true,"href":"https:\/\/dosingpump.shop\/se\/wp-json\/wp\/v2\/product_brand?post=6355"},{"taxonomy":"product_cat","embeddable":true,"href":"https:\/\/dosingpump.shop\/se\/wp-json\/wp\/v2\/product_cat?post=6355"},{"taxonomy":"product_tag","embeddable":true,"href":"https:\/\/dosingpump.shop\/se\/wp-json\/wp\/v2\/product_tag?post=6355"}],"curies":[{"name":"wp","href":"https:\/\/api.w.org\/{rel}","templated":true}]}}