{"id":7271,"date":"2025-06-05T13:27:12","date_gmt":"2025-06-05T11:27:12","guid":{"rendered":"https:\/\/dosingpump.shop\/product\/slang-4x6-pe-25-meter\/"},"modified":"2026-02-27T14:50:29","modified_gmt":"2026-02-27T12:50:29","slug":"slang-4x6-pe-25-meter","status":"publish","type":"product","link":"https:\/\/dosingpump.shop\/se\/product\/slang-4x6-pe-25-meter\/","title":{"rendered":"Slang - 4\u00d76 - PE - 25 meter"},"content":{"rendered":"<p>Emecs 4\u00d76 mm doseringsslang \u00e4r tillverkad av h\u00f6gkvalitativ polyeten (PE) och \u00e4r en viktig komponent f\u00f6r olika doseringsapplikationer. Slangen \u00e4r 25 meter l\u00e5ng och erbjuder en tillf\u00f6rlitlig och h\u00e5llbar l\u00f6sning f\u00f6r transport av kemikalier i doseringssystemet. Tack vare anv\u00e4ndningen av polyeten (PE) har slangen god kemisk best\u00e4ndighet mot en m\u00e4ngd olika v\u00e4tskor. Med en innerdiameter p\u00e5 4 mm och en ytterdiameter p\u00e5 6 mm \u00e4r slangen l\u00e4mplig f\u00f6r system som kr\u00e4ver dessa specifika dimensioner. L\u00e4ngden p\u00e5 25 meter ger maximal installationsflexibilitet och kan enkelt kapas till r\u00e4tt storlek vid behov. Den \u00e4r idealisk f\u00f6r anv\u00e4ndning med Emecs doseringspumpar och andra doseringssystem d\u00e4r det kr\u00e4vs en tillf\u00f6rlitlig och kemiskt resistent slang. Polyeten (PE) \u00e4r k\u00e4nd f\u00f6r sin breda kemiska kompatibilitet; f\u00f6r specifika kemikalier \u00e4r det b\u00e4st att konsultera listan \u00f6ver kemisk kompatibilitet f\u00f6r att s\u00e4kerst\u00e4lla att PE \u00e4r l\u00e4mpligt f\u00f6r din applikation. Den h\u00e4r slangen \u00e4r ett kostnadseffektivt och tillf\u00f6rlitligt val f\u00f6r dina dispenseringsbehov, med den kvalitet du kan f\u00f6rv\u00e4nta dig av Emec.<\/p>","protected":false},"excerpt":{"rendered":"<ul>\n<li>Emec PE-slang av h\u00f6g kvalitet<\/li>\n<li>En genomstr\u00f6mning p\u00e5 4\u00d76<\/li>\n<li>L\u00e4ngd 25 meter<\/li>\n<\/ul>\n<p><em><strong>Finns i flera versioner<\/strong><\/em><\/p>","protected":false},"featured_media":7305,"template":"","meta":[],"product_brand":[],"product_cat":[34,280],"product_tag":[],"class_list":{"0":"post-7271","1":"product","2":"type-product","3":"status-publish","4":"has-post-thumbnail","6":"product_cat-accessoires","7":"product_cat-slangen","9":"first","10":"instock","11":"taxable","12":"shipping-taxable","13":"purchasable","14":"product-type-simple"},"yoast_head":"<!-- This site is optimized with the Yoast SEO plugin v27.2 - https:\/\/yoast.com\/product\/yoast-seo-wordpress\/ -->\n<title>Slang - 4x6 - PE - 25 Meter - Dosing Pump Shop B.V.<\/title>\n<meta name=\"robots\" content=\"index, follow, max-snippet:-1, max-image-preview:large, max-video-preview:-1\" \/>\n<link rel=\"canonical\" href=\"https:\/\/dosingpump.shop\/se\/produkt\/slang-4x6-pe-25-meter\/\" \/>\n<meta property=\"og:locale\" content=\"sv_SE\" \/>\n<meta property=\"og:type\" content=\"article\" \/>\n<meta property=\"og:title\" content=\"Slang - 4x6 - PE - 25 Meter - Dosing Pump Shop B.V.\" \/>\n<meta property=\"og:description\" content=\"Emec hoogwaardige PE Slang  Een doorvoer van 4x6  Lengte van 25 Meter  Beschikbaar in meerdere uitvoeringen\" \/>\n<meta property=\"og:url\" content=\"https:\/\/dosingpump.shop\/se\/produkt\/slang-4x6-pe-25-meter\/\" \/>\n<meta property=\"og:site_name\" content=\"Dosing Pump Shop B.V.\" \/>\n<meta property=\"article:modified_time\" content=\"2026-02-27T12:50:29+00:00\" \/>\n<meta property=\"og:image\" content=\"https:\/\/dosingpump.shop\/wp-content\/uploads\/2025\/06\/Emec-Slang-PE.png\" \/>\n\t<meta property=\"og:image:width\" content=\"500\" \/>\n\t<meta property=\"og:image:height\" content=\"500\" \/>\n\t<meta property=\"og:image:type\" content=\"image\/png\" \/>\n<meta name=\"twitter:card\" content=\"summary_large_image\" \/>\n<meta name=\"twitter:label1\" content=\"Pris\" \/>\n\t<meta name=\"twitter:data1\" content=\"&euro;32,00\" \/>\n\t<meta name=\"twitter:label2\" content=\"Tillg\u00e4nglig\" \/>\n\t<meta name=\"twitter:data2\" content=\"I lager\" \/>\n<script type=\"application\/ld+json\" class=\"yoast-schema-graph\">{\"@context\":\"https:\/\/schema.org\",\"@graph\":[{\"@type\":\"WebPage\",\"@id\":\"https:\/\/dosingpump.shop\/ee\/toode-2\/voolik-4x6-pe-25-meetrit\/\",\"url\":\"https:\/\/dosingpump.shop\/ee\/toode-2\/voolik-4x6-pe-25-meetrit\/\",\"name\":\"Slang - 4x6 - PE - 25 Meter - Dosing Pump Shop B.V.\",\"isPartOf\":{\"@id\":\"https:\/\/dosingpump.shop\/de\/#website\"},\"primaryImageOfPage\":{\"@id\":\"https:\/\/dosingpump.shop\/ee\/toode-2\/voolik-4x6-pe-25-meetrit\/#primaryimage\"},\"image\":{\"@id\":\"https:\/\/dosingpump.shop\/ee\/toode-2\/voolik-4x6-pe-25-meetrit\/#primaryimage\"},\"thumbnailUrl\":\"https:\/\/dosingpump.shop\/wp-content\/uploads\/2025\/06\/Emec-Slang-PE.png\",\"datePublished\":\"2025-06-05T11:27:12+00:00\",\"dateModified\":\"2026-02-27T12:50:29+00:00\",\"breadcrumb\":{\"@id\":\"https:\/\/dosingpump.shop\/ee\/toode-2\/voolik-4x6-pe-25-meetrit\/#breadcrumb\"},\"inLanguage\":\"sv-SE\",\"potentialAction\":[{\"@type\":\"ReadAction\",\"target\":[\"https:\/\/dosingpump.shop\/ee\/toode-2\/voolik-4x6-pe-25-meetrit\/\"]}]},{\"@type\":\"ImageObject\",\"inLanguage\":\"sv-SE\",\"@id\":\"https:\/\/dosingpump.shop\/ee\/toode-2\/voolik-4x6-pe-25-meetrit\/#primaryimage\",\"url\":\"https:\/\/dosingpump.shop\/wp-content\/uploads\/2025\/06\/Emec-Slang-PE.png\",\"contentUrl\":\"https:\/\/dosingpump.shop\/wp-content\/uploads\/2025\/06\/Emec-Slang-PE.png\",\"width\":500,\"height\":500},{\"@type\":\"BreadcrumbList\",\"@id\":\"https:\/\/dosingpump.shop\/ee\/toode-2\/voolik-4x6-pe-25-meetrit\/#breadcrumb\",\"itemListElement\":[{\"@type\":\"ListItem\",\"position\":1,\"name\":\"Home\",\"item\":\"https:\/\/dosingpump.shop\/\"},{\"@type\":\"ListItem\",\"position\":2,\"name\":\"Shop\",\"item\":\"https:\/\/dosingpump.shop\/de\/shop\/\"},{\"@type\":\"ListItem\",\"position\":3,\"name\":\"Slang &#8211; 4&#215;6 &#8211; PE &#8211; 25 Meter\"}]},{\"@type\":\"WebSite\",\"@id\":\"https:\/\/dosingpump.shop\/de\/#website\",\"url\":\"https:\/\/dosingpump.shop\/de\/\",\"name\":\"Dosing Pump Shop B.V.\",\"description\":\"\",\"publisher\":{\"@id\":\"https:\/\/dosingpump.shop\/de\/#organization\"},\"potentialAction\":[{\"@type\":\"SearchAction\",\"target\":{\"@type\":\"EntryPoint\",\"urlTemplate\":\"https:\/\/dosingpump.shop\/de\/?s={search_term_string}\"},\"query-input\":{\"@type\":\"PropertyValueSpecification\",\"valueRequired\":true,\"valueName\":\"search_term_string\"}}],\"inLanguage\":\"sv-SE\"},{\"@type\":\"Organization\",\"@id\":\"https:\/\/dosingpump.shop\/de\/#organization\",\"name\":\"Dosing Pump Shop B.V.\",\"url\":\"https:\/\/dosingpump.shop\/de\/\",\"logo\":{\"@type\":\"ImageObject\",\"inLanguage\":\"sv-SE\",\"@id\":\"https:\/\/dosingpump.shop\/de\/#\/schema\/logo\/image\/\",\"url\":\"https:\/\/dosingpump.shop\/wp-content\/uploads\/2024\/10\/Dosing-Pump-Shop-logo.png\",\"contentUrl\":\"https:\/\/dosingpump.shop\/wp-content\/uploads\/2024\/10\/Dosing-Pump-Shop-logo.png\",\"width\":350,\"height\":45,\"caption\":\"Dosing Pump Shop B.V.\"},\"image\":{\"@id\":\"https:\/\/dosingpump.shop\/de\/#\/schema\/logo\/image\/\"},\"sameAs\":[\"https:\/\/linkedin.com\/company\/dosing-pump-shop\"]}]}<\/script>\n<meta property=\"product:price:amount\" content=\"32.00\" \/>\n<meta property=\"product:price:currency\" content=\"EUR\" \/>\n<meta property=\"og:availability\" content=\"instock\" \/>\n<meta property=\"product:availability\" content=\"instock\" \/>\n<meta property=\"product:retailer_item_id\" content=\"049.0496.0\" \/>\n<meta property=\"product:condition\" content=\"new\" \/>\n<!-- \/ Yoast SEO plugin. -->","yoast_head_json":{"title":"Slang - 4x6 - PE - 25 meter - Dosing Pump Shop B.V.","robots":{"index":"index","follow":"follow","max-snippet":"max-snippet:-1","max-image-preview":"max-image-preview:large","max-video-preview":"max-video-preview:-1"},"canonical":"https:\/\/dosingpump.shop\/se\/produkt\/slang-4x6-pe-25-meter\/","og_locale":"sv_SE","og_type":"article","og_title":"Slang - 4x6 - PE - 25 Meter - Dosing Pump Shop B.V.","og_description":"Emec hoogwaardige PE Slang  Een doorvoer van 4x6  Lengte van 25 Meter  Beschikbaar in meerdere uitvoeringen","og_url":"https:\/\/dosingpump.shop\/se\/produkt\/slang-4x6-pe-25-meter\/","og_site_name":"Dosing Pump Shop B.V.","article_modified_time":"2026-02-27T12:50:29+00:00","og_image":[{"width":500,"height":500,"url":"https:\/\/dosingpump.shop\/wp-content\/uploads\/2025\/06\/Emec-Slang-PE.png","type":"image\/png"}],"twitter_card":"summary_large_image","twitter_misc":{"Pris":"&euro;32,00","Tillg\u00e4nglig":"I lager"},"schema":{"@context":"https:\/\/schema.org","@graph":[{"@type":"WebPage","@id":"https:\/\/dosingpump.shop\/ee\/toode-2\/voolik-4x6-pe-25-meetrit\/","url":"https:\/\/dosingpump.shop\/ee\/toode-2\/voolik-4x6-pe-25-meetrit\/","name":"Slang - 4x6 - PE - 25 meter - Dosing Pump Shop B.V.","isPartOf":{"@id":"https:\/\/dosingpump.shop\/de\/#website"},"primaryImageOfPage":{"@id":"https:\/\/dosingpump.shop\/ee\/toode-2\/voolik-4x6-pe-25-meetrit\/#primaryimage"},"image":{"@id":"https:\/\/dosingpump.shop\/ee\/toode-2\/voolik-4x6-pe-25-meetrit\/#primaryimage"},"thumbnailUrl":"https:\/\/dosingpump.shop\/wp-content\/uploads\/2025\/06\/Emec-Slang-PE.png","datePublished":"2025-06-05T11:27:12+00:00","dateModified":"2026-02-27T12:50:29+00:00","breadcrumb":{"@id":"https:\/\/dosingpump.shop\/ee\/toode-2\/voolik-4x6-pe-25-meetrit\/#breadcrumb"},"inLanguage":"sv-SE","potentialAction":[{"@type":"ReadAction","target":["https:\/\/dosingpump.shop\/ee\/toode-2\/voolik-4x6-pe-25-meetrit\/"]}]},{"@type":"ImageObject","inLanguage":"sv-SE","@id":"https:\/\/dosingpump.shop\/ee\/toode-2\/voolik-4x6-pe-25-meetrit\/#primaryimage","url":"https:\/\/dosingpump.shop\/wp-content\/uploads\/2025\/06\/Emec-Slang-PE.png","contentUrl":"https:\/\/dosingpump.shop\/wp-content\/uploads\/2025\/06\/Emec-Slang-PE.png","width":500,"height":500},{"@type":"BreadcrumbList","@id":"https:\/\/dosingpump.shop\/ee\/toode-2\/voolik-4x6-pe-25-meetrit\/#breadcrumb","itemListElement":[{"@type":"ListItem","position":1,"name":"Home","item":"https:\/\/dosingpump.shop\/"},{"@type":"ListItem","position":2,"name":"Shop","item":"https:\/\/dosingpump.shop\/de\/shop\/"},{"@type":"ListItem","position":3,"name":"Slang &#8211; 4&#215;6 &#8211; PE &#8211; 25 Meter"}]},{"@type":"WebSite","@id":"https:\/\/dosingpump.shop\/de\/#website","url":"https:\/\/dosingpump.shop\/de\/","name":"Dosing Pump Shop B.V.","description":"","publisher":{"@id":"https:\/\/dosingpump.shop\/de\/#organization"},"potentialAction":[{"@type":"SearchAction","target":{"@type":"EntryPoint","urlTemplate":"https:\/\/dosingpump.shop\/de\/?s={search_term_string}"},"query-input":{"@type":"PropertyValueSpecification","valueRequired":true,"valueName":"search_term_string"}}],"inLanguage":"sv-SE"},{"@type":"Organization","@id":"https:\/\/dosingpump.shop\/de\/#organization","name":"Dosing Pump Shop B.V.","url":"https:\/\/dosingpump.shop\/de\/","logo":{"@type":"ImageObject","inLanguage":"sv-SE","@id":"https:\/\/dosingpump.shop\/de\/#\/schema\/logo\/image\/","url":"https:\/\/dosingpump.shop\/wp-content\/uploads\/2024\/10\/Dosing-Pump-Shop-logo.png","contentUrl":"https:\/\/dosingpump.shop\/wp-content\/uploads\/2024\/10\/Dosing-Pump-Shop-logo.png","width":350,"height":45,"caption":"Dosing Pump Shop B.V."},"image":{"@id":"https:\/\/dosingpump.shop\/de\/#\/schema\/logo\/image\/"},"sameAs":["https:\/\/linkedin.com\/company\/dosing-pump-shop"]}]},"product_price_amount":"32.00","product_price_currency":"EUR","og_availability":"instock","product_availability":"instock","product_retailer_item_id":"049.0496.0","product_condition":"new"},"_links":{"self":[{"href":"https:\/\/dosingpump.shop\/se\/wp-json\/wp\/v2\/product\/7271","targetHints":{"allow":["GET"]}}],"collection":[{"href":"https:\/\/dosingpump.shop\/se\/wp-json\/wp\/v2\/product"}],"about":[{"href":"https:\/\/dosingpump.shop\/se\/wp-json\/wp\/v2\/types\/product"}],"wp:featuredmedia":[{"embeddable":true,"href":"https:\/\/dosingpump.shop\/se\/wp-json\/wp\/v2\/media\/7305"}],"wp:attachment":[{"href":"https:\/\/dosingpump.shop\/se\/wp-json\/wp\/v2\/media?parent=7271"}],"wp:term":[{"taxonomy":"product_brand","embeddable":true,"href":"https:\/\/dosingpump.shop\/se\/wp-json\/wp\/v2\/product_brand?post=7271"},{"taxonomy":"product_cat","embeddable":true,"href":"https:\/\/dosingpump.shop\/se\/wp-json\/wp\/v2\/product_cat?post=7271"},{"taxonomy":"product_tag","embeddable":true,"href":"https:\/\/dosingpump.shop\/se\/wp-json\/wp\/v2\/product_tag?post=7271"}],"curies":[{"name":"wp","href":"https:\/\/api.w.org\/{rel}","templated":true}]}}