{"id":7474,"date":"2025-06-18T09:14:45","date_gmt":"2025-06-18T07:14:45","guid":{"rendered":"https:\/\/dosingpump.shop\/?post_type=product&#038;p=7474"},"modified":"2026-02-27T14:50:32","modified_gmt":"2026-02-27T12:50:32","slug":"dps-mp2-r-6l-u-1-bar","status":"publish","type":"product","link":"https:\/\/dosingpump.shop\/se\/product\/dps-mp2-r-6l-u-1-bar\/","title":{"rendered":"DPS2-R - 6 l\/h - 1 bar"},"content":{"rendered":"<p>Den peristaltiska pumpen DPS2-R \u00e4r en robust och tillf\u00f6rlitlig doseringspump som \u00e4r idealisk f\u00f6r applikationer d\u00e4r du regelbundet beh\u00f6ver dosera v\u00e4tskor, inklusive kemikalier som klor och olika syror, p\u00e5 ett exakt s\u00e4tt. Tack vare det robusta h\u00f6ljet i polypropen och frontpanelen i polykarbonat \u00e4r den h\u00e4r pumpen byggd f\u00f6r l\u00e5ng livsl\u00e4ngd. Pumpens hj\u00e4rta, den peristaltiska slangen i Santoprene, ger utm\u00e4rkt kemikaliebest\u00e4ndighet.<\/p>\n<p>Det som g\u00f6r den h\u00e4r pumpen speciell \u00e4r det stegl\u00f6st justerbara fl\u00f6det, som g\u00f6r att du kan finjustera doseringen med extrem precision. Beroende p\u00e5 den specifika versionen kan DPS2-R dosera upp till 20 liter per timme och n\u00e5 ett maximalt tryck p\u00e5 3 bar. F\u00f6r detaljerad information om de olika versionerna och deras specifikationer, se de tekniska specifikationerna.<\/p>\n<p>Du kan b\u00f6rja anv\u00e4nda DPS2-R direkt, eftersom pumpen levereras komplett med en 2 meter l\u00e5ng tryck- och sugslang, ett sugfilter och en insprutningsnippel. Det n\u00f6dv\u00e4ndiga monteringsmaterialet ing\u00e5r ocks\u00e5. Slanganslutningarna har en standardstorlek p\u00e5 4\u00d76 mm. Dessutom kan denna doseringspump enkelt integreras i en befintlig styrning genom att byta standardmatningssp\u00e4nning p\u00e5 230 volt. Pumpen \u00e4r konstruerad f\u00f6r en multivoltage matningssp\u00e4nning p\u00e5 20-260V.<\/p>\n<p>Observera att den peristaltiska pumpen DPS2-R inte \u00e4r l\u00e4mplig f\u00f6r kontinuerlig anv\u00e4ndning. \u00c4ven om den peristaltiska slangen \u00e4r mycket t\u00e5lig b\u00f6r den kontrolleras regelbundet och bytas ut vid behov. Reservslangar finns l\u00e4tt tillg\u00e4ngliga i v\u00e5r webbshop. F\u00f6r specifika applikationer finns \u00e4ven en silikonslang tillg\u00e4nglig mot en extra kostnad.<\/p>","protected":false},"excerpt":{"rendered":"<ul>\n<li>Liten men utm\u00e4rkt pump<\/li>\n<li>Maximalt fl\u00f6de p\u00e5 6 l\/h<\/li>\n<li>Maximalt tryck p\u00e5 1 bar<\/li>\n<\/ul>\n<p>Levereras med skruvar, PE- och PVC-slang, monteringsplatta, sugfilter och insprutningsventil<\/p>","protected":false},"featured_media":7470,"template":"","meta":[],"product_brand":[],"product_cat":[291],"product_tag":[],"class_list":{"0":"post-7474","1":"product","2":"type-product","3":"status-publish","4":"has-post-thumbnail","6":"product_cat-dps-slangenpompen","8":"first","9":"instock","10":"taxable","11":"shipping-taxable","12":"purchasable","13":"product-type-simple"},"yoast_head":"<!-- This site is optimized with the Yoast SEO plugin v27.2 - https:\/\/yoast.com\/product\/yoast-seo-wordpress\/ -->\n<title>DPS2-R - 6l\/u - 1 Bar - Dosing Pump Shop B.V.<\/title>\n<meta name=\"robots\" content=\"index, follow, max-snippet:-1, max-image-preview:large, max-video-preview:-1\" \/>\n<link rel=\"canonical\" href=\"https:\/\/dosingpump.shop\/se\/produkt\/dps-mp2-r-6l-u-1-bar\/\" \/>\n<meta property=\"og:locale\" content=\"sv_SE\" \/>\n<meta property=\"og:type\" content=\"article\" \/>\n<meta property=\"og:title\" content=\"DPS2-R - 6l\/u - 1 Bar - Dosing Pump Shop B.V.\" \/>\n<meta property=\"og:description\" content=\"Kleine maar uitstekend werkende pomp  Maximale flow van 6 l\/u  Maximale druk van 1 bar  Wordt geleverd met schroeven, PE en PVC slang, montageplaat, aanzuigfilter en injectieventiel\" \/>\n<meta property=\"og:url\" content=\"https:\/\/dosingpump.shop\/se\/produkt\/dps-mp2-r-6l-u-1-bar\/\" \/>\n<meta property=\"og:site_name\" content=\"Dosing Pump Shop B.V.\" \/>\n<meta property=\"article:modified_time\" content=\"2026-02-27T12:50:32+00:00\" \/>\n<meta property=\"og:image\" content=\"https:\/\/dosingpump.shop\/wp-content\/uploads\/2025\/06\/Microdos-Pomp.png\" \/>\n\t<meta property=\"og:image:width\" content=\"500\" \/>\n\t<meta property=\"og:image:height\" content=\"500\" \/>\n\t<meta property=\"og:image:type\" content=\"image\/png\" \/>\n<meta name=\"twitter:card\" content=\"summary_large_image\" \/>\n<meta name=\"twitter:label1\" content=\"Pris\" \/>\n\t<meta name=\"twitter:data1\" content=\"&euro;169,00\" \/>\n\t<meta name=\"twitter:label2\" content=\"Tillg\u00e4nglig\" \/>\n\t<meta name=\"twitter:data2\" content=\"I lager\" \/>\n<script type=\"application\/ld+json\" class=\"yoast-schema-graph\">{\"@context\":\"https:\/\/schema.org\",\"@graph\":[{\"@type\":\"WebPage\",\"@id\":\"https:\/\/dosingpump.shop\/dk\/produkt\/dps-mp2-r-6l-u-1-bar\/\",\"url\":\"https:\/\/dosingpump.shop\/dk\/produkt\/dps-mp2-r-6l-u-1-bar\/\",\"name\":\"DPS2-R - 6l\/u - 1 Bar - Dosing Pump Shop B.V.\",\"isPartOf\":{\"@id\":\"https:\/\/dosingpump.shop\/de\/#website\"},\"primaryImageOfPage\":{\"@id\":\"https:\/\/dosingpump.shop\/dk\/produkt\/dps-mp2-r-6l-u-1-bar\/#primaryimage\"},\"image\":{\"@id\":\"https:\/\/dosingpump.shop\/dk\/produkt\/dps-mp2-r-6l-u-1-bar\/#primaryimage\"},\"thumbnailUrl\":\"https:\/\/dosingpump.shop\/wp-content\/uploads\/2025\/06\/Microdos-Pomp.png\",\"datePublished\":\"2025-06-18T07:14:45+00:00\",\"dateModified\":\"2026-02-27T12:50:32+00:00\",\"breadcrumb\":{\"@id\":\"https:\/\/dosingpump.shop\/dk\/produkt\/dps-mp2-r-6l-u-1-bar\/#breadcrumb\"},\"inLanguage\":\"sv-SE\",\"potentialAction\":[{\"@type\":\"ReadAction\",\"target\":[\"https:\/\/dosingpump.shop\/dk\/produkt\/dps-mp2-r-6l-u-1-bar\/\"]}]},{\"@type\":\"ImageObject\",\"inLanguage\":\"sv-SE\",\"@id\":\"https:\/\/dosingpump.shop\/dk\/produkt\/dps-mp2-r-6l-u-1-bar\/#primaryimage\",\"url\":\"https:\/\/dosingpump.shop\/wp-content\/uploads\/2025\/06\/Microdos-Pomp.png\",\"contentUrl\":\"https:\/\/dosingpump.shop\/wp-content\/uploads\/2025\/06\/Microdos-Pomp.png\",\"width\":500,\"height\":500},{\"@type\":\"BreadcrumbList\",\"@id\":\"https:\/\/dosingpump.shop\/dk\/produkt\/dps-mp2-r-6l-u-1-bar\/#breadcrumb\",\"itemListElement\":[{\"@type\":\"ListItem\",\"position\":1,\"name\":\"Home\",\"item\":\"https:\/\/dosingpump.shop\/\"},{\"@type\":\"ListItem\",\"position\":2,\"name\":\"Shop\",\"item\":\"https:\/\/dosingpump.shop\/de\/shop\/\"},{\"@type\":\"ListItem\",\"position\":3,\"name\":\"DPS2-R &#8211; 6l\/u &#8211; 1 Bar\"}]},{\"@type\":\"WebSite\",\"@id\":\"https:\/\/dosingpump.shop\/de\/#website\",\"url\":\"https:\/\/dosingpump.shop\/de\/\",\"name\":\"Dosing Pump Shop B.V.\",\"description\":\"\",\"publisher\":{\"@id\":\"https:\/\/dosingpump.shop\/de\/#organization\"},\"potentialAction\":[{\"@type\":\"SearchAction\",\"target\":{\"@type\":\"EntryPoint\",\"urlTemplate\":\"https:\/\/dosingpump.shop\/de\/?s={search_term_string}\"},\"query-input\":{\"@type\":\"PropertyValueSpecification\",\"valueRequired\":true,\"valueName\":\"search_term_string\"}}],\"inLanguage\":\"sv-SE\"},{\"@type\":\"Organization\",\"@id\":\"https:\/\/dosingpump.shop\/de\/#organization\",\"name\":\"Dosing Pump Shop B.V.\",\"url\":\"https:\/\/dosingpump.shop\/de\/\",\"logo\":{\"@type\":\"ImageObject\",\"inLanguage\":\"sv-SE\",\"@id\":\"https:\/\/dosingpump.shop\/de\/#\/schema\/logo\/image\/\",\"url\":\"https:\/\/dosingpump.shop\/wp-content\/uploads\/2024\/10\/Dosing-Pump-Shop-logo.png\",\"contentUrl\":\"https:\/\/dosingpump.shop\/wp-content\/uploads\/2024\/10\/Dosing-Pump-Shop-logo.png\",\"width\":350,\"height\":45,\"caption\":\"Dosing Pump Shop B.V.\"},\"image\":{\"@id\":\"https:\/\/dosingpump.shop\/de\/#\/schema\/logo\/image\/\"},\"sameAs\":[\"https:\/\/linkedin.com\/company\/dosing-pump-shop\"]}]}<\/script>\n<meta property=\"product:price:amount\" content=\"169.00\" \/>\n<meta property=\"product:price:currency\" content=\"EUR\" \/>\n<meta property=\"og:availability\" content=\"instock\" \/>\n<meta property=\"product:availability\" content=\"instock\" \/>\n<meta property=\"product:retailer_item_id\" content=\"DPS2R6LU1BAR\" \/>\n<meta property=\"product:condition\" content=\"new\" \/>\n<!-- \/ Yoast SEO plugin. -->","yoast_head_json":{"title":"DPS2-R - 6l\/h - 1 Bar - Dosing Pump Shop B.V.","robots":{"index":"index","follow":"follow","max-snippet":"max-snippet:-1","max-image-preview":"max-image-preview:large","max-video-preview":"max-video-preview:-1"},"canonical":"https:\/\/dosingpump.shop\/se\/produkt\/dps-mp2-r-6l-u-1-bar\/","og_locale":"sv_SE","og_type":"article","og_title":"DPS2-R - 6l\/u - 1 Bar - Dosing Pump Shop B.V.","og_description":"Kleine maar uitstekend werkende pomp  Maximale flow van 6 l\/u  Maximale druk van 1 bar  Wordt geleverd met schroeven, PE en PVC slang, montageplaat, aanzuigfilter en injectieventiel","og_url":"https:\/\/dosingpump.shop\/se\/produkt\/dps-mp2-r-6l-u-1-bar\/","og_site_name":"Dosing Pump Shop B.V.","article_modified_time":"2026-02-27T12:50:32+00:00","og_image":[{"width":500,"height":500,"url":"https:\/\/dosingpump.shop\/wp-content\/uploads\/2025\/06\/Microdos-Pomp.png","type":"image\/png"}],"twitter_card":"summary_large_image","twitter_misc":{"Pris":"&euro;169,00","Tillg\u00e4nglig":"I lager"},"schema":{"@context":"https:\/\/schema.org","@graph":[{"@type":"WebPage","@id":"https:\/\/dosingpump.shop\/dk\/produkt\/dps-mp2-r-6l-u-1-bar\/","url":"https:\/\/dosingpump.shop\/dk\/produkt\/dps-mp2-r-6l-u-1-bar\/","name":"DPS2-R - 6l\/h - 1 Bar - Dosing Pump Shop B.V.","isPartOf":{"@id":"https:\/\/dosingpump.shop\/de\/#website"},"primaryImageOfPage":{"@id":"https:\/\/dosingpump.shop\/dk\/produkt\/dps-mp2-r-6l-u-1-bar\/#primaryimage"},"image":{"@id":"https:\/\/dosingpump.shop\/dk\/produkt\/dps-mp2-r-6l-u-1-bar\/#primaryimage"},"thumbnailUrl":"https:\/\/dosingpump.shop\/wp-content\/uploads\/2025\/06\/Microdos-Pomp.png","datePublished":"2025-06-18T07:14:45+00:00","dateModified":"2026-02-27T12:50:32+00:00","breadcrumb":{"@id":"https:\/\/dosingpump.shop\/dk\/produkt\/dps-mp2-r-6l-u-1-bar\/#breadcrumb"},"inLanguage":"sv-SE","potentialAction":[{"@type":"ReadAction","target":["https:\/\/dosingpump.shop\/dk\/produkt\/dps-mp2-r-6l-u-1-bar\/"]}]},{"@type":"ImageObject","inLanguage":"sv-SE","@id":"https:\/\/dosingpump.shop\/dk\/produkt\/dps-mp2-r-6l-u-1-bar\/#primaryimage","url":"https:\/\/dosingpump.shop\/wp-content\/uploads\/2025\/06\/Microdos-Pomp.png","contentUrl":"https:\/\/dosingpump.shop\/wp-content\/uploads\/2025\/06\/Microdos-Pomp.png","width":500,"height":500},{"@type":"BreadcrumbList","@id":"https:\/\/dosingpump.shop\/dk\/produkt\/dps-mp2-r-6l-u-1-bar\/#breadcrumb","itemListElement":[{"@type":"ListItem","position":1,"name":"Home","item":"https:\/\/dosingpump.shop\/"},{"@type":"ListItem","position":2,"name":"Shop","item":"https:\/\/dosingpump.shop\/de\/shop\/"},{"@type":"ListItem","position":3,"name":"DPS2-R &#8211; 6l\/u &#8211; 1 Bar"}]},{"@type":"WebSite","@id":"https:\/\/dosingpump.shop\/de\/#website","url":"https:\/\/dosingpump.shop\/de\/","name":"Dosing Pump Shop B.V.","description":"","publisher":{"@id":"https:\/\/dosingpump.shop\/de\/#organization"},"potentialAction":[{"@type":"SearchAction","target":{"@type":"EntryPoint","urlTemplate":"https:\/\/dosingpump.shop\/de\/?s={search_term_string}"},"query-input":{"@type":"PropertyValueSpecification","valueRequired":true,"valueName":"search_term_string"}}],"inLanguage":"sv-SE"},{"@type":"Organization","@id":"https:\/\/dosingpump.shop\/de\/#organization","name":"Dosing Pump Shop B.V.","url":"https:\/\/dosingpump.shop\/de\/","logo":{"@type":"ImageObject","inLanguage":"sv-SE","@id":"https:\/\/dosingpump.shop\/de\/#\/schema\/logo\/image\/","url":"https:\/\/dosingpump.shop\/wp-content\/uploads\/2024\/10\/Dosing-Pump-Shop-logo.png","contentUrl":"https:\/\/dosingpump.shop\/wp-content\/uploads\/2024\/10\/Dosing-Pump-Shop-logo.png","width":350,"height":45,"caption":"Dosing Pump Shop B.V."},"image":{"@id":"https:\/\/dosingpump.shop\/de\/#\/schema\/logo\/image\/"},"sameAs":["https:\/\/linkedin.com\/company\/dosing-pump-shop"]}]},"product_price_amount":"169.00","product_price_currency":"EUR","og_availability":"instock","product_availability":"instock","product_retailer_item_id":"DPS2R6LU1BAR","product_condition":"new"},"_links":{"self":[{"href":"https:\/\/dosingpump.shop\/se\/wp-json\/wp\/v2\/product\/7474","targetHints":{"allow":["GET"]}}],"collection":[{"href":"https:\/\/dosingpump.shop\/se\/wp-json\/wp\/v2\/product"}],"about":[{"href":"https:\/\/dosingpump.shop\/se\/wp-json\/wp\/v2\/types\/product"}],"wp:featuredmedia":[{"embeddable":true,"href":"https:\/\/dosingpump.shop\/se\/wp-json\/wp\/v2\/media\/7470"}],"wp:attachment":[{"href":"https:\/\/dosingpump.shop\/se\/wp-json\/wp\/v2\/media?parent=7474"}],"wp:term":[{"taxonomy":"product_brand","embeddable":true,"href":"https:\/\/dosingpump.shop\/se\/wp-json\/wp\/v2\/product_brand?post=7474"},{"taxonomy":"product_cat","embeddable":true,"href":"https:\/\/dosingpump.shop\/se\/wp-json\/wp\/v2\/product_cat?post=7474"},{"taxonomy":"product_tag","embeddable":true,"href":"https:\/\/dosingpump.shop\/se\/wp-json\/wp\/v2\/product_tag?post=7474"}],"curies":[{"name":"wp","href":"https:\/\/api.w.org\/{rel}","templated":true}]}}