{"id":8112,"date":"2025-07-11T16:12:14","date_gmt":"2025-07-11T14:12:14","guid":{"rendered":"https:\/\/dosingpump.shop\/?post_type=product&#038;p=8112"},"modified":"2026-03-10T23:21:37","modified_gmt":"2026-03-10T22:21:37","slug":"doseringsenhet-qdos","status":"publish","type":"product","link":"https:\/\/dosingpump.shop\/se\/product\/doseerinstallatie-qdos\/","title":{"rendered":"Doseringsanl\u00e4ggning Qdos"},"content":{"rendered":"<p>Qdos doseringsanl\u00e4ggning erbjuder en komplett och flexibel l\u00f6sning f\u00f6r noggrann kemikaliedosering. Den h\u00e4r installationen kombinerar de tillf\u00f6rlitliga Qdos-slangpumparna med valfri tankstorlek. P\u00e5 s\u00e5 s\u00e4tt skapar vi en skr\u00e4ddarsydd l\u00f6sning f\u00f6r dina behov.<\/p>\n<h3><b>Viktiga egenskaper:<\/b><\/h3>\n<ul>\n<li><b>V\u00e4lj din pump:<\/b> Du v\u00e4ljer den perfekta Qdos-pumpen. Qdos-sortimentet omfattar Qdos 20, Qdos 30, Qdos 60 och Qdos 120. Dessa pumpar ger exakt dosering och har l\u00e5ng livsl\u00e4ngd p\u00e5 slangarna. Detta minskar avbrotten och underh\u00e5llskostnaderna.<\/li>\n<li><b>Skr\u00e4ddarsydd tankkapacitet:<\/b> V\u00e4lj vilken tankstorlek du vill ha. Oavsett om du letar efter en kompakt l\u00f6sning eller en stor industriell anl\u00e4ggning. Qdos doseringsanl\u00e4ggning passar din situation.<\/li>\n<li><b>Exakt dosering:<\/b> Qdos slangpumpar s\u00e4kerst\u00e4ller exakt och repeterbar dosering. \u00c4ven med utmanande v\u00e4tskor. Detta s\u00e4kerst\u00e4ller konsekvent och effektiv kemikalietillsats. Detta \u00e4r avg\u00f6rande f\u00f6r optimal processkontroll.<\/li>\n<li><b>Enkel installation och underh\u00e5ll:<\/b> Modul\u00e4r design f\u00f6renklar installationen. Robust konstruktion och l\u00e5ng livsl\u00e4ngd f\u00f6r Qdos pumpkomponenter minimerar underh\u00e5llet.<\/li>\n<li><b>Bred anst\u00e4llningsbarhet:<\/b> Anl\u00e4ggningen \u00e4r l\u00e4mplig f\u00f6r olika till\u00e4mpningar. T\u00e4nk p\u00e5 vattenrening, dosering av kemikalier i pooler och industriella processer.<\/li>\n<\/ul>\n<h4><b>Prisinformation:<\/b><\/h4>\n<p>Priset p\u00e5 Qdos doseringsenhet \u00e4r p\u00e5 beg\u00e4ran. D\u00e4rf\u00f6r tar vi fram en personlig offert. Detta inkluderar vald Qdos-pump, tankkapacitet och eventuella tillbeh\u00f6r. Kontakta oss f\u00f6r en offert utan f\u00f6rpliktelser och expertr\u00e5d.<\/p>","protected":false},"excerpt":{"rendered":"<p>Qdos doseringsanl\u00e4ggning erbjuder en komplett och flexibel l\u00f6sning f\u00f6r noggrann kemikaliedosering. Den h\u00e4r installationen kombinerar de tillf\u00f6rlitliga Qdos-slangpumparna med valfri tankstorlek. Priset \u00e4r p\u00e5 beg\u00e4ran, kontakta oss f\u00f6r mer information.<\/p>","protected":false},"featured_media":8113,"template":"","meta":[],"product_brand":[],"product_cat":[27],"product_tag":[],"class_list":{"0":"post-8112","1":"product","2":"type-product","3":"status-publish","4":"has-post-thumbnail","6":"product_cat-complete-oplossingen","8":"first","9":"instock","10":"taxable","11":"shipping-taxable","12":"product-type-simple"},"yoast_head":"<!-- This site is optimized with the Yoast SEO plugin v27.2 - https:\/\/yoast.com\/product\/yoast-seo-wordpress\/ -->\n<title>Doseerinstallatie Qdos - Dosing Pump Shop B.V.<\/title>\n<meta name=\"robots\" content=\"index, follow, max-snippet:-1, max-image-preview:large, max-video-preview:-1\" \/>\n<link rel=\"canonical\" href=\"https:\/\/dosingpump.shop\/se\/produkt\/doseringsenhet-qdos\/\" \/>\n<meta property=\"og:locale\" content=\"sv_SE\" \/>\n<meta property=\"og:type\" content=\"article\" \/>\n<meta property=\"og:title\" content=\"Doseerinstallatie Qdos - Dosing Pump Shop B.V.\" \/>\n<meta property=\"og:description\" content=\"De Qdos doseerinstallatie biedt een complete en flexibele oplossing voor nauwkeurige chemische dosering. Deze installatie combineert de betrouwbare Qdos slangpompen met elke gewenste tankgrootte. Prijs is op aanvraag, neem contact op met ons voor meer informatie.\" \/>\n<meta property=\"og:url\" content=\"https:\/\/dosingpump.shop\/se\/produkt\/doseringsenhet-qdos\/\" \/>\n<meta property=\"og:site_name\" content=\"Dosing Pump Shop B.V.\" \/>\n<meta property=\"article:modified_time\" content=\"2026-03-10T22:21:37+00:00\" \/>\n<meta property=\"og:image\" content=\"https:\/\/dosingpump.shop\/wp-content\/uploads\/2025\/07\/Qdos-Doseerinstalatie.png\" \/>\n\t<meta property=\"og:image:width\" content=\"500\" \/>\n\t<meta property=\"og:image:height\" content=\"500\" \/>\n\t<meta property=\"og:image:type\" content=\"image\/png\" \/>\n<meta name=\"twitter:card\" content=\"summary_large_image\" \/>\n<meta name=\"twitter:label1\" content=\"Pris\" \/>\n\t<meta name=\"twitter:data1\" content=\"\" \/>\n\t<meta name=\"twitter:label2\" content=\"Tillg\u00e4nglig\" \/>\n\t<meta name=\"twitter:data2\" content=\"I lager\" \/>\n<script type=\"application\/ld+json\" class=\"yoast-schema-graph\">{\"@context\":\"https:\/\/schema.org\",\"@graph\":[{\"@type\":\"WebPage\",\"@id\":\"https:\/\/dosingpump.shop\/pt\/produto\/doseador-qdos-2\/\",\"url\":\"https:\/\/dosingpump.shop\/pt\/produto\/doseador-qdos-2\/\",\"name\":\"Doseerinstallatie Qdos - Dosing Pump Shop B.V.\",\"isPartOf\":{\"@id\":\"https:\/\/dosingpump.shop\/de\/#website\"},\"primaryImageOfPage\":{\"@id\":\"https:\/\/dosingpump.shop\/pt\/produto\/doseador-qdos-2\/#primaryimage\"},\"image\":{\"@id\":\"https:\/\/dosingpump.shop\/pt\/produto\/doseador-qdos-2\/#primaryimage\"},\"thumbnailUrl\":\"https:\/\/dosingpump.shop\/wp-content\/uploads\/2025\/07\/Qdos-Doseerinstalatie.png\",\"datePublished\":\"2025-07-11T14:12:14+00:00\",\"dateModified\":\"2026-03-10T22:21:37+00:00\",\"breadcrumb\":{\"@id\":\"https:\/\/dosingpump.shop\/pt\/produto\/doseador-qdos-2\/#breadcrumb\"},\"inLanguage\":\"sv-SE\",\"potentialAction\":[{\"@type\":\"ReadAction\",\"target\":[\"https:\/\/dosingpump.shop\/pt\/produto\/doseador-qdos-2\/\"]}]},{\"@type\":\"ImageObject\",\"inLanguage\":\"sv-SE\",\"@id\":\"https:\/\/dosingpump.shop\/pt\/produto\/doseador-qdos-2\/#primaryimage\",\"url\":\"https:\/\/dosingpump.shop\/wp-content\/uploads\/2025\/07\/Qdos-Doseerinstalatie.png\",\"contentUrl\":\"https:\/\/dosingpump.shop\/wp-content\/uploads\/2025\/07\/Qdos-Doseerinstalatie.png\",\"width\":500,\"height\":500},{\"@type\":\"BreadcrumbList\",\"@id\":\"https:\/\/dosingpump.shop\/pt\/produto\/doseador-qdos-2\/#breadcrumb\",\"itemListElement\":[{\"@type\":\"ListItem\",\"position\":1,\"name\":\"Home\",\"item\":\"https:\/\/dosingpump.shop\/\"},{\"@type\":\"ListItem\",\"position\":2,\"name\":\"Shop\",\"item\":\"https:\/\/dosingpump.shop\/de\/shop\/\"},{\"@type\":\"ListItem\",\"position\":3,\"name\":\"Doseerinstallatie Qdos\"}]},{\"@type\":\"WebSite\",\"@id\":\"https:\/\/dosingpump.shop\/de\/#website\",\"url\":\"https:\/\/dosingpump.shop\/de\/\",\"name\":\"Dosing Pump Shop B.V.\",\"description\":\"\",\"publisher\":{\"@id\":\"https:\/\/dosingpump.shop\/de\/#organization\"},\"potentialAction\":[{\"@type\":\"SearchAction\",\"target\":{\"@type\":\"EntryPoint\",\"urlTemplate\":\"https:\/\/dosingpump.shop\/de\/?s={search_term_string}\"},\"query-input\":{\"@type\":\"PropertyValueSpecification\",\"valueRequired\":true,\"valueName\":\"search_term_string\"}}],\"inLanguage\":\"sv-SE\"},{\"@type\":\"Organization\",\"@id\":\"https:\/\/dosingpump.shop\/de\/#organization\",\"name\":\"Dosing Pump Shop B.V.\",\"url\":\"https:\/\/dosingpump.shop\/de\/\",\"logo\":{\"@type\":\"ImageObject\",\"inLanguage\":\"sv-SE\",\"@id\":\"https:\/\/dosingpump.shop\/de\/#\/schema\/logo\/image\/\",\"url\":\"https:\/\/dosingpump.shop\/wp-content\/uploads\/2024\/10\/Dosing-Pump-Shop-logo.png\",\"contentUrl\":\"https:\/\/dosingpump.shop\/wp-content\/uploads\/2024\/10\/Dosing-Pump-Shop-logo.png\",\"width\":350,\"height\":45,\"caption\":\"Dosing Pump Shop B.V.\"},\"image\":{\"@id\":\"https:\/\/dosingpump.shop\/de\/#\/schema\/logo\/image\/\"},\"sameAs\":[\"https:\/\/linkedin.com\/company\/dosing-pump-shop\"]}]}<\/script>\n<meta property=\"product:price:currency\" content=\"EUR\" \/>\n<meta property=\"og:availability\" content=\"instock\" \/>\n<meta property=\"product:availability\" content=\"instock\" \/>\n<meta property=\"product:condition\" content=\"new\" \/>\n<!-- \/ Yoast SEO plugin. -->","yoast_head_json":{"title":"Doseringsanl\u00e4ggning Qdos - Dosing Pump Shop B.V.","robots":{"index":"index","follow":"follow","max-snippet":"max-snippet:-1","max-image-preview":"max-image-preview:large","max-video-preview":"max-video-preview:-1"},"canonical":"https:\/\/dosingpump.shop\/se\/produkt\/doseringsenhet-qdos\/","og_locale":"sv_SE","og_type":"article","og_title":"Doseerinstallatie Qdos - Dosing Pump Shop B.V.","og_description":"De Qdos doseerinstallatie biedt een complete en flexibele oplossing voor nauwkeurige chemische dosering. Deze installatie combineert de betrouwbare Qdos slangpompen met elke gewenste tankgrootte. Prijs is op aanvraag, neem contact op met ons voor meer informatie.","og_url":"https:\/\/dosingpump.shop\/se\/produkt\/doseringsenhet-qdos\/","og_site_name":"Dosing Pump Shop B.V.","article_modified_time":"2026-03-10T22:21:37+00:00","og_image":[{"width":500,"height":500,"url":"https:\/\/dosingpump.shop\/wp-content\/uploads\/2025\/07\/Qdos-Doseerinstalatie.png","type":"image\/png"}],"twitter_card":"summary_large_image","twitter_misc":{"Pris":"","Tillg\u00e4nglig":"I lager"},"schema":{"@context":"https:\/\/schema.org","@graph":[{"@type":"WebPage","@id":"https:\/\/dosingpump.shop\/pt\/produto\/doseador-qdos-2\/","url":"https:\/\/dosingpump.shop\/pt\/produto\/doseador-qdos-2\/","name":"Doseringsanl\u00e4ggning Qdos - Dosing Pump Shop B.V.","isPartOf":{"@id":"https:\/\/dosingpump.shop\/de\/#website"},"primaryImageOfPage":{"@id":"https:\/\/dosingpump.shop\/pt\/produto\/doseador-qdos-2\/#primaryimage"},"image":{"@id":"https:\/\/dosingpump.shop\/pt\/produto\/doseador-qdos-2\/#primaryimage"},"thumbnailUrl":"https:\/\/dosingpump.shop\/wp-content\/uploads\/2025\/07\/Qdos-Doseerinstalatie.png","datePublished":"2025-07-11T14:12:14+00:00","dateModified":"2026-03-10T22:21:37+00:00","breadcrumb":{"@id":"https:\/\/dosingpump.shop\/pt\/produto\/doseador-qdos-2\/#breadcrumb"},"inLanguage":"sv-SE","potentialAction":[{"@type":"ReadAction","target":["https:\/\/dosingpump.shop\/pt\/produto\/doseador-qdos-2\/"]}]},{"@type":"ImageObject","inLanguage":"sv-SE","@id":"https:\/\/dosingpump.shop\/pt\/produto\/doseador-qdos-2\/#primaryimage","url":"https:\/\/dosingpump.shop\/wp-content\/uploads\/2025\/07\/Qdos-Doseerinstalatie.png","contentUrl":"https:\/\/dosingpump.shop\/wp-content\/uploads\/2025\/07\/Qdos-Doseerinstalatie.png","width":500,"height":500},{"@type":"BreadcrumbList","@id":"https:\/\/dosingpump.shop\/pt\/produto\/doseador-qdos-2\/#breadcrumb","itemListElement":[{"@type":"ListItem","position":1,"name":"Home","item":"https:\/\/dosingpump.shop\/"},{"@type":"ListItem","position":2,"name":"Shop","item":"https:\/\/dosingpump.shop\/de\/shop\/"},{"@type":"ListItem","position":3,"name":"Doseerinstallatie Qdos"}]},{"@type":"WebSite","@id":"https:\/\/dosingpump.shop\/de\/#website","url":"https:\/\/dosingpump.shop\/de\/","name":"Dosing Pump Shop B.V.","description":"","publisher":{"@id":"https:\/\/dosingpump.shop\/de\/#organization"},"potentialAction":[{"@type":"SearchAction","target":{"@type":"EntryPoint","urlTemplate":"https:\/\/dosingpump.shop\/de\/?s={search_term_string}"},"query-input":{"@type":"PropertyValueSpecification","valueRequired":true,"valueName":"search_term_string"}}],"inLanguage":"sv-SE"},{"@type":"Organization","@id":"https:\/\/dosingpump.shop\/de\/#organization","name":"Dosing Pump Shop B.V.","url":"https:\/\/dosingpump.shop\/de\/","logo":{"@type":"ImageObject","inLanguage":"sv-SE","@id":"https:\/\/dosingpump.shop\/de\/#\/schema\/logo\/image\/","url":"https:\/\/dosingpump.shop\/wp-content\/uploads\/2024\/10\/Dosing-Pump-Shop-logo.png","contentUrl":"https:\/\/dosingpump.shop\/wp-content\/uploads\/2024\/10\/Dosing-Pump-Shop-logo.png","width":350,"height":45,"caption":"Dosing Pump Shop B.V."},"image":{"@id":"https:\/\/dosingpump.shop\/de\/#\/schema\/logo\/image\/"},"sameAs":["https:\/\/linkedin.com\/company\/dosing-pump-shop"]}]},"product_price_currency":"EUR","og_availability":"instock","product_availability":"instock","product_condition":"new"},"_links":{"self":[{"href":"https:\/\/dosingpump.shop\/se\/wp-json\/wp\/v2\/product\/8112","targetHints":{"allow":["GET"]}}],"collection":[{"href":"https:\/\/dosingpump.shop\/se\/wp-json\/wp\/v2\/product"}],"about":[{"href":"https:\/\/dosingpump.shop\/se\/wp-json\/wp\/v2\/types\/product"}],"wp:featuredmedia":[{"embeddable":true,"href":"https:\/\/dosingpump.shop\/se\/wp-json\/wp\/v2\/media\/8113"}],"wp:attachment":[{"href":"https:\/\/dosingpump.shop\/se\/wp-json\/wp\/v2\/media?parent=8112"}],"wp:term":[{"taxonomy":"product_brand","embeddable":true,"href":"https:\/\/dosingpump.shop\/se\/wp-json\/wp\/v2\/product_brand?post=8112"},{"taxonomy":"product_cat","embeddable":true,"href":"https:\/\/dosingpump.shop\/se\/wp-json\/wp\/v2\/product_cat?post=8112"},{"taxonomy":"product_tag","embeddable":true,"href":"https:\/\/dosingpump.shop\/se\/wp-json\/wp\/v2\/product_tag?post=8112"}],"curies":[{"name":"wp","href":"https:\/\/api.w.org\/{rel}","templated":true}]}}