{"id":8731,"date":"2026-03-14T21:14:46","date_gmt":"2026-03-14T20:14:46","guid":{"rendered":"https:\/\/dosingpump.shop\/?post_type=product&#038;p=8731"},"modified":"2026-03-14T21:45:37","modified_gmt":"2026-03-14T20:45:37","slug":"kapselhallare-med-droppbricka-for-doseringspump-25l-i-lackerat-stal","status":"publish","type":"product","link":"https:\/\/dosingpump.shop\/se\/product\/jerrycan-houder-met-lekbak-voor-doseerpomp-25l-gecoat-staal\/","title":{"rendered":"Jerrycanh\u00e5llare med droppbricka f\u00f6r doseringspump - 25L | belagt st\u00e5l"},"content":{"rendered":"<h2 data-section-id=\"r8g57z\" data-start=\"1324\" data-end=\"1371\">Jerrycanh\u00e5llare med droppbricka f\u00f6r doseringspumpar<\/h2>\n<p data-start=\"1373\" data-end=\"1658\">Denna professionella <strong data-start=\"1392\" data-end=\"1422\">kapselh\u00e5llare med droppbricka<\/strong> \u00e4r utformad f\u00f6r s\u00e4ker placering av kemikaliebeh\u00e5llare i kombination med en doseringspump. H\u00e5llaren erbjuder plats f\u00f6r en <strong data-start=\"1554\" data-end=\"1579\">Jerrycan upp till 25 liter<\/strong> och g\u00f6r det m\u00f6jligt att montera en doseringspump direkt ovanf\u00f6r beh\u00e5llaren.<\/p>\n<p data-start=\"1660\" data-end=\"1810\">Den integrerade monteringsplattan skapar ett kompakt och bekv\u00e4mt doseringsarrangemang d\u00e4r pump, dunkar och droppsk\u00e5l \u00e4r prydligt placerade tillsammans.<\/p>\n<p data-start=\"1812\" data-end=\"2002\">H\u00e5llaren \u00e4r tillverkad av <strong data-start=\"1841\" data-end=\"1887\">h\u00f6gkvalitativt st\u00e5l med slitstark bel\u00e4ggning<\/strong>, vilket g\u00f6r den l\u00e4mplig f\u00f6r anv\u00e4ndning i industriella och tekniska milj\u00f6er d\u00e4r kemikalier anv\u00e4nds.<\/p>\n<h3 data-section-id=\"1xaqgd4\" data-start=\"2004\" data-end=\"2028\">Integrerad droppl\u00e5da<\/h3>\n<p data-start=\"2030\" data-end=\"2252\">H\u00e5llaren har en <strong data-start=\"2060\" data-end=\"2094\">droppbricka med l\u00f6stagbart galler<\/strong>. Eventuella l\u00e4ckor eller spill f\u00e5ngas d\u00e4rmed upp omedelbart, vilket h\u00e5ller installationen ren och minskar risken f\u00f6r kontaminering eller skador.<\/p>\n<h3 data-section-id=\"1w6voil\" data-start=\"2254\" data-end=\"2292\">Stabil och praktisk konstruktion<\/h3>\n<p data-start=\"2294\" data-end=\"2446\">Kapselh\u00e5llaren \u00e4r utrustad med <strong data-start=\"2330\" data-end=\"2360\">fyra justerbara justerbara f\u00f6tter<\/strong>, vilket g\u00f6r det enkelt att nivellera enheten, \u00e4ven p\u00e5 oj\u00e4mna ytor.<\/p>\n<p data-start=\"2448\" data-end=\"2574\">D\u00e4rut\u00f6ver har <strong data-start=\"2468\" data-end=\"2499\">handtag p\u00e5 b\u00e5da sidor<\/strong> s\u00e5 att h\u00e5llaren l\u00e4tt kan flyttas n\u00e4r det beh\u00f6vs.<\/p>\n<h3 data-section-id=\"7gxsde\" data-start=\"2576\" data-end=\"2592\">Till\u00e4mpningar<\/h3>\n<p data-start=\"2594\" data-end=\"2647\">Denna h\u00e5llare anv\u00e4nds ofta i installationer f\u00f6r:<\/p>\n<p data-start=\"2649\" data-end=\"2755\">- vattenrening<br data-start=\"2667\" data-end=\"2670\" \/>- simbass\u00e4nger<br data-start=\"2681\" data-end=\"2684\" \/>- industriella processer<br data-start=\"2707\" data-end=\"2710\" \/>- reng\u00f6ringssystem<br data-start=\"2730\" data-end=\"2733\" \/>- kemisk dosering<\/p>\n<p data-start=\"2757\" data-end=\"2873\">Monteringsplattan \u00e4r l\u00e4mplig f\u00f6r de flesta <strong data-start=\"2800\" data-end=\"2825\">Membrandoseringspumpar<\/strong>, inklusive flera modeller av <strong data-start=\"2864\" data-end=\"2872\">EMEC<\/strong>.<\/p>\n<h1 data-section-id=\"1rpbep8\" data-start=\"2880\" data-end=\"2906\">Tekniska specifikationer<\/h1>\n<div class=\"TyagGW_tableContainer\">\n<div class=\"group TyagGW_tableWrapper flex flex-col-reverse w-fit\" tabindex=\"-1\">\n<table class=\"w-fit min-w-(--thread-content-width)\" data-start=\"2908\" data-end=\"3353\">\n<thead data-start=\"2908\" data-end=\"2937\">\n<tr data-start=\"2908\" data-end=\"2937\">\n<th class=\"\" data-start=\"2908\" data-end=\"2921\" data-col-size=\"sm\">Funktion<\/th>\n<th class=\"\" data-start=\"2921\" data-end=\"2937\" data-col-size=\"sm\">Specifikation<\/th>\n<\/tr>\n<\/thead>\n<tbody data-start=\"2948\" data-end=\"3353\">\n<tr data-start=\"2948\" data-end=\"2988\">\n<td data-start=\"2948\" data-end=\"2958\" data-col-size=\"sm\">Produkt<\/td>\n<td data-start=\"2958\" data-end=\"2988\" data-col-size=\"sm\">Dunkh\u00e5llare med droppbricka<\/td>\n<\/tr>\n<tr data-start=\"2989\" data-end=\"3010\">\n<td data-start=\"2989\" data-end=\"3001\" data-col-size=\"sm\">Material<\/td>\n<td data-start=\"3001\" data-end=\"3010\" data-col-size=\"sm\">St\u00e5l<\/td>\n<\/tr>\n<tr data-start=\"3011\" data-end=\"3054\">\n<td data-start=\"3011\" data-end=\"3023\" data-col-size=\"sm\">Avsluta<\/td>\n<td data-start=\"3023\" data-end=\"3054\" data-col-size=\"sm\">Kemikalieresistent bel\u00e4ggning<\/td>\n<\/tr>\n<tr data-start=\"3055\" data-end=\"3093\">\n<td data-start=\"3055\" data-end=\"3077\" data-col-size=\"sm\">Jerrycan-kapacitet<\/td>\n<td data-start=\"3077\" data-end=\"3093\" data-col-size=\"sm\">Upp till 25 liter<\/td>\n<\/tr>\n<tr data-start=\"3094\" data-end=\"3123\">\n<td data-start=\"3094\" data-end=\"3103\" data-col-size=\"sm\">Dropptr\u00e5g<\/td>\n<td data-start=\"3103\" data-end=\"3123\" data-col-size=\"sm\">Ja, integrerad<\/td>\n<\/tr>\n<tr data-start=\"3124\" data-end=\"3149\">\n<td data-start=\"3124\" data-end=\"3134\" data-col-size=\"sm\">Rutn\u00e4t<\/td>\n<td data-start=\"3134\" data-end=\"3149\" data-col-size=\"sm\">Avtagbar<\/td>\n<\/tr>\n<tr data-start=\"3150\" data-end=\"3181\">\n<td data-start=\"3150\" data-end=\"3175\" data-col-size=\"sm\">Monteringsplatta f\u00f6r pump<\/td>\n<td data-start=\"3175\" data-end=\"3181\" data-col-size=\"sm\">Ja<\/td>\n<\/tr>\n<tr data-start=\"3182\" data-end=\"3221\">\n<td data-start=\"3182\" data-end=\"3194\" data-col-size=\"sm\">F\u00f6tter<\/td>\n<td data-start=\"3194\" data-end=\"3221\" data-col-size=\"sm\">4 justerbara justerbara f\u00f6tter<\/td>\n<\/tr>\n<tr data-start=\"3222\" data-end=\"3259\">\n<td data-start=\"3222\" data-end=\"3235\" data-col-size=\"sm\">Handtag<\/td>\n<td data-start=\"3235\" data-end=\"3259\" data-col-size=\"sm\">Ja, p\u00e5 b\u00e5da sidor<\/td>\n<\/tr>\n<tr data-start=\"3260\" data-end=\"3310\">\n<td data-start=\"3260\" data-end=\"3273\" data-col-size=\"sm\">Till\u00e4mpning<\/td>\n<td data-start=\"3273\" data-end=\"3310\" data-col-size=\"sm\">Doseringspumpar \/ kemisk dosering<\/td>\n<\/tr>\n<tr data-start=\"3311\" data-end=\"3353\">\n<td data-start=\"3311\" data-end=\"3327\" data-col-size=\"sm\">L\u00e4mplig f\u00f6r<\/td>\n<td data-start=\"3327\" data-end=\"3353\" data-col-size=\"sm\">EMEC-doseringspumpar, bland andra<\/td>\n<\/tr>\n<\/tbody>\n<\/table>\n<\/div>\n<\/div>","protected":false},"excerpt":{"rendered":"<p data-start=\"557\" data-end=\"820\">Detta <strong data-start=\"562\" data-end=\"606\">kapselh\u00e5llare med integrerad droppbricka<\/strong> \u00e4r utformad f\u00f6r s\u00e4ker och bekv\u00e4m installation av doseringspumpar. H\u00e5llaren ger plats f\u00f6r <strong data-start=\"714\" data-end=\"740\">jerrycans upp till 25 liter<\/strong> och har en robust monteringsplatta f\u00f6r montering av en doseringspump.<\/p>\n<p data-start=\"822\" data-end=\"1031\">H\u00e5llaren \u00e4r tillverkad av <strong data-start=\"851\" data-end=\"867\">belagt st\u00e5l<\/strong> och utrustad med <strong data-start=\"884\" data-end=\"911\">4 justerbara justerbara f\u00f6tter<\/strong> f\u00f6r stabil placering. Tack vare <strong data-start=\"948\" data-end=\"988\">praktiska sidohandtag<\/strong> h\u00e5llaren kan enkelt flyttas.<\/p>\n<p data-start=\"1033\" data-end=\"1143\">Det integrerade dropptr\u00e5get med galler ser till att allt spill eller l\u00e4ckage h\u00e5lls s\u00e4kert uppsamlat.<\/p>","protected":false},"featured_media":8749,"template":"","meta":[],"product_brand":[],"product_cat":[48,27,80],"product_tag":[],"class_list":{"0":"post-8731","1":"product","2":"type-product","3":"status-publish","4":"has-post-thumbnail","6":"product_cat-doseerinstallaties","7":"product_cat-complete-oplossingen","8":"product_cat-doseerunits","10":"first","11":"instock","12":"taxable","13":"shipping-taxable","14":"purchasable","15":"product-type-simple"},"yoast_head":"<!-- This site is optimized with the Yoast SEO plugin v27.2 - https:\/\/yoast.com\/product\/yoast-seo-wordpress\/ -->\n<title>Jerrycan houder met lekbak voor doseerpomp \u2013 25L | Gecoat staal - Dosing Pump Shop B.V.<\/title>\n<meta name=\"robots\" content=\"index, follow, max-snippet:-1, max-image-preview:large, max-video-preview:-1\" \/>\n<link rel=\"canonical\" href=\"https:\/\/dosingpump.shop\/se\/produkt\/kapselhallare-med-droppbricka-for-doseringspump-25l-i-lackerat-stal\/\" \/>\n<meta property=\"og:locale\" content=\"sv_SE\" \/>\n<meta property=\"og:type\" content=\"article\" \/>\n<meta property=\"og:title\" content=\"Jerrycan houder met lekbak voor doseerpomp \u2013 25L | Gecoat staal - Dosing Pump Shop B.V.\" \/>\n<meta property=\"og:description\" content=\"Deze jerrycan houder met ge\u00efntegreerde lekbak is ontworpen voor een veilige en overzichtelijke installatie van doseerpompen. De houder biedt ruimte voor jerrycans tot 25 liter en beschikt over een stevige montageplaat voor het monteren van een doseerpomp. De houder is vervaardigd uit gecoat staal en voorzien van 4 verstelbare stelpoten voor stabiele plaatsing. Dankzij de praktische handgrepen aan de zijkant kan de houder eenvoudig worden verplaatst. De ge\u00efntegreerde lekbak met rooster zorgt ervoor dat eventuele morsingen of lekkages veilig worden opgevangen.\" \/>\n<meta property=\"og:url\" content=\"https:\/\/dosingpump.shop\/se\/produkt\/kapselhallare-med-droppbricka-for-doseringspump-25l-i-lackerat-stal\/\" \/>\n<meta property=\"og:site_name\" content=\"Dosing Pump Shop B.V.\" \/>\n<meta property=\"article:modified_time\" content=\"2026-03-14T20:45:37+00:00\" \/>\n<meta property=\"og:image\" content=\"https:\/\/dosingpump.shop\/wp-content\/uploads\/2026\/03\/Dosing-pump-Jerrcan-with-driptray.png\" \/>\n\t<meta property=\"og:image:width\" content=\"1200\" \/>\n\t<meta property=\"og:image:height\" content=\"1200\" \/>\n\t<meta property=\"og:image:type\" content=\"image\/png\" \/>\n<meta name=\"twitter:card\" content=\"summary_large_image\" \/>\n<meta name=\"twitter:label1\" content=\"Pris\" \/>\n\t<meta name=\"twitter:data1\" content=\"&euro;495,00\" \/>\n\t<meta name=\"twitter:label2\" content=\"Tillg\u00e4nglig\" \/>\n\t<meta name=\"twitter:data2\" content=\"I lager\" \/>\n<script type=\"application\/ld+json\" class=\"yoast-schema-graph\">{\"@context\":\"https:\/\/schema.org\",\"@graph\":[{\"@type\":\"WebPage\",\"@id\":\"https:\/\/dosingpump.shop\/product\/jerrycan-houder-met-lekbak-voor-doseerpomp-25l-gecoat-staal\/\",\"url\":\"https:\/\/dosingpump.shop\/product\/jerrycan-houder-met-lekbak-voor-doseerpomp-25l-gecoat-staal\/\",\"name\":\"Jerrycan houder met lekbak voor doseerpomp \u2013 25L | Gecoat staal - Dosing Pump Shop B.V.\",\"isPartOf\":{\"@id\":\"https:\/\/dosingpump.shop\/de\/#website\"},\"primaryImageOfPage\":{\"@id\":\"https:\/\/dosingpump.shop\/product\/jerrycan-houder-met-lekbak-voor-doseerpomp-25l-gecoat-staal\/#primaryimage\"},\"image\":{\"@id\":\"https:\/\/dosingpump.shop\/product\/jerrycan-houder-met-lekbak-voor-doseerpomp-25l-gecoat-staal\/#primaryimage\"},\"thumbnailUrl\":\"https:\/\/dosingpump.shop\/wp-content\/uploads\/2026\/03\/Dosing-pump-Jerrcan-with-driptray.png\",\"datePublished\":\"2026-03-14T20:14:46+00:00\",\"dateModified\":\"2026-03-14T20:45:37+00:00\",\"breadcrumb\":{\"@id\":\"https:\/\/dosingpump.shop\/product\/jerrycan-houder-met-lekbak-voor-doseerpomp-25l-gecoat-staal\/#breadcrumb\"},\"inLanguage\":\"sv-SE\",\"potentialAction\":[{\"@type\":\"ReadAction\",\"target\":[\"https:\/\/dosingpump.shop\/product\/jerrycan-houder-met-lekbak-voor-doseerpomp-25l-gecoat-staal\/\"]}]},{\"@type\":\"ImageObject\",\"inLanguage\":\"sv-SE\",\"@id\":\"https:\/\/dosingpump.shop\/product\/jerrycan-houder-met-lekbak-voor-doseerpomp-25l-gecoat-staal\/#primaryimage\",\"url\":\"https:\/\/dosingpump.shop\/wp-content\/uploads\/2026\/03\/Dosing-pump-Jerrcan-with-driptray.png\",\"contentUrl\":\"https:\/\/dosingpump.shop\/wp-content\/uploads\/2026\/03\/Dosing-pump-Jerrcan-with-driptray.png\",\"width\":1200,\"height\":1200},{\"@type\":\"BreadcrumbList\",\"@id\":\"https:\/\/dosingpump.shop\/product\/jerrycan-houder-met-lekbak-voor-doseerpomp-25l-gecoat-staal\/#breadcrumb\",\"itemListElement\":[{\"@type\":\"ListItem\",\"position\":1,\"name\":\"Home\",\"item\":\"https:\/\/dosingpump.shop\/\"},{\"@type\":\"ListItem\",\"position\":2,\"name\":\"Shop\",\"item\":\"https:\/\/dosingpump.shop\/de\/shop\/\"},{\"@type\":\"ListItem\",\"position\":3,\"name\":\"Jerrycan houder met lekbak voor doseerpomp \u2013 25L | Gecoat staal\"}]},{\"@type\":\"WebSite\",\"@id\":\"https:\/\/dosingpump.shop\/de\/#website\",\"url\":\"https:\/\/dosingpump.shop\/de\/\",\"name\":\"Dosing Pump Shop B.V.\",\"description\":\"\",\"publisher\":{\"@id\":\"https:\/\/dosingpump.shop\/de\/#organization\"},\"potentialAction\":[{\"@type\":\"SearchAction\",\"target\":{\"@type\":\"EntryPoint\",\"urlTemplate\":\"https:\/\/dosingpump.shop\/de\/?s={search_term_string}\"},\"query-input\":{\"@type\":\"PropertyValueSpecification\",\"valueRequired\":true,\"valueName\":\"search_term_string\"}}],\"inLanguage\":\"sv-SE\"},{\"@type\":\"Organization\",\"@id\":\"https:\/\/dosingpump.shop\/de\/#organization\",\"name\":\"Dosing Pump Shop B.V.\",\"url\":\"https:\/\/dosingpump.shop\/de\/\",\"logo\":{\"@type\":\"ImageObject\",\"inLanguage\":\"sv-SE\",\"@id\":\"https:\/\/dosingpump.shop\/de\/#\/schema\/logo\/image\/\",\"url\":\"https:\/\/dosingpump.shop\/wp-content\/uploads\/2024\/10\/Dosing-Pump-Shop-logo.png\",\"contentUrl\":\"https:\/\/dosingpump.shop\/wp-content\/uploads\/2024\/10\/Dosing-Pump-Shop-logo.png\",\"width\":350,\"height\":45,\"caption\":\"Dosing Pump Shop B.V.\"},\"image\":{\"@id\":\"https:\/\/dosingpump.shop\/de\/#\/schema\/logo\/image\/\"},\"sameAs\":[\"https:\/\/linkedin.com\/company\/dosing-pump-shop\"]}]}<\/script>\n<meta property=\"product:price:amount\" content=\"495.00\" \/>\n<meta property=\"product:price:currency\" content=\"EUR\" \/>\n<meta property=\"og:availability\" content=\"instock\" \/>\n<meta property=\"product:availability\" content=\"instock\" \/>\n<meta property=\"product:condition\" content=\"new\" \/>\n<!-- \/ Yoast SEO plugin. -->","yoast_head_json":{"title":"Dunkh\u00e5llare med droppbricka f\u00f6r doseringspump - 25L | belagt st\u00e5l - Dosing Pump Shop B.V.","robots":{"index":"index","follow":"follow","max-snippet":"max-snippet:-1","max-image-preview":"max-image-preview:large","max-video-preview":"max-video-preview:-1"},"canonical":"https:\/\/dosingpump.shop\/se\/produkt\/kapselhallare-med-droppbricka-for-doseringspump-25l-i-lackerat-stal\/","og_locale":"sv_SE","og_type":"article","og_title":"Jerrycan houder met lekbak voor doseerpomp \u2013 25L | Gecoat staal - Dosing Pump Shop B.V.","og_description":"Deze jerrycan houder met ge\u00efntegreerde lekbak is ontworpen voor een veilige en overzichtelijke installatie van doseerpompen. De houder biedt ruimte voor jerrycans tot 25 liter en beschikt over een stevige montageplaat voor het monteren van een doseerpomp. De houder is vervaardigd uit gecoat staal en voorzien van 4 verstelbare stelpoten voor stabiele plaatsing. Dankzij de praktische handgrepen aan de zijkant kan de houder eenvoudig worden verplaatst. De ge\u00efntegreerde lekbak met rooster zorgt ervoor dat eventuele morsingen of lekkages veilig worden opgevangen.","og_url":"https:\/\/dosingpump.shop\/se\/produkt\/kapselhallare-med-droppbricka-for-doseringspump-25l-i-lackerat-stal\/","og_site_name":"Dosing Pump Shop B.V.","article_modified_time":"2026-03-14T20:45:37+00:00","og_image":[{"width":1200,"height":1200,"url":"https:\/\/dosingpump.shop\/wp-content\/uploads\/2026\/03\/Dosing-pump-Jerrcan-with-driptray.png","type":"image\/png"}],"twitter_card":"summary_large_image","twitter_misc":{"Pris":"&euro;495,00","Tillg\u00e4nglig":"I lager"},"schema":{"@context":"https:\/\/schema.org","@graph":[{"@type":"WebPage","@id":"https:\/\/dosingpump.shop\/product\/jerrycan-houder-met-lekbak-voor-doseerpomp-25l-gecoat-staal\/","url":"https:\/\/dosingpump.shop\/product\/jerrycan-houder-met-lekbak-voor-doseerpomp-25l-gecoat-staal\/","name":"Dunkh\u00e5llare med droppbricka f\u00f6r doseringspump - 25L | belagt st\u00e5l - Dosing Pump Shop B.V.","isPartOf":{"@id":"https:\/\/dosingpump.shop\/de\/#website"},"primaryImageOfPage":{"@id":"https:\/\/dosingpump.shop\/product\/jerrycan-houder-met-lekbak-voor-doseerpomp-25l-gecoat-staal\/#primaryimage"},"image":{"@id":"https:\/\/dosingpump.shop\/product\/jerrycan-houder-met-lekbak-voor-doseerpomp-25l-gecoat-staal\/#primaryimage"},"thumbnailUrl":"https:\/\/dosingpump.shop\/wp-content\/uploads\/2026\/03\/Dosing-pump-Jerrcan-with-driptray.png","datePublished":"2026-03-14T20:14:46+00:00","dateModified":"2026-03-14T20:45:37+00:00","breadcrumb":{"@id":"https:\/\/dosingpump.shop\/product\/jerrycan-houder-met-lekbak-voor-doseerpomp-25l-gecoat-staal\/#breadcrumb"},"inLanguage":"sv-SE","potentialAction":[{"@type":"ReadAction","target":["https:\/\/dosingpump.shop\/product\/jerrycan-houder-met-lekbak-voor-doseerpomp-25l-gecoat-staal\/"]}]},{"@type":"ImageObject","inLanguage":"sv-SE","@id":"https:\/\/dosingpump.shop\/product\/jerrycan-houder-met-lekbak-voor-doseerpomp-25l-gecoat-staal\/#primaryimage","url":"https:\/\/dosingpump.shop\/wp-content\/uploads\/2026\/03\/Dosing-pump-Jerrcan-with-driptray.png","contentUrl":"https:\/\/dosingpump.shop\/wp-content\/uploads\/2026\/03\/Dosing-pump-Jerrcan-with-driptray.png","width":1200,"height":1200},{"@type":"BreadcrumbList","@id":"https:\/\/dosingpump.shop\/product\/jerrycan-houder-met-lekbak-voor-doseerpomp-25l-gecoat-staal\/#breadcrumb","itemListElement":[{"@type":"ListItem","position":1,"name":"Home","item":"https:\/\/dosingpump.shop\/"},{"@type":"ListItem","position":2,"name":"Shop","item":"https:\/\/dosingpump.shop\/de\/shop\/"},{"@type":"ListItem","position":3,"name":"Jerrycan houder met lekbak voor doseerpomp \u2013 25L | Gecoat staal"}]},{"@type":"WebSite","@id":"https:\/\/dosingpump.shop\/de\/#website","url":"https:\/\/dosingpump.shop\/de\/","name":"Dosing Pump Shop B.V.","description":"","publisher":{"@id":"https:\/\/dosingpump.shop\/de\/#organization"},"potentialAction":[{"@type":"SearchAction","target":{"@type":"EntryPoint","urlTemplate":"https:\/\/dosingpump.shop\/de\/?s={search_term_string}"},"query-input":{"@type":"PropertyValueSpecification","valueRequired":true,"valueName":"search_term_string"}}],"inLanguage":"sv-SE"},{"@type":"Organization","@id":"https:\/\/dosingpump.shop\/de\/#organization","name":"Dosing Pump Shop B.V.","url":"https:\/\/dosingpump.shop\/de\/","logo":{"@type":"ImageObject","inLanguage":"sv-SE","@id":"https:\/\/dosingpump.shop\/de\/#\/schema\/logo\/image\/","url":"https:\/\/dosingpump.shop\/wp-content\/uploads\/2024\/10\/Dosing-Pump-Shop-logo.png","contentUrl":"https:\/\/dosingpump.shop\/wp-content\/uploads\/2024\/10\/Dosing-Pump-Shop-logo.png","width":350,"height":45,"caption":"Dosing Pump Shop B.V."},"image":{"@id":"https:\/\/dosingpump.shop\/de\/#\/schema\/logo\/image\/"},"sameAs":["https:\/\/linkedin.com\/company\/dosing-pump-shop"]}]},"product_price_amount":"495.00","product_price_currency":"EUR","og_availability":"instock","product_availability":"instock","product_condition":"new"},"_links":{"self":[{"href":"https:\/\/dosingpump.shop\/se\/wp-json\/wp\/v2\/product\/8731","targetHints":{"allow":["GET"]}}],"collection":[{"href":"https:\/\/dosingpump.shop\/se\/wp-json\/wp\/v2\/product"}],"about":[{"href":"https:\/\/dosingpump.shop\/se\/wp-json\/wp\/v2\/types\/product"}],"wp:featuredmedia":[{"embeddable":true,"href":"https:\/\/dosingpump.shop\/se\/wp-json\/wp\/v2\/media\/8749"}],"wp:attachment":[{"href":"https:\/\/dosingpump.shop\/se\/wp-json\/wp\/v2\/media?parent=8731"}],"wp:term":[{"taxonomy":"product_brand","embeddable":true,"href":"https:\/\/dosingpump.shop\/se\/wp-json\/wp\/v2\/product_brand?post=8731"},{"taxonomy":"product_cat","embeddable":true,"href":"https:\/\/dosingpump.shop\/se\/wp-json\/wp\/v2\/product_cat?post=8731"},{"taxonomy":"product_tag","embeddable":true,"href":"https:\/\/dosingpump.shop\/se\/wp-json\/wp\/v2\/product_tag?post=8731"}],"curies":[{"name":"wp","href":"https:\/\/api.w.org\/{rel}","templated":true}]}}